{"id":5863,"date":"2022-02-22T07:36:01","date_gmt":"2022-02-22T07:36:01","guid":{"rendered":"https:\/\/medicinasinc.com\/pl\/?post_type=product&#038;p=5863"},"modified":"2022-03-22T00:44:29","modified_gmt":"2022-03-22T00:44:29","slug":"kup-gamma-hydroksymaslan-ghb-proszek","status":"publish","type":"product","link":"https:\/\/medicinasinc.com\/pl\/product\/kup-gamma-hydroksymaslan-ghb-proszek\/","title":{"rendered":"Kup proszek hydroksyma\u015blanu gamma (GHB)"},"content":{"rendered":"<p>Zakup GHB w proszku przez Internet<\/p>\n<p>Kup GHB w proszku online. GHB to syntetyczny \u015brodek znieczulaj\u0105cy. Jest dost\u0119pny jako przezroczysty p\u0142yn lub proszek i ma lekko s\u0142ony smak. Poniewa\u017c moc jest r\u00f3\u017cna, nie ma czego\u015b takiego jak \u201ebezpieczna dawka\u201d. GBL (gamma-butyrolakton) i 1,4-butanodiol s\u0105 dost\u0119pne w handlu jako alternatywy GHB. S\u0105 one legalnie dost\u0119pne jako rozpuszczalniki czyszcz\u0105ce, a po po\u0142kni\u0119ciu w naturalny spos\u00f3b przekszta\u0142caj\u0105 si\u0119 w GHB.<\/p>\n<p>Gamma butyrolakton stosuje si\u0119 w celu poprawy wynik\u00f3w sportowych, jako\u015bci snu oraz sprawno\u015bci i przyjemno\u015bci seksualnej. Ponadto u\u017cywaj\u0105 go w leczeniu depresji i stresu, wyd\u0142u\u017caniu \u017cycia, promowaniu jasnego my\u015blenia, relaksacji i uwalnianiu hormonu wzrostu. Dodatkowo GBL jest wykorzystywany do redukcji tkanki t\u0142uszczowej i jako budowniczy cia\u0142a lub mi\u0119\u015bni. Niekt\u00f3re osoby u\u017cywaj\u0105 go rekreacyjnie.<\/p>\n<p>GHB lub GBL Chemicals for Research<\/p>\n<p>(alternatywne nazwy: gammahydroksyma\u015blan, p\u0142ynna ekstaza, p\u0142yn X, gammahydroksyma\u015blan)<\/p>\n<p>Zazwyczaj GHB oferowany jest w ma\u0142ych fiolkach jako klarowny p\u0142yn o konsystencji nieco g\u0119stszej ni\u017c woda.<br \/> Dawki podawane s\u0105 w niewielkich ilo\u015bciach, okre\u015blanych jako &#8220;kapsle&#8221; lub &#8220;czapki G&#8221;.<br \/> Chocia\u017c mo\u017cna go spo\u017cywa\u0107 Ca\u0142o\u015b\u0107 zazwyczaj rozcie\u0144cza si\u0119 wod\u0105 lub sokiem i popija.<br \/> GHB nie ma zapachu ani wyczuwalnego posmaku.<br \/> GBL ma \u0142agodny s\u0142ony, chemiczny smak i zapach, kt\u00f3ry mo\u017cna \u0142atwo zamaskowa\u0107 po zmieszaniu z innymi p\u0142ynami . GBL jest silniejsz\u0105 wersj\u0105 leku.<br \/> Ogranicz si\u0119 do bardzo niskich dawek GHB. Jest do\u015b\u0107 silny, a si\u0142a dzia\u0142ania mo\u017ce si\u0119 znacznie r\u00f3\u017cni\u0107 w zale\u017cno\u015bci od partii, nawet w\u015br\u00f3d do\u015bwiadczonych u\u017cytkownik\u00f3w. Zaleca si\u0119 odczekanie pomi\u0119dzy dawkami. Niekt\u00f3re \u017ar\u00f3d\u0142a zalecaj\u0105 odczekanie do dw\u00f3ch godzin mi\u0119dzy dawkami, aby unikn\u0105\u0107 wypr\u00f3\u017cniania.<\/p>\n<p>Skutki GHB<\/p>\n<p>Efekty zaczynaj\u0105 si\u0119 oko\u0142o dwudziestu minut po spo\u017cyciu i mog\u0105 trwa\u0107 do czterech godzin.<br \/> Mniejsze, \u0142agodniejsze ilo\u015bci wywo\u0142uj\u0105 relaksacj\u0119 i spok\u00f3j.<br \/> Je\u015bli przyjmujesz wi\u0119ksze ilo\u015bci, mo\u017cesz odczuwa\u0107 senno\u015b\u0107, zawroty g\u0142owy i dezorientacj\u0119. Dodatkowo mog\u0105 wyst\u0105pi\u0107 nudno\u015bci, wymioty i skurcze mi\u0119\u015bni.<br \/> Mo\u017ce powodowa\u0107 drgawki, utrat\u0119 przytomno\u015bci, \u015bpi\u0105czk\u0119 i trudno\u015bci w oddychaniu<br \/>Mo\u017cliwo\u015b\u0107 zwi\u0119kszenia wzrostu mi\u0119\u015bni u kulturyst\u00f3w<\/p>\n<p>Seks z GHB<\/p>\n<p>Podobnie jak alkohol, zmniejsza zahamowania, jednocze\u015bnie zwi\u0119kszaj\u0105c pewno\u015b\u0107 siebie i towarzysko\u015b\u0107.<br \/>Zwi\u0119kszona wra\u017cliwo\u015b\u0107 dotykowa i wra\u017cliwo\u015b\u0107 na bod\u017ace<br \/>Niekt\u00f3rzy m\u0119\u017cczy\u017ani maj\u0105 silniejsze erekcje.<br \/> do\u015b\u0107 intensywne, cho\u0107 jest to zale\u017cne od dawki<br \/> GHB w nadmiarze mo\u017ce powodowa\u0107 zm\u0119czenie i omdlenia podczas seksu.<br \/> GHB jest okre\u015blany jako lek \u201egwa\u0142tu na randce\u201d, poniewa\u017c zwi\u0119ksza twoj\u0105 ch\u0119\u0107 do uprawiania seksu aktywno\u015bci i os\u0142abia twoj\u0105 zdolno\u015b\u0107 do ustanawiania i dochodzenia granic seksualnych. Szczeg\u00f3lnie wa\u017cne jest potwierdzenie zgody z partnerami, kt\u00f3rzy s\u0105 na G. Utrzymuj kontakt przez ca\u0142\u0105 sesj\u0119 seksualn\u0105. Kontakt seksualny z osob\u0105 nieprzytomn\u0105 mo\u017ce by\u0107 interpretowany jako napa\u015b\u0107 na tle seksualnym.<\/p>\n","protected":false},"excerpt":{"rendered":"<p>Kup gamma-hydroksymas\u0142owy proszek GHB na sprzeda\u017c w Wielkiej Brytanii, Europie, Japonii, Zjednoczonych Emiratach Arabskich, Chinach, Azji od najlepszego hurtowego dostawcy GHB. Gwarantujemy dyskretn\u0105 dostaw\u0119 na ca\u0142ym \u015bwiecie<\/p>\n","protected":false},"featured_media":5873,"comment_status":"open","ping_status":"closed","template":"","meta":[],"product_brand":[],"product_cat":[2014],"product_tag":[4015,4016,4023,4021,4022,4020,4014,4018,4017,4019],"class_list":{"0":"post-5863","1":"product","2":"type-product","3":"status-publish","4":"has-post-thumbnail","6":"product_cat-kup-badania-chemikalia","7":"product_tag-buy-ghb","8":"product_tag-buy-ghb-online","9":"product_tag-buy-ghb-powder","10":"product_tag-cena-kwasu-gamma-hydroksymasowego","11":"product_tag-ghb-na-sprzeda","12":"product_tag-kulturystyka-kwasem-gamma-hydroksymasowym","13":"product_tag-kup-gamma-hydroksysma-c5-9blan-online","14":"product_tag-kwas-gamma-hydroksymasowy-i-hormon-wzrostu","15":"product_tag-lek","16":"product_tag-antydepresant-kwasu-gamma-hydroksymasowego","18":"first","19":"instock","20":"shipping-taxable","21":"purchasable","22":"product-type-variable"},"yoast_head":"<!-- This site is optimized with the Yoast SEO plugin v27.3 - https:\/\/yoast.com\/product\/yoast-seo-wordpress\/ -->\n<title>Kup proszek hydroksyma\u015blanu gamma (GHB) - Best Best Global Meds<\/title>\n<meta name=\"description\" content=\"Kup proszek gamma-hydroksymas\u0142owy GHB na sprzeda\u017c w Wielkiej Brytanii, Europie, Japonii, Zjednoczonych Emiratach Arabskich, Chinach, Azji od najlepszego hurtowego dostawcy GHB. Gwarantujemy dyskretn\u0105 dostaw\u0119 na ca\u0142ym \u015bwiecie\" \/>\n<meta name=\"robots\" content=\"index, follow, max-snippet:-1, max-image-preview:large, max-video-preview:-1\" \/>\n<link rel=\"canonical\" href=\"https:\/\/medicinasinc.com\/pl\/product\/kup-gamma-hydroksymaslan-ghb-proszek\/\" \/>\n<meta property=\"og:locale\" content=\"en_US\" \/>\n<meta property=\"og:type\" content=\"article\" \/>\n<meta property=\"og:title\" content=\"Kup proszek hydroksyma\u015blanu gamma (GHB) - Best Best Global Meds\" \/>\n<meta property=\"og:description\" content=\"Kup proszek gamma-hydroksymas\u0142owy GHB na sprzeda\u017c w Wielkiej Brytanii, Europie, Japonii, Zjednoczonych Emiratach Arabskich, Chinach, Azji od najlepszego hurtowego dostawcy GHB. Gwarantujemy dyskretn\u0105 dostaw\u0119 na ca\u0142ym \u015bwiecie\" \/>\n<meta property=\"og:url\" content=\"https:\/\/medicinasinc.com\/pl\/product\/kup-gamma-hydroksymaslan-ghb-proszek\/\" \/>\n<meta property=\"og:site_name\" content=\"Medicinas Inc\" \/>\n<meta property=\"article:modified_time\" content=\"2022-03-22T00:44:29+00:00\" \/>\n<meta property=\"og:image\" content=\"https:\/\/medicinasinc.com\/pl\/wp-content\/uploads\/sites\/13\/2022\/02\/buy-GHB-powder-1.jpg\" \/>\n\t<meta property=\"og:image:width\" content=\"612\" \/>\n\t<meta property=\"og:image:height\" content=\"408\" \/>\n\t<meta property=\"og:image:type\" content=\"image\/jpeg\" \/>\n<meta name=\"twitter:card\" content=\"summary_large_image\" \/>\n<meta name=\"twitter:label1\" content=\"Est. reading time\" \/>\n\t<meta name=\"twitter:data1\" content=\"2 minutes\" \/>\n<script type=\"application\/ld+json\" class=\"yoast-schema-graph\">{\"@context\":\"https:\\\/\\\/schema.org\",\"@graph\":[{\"@type\":\"WebPage\",\"@id\":\"https:\\\/\\\/medicinasinc.com\\\/pl\\\/product\\\/kup-gamma-hydroksymaslan-ghb-proszek\\\/\",\"url\":\"https:\\\/\\\/medicinasinc.com\\\/pl\\\/product\\\/kup-gamma-hydroksymaslan-ghb-proszek\\\/\",\"name\":\"Kup proszek hydroksyma\u015blanu gamma (GHB) - Best Best Global Meds\",\"isPartOf\":{\"@id\":\"https:\\\/\\\/medicinasinc.com\\\/pl\\\/#website\"},\"primaryImageOfPage\":{\"@id\":\"https:\\\/\\\/medicinasinc.com\\\/pl\\\/product\\\/kup-gamma-hydroksymaslan-ghb-proszek\\\/#primaryimage\"},\"image\":{\"@id\":\"https:\\\/\\\/medicinasinc.com\\\/pl\\\/product\\\/kup-gamma-hydroksymaslan-ghb-proszek\\\/#primaryimage\"},\"thumbnailUrl\":\"https:\\\/\\\/medicinasinc.com\\\/pl\\\/wp-content\\\/uploads\\\/sites\\\/13\\\/2022\\\/02\\\/buy-GHB-powder-1.jpg\",\"datePublished\":\"2022-02-22T07:36:01+00:00\",\"dateModified\":\"2022-03-22T00:44:29+00:00\",\"description\":\"Kup proszek gamma-hydroksymas\u0142owy GHB na sprzeda\u017c w Wielkiej Brytanii, Europie, Japonii, Zjednoczonych Emiratach Arabskich, Chinach, Azji od najlepszego hurtowego dostawcy GHB. Gwarantujemy dyskretn\u0105 dostaw\u0119 na ca\u0142ym \u015bwiecie\",\"breadcrumb\":{\"@id\":\"https:\\\/\\\/medicinasinc.com\\\/pl\\\/product\\\/kup-gamma-hydroksymaslan-ghb-proszek\\\/#breadcrumb\"},\"inLanguage\":\"en-US\",\"potentialAction\":[{\"@type\":\"ReadAction\",\"target\":[\"https:\\\/\\\/medicinasinc.com\\\/pl\\\/product\\\/kup-gamma-hydroksymaslan-ghb-proszek\\\/\"]}]},{\"@type\":\"ImageObject\",\"inLanguage\":\"en-US\",\"@id\":\"https:\\\/\\\/medicinasinc.com\\\/pl\\\/product\\\/kup-gamma-hydroksymaslan-ghb-proszek\\\/#primaryimage\",\"url\":\"https:\\\/\\\/medicinasinc.com\\\/pl\\\/wp-content\\\/uploads\\\/sites\\\/13\\\/2022\\\/02\\\/buy-GHB-powder-1.jpg\",\"contentUrl\":\"https:\\\/\\\/medicinasinc.com\\\/pl\\\/wp-content\\\/uploads\\\/sites\\\/13\\\/2022\\\/02\\\/buy-GHB-powder-1.jpg\",\"width\":612,\"height\":408},{\"@type\":\"BreadcrumbList\",\"@id\":\"https:\\\/\\\/medicinasinc.com\\\/pl\\\/product\\\/kup-gamma-hydroksymaslan-ghb-proszek\\\/#breadcrumb\",\"itemListElement\":[{\"@type\":\"ListItem\",\"position\":1,\"name\":\"Sklep\",\"item\":\"https:\\\/\\\/medicinasinc.com\\\/pl\\\/sklep\\\/\"},{\"@type\":\"ListItem\",\"position\":2,\"name\":\"Kup proszek hydroksyma\u015blanu gamma (GHB)\"}]},{\"@type\":\"WebSite\",\"@id\":\"https:\\\/\\\/medicinasinc.com\\\/pl\\\/#website\",\"url\":\"https:\\\/\\\/medicinasinc.com\\\/pl\\\/\",\"name\":\"Medicinas Inc\",\"description\":\"Health Medical Clinic\",\"potentialAction\":[{\"@type\":\"SearchAction\",\"target\":{\"@type\":\"EntryPoint\",\"urlTemplate\":\"https:\\\/\\\/medicinasinc.com\\\/pl\\\/?s={search_term_string}\"},\"query-input\":{\"@type\":\"PropertyValueSpecification\",\"valueRequired\":true,\"valueName\":\"search_term_string\"}}],\"inLanguage\":\"en-US\"}]}<\/script>\n<!-- \/ Yoast SEO plugin. -->","yoast_head_json":{"title":"Kup proszek hydroksyma\u015blanu gamma (GHB) - Best Best Global Meds","description":"Kup proszek gamma-hydroksymas\u0142owy GHB na sprzeda\u017c w Wielkiej Brytanii, Europie, Japonii, Zjednoczonych Emiratach Arabskich, Chinach, Azji od najlepszego hurtowego dostawcy GHB. Gwarantujemy dyskretn\u0105 dostaw\u0119 na ca\u0142ym \u015bwiecie","robots":{"index":"index","follow":"follow","max-snippet":"max-snippet:-1","max-image-preview":"max-image-preview:large","max-video-preview":"max-video-preview:-1"},"canonical":"https:\/\/medicinasinc.com\/pl\/product\/kup-gamma-hydroksymaslan-ghb-proszek\/","og_locale":"en_US","og_type":"article","og_title":"Kup proszek hydroksyma\u015blanu gamma (GHB) - Best Best Global Meds","og_description":"Kup proszek gamma-hydroksymas\u0142owy GHB na sprzeda\u017c w Wielkiej Brytanii, Europie, Japonii, Zjednoczonych Emiratach Arabskich, Chinach, Azji od najlepszego hurtowego dostawcy GHB. Gwarantujemy dyskretn\u0105 dostaw\u0119 na ca\u0142ym \u015bwiecie","og_url":"https:\/\/medicinasinc.com\/pl\/product\/kup-gamma-hydroksymaslan-ghb-proszek\/","og_site_name":"Medicinas Inc","article_modified_time":"2022-03-22T00:44:29+00:00","og_image":[{"width":612,"height":408,"url":"https:\/\/medicinasinc.com\/pl\/wp-content\/uploads\/sites\/13\/2022\/02\/buy-GHB-powder-1.jpg","type":"image\/jpeg"}],"twitter_card":"summary_large_image","twitter_misc":{"Est. reading time":"2 minutes"},"schema":{"@context":"https:\/\/schema.org","@graph":[{"@type":"WebPage","@id":"https:\/\/medicinasinc.com\/pl\/product\/kup-gamma-hydroksymaslan-ghb-proszek\/","url":"https:\/\/medicinasinc.com\/pl\/product\/kup-gamma-hydroksymaslan-ghb-proszek\/","name":"Kup proszek hydroksyma\u015blanu gamma (GHB) - Best Best Global Meds","isPartOf":{"@id":"https:\/\/medicinasinc.com\/pl\/#website"},"primaryImageOfPage":{"@id":"https:\/\/medicinasinc.com\/pl\/product\/kup-gamma-hydroksymaslan-ghb-proszek\/#primaryimage"},"image":{"@id":"https:\/\/medicinasinc.com\/pl\/product\/kup-gamma-hydroksymaslan-ghb-proszek\/#primaryimage"},"thumbnailUrl":"https:\/\/medicinasinc.com\/pl\/wp-content\/uploads\/sites\/13\/2022\/02\/buy-GHB-powder-1.jpg","datePublished":"2022-02-22T07:36:01+00:00","dateModified":"2022-03-22T00:44:29+00:00","description":"Kup proszek gamma-hydroksymas\u0142owy GHB na sprzeda\u017c w Wielkiej Brytanii, Europie, Japonii, Zjednoczonych Emiratach Arabskich, Chinach, Azji od najlepszego hurtowego dostawcy GHB. Gwarantujemy dyskretn\u0105 dostaw\u0119 na ca\u0142ym \u015bwiecie","breadcrumb":{"@id":"https:\/\/medicinasinc.com\/pl\/product\/kup-gamma-hydroksymaslan-ghb-proszek\/#breadcrumb"},"inLanguage":"en-US","potentialAction":[{"@type":"ReadAction","target":["https:\/\/medicinasinc.com\/pl\/product\/kup-gamma-hydroksymaslan-ghb-proszek\/"]}]},{"@type":"ImageObject","inLanguage":"en-US","@id":"https:\/\/medicinasinc.com\/pl\/product\/kup-gamma-hydroksymaslan-ghb-proszek\/#primaryimage","url":"https:\/\/medicinasinc.com\/pl\/wp-content\/uploads\/sites\/13\/2022\/02\/buy-GHB-powder-1.jpg","contentUrl":"https:\/\/medicinasinc.com\/pl\/wp-content\/uploads\/sites\/13\/2022\/02\/buy-GHB-powder-1.jpg","width":612,"height":408},{"@type":"BreadcrumbList","@id":"https:\/\/medicinasinc.com\/pl\/product\/kup-gamma-hydroksymaslan-ghb-proszek\/#breadcrumb","itemListElement":[{"@type":"ListItem","position":1,"name":"Sklep","item":"https:\/\/medicinasinc.com\/pl\/sklep\/"},{"@type":"ListItem","position":2,"name":"Kup proszek hydroksyma\u015blanu gamma (GHB)"}]},{"@type":"WebSite","@id":"https:\/\/medicinasinc.com\/pl\/#website","url":"https:\/\/medicinasinc.com\/pl\/","name":"Medicinas Inc","description":"Health Medical Clinic","potentialAction":[{"@type":"SearchAction","target":{"@type":"EntryPoint","urlTemplate":"https:\/\/medicinasinc.com\/pl\/?s={search_term_string}"},"query-input":{"@type":"PropertyValueSpecification","valueRequired":true,"valueName":"search_term_string"}}],"inLanguage":"en-US"}]}},"_links":{"self":[{"href":"https:\/\/medicinasinc.com\/pl\/wp-json\/wp\/v2\/product\/5863","targetHints":{"allow":["GET"]}}],"collection":[{"href":"https:\/\/medicinasinc.com\/pl\/wp-json\/wp\/v2\/product"}],"about":[{"href":"https:\/\/medicinasinc.com\/pl\/wp-json\/wp\/v2\/types\/product"}],"replies":[{"embeddable":true,"href":"https:\/\/medicinasinc.com\/pl\/wp-json\/wp\/v2\/comments?post=5863"}],"wp:featuredmedia":[{"embeddable":true,"href":"https:\/\/medicinasinc.com\/pl\/wp-json\/wp\/v2\/media\/5873"}],"wp:attachment":[{"href":"https:\/\/medicinasinc.com\/pl\/wp-json\/wp\/v2\/media?parent=5863"}],"wp:term":[{"taxonomy":"product_brand","embeddable":true,"href":"https:\/\/medicinasinc.com\/pl\/wp-json\/wp\/v2\/product_brand?post=5863"},{"taxonomy":"product_cat","embeddable":true,"href":"https:\/\/medicinasinc.com\/pl\/wp-json\/wp\/v2\/product_cat?post=5863"},{"taxonomy":"product_tag","embeddable":true,"href":"https:\/\/medicinasinc.com\/pl\/wp-json\/wp\/v2\/product_tag?post=5863"}],"curies":[{"name":"wp","href":"https:\/\/api.w.org\/{rel}","templated":true}]}}