{"id":5858,"date":"2022-02-22T07:31:17","date_gmt":"2022-02-22T07:31:17","guid":{"rendered":"https:\/\/medicinasinc.com\/pl\/?post_type=product&#038;p=5858"},"modified":"2022-03-22T00:44:37","modified_gmt":"2022-03-22T00:44:37","slug":"kup-gamma-hydroksymaslan-ghb-ciecz","status":"publish","type":"product","link":"https:\/\/medicinasinc.com\/pl\/product\/kup-gamma-hydroksymaslan-ghb-ciecz\/","title":{"rendered":"Kup hydroksyma\u015blan gamma (GHB) w p\u0142ynie"},"content":{"rendered":"<p>Gamma-hydroksymas\u0142owy GHB do sprzeda\u017cy w Wielkiej Brytanii, Europie, Japonii, Zjednoczonych Emiratach Arabskich, Chinach i Azji od czo\u0142owego hurtowego \u017ar\u00f3d\u0142a GHB. Obiecujemy dyskretn\u0105 wysy\u0142k\u0119 mi\u0119dzynarodow\u0105.<\/p>\n<p>-Kwas hydroksymas\u0142owy (GHB), znany r\u00f3wnie\u017c jako kwas 4-hydroksybutanowy, jest naturalnie wyst\u0119puj\u0105cym neuroprzeka\u017anikiem i substancj\u0105 halucynogenn\u0105. W okre\u015blonych lokalizacjach m\u00f3zgu dzia\u0142a jako prekursor GABA, glutaminianu i glicyny. Jest skromnym agonist\u0105 receptora GABAB i dzia\u0142a na receptor GHB. GHB jest stosowany jako \u015brodek do znieczulenia og\u00f3lnego oraz w leczeniu katapleksji, narkolepsji i alkoholizmu w \u015brodowisku medycznym. Ponadto jest nielegalnie u\u017cywany jako \u015brodek odurzaj\u0105cy, poprawiaj\u0105cy wydajno\u015b\u0107, narkotyk gwa\u0142tu na daktylach i substancja rekreacyjna.<\/p>\n<p>Jest cz\u0119sto u\u017cywany jako s\u00f3l w postaci hydroksyma\u015blanu sodu (NaGHB, s\u00f3d hydroksyma\u015blan lub Xyrem) lub hydroksyma\u015blan potasu (KGHB, hydroksyma\u015blan potasu). GHB powstaje r\u00f3wnie\u017c podczas fermentacji i znajduje si\u0119 w \u015bladowych ilo\u015bciach w r\u00f3\u017cnych piwach i winach, a tak\u017ce w wo\u0142owinie i male\u0144kich owocach cytrusowych.<\/p>\n<p>GHB jest stosowany w medycynie w leczeniu narkolepsji i, rzadziej, alkoholizmu, chocia\u017c jego skuteczno\u015b\u0107 w por\u00f3wnaniu z innymi lekami stosowanymi w leczeniu alkoholizmu pozostaje nieznana.<\/p>\n<p>Czasem jest on stosowany niezgodnie ze wskazaniami w leczeniu fibromialgii.<\/p>\n<p>hydroksyma\u015blan sodu jest lekiem na recept\u0119, kt\u00f3ry zawiera aktywny sk\u0142adnik GHB (Xyrem). Ameryka\u0144ska Agencja ds. \u017bywno\u015bci i Lek\u00f3w zatwierdzi\u0142a hydroksyma\u015blan sodu do leczenia katapleksji zwi\u0105zanej z narkolepsj\u0105 i nadmiernej senno\u015bci w ci\u0105gu dnia (EDS) zwi\u0105zanej z narkolepsj\u0105.<\/p>\n<p>W zmodyfikowanych wielokrotnych testach latencji snu stwierdzono, \u017ce GHB niezawodnie zwi\u0119ksza sen wolnofalowy i zmniejsza sk\u0142onno\u015b\u0107 do snu REM.<\/p>\n<p>Zatwierdzone przez FDA oznakowanie hydroksyma\u015blanu sodu wskazuje, \u017ce nie ma dowod\u00f3w na to, \u017ce GHB jest rakotw\u00f3rczy, teratogenny lub hepatotoksyczny. Jego wy\u017cszy profil bezpiecze\u0144stwa ni\u017c etanol mo\u017ce wyja\u015bnia\u0107, dlaczego GHB jest nadal badany] jako mo\u017cliwy substytut alkoholu.<\/p>\n","protected":false},"excerpt":{"rendered":"<p>Kup p\u0142yn gamma-hydroksymas\u0142owy GHB na sprzeda\u017c w Wielkiej Brytanii, Europie, Japonii, Zjednoczonych Emiratach Arabskich, Chinach, Azji od najlepszego hurtowego dostawcy GHB. Gwarantujemy dyskretn\u0105 dostaw\u0119 na ca\u0142ym \u015bwiecie<\/p>\n<p>Minimalna ilo\u015b\u0107 200 ml<\/p>\n","protected":false},"featured_media":5868,"comment_status":"open","ping_status":"closed","template":"","meta":[],"product_brand":[],"product_cat":[2014],"product_tag":[4015,4016,4021,4022,4020,4014,4018,4017,4019],"class_list":{"0":"post-5858","1":"product","2":"type-product","3":"status-publish","4":"has-post-thumbnail","6":"product_cat-kup-badania-chemikalia","7":"product_tag-buy-ghb","8":"product_tag-buy-ghb-online","9":"product_tag-cena-kwasu-gamma-hydroksymasowego","10":"product_tag-ghb-na-sprzeda","11":"product_tag-kulturystyka-kwasem-gamma-hydroksymasowym","12":"product_tag-kup-gamma-hydroksysma-c5-9blan-online","13":"product_tag-kwas-gamma-hydroksymasowy-i-hormon-wzrostu","14":"product_tag-lek","15":"product_tag-antydepresant-kwasu-gamma-hydroksymasowego","17":"first","18":"instock","19":"shipping-taxable","20":"purchasable","21":"product-type-variable"},"yoast_head":"<!-- This site is optimized with the Yoast SEO plugin v27.3 - https:\/\/yoast.com\/product\/yoast-seo-wordpress\/ -->\n<title>Kup hydroksyma\u015blan gamma (GHB) - najlepsze najlepsze globalne leki<\/title>\n<meta name=\"description\" content=\"Kup Gamma-hydroksymas\u0142owy p\u0142yn GHB na sprzeda\u017c w Wielkiej Brytanii, Europie, Japonii, Zjednoczonych Emiratach Arabskich, Chinach, Azji od najlepszego hurtowego dostawcy GHB, Gwarantujemy dyskretn\u0105 dostaw\u0119 na ca\u0142ym \u015bwiecie\" \/>\n<meta name=\"robots\" content=\"index, follow, max-snippet:-1, max-image-preview:large, max-video-preview:-1\" \/>\n<link rel=\"canonical\" href=\"https:\/\/medicinasinc.com\/pl\/product\/kup-gamma-hydroksymaslan-ghb-ciecz\/\" \/>\n<meta property=\"og:locale\" content=\"en_US\" \/>\n<meta property=\"og:type\" content=\"article\" \/>\n<meta property=\"og:title\" content=\"Kup hydroksyma\u015blan gamma (GHB) - najlepsze najlepsze globalne leki\" \/>\n<meta property=\"og:description\" content=\"Kup Gamma-hydroksymas\u0142owy p\u0142yn GHB na sprzeda\u017c w Wielkiej Brytanii, Europie, Japonii, Zjednoczonych Emiratach Arabskich, Chinach, Azji od najlepszego hurtowego dostawcy GHB, Gwarantujemy dyskretn\u0105 dostaw\u0119 na ca\u0142ym \u015bwiecie\" \/>\n<meta property=\"og:url\" content=\"https:\/\/medicinasinc.com\/pl\/product\/kup-gamma-hydroksymaslan-ghb-ciecz\/\" \/>\n<meta property=\"og:site_name\" content=\"Medicinas Inc\" \/>\n<meta property=\"article:modified_time\" content=\"2022-03-22T00:44:37+00:00\" \/>\n<meta property=\"og:image\" content=\"https:\/\/medicinasinc.com\/pl\/wp-content\/uploads\/sites\/13\/2022\/02\/Buy-gamma-hydroxybutyrate.jpg\" \/>\n\t<meta property=\"og:image:width\" content=\"600\" \/>\n\t<meta property=\"og:image:height\" content=\"450\" \/>\n\t<meta property=\"og:image:type\" content=\"image\/jpeg\" \/>\n<meta name=\"twitter:card\" content=\"summary_large_image\" \/>\n<meta name=\"twitter:label1\" content=\"Est. reading time\" \/>\n\t<meta name=\"twitter:data1\" content=\"2 minutes\" \/>\n<script type=\"application\/ld+json\" class=\"yoast-schema-graph\">{\"@context\":\"https:\\\/\\\/schema.org\",\"@graph\":[{\"@type\":\"WebPage\",\"@id\":\"https:\\\/\\\/medicinasinc.com\\\/pl\\\/product\\\/kup-gamma-hydroksymaslan-ghb-ciecz\\\/\",\"url\":\"https:\\\/\\\/medicinasinc.com\\\/pl\\\/product\\\/kup-gamma-hydroksymaslan-ghb-ciecz\\\/\",\"name\":\"Kup hydroksyma\u015blan gamma (GHB) - najlepsze najlepsze globalne leki\",\"isPartOf\":{\"@id\":\"https:\\\/\\\/medicinasinc.com\\\/pl\\\/#website\"},\"primaryImageOfPage\":{\"@id\":\"https:\\\/\\\/medicinasinc.com\\\/pl\\\/product\\\/kup-gamma-hydroksymaslan-ghb-ciecz\\\/#primaryimage\"},\"image\":{\"@id\":\"https:\\\/\\\/medicinasinc.com\\\/pl\\\/product\\\/kup-gamma-hydroksymaslan-ghb-ciecz\\\/#primaryimage\"},\"thumbnailUrl\":\"https:\\\/\\\/medicinasinc.com\\\/pl\\\/wp-content\\\/uploads\\\/sites\\\/13\\\/2022\\\/02\\\/Buy-gamma-hydroxybutyrate.jpg\",\"datePublished\":\"2022-02-22T07:31:17+00:00\",\"dateModified\":\"2022-03-22T00:44:37+00:00\",\"description\":\"Kup Gamma-hydroksymas\u0142owy p\u0142yn GHB na sprzeda\u017c w Wielkiej Brytanii, Europie, Japonii, Zjednoczonych Emiratach Arabskich, Chinach, Azji od najlepszego hurtowego dostawcy GHB, Gwarantujemy dyskretn\u0105 dostaw\u0119 na ca\u0142ym \u015bwiecie\",\"breadcrumb\":{\"@id\":\"https:\\\/\\\/medicinasinc.com\\\/pl\\\/product\\\/kup-gamma-hydroksymaslan-ghb-ciecz\\\/#breadcrumb\"},\"inLanguage\":\"en-US\",\"potentialAction\":[{\"@type\":\"ReadAction\",\"target\":[\"https:\\\/\\\/medicinasinc.com\\\/pl\\\/product\\\/kup-gamma-hydroksymaslan-ghb-ciecz\\\/\"]}]},{\"@type\":\"ImageObject\",\"inLanguage\":\"en-US\",\"@id\":\"https:\\\/\\\/medicinasinc.com\\\/pl\\\/product\\\/kup-gamma-hydroksymaslan-ghb-ciecz\\\/#primaryimage\",\"url\":\"https:\\\/\\\/medicinasinc.com\\\/pl\\\/wp-content\\\/uploads\\\/sites\\\/13\\\/2022\\\/02\\\/Buy-gamma-hydroxybutyrate.jpg\",\"contentUrl\":\"https:\\\/\\\/medicinasinc.com\\\/pl\\\/wp-content\\\/uploads\\\/sites\\\/13\\\/2022\\\/02\\\/Buy-gamma-hydroxybutyrate.jpg\",\"width\":600,\"height\":450},{\"@type\":\"BreadcrumbList\",\"@id\":\"https:\\\/\\\/medicinasinc.com\\\/pl\\\/product\\\/kup-gamma-hydroksymaslan-ghb-ciecz\\\/#breadcrumb\",\"itemListElement\":[{\"@type\":\"ListItem\",\"position\":1,\"name\":\"Sklep\",\"item\":\"https:\\\/\\\/medicinasinc.com\\\/pl\\\/sklep\\\/\"},{\"@type\":\"ListItem\",\"position\":2,\"name\":\"Kup hydroksyma\u015blan gamma (GHB) w p\u0142ynie\"}]},{\"@type\":\"WebSite\",\"@id\":\"https:\\\/\\\/medicinasinc.com\\\/pl\\\/#website\",\"url\":\"https:\\\/\\\/medicinasinc.com\\\/pl\\\/\",\"name\":\"Medicinas Inc\",\"description\":\"Health Medical Clinic\",\"potentialAction\":[{\"@type\":\"SearchAction\",\"target\":{\"@type\":\"EntryPoint\",\"urlTemplate\":\"https:\\\/\\\/medicinasinc.com\\\/pl\\\/?s={search_term_string}\"},\"query-input\":{\"@type\":\"PropertyValueSpecification\",\"valueRequired\":true,\"valueName\":\"search_term_string\"}}],\"inLanguage\":\"en-US\"}]}<\/script>\n<!-- \/ Yoast SEO plugin. -->","yoast_head_json":{"title":"Kup hydroksyma\u015blan gamma (GHB) - najlepsze najlepsze globalne leki","description":"Kup Gamma-hydroksymas\u0142owy p\u0142yn GHB na sprzeda\u017c w Wielkiej Brytanii, Europie, Japonii, Zjednoczonych Emiratach Arabskich, Chinach, Azji od najlepszego hurtowego dostawcy GHB, Gwarantujemy dyskretn\u0105 dostaw\u0119 na ca\u0142ym \u015bwiecie","robots":{"index":"index","follow":"follow","max-snippet":"max-snippet:-1","max-image-preview":"max-image-preview:large","max-video-preview":"max-video-preview:-1"},"canonical":"https:\/\/medicinasinc.com\/pl\/product\/kup-gamma-hydroksymaslan-ghb-ciecz\/","og_locale":"en_US","og_type":"article","og_title":"Kup hydroksyma\u015blan gamma (GHB) - najlepsze najlepsze globalne leki","og_description":"Kup Gamma-hydroksymas\u0142owy p\u0142yn GHB na sprzeda\u017c w Wielkiej Brytanii, Europie, Japonii, Zjednoczonych Emiratach Arabskich, Chinach, Azji od najlepszego hurtowego dostawcy GHB, Gwarantujemy dyskretn\u0105 dostaw\u0119 na ca\u0142ym \u015bwiecie","og_url":"https:\/\/medicinasinc.com\/pl\/product\/kup-gamma-hydroksymaslan-ghb-ciecz\/","og_site_name":"Medicinas Inc","article_modified_time":"2022-03-22T00:44:37+00:00","og_image":[{"width":600,"height":450,"url":"https:\/\/medicinasinc.com\/pl\/wp-content\/uploads\/sites\/13\/2022\/02\/Buy-gamma-hydroxybutyrate.jpg","type":"image\/jpeg"}],"twitter_card":"summary_large_image","twitter_misc":{"Est. reading time":"2 minutes"},"schema":{"@context":"https:\/\/schema.org","@graph":[{"@type":"WebPage","@id":"https:\/\/medicinasinc.com\/pl\/product\/kup-gamma-hydroksymaslan-ghb-ciecz\/","url":"https:\/\/medicinasinc.com\/pl\/product\/kup-gamma-hydroksymaslan-ghb-ciecz\/","name":"Kup hydroksyma\u015blan gamma (GHB) - najlepsze najlepsze globalne leki","isPartOf":{"@id":"https:\/\/medicinasinc.com\/pl\/#website"},"primaryImageOfPage":{"@id":"https:\/\/medicinasinc.com\/pl\/product\/kup-gamma-hydroksymaslan-ghb-ciecz\/#primaryimage"},"image":{"@id":"https:\/\/medicinasinc.com\/pl\/product\/kup-gamma-hydroksymaslan-ghb-ciecz\/#primaryimage"},"thumbnailUrl":"https:\/\/medicinasinc.com\/pl\/wp-content\/uploads\/sites\/13\/2022\/02\/Buy-gamma-hydroxybutyrate.jpg","datePublished":"2022-02-22T07:31:17+00:00","dateModified":"2022-03-22T00:44:37+00:00","description":"Kup Gamma-hydroksymas\u0142owy p\u0142yn GHB na sprzeda\u017c w Wielkiej Brytanii, Europie, Japonii, Zjednoczonych Emiratach Arabskich, Chinach, Azji od najlepszego hurtowego dostawcy GHB, Gwarantujemy dyskretn\u0105 dostaw\u0119 na ca\u0142ym \u015bwiecie","breadcrumb":{"@id":"https:\/\/medicinasinc.com\/pl\/product\/kup-gamma-hydroksymaslan-ghb-ciecz\/#breadcrumb"},"inLanguage":"en-US","potentialAction":[{"@type":"ReadAction","target":["https:\/\/medicinasinc.com\/pl\/product\/kup-gamma-hydroksymaslan-ghb-ciecz\/"]}]},{"@type":"ImageObject","inLanguage":"en-US","@id":"https:\/\/medicinasinc.com\/pl\/product\/kup-gamma-hydroksymaslan-ghb-ciecz\/#primaryimage","url":"https:\/\/medicinasinc.com\/pl\/wp-content\/uploads\/sites\/13\/2022\/02\/Buy-gamma-hydroxybutyrate.jpg","contentUrl":"https:\/\/medicinasinc.com\/pl\/wp-content\/uploads\/sites\/13\/2022\/02\/Buy-gamma-hydroxybutyrate.jpg","width":600,"height":450},{"@type":"BreadcrumbList","@id":"https:\/\/medicinasinc.com\/pl\/product\/kup-gamma-hydroksymaslan-ghb-ciecz\/#breadcrumb","itemListElement":[{"@type":"ListItem","position":1,"name":"Sklep","item":"https:\/\/medicinasinc.com\/pl\/sklep\/"},{"@type":"ListItem","position":2,"name":"Kup hydroksyma\u015blan gamma (GHB) w p\u0142ynie"}]},{"@type":"WebSite","@id":"https:\/\/medicinasinc.com\/pl\/#website","url":"https:\/\/medicinasinc.com\/pl\/","name":"Medicinas Inc","description":"Health Medical Clinic","potentialAction":[{"@type":"SearchAction","target":{"@type":"EntryPoint","urlTemplate":"https:\/\/medicinasinc.com\/pl\/?s={search_term_string}"},"query-input":{"@type":"PropertyValueSpecification","valueRequired":true,"valueName":"search_term_string"}}],"inLanguage":"en-US"}]}},"_links":{"self":[{"href":"https:\/\/medicinasinc.com\/pl\/wp-json\/wp\/v2\/product\/5858","targetHints":{"allow":["GET"]}}],"collection":[{"href":"https:\/\/medicinasinc.com\/pl\/wp-json\/wp\/v2\/product"}],"about":[{"href":"https:\/\/medicinasinc.com\/pl\/wp-json\/wp\/v2\/types\/product"}],"replies":[{"embeddable":true,"href":"https:\/\/medicinasinc.com\/pl\/wp-json\/wp\/v2\/comments?post=5858"}],"wp:featuredmedia":[{"embeddable":true,"href":"https:\/\/medicinasinc.com\/pl\/wp-json\/wp\/v2\/media\/5868"}],"wp:attachment":[{"href":"https:\/\/medicinasinc.com\/pl\/wp-json\/wp\/v2\/media?parent=5858"}],"wp:term":[{"taxonomy":"product_brand","embeddable":true,"href":"https:\/\/medicinasinc.com\/pl\/wp-json\/wp\/v2\/product_brand?post=5858"},{"taxonomy":"product_cat","embeddable":true,"href":"https:\/\/medicinasinc.com\/pl\/wp-json\/wp\/v2\/product_cat?post=5858"},{"taxonomy":"product_tag","embeddable":true,"href":"https:\/\/medicinasinc.com\/pl\/wp-json\/wp\/v2\/product_tag?post=5858"}],"curies":[{"name":"wp","href":"https:\/\/api.w.org\/{rel}","templated":true}]}}