{"id":5852,"date":"2022-02-22T07:25:44","date_gmt":"2022-02-22T07:25:44","guid":{"rendered":"https:\/\/medicinasinc.com\/pl\/?post_type=product&#038;p=5852"},"modified":"2022-03-22T00:44:47","modified_gmt":"2022-03-22T00:44:47","slug":"kup-amfetamine-proszek","status":"publish","type":"product","link":"https:\/\/medicinasinc.com\/pl\/product\/kup-amfetamine-proszek\/","title":{"rendered":"Kup proszek amfetaminy"},"content":{"rendered":"<p>Amfetamin\u0119 w proszku mo\u017cna kupi\u0107 online.<\/p>\n<p>Amfetamin\u0119 w proszku online w Wielkiej Brytanii, Europie i Unii Europejskiej. mi\u0119dzy m\u00f3zgiem a cia\u0142em.<\/p>\n<p>Amfetamina to leki pobudzaj\u0105ce, kt\u00f3re przyspieszaj\u0105 przekazywanie informacji mi\u0119dzy m\u00f3zgiem a cia\u0142em.<\/p>\n<p>Mo\u017cesz r\u00f3wnie\u017c zainteresowa\u0107 si\u0119 dodatkowymi informacjami na temat skutk\u00f3w i zagro\u017cenia dla zdrowia zwi\u0105zane z proszkiem amfetaminy. Mo\u017ce objawia\u0107 si\u0119 w taki sam spos\u00f3b, jak wiele innych lek\u00f3w.<\/p>\n<p>Niekt\u00f3re klasy amfetamin s\u0105 legalnie zalecane przez lekarzy do leczenia chor\u00f3b, takich jak zesp\u00f3\u0142 nadpobudliwo\u015bci psychoruchowej z deficytem uwagi (ADHD) i narkolepsja (w przypadku ma niekontrolowan\u0105 potrzeb\u0119 spania). Inne rodzaje amfetaminy, takie jak speed, s\u0105 nielegalnie produkowane i sprzedawane. Osobny arkusz informacyjny po\u015bwi\u0119cony jest silniejszej postaci metamfetaminy, metamfetaminie krystalicznej (l\u00f3d).<\/p>\n<p>Amfetaminy wyst\u0119puj\u0105 w r\u00f3\u017cnych postaciach. Leki te s\u0105 dost\u0119pne w postaci proszku, tabletek, kryszta\u0142\u00f3w i kapsu\u0142ek. Sprzedawane nielegalnie mog\u0105 by\u0107 pakowane w \u201efolie\u201d (folia aluminiowa), plastikowe torby lub miniaturowe balony.<\/p>\n<p>Proszek amfetaminy ma kolor od bia\u0142ego do br\u0105zowego, a czasami zawiera \u015blady szaro\u015bci lub r\u00f3\u017cu. Ma ostry aromat i gorzki smak. Kapsu\u0142ki i tabletki zawieraj\u0105ce amfetaminy r\u00f3\u017cni\u0105 si\u0119 znacznie rozmiarem i kolorem.<\/p>\n<p>Amfetamina \u2013 Nielegalnie produkowane amfetaminy mog\u0105 zawiera\u0107 kombinacj\u0119 lek\u00f3w, \u015brodk\u00f3w wi\u0105\u017c\u0105cych, kofeiny i cukru. Dodatkowo mo\u017cna doda\u0107 nowe leki psychoaktywne.<\/p>\n<p>Terminy \u017cargonowe<\/p>\n<p>Szybko\u015b\u0107, szybko\u015b\u0107, wznoszenie, cholewki, lupa, p\u0142ynna i \u015bwist.<\/p>\n<p>W jakim celu s\u0142u\u017c\u0105?<\/p>\n<p>Zazwyczaj amfetaminy s\u0105 spo\u017cywane, wstrzykiwane lub palone. Dodatkowo s\u0105 wci\u0105gane nosem.<\/p>\n<p>Dzia\u0142anie amfetaminy<\/p>\n<p>Amfetamina ma zmienny wp\u0142yw na ka\u017cd\u0105 osob\u0119, w zale\u017cno\u015bci od:<\/p>\n<p>Wska\u017anika masy cia\u0142a, wagi i stanu zdrowia <br \/> Czy dana osoba jest przyzwyczajona do jego za\u017cywania<br \/> Czy inne leki s\u0105 przyjmowane jednocze\u015bnie<br \/> Kwota wycofana<br \/> Si\u0142a dzia\u0142ania leku (r\u00f3\u017cna w zale\u017cno\u015bci od partii z nielegalnie produkowanymi lekami)<\/p>\n<p>Amfetamina wywiera swoje dzia\u0142anie natychmiast (czy to wstrzykiwana, czy palona) lub w ci\u0105gu 30 minut (je\u015bli jest wci\u0105gana lub po\u0142kni\u0119ta).<\/p>\n<p>Mog\u0105 wyst\u0105pi\u0107 nast\u0119puj\u0105ce skutki:<\/p>\n<p>Szcz\u0119\u015bcie i poczucie w\u0142asnej warto\u015bci -zapewnienie<br \/>wi\u0119cej m\u00f3wienia i odczuwanie wi\u0119kszej energii<br \/>powtarzanie prostych czynno\u015bci, takich jak sw\u0119dzenie i drapanie<br \/>du\u017ce \u017arenice i sucho\u015b\u0107 w ustach<br \/>szybkie bicie serca i oddychanie<br \/>zgrzytanie z\u0119bami <br \/> T\u0142umienie apetytu<br \/> Nadmierne pocenie si\u0119<br \/> Zwi\u0119kszone podniecenie seksualne<br \/> Przedawkowanie<\/p>\n<p>W przypadku spo\u017cycia znacznej lub szczeg\u00f3lnie silnej porcji mo\u017ce to r\u00f3wnie\u017c spowodowa\u0107 przedawkowanie. Je\u015bli wyst\u0105pi kt\u00f3rykolwiek z poni\u017cszych objaw\u00f3w, karetk\u0119 nale\u017cy natychmiast wezwa\u0107, wybieraj\u0105c potr\u00f3jne zero (000). Funkcjonariusze pogotowia nie musz\u0105 konsultowa\u0107 si\u0119 z policj\u0105.<\/p>\n<p>Dopasowuje si\u0119 do szybszego bicia serca<br \/> Udar, zawa\u0142 serca i \u015bmier\u0107<\/p>\n<p>Wdychanie amfetaminy mo\u017ce podra\u017cnia\u0107 przewody nosowe i powodowa\u0107 krwawienia z nosa.<\/p>\n<p>Wstrzykiwanie amfetaminy i u\u017cywanie wsp\u00f3lnych igie\u0142 mo\u017ce zwi\u0119kszy\u0107 ryzyko zara\u017cenia si\u0119 nast\u0119puj\u0105cymi chorobami:<\/p>\n<p>Wirusowe zapalenie w\u0105troby typu B<br \/> HIV\/AIDS Zapalenie w\u0105troby typu C<br \/> T\u0119\u017cec<br \/> Opadanie<\/p>\n<p>Po za\u017cyciu amfetaminy mog\u0105 wyst\u0105pi\u0107 nast\u0119puj\u0105ce efekty:<\/p>\n<p>Bezsenno\u015b\u0107 i wyczerpanie<br \/>B\u00f3le g\u0142owy<br \/> Dezorientacja i niewyra\u017ane widzenie<br \/> Spl\u0105tanie, paranoja, i halucynacje<br \/> Dra\u017cliwo\u015b\u0107, wahania nastroju i depresja to objawy depresji.<\/p>\n<p>U\u017cywanie \u015brodk\u00f3w depresyjnych, takich jak alkohol, benzodiazepiny lub konopie indyjskie, w celu wspomagania procesu \u201eusypiania\u201d mo\u017ce zako\u0144czy\u0107 si\u0119 cykl uzale\u017cnienia od obu rodzaj\u00f3w substancji.<\/p>\n<p>D\u0142ugofalowe konsekwencje<\/p>\n<p>Regularne za\u017cywanie amfetaminy mo\u017ce ostatecznie skutkowa\u0107:<\/p>\n<p>T\u0142umieniem apetytu i szybka utrata wagi<br \/> Bezsenno\u015b\u0107 sen<br \/> Problemy z z\u0119bami i sucho\u015b\u0107 w ustach<br \/> Przezi\u0119bienia i grypa s\u0105 cz\u0119ste.<br \/> Trudno\u015bci z koncentracj\u0105<br \/> Trudno\u015bci z oddychaniem<br \/> Sztywno\u015b\u0107 mi\u0119\u015bni<br \/> Ataki paniki i paranoja<br \/> Depresja<br \/> Problemy sercowo-naczyniowe i nerkowe<br \/> Zwi\u0119kszone ryzyko udaru<br \/> Konieczno\u015b\u0107 u\u017cycia wi\u0119kszej ilo\u015bci \u015brodk\u00f3w, aby osi\u0105gn\u0105\u0107 po\u017c\u0105dany efekt<br \/> Uzale\u017cnienie od amfetaminy<br \/> Trudno\u015bci finansowe, zawodowe i spo\u0142eczne<br \/> Psychoza spowodowane przez amfetaminy<\/p>\n<p>Ponadto, wysokie dawki i wielokrotne intensywne u\u017cywanie mo\u017ce skutkowa\u0107 \u201epsychoz\u0105 amfetaminow\u0105\u201d, kt\u00f3ra charakteryzuje si\u0119 paranoidalnymi urojeniami, halucynacjami i nietypowym agresywnym lub gwa\u0142townym zachowaniem. Objawy te cz\u0119sto ust\u0119puj\u0105 w ci\u0105gu kilku dni od zaprzestania za\u017cywania amfetaminy.<\/p>\n<p>Amfetamina w po\u0142\u0105czeniu z innymi lekami<\/p>\n<p>Interakcje mi\u0119dzy amfetaminami a innymi substancjami, takimi jak leki dost\u0119pne na recept\u0119 lub na recept\u0119 mog\u0105 by\u0107 nieprzewidywalne i \u015bmiertelne, a ich skutkiem mog\u0105 by\u0107:<\/p>\n<p>Amfetaminy i niekt\u00f3re leki przeciwdepresyjne powoduj\u0105 nadci\u015bnienie, kt\u00f3re mo\u017ce skutkowa\u0107 nieregularnym t\u0119tnem, niewydolno\u015bci\u0105 serca i udarem m\u00f3zgu.<\/p>\n<p>4<\/p>\n<p>Amfetamina za\u017cywana z alkoholem, konopiami lub benzodiazepinami nara\u017ca organizm na ekstremalny stres, poniewa\u017c stara si\u0119 radzi\u0107 sobie ze sprzecznymi skutkami tych dw\u00f3ch lek\u00f3w, co mo\u017ce skutkowa\u0107 przedawkowaniem.<\/p>\n<p>Odstawienie<\/p>\n<p>Rezygnacja z amfetaminy po d\u0142u\u017cszym okresie u\u017cywania jest trudna, poniewa\u017c organizm musi przystosowa\u0107 si\u0119 do dzia\u0142ania bez nich. Objawy odstawienia powinny ust\u0105pi\u0107 w ci\u0105gu tygodnia i powinny ust\u0105pi\u0107 ca\u0142kowicie po miesi\u0105cu. Do objaw\u00f3w nale\u017c\u0105:<\/p>\n<p>G\u0142\u00f3d amfetaminy<br \/>Pobudzenie apetytu<br \/>Zak\u0142opotanie i podra\u017cnienie<br \/>Siniaki i b\u00f3le<br \/>Wyczerpanie<br \/>Bezsenno\u015b\u0107 i koszmary senne<br \/> Zaburzenia afektywne, takie jak l\u0119k, depresja i paranoja<\/p>\n","protected":false},"excerpt":{"rendered":"<p>Kup amfetamin\u0119 w proszku na sprzeda\u017c w Wielkiej Brytanii, Europie tanie generyczne i markowe pigu\u0142ki w Sapporo. Mo\u017cesz kupi\u0107 proszek amfetaminy na sprzeda\u017c online za pomoc\u0105 Bitcoin (BTC)<\/p>\n<p>Proszek amfetaminy jest silnym stymulantem o\u015brodkowego uk\u0142adu nerwowego (neurony m\u00f3zgu i rdzenia kr\u0119gowego) i jest stosowany w medycynie w leczeniu r\u00f3\u017cnych schorze\u0144. Dodatkowo jest bardzo uzale\u017cniaj\u0105cy i ma histori\u0119 nadu\u017cywania.<\/p>\n<p>Amfetamina w proszku to lek na recept\u0119, kt\u00f3ry jest stosowany w leczeniu zespo\u0142u nadpobudliwo\u015bci psychoruchowej z deficytem uwagi (ADHD).<\/p>\n","protected":false},"featured_media":5862,"comment_status":"open","ping_status":"closed","template":"","meta":[],"product_brand":[],"product_cat":[2014,703],"product_tag":[4007,4009,4013,4011,4012,4010,4008],"class_list":{"0":"post-5852","1":"product","2":"type-product","3":"status-publish","4":"has-post-thumbnail","6":"product_cat-kup-badania-chemikalia","7":"product_cat-kup-psychedeliki-leki","8":"product_tag-proszek-amfetaminy","9":"product_tag-buy-amphetamine-powder-online","10":"product_tag-gdzie-kupi-amfetamin-proszek-online","11":"product_tag-kup-amfetamin-proszek-online","12":"product_tag-najlepsze-miejsce-do-kupowania-amfetaminy-w-proszku-online","13":"product_tag-order-amphetamine-powder-online","14":"product_tag-amfetamina-proszek-sprzedam","16":"first","17":"instock","18":"shipping-taxable","19":"purchasable","20":"product-type-variable"},"yoast_head":"<!-- This site is optimized with the Yoast SEO plugin v27.3 - https:\/\/yoast.com\/product\/yoast-seo-wordpress\/ -->\n<title>Kup proszek amfetaminy - najlepsze najlepsze globalne leki<\/title>\n<meta name=\"description\" content=\"Kup proszek amfetaminy na sprzeda\u017c w Wielkiej Brytanii, Europie tanie pigu\u0142ki generyczne i markowe w Sapporo, mo\u017cesz zam\u00f3wi\u0107 proszek amfetaminy na sprzeda\u017c online, u\u017cywaj\u0105c Bitcoin (BTC)\" \/>\n<meta name=\"robots\" content=\"index, follow, max-snippet:-1, max-image-preview:large, max-video-preview:-1\" \/>\n<link rel=\"canonical\" href=\"https:\/\/medicinasinc.com\/pl\/product\/kup-amfetamine-proszek\/\" \/>\n<meta property=\"og:locale\" content=\"en_US\" \/>\n<meta property=\"og:type\" content=\"article\" \/>\n<meta property=\"og:title\" content=\"Kup proszek amfetaminy - najlepsze najlepsze globalne leki\" \/>\n<meta property=\"og:description\" content=\"Kup proszek amfetaminy na sprzeda\u017c w Wielkiej Brytanii, Europie tanie pigu\u0142ki generyczne i markowe w Sapporo, mo\u017cesz zam\u00f3wi\u0107 proszek amfetaminy na sprzeda\u017c online, u\u017cywaj\u0105c Bitcoin (BTC)\" \/>\n<meta property=\"og:url\" content=\"https:\/\/medicinasinc.com\/pl\/product\/kup-amfetamine-proszek\/\" \/>\n<meta property=\"og:site_name\" content=\"Medicinas Inc\" \/>\n<meta property=\"article:modified_time\" content=\"2022-03-22T00:44:47+00:00\" \/>\n<meta property=\"og:image\" content=\"https:\/\/medicinasinc.com\/pl\/wp-content\/uploads\/sites\/13\/2022\/02\/Buy-Amphetamine-Powder.png\" \/>\n\t<meta property=\"og:image:width\" content=\"412\" \/>\n\t<meta property=\"og:image:height\" content=\"550\" \/>\n\t<meta property=\"og:image:type\" content=\"image\/png\" \/>\n<meta name=\"twitter:card\" content=\"summary_large_image\" \/>\n<meta name=\"twitter:label1\" content=\"Est. reading time\" \/>\n\t<meta name=\"twitter:data1\" content=\"4 minutes\" \/>\n<script type=\"application\/ld+json\" class=\"yoast-schema-graph\">{\"@context\":\"https:\\\/\\\/schema.org\",\"@graph\":[{\"@type\":\"WebPage\",\"@id\":\"https:\\\/\\\/medicinasinc.com\\\/pl\\\/product\\\/kup-amfetamine-proszek\\\/\",\"url\":\"https:\\\/\\\/medicinasinc.com\\\/pl\\\/product\\\/kup-amfetamine-proszek\\\/\",\"name\":\"Kup proszek amfetaminy - najlepsze najlepsze globalne leki\",\"isPartOf\":{\"@id\":\"https:\\\/\\\/medicinasinc.com\\\/pl\\\/#website\"},\"primaryImageOfPage\":{\"@id\":\"https:\\\/\\\/medicinasinc.com\\\/pl\\\/product\\\/kup-amfetamine-proszek\\\/#primaryimage\"},\"image\":{\"@id\":\"https:\\\/\\\/medicinasinc.com\\\/pl\\\/product\\\/kup-amfetamine-proszek\\\/#primaryimage\"},\"thumbnailUrl\":\"https:\\\/\\\/medicinasinc.com\\\/pl\\\/wp-content\\\/uploads\\\/sites\\\/13\\\/2022\\\/02\\\/Buy-Amphetamine-Powder.png\",\"datePublished\":\"2022-02-22T07:25:44+00:00\",\"dateModified\":\"2022-03-22T00:44:47+00:00\",\"description\":\"Kup proszek amfetaminy na sprzeda\u017c w Wielkiej Brytanii, Europie tanie pigu\u0142ki generyczne i markowe w Sapporo, mo\u017cesz zam\u00f3wi\u0107 proszek amfetaminy na sprzeda\u017c online, u\u017cywaj\u0105c Bitcoin (BTC)\",\"breadcrumb\":{\"@id\":\"https:\\\/\\\/medicinasinc.com\\\/pl\\\/product\\\/kup-amfetamine-proszek\\\/#breadcrumb\"},\"inLanguage\":\"en-US\",\"potentialAction\":[{\"@type\":\"ReadAction\",\"target\":[\"https:\\\/\\\/medicinasinc.com\\\/pl\\\/product\\\/kup-amfetamine-proszek\\\/\"]}]},{\"@type\":\"ImageObject\",\"inLanguage\":\"en-US\",\"@id\":\"https:\\\/\\\/medicinasinc.com\\\/pl\\\/product\\\/kup-amfetamine-proszek\\\/#primaryimage\",\"url\":\"https:\\\/\\\/medicinasinc.com\\\/pl\\\/wp-content\\\/uploads\\\/sites\\\/13\\\/2022\\\/02\\\/Buy-Amphetamine-Powder.png\",\"contentUrl\":\"https:\\\/\\\/medicinasinc.com\\\/pl\\\/wp-content\\\/uploads\\\/sites\\\/13\\\/2022\\\/02\\\/Buy-Amphetamine-Powder.png\",\"width\":412,\"height\":550},{\"@type\":\"BreadcrumbList\",\"@id\":\"https:\\\/\\\/medicinasinc.com\\\/pl\\\/product\\\/kup-amfetamine-proszek\\\/#breadcrumb\",\"itemListElement\":[{\"@type\":\"ListItem\",\"position\":1,\"name\":\"Sklep\",\"item\":\"https:\\\/\\\/medicinasinc.com\\\/pl\\\/sklep\\\/\"},{\"@type\":\"ListItem\",\"position\":2,\"name\":\"Kup proszek amfetaminy\"}]},{\"@type\":\"WebSite\",\"@id\":\"https:\\\/\\\/medicinasinc.com\\\/pl\\\/#website\",\"url\":\"https:\\\/\\\/medicinasinc.com\\\/pl\\\/\",\"name\":\"Medicinas Inc\",\"description\":\"Health Medical Clinic\",\"potentialAction\":[{\"@type\":\"SearchAction\",\"target\":{\"@type\":\"EntryPoint\",\"urlTemplate\":\"https:\\\/\\\/medicinasinc.com\\\/pl\\\/?s={search_term_string}\"},\"query-input\":{\"@type\":\"PropertyValueSpecification\",\"valueRequired\":true,\"valueName\":\"search_term_string\"}}],\"inLanguage\":\"en-US\"}]}<\/script>\n<!-- \/ Yoast SEO plugin. -->","yoast_head_json":{"title":"Kup proszek amfetaminy - najlepsze najlepsze globalne leki","description":"Kup proszek amfetaminy na sprzeda\u017c w Wielkiej Brytanii, Europie tanie pigu\u0142ki generyczne i markowe w Sapporo, mo\u017cesz zam\u00f3wi\u0107 proszek amfetaminy na sprzeda\u017c online, u\u017cywaj\u0105c Bitcoin (BTC)","robots":{"index":"index","follow":"follow","max-snippet":"max-snippet:-1","max-image-preview":"max-image-preview:large","max-video-preview":"max-video-preview:-1"},"canonical":"https:\/\/medicinasinc.com\/pl\/product\/kup-amfetamine-proszek\/","og_locale":"en_US","og_type":"article","og_title":"Kup proszek amfetaminy - najlepsze najlepsze globalne leki","og_description":"Kup proszek amfetaminy na sprzeda\u017c w Wielkiej Brytanii, Europie tanie pigu\u0142ki generyczne i markowe w Sapporo, mo\u017cesz zam\u00f3wi\u0107 proszek amfetaminy na sprzeda\u017c online, u\u017cywaj\u0105c Bitcoin (BTC)","og_url":"https:\/\/medicinasinc.com\/pl\/product\/kup-amfetamine-proszek\/","og_site_name":"Medicinas Inc","article_modified_time":"2022-03-22T00:44:47+00:00","og_image":[{"width":412,"height":550,"url":"https:\/\/medicinasinc.com\/pl\/wp-content\/uploads\/sites\/13\/2022\/02\/Buy-Amphetamine-Powder.png","type":"image\/png"}],"twitter_card":"summary_large_image","twitter_misc":{"Est. reading time":"4 minutes"},"schema":{"@context":"https:\/\/schema.org","@graph":[{"@type":"WebPage","@id":"https:\/\/medicinasinc.com\/pl\/product\/kup-amfetamine-proszek\/","url":"https:\/\/medicinasinc.com\/pl\/product\/kup-amfetamine-proszek\/","name":"Kup proszek amfetaminy - najlepsze najlepsze globalne leki","isPartOf":{"@id":"https:\/\/medicinasinc.com\/pl\/#website"},"primaryImageOfPage":{"@id":"https:\/\/medicinasinc.com\/pl\/product\/kup-amfetamine-proszek\/#primaryimage"},"image":{"@id":"https:\/\/medicinasinc.com\/pl\/product\/kup-amfetamine-proszek\/#primaryimage"},"thumbnailUrl":"https:\/\/medicinasinc.com\/pl\/wp-content\/uploads\/sites\/13\/2022\/02\/Buy-Amphetamine-Powder.png","datePublished":"2022-02-22T07:25:44+00:00","dateModified":"2022-03-22T00:44:47+00:00","description":"Kup proszek amfetaminy na sprzeda\u017c w Wielkiej Brytanii, Europie tanie pigu\u0142ki generyczne i markowe w Sapporo, mo\u017cesz zam\u00f3wi\u0107 proszek amfetaminy na sprzeda\u017c online, u\u017cywaj\u0105c Bitcoin (BTC)","breadcrumb":{"@id":"https:\/\/medicinasinc.com\/pl\/product\/kup-amfetamine-proszek\/#breadcrumb"},"inLanguage":"en-US","potentialAction":[{"@type":"ReadAction","target":["https:\/\/medicinasinc.com\/pl\/product\/kup-amfetamine-proszek\/"]}]},{"@type":"ImageObject","inLanguage":"en-US","@id":"https:\/\/medicinasinc.com\/pl\/product\/kup-amfetamine-proszek\/#primaryimage","url":"https:\/\/medicinasinc.com\/pl\/wp-content\/uploads\/sites\/13\/2022\/02\/Buy-Amphetamine-Powder.png","contentUrl":"https:\/\/medicinasinc.com\/pl\/wp-content\/uploads\/sites\/13\/2022\/02\/Buy-Amphetamine-Powder.png","width":412,"height":550},{"@type":"BreadcrumbList","@id":"https:\/\/medicinasinc.com\/pl\/product\/kup-amfetamine-proszek\/#breadcrumb","itemListElement":[{"@type":"ListItem","position":1,"name":"Sklep","item":"https:\/\/medicinasinc.com\/pl\/sklep\/"},{"@type":"ListItem","position":2,"name":"Kup proszek amfetaminy"}]},{"@type":"WebSite","@id":"https:\/\/medicinasinc.com\/pl\/#website","url":"https:\/\/medicinasinc.com\/pl\/","name":"Medicinas Inc","description":"Health Medical Clinic","potentialAction":[{"@type":"SearchAction","target":{"@type":"EntryPoint","urlTemplate":"https:\/\/medicinasinc.com\/pl\/?s={search_term_string}"},"query-input":{"@type":"PropertyValueSpecification","valueRequired":true,"valueName":"search_term_string"}}],"inLanguage":"en-US"}]}},"_links":{"self":[{"href":"https:\/\/medicinasinc.com\/pl\/wp-json\/wp\/v2\/product\/5852","targetHints":{"allow":["GET"]}}],"collection":[{"href":"https:\/\/medicinasinc.com\/pl\/wp-json\/wp\/v2\/product"}],"about":[{"href":"https:\/\/medicinasinc.com\/pl\/wp-json\/wp\/v2\/types\/product"}],"replies":[{"embeddable":true,"href":"https:\/\/medicinasinc.com\/pl\/wp-json\/wp\/v2\/comments?post=5852"}],"wp:featuredmedia":[{"embeddable":true,"href":"https:\/\/medicinasinc.com\/pl\/wp-json\/wp\/v2\/media\/5862"}],"wp:attachment":[{"href":"https:\/\/medicinasinc.com\/pl\/wp-json\/wp\/v2\/media?parent=5852"}],"wp:term":[{"taxonomy":"product_brand","embeddable":true,"href":"https:\/\/medicinasinc.com\/pl\/wp-json\/wp\/v2\/product_brand?post=5852"},{"taxonomy":"product_cat","embeddable":true,"href":"https:\/\/medicinasinc.com\/pl\/wp-json\/wp\/v2\/product_cat?post=5852"},{"taxonomy":"product_tag","embeddable":true,"href":"https:\/\/medicinasinc.com\/pl\/wp-json\/wp\/v2\/product_tag?post=5852"}],"curies":[{"name":"wp","href":"https:\/\/api.w.org\/{rel}","templated":true}]}}