{"id":5846,"date":"2022-02-22T07:19:31","date_gmt":"2022-02-22T07:19:31","guid":{"rendered":"https:\/\/medicinasinc.com\/pl\/?post_type=product&#038;p=5846"},"modified":"2022-03-22T00:45:01","modified_gmt":"2022-03-22T00:45:01","slug":"aprobowacbiton","status":"publish","type":"product","link":"https:\/\/medicinasinc.com\/pl\/product\/aprobowacbiton\/","title":{"rendered":"zatwierdzi\u0107barbiton"},"content":{"rendered":"<p>Aprobarbiton mo\u017cna kupi\u0107 online w doskona\u0142ej internetowej aptece Nembutal<\/p>\n<p>Apteka internetowa Nembutal dzia\u0142a od d\u0142u\u017cszego czasu. Teraz dok\u0142adnie rozumiemy punkt widzenia i oczekiwania klient\u00f3w na ca\u0142ym \u015bwiecie. Jeste\u015bmy tutaj, aby spe\u0142ni\u0107 wszystkie Twoje wymagania dotycz\u0105ce aprobarbitonu. Je\u015bli chcesz kupi\u0107 Aprobarbitone przez Internet, nasza apteka jest najlepszym miejscem, aby to zrobi\u0107. Ten lek leczniczy oferujemy w rozs\u0105dnej cenie. Mo\u017cesz go \u0142atwo kupi\u0107 u nas, a my dostarczymy go w okre\u015blonym czasie.<\/p>\n<p>Jaka jest rola aprobarbitonu w Twoim zdrowiu?<\/p>\n<p>Aprobarbiton mo\u017ce pom\u00f3c Ci w uzyskaniu dobrego snu w nocy . Jednym s\u0142owem jest idealnym lekarstwem na bezsenno\u015b\u0107. Jest dobrze znany ze swoich niezwyk\u0142ych w\u0142a\u015bciwo\u015bci uspokajaj\u0105cych, nasennych i przeciwdrgawkowych.<\/p>\n<p>Dlaczego warto kupowa\u0107 u nas aprobarbiton online?<\/p>\n<p>Jeste\u015bmy wysoce wyspecjalizowan\u0105 grup\u0105 os\u00f3b z du\u017cym do\u015bwiadczeniem w zakresie lek\u00f3w i lek\u00f3w. Dodatkowo poszerzamy dost\u0119p do aprobarbitonu i innych lek\u00f3w na ca\u0142ym \u015bwiecie. Teraz mo\u017cesz kupi\u0107 Aprobarbitone online w najni\u017cszej cenie w zaciszu w\u0142asnego domu. Wystarczy jedno klikni\u0119cie myszk\u0105. Prze\u015blij swoje zam\u00f3wienie na zakup Aprobarbitone online ju\u017c dzi\u015b, a zostanie ono wkr\u00f3tce dostarczone na podany przez Ciebie adres.<\/p>\n","protected":false},"excerpt":{"rendered":"<p>Jak kupi\u0107 aprobarbiton online w aptece Nembutal?<\/p>\n<p>Apteka internetowa Nembutal to idealna lokalizacja, aby spe\u0142ni\u0107 wszystkie Twoje potrzeby i wymagania dotycz\u0105ce aprobarbitonu. Po prostu dodaj sw\u00f3j lek do koszyka, przejd\u017a przez proces p\u0142atno\u015bci i z\u0142\u00f3\u017c zam\u00f3wienie na naszej stronie internetowej. Teraz nadszed\u0142 czas, aby skontaktowa\u0107 si\u0119 z nasz\u0105 aptek\u0105 i otrzyma\u0107 najlepsz\u0105 mo\u017cliw\u0105 opiek\u0119 dla swojego zdrowia. Kup teraz Aprobarbital!<\/p>\n","protected":false},"featured_media":5856,"comment_status":"open","ping_status":"closed","template":"","meta":[],"product_brand":[],"product_cat":[3818],"product_tag":[],"class_list":{"0":"post-5846","1":"product","2":"type-product","3":"status-publish","4":"has-post-thumbnail","6":"product_cat-pentobarbital-na-sprzeda","8":"first","9":"instock","10":"featured","11":"shipping-taxable","12":"purchasable","13":"product-type-variable"},"yoast_head":"<!-- This site is optimized with the Yoast SEO plugin v27.3 - https:\/\/yoast.com\/product\/yoast-seo-wordpress\/ -->\n<title>Kup aprobarbiton - najlepsze najlepsze globalne leki<\/title>\n<meta name=\"robots\" content=\"index, follow, max-snippet:-1, max-image-preview:large, max-video-preview:-1\" \/>\n<link rel=\"canonical\" href=\"https:\/\/medicinasinc.com\/pl\/product\/aprobowacbiton\/\" \/>\n<meta property=\"og:locale\" content=\"en_US\" \/>\n<meta property=\"og:type\" content=\"article\" \/>\n<meta property=\"og:title\" content=\"Kup aprobarbiton - najlepsze najlepsze globalne leki\" \/>\n<meta property=\"og:description\" content=\"Jak kupi\u0107 aprobarbiton online w aptece Nembutal? Apteka internetowa Nembutal to idealna lokalizacja, aby spe\u0142ni\u0107 wszystkie Twoje potrzeby i wymagania dotycz\u0105ce aprobarbitonu. Po prostu dodaj sw\u00f3j lek do koszyka, przejd\u017a przez proces p\u0142atno\u015bci i z\u0142\u00f3\u017c zam\u00f3wienie na naszej stronie internetowej. Teraz nadszed\u0142 czas, aby skontaktowa\u0107 si\u0119 z nasz\u0105 aptek\u0105 i otrzyma\u0107 najlepsz\u0105 mo\u017cliw\u0105 opiek\u0119 dla swojego zdrowia. Kup teraz Aprobarbital!\" \/>\n<meta property=\"og:url\" content=\"https:\/\/medicinasinc.com\/pl\/product\/aprobowacbiton\/\" \/>\n<meta property=\"og:site_name\" content=\"Medicinas Inc\" \/>\n<meta property=\"article:modified_time\" content=\"2022-03-22T00:45:01+00:00\" \/>\n<meta property=\"og:image\" content=\"https:\/\/medicinasinc.com\/pl\/wp-content\/uploads\/sites\/13\/2022\/02\/Aprobarbitone.jpg\" \/>\n\t<meta property=\"og:image:width\" content=\"600\" \/>\n\t<meta property=\"og:image:height\" content=\"600\" \/>\n\t<meta property=\"og:image:type\" content=\"image\/jpeg\" \/>\n<meta name=\"twitter:card\" content=\"summary_large_image\" \/>\n<meta name=\"twitter:label1\" content=\"Est. reading time\" \/>\n\t<meta name=\"twitter:data1\" content=\"1 minute\" \/>\n<script type=\"application\/ld+json\" class=\"yoast-schema-graph\">{\"@context\":\"https:\\\/\\\/schema.org\",\"@graph\":[{\"@type\":\"WebPage\",\"@id\":\"https:\\\/\\\/medicinasinc.com\\\/pl\\\/product\\\/aprobowacbiton\\\/\",\"url\":\"https:\\\/\\\/medicinasinc.com\\\/pl\\\/product\\\/aprobowacbiton\\\/\",\"name\":\"Kup aprobarbiton - najlepsze najlepsze globalne leki\",\"isPartOf\":{\"@id\":\"https:\\\/\\\/medicinasinc.com\\\/pl\\\/#website\"},\"primaryImageOfPage\":{\"@id\":\"https:\\\/\\\/medicinasinc.com\\\/pl\\\/product\\\/aprobowacbiton\\\/#primaryimage\"},\"image\":{\"@id\":\"https:\\\/\\\/medicinasinc.com\\\/pl\\\/product\\\/aprobowacbiton\\\/#primaryimage\"},\"thumbnailUrl\":\"https:\\\/\\\/medicinasinc.com\\\/pl\\\/wp-content\\\/uploads\\\/sites\\\/13\\\/2022\\\/02\\\/Aprobarbitone.jpg\",\"datePublished\":\"2022-02-22T07:19:31+00:00\",\"dateModified\":\"2022-03-22T00:45:01+00:00\",\"breadcrumb\":{\"@id\":\"https:\\\/\\\/medicinasinc.com\\\/pl\\\/product\\\/aprobowacbiton\\\/#breadcrumb\"},\"inLanguage\":\"en-US\",\"potentialAction\":[{\"@type\":\"ReadAction\",\"target\":[\"https:\\\/\\\/medicinasinc.com\\\/pl\\\/product\\\/aprobowacbiton\\\/\"]}]},{\"@type\":\"ImageObject\",\"inLanguage\":\"en-US\",\"@id\":\"https:\\\/\\\/medicinasinc.com\\\/pl\\\/product\\\/aprobowacbiton\\\/#primaryimage\",\"url\":\"https:\\\/\\\/medicinasinc.com\\\/pl\\\/wp-content\\\/uploads\\\/sites\\\/13\\\/2022\\\/02\\\/Aprobarbitone.jpg\",\"contentUrl\":\"https:\\\/\\\/medicinasinc.com\\\/pl\\\/wp-content\\\/uploads\\\/sites\\\/13\\\/2022\\\/02\\\/Aprobarbitone.jpg\",\"width\":600,\"height\":600},{\"@type\":\"BreadcrumbList\",\"@id\":\"https:\\\/\\\/medicinasinc.com\\\/pl\\\/product\\\/aprobowacbiton\\\/#breadcrumb\",\"itemListElement\":[{\"@type\":\"ListItem\",\"position\":1,\"name\":\"Sklep\",\"item\":\"https:\\\/\\\/medicinasinc.com\\\/pl\\\/sklep\\\/\"},{\"@type\":\"ListItem\",\"position\":2,\"name\":\"zatwierdzi\u0107barbiton\"}]},{\"@type\":\"WebSite\",\"@id\":\"https:\\\/\\\/medicinasinc.com\\\/pl\\\/#website\",\"url\":\"https:\\\/\\\/medicinasinc.com\\\/pl\\\/\",\"name\":\"Medicinas Inc\",\"description\":\"Health Medical Clinic\",\"potentialAction\":[{\"@type\":\"SearchAction\",\"target\":{\"@type\":\"EntryPoint\",\"urlTemplate\":\"https:\\\/\\\/medicinasinc.com\\\/pl\\\/?s={search_term_string}\"},\"query-input\":{\"@type\":\"PropertyValueSpecification\",\"valueRequired\":true,\"valueName\":\"search_term_string\"}}],\"inLanguage\":\"en-US\"}]}<\/script>\n<!-- \/ Yoast SEO plugin. -->","yoast_head_json":{"title":"Kup aprobarbiton - najlepsze najlepsze globalne leki","robots":{"index":"index","follow":"follow","max-snippet":"max-snippet:-1","max-image-preview":"max-image-preview:large","max-video-preview":"max-video-preview:-1"},"canonical":"https:\/\/medicinasinc.com\/pl\/product\/aprobowacbiton\/","og_locale":"en_US","og_type":"article","og_title":"Kup aprobarbiton - najlepsze najlepsze globalne leki","og_description":"Jak kupi\u0107 aprobarbiton online w aptece Nembutal? Apteka internetowa Nembutal to idealna lokalizacja, aby spe\u0142ni\u0107 wszystkie Twoje potrzeby i wymagania dotycz\u0105ce aprobarbitonu. Po prostu dodaj sw\u00f3j lek do koszyka, przejd\u017a przez proces p\u0142atno\u015bci i z\u0142\u00f3\u017c zam\u00f3wienie na naszej stronie internetowej. Teraz nadszed\u0142 czas, aby skontaktowa\u0107 si\u0119 z nasz\u0105 aptek\u0105 i otrzyma\u0107 najlepsz\u0105 mo\u017cliw\u0105 opiek\u0119 dla swojego zdrowia. Kup teraz Aprobarbital!","og_url":"https:\/\/medicinasinc.com\/pl\/product\/aprobowacbiton\/","og_site_name":"Medicinas Inc","article_modified_time":"2022-03-22T00:45:01+00:00","og_image":[{"width":600,"height":600,"url":"https:\/\/medicinasinc.com\/pl\/wp-content\/uploads\/sites\/13\/2022\/02\/Aprobarbitone.jpg","type":"image\/jpeg"}],"twitter_card":"summary_large_image","twitter_misc":{"Est. reading time":"1 minute"},"schema":{"@context":"https:\/\/schema.org","@graph":[{"@type":"WebPage","@id":"https:\/\/medicinasinc.com\/pl\/product\/aprobowacbiton\/","url":"https:\/\/medicinasinc.com\/pl\/product\/aprobowacbiton\/","name":"Kup aprobarbiton - najlepsze najlepsze globalne leki","isPartOf":{"@id":"https:\/\/medicinasinc.com\/pl\/#website"},"primaryImageOfPage":{"@id":"https:\/\/medicinasinc.com\/pl\/product\/aprobowacbiton\/#primaryimage"},"image":{"@id":"https:\/\/medicinasinc.com\/pl\/product\/aprobowacbiton\/#primaryimage"},"thumbnailUrl":"https:\/\/medicinasinc.com\/pl\/wp-content\/uploads\/sites\/13\/2022\/02\/Aprobarbitone.jpg","datePublished":"2022-02-22T07:19:31+00:00","dateModified":"2022-03-22T00:45:01+00:00","breadcrumb":{"@id":"https:\/\/medicinasinc.com\/pl\/product\/aprobowacbiton\/#breadcrumb"},"inLanguage":"en-US","potentialAction":[{"@type":"ReadAction","target":["https:\/\/medicinasinc.com\/pl\/product\/aprobowacbiton\/"]}]},{"@type":"ImageObject","inLanguage":"en-US","@id":"https:\/\/medicinasinc.com\/pl\/product\/aprobowacbiton\/#primaryimage","url":"https:\/\/medicinasinc.com\/pl\/wp-content\/uploads\/sites\/13\/2022\/02\/Aprobarbitone.jpg","contentUrl":"https:\/\/medicinasinc.com\/pl\/wp-content\/uploads\/sites\/13\/2022\/02\/Aprobarbitone.jpg","width":600,"height":600},{"@type":"BreadcrumbList","@id":"https:\/\/medicinasinc.com\/pl\/product\/aprobowacbiton\/#breadcrumb","itemListElement":[{"@type":"ListItem","position":1,"name":"Sklep","item":"https:\/\/medicinasinc.com\/pl\/sklep\/"},{"@type":"ListItem","position":2,"name":"zatwierdzi\u0107barbiton"}]},{"@type":"WebSite","@id":"https:\/\/medicinasinc.com\/pl\/#website","url":"https:\/\/medicinasinc.com\/pl\/","name":"Medicinas Inc","description":"Health Medical Clinic","potentialAction":[{"@type":"SearchAction","target":{"@type":"EntryPoint","urlTemplate":"https:\/\/medicinasinc.com\/pl\/?s={search_term_string}"},"query-input":{"@type":"PropertyValueSpecification","valueRequired":true,"valueName":"search_term_string"}}],"inLanguage":"en-US"}]}},"_links":{"self":[{"href":"https:\/\/medicinasinc.com\/pl\/wp-json\/wp\/v2\/product\/5846","targetHints":{"allow":["GET"]}}],"collection":[{"href":"https:\/\/medicinasinc.com\/pl\/wp-json\/wp\/v2\/product"}],"about":[{"href":"https:\/\/medicinasinc.com\/pl\/wp-json\/wp\/v2\/types\/product"}],"replies":[{"embeddable":true,"href":"https:\/\/medicinasinc.com\/pl\/wp-json\/wp\/v2\/comments?post=5846"}],"wp:featuredmedia":[{"embeddable":true,"href":"https:\/\/medicinasinc.com\/pl\/wp-json\/wp\/v2\/media\/5856"}],"wp:attachment":[{"href":"https:\/\/medicinasinc.com\/pl\/wp-json\/wp\/v2\/media?parent=5846"}],"wp:term":[{"taxonomy":"product_brand","embeddable":true,"href":"https:\/\/medicinasinc.com\/pl\/wp-json\/wp\/v2\/product_brand?post=5846"},{"taxonomy":"product_cat","embeddable":true,"href":"https:\/\/medicinasinc.com\/pl\/wp-json\/wp\/v2\/product_cat?post=5846"},{"taxonomy":"product_tag","embeddable":true,"href":"https:\/\/medicinasinc.com\/pl\/wp-json\/wp\/v2\/product_tag?post=5846"}],"curies":[{"name":"wp","href":"https:\/\/api.w.org\/{rel}","templated":true}]}}