{"id":5840,"date":"2022-02-22T07:12:38","date_gmt":"2022-02-22T07:12:38","guid":{"rendered":"https:\/\/medicinasinc.com\/pl\/?post_type=product&#038;p=5840"},"modified":"2022-03-22T00:45:13","modified_gmt":"2022-03-22T00:45:13","slug":"brallobarbital-vesparax","status":"publish","type":"product","link":"https:\/\/medicinasinc.com\/pl\/product\/brallobarbital-vesparax\/","title":{"rendered":"Brallobarbital (Vesparax)"},"content":{"rendered":"<p>Brallobarbital (Vesparax) Kup online w renomowanej aptece<\/p>\n<p>Apteka internetowa Nembutal zajmuje si\u0119 produktem Brallobarbital (Vesparax) na platformie internetowej i dostarcza go konsumentom, kt\u00f3rzy z\u0142o\u017cyli na niego zam\u00f3wienie w okre\u015blonym terminie. Jeste\u015bmy renomowan\u0105 aptek\u0105 internetow\u0105, w kt\u00f3rej mo\u017cesz kupi\u0107 Vesparax w najni\u017cszej mo\u017cliwej cenie. Nasze ceny s\u0105 niezr\u00f3wnane i dost\u0119pne dla ka\u017cdego. Dodatkowo mamy zesp\u00f3\u0142, kt\u00f3ry w odpowiednim czasie spe\u0142ni Twoje wymagania i specyfikacje dotycz\u0105ce Nembutal Brallobarbital. Mo\u017cesz teraz \u0142atwo zam\u00f3wi\u0107 Nembutal Brallobarbital w naszej aptece i dostarczy\u0107 go do domu w ci\u0105gu kilku dni.<\/p>\n<p>Jak jest u\u017cywany Brallobarbital (Vesparax)?<\/p>\n<p>Vesparax jest cz\u0119sto okre\u015blany jako Vesparax. atypowy lek przeciwpsychotyczny. Dzia\u0142a poprzez modyfikacj\u0119 aktywno\u015bci neuroprzeka\u017anik\u00f3w w m\u00f3zgu. Ten lek zosta\u0142 okre\u015blony jako odpowiedni do stosowania wy\u0142\u0105cznie przez osoby doros\u0142e i nie powinien by\u0107 podawany nikomu poni\u017cej 18 roku \u017cycia.<\/p>\n<p>Vesparax ma wiele zastosowa\u0144, w tym:<\/p>\n<p>Przyczynia si\u0119 do leczenia schizofrenii doros\u0142ych i dzieci<br \/> Wskazany w leczeniu choroby afektywnej dwubiegunowej u doros\u0142ych i dzieci, a tak\u017ce w leczeniu du\u017cych zaburze\u0144 depresyjnych u doros\u0142ych w po\u0142\u0105czeniu z lekami przeciwdepresyjnymi.<\/p>\n","protected":false},"excerpt":{"rendered":"<p>Skontaktuj si\u0119 z aptek\u0105 internetow\u0105 Nembutal<\/p>\n<p>Apteka internetowa Nembutal jest ju\u017c dost\u0119pna za pomoc\u0105 kilku klikni\u0119\u0107! Mo\u017cesz skontaktowa\u0107 si\u0119 z nami telefonicznie, SMS-em lub e-mailem, aby uzyska\u0107 odpowiedzi na swoje pytania. Gwarantujemy, \u017ce zrealizujemy Twoj\u0105 pro\u015bb\u0119 w okre\u015blonym czasie. Z\u0142\u00f3\u017c zam\u00f3wienie, aby kupi\u0107 Vesparax online ju\u017c teraz!<\/p>\n","protected":false},"featured_media":5850,"comment_status":"open","ping_status":"closed","template":"","meta":[],"product_brand":[],"product_cat":[3818],"product_tag":[],"class_list":{"0":"post-5840","1":"product","2":"type-product","3":"status-publish","4":"has-post-thumbnail","6":"product_cat-pentobarbital-na-sprzeda","8":"first","9":"instock","10":"shipping-taxable","11":"purchasable","12":"product-type-variable"},"yoast_head":"<!-- This site is optimized with the Yoast SEO plugin v27.3 - https:\/\/yoast.com\/product\/yoast-seo-wordpress\/ -->\n<title>Brallobarbital (Vesparax) - najlepsze leki na \u015bwiecie<\/title>\n<meta name=\"robots\" content=\"index, follow, max-snippet:-1, max-image-preview:large, max-video-preview:-1\" \/>\n<link rel=\"canonical\" href=\"https:\/\/medicinasinc.com\/pl\/product\/brallobarbital-vesparax\/\" \/>\n<meta property=\"og:locale\" content=\"en_US\" \/>\n<meta property=\"og:type\" content=\"article\" \/>\n<meta property=\"og:title\" content=\"Brallobarbital (Vesparax) - najlepsze leki na \u015bwiecie\" \/>\n<meta property=\"og:description\" content=\"Skontaktuj si\u0119 z aptek\u0105 internetow\u0105 Nembutal Apteka internetowa Nembutal jest ju\u017c dost\u0119pna za pomoc\u0105 kilku klikni\u0119\u0107! Mo\u017cesz skontaktowa\u0107 si\u0119 z nami telefonicznie, SMS-em lub e-mailem, aby uzyska\u0107 odpowiedzi na swoje pytania. Gwarantujemy, \u017ce zrealizujemy Twoj\u0105 pro\u015bb\u0119 w okre\u015blonym czasie. Z\u0142\u00f3\u017c zam\u00f3wienie, aby kupi\u0107 Vesparax online ju\u017c teraz!\" \/>\n<meta property=\"og:url\" content=\"https:\/\/medicinasinc.com\/pl\/product\/brallobarbital-vesparax\/\" \/>\n<meta property=\"og:site_name\" content=\"Medicinas Inc\" \/>\n<meta property=\"article:modified_time\" content=\"2022-03-22T00:45:13+00:00\" \/>\n<meta property=\"og:image\" content=\"https:\/\/medicinasinc.com\/pl\/wp-content\/uploads\/sites\/13\/2022\/02\/Brallobarbital-Vesparax.jpg\" \/>\n\t<meta property=\"og:image:width\" content=\"600\" \/>\n\t<meta property=\"og:image:height\" content=\"600\" \/>\n\t<meta property=\"og:image:type\" content=\"image\/jpeg\" \/>\n<meta name=\"twitter:card\" content=\"summary_large_image\" \/>\n<meta name=\"twitter:label1\" content=\"Est. reading time\" \/>\n\t<meta name=\"twitter:data1\" content=\"1 minute\" \/>\n<script type=\"application\/ld+json\" class=\"yoast-schema-graph\">{\"@context\":\"https:\\\/\\\/schema.org\",\"@graph\":[{\"@type\":\"WebPage\",\"@id\":\"https:\\\/\\\/medicinasinc.com\\\/pl\\\/product\\\/brallobarbital-vesparax\\\/\",\"url\":\"https:\\\/\\\/medicinasinc.com\\\/pl\\\/product\\\/brallobarbital-vesparax\\\/\",\"name\":\"Brallobarbital (Vesparax) - najlepsze leki na \u015bwiecie\",\"isPartOf\":{\"@id\":\"https:\\\/\\\/medicinasinc.com\\\/pl\\\/#website\"},\"primaryImageOfPage\":{\"@id\":\"https:\\\/\\\/medicinasinc.com\\\/pl\\\/product\\\/brallobarbital-vesparax\\\/#primaryimage\"},\"image\":{\"@id\":\"https:\\\/\\\/medicinasinc.com\\\/pl\\\/product\\\/brallobarbital-vesparax\\\/#primaryimage\"},\"thumbnailUrl\":\"https:\\\/\\\/medicinasinc.com\\\/pl\\\/wp-content\\\/uploads\\\/sites\\\/13\\\/2022\\\/02\\\/Brallobarbital-Vesparax.jpg\",\"datePublished\":\"2022-02-22T07:12:38+00:00\",\"dateModified\":\"2022-03-22T00:45:13+00:00\",\"breadcrumb\":{\"@id\":\"https:\\\/\\\/medicinasinc.com\\\/pl\\\/product\\\/brallobarbital-vesparax\\\/#breadcrumb\"},\"inLanguage\":\"en-US\",\"potentialAction\":[{\"@type\":\"ReadAction\",\"target\":[\"https:\\\/\\\/medicinasinc.com\\\/pl\\\/product\\\/brallobarbital-vesparax\\\/\"]}]},{\"@type\":\"ImageObject\",\"inLanguage\":\"en-US\",\"@id\":\"https:\\\/\\\/medicinasinc.com\\\/pl\\\/product\\\/brallobarbital-vesparax\\\/#primaryimage\",\"url\":\"https:\\\/\\\/medicinasinc.com\\\/pl\\\/wp-content\\\/uploads\\\/sites\\\/13\\\/2022\\\/02\\\/Brallobarbital-Vesparax.jpg\",\"contentUrl\":\"https:\\\/\\\/medicinasinc.com\\\/pl\\\/wp-content\\\/uploads\\\/sites\\\/13\\\/2022\\\/02\\\/Brallobarbital-Vesparax.jpg\",\"width\":600,\"height\":600},{\"@type\":\"BreadcrumbList\",\"@id\":\"https:\\\/\\\/medicinasinc.com\\\/pl\\\/product\\\/brallobarbital-vesparax\\\/#breadcrumb\",\"itemListElement\":[{\"@type\":\"ListItem\",\"position\":1,\"name\":\"Sklep\",\"item\":\"https:\\\/\\\/medicinasinc.com\\\/pl\\\/sklep\\\/\"},{\"@type\":\"ListItem\",\"position\":2,\"name\":\"Brallobarbital (Vesparax)\"}]},{\"@type\":\"WebSite\",\"@id\":\"https:\\\/\\\/medicinasinc.com\\\/pl\\\/#website\",\"url\":\"https:\\\/\\\/medicinasinc.com\\\/pl\\\/\",\"name\":\"Medicinas Inc\",\"description\":\"Health Medical Clinic\",\"potentialAction\":[{\"@type\":\"SearchAction\",\"target\":{\"@type\":\"EntryPoint\",\"urlTemplate\":\"https:\\\/\\\/medicinasinc.com\\\/pl\\\/?s={search_term_string}\"},\"query-input\":{\"@type\":\"PropertyValueSpecification\",\"valueRequired\":true,\"valueName\":\"search_term_string\"}}],\"inLanguage\":\"en-US\"}]}<\/script>\n<!-- \/ Yoast SEO plugin. -->","yoast_head_json":{"title":"Brallobarbital (Vesparax) - najlepsze leki na \u015bwiecie","robots":{"index":"index","follow":"follow","max-snippet":"max-snippet:-1","max-image-preview":"max-image-preview:large","max-video-preview":"max-video-preview:-1"},"canonical":"https:\/\/medicinasinc.com\/pl\/product\/brallobarbital-vesparax\/","og_locale":"en_US","og_type":"article","og_title":"Brallobarbital (Vesparax) - najlepsze leki na \u015bwiecie","og_description":"Skontaktuj si\u0119 z aptek\u0105 internetow\u0105 Nembutal Apteka internetowa Nembutal jest ju\u017c dost\u0119pna za pomoc\u0105 kilku klikni\u0119\u0107! Mo\u017cesz skontaktowa\u0107 si\u0119 z nami telefonicznie, SMS-em lub e-mailem, aby uzyska\u0107 odpowiedzi na swoje pytania. Gwarantujemy, \u017ce zrealizujemy Twoj\u0105 pro\u015bb\u0119 w okre\u015blonym czasie. Z\u0142\u00f3\u017c zam\u00f3wienie, aby kupi\u0107 Vesparax online ju\u017c teraz!","og_url":"https:\/\/medicinasinc.com\/pl\/product\/brallobarbital-vesparax\/","og_site_name":"Medicinas Inc","article_modified_time":"2022-03-22T00:45:13+00:00","og_image":[{"width":600,"height":600,"url":"https:\/\/medicinasinc.com\/pl\/wp-content\/uploads\/sites\/13\/2022\/02\/Brallobarbital-Vesparax.jpg","type":"image\/jpeg"}],"twitter_card":"summary_large_image","twitter_misc":{"Est. reading time":"1 minute"},"schema":{"@context":"https:\/\/schema.org","@graph":[{"@type":"WebPage","@id":"https:\/\/medicinasinc.com\/pl\/product\/brallobarbital-vesparax\/","url":"https:\/\/medicinasinc.com\/pl\/product\/brallobarbital-vesparax\/","name":"Brallobarbital (Vesparax) - najlepsze leki na \u015bwiecie","isPartOf":{"@id":"https:\/\/medicinasinc.com\/pl\/#website"},"primaryImageOfPage":{"@id":"https:\/\/medicinasinc.com\/pl\/product\/brallobarbital-vesparax\/#primaryimage"},"image":{"@id":"https:\/\/medicinasinc.com\/pl\/product\/brallobarbital-vesparax\/#primaryimage"},"thumbnailUrl":"https:\/\/medicinasinc.com\/pl\/wp-content\/uploads\/sites\/13\/2022\/02\/Brallobarbital-Vesparax.jpg","datePublished":"2022-02-22T07:12:38+00:00","dateModified":"2022-03-22T00:45:13+00:00","breadcrumb":{"@id":"https:\/\/medicinasinc.com\/pl\/product\/brallobarbital-vesparax\/#breadcrumb"},"inLanguage":"en-US","potentialAction":[{"@type":"ReadAction","target":["https:\/\/medicinasinc.com\/pl\/product\/brallobarbital-vesparax\/"]}]},{"@type":"ImageObject","inLanguage":"en-US","@id":"https:\/\/medicinasinc.com\/pl\/product\/brallobarbital-vesparax\/#primaryimage","url":"https:\/\/medicinasinc.com\/pl\/wp-content\/uploads\/sites\/13\/2022\/02\/Brallobarbital-Vesparax.jpg","contentUrl":"https:\/\/medicinasinc.com\/pl\/wp-content\/uploads\/sites\/13\/2022\/02\/Brallobarbital-Vesparax.jpg","width":600,"height":600},{"@type":"BreadcrumbList","@id":"https:\/\/medicinasinc.com\/pl\/product\/brallobarbital-vesparax\/#breadcrumb","itemListElement":[{"@type":"ListItem","position":1,"name":"Sklep","item":"https:\/\/medicinasinc.com\/pl\/sklep\/"},{"@type":"ListItem","position":2,"name":"Brallobarbital (Vesparax)"}]},{"@type":"WebSite","@id":"https:\/\/medicinasinc.com\/pl\/#website","url":"https:\/\/medicinasinc.com\/pl\/","name":"Medicinas Inc","description":"Health Medical Clinic","potentialAction":[{"@type":"SearchAction","target":{"@type":"EntryPoint","urlTemplate":"https:\/\/medicinasinc.com\/pl\/?s={search_term_string}"},"query-input":{"@type":"PropertyValueSpecification","valueRequired":true,"valueName":"search_term_string"}}],"inLanguage":"en-US"}]}},"_links":{"self":[{"href":"https:\/\/medicinasinc.com\/pl\/wp-json\/wp\/v2\/product\/5840","targetHints":{"allow":["GET"]}}],"collection":[{"href":"https:\/\/medicinasinc.com\/pl\/wp-json\/wp\/v2\/product"}],"about":[{"href":"https:\/\/medicinasinc.com\/pl\/wp-json\/wp\/v2\/types\/product"}],"replies":[{"embeddable":true,"href":"https:\/\/medicinasinc.com\/pl\/wp-json\/wp\/v2\/comments?post=5840"}],"wp:featuredmedia":[{"embeddable":true,"href":"https:\/\/medicinasinc.com\/pl\/wp-json\/wp\/v2\/media\/5850"}],"wp:attachment":[{"href":"https:\/\/medicinasinc.com\/pl\/wp-json\/wp\/v2\/media?parent=5840"}],"wp:term":[{"taxonomy":"product_brand","embeddable":true,"href":"https:\/\/medicinasinc.com\/pl\/wp-json\/wp\/v2\/product_brand?post=5840"},{"taxonomy":"product_cat","embeddable":true,"href":"https:\/\/medicinasinc.com\/pl\/wp-json\/wp\/v2\/product_cat?post=5840"},{"taxonomy":"product_tag","embeddable":true,"href":"https:\/\/medicinasinc.com\/pl\/wp-json\/wp\/v2\/product_tag?post=5840"}],"curies":[{"name":"wp","href":"https:\/\/api.w.org\/{rel}","templated":true}]}}