{"id":5834,"date":"2022-02-22T07:05:31","date_gmt":"2022-02-22T07:05:31","guid":{"rendered":"https:\/\/medicinasinc.com\/pl\/?post_type=product&#038;p=5834"},"modified":"2022-03-22T00:45:23","modified_gmt":"2022-03-22T00:45:23","slug":"kup-butabarbital-online","status":"publish","type":"product","link":"https:\/\/medicinasinc.com\/pl\/product\/kup-butabarbital-online\/","title":{"rendered":"Kup Butabarbital online"},"content":{"rendered":"<p>Kup tabletki 50 mg butabarbitalu sodu od najlepszej apteki internetowej.<\/p>\n<p>Apteka internetowa Nembutal to najlepsze miejsce na zakup tabletek 50 mg butabarbitalu sodu po najni\u017cszych kosztach. Od d\u0142u\u017cszego czasu dzia\u0142amy w bran\u017cy farmaceutycznej. Mo\u017cesz na nas liczy\u0107, \u017ce zapewnimy najlepsz\u0105 mo\u017cliw\u0105 trosk\u0119 o Twoje zdrowie. Nasi wykwalifikowani cz\u0142onkowie zespo\u0142u zrobi\u0105 wszystko, co mo\u017cliwe, aby przekroczy\u0107 Twoje oczekiwania. Kup natychmiast!<\/p>\n<p>Jak u\u017cywa\u0107 sodu butabarbital po zakupie?<\/p>\n<p>S\u00f3d butabarbital jest doskona\u0142ym lekiem na bezsenno\u015b\u0107 u ludzi. Zazwyczaj jest to lek kr\u00f3tkotrwa\u0142y. Substancja ta mo\u017ce by\u0107 stosowana w przemy\u015ble medycznym jako \u015brodek uspokajaj\u0105cy przed ka\u017cd\u0105 operacj\u0105.<\/p>\n<p>Aby zapewni\u0107 prawid\u0142owe podawanie butabarbitalu sodu, zapewniamy naszym klientom instrukcj\u0119 obs\u0142ugi. Niniejsza instrukcja obs\u0142ugi zawiera wszystkie instrukcje dotycz\u0105ce leku. Mo\u017cesz je \u0142atwo czyta\u0107 jeden po drugim i u\u017cywa\u0107 ich do cel\u00f3w, dla kt\u00f3rych zosta\u0142y przeznaczone. Mo\u017cesz mie\u0107 pe\u0142ne zaufanie do naszej renomowanej apteki internetowej. Konsekwentnie kierujemy si\u0119 najlepiej poj\u0119tym interesem naszych cenionych konsument\u00f3w. Nieustannie dbamy o zdrowie naszych klient\u00f3w i sprawdzamy wszystkie produkty przed dostaw\u0105.<\/p>\n<p>Mo\u017cesz skontaktowa\u0107 si\u0119 z nami, aby uzyska\u0107 najlepsze ceny na Butabarbital Sodium. Nasi eksperci przet\u0142umacz\u0105 Twoje zam\u00f3wienie i zorganizuj\u0105 je do natychmiastowej dostawy. Twoje leki zostan\u0105 wys\u0142ane w terminie okre\u015blonym przez nasz\u0105 aptek\u0119 internetow\u0105. Nembutal jest ju\u017c dost\u0119pny w obni\u017conej cenie!<\/p>\n","protected":false},"excerpt":{"rendered":"<p>Jak mog\u0119 uzyska\u0107 butabarbital sodu w internetowej aptece Nembutal?<\/p>\n<p>Apteka internetowa Nembutal jest ju\u017c dost\u0119pna. Prze\u015blij szczeg\u00f3\u0142y zam\u00f3wienia i p\u0142atno\u015b\u0107 za tabletki butabarbital sodu 50 mg na naszej oficjalnej stronie internetowej. Po z\u0142o\u017ceniu zam\u00f3wienia zostanie ono przetworzone w okre\u015blonych ramach czasowych. Z\u0142\u00f3\u017c zam\u00f3wienie ju\u017c dzi\u015b!<\/p>\n","protected":false},"featured_media":5844,"comment_status":"open","ping_status":"closed","template":"","meta":[],"product_brand":[],"product_cat":[3818],"product_tag":[],"class_list":{"0":"post-5834","1":"product","2":"type-product","3":"status-publish","4":"has-post-thumbnail","6":"product_cat-pentobarbital-na-sprzeda","8":"first","9":"instock","10":"shipping-taxable","11":"purchasable","12":"product-type-variable"},"yoast_head":"<!-- This site is optimized with the Yoast SEO plugin v27.3 - https:\/\/yoast.com\/product\/yoast-seo-wordpress\/ -->\n<title>Kup Butabarbital online - najlepsze najlepsze globalne leki<\/title>\n<meta name=\"robots\" content=\"index, follow, max-snippet:-1, max-image-preview:large, max-video-preview:-1\" \/>\n<link rel=\"canonical\" href=\"https:\/\/medicinasinc.com\/pl\/product\/kup-butabarbital-online\/\" \/>\n<meta property=\"og:locale\" content=\"en_US\" \/>\n<meta property=\"og:type\" content=\"article\" \/>\n<meta property=\"og:title\" content=\"Kup Butabarbital online - najlepsze najlepsze globalne leki\" \/>\n<meta property=\"og:description\" content=\"Jak mog\u0119 uzyska\u0107 butabarbital sodu w internetowej aptece Nembutal? Apteka internetowa Nembutal jest ju\u017c dost\u0119pna. Prze\u015blij szczeg\u00f3\u0142y zam\u00f3wienia i p\u0142atno\u015b\u0107 za tabletki butabarbital sodu 50 mg na naszej oficjalnej stronie internetowej. Po z\u0142o\u017ceniu zam\u00f3wienia zostanie ono przetworzone w okre\u015blonych ramach czasowych. Z\u0142\u00f3\u017c zam\u00f3wienie ju\u017c dzi\u015b!\" \/>\n<meta property=\"og:url\" content=\"https:\/\/medicinasinc.com\/pl\/product\/kup-butabarbital-online\/\" \/>\n<meta property=\"og:site_name\" content=\"Medicinas Inc\" \/>\n<meta property=\"article:modified_time\" content=\"2022-03-22T00:45:23+00:00\" \/>\n<meta property=\"og:image\" content=\"https:\/\/medicinasinc.com\/pl\/wp-content\/uploads\/sites\/13\/2022\/02\/Buy-Butabarbital.jpg\" \/>\n\t<meta property=\"og:image:width\" content=\"600\" \/>\n\t<meta property=\"og:image:height\" content=\"600\" \/>\n\t<meta property=\"og:image:type\" content=\"image\/jpeg\" \/>\n<meta name=\"twitter:card\" content=\"summary_large_image\" \/>\n<meta name=\"twitter:label1\" content=\"Est. reading time\" \/>\n\t<meta name=\"twitter:data1\" content=\"2 minutes\" \/>\n<script type=\"application\/ld+json\" class=\"yoast-schema-graph\">{\"@context\":\"https:\\\/\\\/schema.org\",\"@graph\":[{\"@type\":\"WebPage\",\"@id\":\"https:\\\/\\\/medicinasinc.com\\\/pl\\\/product\\\/kup-butabarbital-online\\\/\",\"url\":\"https:\\\/\\\/medicinasinc.com\\\/pl\\\/product\\\/kup-butabarbital-online\\\/\",\"name\":\"Kup Butabarbital online - najlepsze najlepsze globalne leki\",\"isPartOf\":{\"@id\":\"https:\\\/\\\/medicinasinc.com\\\/pl\\\/#website\"},\"primaryImageOfPage\":{\"@id\":\"https:\\\/\\\/medicinasinc.com\\\/pl\\\/product\\\/kup-butabarbital-online\\\/#primaryimage\"},\"image\":{\"@id\":\"https:\\\/\\\/medicinasinc.com\\\/pl\\\/product\\\/kup-butabarbital-online\\\/#primaryimage\"},\"thumbnailUrl\":\"https:\\\/\\\/medicinasinc.com\\\/pl\\\/wp-content\\\/uploads\\\/sites\\\/13\\\/2022\\\/02\\\/Buy-Butabarbital.jpg\",\"datePublished\":\"2022-02-22T07:05:31+00:00\",\"dateModified\":\"2022-03-22T00:45:23+00:00\",\"breadcrumb\":{\"@id\":\"https:\\\/\\\/medicinasinc.com\\\/pl\\\/product\\\/kup-butabarbital-online\\\/#breadcrumb\"},\"inLanguage\":\"en-US\",\"potentialAction\":[{\"@type\":\"ReadAction\",\"target\":[\"https:\\\/\\\/medicinasinc.com\\\/pl\\\/product\\\/kup-butabarbital-online\\\/\"]}]},{\"@type\":\"ImageObject\",\"inLanguage\":\"en-US\",\"@id\":\"https:\\\/\\\/medicinasinc.com\\\/pl\\\/product\\\/kup-butabarbital-online\\\/#primaryimage\",\"url\":\"https:\\\/\\\/medicinasinc.com\\\/pl\\\/wp-content\\\/uploads\\\/sites\\\/13\\\/2022\\\/02\\\/Buy-Butabarbital.jpg\",\"contentUrl\":\"https:\\\/\\\/medicinasinc.com\\\/pl\\\/wp-content\\\/uploads\\\/sites\\\/13\\\/2022\\\/02\\\/Buy-Butabarbital.jpg\",\"width\":600,\"height\":600},{\"@type\":\"BreadcrumbList\",\"@id\":\"https:\\\/\\\/medicinasinc.com\\\/pl\\\/product\\\/kup-butabarbital-online\\\/#breadcrumb\",\"itemListElement\":[{\"@type\":\"ListItem\",\"position\":1,\"name\":\"Sklep\",\"item\":\"https:\\\/\\\/medicinasinc.com\\\/pl\\\/sklep\\\/\"},{\"@type\":\"ListItem\",\"position\":2,\"name\":\"Kup Butabarbital online\"}]},{\"@type\":\"WebSite\",\"@id\":\"https:\\\/\\\/medicinasinc.com\\\/pl\\\/#website\",\"url\":\"https:\\\/\\\/medicinasinc.com\\\/pl\\\/\",\"name\":\"Medicinas Inc\",\"description\":\"Health Medical Clinic\",\"potentialAction\":[{\"@type\":\"SearchAction\",\"target\":{\"@type\":\"EntryPoint\",\"urlTemplate\":\"https:\\\/\\\/medicinasinc.com\\\/pl\\\/?s={search_term_string}\"},\"query-input\":{\"@type\":\"PropertyValueSpecification\",\"valueRequired\":true,\"valueName\":\"search_term_string\"}}],\"inLanguage\":\"en-US\"}]}<\/script>\n<!-- \/ Yoast SEO plugin. -->","yoast_head_json":{"title":"Kup Butabarbital online - najlepsze najlepsze globalne leki","robots":{"index":"index","follow":"follow","max-snippet":"max-snippet:-1","max-image-preview":"max-image-preview:large","max-video-preview":"max-video-preview:-1"},"canonical":"https:\/\/medicinasinc.com\/pl\/product\/kup-butabarbital-online\/","og_locale":"en_US","og_type":"article","og_title":"Kup Butabarbital online - najlepsze najlepsze globalne leki","og_description":"Jak mog\u0119 uzyska\u0107 butabarbital sodu w internetowej aptece Nembutal? Apteka internetowa Nembutal jest ju\u017c dost\u0119pna. Prze\u015blij szczeg\u00f3\u0142y zam\u00f3wienia i p\u0142atno\u015b\u0107 za tabletki butabarbital sodu 50 mg na naszej oficjalnej stronie internetowej. Po z\u0142o\u017ceniu zam\u00f3wienia zostanie ono przetworzone w okre\u015blonych ramach czasowych. Z\u0142\u00f3\u017c zam\u00f3wienie ju\u017c dzi\u015b!","og_url":"https:\/\/medicinasinc.com\/pl\/product\/kup-butabarbital-online\/","og_site_name":"Medicinas Inc","article_modified_time":"2022-03-22T00:45:23+00:00","og_image":[{"width":600,"height":600,"url":"https:\/\/medicinasinc.com\/pl\/wp-content\/uploads\/sites\/13\/2022\/02\/Buy-Butabarbital.jpg","type":"image\/jpeg"}],"twitter_card":"summary_large_image","twitter_misc":{"Est. reading time":"2 minutes"},"schema":{"@context":"https:\/\/schema.org","@graph":[{"@type":"WebPage","@id":"https:\/\/medicinasinc.com\/pl\/product\/kup-butabarbital-online\/","url":"https:\/\/medicinasinc.com\/pl\/product\/kup-butabarbital-online\/","name":"Kup Butabarbital online - najlepsze najlepsze globalne leki","isPartOf":{"@id":"https:\/\/medicinasinc.com\/pl\/#website"},"primaryImageOfPage":{"@id":"https:\/\/medicinasinc.com\/pl\/product\/kup-butabarbital-online\/#primaryimage"},"image":{"@id":"https:\/\/medicinasinc.com\/pl\/product\/kup-butabarbital-online\/#primaryimage"},"thumbnailUrl":"https:\/\/medicinasinc.com\/pl\/wp-content\/uploads\/sites\/13\/2022\/02\/Buy-Butabarbital.jpg","datePublished":"2022-02-22T07:05:31+00:00","dateModified":"2022-03-22T00:45:23+00:00","breadcrumb":{"@id":"https:\/\/medicinasinc.com\/pl\/product\/kup-butabarbital-online\/#breadcrumb"},"inLanguage":"en-US","potentialAction":[{"@type":"ReadAction","target":["https:\/\/medicinasinc.com\/pl\/product\/kup-butabarbital-online\/"]}]},{"@type":"ImageObject","inLanguage":"en-US","@id":"https:\/\/medicinasinc.com\/pl\/product\/kup-butabarbital-online\/#primaryimage","url":"https:\/\/medicinasinc.com\/pl\/wp-content\/uploads\/sites\/13\/2022\/02\/Buy-Butabarbital.jpg","contentUrl":"https:\/\/medicinasinc.com\/pl\/wp-content\/uploads\/sites\/13\/2022\/02\/Buy-Butabarbital.jpg","width":600,"height":600},{"@type":"BreadcrumbList","@id":"https:\/\/medicinasinc.com\/pl\/product\/kup-butabarbital-online\/#breadcrumb","itemListElement":[{"@type":"ListItem","position":1,"name":"Sklep","item":"https:\/\/medicinasinc.com\/pl\/sklep\/"},{"@type":"ListItem","position":2,"name":"Kup Butabarbital online"}]},{"@type":"WebSite","@id":"https:\/\/medicinasinc.com\/pl\/#website","url":"https:\/\/medicinasinc.com\/pl\/","name":"Medicinas Inc","description":"Health Medical Clinic","potentialAction":[{"@type":"SearchAction","target":{"@type":"EntryPoint","urlTemplate":"https:\/\/medicinasinc.com\/pl\/?s={search_term_string}"},"query-input":{"@type":"PropertyValueSpecification","valueRequired":true,"valueName":"search_term_string"}}],"inLanguage":"en-US"}]}},"_links":{"self":[{"href":"https:\/\/medicinasinc.com\/pl\/wp-json\/wp\/v2\/product\/5834","targetHints":{"allow":["GET"]}}],"collection":[{"href":"https:\/\/medicinasinc.com\/pl\/wp-json\/wp\/v2\/product"}],"about":[{"href":"https:\/\/medicinasinc.com\/pl\/wp-json\/wp\/v2\/types\/product"}],"replies":[{"embeddable":true,"href":"https:\/\/medicinasinc.com\/pl\/wp-json\/wp\/v2\/comments?post=5834"}],"wp:featuredmedia":[{"embeddable":true,"href":"https:\/\/medicinasinc.com\/pl\/wp-json\/wp\/v2\/media\/5844"}],"wp:attachment":[{"href":"https:\/\/medicinasinc.com\/pl\/wp-json\/wp\/v2\/media?parent=5834"}],"wp:term":[{"taxonomy":"product_brand","embeddable":true,"href":"https:\/\/medicinasinc.com\/pl\/wp-json\/wp\/v2\/product_brand?post=5834"},{"taxonomy":"product_cat","embeddable":true,"href":"https:\/\/medicinasinc.com\/pl\/wp-json\/wp\/v2\/product_cat?post=5834"},{"taxonomy":"product_tag","embeddable":true,"href":"https:\/\/medicinasinc.com\/pl\/wp-json\/wp\/v2\/product_tag?post=5834"}],"curies":[{"name":"wp","href":"https:\/\/api.w.org\/{rel}","templated":true}]}}