{"id":5828,"date":"2022-02-22T06:59:00","date_gmt":"2022-02-22T06:59:00","guid":{"rendered":"https:\/\/medicinasinc.com\/pl\/?post_type=product&#038;p=5828"},"modified":"2022-03-22T00:45:31","modified_gmt":"2022-03-22T00:45:31","slug":"kup-butalbital-online","status":"publish","type":"product","link":"https:\/\/medicinasinc.com\/pl\/product\/kup-butalbital-online\/","title":{"rendered":"Kup Butalbital online"},"content":{"rendered":"<div class=\"mkdf-single-product-content\">\n<div class=\"mkdf-single-product-summary\">\n<div class=\"summary entry-summary\">\n<div class=\"woocommerce-tabs wc-tabs -wrapper\">\n<div id=\"tab-description\" class=\"woocommerce-Tabs-panel woocommerce-Tabs-panel--description panel entry-content wc-tab\" role=\"tabpanel\" aria-labelledby=\"tab-title -description\">\n<div id=\"ftwp-postcontent\">\n<p>Bez recepty kup Nembutal Butalbital w najlepszej aptece internetowej<\/p>\n<p>Apteka internetowa Nembutal to renomowana apteka internetowa, kt\u00f3ra jest dobrze znana z profesjonalizm i wysokiej jako\u015bci leki. Mo\u017cesz bez wysi\u0142ku uzyska\u0107 Nembutal Butalbital online bez recepty z tej strony. Zale\u017cy nam na dostarczaniu wysokiej jako\u015bci produktu klientom na ca\u0142ym \u015bwiecie. Dbamy o potrzeby i potrzeby ka\u017cdego klienta i zawsze spe\u0142niamy go zgodnie z harmonogramem.<\/p>\n<p>Mo\u017cesz szybko skontaktowa\u0107 si\u0119 z nami za po\u015brednictwem platformy internetowej i uzyska\u0107 po\u017c\u0105dane leki w kr\u00f3tkim czasie. Dzi\u015b mo\u017cesz zam\u00f3wi\u0107 Butalbital przez Internet!<\/p>\n<p>Jakie s\u0105 zalety Nembutal Butalbital?<\/p>\n<p>Butalbital to lek na recept\u0119, stosowany przez kr\u00f3tki czas. Lek ten mo\u017cna stosowa\u0107 w po\u0142\u0105czeniu z innymi lekami, takimi jak paracetamol (acetaminofen) lub aspiryna, w celu z\u0142agodzenia b\u00f3lu i b\u00f3l\u00f3w g\u0142owy. Dodatkowo zosta\u0142 zatwierdzony do leczenia napi\u0119ciowych b\u00f3l\u00f3w g\u0142owy.<\/p>\n<p>Aby kupi\u0107 Butalbital online w najlepszej cenie, zacznij od dodania go do koszyka. Po zako\u0144czeniu dodawania mo\u017cesz kontynuowa\u0107 realizacj\u0119 p\u0142atno\u015bci. Zawarli\u015bmy wiele bramek p\u0142atno\u015bci. Mo\u017cesz wybra\u0107 najbardziej odpowiedni i zako\u0144czy\u0107 proces p\u0142atno\u015bci za swoje zam\u00f3wienie.<\/p>\n<p>Gdzie mog\u0119 kupi\u0107 Nembutal Butalbital online w najlepszej cenie?<\/p>\n<p>Je\u015bli przepisano Ci Butalbital, to nadszed\u0142 czas, aby kupi\u0107 Butalbital online w naszej aptece Nembutal.<\/p>\n<p>Nawi\u0105zanie po\u0142\u0105czenia z nasz\u0105 aptek\u0105 internetow\u0105 nigdy nie by\u0142o \u0142atwiejsze. Nasza strona internetowa jest niezwykle prosta i przyjazna dla u\u017cytkownika, co pomaga naszym konsumentom czu\u0107 si\u0119 swobodnie podczas zamawiania produkt\u00f3w.<\/p>\n<\/p><\/div><\/div><\/div><\/div><\/div><\/div>\n","protected":false},"excerpt":{"rendered":"<p>Nasza apteka internetowa otrzyma Twoje zam\u00f3wienie natychmiast po z\u0142o\u017ceniu. Ustalimy dla niego priorytety i wykonamy go tak szybko, jak to mo\u017cliwe. Zazwyczaj dostawa towaru zajmuje 5 dni, co obejmuje tylko dni robocze. W ci\u0105gu tygodnia otrzymasz Nembutal Butalbital w najlepszym mo\u017cliwym stanie. Z\u0142\u00f3\u017c zakup natychmiast!<\/p>\n","protected":false},"featured_media":5838,"comment_status":"open","ping_status":"closed","template":"","meta":[],"product_brand":[],"product_cat":[3818],"product_tag":[1051,3974,3976,3977,3995,3985,4004,4000,4006,4005,3997,3980,3979,3972,3983,3981,3840,3982,3984,3975,3978,3845,3992,3934,3987,3928,3990,3989,3847,3991,3865,3999,3998,3996,4002,3993,3994,3936,3973,3986,3988,4001,4003],"class_list":{"0":"post-5828","1":"product","2":"type-product","3":"status-publish","4":"has-post-thumbnail","6":"product_cat-pentobarbital-na-sprzeda","7":"product_tag-buy-nembutal","8":"product_tag-buy-nembutal-canada","9":"product_tag-buying-nembutal","10":"product_tag-buying-nembutal-online","11":"product_tag-nembutal-cena","12":"product_tag-nembutal-china","13":"product_tag-co-jest-nembutal","14":"product_tag-nembutal-czopek","15":"product_tag-gdzie-kupi-nembutal-w-meksyku","16":"product_tag-gdzie-mog-kupi-nembutal","17":"product_tag-nembutal-harmonogram","18":"product_tag-how-much-nembutal-is-fatal","19":"product_tag-ile-kosztuje-nembutal","20":"product_tag-i-amytal","21":"product_tag-jak-bra-nembutal-na-umrze","22":"product_tag-jak-zdoby-nembutal","23":"product_tag-jak-naby-c4-87-nembutal","24":"product_tag-jak-zrobi-nembutal","25":"product_tag-nembutal-kapsuki","26":"product_tag-kup-nembutal-meksyk","27":"product_tag-leki-przepisane-w-zmniejszeniu-bezsennoci","28":"product_tag-nembutal","29":"product_tag-nembutal-bez-recepty","30":"product_tag-nembutal-buy-online","31":"product_tag-nembutal-definition","32":"product_tag-kup-nembutal-online","33":"product_tag-nembutal-meksyk-2018","34":"product_tag-nembutal-mexico","35":"product_tag-nembutal-na-sprzeda","36":"product_tag-nembutal-online","37":"product_tag-nembutal-pills-for-sale","38":"product_tag-nembutal-sodium","39":"product_tag-skutki-uboczne-nembutalu","40":"product_tag-nembutal-reddit","41":"product_tag-order-nembutal-online","42":"product_tag-nembutal-pentobarbital","43":"product_tag-piguka-nembutalna","44":"product_tag-proszek-nembutalny","45":"product_tag-s","46":"product_tag-nembutal-mier","47":"product_tag-nembutal-miertelna-dawka","48":"product_tag-uzyskiwanie-nembutal","49":"product_tag-wtrny","51":"first","52":"instock","53":"shipping-taxable","54":"purchasable","55":"product-type-variable"},"yoast_head":"<!-- This site is optimized with the Yoast SEO plugin v27.3 - https:\/\/yoast.com\/product\/yoast-seo-wordpress\/ -->\n<title>Kup Butalbital online - najlepsze najlepsze globalne leki<\/title>\n<meta name=\"robots\" content=\"index, follow, max-snippet:-1, max-image-preview:large, max-video-preview:-1\" \/>\n<link rel=\"canonical\" href=\"https:\/\/medicinasinc.com\/pl\/product\/kup-butalbital-online\/\" \/>\n<meta property=\"og:locale\" content=\"en_US\" \/>\n<meta property=\"og:type\" content=\"article\" \/>\n<meta property=\"og:title\" content=\"Kup Butalbital online - najlepsze najlepsze globalne leki\" \/>\n<meta property=\"og:description\" content=\"Nasza apteka internetowa otrzyma Twoje zam\u00f3wienie natychmiast po z\u0142o\u017ceniu. Ustalimy dla niego priorytety i wykonamy go tak szybko, jak to mo\u017cliwe. Zazwyczaj dostawa towaru zajmuje 5 dni, co obejmuje tylko dni robocze. W ci\u0105gu tygodnia otrzymasz Nembutal Butalbital w najlepszym mo\u017cliwym stanie. Z\u0142\u00f3\u017c zakup natychmiast!\" \/>\n<meta property=\"og:url\" content=\"https:\/\/medicinasinc.com\/pl\/product\/kup-butalbital-online\/\" \/>\n<meta property=\"og:site_name\" content=\"Medicinas Inc\" \/>\n<meta property=\"article:modified_time\" content=\"2022-03-22T00:45:31+00:00\" \/>\n<meta property=\"og:image\" content=\"https:\/\/medicinasinc.com\/pl\/wp-content\/uploads\/sites\/13\/2022\/02\/Buy-Butalbital-Online.jpg\" \/>\n\t<meta property=\"og:image:width\" content=\"600\" \/>\n\t<meta property=\"og:image:height\" content=\"600\" \/>\n\t<meta property=\"og:image:type\" content=\"image\/jpeg\" \/>\n<meta name=\"twitter:card\" content=\"summary_large_image\" \/>\n<meta name=\"twitter:label1\" content=\"Est. reading time\" \/>\n\t<meta name=\"twitter:data1\" content=\"2 minutes\" \/>\n<script type=\"application\/ld+json\" class=\"yoast-schema-graph\">{\"@context\":\"https:\\\/\\\/schema.org\",\"@graph\":[{\"@type\":\"WebPage\",\"@id\":\"https:\\\/\\\/medicinasinc.com\\\/pl\\\/product\\\/kup-butalbital-online\\\/\",\"url\":\"https:\\\/\\\/medicinasinc.com\\\/pl\\\/product\\\/kup-butalbital-online\\\/\",\"name\":\"Kup Butalbital online - najlepsze najlepsze globalne leki\",\"isPartOf\":{\"@id\":\"https:\\\/\\\/medicinasinc.com\\\/pl\\\/#website\"},\"primaryImageOfPage\":{\"@id\":\"https:\\\/\\\/medicinasinc.com\\\/pl\\\/product\\\/kup-butalbital-online\\\/#primaryimage\"},\"image\":{\"@id\":\"https:\\\/\\\/medicinasinc.com\\\/pl\\\/product\\\/kup-butalbital-online\\\/#primaryimage\"},\"thumbnailUrl\":\"https:\\\/\\\/medicinasinc.com\\\/pl\\\/wp-content\\\/uploads\\\/sites\\\/13\\\/2022\\\/02\\\/Buy-Butalbital-Online.jpg\",\"datePublished\":\"2022-02-22T06:59:00+00:00\",\"dateModified\":\"2022-03-22T00:45:31+00:00\",\"breadcrumb\":{\"@id\":\"https:\\\/\\\/medicinasinc.com\\\/pl\\\/product\\\/kup-butalbital-online\\\/#breadcrumb\"},\"inLanguage\":\"en-US\",\"potentialAction\":[{\"@type\":\"ReadAction\",\"target\":[\"https:\\\/\\\/medicinasinc.com\\\/pl\\\/product\\\/kup-butalbital-online\\\/\"]}]},{\"@type\":\"ImageObject\",\"inLanguage\":\"en-US\",\"@id\":\"https:\\\/\\\/medicinasinc.com\\\/pl\\\/product\\\/kup-butalbital-online\\\/#primaryimage\",\"url\":\"https:\\\/\\\/medicinasinc.com\\\/pl\\\/wp-content\\\/uploads\\\/sites\\\/13\\\/2022\\\/02\\\/Buy-Butalbital-Online.jpg\",\"contentUrl\":\"https:\\\/\\\/medicinasinc.com\\\/pl\\\/wp-content\\\/uploads\\\/sites\\\/13\\\/2022\\\/02\\\/Buy-Butalbital-Online.jpg\",\"width\":600,\"height\":600},{\"@type\":\"BreadcrumbList\",\"@id\":\"https:\\\/\\\/medicinasinc.com\\\/pl\\\/product\\\/kup-butalbital-online\\\/#breadcrumb\",\"itemListElement\":[{\"@type\":\"ListItem\",\"position\":1,\"name\":\"Sklep\",\"item\":\"https:\\\/\\\/medicinasinc.com\\\/pl\\\/sklep\\\/\"},{\"@type\":\"ListItem\",\"position\":2,\"name\":\"Kup Butalbital online\"}]},{\"@type\":\"WebSite\",\"@id\":\"https:\\\/\\\/medicinasinc.com\\\/pl\\\/#website\",\"url\":\"https:\\\/\\\/medicinasinc.com\\\/pl\\\/\",\"name\":\"Medicinas Inc\",\"description\":\"Health Medical Clinic\",\"potentialAction\":[{\"@type\":\"SearchAction\",\"target\":{\"@type\":\"EntryPoint\",\"urlTemplate\":\"https:\\\/\\\/medicinasinc.com\\\/pl\\\/?s={search_term_string}\"},\"query-input\":{\"@type\":\"PropertyValueSpecification\",\"valueRequired\":true,\"valueName\":\"search_term_string\"}}],\"inLanguage\":\"en-US\"}]}<\/script>\n<!-- \/ Yoast SEO plugin. -->","yoast_head_json":{"title":"Kup Butalbital online - najlepsze najlepsze globalne leki","robots":{"index":"index","follow":"follow","max-snippet":"max-snippet:-1","max-image-preview":"max-image-preview:large","max-video-preview":"max-video-preview:-1"},"canonical":"https:\/\/medicinasinc.com\/pl\/product\/kup-butalbital-online\/","og_locale":"en_US","og_type":"article","og_title":"Kup Butalbital online - najlepsze najlepsze globalne leki","og_description":"Nasza apteka internetowa otrzyma Twoje zam\u00f3wienie natychmiast po z\u0142o\u017ceniu. Ustalimy dla niego priorytety i wykonamy go tak szybko, jak to mo\u017cliwe. Zazwyczaj dostawa towaru zajmuje 5 dni, co obejmuje tylko dni robocze. W ci\u0105gu tygodnia otrzymasz Nembutal Butalbital w najlepszym mo\u017cliwym stanie. Z\u0142\u00f3\u017c zakup natychmiast!","og_url":"https:\/\/medicinasinc.com\/pl\/product\/kup-butalbital-online\/","og_site_name":"Medicinas Inc","article_modified_time":"2022-03-22T00:45:31+00:00","og_image":[{"width":600,"height":600,"url":"https:\/\/medicinasinc.com\/pl\/wp-content\/uploads\/sites\/13\/2022\/02\/Buy-Butalbital-Online.jpg","type":"image\/jpeg"}],"twitter_card":"summary_large_image","twitter_misc":{"Est. reading time":"2 minutes"},"schema":{"@context":"https:\/\/schema.org","@graph":[{"@type":"WebPage","@id":"https:\/\/medicinasinc.com\/pl\/product\/kup-butalbital-online\/","url":"https:\/\/medicinasinc.com\/pl\/product\/kup-butalbital-online\/","name":"Kup Butalbital online - najlepsze najlepsze globalne leki","isPartOf":{"@id":"https:\/\/medicinasinc.com\/pl\/#website"},"primaryImageOfPage":{"@id":"https:\/\/medicinasinc.com\/pl\/product\/kup-butalbital-online\/#primaryimage"},"image":{"@id":"https:\/\/medicinasinc.com\/pl\/product\/kup-butalbital-online\/#primaryimage"},"thumbnailUrl":"https:\/\/medicinasinc.com\/pl\/wp-content\/uploads\/sites\/13\/2022\/02\/Buy-Butalbital-Online.jpg","datePublished":"2022-02-22T06:59:00+00:00","dateModified":"2022-03-22T00:45:31+00:00","breadcrumb":{"@id":"https:\/\/medicinasinc.com\/pl\/product\/kup-butalbital-online\/#breadcrumb"},"inLanguage":"en-US","potentialAction":[{"@type":"ReadAction","target":["https:\/\/medicinasinc.com\/pl\/product\/kup-butalbital-online\/"]}]},{"@type":"ImageObject","inLanguage":"en-US","@id":"https:\/\/medicinasinc.com\/pl\/product\/kup-butalbital-online\/#primaryimage","url":"https:\/\/medicinasinc.com\/pl\/wp-content\/uploads\/sites\/13\/2022\/02\/Buy-Butalbital-Online.jpg","contentUrl":"https:\/\/medicinasinc.com\/pl\/wp-content\/uploads\/sites\/13\/2022\/02\/Buy-Butalbital-Online.jpg","width":600,"height":600},{"@type":"BreadcrumbList","@id":"https:\/\/medicinasinc.com\/pl\/product\/kup-butalbital-online\/#breadcrumb","itemListElement":[{"@type":"ListItem","position":1,"name":"Sklep","item":"https:\/\/medicinasinc.com\/pl\/sklep\/"},{"@type":"ListItem","position":2,"name":"Kup Butalbital online"}]},{"@type":"WebSite","@id":"https:\/\/medicinasinc.com\/pl\/#website","url":"https:\/\/medicinasinc.com\/pl\/","name":"Medicinas Inc","description":"Health Medical Clinic","potentialAction":[{"@type":"SearchAction","target":{"@type":"EntryPoint","urlTemplate":"https:\/\/medicinasinc.com\/pl\/?s={search_term_string}"},"query-input":{"@type":"PropertyValueSpecification","valueRequired":true,"valueName":"search_term_string"}}],"inLanguage":"en-US"}]}},"_links":{"self":[{"href":"https:\/\/medicinasinc.com\/pl\/wp-json\/wp\/v2\/product\/5828","targetHints":{"allow":["GET"]}}],"collection":[{"href":"https:\/\/medicinasinc.com\/pl\/wp-json\/wp\/v2\/product"}],"about":[{"href":"https:\/\/medicinasinc.com\/pl\/wp-json\/wp\/v2\/types\/product"}],"replies":[{"embeddable":true,"href":"https:\/\/medicinasinc.com\/pl\/wp-json\/wp\/v2\/comments?post=5828"}],"wp:featuredmedia":[{"embeddable":true,"href":"https:\/\/medicinasinc.com\/pl\/wp-json\/wp\/v2\/media\/5838"}],"wp:attachment":[{"href":"https:\/\/medicinasinc.com\/pl\/wp-json\/wp\/v2\/media?parent=5828"}],"wp:term":[{"taxonomy":"product_brand","embeddable":true,"href":"https:\/\/medicinasinc.com\/pl\/wp-json\/wp\/v2\/product_brand?post=5828"},{"taxonomy":"product_cat","embeddable":true,"href":"https:\/\/medicinasinc.com\/pl\/wp-json\/wp\/v2\/product_cat?post=5828"},{"taxonomy":"product_tag","embeddable":true,"href":"https:\/\/medicinasinc.com\/pl\/wp-json\/wp\/v2\/product_tag?post=5828"}],"curies":[{"name":"wp","href":"https:\/\/api.w.org\/{rel}","templated":true}]}}