{"id":5822,"date":"2022-02-22T06:52:56","date_gmt":"2022-02-22T06:52:56","guid":{"rendered":"https:\/\/medicinasinc.com\/pl\/?post_type=product&#038;p=5822"},"modified":"2022-03-22T00:45:44","modified_gmt":"2022-03-22T00:45:44","slug":"kup-nembutal-pentobarbital","status":"publish","type":"product","link":"https:\/\/medicinasinc.com\/pl\/product\/kup-nembutal-pentobarbital\/","title":{"rendered":"Kup nembutal pentobarbital"},"content":{"rendered":"<p>Zakup online nembutalu pentobarbital od The Best Global Meds<\/p>\n<p>Apteka online Nembutal jest jedynym renomowanym \u017ar\u00f3d\u0142em zakupu nembutalu pentobarbital online po najni\u017cszych mo\u017cliwych kosztach.<\/p>\n<p>Jak tylko my otrzymamy dane Twojego zam\u00f3wienia, rozpoczniemy proces przygotowania, po kt\u00f3rym nast\u0105pi dostawa. Cz\u0142onkowie naszego zespo\u0142u bezpiecznie zapakuj\u0105 Twoje leki i sprawnie je dostarcz\u0105. Mo\u017cesz oczekiwa\u0107 od nas niczego mniej ni\u017c najlepszych pod wzgl\u0119dem jako\u015bci i terminowo\u015bci pentobarbitalu nembutalu.<\/p>\n<p>Co powiniene\u015b kupi\u0107, kupuj\u0105c pentobarbital nembutal? Kt\u00f3ra lokalizacja jest odpowiednia do zakupu?<\/p>\n<p>Nembutal Pentobarbital to skuteczny lek na napady padaczkowy, kt\u00f3ry jest zwykle stosowany w po\u0142\u0105czeniu z innymi lekami na recept\u0119. Je\u015bli masz zaburzenia napadowe, ten lek jest idealny dla Ciebie. Mo\u017cesz i\u015b\u0107 przez ca\u0142y dzie\u0144 z pe\u0142n\u0105 witalno\u015bci\u0105, nie przejmuj\u0105c si\u0119 epizodem napadu. Ma wp\u0142yw na wiele obszar\u00f3w m\u00f3zgu, powoduj\u0105c stan spokoju w organizmie.<\/p>\n<p>Apteka internetowa Nembutal Pentobarbital to najlepsza strona, na kt\u00f3rej mo\u017cna kupi\u0107 Nembutal Pentobarbital online w najni\u017cszej cenie. Ten lek jest sprzedawany tutaj w najlepszym mo\u017cliwym stanie i z najwy\u017csz\u0105 staranno\u015bci\u0105. Wszystkie nasze leki s\u0105 testowane laboratoryjnie i poddawane szeregowi test\u00f3w. Nawi\u0105zali\u015bmy wsp\u00f3\u0142prac\u0119 z wiod\u0105cymi \u015bwiatowymi producentami farmaceutycznymi. Je\u015bli otrzymasz od nas leki, nie musisz si\u0119 o nic martwi\u0107. Bez w\u0105tpienia otrzymasz najlepsz\u0105 mo\u017cliw\u0105 trosk\u0119 o swoje zdrowie!<\/p>\n","protected":false},"excerpt":{"rendered":"<p>Kt\u00f3re formy dawkowania fenobarbitalu nembutalu s\u0105 potrzebne?<\/p>\n<p>Ka\u017cdy na \u015bwiecie mo\u017ce kupi\u0107 Nembutal online w aptece internetowej. W ka\u017cdej chwili, z dowolnego miejsca skontaktuj si\u0119 z nami. Wszelkie pytania lub w\u0105tpliwo\u015bci naszych klient\u00f3w zostan\u0105 niezw\u0142ocznie skierowane przez jednego z naszych przedstawicieli obs\u0142ugi klienta. Podczas wsp\u00f3\u0142pracy z nami nie ma znaczenia jako\u015b\u0107 lek\u00f3w ani stan dostawy. Nembutal Fenobarbital na sprzeda\u017c mo\u017cna kupi\u0107 telefonicznie, e-mailem lub SMS-em. Nadszed\u0142 czas, aby si\u0119 po\u0142\u0105czy\u0107!<\/p>\n","protected":false},"featured_media":5832,"comment_status":"open","ping_status":"closed","template":"","meta":[],"product_brand":[],"product_cat":[3818],"product_tag":[],"class_list":{"0":"post-5822","1":"product","2":"type-product","3":"status-publish","4":"has-post-thumbnail","6":"product_cat-pentobarbital-na-sprzeda","8":"first","9":"instock","10":"shipping-taxable","11":"purchasable","12":"product-type-variable"},"yoast_head":"<!-- This site is optimized with the Yoast SEO plugin v27.3 - https:\/\/yoast.com\/product\/yoast-seo-wordpress\/ -->\n<title>Kup Nembutal Pentobarbital - Najlepsze globalne leki<\/title>\n<meta name=\"robots\" content=\"index, follow, max-snippet:-1, max-image-preview:large, max-video-preview:-1\" \/>\n<link rel=\"canonical\" href=\"https:\/\/medicinasinc.com\/pl\/product\/kup-nembutal-pentobarbital\/\" \/>\n<meta property=\"og:locale\" content=\"en_US\" \/>\n<meta property=\"og:type\" content=\"article\" \/>\n<meta property=\"og:title\" content=\"Kup Nembutal Pentobarbital - Najlepsze globalne leki\" \/>\n<meta property=\"og:description\" content=\"Kt\u00f3re formy dawkowania fenobarbitalu nembutalu s\u0105 potrzebne? Ka\u017cdy na \u015bwiecie mo\u017ce kupi\u0107 Nembutal online w aptece internetowej. W ka\u017cdej chwili, z dowolnego miejsca skontaktuj si\u0119 z nami. Wszelkie pytania lub w\u0105tpliwo\u015bci naszych klient\u00f3w zostan\u0105 niezw\u0142ocznie skierowane przez jednego z naszych przedstawicieli obs\u0142ugi klienta. Podczas wsp\u00f3\u0142pracy z nami nie ma znaczenia jako\u015b\u0107 lek\u00f3w ani stan dostawy. Nembutal Fenobarbital na sprzeda\u017c mo\u017cna kupi\u0107 telefonicznie, e-mailem lub SMS-em. Nadszed\u0142 czas, aby si\u0119 po\u0142\u0105czy\u0107!\" \/>\n<meta property=\"og:url\" content=\"https:\/\/medicinasinc.com\/pl\/product\/kup-nembutal-pentobarbital\/\" \/>\n<meta property=\"og:site_name\" content=\"Medicinas Inc\" \/>\n<meta property=\"article:modified_time\" content=\"2022-03-22T00:45:44+00:00\" \/>\n<meta property=\"og:image\" content=\"https:\/\/medicinasinc.com\/pl\/wp-content\/uploads\/sites\/13\/2022\/02\/buy-Nembutal-Pentobarbital-1.jpg\" \/>\n\t<meta property=\"og:image:width\" content=\"600\" \/>\n\t<meta property=\"og:image:height\" content=\"600\" \/>\n\t<meta property=\"og:image:type\" content=\"image\/jpeg\" \/>\n<meta name=\"twitter:card\" content=\"summary_large_image\" \/>\n<meta name=\"twitter:label1\" content=\"Est. reading time\" \/>\n\t<meta name=\"twitter:data1\" content=\"2 minutes\" \/>\n<script type=\"application\/ld+json\" class=\"yoast-schema-graph\">{\"@context\":\"https:\\\/\\\/schema.org\",\"@graph\":[{\"@type\":\"WebPage\",\"@id\":\"https:\\\/\\\/medicinasinc.com\\\/pl\\\/product\\\/kup-nembutal-pentobarbital\\\/\",\"url\":\"https:\\\/\\\/medicinasinc.com\\\/pl\\\/product\\\/kup-nembutal-pentobarbital\\\/\",\"name\":\"Kup Nembutal Pentobarbital - Najlepsze globalne leki\",\"isPartOf\":{\"@id\":\"https:\\\/\\\/medicinasinc.com\\\/pl\\\/#website\"},\"primaryImageOfPage\":{\"@id\":\"https:\\\/\\\/medicinasinc.com\\\/pl\\\/product\\\/kup-nembutal-pentobarbital\\\/#primaryimage\"},\"image\":{\"@id\":\"https:\\\/\\\/medicinasinc.com\\\/pl\\\/product\\\/kup-nembutal-pentobarbital\\\/#primaryimage\"},\"thumbnailUrl\":\"https:\\\/\\\/medicinasinc.com\\\/pl\\\/wp-content\\\/uploads\\\/sites\\\/13\\\/2022\\\/02\\\/buy-Nembutal-Pentobarbital-1.jpg\",\"datePublished\":\"2022-02-22T06:52:56+00:00\",\"dateModified\":\"2022-03-22T00:45:44+00:00\",\"breadcrumb\":{\"@id\":\"https:\\\/\\\/medicinasinc.com\\\/pl\\\/product\\\/kup-nembutal-pentobarbital\\\/#breadcrumb\"},\"inLanguage\":\"en-US\",\"potentialAction\":[{\"@type\":\"ReadAction\",\"target\":[\"https:\\\/\\\/medicinasinc.com\\\/pl\\\/product\\\/kup-nembutal-pentobarbital\\\/\"]}]},{\"@type\":\"ImageObject\",\"inLanguage\":\"en-US\",\"@id\":\"https:\\\/\\\/medicinasinc.com\\\/pl\\\/product\\\/kup-nembutal-pentobarbital\\\/#primaryimage\",\"url\":\"https:\\\/\\\/medicinasinc.com\\\/pl\\\/wp-content\\\/uploads\\\/sites\\\/13\\\/2022\\\/02\\\/buy-Nembutal-Pentobarbital-1.jpg\",\"contentUrl\":\"https:\\\/\\\/medicinasinc.com\\\/pl\\\/wp-content\\\/uploads\\\/sites\\\/13\\\/2022\\\/02\\\/buy-Nembutal-Pentobarbital-1.jpg\",\"width\":600,\"height\":600},{\"@type\":\"BreadcrumbList\",\"@id\":\"https:\\\/\\\/medicinasinc.com\\\/pl\\\/product\\\/kup-nembutal-pentobarbital\\\/#breadcrumb\",\"itemListElement\":[{\"@type\":\"ListItem\",\"position\":1,\"name\":\"Sklep\",\"item\":\"https:\\\/\\\/medicinasinc.com\\\/pl\\\/sklep\\\/\"},{\"@type\":\"ListItem\",\"position\":2,\"name\":\"Kup nembutal pentobarbital\"}]},{\"@type\":\"WebSite\",\"@id\":\"https:\\\/\\\/medicinasinc.com\\\/pl\\\/#website\",\"url\":\"https:\\\/\\\/medicinasinc.com\\\/pl\\\/\",\"name\":\"Medicinas Inc\",\"description\":\"Health Medical Clinic\",\"potentialAction\":[{\"@type\":\"SearchAction\",\"target\":{\"@type\":\"EntryPoint\",\"urlTemplate\":\"https:\\\/\\\/medicinasinc.com\\\/pl\\\/?s={search_term_string}\"},\"query-input\":{\"@type\":\"PropertyValueSpecification\",\"valueRequired\":true,\"valueName\":\"search_term_string\"}}],\"inLanguage\":\"en-US\"}]}<\/script>\n<!-- \/ Yoast SEO plugin. -->","yoast_head_json":{"title":"Kup Nembutal Pentobarbital - Najlepsze globalne leki","robots":{"index":"index","follow":"follow","max-snippet":"max-snippet:-1","max-image-preview":"max-image-preview:large","max-video-preview":"max-video-preview:-1"},"canonical":"https:\/\/medicinasinc.com\/pl\/product\/kup-nembutal-pentobarbital\/","og_locale":"en_US","og_type":"article","og_title":"Kup Nembutal Pentobarbital - Najlepsze globalne leki","og_description":"Kt\u00f3re formy dawkowania fenobarbitalu nembutalu s\u0105 potrzebne? Ka\u017cdy na \u015bwiecie mo\u017ce kupi\u0107 Nembutal online w aptece internetowej. W ka\u017cdej chwili, z dowolnego miejsca skontaktuj si\u0119 z nami. Wszelkie pytania lub w\u0105tpliwo\u015bci naszych klient\u00f3w zostan\u0105 niezw\u0142ocznie skierowane przez jednego z naszych przedstawicieli obs\u0142ugi klienta. Podczas wsp\u00f3\u0142pracy z nami nie ma znaczenia jako\u015b\u0107 lek\u00f3w ani stan dostawy. Nembutal Fenobarbital na sprzeda\u017c mo\u017cna kupi\u0107 telefonicznie, e-mailem lub SMS-em. Nadszed\u0142 czas, aby si\u0119 po\u0142\u0105czy\u0107!","og_url":"https:\/\/medicinasinc.com\/pl\/product\/kup-nembutal-pentobarbital\/","og_site_name":"Medicinas Inc","article_modified_time":"2022-03-22T00:45:44+00:00","og_image":[{"width":600,"height":600,"url":"https:\/\/medicinasinc.com\/pl\/wp-content\/uploads\/sites\/13\/2022\/02\/buy-Nembutal-Pentobarbital-1.jpg","type":"image\/jpeg"}],"twitter_card":"summary_large_image","twitter_misc":{"Est. reading time":"2 minutes"},"schema":{"@context":"https:\/\/schema.org","@graph":[{"@type":"WebPage","@id":"https:\/\/medicinasinc.com\/pl\/product\/kup-nembutal-pentobarbital\/","url":"https:\/\/medicinasinc.com\/pl\/product\/kup-nembutal-pentobarbital\/","name":"Kup Nembutal Pentobarbital - Najlepsze globalne leki","isPartOf":{"@id":"https:\/\/medicinasinc.com\/pl\/#website"},"primaryImageOfPage":{"@id":"https:\/\/medicinasinc.com\/pl\/product\/kup-nembutal-pentobarbital\/#primaryimage"},"image":{"@id":"https:\/\/medicinasinc.com\/pl\/product\/kup-nembutal-pentobarbital\/#primaryimage"},"thumbnailUrl":"https:\/\/medicinasinc.com\/pl\/wp-content\/uploads\/sites\/13\/2022\/02\/buy-Nembutal-Pentobarbital-1.jpg","datePublished":"2022-02-22T06:52:56+00:00","dateModified":"2022-03-22T00:45:44+00:00","breadcrumb":{"@id":"https:\/\/medicinasinc.com\/pl\/product\/kup-nembutal-pentobarbital\/#breadcrumb"},"inLanguage":"en-US","potentialAction":[{"@type":"ReadAction","target":["https:\/\/medicinasinc.com\/pl\/product\/kup-nembutal-pentobarbital\/"]}]},{"@type":"ImageObject","inLanguage":"en-US","@id":"https:\/\/medicinasinc.com\/pl\/product\/kup-nembutal-pentobarbital\/#primaryimage","url":"https:\/\/medicinasinc.com\/pl\/wp-content\/uploads\/sites\/13\/2022\/02\/buy-Nembutal-Pentobarbital-1.jpg","contentUrl":"https:\/\/medicinasinc.com\/pl\/wp-content\/uploads\/sites\/13\/2022\/02\/buy-Nembutal-Pentobarbital-1.jpg","width":600,"height":600},{"@type":"BreadcrumbList","@id":"https:\/\/medicinasinc.com\/pl\/product\/kup-nembutal-pentobarbital\/#breadcrumb","itemListElement":[{"@type":"ListItem","position":1,"name":"Sklep","item":"https:\/\/medicinasinc.com\/pl\/sklep\/"},{"@type":"ListItem","position":2,"name":"Kup nembutal pentobarbital"}]},{"@type":"WebSite","@id":"https:\/\/medicinasinc.com\/pl\/#website","url":"https:\/\/medicinasinc.com\/pl\/","name":"Medicinas Inc","description":"Health Medical Clinic","potentialAction":[{"@type":"SearchAction","target":{"@type":"EntryPoint","urlTemplate":"https:\/\/medicinasinc.com\/pl\/?s={search_term_string}"},"query-input":{"@type":"PropertyValueSpecification","valueRequired":true,"valueName":"search_term_string"}}],"inLanguage":"en-US"}]}},"_links":{"self":[{"href":"https:\/\/medicinasinc.com\/pl\/wp-json\/wp\/v2\/product\/5822","targetHints":{"allow":["GET"]}}],"collection":[{"href":"https:\/\/medicinasinc.com\/pl\/wp-json\/wp\/v2\/product"}],"about":[{"href":"https:\/\/medicinasinc.com\/pl\/wp-json\/wp\/v2\/types\/product"}],"replies":[{"embeddable":true,"href":"https:\/\/medicinasinc.com\/pl\/wp-json\/wp\/v2\/comments?post=5822"}],"wp:featuredmedia":[{"embeddable":true,"href":"https:\/\/medicinasinc.com\/pl\/wp-json\/wp\/v2\/media\/5832"}],"wp:attachment":[{"href":"https:\/\/medicinasinc.com\/pl\/wp-json\/wp\/v2\/media?parent=5822"}],"wp:term":[{"taxonomy":"product_brand","embeddable":true,"href":"https:\/\/medicinasinc.com\/pl\/wp-json\/wp\/v2\/product_brand?post=5822"},{"taxonomy":"product_cat","embeddable":true,"href":"https:\/\/medicinasinc.com\/pl\/wp-json\/wp\/v2\/product_cat?post=5822"},{"taxonomy":"product_tag","embeddable":true,"href":"https:\/\/medicinasinc.com\/pl\/wp-json\/wp\/v2\/product_tag?post=5822"}],"curies":[{"name":"wp","href":"https:\/\/api.w.org\/{rel}","templated":true}]}}