{"id":5816,"date":"2022-02-22T06:47:51","date_gmt":"2022-02-22T06:47:51","guid":{"rendered":"https:\/\/medicinasinc.com\/pl\/?post_type=product&#038;p=5816"},"modified":"2022-03-22T00:45:57","modified_gmt":"2022-03-22T00:45:57","slug":"kup-tabletki-nembutal","status":"publish","type":"product","link":"https:\/\/medicinasinc.com\/pl\/product\/kup-tabletki-nembutal\/","title":{"rendered":"Kup pigu\u0142ki Nembutal"},"content":{"rendered":"<p>Tabletki Nembutal na sprzeda\u017c w najlepszej aptece internetowej po niskich cenach<\/p>\n<p>Mo\u017cesz teraz kupi\u0107 tabletki Nembutal w Best Global Meds i wykorzysta\u0107 je w pe\u0142ni dla swojego zdrowia. We\u017amiemy pod uwag\u0119 Twoje zam\u00f3wienie i upewnimy si\u0119, \u017ce dotar\u0142o tam, gdzie powinno. Je\u015bli chcesz kupi\u0107 tabletki Nembutal na sprzeda\u017c, skontaktuj si\u0119 z nami ju\u017c dzi\u015b.<\/p>\n<p>Jeste\u015bmy w stanie dostarczy\u0107 tabletki Nembutal w precyzyjny spos\u00f3b ze wzgl\u0119du na nasz\u0105 znakomit\u0105 reputacj\u0119 w bran\u017cy. Aby nasi klienci otrzymywali zam\u00f3wienia tak szybko, jak to mo\u017cliwe, stosujemy prosty i wygodny proces wysy\u0142ki. Dok\u0142adamy wszelkich stara\u0144, aby nasi klienci nie musieli czeka\u0107 na swoje produkty.<\/p>\n<p>Jako profesjonalna apteka internetowa nie przegapimy ani chwili, je\u015bli chodzi o terminowe dostarczenie zam\u00f3wienia . Aby nic nie zosta\u0142o pomini\u0119te, cz\u0142onek naszego zespo\u0142u monitoruje wszystko 24 godziny na dob\u0119. Chcemy, aby nasi konsumenci jak najlepiej dbali o ich dobre samopoczucie.<\/p>\n<p>Jaki jest cel tabletek Nembutal?<\/p>\n<p>Kupowanie tabletek Nembutal w lokalnej aptece lub aptece nie zapewni po prostu jaki\u015b stary lek. W leczeniu deprywacji snu jest to narkotyk stosowany w du\u017cych dawkach. Pacjenci w szpitalach i klinikach medycznych s\u0105 usypiani za pomoc\u0105 tabletek Nembutal przez lekarzy i chirurg\u00f3w w celu kontynuowania procesu. Osoby, kt\u00f3re potrzebuj\u0105 tabletek Nembutal, mog\u0105 skontaktowa\u0107 si\u0119 z aptek\u0105 internetow\u0105 Nembutal, aptek\u0105 internetow\u0105 najwy\u017cszej klasy. Tutaj znajdziesz najwi\u0119kszych z najlepszych. Skontaktuj si\u0119 z nami od razu!<\/p>\n","protected":false},"excerpt":{"rendered":"<p>Jak znale\u017a\u0107 najlepsz\u0105 aptek\u0119 internetow\u0105, aby kupi\u0107 tabletki Nembutal?<\/p>\n<p>Kup Nembutal [tabletki z naszego asortymentu pigu\u0142ek i zastrzyk\u00f3w Pentobarbital sodu, lek\u00f3w na barbiturany i Nembutal na sprzeda\u017c w pobli\u017cu mnie z bezpiecznym transportem.<\/p>\n<p>Je\u015bli nie masz pewno\u015bci, jak skontaktowa\u0107 si\u0119 z najlepsz\u0105 aptek\u0105 internetow\u0105, aby kupi\u0107 tabletki Nembutal online, Pentobarbital Global Meds jest zawsze dost\u0119pny, aby Ci pom\u00f3c. Jeste\u015bmy tutaj, aby pom\u00f3c Ci w zakupie tabletek Nembutal online po najni\u017cszej mo\u017cliwej cenie. Tutaj mo\u017cesz z\u0142o\u017cy\u0107 zam\u00f3wienie i poczeka\u0107 na terminow\u0105 realizacj\u0119. Nie b\u0119dziemy op\u00f3\u017ania\u0107 dostawy w \u017caden niepotrzebny spos\u00f3b. Skontaktuj si\u0119 z nami natychmiast!<\/p>\n","protected":false},"featured_media":5826,"comment_status":"open","ping_status":"closed","template":"","meta":[],"product_brand":[],"product_cat":[3818],"product_tag":[3832,3864,3868,3915,3837,3839,3825,3858,3859,3860,3865,3867,3871,3857,3862,3861,3863],"class_list":{"0":"post-5816","1":"product","2":"type-product","3":"status-publish","4":"has-post-thumbnail","6":"product_cat-pentobarbital-na-sprzeda","7":"product_tag-can-i-order-nembutal-online","8":"product_tag-nembutal-piguki-dawka","9":"product_tag-nembutal-tabletki-dostawca","10":"product_tag-gdzie-mog-kupi-tabletki-nembutal","11":"product_tag-how-can-i-order-nembutal-pills","12":"product_tag-jak-mog-wzi-nembutal","13":"product_tag-kup-nembutal-pigu-c5-82ki-online","14":"product_tag-nembutal-pills-buy","15":"product_tag-nembutal-pills-buy-australia","16":"product_tag-nembutal-pills-buy-austria","17":"product_tag-nembutal-pills-for-sale","18":"product_tag-nembutal-pills-overdose","19":"product_tag-order-nembutal-pills","20":"product_tag-piguki-nembutalne","21":"product_tag-pigu-c5-82ki-nembutal-kup-online","22":"product_tag-nembutal-pigu-c5-82ki-kup-europa","23":"product_tag-nembutal-pigu-c5-82ki-kup-uk","25":"first","26":"instock","27":"shipping-taxable","28":"purchasable","29":"product-type-variable"},"yoast_head":"<!-- This site is optimized with the Yoast SEO plugin v27.3 - https:\/\/yoast.com\/product\/yoast-seo-wordpress\/ -->\n<title>Kup pigu\u0142ki Nembutal - najlepsze najlepsze globalne leki<\/title>\n<meta name=\"description\" content=\"Kup Nembutal [tabletki z naszych tabletek pentobarbital sodu i amp; zastrzyki, barbiturany i Nembutal na sprzeda\u017c w pobli\u017cu z bezpieczn\u0105 przesy\u0142k\u0105.\" \/>\n<meta name=\"robots\" content=\"index, follow, max-snippet:-1, max-image-preview:large, max-video-preview:-1\" \/>\n<link rel=\"canonical\" href=\"https:\/\/medicinasinc.com\/pl\/product\/kup-tabletki-nembutal\/\" \/>\n<meta property=\"og:locale\" content=\"en_US\" \/>\n<meta property=\"og:type\" content=\"article\" \/>\n<meta property=\"og:title\" content=\"Kup pigu\u0142ki Nembutal - najlepsze najlepsze globalne leki\" \/>\n<meta property=\"og:description\" content=\"Kup Nembutal [tabletki z naszych tabletek pentobarbital sodu i amp; zastrzyki, barbiturany i Nembutal na sprzeda\u017c w pobli\u017cu z bezpieczn\u0105 przesy\u0142k\u0105.\" \/>\n<meta property=\"og:url\" content=\"https:\/\/medicinasinc.com\/pl\/product\/kup-tabletki-nembutal\/\" \/>\n<meta property=\"og:site_name\" content=\"Medicinas Inc\" \/>\n<meta property=\"article:modified_time\" content=\"2022-03-22T00:45:57+00:00\" \/>\n<meta property=\"og:image\" content=\"https:\/\/medicinasinc.com\/pl\/wp-content\/uploads\/sites\/13\/2022\/02\/Buy-Nembutal-Pills.jpg\" \/>\n\t<meta property=\"og:image:width\" content=\"600\" \/>\n\t<meta property=\"og:image:height\" content=\"600\" \/>\n\t<meta property=\"og:image:type\" content=\"image\/jpeg\" \/>\n<meta name=\"twitter:card\" content=\"summary_large_image\" \/>\n<meta name=\"twitter:label1\" content=\"Est. reading time\" \/>\n\t<meta name=\"twitter:data1\" content=\"2 minutes\" \/>\n<script type=\"application\/ld+json\" class=\"yoast-schema-graph\">{\"@context\":\"https:\\\/\\\/schema.org\",\"@graph\":[{\"@type\":\"WebPage\",\"@id\":\"https:\\\/\\\/medicinasinc.com\\\/pl\\\/product\\\/kup-tabletki-nembutal\\\/\",\"url\":\"https:\\\/\\\/medicinasinc.com\\\/pl\\\/product\\\/kup-tabletki-nembutal\\\/\",\"name\":\"Kup pigu\u0142ki Nembutal - najlepsze najlepsze globalne leki\",\"isPartOf\":{\"@id\":\"https:\\\/\\\/medicinasinc.com\\\/pl\\\/#website\"},\"primaryImageOfPage\":{\"@id\":\"https:\\\/\\\/medicinasinc.com\\\/pl\\\/product\\\/kup-tabletki-nembutal\\\/#primaryimage\"},\"image\":{\"@id\":\"https:\\\/\\\/medicinasinc.com\\\/pl\\\/product\\\/kup-tabletki-nembutal\\\/#primaryimage\"},\"thumbnailUrl\":\"https:\\\/\\\/medicinasinc.com\\\/pl\\\/wp-content\\\/uploads\\\/sites\\\/13\\\/2022\\\/02\\\/Buy-Nembutal-Pills.jpg\",\"datePublished\":\"2022-02-22T06:47:51+00:00\",\"dateModified\":\"2022-03-22T00:45:57+00:00\",\"description\":\"Kup Nembutal [tabletki z naszych tabletek pentobarbital sodu i amp; zastrzyki, barbiturany i Nembutal na sprzeda\u017c w pobli\u017cu z bezpieczn\u0105 przesy\u0142k\u0105.\",\"breadcrumb\":{\"@id\":\"https:\\\/\\\/medicinasinc.com\\\/pl\\\/product\\\/kup-tabletki-nembutal\\\/#breadcrumb\"},\"inLanguage\":\"en-US\",\"potentialAction\":[{\"@type\":\"ReadAction\",\"target\":[\"https:\\\/\\\/medicinasinc.com\\\/pl\\\/product\\\/kup-tabletki-nembutal\\\/\"]}]},{\"@type\":\"ImageObject\",\"inLanguage\":\"en-US\",\"@id\":\"https:\\\/\\\/medicinasinc.com\\\/pl\\\/product\\\/kup-tabletki-nembutal\\\/#primaryimage\",\"url\":\"https:\\\/\\\/medicinasinc.com\\\/pl\\\/wp-content\\\/uploads\\\/sites\\\/13\\\/2022\\\/02\\\/Buy-Nembutal-Pills.jpg\",\"contentUrl\":\"https:\\\/\\\/medicinasinc.com\\\/pl\\\/wp-content\\\/uploads\\\/sites\\\/13\\\/2022\\\/02\\\/Buy-Nembutal-Pills.jpg\",\"width\":600,\"height\":600},{\"@type\":\"BreadcrumbList\",\"@id\":\"https:\\\/\\\/medicinasinc.com\\\/pl\\\/product\\\/kup-tabletki-nembutal\\\/#breadcrumb\",\"itemListElement\":[{\"@type\":\"ListItem\",\"position\":1,\"name\":\"Sklep\",\"item\":\"https:\\\/\\\/medicinasinc.com\\\/pl\\\/sklep\\\/\"},{\"@type\":\"ListItem\",\"position\":2,\"name\":\"Kup pigu\u0142ki Nembutal\"}]},{\"@type\":\"WebSite\",\"@id\":\"https:\\\/\\\/medicinasinc.com\\\/pl\\\/#website\",\"url\":\"https:\\\/\\\/medicinasinc.com\\\/pl\\\/\",\"name\":\"Medicinas Inc\",\"description\":\"Health Medical Clinic\",\"potentialAction\":[{\"@type\":\"SearchAction\",\"target\":{\"@type\":\"EntryPoint\",\"urlTemplate\":\"https:\\\/\\\/medicinasinc.com\\\/pl\\\/?s={search_term_string}\"},\"query-input\":{\"@type\":\"PropertyValueSpecification\",\"valueRequired\":true,\"valueName\":\"search_term_string\"}}],\"inLanguage\":\"en-US\"}]}<\/script>\n<!-- \/ Yoast SEO plugin. -->","yoast_head_json":{"title":"Kup pigu\u0142ki Nembutal - najlepsze najlepsze globalne leki","description":"Kup Nembutal [tabletki z naszych tabletek pentobarbital sodu i amp; zastrzyki, barbiturany i Nembutal na sprzeda\u017c w pobli\u017cu z bezpieczn\u0105 przesy\u0142k\u0105.","robots":{"index":"index","follow":"follow","max-snippet":"max-snippet:-1","max-image-preview":"max-image-preview:large","max-video-preview":"max-video-preview:-1"},"canonical":"https:\/\/medicinasinc.com\/pl\/product\/kup-tabletki-nembutal\/","og_locale":"en_US","og_type":"article","og_title":"Kup pigu\u0142ki Nembutal - najlepsze najlepsze globalne leki","og_description":"Kup Nembutal [tabletki z naszych tabletek pentobarbital sodu i amp; zastrzyki, barbiturany i Nembutal na sprzeda\u017c w pobli\u017cu z bezpieczn\u0105 przesy\u0142k\u0105.","og_url":"https:\/\/medicinasinc.com\/pl\/product\/kup-tabletki-nembutal\/","og_site_name":"Medicinas Inc","article_modified_time":"2022-03-22T00:45:57+00:00","og_image":[{"width":600,"height":600,"url":"https:\/\/medicinasinc.com\/pl\/wp-content\/uploads\/sites\/13\/2022\/02\/Buy-Nembutal-Pills.jpg","type":"image\/jpeg"}],"twitter_card":"summary_large_image","twitter_misc":{"Est. reading time":"2 minutes"},"schema":{"@context":"https:\/\/schema.org","@graph":[{"@type":"WebPage","@id":"https:\/\/medicinasinc.com\/pl\/product\/kup-tabletki-nembutal\/","url":"https:\/\/medicinasinc.com\/pl\/product\/kup-tabletki-nembutal\/","name":"Kup pigu\u0142ki Nembutal - najlepsze najlepsze globalne leki","isPartOf":{"@id":"https:\/\/medicinasinc.com\/pl\/#website"},"primaryImageOfPage":{"@id":"https:\/\/medicinasinc.com\/pl\/product\/kup-tabletki-nembutal\/#primaryimage"},"image":{"@id":"https:\/\/medicinasinc.com\/pl\/product\/kup-tabletki-nembutal\/#primaryimage"},"thumbnailUrl":"https:\/\/medicinasinc.com\/pl\/wp-content\/uploads\/sites\/13\/2022\/02\/Buy-Nembutal-Pills.jpg","datePublished":"2022-02-22T06:47:51+00:00","dateModified":"2022-03-22T00:45:57+00:00","description":"Kup Nembutal [tabletki z naszych tabletek pentobarbital sodu i amp; zastrzyki, barbiturany i Nembutal na sprzeda\u017c w pobli\u017cu z bezpieczn\u0105 przesy\u0142k\u0105.","breadcrumb":{"@id":"https:\/\/medicinasinc.com\/pl\/product\/kup-tabletki-nembutal\/#breadcrumb"},"inLanguage":"en-US","potentialAction":[{"@type":"ReadAction","target":["https:\/\/medicinasinc.com\/pl\/product\/kup-tabletki-nembutal\/"]}]},{"@type":"ImageObject","inLanguage":"en-US","@id":"https:\/\/medicinasinc.com\/pl\/product\/kup-tabletki-nembutal\/#primaryimage","url":"https:\/\/medicinasinc.com\/pl\/wp-content\/uploads\/sites\/13\/2022\/02\/Buy-Nembutal-Pills.jpg","contentUrl":"https:\/\/medicinasinc.com\/pl\/wp-content\/uploads\/sites\/13\/2022\/02\/Buy-Nembutal-Pills.jpg","width":600,"height":600},{"@type":"BreadcrumbList","@id":"https:\/\/medicinasinc.com\/pl\/product\/kup-tabletki-nembutal\/#breadcrumb","itemListElement":[{"@type":"ListItem","position":1,"name":"Sklep","item":"https:\/\/medicinasinc.com\/pl\/sklep\/"},{"@type":"ListItem","position":2,"name":"Kup pigu\u0142ki Nembutal"}]},{"@type":"WebSite","@id":"https:\/\/medicinasinc.com\/pl\/#website","url":"https:\/\/medicinasinc.com\/pl\/","name":"Medicinas Inc","description":"Health Medical Clinic","potentialAction":[{"@type":"SearchAction","target":{"@type":"EntryPoint","urlTemplate":"https:\/\/medicinasinc.com\/pl\/?s={search_term_string}"},"query-input":{"@type":"PropertyValueSpecification","valueRequired":true,"valueName":"search_term_string"}}],"inLanguage":"en-US"}]}},"_links":{"self":[{"href":"https:\/\/medicinasinc.com\/pl\/wp-json\/wp\/v2\/product\/5816","targetHints":{"allow":["GET"]}}],"collection":[{"href":"https:\/\/medicinasinc.com\/pl\/wp-json\/wp\/v2\/product"}],"about":[{"href":"https:\/\/medicinasinc.com\/pl\/wp-json\/wp\/v2\/types\/product"}],"replies":[{"embeddable":true,"href":"https:\/\/medicinasinc.com\/pl\/wp-json\/wp\/v2\/comments?post=5816"}],"wp:featuredmedia":[{"embeddable":true,"href":"https:\/\/medicinasinc.com\/pl\/wp-json\/wp\/v2\/media\/5826"}],"wp:attachment":[{"href":"https:\/\/medicinasinc.com\/pl\/wp-json\/wp\/v2\/media?parent=5816"}],"wp:term":[{"taxonomy":"product_brand","embeddable":true,"href":"https:\/\/medicinasinc.com\/pl\/wp-json\/wp\/v2\/product_brand?post=5816"},{"taxonomy":"product_cat","embeddable":true,"href":"https:\/\/medicinasinc.com\/pl\/wp-json\/wp\/v2\/product_cat?post=5816"},{"taxonomy":"product_tag","embeddable":true,"href":"https:\/\/medicinasinc.com\/pl\/wp-json\/wp\/v2\/product_tag?post=5816"}],"curies":[{"name":"wp","href":"https:\/\/api.w.org\/{rel}","templated":true}]}}