{"id":5804,"date":"2022-02-22T06:35:00","date_gmt":"2022-02-22T06:35:00","guid":{"rendered":"https:\/\/medicinasinc.com\/pl\/?post_type=product&#038;p=5804"},"modified":"2022-03-22T00:46:18","modified_gmt":"2022-03-22T00:46:18","slug":"kup-pentobarbital-sod-online","status":"publish","type":"product","link":"https:\/\/medicinasinc.com\/pl\/product\/kup-pentobarbital-sod-online\/","title":{"rendered":"Kup pentobarbital sodu online"},"content":{"rendered":"<p>Kup pentobarbital sodu przez Internet.<\/p>\n<p>Do\u017cylne lub domi\u0119\u015bniowe wstrzykni\u0119cie roztworu sodu NEMBUTAL (wstrzykni\u0119cie pentobarbitalu sodu) jest bezpieczne i \u0142atwe przy u\u017cyciu tego sterylnego roztworu. Do wstrzykiwa\u0144 ka\u017cdy mililitr zawiera 50 miligram\u00f3w pentobarbitalu sodu rozpuszczonego w 40% glikolu propylenowym, 10% etanolu i wodzie. Za pomoc\u0105 kwasu solnego lub wodorotlenku sodu pH mo\u017cna podnie\u015b\u0107 do 9,5. Mo\u017ce by\u0107 wstrzykiwany do mi\u0119\u015bnia lub \u017cy\u0142y pacjenta. Zakup online pentobarbitalu sodu do eutanazji zwierz\u0105t, pentobarbitalu sodu do eutanazji zwierz\u0105t, grupy pentobarbitalu sodu, p\u0142ynnego pentobarbitalu sodu.<\/p>\n<p>W Best Global Meds mo\u017cesz teraz kupi\u0107 pentobarbital sodu online. Zam\u00f3w Pentobarbital Sodium Injection przez Internet i dostarcz go do domu w wyznaczonym terminie. Skontaktuj si\u0119 z nami natychmiast! Pentobarbital sodu do eutanazji zwierz\u0105t, pentobarbital sodu w p\u0142ynie<\/p>\n<p>Pentobarbital: co to jest i jak jest u\u017cywany?<\/p>\n<p>Kr\u00f3tkotrwa\u0142e stosowanie pentobarbitalu, barbituranu, jest stosowane w leczeniu bezsenno\u015bci. Aby u\u015bpi\u0107 pacjent\u00f3w przed operacj\u0105, pentobarbital mo\u017ce by\u0107 r\u00f3wnie\u017c stosowany jako terapia ratunkowa. Zakup online pentobarbitalu sodu, pentobarbitalu sodu do eutanazji zwierz\u0105t i pentobarbitalu sodu<\/p>\n<p>Pentobarbital mo\u017ce powodowa\u0107 zatrzymanie oddechu w du\u017cych dawkach, co prowadzi do \u015bmierci. Niekt\u00f3re stany i rz\u0105d federalny w Stanach Zjednoczonych stosuj\u0105 go do egzekucji przest\u0119pc\u00f3w, a tak\u017ce do eutanazji zwierz\u0105t. Kup pentobarbital sodu przez Internet.<\/p>\n<p>Pentobarbital podawany w \u015bmiertelnych ilo\u015bciach jest \u015bmiertelny. Za pomoc\u0105 tego leku mo\u017cna przeprowadzi\u0107 eutanazj\u0119 zwierz\u0105t i ludzi. W komercyjnych zastrzykach do eutanazji zwierz\u0105t mo\u017ce by\u0107 stosowany samodzielnie lub w po\u0142\u0105czeniu z innymi lekami, takimi jak fenytoina.<\/p>\n<p>U\u015bpienie za pomoc\u0105 pentobarbitalu<\/p>\n<p>Jeden z najcz\u0119\u015bciej stosowanych barbituran\u00f3w do znieczulenia i eutanazji w dziedzinie weterynarii jest pentobarbital (Nembutal). Je\u015bli chcesz umrze\u0107 w spokoju, jest to doskona\u0142y wyb\u00f3r do eutanazji lub wspomaganego samob\u00f3jstwa. Kup Pentobarbital Sodium online.<\/p>\n<p>W jaki spos\u00f3b dostarcza si\u0119 pentobarbital sodu?<br \/> Pentobarbital jest \u015brodkiem uspokajaj\u0105cym, kt\u00f3ry mo\u017cna podawa\u0107 do\u017cylnie lub dootrzewnowo. Pentobarbital mo\u017ce by\u0107 podawany w bolusie (Borkowski i wsp., 1990) lub CRI, gdy jest stosowany jako \u015brodek znieczulaj\u0105cy. Dyskomfort po wstrzykni\u0119ciu i zakrzepowe zapalenie \u017cy\u0142 s\u0105 mo\u017cliwymi skutkami ubocznymi glikolu propylenowego, kt\u00f3ry jest cz\u0119stym sk\u0142adnikiem lek\u00f3w dost\u0119pnych w handlu. Kup Pentobarbital Sodium online.<\/p>\n<p>&nbsp;<\/p>\n<p>Kupowanie pentobarbitalu sodu w Wielkiej Brytanii, uzyskanie pentobarbitalu sodu dla ps\u00f3w, uzyskanie \u015brodk\u00f3w nasennych zawieraj\u0105cych pentobarbital sodu, uzyskanie nembutalu pentobarbitalu sodu oraz uzyskanie pentobarbitalu sodu bez recepty s\u0105 wszystkie mo\u017cliwe opcje. Mo\u017cliwym jest r\u00f3wnie\u017c zakup pentobarbitalu sodu w Wielkiej Brytanii. Stosowanie leku pentobarbital, znanego r\u00f3wnie\u017c jako s\u00f3l pentobarbitalu, jest \u015brodkiem uspokajaj\u0105cym stosowanym w leczeniu napad\u00f3w padaczkowych u ps\u00f3w. Pentobarbital sodu Online, Pentobarbital Sodium Buy, Pentobarbital Sodium China, Pentobarbital Sodium Death, Pentobarbital Sodium Dawkowanie, Pentobarbital Sodium Injection dla ps\u00f3w, Pentobarbital Sodium Injection dla ludzi, Pentobarbital Sodium Group, Pentobarbital Sodium Injection dla ps\u00f3w, Pentobar Injection <s><\/p>\n","protected":false},"excerpt":{"rendered":"<p>Nembutal Pentobarbital na sprzeda\u017c w Wielkiej Brytanii, Europie online w najlepszych cenach mo\u017cna znale\u017a\u0107 tylko w internetowej aptece Nembutal.<\/p>\n<p>Do podawania do\u017cylnego lub domi\u0119\u015bniowego pentobarbital sodu w zastrzyku jest sterylny. Do wstrzykiwa\u0144 ka\u017cdy mililitr zawiera 50 miligram\u00f3w pentobarbitalu sodu rozpuszczonego w 40% glikolu propylenowym, 10% etanolu i wodzie. Za pomoc\u0105 kwasu solnego lub wodorotlenku sodu pH mo\u017cna podnie\u015b\u0107 do 9,5.<\/p>\n","protected":false},"featured_media":5814,"comment_status":"open","ping_status":"closed","template":"","meta":[],"product_brand":[],"product_cat":[3818],"product_tag":[],"class_list":{"0":"post-5804","1":"product","2":"type-product","3":"status-publish","4":"has-post-thumbnail","6":"product_cat-pentobarbital-na-sprzeda","8":"first","9":"instock","10":"shipping-taxable","11":"purchasable","12":"product-type-variable"},"yoast_head":"<!-- This site is optimized with the Yoast SEO plugin v27.3 - https:\/\/yoast.com\/product\/yoast-seo-wordpress\/ -->\n<title>Kup pentobarbital sodu online - najlepsze globalne leki<\/title>\n<meta name=\"description\" content=\"Apteka internetowa Nembutal jest jedynym niezawodnym miejscem, w kt\u00f3rym mo\u017cna kupi\u0107 Nembutal Pentobarbital na sprzeda\u017c w Wielkiej Brytanii, Europie online w najlepszych dost\u0119pnych cenach.\" \/>\n<meta name=\"robots\" content=\"index, follow, max-snippet:-1, max-image-preview:large, max-video-preview:-1\" \/>\n<link rel=\"canonical\" href=\"https:\/\/medicinasinc.com\/pl\/product\/kup-pentobarbital-sod-online\/\" \/>\n<meta property=\"og:locale\" content=\"en_US\" \/>\n<meta property=\"og:type\" content=\"article\" \/>\n<meta property=\"og:title\" content=\"Kup pentobarbital sodu online - najlepsze globalne leki\" \/>\n<meta property=\"og:description\" content=\"Apteka internetowa Nembutal jest jedynym niezawodnym miejscem, w kt\u00f3rym mo\u017cna kupi\u0107 Nembutal Pentobarbital na sprzeda\u017c w Wielkiej Brytanii, Europie online w najlepszych dost\u0119pnych cenach.\" \/>\n<meta property=\"og:url\" content=\"https:\/\/medicinasinc.com\/pl\/product\/kup-pentobarbital-sod-online\/\" \/>\n<meta property=\"og:site_name\" content=\"Medicinas Inc\" \/>\n<meta property=\"article:modified_time\" content=\"2022-03-22T00:46:18+00:00\" \/>\n<meta property=\"og:image\" content=\"https:\/\/medicinasinc.com\/pl\/wp-content\/uploads\/sites\/13\/2022\/02\/buy-Nembutal-Pentobarbital.jpg\" \/>\n\t<meta property=\"og:image:width\" content=\"600\" \/>\n\t<meta property=\"og:image:height\" content=\"600\" \/>\n\t<meta property=\"og:image:type\" content=\"image\/jpeg\" \/>\n<meta name=\"twitter:card\" content=\"summary_large_image\" \/>\n<meta name=\"twitter:label1\" content=\"Est. reading time\" \/>\n\t<meta name=\"twitter:data1\" content=\"3 minutes\" \/>\n<script type=\"application\/ld+json\" class=\"yoast-schema-graph\">{\"@context\":\"https:\\\/\\\/schema.org\",\"@graph\":[{\"@type\":\"WebPage\",\"@id\":\"https:\\\/\\\/medicinasinc.com\\\/pl\\\/product\\\/kup-pentobarbital-sod-online\\\/\",\"url\":\"https:\\\/\\\/medicinasinc.com\\\/pl\\\/product\\\/kup-pentobarbital-sod-online\\\/\",\"name\":\"Kup pentobarbital sodu online - najlepsze globalne leki\",\"isPartOf\":{\"@id\":\"https:\\\/\\\/medicinasinc.com\\\/pl\\\/#website\"},\"primaryImageOfPage\":{\"@id\":\"https:\\\/\\\/medicinasinc.com\\\/pl\\\/product\\\/kup-pentobarbital-sod-online\\\/#primaryimage\"},\"image\":{\"@id\":\"https:\\\/\\\/medicinasinc.com\\\/pl\\\/product\\\/kup-pentobarbital-sod-online\\\/#primaryimage\"},\"thumbnailUrl\":\"https:\\\/\\\/medicinasinc.com\\\/pl\\\/wp-content\\\/uploads\\\/sites\\\/13\\\/2022\\\/02\\\/buy-Nembutal-Pentobarbital.jpg\",\"datePublished\":\"2022-02-22T06:35:00+00:00\",\"dateModified\":\"2022-03-22T00:46:18+00:00\",\"description\":\"Apteka internetowa Nembutal jest jedynym niezawodnym miejscem, w kt\u00f3rym mo\u017cna kupi\u0107 Nembutal Pentobarbital na sprzeda\u017c w Wielkiej Brytanii, Europie online w najlepszych dost\u0119pnych cenach.\",\"breadcrumb\":{\"@id\":\"https:\\\/\\\/medicinasinc.com\\\/pl\\\/product\\\/kup-pentobarbital-sod-online\\\/#breadcrumb\"},\"inLanguage\":\"en-US\",\"potentialAction\":[{\"@type\":\"ReadAction\",\"target\":[\"https:\\\/\\\/medicinasinc.com\\\/pl\\\/product\\\/kup-pentobarbital-sod-online\\\/\"]}]},{\"@type\":\"ImageObject\",\"inLanguage\":\"en-US\",\"@id\":\"https:\\\/\\\/medicinasinc.com\\\/pl\\\/product\\\/kup-pentobarbital-sod-online\\\/#primaryimage\",\"url\":\"https:\\\/\\\/medicinasinc.com\\\/pl\\\/wp-content\\\/uploads\\\/sites\\\/13\\\/2022\\\/02\\\/buy-Nembutal-Pentobarbital.jpg\",\"contentUrl\":\"https:\\\/\\\/medicinasinc.com\\\/pl\\\/wp-content\\\/uploads\\\/sites\\\/13\\\/2022\\\/02\\\/buy-Nembutal-Pentobarbital.jpg\",\"width\":600,\"height\":600,\"caption\":\"Buy Nembutal Online\"},{\"@type\":\"BreadcrumbList\",\"@id\":\"https:\\\/\\\/medicinasinc.com\\\/pl\\\/product\\\/kup-pentobarbital-sod-online\\\/#breadcrumb\",\"itemListElement\":[{\"@type\":\"ListItem\",\"position\":1,\"name\":\"Sklep\",\"item\":\"https:\\\/\\\/medicinasinc.com\\\/pl\\\/sklep\\\/\"},{\"@type\":\"ListItem\",\"position\":2,\"name\":\"Kup pentobarbital sodu online\"}]},{\"@type\":\"WebSite\",\"@id\":\"https:\\\/\\\/medicinasinc.com\\\/pl\\\/#website\",\"url\":\"https:\\\/\\\/medicinasinc.com\\\/pl\\\/\",\"name\":\"Medicinas Inc\",\"description\":\"Health Medical Clinic\",\"potentialAction\":[{\"@type\":\"SearchAction\",\"target\":{\"@type\":\"EntryPoint\",\"urlTemplate\":\"https:\\\/\\\/medicinasinc.com\\\/pl\\\/?s={search_term_string}\"},\"query-input\":{\"@type\":\"PropertyValueSpecification\",\"valueRequired\":true,\"valueName\":\"search_term_string\"}}],\"inLanguage\":\"en-US\"}]}<\/script>\n<!-- \/ Yoast SEO plugin. -->","yoast_head_json":{"title":"Kup pentobarbital sodu online - najlepsze globalne leki","description":"Apteka internetowa Nembutal jest jedynym niezawodnym miejscem, w kt\u00f3rym mo\u017cna kupi\u0107 Nembutal Pentobarbital na sprzeda\u017c w Wielkiej Brytanii, Europie online w najlepszych dost\u0119pnych cenach.","robots":{"index":"index","follow":"follow","max-snippet":"max-snippet:-1","max-image-preview":"max-image-preview:large","max-video-preview":"max-video-preview:-1"},"canonical":"https:\/\/medicinasinc.com\/pl\/product\/kup-pentobarbital-sod-online\/","og_locale":"en_US","og_type":"article","og_title":"Kup pentobarbital sodu online - najlepsze globalne leki","og_description":"Apteka internetowa Nembutal jest jedynym niezawodnym miejscem, w kt\u00f3rym mo\u017cna kupi\u0107 Nembutal Pentobarbital na sprzeda\u017c w Wielkiej Brytanii, Europie online w najlepszych dost\u0119pnych cenach.","og_url":"https:\/\/medicinasinc.com\/pl\/product\/kup-pentobarbital-sod-online\/","og_site_name":"Medicinas Inc","article_modified_time":"2022-03-22T00:46:18+00:00","og_image":[{"width":600,"height":600,"url":"https:\/\/medicinasinc.com\/pl\/wp-content\/uploads\/sites\/13\/2022\/02\/buy-Nembutal-Pentobarbital.jpg","type":"image\/jpeg"}],"twitter_card":"summary_large_image","twitter_misc":{"Est. reading time":"3 minutes"},"schema":{"@context":"https:\/\/schema.org","@graph":[{"@type":"WebPage","@id":"https:\/\/medicinasinc.com\/pl\/product\/kup-pentobarbital-sod-online\/","url":"https:\/\/medicinasinc.com\/pl\/product\/kup-pentobarbital-sod-online\/","name":"Kup pentobarbital sodu online - najlepsze globalne leki","isPartOf":{"@id":"https:\/\/medicinasinc.com\/pl\/#website"},"primaryImageOfPage":{"@id":"https:\/\/medicinasinc.com\/pl\/product\/kup-pentobarbital-sod-online\/#primaryimage"},"image":{"@id":"https:\/\/medicinasinc.com\/pl\/product\/kup-pentobarbital-sod-online\/#primaryimage"},"thumbnailUrl":"https:\/\/medicinasinc.com\/pl\/wp-content\/uploads\/sites\/13\/2022\/02\/buy-Nembutal-Pentobarbital.jpg","datePublished":"2022-02-22T06:35:00+00:00","dateModified":"2022-03-22T00:46:18+00:00","description":"Apteka internetowa Nembutal jest jedynym niezawodnym miejscem, w kt\u00f3rym mo\u017cna kupi\u0107 Nembutal Pentobarbital na sprzeda\u017c w Wielkiej Brytanii, Europie online w najlepszych dost\u0119pnych cenach.","breadcrumb":{"@id":"https:\/\/medicinasinc.com\/pl\/product\/kup-pentobarbital-sod-online\/#breadcrumb"},"inLanguage":"en-US","potentialAction":[{"@type":"ReadAction","target":["https:\/\/medicinasinc.com\/pl\/product\/kup-pentobarbital-sod-online\/"]}]},{"@type":"ImageObject","inLanguage":"en-US","@id":"https:\/\/medicinasinc.com\/pl\/product\/kup-pentobarbital-sod-online\/#primaryimage","url":"https:\/\/medicinasinc.com\/pl\/wp-content\/uploads\/sites\/13\/2022\/02\/buy-Nembutal-Pentobarbital.jpg","contentUrl":"https:\/\/medicinasinc.com\/pl\/wp-content\/uploads\/sites\/13\/2022\/02\/buy-Nembutal-Pentobarbital.jpg","width":600,"height":600,"caption":"Buy Nembutal Online"},{"@type":"BreadcrumbList","@id":"https:\/\/medicinasinc.com\/pl\/product\/kup-pentobarbital-sod-online\/#breadcrumb","itemListElement":[{"@type":"ListItem","position":1,"name":"Sklep","item":"https:\/\/medicinasinc.com\/pl\/sklep\/"},{"@type":"ListItem","position":2,"name":"Kup pentobarbital sodu online"}]},{"@type":"WebSite","@id":"https:\/\/medicinasinc.com\/pl\/#website","url":"https:\/\/medicinasinc.com\/pl\/","name":"Medicinas Inc","description":"Health Medical Clinic","potentialAction":[{"@type":"SearchAction","target":{"@type":"EntryPoint","urlTemplate":"https:\/\/medicinasinc.com\/pl\/?s={search_term_string}"},"query-input":{"@type":"PropertyValueSpecification","valueRequired":true,"valueName":"search_term_string"}}],"inLanguage":"en-US"}]}},"_links":{"self":[{"href":"https:\/\/medicinasinc.com\/pl\/wp-json\/wp\/v2\/product\/5804","targetHints":{"allow":["GET"]}}],"collection":[{"href":"https:\/\/medicinasinc.com\/pl\/wp-json\/wp\/v2\/product"}],"about":[{"href":"https:\/\/medicinasinc.com\/pl\/wp-json\/wp\/v2\/types\/product"}],"replies":[{"embeddable":true,"href":"https:\/\/medicinasinc.com\/pl\/wp-json\/wp\/v2\/comments?post=5804"}],"wp:featuredmedia":[{"embeddable":true,"href":"https:\/\/medicinasinc.com\/pl\/wp-json\/wp\/v2\/media\/5814"}],"wp:attachment":[{"href":"https:\/\/medicinasinc.com\/pl\/wp-json\/wp\/v2\/media?parent=5804"}],"wp:term":[{"taxonomy":"product_brand","embeddable":true,"href":"https:\/\/medicinasinc.com\/pl\/wp-json\/wp\/v2\/product_brand?post=5804"},{"taxonomy":"product_cat","embeddable":true,"href":"https:\/\/medicinasinc.com\/pl\/wp-json\/wp\/v2\/product_cat?post=5804"},{"taxonomy":"product_tag","embeddable":true,"href":"https:\/\/medicinasinc.com\/pl\/wp-json\/wp\/v2\/product_tag?post=5804"}],"curies":[{"name":"wp","href":"https:\/\/api.w.org\/{rel}","templated":true}]}}