{"id":5798,"date":"2022-02-22T06:27:38","date_gmt":"2022-02-22T06:27:38","guid":{"rendered":"https:\/\/medicinasinc.com\/pl\/?post_type=product&#038;p=5798"},"modified":"2022-03-22T00:46:32","modified_gmt":"2022-03-22T00:46:32","slug":"kup-fenobarbital-fenobarbital-luminal","status":"publish","type":"product","link":"https:\/\/medicinasinc.com\/pl\/product\/kup-fenobarbital-fenobarbital-luminal\/","title":{"rendered":"Kup fenobarbital (fenobarbital) \/ luminal"},"content":{"rendered":"<p>Kup tani fenobarbital luminalny fenobarbital online w renomowanej aptece za najlepsz\u0105 cen\u0119<\/p>\n<p>Korzystanie z apteki internetowej, takiej jak Nembutal Pharmacy, jest wygodnym sposobem dla konsument\u00f3w na uzyskanie recept i lek\u00f3w. Fenobarbital Luminal online mo\u017cna kupi\u0107 na naszej stronie internetowej w dowolnym momencie, wi\u0119c nie przegap. Tutaj mo\u017cesz kupi\u0107 ten lek w rozs\u0105dnej cenie.<\/p>\n<p>Dzi\u0119ki naszej internetowej aptece mo\u017cesz mie\u0107 pewno\u015b\u0107, \u017ce zawsze otrzymasz leki wysokiej jako\u015bci. Klienci mog\u0105 oczekiwa\u0107, \u017ce ich recepty dotr\u0105 do tej apteki na czas. Nie tolerujemy jakiejkolwiek opiesza\u0142o\u015bci w naszej pracy i ka\u017cde zadanie wykonujemy szybko. Skontaktuj si\u0119 z nami natychmiast, aby zam\u00f3wi\u0107 fenobarbital luminalny online w najlepszej cenie i otrzyma\u0107 go szybko, je\u015bli szukasz apteki internetowej takiej jak nasza!<\/p>\n<p>Luminalny fenobarbital: co mo\u017cemy zrobi\u0107, aby upewni\u0107 si\u0119, \u017ce go u\u017cywasz Bezpiecznie?<\/p>\n<p>Penobarbital Luminal to dobrze znany lek stosowany w leczeniu napad\u00f3w padaczkowych. Mo\u017cesz r\u00f3wnie\u017c za\u017cywa\u0107 ten lek w leczeniu l\u0119ku, bezsenno\u015bci i innych schorze\u0144. Przed za\u017cyciem tego leku nale\u017cy skonsultowa\u0107 si\u0119 z lekarzem. Fenobarbital Luminal nale\u017cy rozpocz\u0105\u0107 dopiero po dok\u0142adnej rozmowie z lekarzem.<\/p>\n<p>Przy ka\u017cdym zam\u00f3wieniu nasza internetowa apteka udost\u0119pnia szczeg\u00f3\u0142owy przewodnik po lekach. Z tego powodu mo\u017cesz bezpiecznie post\u0119powa\u0107 zgodnie z instrukcjami leku i z niego korzysta\u0107. Jeste\u015bmy tutaj, aby jak naj\u0142atwiej zam\u00f3wi\u0107 fenobarbital luminal online. Skorzystaj z zalet tego leku, kontaktuj\u0105c si\u0119 z nami natychmiast. Jeste\u015bmy tutaj, aby Ci pom\u00f3c przez ca\u0142y czas.<\/p>\n","protected":false},"excerpt":{"rendered":"<p>Kt\u00f3ra apteka internetowa oferuje najta\u0144szy fenobarbital luminal?<\/p>\n<p>Nasza apteka internetowa prowadzi obecnie sprzeda\u017c tabletek z fenobarbitalem. Fenobarbital Luminal do zam\u00f3wie\u0144 sprzeda\u017cy s\u0105 przetwarzane tak szybko, jak to mo\u017cliwe. Po prostu skontaktuj si\u0119 z nami ju\u017c dzi\u015b, a wy\u015blemy Ci Tw\u00f3j lek tak szybko, jak to mo\u017cliwe. Nadszed\u0142 czas, aby si\u0119 po\u0142\u0105czy\u0107!<\/p>\n","protected":false},"featured_media":5808,"comment_status":"open","ping_status":"closed","template":"","meta":[],"product_brand":[],"product_cat":[3818],"product_tag":[3970,3971,3960,3969,3955,3963,3956,3958,3961,3962,3967,3968,3964,3965,3957,3966,3959],"class_list":{"0":"post-5798","1":"product","2":"type-product","3":"status-publish","4":"has-post-thumbnail","6":"product_cat-pentobarbital-na-sprzeda","7":"product_tag-co-to-jest-fenobarbital","8":"product_tag-co-jest-po-w-medycznych-warunkach","9":"product_tag-dawkowanie-fenobarbitalu","10":"product_tag-do-czego-jest-phenobarb-uywany","11":"product_tag-efekt-uboczny-barbituranw","12":"product_tag-efekty-uboczne-fenobarbitalu-dla-psw","13":"product_tag-koszt-fenobarbitalu-dla-psa","14":"product_tag-fenobarbital-marka","15":"product_tag-phenobarbital-doses","16":"product_tag-phenobarbital-for-dogs-dosage","17":"product_tag-phenobarbital-side-effects-dogs","18":"product_tag-phenobarbitone-level","19":"product_tag-poziom-fenobarbitalu","20":"product_tag-przedawkowanie-fenobarbitalu","21":"product_tag-przedawkowanie-fenobarbu","22":"product_tag-skutki-uboczne-fenobarbitalu","23":"product_tag-substancja-kontrolowana-przez-fenobarbital","25":"first","26":"instock","27":"shipping-taxable","28":"purchasable","29":"product-type-variable"},"yoast_head":"<!-- This site is optimized with the Yoast SEO plugin v27.3 - https:\/\/yoast.com\/product\/yoast-seo-wordpress\/ -->\n<title>Kup fenobarbital (fenobarbital) \/ luminal - najlepsze globalne leki<\/title>\n<meta name=\"description\" content=\"Mo\u017cesz teraz dokona\u0107 zakupu tabletek luminalnych fenobarbitalu w internetowej aptece Nembutal. Twoje zam\u00f3wienie na sprzeda\u017c Phenobarbital Luminal zostanie zrealizowane w mo\u017cliwie najkr\u00f3tszym czasie. Wszystko, co musisz zrobi\u0107, to zadzwoni\u0107, wys\u0142a\u0107 SMS-a lub wys\u0142a\u0107 e-mail ju\u017c dzi\u015b, a wkr\u00f3tce otrzymasz leki. Po\u0142\u0105cz teraz!\" \/>\n<meta name=\"robots\" content=\"index, follow, max-snippet:-1, max-image-preview:large, max-video-preview:-1\" \/>\n<link rel=\"canonical\" href=\"https:\/\/medicinasinc.com\/pl\/product\/kup-fenobarbital-fenobarbital-luminal\/\" \/>\n<meta property=\"og:locale\" content=\"en_US\" \/>\n<meta property=\"og:type\" content=\"article\" \/>\n<meta property=\"og:title\" content=\"Kup fenobarbital (fenobarbital) \/ luminal - najlepsze globalne leki\" \/>\n<meta property=\"og:description\" content=\"Mo\u017cesz teraz dokona\u0107 zakupu tabletek luminalnych fenobarbitalu w internetowej aptece Nembutal. Twoje zam\u00f3wienie na sprzeda\u017c Phenobarbital Luminal zostanie zrealizowane w mo\u017cliwie najkr\u00f3tszym czasie. Wszystko, co musisz zrobi\u0107, to zadzwoni\u0107, wys\u0142a\u0107 SMS-a lub wys\u0142a\u0107 e-mail ju\u017c dzi\u015b, a wkr\u00f3tce otrzymasz leki. Po\u0142\u0105cz teraz!\" \/>\n<meta property=\"og:url\" content=\"https:\/\/medicinasinc.com\/pl\/product\/kup-fenobarbital-fenobarbital-luminal\/\" \/>\n<meta property=\"og:site_name\" content=\"Medicinas Inc\" \/>\n<meta property=\"article:modified_time\" content=\"2022-03-22T00:46:32+00:00\" \/>\n<meta property=\"og:image\" content=\"https:\/\/medicinasinc.com\/pl\/wp-content\/uploads\/sites\/13\/2022\/02\/Buy-Phenobarbital-Tablets.jpg\" \/>\n\t<meta property=\"og:image:width\" content=\"600\" \/>\n\t<meta property=\"og:image:height\" content=\"600\" \/>\n\t<meta property=\"og:image:type\" content=\"image\/jpeg\" \/>\n<meta name=\"twitter:card\" content=\"summary_large_image\" \/>\n<meta name=\"twitter:label1\" content=\"Est. reading time\" \/>\n\t<meta name=\"twitter:data1\" content=\"2 minutes\" \/>\n<script type=\"application\/ld+json\" class=\"yoast-schema-graph\">{\"@context\":\"https:\\\/\\\/schema.org\",\"@graph\":[{\"@type\":\"WebPage\",\"@id\":\"https:\\\/\\\/medicinasinc.com\\\/pl\\\/product\\\/kup-fenobarbital-fenobarbital-luminal\\\/\",\"url\":\"https:\\\/\\\/medicinasinc.com\\\/pl\\\/product\\\/kup-fenobarbital-fenobarbital-luminal\\\/\",\"name\":\"Kup fenobarbital (fenobarbital) \\\/ luminal - najlepsze globalne leki\",\"isPartOf\":{\"@id\":\"https:\\\/\\\/medicinasinc.com\\\/pl\\\/#website\"},\"primaryImageOfPage\":{\"@id\":\"https:\\\/\\\/medicinasinc.com\\\/pl\\\/product\\\/kup-fenobarbital-fenobarbital-luminal\\\/#primaryimage\"},\"image\":{\"@id\":\"https:\\\/\\\/medicinasinc.com\\\/pl\\\/product\\\/kup-fenobarbital-fenobarbital-luminal\\\/#primaryimage\"},\"thumbnailUrl\":\"https:\\\/\\\/medicinasinc.com\\\/pl\\\/wp-content\\\/uploads\\\/sites\\\/13\\\/2022\\\/02\\\/Buy-Phenobarbital-Tablets.jpg\",\"datePublished\":\"2022-02-22T06:27:38+00:00\",\"dateModified\":\"2022-03-22T00:46:32+00:00\",\"description\":\"Mo\u017cesz teraz dokona\u0107 zakupu tabletek luminalnych fenobarbitalu w internetowej aptece Nembutal. Twoje zam\u00f3wienie na sprzeda\u017c Phenobarbital Luminal zostanie zrealizowane w mo\u017cliwie najkr\u00f3tszym czasie. Wszystko, co musisz zrobi\u0107, to zadzwoni\u0107, wys\u0142a\u0107 SMS-a lub wys\u0142a\u0107 e-mail ju\u017c dzi\u015b, a wkr\u00f3tce otrzymasz leki. Po\u0142\u0105cz teraz!\",\"breadcrumb\":{\"@id\":\"https:\\\/\\\/medicinasinc.com\\\/pl\\\/product\\\/kup-fenobarbital-fenobarbital-luminal\\\/#breadcrumb\"},\"inLanguage\":\"en-US\",\"potentialAction\":[{\"@type\":\"ReadAction\",\"target\":[\"https:\\\/\\\/medicinasinc.com\\\/pl\\\/product\\\/kup-fenobarbital-fenobarbital-luminal\\\/\"]}]},{\"@type\":\"ImageObject\",\"inLanguage\":\"en-US\",\"@id\":\"https:\\\/\\\/medicinasinc.com\\\/pl\\\/product\\\/kup-fenobarbital-fenobarbital-luminal\\\/#primaryimage\",\"url\":\"https:\\\/\\\/medicinasinc.com\\\/pl\\\/wp-content\\\/uploads\\\/sites\\\/13\\\/2022\\\/02\\\/Buy-Phenobarbital-Tablets.jpg\",\"contentUrl\":\"https:\\\/\\\/medicinasinc.com\\\/pl\\\/wp-content\\\/uploads\\\/sites\\\/13\\\/2022\\\/02\\\/Buy-Phenobarbital-Tablets.jpg\",\"width\":600,\"height\":600},{\"@type\":\"BreadcrumbList\",\"@id\":\"https:\\\/\\\/medicinasinc.com\\\/pl\\\/product\\\/kup-fenobarbital-fenobarbital-luminal\\\/#breadcrumb\",\"itemListElement\":[{\"@type\":\"ListItem\",\"position\":1,\"name\":\"Sklep\",\"item\":\"https:\\\/\\\/medicinasinc.com\\\/pl\\\/sklep\\\/\"},{\"@type\":\"ListItem\",\"position\":2,\"name\":\"Kup fenobarbital (fenobarbital) \\\/ luminal\"}]},{\"@type\":\"WebSite\",\"@id\":\"https:\\\/\\\/medicinasinc.com\\\/pl\\\/#website\",\"url\":\"https:\\\/\\\/medicinasinc.com\\\/pl\\\/\",\"name\":\"Medicinas Inc\",\"description\":\"Health Medical Clinic\",\"potentialAction\":[{\"@type\":\"SearchAction\",\"target\":{\"@type\":\"EntryPoint\",\"urlTemplate\":\"https:\\\/\\\/medicinasinc.com\\\/pl\\\/?s={search_term_string}\"},\"query-input\":{\"@type\":\"PropertyValueSpecification\",\"valueRequired\":true,\"valueName\":\"search_term_string\"}}],\"inLanguage\":\"en-US\"}]}<\/script>\n<!-- \/ Yoast SEO plugin. -->","yoast_head_json":{"title":"Kup fenobarbital (fenobarbital) \/ luminal - najlepsze globalne leki","description":"Mo\u017cesz teraz dokona\u0107 zakupu tabletek luminalnych fenobarbitalu w internetowej aptece Nembutal. Twoje zam\u00f3wienie na sprzeda\u017c Phenobarbital Luminal zostanie zrealizowane w mo\u017cliwie najkr\u00f3tszym czasie. Wszystko, co musisz zrobi\u0107, to zadzwoni\u0107, wys\u0142a\u0107 SMS-a lub wys\u0142a\u0107 e-mail ju\u017c dzi\u015b, a wkr\u00f3tce otrzymasz leki. Po\u0142\u0105cz teraz!","robots":{"index":"index","follow":"follow","max-snippet":"max-snippet:-1","max-image-preview":"max-image-preview:large","max-video-preview":"max-video-preview:-1"},"canonical":"https:\/\/medicinasinc.com\/pl\/product\/kup-fenobarbital-fenobarbital-luminal\/","og_locale":"en_US","og_type":"article","og_title":"Kup fenobarbital (fenobarbital) \/ luminal - najlepsze globalne leki","og_description":"Mo\u017cesz teraz dokona\u0107 zakupu tabletek luminalnych fenobarbitalu w internetowej aptece Nembutal. Twoje zam\u00f3wienie na sprzeda\u017c Phenobarbital Luminal zostanie zrealizowane w mo\u017cliwie najkr\u00f3tszym czasie. Wszystko, co musisz zrobi\u0107, to zadzwoni\u0107, wys\u0142a\u0107 SMS-a lub wys\u0142a\u0107 e-mail ju\u017c dzi\u015b, a wkr\u00f3tce otrzymasz leki. Po\u0142\u0105cz teraz!","og_url":"https:\/\/medicinasinc.com\/pl\/product\/kup-fenobarbital-fenobarbital-luminal\/","og_site_name":"Medicinas Inc","article_modified_time":"2022-03-22T00:46:32+00:00","og_image":[{"width":600,"height":600,"url":"https:\/\/medicinasinc.com\/pl\/wp-content\/uploads\/sites\/13\/2022\/02\/Buy-Phenobarbital-Tablets.jpg","type":"image\/jpeg"}],"twitter_card":"summary_large_image","twitter_misc":{"Est. reading time":"2 minutes"},"schema":{"@context":"https:\/\/schema.org","@graph":[{"@type":"WebPage","@id":"https:\/\/medicinasinc.com\/pl\/product\/kup-fenobarbital-fenobarbital-luminal\/","url":"https:\/\/medicinasinc.com\/pl\/product\/kup-fenobarbital-fenobarbital-luminal\/","name":"Kup fenobarbital (fenobarbital) \/ luminal - najlepsze globalne leki","isPartOf":{"@id":"https:\/\/medicinasinc.com\/pl\/#website"},"primaryImageOfPage":{"@id":"https:\/\/medicinasinc.com\/pl\/product\/kup-fenobarbital-fenobarbital-luminal\/#primaryimage"},"image":{"@id":"https:\/\/medicinasinc.com\/pl\/product\/kup-fenobarbital-fenobarbital-luminal\/#primaryimage"},"thumbnailUrl":"https:\/\/medicinasinc.com\/pl\/wp-content\/uploads\/sites\/13\/2022\/02\/Buy-Phenobarbital-Tablets.jpg","datePublished":"2022-02-22T06:27:38+00:00","dateModified":"2022-03-22T00:46:32+00:00","description":"Mo\u017cesz teraz dokona\u0107 zakupu tabletek luminalnych fenobarbitalu w internetowej aptece Nembutal. Twoje zam\u00f3wienie na sprzeda\u017c Phenobarbital Luminal zostanie zrealizowane w mo\u017cliwie najkr\u00f3tszym czasie. Wszystko, co musisz zrobi\u0107, to zadzwoni\u0107, wys\u0142a\u0107 SMS-a lub wys\u0142a\u0107 e-mail ju\u017c dzi\u015b, a wkr\u00f3tce otrzymasz leki. Po\u0142\u0105cz teraz!","breadcrumb":{"@id":"https:\/\/medicinasinc.com\/pl\/product\/kup-fenobarbital-fenobarbital-luminal\/#breadcrumb"},"inLanguage":"en-US","potentialAction":[{"@type":"ReadAction","target":["https:\/\/medicinasinc.com\/pl\/product\/kup-fenobarbital-fenobarbital-luminal\/"]}]},{"@type":"ImageObject","inLanguage":"en-US","@id":"https:\/\/medicinasinc.com\/pl\/product\/kup-fenobarbital-fenobarbital-luminal\/#primaryimage","url":"https:\/\/medicinasinc.com\/pl\/wp-content\/uploads\/sites\/13\/2022\/02\/Buy-Phenobarbital-Tablets.jpg","contentUrl":"https:\/\/medicinasinc.com\/pl\/wp-content\/uploads\/sites\/13\/2022\/02\/Buy-Phenobarbital-Tablets.jpg","width":600,"height":600},{"@type":"BreadcrumbList","@id":"https:\/\/medicinasinc.com\/pl\/product\/kup-fenobarbital-fenobarbital-luminal\/#breadcrumb","itemListElement":[{"@type":"ListItem","position":1,"name":"Sklep","item":"https:\/\/medicinasinc.com\/pl\/sklep\/"},{"@type":"ListItem","position":2,"name":"Kup fenobarbital (fenobarbital) \/ luminal"}]},{"@type":"WebSite","@id":"https:\/\/medicinasinc.com\/pl\/#website","url":"https:\/\/medicinasinc.com\/pl\/","name":"Medicinas Inc","description":"Health Medical Clinic","potentialAction":[{"@type":"SearchAction","target":{"@type":"EntryPoint","urlTemplate":"https:\/\/medicinasinc.com\/pl\/?s={search_term_string}"},"query-input":{"@type":"PropertyValueSpecification","valueRequired":true,"valueName":"search_term_string"}}],"inLanguage":"en-US"}]}},"_links":{"self":[{"href":"https:\/\/medicinasinc.com\/pl\/wp-json\/wp\/v2\/product\/5798","targetHints":{"allow":["GET"]}}],"collection":[{"href":"https:\/\/medicinasinc.com\/pl\/wp-json\/wp\/v2\/product"}],"about":[{"href":"https:\/\/medicinasinc.com\/pl\/wp-json\/wp\/v2\/types\/product"}],"replies":[{"embeddable":true,"href":"https:\/\/medicinasinc.com\/pl\/wp-json\/wp\/v2\/comments?post=5798"}],"wp:featuredmedia":[{"embeddable":true,"href":"https:\/\/medicinasinc.com\/pl\/wp-json\/wp\/v2\/media\/5808"}],"wp:attachment":[{"href":"https:\/\/medicinasinc.com\/pl\/wp-json\/wp\/v2\/media?parent=5798"}],"wp:term":[{"taxonomy":"product_brand","embeddable":true,"href":"https:\/\/medicinasinc.com\/pl\/wp-json\/wp\/v2\/product_brand?post=5798"},{"taxonomy":"product_cat","embeddable":true,"href":"https:\/\/medicinasinc.com\/pl\/wp-json\/wp\/v2\/product_cat?post=5798"},{"taxonomy":"product_tag","embeddable":true,"href":"https:\/\/medicinasinc.com\/pl\/wp-json\/wp\/v2\/product_tag?post=5798"}],"curies":[{"name":"wp","href":"https:\/\/api.w.org\/{rel}","templated":true}]}}