{"id":5792,"date":"2022-02-22T06:20:38","date_gmt":"2022-02-22T06:20:38","guid":{"rendered":"https:\/\/medicinasinc.com\/pl\/?post_type=product&#038;p=5792"},"modified":"2022-03-22T00:46:42","modified_gmt":"2022-03-22T00:46:42","slug":"kup-seconal-sod","status":"publish","type":"product","link":"https:\/\/medicinasinc.com\/pl\/product\/kup-seconal-sod\/","title":{"rendered":"Kupuj s\u00f3l sodow\u0105"},"content":{"rendered":"<p>Zam\u00f3w Seconal Sodium Online w najlepszej aptece. \u2013<\/p>\n<p>Teraz mo\u017cna kupi\u0107 Nembutal online z Seconal Sodium po najni\u017cszych kosztach. W naszej aptece internetowej mo\u017cesz zam\u00f3wi\u0107 Seconal Sodium i dostarczy\u0107 go do domu w ci\u0105gu kilku dni. Aby otrzyma\u0107 szybk\u0105 dostaw\u0119 Seconal Sodium, po prostu z\u0142\u00f3\u017c u nas zam\u00f3wienie, a jeden z cz\u0142onk\u00f3w naszego zespo\u0142u przygotuje i zapakuje go dla Ciebie. Poniewa\u017c dzia\u0142amy w tej bran\u017cy od tak dawna, zbudowali\u015bmy solidn\u0105 reputacj\u0119 godnej zaufania apteki. Je\u015bli chodzi o pozyskiwanie najlepszej jako\u015bci lek\u00f3w, mo\u017cesz polega\u0107 na nas, \u017ce dostarczymy je na czas.<\/p>\n<p>Jakie s\u0105 zalety sekonalnego sodu? Dlaczego warto go kupi\u0107 u nas?<\/p>\n<p>Przed operacj\u0105 stosuje si\u0119 Seconal Sodium, aby pom\u00f3c Ci si\u0119 zrelaksowa\u0107. Nale\u017cy do klasy lek\u00f3w nasennych zwanych barbituranami, do kt\u00f3rych nale\u017cy Seconal. Uspokaja, wp\u0142ywaj\u0105c na okre\u015blone sekcje m\u00f3zgu. Seniorzy powinni om\u00f3wi\u0107 korzy\u015bci i zagro\u017cenia zwi\u0105zane z tym lekiem, a tak\u017ce z silniejszymi, ale prawdopodobnie bezpieczniejszymi lekami, ze swoim lekarzem lub specjalist\u0105 od narkotyk\u00f3w. Zanim zaczniesz za\u017cywa\u0107 Seconal Sodium i za ka\u017cdym razem, gdy otrzymasz uzupe\u0142nienie, przeczytaj Przewodnik po lekach dostarczony przez nasz\u0105 aptek\u0119 internetow\u0105. Je\u015bli masz jakiekolwiek pytania, skonsultuj si\u0119 z lekarzem lub specjalist\u0105 od lek\u00f3w. Przed zabiegiem post\u0119puj zgodnie z instrukcjami lekarza i we\u017a t\u0119 recept\u0119 doustnie, popijaj\u0105c szklank\u0105 wody na pusty \u017co\u0142\u0105dek.<\/p>\n<p>Jedn\u0105 z dolegliwo\u015bci, na kt\u00f3re stosuje si\u0119 wy\u0142\u0105cznie Seconal Sodium, jest ta wymieniona poni\u017cej:<\/p>\n<p>dodatkowe zastrzyki znieczulaj\u0105ce<br \/>dodatkowy \u015brodek wywo\u0142uj\u0105cy znieczulenie<\/p>\n<p>Nasza apteka internetowa Nembutal sprzedaje i dostarcza Seconal Secobarbital sodu w \u017c\u0105dane miejsce tak szybko, jak to mo\u017cliwe. Najlepszym sposobem, w jaki mo\u017cemy Ci s\u0142u\u017cy\u0107, jest umo\u017cliwienie nam tego. Mo\u017cesz bezpiecznie zaufa\u0107 naszej internetowej aptece Nembutal. Nieustannie s\u0142u\u017cymy pomoc\u0105 naszym wa\u017cnym klientom w realizacji ich cel\u00f3w i spe\u0142nianiu ich kryteri\u00f3w. Skontaktuj si\u0119 z nami jak najszybciej!<\/p>\n","protected":false},"excerpt":{"rendered":"<p>Skontaktuj si\u0119 z aptek\u0105 internetow\u0105 Nembutal, aby uzyska\u0107 pomoc<\/p>\n<p>Kup Seconal Sodium na sprzeda\u017c w Wielkiej Brytanii, Europie i na ca\u0142ym \u015bwiecie w najlepszej mo\u017cliwej cenie, sk\u0142adaj\u0105c zam\u00f3wienie online. Nasza internetowa apteka Seconal Sodium oferuje szerok\u0105 gam\u0119 wysokiej jako\u015bci witamin i lek\u00f3w. Aby z\u0142o\u017cy\u0107 zam\u00f3wienie, przejd\u017a do strony internetowej.<\/p>\n<p>Ka\u017cdy na \u015bwiecie mo\u017ce kupi\u0107 Nembutal online w aptece internetowej. W ka\u017cdej chwili, z dowolnego miejsca skontaktuj si\u0119 z nami. Wszelkie pytania lub w\u0105tpliwo\u015bci naszych klient\u00f3w zostan\u0105 niezw\u0142ocznie skierowane przez jednego z naszych przedstawicieli obs\u0142ugi klienta. Pakowanie Twojego produktu rozpoczynamy, gdy tylko otrzymamy od Ciebie dane zam\u00f3wienia. Dbamy o to, aby wszyscy nasi klienci&#8217; leki docieraj\u0105 w bezpiecznym i odpowiednim opakowaniu i \u017caden z nich nie zosta\u0142 naruszony. Podczas wsp\u00f3\u0142pracy z nami nie ma znaczenia jako\u015b\u0107 lek\u00f3w ani stan dostawy. Jeste\u015bmy po to, aby wzi\u0105\u0107 na siebie pe\u0142n\u0105 odpowiedzialno\u015b\u0107 za wszystko. Od tego momentu mo\u017cesz oczekiwa\u0107 tylko tego, co najlepsze dla twojego dobrego samopoczucia. Mo\u017cesz skontaktowa\u0107 si\u0119 z nami telefonicznie, e-mailem lub SMS-em. Kup Seconal Sodium Secobarbital 100 mg z internetowej apteki Nembutal ju\u017c dzi\u015b i otrzymaj go w kr\u00f3tkim czasie.<\/p>\n","protected":false},"featured_media":5802,"comment_status":"open","ping_status":"closed","template":"","meta":[],"product_brand":[],"product_cat":[59,3818],"product_tag":[3820,3821,3822,3823,3826,3827,3828,3829,3830,3897,3913,3831,3834,3835,3879,3926,3925,3954,3923,3916,3920,3918,3919,3922,3948,3841,3842,3843,3840,3907,3904,3824,3952,3819,3845,3949,3866,3869,3911,3874,3876,3882,3883,3884,3885,3890,3891,3892,3893,3898,3899,3900,3906,3880,3875,3909,3908,3887,3889,3902,3888,3895,3886,3951,3894,3910,3896,3927,3881,3844,3953,3903,3901,3921,3950,3878],"class_list":{"0":"post-5792","1":"product","2":"type-product","3":"status-publish","4":"has-post-thumbnail","6":"product_cat-bez-kategorii","7":"product_cat-pentobarbital-na-sprzeda","8":"product_tag-buy-cheap-nembutal-liquid-online","9":"product_tag-buy-cheap-nembutal-online","10":"product_tag-buy-nembutal-here","11":"product_tag-buy-nembutal-liquid-online","12":"product_tag-buy-nembutal-sodium-online","13":"product_tag-buy-pentobarbital-sodium","14":"product_tag-buy-pentobarbital-sodium-2021","15":"product_tag-buy-pentobarbital-sodium-pentobarbital-sodium-salt","16":"product_tag-buy-sodium-pentobarbital-uk","17":"product_tag-pentobarbital-sd-cena","18":"product_tag-chcesz-kupi-nembutal","19":"product_tag-mog-c4-99-kup-c4-87-pentobarbital","20":"product_tag-czy-moesz-kupi-pentobarbital-sd-bez-recepty","21":"product_tag-czy-moesz-kupi-pentobarbital-sodu","22":"product_tag-pentobarbital-sodowy-kup","23":"product_tag-gdzie-kupi-pentobarbital-sodu-dla-psa","24":"product_tag-gdzie-kupi-pentobarbital-sd","25":"product_tag-gdzie-kupi-nembutal-liquid-online","26":"product_tag-gdzie-kupi-tanie-nembutal-online","27":"product_tag-gdzie-mog-kupi-nembutal-pentobarbital-sodowy","28":"product_tag-gdzie-mog-kupi-pentobarbital-sodu","29":"product_tag-gdzie-mog-kupi-pentobarbital-sd","30":"product_tag-gdzie-mog-kupi-pentobarbital-piguki-nasenne-sodowe","31":"product_tag-gdzie-mona-kupi-pentobarbital-sodowy","32":"product_tag-how-to-buy-nembutal-liquid-online","33":"product_tag-how-to-buy-nembutal-online","34":"product_tag-how-to-order-nembutal-by-mail","35":"product_tag-it-is-easy-to-buy-nembutal-online","36":"product_tag-jak-naby-c4-87-nembutal","37":"product_tag-koszt-pentobarbitalu-sodu","38":"product_tag-zakup-nembutal-online","39":"product_tag-kup-nembutal-pentobarbital-sd","40":"product_tag-kup-nembutal-liquid-online","41":"product_tag-najlepszy-lek-na-samobjstwo-przedawkowanie","42":"product_tag-nembutal","43":"product_tag-nembutal-liquid-for-sale","44":"product_tag-nembutal-pills-online","45":"product_tag-nembutal-suicide-dose","46":"product_tag-okres-trwaoci-pentobarbitalu-sodu","47":"product_tag-pentobarbital","48":"product_tag-pentobarbital-do-eutanazji","49":"product_tag-pentobarbital-sodium-dosage","50":"product_tag-pentobarbital-sodium-for-dogs","51":"product_tag-pentobarbital-sodium-for-humans","52":"product_tag-pentobarbital-sodium-group","53":"product_tag-pentobarbital-sodium-liquid","54":"product_tag-pentobarbital-sodium-nz","55":"product_tag-pentobarbital-sodium-oral","56":"product_tag-pentobarbital-sodium-over-the-counter","57":"product_tag-pentobarbital-sodium-salt","58":"product_tag-pentobarbital-sodium-sleeping-pills","59":"product_tag-pentobarbital-sodium-sleeping-pills-over-the-counter","60":"product_tag-sodu-pentobarbital-nembutal","61":"product_tag-pentobarbital-soda-china","62":"product_tag-pentobarbital-de-sodu-dawka-letale","63":"product_tag-pentobarbital-sodowy-do-eutanazji","64":"product_tag-pentobarbital-sodu-do-eutanazji-zwierzt","65":"product_tag-pentobarbital-sodowy-zastrzyk-dla-ludzi","66":"product_tag-pentobarbital-sd-wstrzyknicie-usp","67":"product_tag-pentobarbital-sd-gdzie-kupi","68":"product_tag-roztwr-do-wstrzykiwania-pentobarbitalu-sodu","69":"product_tag-pentobarbital-sodowy-w-proszku","70":"product_tag-pentobarbital-zastrzyk-sodu-dla-psw","71":"product_tag-phenobarbital-sodium-intravenous","72":"product_tag-piguki-pentobarbitalowo-sodowe","73":"product_tag-producenci-pentobarbitalu-sodu","74":"product_tag-pentobarbital-sodowy-na-recept","75":"product_tag-gdzie-kupi-pentobarbital-sodu","76":"product_tag-pentobarbital-sd-c5mier","77":"product_tag-miertelne-zastrzyki-kup-online","78":"product_tag-sd","79":"product_tag-zastosowanie-pentobarbitalu","80":"product_tag-pentobarbital-tabletki-sodu","81":"product_tag-where-can-i-purchase-nembutal","82":"product_tag-zamw-nembutal-liquid-online","83":"product_tag-znieczulenie-pentobarbitalem-sodowym","85":"first","86":"instock","87":"shipping-taxable","88":"purchasable","89":"product-type-variable"},"yoast_head":"<!-- This site is optimized with the Yoast SEO plugin v27.3 - https:\/\/yoast.com\/product\/yoast-seo-wordpress\/ -->\n<title>Kup Seconal Sodium - najlepsze najlepsze globalne leki<\/title>\n<meta name=\"description\" content=\"Kup Seconal Sodium na sprzeda\u017c Wielka Brytania, Europa 100mg online w najlepszej cenie. Ogromny wyb\u00f3r wysokiej jako\u015bci suplement\u00f3w i lek\u00f3w w naszej internetowej aptece Seconal Sodium. Zam\u00f3wienie online.\" \/>\n<meta name=\"robots\" content=\"index, follow, max-snippet:-1, max-image-preview:large, max-video-preview:-1\" \/>\n<link rel=\"canonical\" href=\"https:\/\/medicinasinc.com\/pl\/product\/kup-seconal-sod\/\" \/>\n<meta property=\"og:locale\" content=\"en_US\" \/>\n<meta property=\"og:type\" content=\"article\" \/>\n<meta property=\"og:title\" content=\"Kup Seconal Sodium - najlepsze najlepsze globalne leki\" \/>\n<meta property=\"og:description\" content=\"Kup Seconal Sodium na sprzeda\u017c Wielka Brytania, Europa 100mg online w najlepszej cenie. Ogromny wyb\u00f3r wysokiej jako\u015bci suplement\u00f3w i lek\u00f3w w naszej internetowej aptece Seconal Sodium. Zam\u00f3wienie online.\" \/>\n<meta property=\"og:url\" content=\"https:\/\/medicinasinc.com\/pl\/product\/kup-seconal-sod\/\" \/>\n<meta property=\"og:site_name\" content=\"Medicinas Inc\" \/>\n<meta property=\"article:modified_time\" content=\"2022-03-22T00:46:42+00:00\" \/>\n<meta property=\"og:image\" content=\"https:\/\/medicinasinc.com\/pl\/wp-content\/uploads\/sites\/13\/2022\/02\/Buy-Seconal-Sodium.jpg\" \/>\n\t<meta property=\"og:image:width\" content=\"600\" \/>\n\t<meta property=\"og:image:height\" content=\"600\" \/>\n\t<meta property=\"og:image:type\" content=\"image\/jpeg\" \/>\n<meta name=\"twitter:card\" content=\"summary_large_image\" \/>\n<meta name=\"twitter:label1\" content=\"Est. reading time\" \/>\n\t<meta name=\"twitter:data1\" content=\"2 minutes\" \/>\n<script type=\"application\/ld+json\" class=\"yoast-schema-graph\">{\"@context\":\"https:\\\/\\\/schema.org\",\"@graph\":[{\"@type\":\"WebPage\",\"@id\":\"https:\\\/\\\/medicinasinc.com\\\/pl\\\/product\\\/kup-seconal-sod\\\/\",\"url\":\"https:\\\/\\\/medicinasinc.com\\\/pl\\\/product\\\/kup-seconal-sod\\\/\",\"name\":\"Kup Seconal Sodium - najlepsze najlepsze globalne leki\",\"isPartOf\":{\"@id\":\"https:\\\/\\\/medicinasinc.com\\\/pl\\\/#website\"},\"primaryImageOfPage\":{\"@id\":\"https:\\\/\\\/medicinasinc.com\\\/pl\\\/product\\\/kup-seconal-sod\\\/#primaryimage\"},\"image\":{\"@id\":\"https:\\\/\\\/medicinasinc.com\\\/pl\\\/product\\\/kup-seconal-sod\\\/#primaryimage\"},\"thumbnailUrl\":\"https:\\\/\\\/medicinasinc.com\\\/pl\\\/wp-content\\\/uploads\\\/sites\\\/13\\\/2022\\\/02\\\/Buy-Seconal-Sodium.jpg\",\"datePublished\":\"2022-02-22T06:20:38+00:00\",\"dateModified\":\"2022-03-22T00:46:42+00:00\",\"description\":\"Kup Seconal Sodium na sprzeda\u017c Wielka Brytania, Europa 100mg online w najlepszej cenie. Ogromny wyb\u00f3r wysokiej jako\u015bci suplement\u00f3w i lek\u00f3w w naszej internetowej aptece Seconal Sodium. Zam\u00f3wienie online.\",\"breadcrumb\":{\"@id\":\"https:\\\/\\\/medicinasinc.com\\\/pl\\\/product\\\/kup-seconal-sod\\\/#breadcrumb\"},\"inLanguage\":\"en-US\",\"potentialAction\":[{\"@type\":\"ReadAction\",\"target\":[\"https:\\\/\\\/medicinasinc.com\\\/pl\\\/product\\\/kup-seconal-sod\\\/\"]}]},{\"@type\":\"ImageObject\",\"inLanguage\":\"en-US\",\"@id\":\"https:\\\/\\\/medicinasinc.com\\\/pl\\\/product\\\/kup-seconal-sod\\\/#primaryimage\",\"url\":\"https:\\\/\\\/medicinasinc.com\\\/pl\\\/wp-content\\\/uploads\\\/sites\\\/13\\\/2022\\\/02\\\/Buy-Seconal-Sodium.jpg\",\"contentUrl\":\"https:\\\/\\\/medicinasinc.com\\\/pl\\\/wp-content\\\/uploads\\\/sites\\\/13\\\/2022\\\/02\\\/Buy-Seconal-Sodium.jpg\",\"width\":600,\"height\":600},{\"@type\":\"BreadcrumbList\",\"@id\":\"https:\\\/\\\/medicinasinc.com\\\/pl\\\/product\\\/kup-seconal-sod\\\/#breadcrumb\",\"itemListElement\":[{\"@type\":\"ListItem\",\"position\":1,\"name\":\"Sklep\",\"item\":\"https:\\\/\\\/medicinasinc.com\\\/pl\\\/sklep\\\/\"},{\"@type\":\"ListItem\",\"position\":2,\"name\":\"Kupuj s\u00f3l sodow\u0105\"}]},{\"@type\":\"WebSite\",\"@id\":\"https:\\\/\\\/medicinasinc.com\\\/pl\\\/#website\",\"url\":\"https:\\\/\\\/medicinasinc.com\\\/pl\\\/\",\"name\":\"Medicinas Inc\",\"description\":\"Health Medical Clinic\",\"potentialAction\":[{\"@type\":\"SearchAction\",\"target\":{\"@type\":\"EntryPoint\",\"urlTemplate\":\"https:\\\/\\\/medicinasinc.com\\\/pl\\\/?s={search_term_string}\"},\"query-input\":{\"@type\":\"PropertyValueSpecification\",\"valueRequired\":true,\"valueName\":\"search_term_string\"}}],\"inLanguage\":\"en-US\"}]}<\/script>\n<!-- \/ Yoast SEO plugin. -->","yoast_head_json":{"title":"Kup Seconal Sodium - najlepsze najlepsze globalne leki","description":"Kup Seconal Sodium na sprzeda\u017c Wielka Brytania, Europa 100mg online w najlepszej cenie. Ogromny wyb\u00f3r wysokiej jako\u015bci suplement\u00f3w i lek\u00f3w w naszej internetowej aptece Seconal Sodium. Zam\u00f3wienie online.","robots":{"index":"index","follow":"follow","max-snippet":"max-snippet:-1","max-image-preview":"max-image-preview:large","max-video-preview":"max-video-preview:-1"},"canonical":"https:\/\/medicinasinc.com\/pl\/product\/kup-seconal-sod\/","og_locale":"en_US","og_type":"article","og_title":"Kup Seconal Sodium - najlepsze najlepsze globalne leki","og_description":"Kup Seconal Sodium na sprzeda\u017c Wielka Brytania, Europa 100mg online w najlepszej cenie. Ogromny wyb\u00f3r wysokiej jako\u015bci suplement\u00f3w i lek\u00f3w w naszej internetowej aptece Seconal Sodium. Zam\u00f3wienie online.","og_url":"https:\/\/medicinasinc.com\/pl\/product\/kup-seconal-sod\/","og_site_name":"Medicinas Inc","article_modified_time":"2022-03-22T00:46:42+00:00","og_image":[{"width":600,"height":600,"url":"https:\/\/medicinasinc.com\/pl\/wp-content\/uploads\/sites\/13\/2022\/02\/Buy-Seconal-Sodium.jpg","type":"image\/jpeg"}],"twitter_card":"summary_large_image","twitter_misc":{"Est. reading time":"2 minutes"},"schema":{"@context":"https:\/\/schema.org","@graph":[{"@type":"WebPage","@id":"https:\/\/medicinasinc.com\/pl\/product\/kup-seconal-sod\/","url":"https:\/\/medicinasinc.com\/pl\/product\/kup-seconal-sod\/","name":"Kup Seconal Sodium - najlepsze najlepsze globalne leki","isPartOf":{"@id":"https:\/\/medicinasinc.com\/pl\/#website"},"primaryImageOfPage":{"@id":"https:\/\/medicinasinc.com\/pl\/product\/kup-seconal-sod\/#primaryimage"},"image":{"@id":"https:\/\/medicinasinc.com\/pl\/product\/kup-seconal-sod\/#primaryimage"},"thumbnailUrl":"https:\/\/medicinasinc.com\/pl\/wp-content\/uploads\/sites\/13\/2022\/02\/Buy-Seconal-Sodium.jpg","datePublished":"2022-02-22T06:20:38+00:00","dateModified":"2022-03-22T00:46:42+00:00","description":"Kup Seconal Sodium na sprzeda\u017c Wielka Brytania, Europa 100mg online w najlepszej cenie. Ogromny wyb\u00f3r wysokiej jako\u015bci suplement\u00f3w i lek\u00f3w w naszej internetowej aptece Seconal Sodium. Zam\u00f3wienie online.","breadcrumb":{"@id":"https:\/\/medicinasinc.com\/pl\/product\/kup-seconal-sod\/#breadcrumb"},"inLanguage":"en-US","potentialAction":[{"@type":"ReadAction","target":["https:\/\/medicinasinc.com\/pl\/product\/kup-seconal-sod\/"]}]},{"@type":"ImageObject","inLanguage":"en-US","@id":"https:\/\/medicinasinc.com\/pl\/product\/kup-seconal-sod\/#primaryimage","url":"https:\/\/medicinasinc.com\/pl\/wp-content\/uploads\/sites\/13\/2022\/02\/Buy-Seconal-Sodium.jpg","contentUrl":"https:\/\/medicinasinc.com\/pl\/wp-content\/uploads\/sites\/13\/2022\/02\/Buy-Seconal-Sodium.jpg","width":600,"height":600},{"@type":"BreadcrumbList","@id":"https:\/\/medicinasinc.com\/pl\/product\/kup-seconal-sod\/#breadcrumb","itemListElement":[{"@type":"ListItem","position":1,"name":"Sklep","item":"https:\/\/medicinasinc.com\/pl\/sklep\/"},{"@type":"ListItem","position":2,"name":"Kupuj s\u00f3l sodow\u0105"}]},{"@type":"WebSite","@id":"https:\/\/medicinasinc.com\/pl\/#website","url":"https:\/\/medicinasinc.com\/pl\/","name":"Medicinas Inc","description":"Health Medical Clinic","potentialAction":[{"@type":"SearchAction","target":{"@type":"EntryPoint","urlTemplate":"https:\/\/medicinasinc.com\/pl\/?s={search_term_string}"},"query-input":{"@type":"PropertyValueSpecification","valueRequired":true,"valueName":"search_term_string"}}],"inLanguage":"en-US"}]}},"_links":{"self":[{"href":"https:\/\/medicinasinc.com\/pl\/wp-json\/wp\/v2\/product\/5792","targetHints":{"allow":["GET"]}}],"collection":[{"href":"https:\/\/medicinasinc.com\/pl\/wp-json\/wp\/v2\/product"}],"about":[{"href":"https:\/\/medicinasinc.com\/pl\/wp-json\/wp\/v2\/types\/product"}],"replies":[{"embeddable":true,"href":"https:\/\/medicinasinc.com\/pl\/wp-json\/wp\/v2\/comments?post=5792"}],"wp:featuredmedia":[{"embeddable":true,"href":"https:\/\/medicinasinc.com\/pl\/wp-json\/wp\/v2\/media\/5802"}],"wp:attachment":[{"href":"https:\/\/medicinasinc.com\/pl\/wp-json\/wp\/v2\/media?parent=5792"}],"wp:term":[{"taxonomy":"product_brand","embeddable":true,"href":"https:\/\/medicinasinc.com\/pl\/wp-json\/wp\/v2\/product_brand?post=5792"},{"taxonomy":"product_cat","embeddable":true,"href":"https:\/\/medicinasinc.com\/pl\/wp-json\/wp\/v2\/product_cat?post=5792"},{"taxonomy":"product_tag","embeddable":true,"href":"https:\/\/medicinasinc.com\/pl\/wp-json\/wp\/v2\/product_tag?post=5792"}],"curies":[{"name":"wp","href":"https:\/\/api.w.org\/{rel}","templated":true}]}}