{"id":5785,"date":"2022-02-22T06:12:06","date_gmt":"2022-02-22T06:12:06","guid":{"rendered":"https:\/\/medicinasinc.com\/pl\/?post_type=product&#038;p=5785"},"modified":"2022-03-22T00:46:52","modified_gmt":"2022-03-22T00:46:52","slug":"kup-nembutal-pentobarbital-sod","status":"publish","type":"product","link":"https:\/\/medicinasinc.com\/pl\/product\/kup-nembutal-pentobarbital-sod\/","title":{"rendered":"Kup nembutal pentobarbital sodu"},"content":{"rendered":"<p>Best Global Med oferuje najlepsz\u0105 cen\u0119 i jako\u015b\u0107 na sprzeda\u017c Nembutal Pentobarbital Sodium. Z\u0142\u00f3\u017c wniosek online na naszej stronie internetowej.<\/p>\n<p>Istnieje kilka powod\u00f3w, dla kt\u00f3rych ludzie wybieraj\u0105 nembutal pentobarbital do stosowania doustnego, ale jednym z najcz\u0119stszych jest posta\u0107 p\u0142ynna.<\/p>\n<p>W postaci p\u0142ynnej of Nembutal Fenobarbital (znany r\u00f3wnie\u017c jako Nembutal) jest lekiem barbituranowym. Chocia\u017c w latach 40. i 50. XX wieku powszechnie stosowano jako \u015brodek nasenny, hipnotyzowanie by\u0142o r\u00f3wnie\u017c stosowane jako forma leku przeciwl\u0119kowego (na przyk\u0142ad narkotyku). Przedawkowanie Nembutalu jest o wiele bardziej \u015bmiertelne ni\u017c w przypadku dzisiejszych \u015brodk\u00f3w nasennych. To jeden z najlepszych lek\u00f3w na wspomagane samob\u00f3jstwo, poniewa\u017c jest solidny i cichy. Nembutal jest u\u017cywany przez organizacje celowej eksterminacji w Stanach Zjednoczonych (ustawa Oregon Death With Dignity), Szwajcarii (Dignitas) i Holandii.<\/p>\n<p>Nembutal zosta\u0142 usuni\u0119ty z rynku, poniewa\u017c tak \u0142atwo by\u0142o go przedawkowa\u0107 (przypadkowym lub zaplanowanym), zast\u0105piono go wi\u0119c bezpieczniejszymi lekami nasennymi. Na rok 1998 Nembutal zosta\u0142 usuni\u0119ty z listy rekomendowanych lek\u00f3w rz\u0105du australijskiego. Z drugiej strony Nembutal jest nadal u\u017cywany przez weterynarzy do ko\u0144czenia \u017cycia wi\u0119kszych zwierz\u0105t. Wielu ludziom uda\u0142o si\u0119 zdoby\u0107 nembutal weterynaryjny, aby zako\u0144czy\u0107 swoje \u017cycie. Marilyn Monroe, legendarna ameryka\u0144ska aktorka i piosenkarka, najwyra\u017aniej zabi\u0142a si\u0119 \u015bmierteln\u0105 dawk\u0105 nembutalu.<\/p>\n<p>Kiedy dr John S. Lundy po raz pierwszy zacz\u0105\u0142 u\u017cywa\u0107 r\u00f3wnania soli sodowej \u2014 Na (s\u00f3d) + etyl + metyl + butyl + al \u2014 w 1930 r. nadano mu nazw\u0119 handlow\u0105 \u201eNembutal\u201d (normalny przyrostek dla barbituran\u00f3w). W Danii Lundbeck jest w\u0142a\u015bcicielem znaku towarowego i produkuje Nembutal.<\/p>\n<p>Kr\u00f3tko dzia\u0142aj\u0105ce barbiturany obejmuj\u0105 fenobarbital (angielski) i pentobarbiton (angielski). Fenobarbital wyst\u0119puje w r\u00f3\u017cnych postaciach, w tym w postaci wolnej substancji \u017cr\u0105cej i soli r\u00f3\u017cnych sk\u0142adnik\u00f3w, takich jak s\u00f3d i wap\u0144. W wodzie i etanolu wolny \u015brodek \u017cr\u0105cy jest tylko nieznacznie rozpuszczalny. Nembutal to jedna z marek leku.<\/p>\n<p>Wz\u00f3r chemiczny C11H18N2O3 jest nast\u0119puj\u0105cy:<\/p>\n<p>W\u0105troba bierze udzia\u0142 w procesach metabolicznych.<\/p>\n<p>Okres p\u00f3\u0142trwania zwi\u0105zk\u00f3w organicznych: 15\u201348 godz. Ciecz w proszku, tabletki<\/p>\n","protected":false},"excerpt":{"rendered":"<p>Kup Nembutal Pentobarbital Sodium online w naszym sklepie Bestglobalmeds.com i dostarcz go szybko do swoich drzwi! Tutaj znajdziesz najlepsze miejsce na zakup Nembutala online!<\/p>\n<p>Mo\u017cesz kupi\u0107 Nembutal online od Best Global Meds, kt\u00f3ra dostarcza do Twoich drzwi. Nembutal bez recepty jest dost\u0119pny tutaj po najni\u017cszych kosztach.<\/p>\n<p>Poniewa\u017c przedawkowania Nembutalu by\u0142y tak powszechne, lek zosta\u0142 wycofany z rynku i zast\u0105piony bezpieczniejszymi \u015brodkami nasennymi. Australijczycy nie mogli ju\u017c poleca\u0107 Nembutalu jako opcji leczenia w 1998 roku. W ka\u017cdym razie weterani nadal przyjmuj\u0105 Nembutal.<\/p>\n","protected":false},"featured_media":5796,"comment_status":"open","ping_status":"closed","template":"","meta":[],"product_brand":[],"product_cat":[3818],"product_tag":[3820,3821,3822,3823,3826,3827,3828,3829,3830,3897,3913,3831,3834,3835,3879,3926,3925,3954,3923,3916,3920,3918,3919,3922,3948,3841,3842,3843,3840,3907,3904,3824,3952,3819,3845,3949,3866,3869,3911,3874,3876,3882,3883,3884,3885,3890,3891,3892,3893,3898,3899,3900,3906,3880,3875,3909,3908,3887,3889,3902,3888,3895,3886,3951,3894,3910,3896,3927,3881,3844,3953,3903,3901,3921,3950,3878],"class_list":{"0":"post-5785","1":"product","2":"type-product","3":"status-publish","4":"has-post-thumbnail","6":"product_cat-pentobarbital-na-sprzeda","7":"product_tag-buy-cheap-nembutal-liquid-online","8":"product_tag-buy-cheap-nembutal-online","9":"product_tag-buy-nembutal-here","10":"product_tag-buy-nembutal-liquid-online","11":"product_tag-buy-nembutal-sodium-online","12":"product_tag-buy-pentobarbital-sodium","13":"product_tag-buy-pentobarbital-sodium-2021","14":"product_tag-buy-pentobarbital-sodium-pentobarbital-sodium-salt","15":"product_tag-buy-sodium-pentobarbital-uk","16":"product_tag-pentobarbital-sd-cena","17":"product_tag-chcesz-kupi-nembutal","18":"product_tag-mog-c4-99-kup-c4-87-pentobarbital","19":"product_tag-czy-moesz-kupi-pentobarbital-sd-bez-recepty","20":"product_tag-czy-moesz-kupi-pentobarbital-sodu","21":"product_tag-pentobarbital-sodowy-kup","22":"product_tag-gdzie-kupi-pentobarbital-sodu-dla-psa","23":"product_tag-gdzie-kupi-pentobarbital-sd","24":"product_tag-gdzie-kupi-nembutal-liquid-online","25":"product_tag-gdzie-kupi-tanie-nembutal-online","26":"product_tag-gdzie-mog-kupi-nembutal-pentobarbital-sodowy","27":"product_tag-gdzie-mog-kupi-pentobarbital-sodu","28":"product_tag-gdzie-mog-kupi-pentobarbital-sd","29":"product_tag-gdzie-mog-kupi-pentobarbital-piguki-nasenne-sodowe","30":"product_tag-gdzie-mona-kupi-pentobarbital-sodowy","31":"product_tag-how-to-buy-nembutal-liquid-online","32":"product_tag-how-to-buy-nembutal-online","33":"product_tag-how-to-order-nembutal-by-mail","34":"product_tag-it-is-easy-to-buy-nembutal-online","35":"product_tag-jak-naby-c4-87-nembutal","36":"product_tag-koszt-pentobarbitalu-sodu","37":"product_tag-zakup-nembutal-online","38":"product_tag-kup-nembutal-pentobarbital-sd","39":"product_tag-kup-nembutal-liquid-online","40":"product_tag-najlepszy-lek-na-samobjstwo-przedawkowanie","41":"product_tag-nembutal","42":"product_tag-nembutal-liquid-for-sale","43":"product_tag-nembutal-pills-online","44":"product_tag-nembutal-suicide-dose","45":"product_tag-okres-trwaoci-pentobarbitalu-sodu","46":"product_tag-pentobarbital","47":"product_tag-pentobarbital-do-eutanazji","48":"product_tag-pentobarbital-sodium-dosage","49":"product_tag-pentobarbital-sodium-for-dogs","50":"product_tag-pentobarbital-sodium-for-humans","51":"product_tag-pentobarbital-sodium-group","52":"product_tag-pentobarbital-sodium-liquid","53":"product_tag-pentobarbital-sodium-nz","54":"product_tag-pentobarbital-sodium-oral","55":"product_tag-pentobarbital-sodium-over-the-counter","56":"product_tag-pentobarbital-sodium-salt","57":"product_tag-pentobarbital-sodium-sleeping-pills","58":"product_tag-pentobarbital-sodium-sleeping-pills-over-the-counter","59":"product_tag-sodu-pentobarbital-nembutal","60":"product_tag-pentobarbital-soda-china","61":"product_tag-pentobarbital-de-sodu-dawka-letale","62":"product_tag-pentobarbital-sodowy-do-eutanazji","63":"product_tag-pentobarbital-sodu-do-eutanazji-zwierzt","64":"product_tag-pentobarbital-sodowy-zastrzyk-dla-ludzi","65":"product_tag-pentobarbital-sd-wstrzyknicie-usp","66":"product_tag-pentobarbital-sd-gdzie-kupi","67":"product_tag-roztwr-do-wstrzykiwania-pentobarbitalu-sodu","68":"product_tag-pentobarbital-sodowy-w-proszku","69":"product_tag-pentobarbital-zastrzyk-sodu-dla-psw","70":"product_tag-phenobarbital-sodium-intravenous","71":"product_tag-piguki-pentobarbitalowo-sodowe","72":"product_tag-producenci-pentobarbitalu-sodu","73":"product_tag-pentobarbital-sodowy-na-recept","74":"product_tag-gdzie-kupi-pentobarbital-sodu","75":"product_tag-pentobarbital-sd-c5mier","76":"product_tag-miertelne-zastrzyki-kup-online","77":"product_tag-sd","78":"product_tag-zastosowanie-pentobarbitalu","79":"product_tag-pentobarbital-tabletki-sodu","80":"product_tag-where-can-i-purchase-nembutal","81":"product_tag-zamw-nembutal-liquid-online","82":"product_tag-znieczulenie-pentobarbitalem-sodowym","84":"first","85":"instock","86":"shipping-taxable","87":"purchasable","88":"product-type-variable"},"yoast_head":"<!-- This site is optimized with the Yoast SEO plugin v27.3 - https:\/\/yoast.com\/product\/yoast-seo-wordpress\/ -->\n<title>Kup nembutal pentobarbital sodu - najlepsze globalne leki<\/title>\n<meta name=\"description\" content=\"Kup Nembutal Pentobarbital Sodium w Wielkiej Brytanii, Europie, Azji, Chinach w naszym sklepie internetowym Bestglobalmeds.com z szybk\u0105 dostaw\u0105 na ca\u0142y \u015bwiat! Najlepszy Nembutal do zamawiania znajdziesz tutaj!\" \/>\n<meta name=\"robots\" content=\"index, follow, max-snippet:-1, max-image-preview:large, max-video-preview:-1\" \/>\n<link rel=\"canonical\" href=\"https:\/\/medicinasinc.com\/pl\/product\/kup-nembutal-pentobarbital-sod\/\" \/>\n<meta property=\"og:locale\" content=\"en_US\" \/>\n<meta property=\"og:type\" content=\"article\" \/>\n<meta property=\"og:title\" content=\"Kup nembutal pentobarbital sodu - najlepsze globalne leki\" \/>\n<meta property=\"og:description\" content=\"Kup Nembutal Pentobarbital Sodium w Wielkiej Brytanii, Europie, Azji, Chinach w naszym sklepie internetowym Bestglobalmeds.com z szybk\u0105 dostaw\u0105 na ca\u0142y \u015bwiat! Najlepszy Nembutal do zamawiania znajdziesz tutaj!\" \/>\n<meta property=\"og:url\" content=\"https:\/\/medicinasinc.com\/pl\/product\/kup-nembutal-pentobarbital-sod\/\" \/>\n<meta property=\"og:site_name\" content=\"Medicinas Inc\" \/>\n<meta property=\"article:modified_time\" content=\"2022-03-22T00:46:52+00:00\" \/>\n<meta property=\"og:image\" content=\"https:\/\/medicinasinc.com\/pl\/wp-content\/uploads\/sites\/13\/2022\/02\/Buy-Pentobarbital-Sodium-1.jpg\" \/>\n\t<meta property=\"og:image:width\" content=\"356\" \/>\n\t<meta property=\"og:image:height\" content=\"540\" \/>\n\t<meta property=\"og:image:type\" content=\"image\/jpeg\" \/>\n<meta name=\"twitter:card\" content=\"summary_large_image\" \/>\n<meta name=\"twitter:label1\" content=\"Est. reading time\" \/>\n\t<meta name=\"twitter:data1\" content=\"2 minutes\" \/>\n<script type=\"application\/ld+json\" class=\"yoast-schema-graph\">{\"@context\":\"https:\\\/\\\/schema.org\",\"@graph\":[{\"@type\":\"WebPage\",\"@id\":\"https:\\\/\\\/medicinasinc.com\\\/pl\\\/product\\\/kup-nembutal-pentobarbital-sod\\\/\",\"url\":\"https:\\\/\\\/medicinasinc.com\\\/pl\\\/product\\\/kup-nembutal-pentobarbital-sod\\\/\",\"name\":\"Kup nembutal pentobarbital sodu - najlepsze globalne leki\",\"isPartOf\":{\"@id\":\"https:\\\/\\\/medicinasinc.com\\\/pl\\\/#website\"},\"primaryImageOfPage\":{\"@id\":\"https:\\\/\\\/medicinasinc.com\\\/pl\\\/product\\\/kup-nembutal-pentobarbital-sod\\\/#primaryimage\"},\"image\":{\"@id\":\"https:\\\/\\\/medicinasinc.com\\\/pl\\\/product\\\/kup-nembutal-pentobarbital-sod\\\/#primaryimage\"},\"thumbnailUrl\":\"https:\\\/\\\/medicinasinc.com\\\/pl\\\/wp-content\\\/uploads\\\/sites\\\/13\\\/2022\\\/02\\\/Buy-Pentobarbital-Sodium-1.jpg\",\"datePublished\":\"2022-02-22T06:12:06+00:00\",\"dateModified\":\"2022-03-22T00:46:52+00:00\",\"description\":\"Kup Nembutal Pentobarbital Sodium w Wielkiej Brytanii, Europie, Azji, Chinach w naszym sklepie internetowym Bestglobalmeds.com z szybk\u0105 dostaw\u0105 na ca\u0142y \u015bwiat! Najlepszy Nembutal do zamawiania znajdziesz tutaj!\",\"breadcrumb\":{\"@id\":\"https:\\\/\\\/medicinasinc.com\\\/pl\\\/product\\\/kup-nembutal-pentobarbital-sod\\\/#breadcrumb\"},\"inLanguage\":\"en-US\",\"potentialAction\":[{\"@type\":\"ReadAction\",\"target\":[\"https:\\\/\\\/medicinasinc.com\\\/pl\\\/product\\\/kup-nembutal-pentobarbital-sod\\\/\"]}]},{\"@type\":\"ImageObject\",\"inLanguage\":\"en-US\",\"@id\":\"https:\\\/\\\/medicinasinc.com\\\/pl\\\/product\\\/kup-nembutal-pentobarbital-sod\\\/#primaryimage\",\"url\":\"https:\\\/\\\/medicinasinc.com\\\/pl\\\/wp-content\\\/uploads\\\/sites\\\/13\\\/2022\\\/02\\\/Buy-Pentobarbital-Sodium-1.jpg\",\"contentUrl\":\"https:\\\/\\\/medicinasinc.com\\\/pl\\\/wp-content\\\/uploads\\\/sites\\\/13\\\/2022\\\/02\\\/Buy-Pentobarbital-Sodium-1.jpg\",\"width\":356,\"height\":540},{\"@type\":\"BreadcrumbList\",\"@id\":\"https:\\\/\\\/medicinasinc.com\\\/pl\\\/product\\\/kup-nembutal-pentobarbital-sod\\\/#breadcrumb\",\"itemListElement\":[{\"@type\":\"ListItem\",\"position\":1,\"name\":\"Sklep\",\"item\":\"https:\\\/\\\/medicinasinc.com\\\/pl\\\/sklep\\\/\"},{\"@type\":\"ListItem\",\"position\":2,\"name\":\"Kup nembutal pentobarbital sodu\"}]},{\"@type\":\"WebSite\",\"@id\":\"https:\\\/\\\/medicinasinc.com\\\/pl\\\/#website\",\"url\":\"https:\\\/\\\/medicinasinc.com\\\/pl\\\/\",\"name\":\"Medicinas Inc\",\"description\":\"Health Medical Clinic\",\"potentialAction\":[{\"@type\":\"SearchAction\",\"target\":{\"@type\":\"EntryPoint\",\"urlTemplate\":\"https:\\\/\\\/medicinasinc.com\\\/pl\\\/?s={search_term_string}\"},\"query-input\":{\"@type\":\"PropertyValueSpecification\",\"valueRequired\":true,\"valueName\":\"search_term_string\"}}],\"inLanguage\":\"en-US\"}]}<\/script>\n<!-- \/ Yoast SEO plugin. -->","yoast_head_json":{"title":"Kup nembutal pentobarbital sodu - najlepsze globalne leki","description":"Kup Nembutal Pentobarbital Sodium w Wielkiej Brytanii, Europie, Azji, Chinach w naszym sklepie internetowym Bestglobalmeds.com z szybk\u0105 dostaw\u0105 na ca\u0142y \u015bwiat! Najlepszy Nembutal do zamawiania znajdziesz tutaj!","robots":{"index":"index","follow":"follow","max-snippet":"max-snippet:-1","max-image-preview":"max-image-preview:large","max-video-preview":"max-video-preview:-1"},"canonical":"https:\/\/medicinasinc.com\/pl\/product\/kup-nembutal-pentobarbital-sod\/","og_locale":"en_US","og_type":"article","og_title":"Kup nembutal pentobarbital sodu - najlepsze globalne leki","og_description":"Kup Nembutal Pentobarbital Sodium w Wielkiej Brytanii, Europie, Azji, Chinach w naszym sklepie internetowym Bestglobalmeds.com z szybk\u0105 dostaw\u0105 na ca\u0142y \u015bwiat! Najlepszy Nembutal do zamawiania znajdziesz tutaj!","og_url":"https:\/\/medicinasinc.com\/pl\/product\/kup-nembutal-pentobarbital-sod\/","og_site_name":"Medicinas Inc","article_modified_time":"2022-03-22T00:46:52+00:00","og_image":[{"width":356,"height":540,"url":"https:\/\/medicinasinc.com\/pl\/wp-content\/uploads\/sites\/13\/2022\/02\/Buy-Pentobarbital-Sodium-1.jpg","type":"image\/jpeg"}],"twitter_card":"summary_large_image","twitter_misc":{"Est. reading time":"2 minutes"},"schema":{"@context":"https:\/\/schema.org","@graph":[{"@type":"WebPage","@id":"https:\/\/medicinasinc.com\/pl\/product\/kup-nembutal-pentobarbital-sod\/","url":"https:\/\/medicinasinc.com\/pl\/product\/kup-nembutal-pentobarbital-sod\/","name":"Kup nembutal pentobarbital sodu - najlepsze globalne leki","isPartOf":{"@id":"https:\/\/medicinasinc.com\/pl\/#website"},"primaryImageOfPage":{"@id":"https:\/\/medicinasinc.com\/pl\/product\/kup-nembutal-pentobarbital-sod\/#primaryimage"},"image":{"@id":"https:\/\/medicinasinc.com\/pl\/product\/kup-nembutal-pentobarbital-sod\/#primaryimage"},"thumbnailUrl":"https:\/\/medicinasinc.com\/pl\/wp-content\/uploads\/sites\/13\/2022\/02\/Buy-Pentobarbital-Sodium-1.jpg","datePublished":"2022-02-22T06:12:06+00:00","dateModified":"2022-03-22T00:46:52+00:00","description":"Kup Nembutal Pentobarbital Sodium w Wielkiej Brytanii, Europie, Azji, Chinach w naszym sklepie internetowym Bestglobalmeds.com z szybk\u0105 dostaw\u0105 na ca\u0142y \u015bwiat! Najlepszy Nembutal do zamawiania znajdziesz tutaj!","breadcrumb":{"@id":"https:\/\/medicinasinc.com\/pl\/product\/kup-nembutal-pentobarbital-sod\/#breadcrumb"},"inLanguage":"en-US","potentialAction":[{"@type":"ReadAction","target":["https:\/\/medicinasinc.com\/pl\/product\/kup-nembutal-pentobarbital-sod\/"]}]},{"@type":"ImageObject","inLanguage":"en-US","@id":"https:\/\/medicinasinc.com\/pl\/product\/kup-nembutal-pentobarbital-sod\/#primaryimage","url":"https:\/\/medicinasinc.com\/pl\/wp-content\/uploads\/sites\/13\/2022\/02\/Buy-Pentobarbital-Sodium-1.jpg","contentUrl":"https:\/\/medicinasinc.com\/pl\/wp-content\/uploads\/sites\/13\/2022\/02\/Buy-Pentobarbital-Sodium-1.jpg","width":356,"height":540},{"@type":"BreadcrumbList","@id":"https:\/\/medicinasinc.com\/pl\/product\/kup-nembutal-pentobarbital-sod\/#breadcrumb","itemListElement":[{"@type":"ListItem","position":1,"name":"Sklep","item":"https:\/\/medicinasinc.com\/pl\/sklep\/"},{"@type":"ListItem","position":2,"name":"Kup nembutal pentobarbital sodu"}]},{"@type":"WebSite","@id":"https:\/\/medicinasinc.com\/pl\/#website","url":"https:\/\/medicinasinc.com\/pl\/","name":"Medicinas Inc","description":"Health Medical Clinic","potentialAction":[{"@type":"SearchAction","target":{"@type":"EntryPoint","urlTemplate":"https:\/\/medicinasinc.com\/pl\/?s={search_term_string}"},"query-input":{"@type":"PropertyValueSpecification","valueRequired":true,"valueName":"search_term_string"}}],"inLanguage":"en-US"}]}},"_links":{"self":[{"href":"https:\/\/medicinasinc.com\/pl\/wp-json\/wp\/v2\/product\/5785","targetHints":{"allow":["GET"]}}],"collection":[{"href":"https:\/\/medicinasinc.com\/pl\/wp-json\/wp\/v2\/product"}],"about":[{"href":"https:\/\/medicinasinc.com\/pl\/wp-json\/wp\/v2\/types\/product"}],"replies":[{"embeddable":true,"href":"https:\/\/medicinasinc.com\/pl\/wp-json\/wp\/v2\/comments?post=5785"}],"wp:featuredmedia":[{"embeddable":true,"href":"https:\/\/medicinasinc.com\/pl\/wp-json\/wp\/v2\/media\/5796"}],"wp:attachment":[{"href":"https:\/\/medicinasinc.com\/pl\/wp-json\/wp\/v2\/media?parent=5785"}],"wp:term":[{"taxonomy":"product_brand","embeddable":true,"href":"https:\/\/medicinasinc.com\/pl\/wp-json\/wp\/v2\/product_brand?post=5785"},{"taxonomy":"product_cat","embeddable":true,"href":"https:\/\/medicinasinc.com\/pl\/wp-json\/wp\/v2\/product_cat?post=5785"},{"taxonomy":"product_tag","embeddable":true,"href":"https:\/\/medicinasinc.com\/pl\/wp-json\/wp\/v2\/product_tag?post=5785"}],"curies":[{"name":"wp","href":"https:\/\/api.w.org\/{rel}","templated":true}]}}