{"id":5781,"date":"2022-02-22T06:07:08","date_gmt":"2022-02-22T06:07:08","guid":{"rendered":"https:\/\/medicinasinc.com\/pl\/?post_type=product&#038;p=5781"},"modified":"2022-03-22T00:47:01","modified_gmt":"2022-03-22T00:47:01","slug":"kup-nembutal-proszek","status":"publish","type":"product","link":"https:\/\/medicinasinc.com\/pl\/product\/kup-nembutal-proszek\/","title":{"rendered":"Kup proszek nembutalowy"},"content":{"rendered":"<p>Nembutal w proszku od najlepszych dostawc\u00f3w po najni\u017cszych cenach<\/p>\n<p>Na rynku internetowym mo\u017cna znale\u017a\u0107 wysokiej jako\u015bci leki i leki w internetowej aptece Nembutal. Aby otrzyma\u0107 Nembutal Powder od najlepszych dostawc\u00f3w Nembutal Powder, powiniene\u015b przyj\u015b\u0107 do naszej apteki. Skontaktuj si\u0119 z nami ju\u017c dzi\u015b, a od razu wykonamy Twoj\u0105 prac\u0119. Tw\u00f3j lek zostanie dostarczony pod wskazany przez Ciebie adres. Aby uzyska\u0107 najlepsz\u0105 ofert\u0119 na proszek Nembutal, z\u0142\u00f3\u017c zam\u00f3wienie od razu!<\/p>\n<p>Czego mo\u017cesz si\u0119 spodziewa\u0107 przy u\u017cyciu proszku Nembutal?<\/p>\n<p>Proszek Nembutal jest znany z tego, \u017ce pomaga osobom cierpi\u0105cym na bezsenno\u015b\u0107 i tym, kt\u00f3rzy znajduj\u0105 trudno zasn\u0105\u0107, przymkn\u0105\u0107 oczy. W wielu przypadkach jest stosowany jako lek przeciwl\u0119kowy. Nasza apteka internetowa jest najlepszym miejscem do nabycia proszku nembutalu, je\u015bli masz te same cele.<\/p>\n<p>Kt\u00f3ry sklep internetowy sprzedaje najlepszy proszek nembutalu?<\/p>\n<p>Bez wzgl\u0119du na pow\u00f3d zam\u00f3wienia proszku nembutalu , zawsze mo\u017cesz polega\u0107 na internetowej aptece Nembutal, kt\u00f3ra wykona swoj\u0105 prac\u0119 w\u0142a\u015bciwie.<\/p>\n<p>Rozumiemy potrzeby i oczekiwania naszych klient\u00f3w dzi\u0119ki naszemu wieloletniemu do\u015bwiadczeniu. Nigdy nie mamy dost\u0119pu ani nie przechowujemy \u017cadnych danych dotycz\u0105cych Twojej karty kredytowej ani danych osobowych. Wszystkie informacje s\u0105 poufne. Oznacza to, \u017ce mo\u017cesz kupi\u0107 u nas proszek Nembutal online w najlepszej cenie.<\/p>\n<p>Dokonanie zakupu w naszej internetowej aptece pozwoli Ci wyprzedzi\u0107 konkurencj\u0119. Z biegiem czasu zdobyli\u015bmy wielu potencjalnych konsument\u00f3w. Je\u015bli szukasz najlepszych, nie wahaj si\u0119 z nami skontaktowa\u0107 w dowolnym momencie.<\/p>\n","protected":false},"excerpt":{"rendered":"<p>Istnieje wiele aptek internetowych, kt\u00f3re sprzedaj\u0105 Nembutal Powder pentobarbital sodu na sprzeda\u017c, w tym bestglobalmeds.com. Tutaj znajdziesz najlepsze miejsce na zakup Nembutala online! Teraz mo\u017cna uzyska\u0107 aptek\u0119 Nembutal online w zaciszu w\u0142asnego domu. Proszek Nembutal na sprzeda\u017c po najni\u017cszych mo\u017cliwych kosztach mo\u017cna znale\u017a\u0107 tutaj.<\/p>\n<p>Best Global Meds oferuje Proszek Nembutal do sprzeda\u017cy online w przyst\u0119pnych cenach. Najwy\u017cszej jako\u015bci tabletki, tabletki i kapsu\u0142ki Nembutal mo\u017cna kupi\u0107 po najwi\u0119kszych kosztach. Nie wahaj si\u0119 i skontaktuj si\u0119 z nami od razu!<\/p>\n","protected":false},"featured_media":5791,"comment_status":"open","ping_status":"closed","template":"","meta":[],"product_brand":[],"product_cat":[3818],"product_tag":[3929,3832,3947,3946,3931,3839,3930,3944,3945,3845,3933,3934,3935,3928,3932,3939,3940,3941,3938,3942,3936,3937,3943],"class_list":{"0":"post-5781","1":"product","2":"type-product","3":"status-publish","4":"has-post-thumbnail","6":"product_cat-pentobarbital-na-sprzeda","7":"product_tag-buy-nembutal-powder-online","8":"product_tag-can-i-order-nembutal-online","9":"product_tag-gdzie-kupi-nembutal-proszek-online","10":"product_tag-gdzie-mog-kupi-nembutal-proszek","11":"product_tag-how-to-buy-nembutal-powder-online","12":"product_tag-jak-mog-wzi-nembutal","13":"product_tag-jak-mog-zamwi-nembutal-proszek","14":"product_tag-kup-nembutal-proszek-online","15":"product_tag-najlepsze-miejsce-do-kupu-nembutal-proszek-online","16":"product_tag-nembutal","17":"product_tag-nembutal-buy-austria","18":"product_tag-nembutal-buy-online","19":"product_tag-nembutal-buy-uk","20":"product_tag-kup-nembutal-online","21":"product_tag-nembutal-kup-australia","22":"product_tag-nembutal-powder-for-sale","23":"product_tag-nembutal-powder-overdose","24":"product_tag-nembutal-powder-supplier","25":"product_tag-nembutal-dawka-w-proszku","26":"product_tag-order-nembutal-powder","27":"product_tag-proszek-nembutalny","28":"product_tag-nembutal-proszek-kup","29":"product_tag-zamw-nembutal-proszek-online","31":"first","32":"instock","33":"shipping-taxable","34":"purchasable","35":"product-type-variable"},"yoast_head":"<!-- This site is optimized with the Yoast SEO plugin v27.3 - https:\/\/yoast.com\/product\/yoast-seo-wordpress\/ -->\n<title>Kup Nembutal w proszku - Pentobarbital sodu - Best Global Meds<\/title>\n<meta name=\"description\" content=\"Kup Nembutal Powder pentobarbital sodu na sprzeda\u017c w Wielkiej Brytanii, Zjednoczonych Emiratach Arabskich, Europie, Chinach w naszym sklepie internetowym bestglobalmeds.com z szybk\u0105 dostaw\u0105 na ca\u0142y \u015bwiat! Najlepszy Nembutal do zamawiania znajdziesz tutaj!\" \/>\n<meta name=\"robots\" content=\"index, follow, max-snippet:-1, max-image-preview:large, max-video-preview:-1\" \/>\n<link rel=\"canonical\" href=\"https:\/\/medicinasinc.com\/pl\/product\/kup-nembutal-proszek\/\" \/>\n<meta property=\"og:locale\" content=\"en_US\" \/>\n<meta property=\"og:type\" content=\"article\" \/>\n<meta property=\"og:title\" content=\"Kup Nembutal w proszku - Pentobarbital sodu - Best Global Meds\" \/>\n<meta property=\"og:description\" content=\"Kup Nembutal Powder pentobarbital sodu na sprzeda\u017c w Wielkiej Brytanii, Zjednoczonych Emiratach Arabskich, Europie, Chinach w naszym sklepie internetowym bestglobalmeds.com z szybk\u0105 dostaw\u0105 na ca\u0142y \u015bwiat! Najlepszy Nembutal do zamawiania znajdziesz tutaj!\" \/>\n<meta property=\"og:url\" content=\"https:\/\/medicinasinc.com\/pl\/product\/kup-nembutal-proszek\/\" \/>\n<meta property=\"og:site_name\" content=\"Medicinas Inc\" \/>\n<meta property=\"article:modified_time\" content=\"2022-03-22T00:47:01+00:00\" \/>\n<meta property=\"og:image\" content=\"https:\/\/medicinasinc.com\/pl\/wp-content\/uploads\/sites\/13\/2022\/02\/Buy-Nembutal-Powder-2.jpg\" \/>\n\t<meta property=\"og:image:width\" content=\"600\" \/>\n\t<meta property=\"og:image:height\" content=\"600\" \/>\n\t<meta property=\"og:image:type\" content=\"image\/jpeg\" \/>\n<meta name=\"twitter:card\" content=\"summary_large_image\" \/>\n<meta name=\"twitter:label1\" content=\"Est. reading time\" \/>\n\t<meta name=\"twitter:data1\" content=\"2 minutes\" \/>\n<script type=\"application\/ld+json\" class=\"yoast-schema-graph\">{\"@context\":\"https:\\\/\\\/schema.org\",\"@graph\":[{\"@type\":\"WebPage\",\"@id\":\"https:\\\/\\\/medicinasinc.com\\\/pl\\\/product\\\/kup-nembutal-proszek\\\/\",\"url\":\"https:\\\/\\\/medicinasinc.com\\\/pl\\\/product\\\/kup-nembutal-proszek\\\/\",\"name\":\"Kup Nembutal w proszku - Pentobarbital sodu - Best Global Meds\",\"isPartOf\":{\"@id\":\"https:\\\/\\\/medicinasinc.com\\\/pl\\\/#website\"},\"primaryImageOfPage\":{\"@id\":\"https:\\\/\\\/medicinasinc.com\\\/pl\\\/product\\\/kup-nembutal-proszek\\\/#primaryimage\"},\"image\":{\"@id\":\"https:\\\/\\\/medicinasinc.com\\\/pl\\\/product\\\/kup-nembutal-proszek\\\/#primaryimage\"},\"thumbnailUrl\":\"https:\\\/\\\/medicinasinc.com\\\/pl\\\/wp-content\\\/uploads\\\/sites\\\/13\\\/2022\\\/02\\\/Buy-Nembutal-Powder-2.jpg\",\"datePublished\":\"2022-02-22T06:07:08+00:00\",\"dateModified\":\"2022-03-22T00:47:01+00:00\",\"description\":\"Kup Nembutal Powder pentobarbital sodu na sprzeda\u017c w Wielkiej Brytanii, Zjednoczonych Emiratach Arabskich, Europie, Chinach w naszym sklepie internetowym bestglobalmeds.com z szybk\u0105 dostaw\u0105 na ca\u0142y \u015bwiat! Najlepszy Nembutal do zamawiania znajdziesz tutaj!\",\"breadcrumb\":{\"@id\":\"https:\\\/\\\/medicinasinc.com\\\/pl\\\/product\\\/kup-nembutal-proszek\\\/#breadcrumb\"},\"inLanguage\":\"en-US\",\"potentialAction\":[{\"@type\":\"ReadAction\",\"target\":[\"https:\\\/\\\/medicinasinc.com\\\/pl\\\/product\\\/kup-nembutal-proszek\\\/\"]}]},{\"@type\":\"ImageObject\",\"inLanguage\":\"en-US\",\"@id\":\"https:\\\/\\\/medicinasinc.com\\\/pl\\\/product\\\/kup-nembutal-proszek\\\/#primaryimage\",\"url\":\"https:\\\/\\\/medicinasinc.com\\\/pl\\\/wp-content\\\/uploads\\\/sites\\\/13\\\/2022\\\/02\\\/Buy-Nembutal-Powder-2.jpg\",\"contentUrl\":\"https:\\\/\\\/medicinasinc.com\\\/pl\\\/wp-content\\\/uploads\\\/sites\\\/13\\\/2022\\\/02\\\/Buy-Nembutal-Powder-2.jpg\",\"width\":600,\"height\":600},{\"@type\":\"BreadcrumbList\",\"@id\":\"https:\\\/\\\/medicinasinc.com\\\/pl\\\/product\\\/kup-nembutal-proszek\\\/#breadcrumb\",\"itemListElement\":[{\"@type\":\"ListItem\",\"position\":1,\"name\":\"Sklep\",\"item\":\"https:\\\/\\\/medicinasinc.com\\\/pl\\\/sklep\\\/\"},{\"@type\":\"ListItem\",\"position\":2,\"name\":\"Kup proszek nembutalowy\"}]},{\"@type\":\"WebSite\",\"@id\":\"https:\\\/\\\/medicinasinc.com\\\/pl\\\/#website\",\"url\":\"https:\\\/\\\/medicinasinc.com\\\/pl\\\/\",\"name\":\"Medicinas Inc\",\"description\":\"Health Medical Clinic\",\"potentialAction\":[{\"@type\":\"SearchAction\",\"target\":{\"@type\":\"EntryPoint\",\"urlTemplate\":\"https:\\\/\\\/medicinasinc.com\\\/pl\\\/?s={search_term_string}\"},\"query-input\":{\"@type\":\"PropertyValueSpecification\",\"valueRequired\":true,\"valueName\":\"search_term_string\"}}],\"inLanguage\":\"en-US\"}]}<\/script>\n<!-- \/ Yoast SEO plugin. -->","yoast_head_json":{"title":"Kup Nembutal w proszku - Pentobarbital sodu - Best Global Meds","description":"Kup Nembutal Powder pentobarbital sodu na sprzeda\u017c w Wielkiej Brytanii, Zjednoczonych Emiratach Arabskich, Europie, Chinach w naszym sklepie internetowym bestglobalmeds.com z szybk\u0105 dostaw\u0105 na ca\u0142y \u015bwiat! Najlepszy Nembutal do zamawiania znajdziesz tutaj!","robots":{"index":"index","follow":"follow","max-snippet":"max-snippet:-1","max-image-preview":"max-image-preview:large","max-video-preview":"max-video-preview:-1"},"canonical":"https:\/\/medicinasinc.com\/pl\/product\/kup-nembutal-proszek\/","og_locale":"en_US","og_type":"article","og_title":"Kup Nembutal w proszku - Pentobarbital sodu - Best Global Meds","og_description":"Kup Nembutal Powder pentobarbital sodu na sprzeda\u017c w Wielkiej Brytanii, Zjednoczonych Emiratach Arabskich, Europie, Chinach w naszym sklepie internetowym bestglobalmeds.com z szybk\u0105 dostaw\u0105 na ca\u0142y \u015bwiat! Najlepszy Nembutal do zamawiania znajdziesz tutaj!","og_url":"https:\/\/medicinasinc.com\/pl\/product\/kup-nembutal-proszek\/","og_site_name":"Medicinas Inc","article_modified_time":"2022-03-22T00:47:01+00:00","og_image":[{"width":600,"height":600,"url":"https:\/\/medicinasinc.com\/pl\/wp-content\/uploads\/sites\/13\/2022\/02\/Buy-Nembutal-Powder-2.jpg","type":"image\/jpeg"}],"twitter_card":"summary_large_image","twitter_misc":{"Est. reading time":"2 minutes"},"schema":{"@context":"https:\/\/schema.org","@graph":[{"@type":"WebPage","@id":"https:\/\/medicinasinc.com\/pl\/product\/kup-nembutal-proszek\/","url":"https:\/\/medicinasinc.com\/pl\/product\/kup-nembutal-proszek\/","name":"Kup Nembutal w proszku - Pentobarbital sodu - Best Global Meds","isPartOf":{"@id":"https:\/\/medicinasinc.com\/pl\/#website"},"primaryImageOfPage":{"@id":"https:\/\/medicinasinc.com\/pl\/product\/kup-nembutal-proszek\/#primaryimage"},"image":{"@id":"https:\/\/medicinasinc.com\/pl\/product\/kup-nembutal-proszek\/#primaryimage"},"thumbnailUrl":"https:\/\/medicinasinc.com\/pl\/wp-content\/uploads\/sites\/13\/2022\/02\/Buy-Nembutal-Powder-2.jpg","datePublished":"2022-02-22T06:07:08+00:00","dateModified":"2022-03-22T00:47:01+00:00","description":"Kup Nembutal Powder pentobarbital sodu na sprzeda\u017c w Wielkiej Brytanii, Zjednoczonych Emiratach Arabskich, Europie, Chinach w naszym sklepie internetowym bestglobalmeds.com z szybk\u0105 dostaw\u0105 na ca\u0142y \u015bwiat! Najlepszy Nembutal do zamawiania znajdziesz tutaj!","breadcrumb":{"@id":"https:\/\/medicinasinc.com\/pl\/product\/kup-nembutal-proszek\/#breadcrumb"},"inLanguage":"en-US","potentialAction":[{"@type":"ReadAction","target":["https:\/\/medicinasinc.com\/pl\/product\/kup-nembutal-proszek\/"]}]},{"@type":"ImageObject","inLanguage":"en-US","@id":"https:\/\/medicinasinc.com\/pl\/product\/kup-nembutal-proszek\/#primaryimage","url":"https:\/\/medicinasinc.com\/pl\/wp-content\/uploads\/sites\/13\/2022\/02\/Buy-Nembutal-Powder-2.jpg","contentUrl":"https:\/\/medicinasinc.com\/pl\/wp-content\/uploads\/sites\/13\/2022\/02\/Buy-Nembutal-Powder-2.jpg","width":600,"height":600},{"@type":"BreadcrumbList","@id":"https:\/\/medicinasinc.com\/pl\/product\/kup-nembutal-proszek\/#breadcrumb","itemListElement":[{"@type":"ListItem","position":1,"name":"Sklep","item":"https:\/\/medicinasinc.com\/pl\/sklep\/"},{"@type":"ListItem","position":2,"name":"Kup proszek nembutalowy"}]},{"@type":"WebSite","@id":"https:\/\/medicinasinc.com\/pl\/#website","url":"https:\/\/medicinasinc.com\/pl\/","name":"Medicinas Inc","description":"Health Medical Clinic","potentialAction":[{"@type":"SearchAction","target":{"@type":"EntryPoint","urlTemplate":"https:\/\/medicinasinc.com\/pl\/?s={search_term_string}"},"query-input":{"@type":"PropertyValueSpecification","valueRequired":true,"valueName":"search_term_string"}}],"inLanguage":"en-US"}]}},"_links":{"self":[{"href":"https:\/\/medicinasinc.com\/pl\/wp-json\/wp\/v2\/product\/5781","targetHints":{"allow":["GET"]}}],"collection":[{"href":"https:\/\/medicinasinc.com\/pl\/wp-json\/wp\/v2\/product"}],"about":[{"href":"https:\/\/medicinasinc.com\/pl\/wp-json\/wp\/v2\/types\/product"}],"replies":[{"embeddable":true,"href":"https:\/\/medicinasinc.com\/pl\/wp-json\/wp\/v2\/comments?post=5781"}],"wp:featuredmedia":[{"embeddable":true,"href":"https:\/\/medicinasinc.com\/pl\/wp-json\/wp\/v2\/media\/5791"}],"wp:attachment":[{"href":"https:\/\/medicinasinc.com\/pl\/wp-json\/wp\/v2\/media?parent=5781"}],"wp:term":[{"taxonomy":"product_brand","embeddable":true,"href":"https:\/\/medicinasinc.com\/pl\/wp-json\/wp\/v2\/product_brand?post=5781"},{"taxonomy":"product_cat","embeddable":true,"href":"https:\/\/medicinasinc.com\/pl\/wp-json\/wp\/v2\/product_cat?post=5781"},{"taxonomy":"product_tag","embeddable":true,"href":"https:\/\/medicinasinc.com\/pl\/wp-json\/wp\/v2\/product_tag?post=5781"}],"curies":[{"name":"wp","href":"https:\/\/api.w.org\/{rel}","templated":true}]}}