{"id":5777,"date":"2022-02-22T05:58:59","date_gmt":"2022-02-22T05:58:59","guid":{"rendered":"https:\/\/medicinasinc.com\/pl\/?post_type=product&#038;p=5777"},"modified":"2022-03-22T00:47:15","modified_gmt":"2022-03-22T00:47:15","slug":"kup-nembutal-kapsulki","status":"publish","type":"product","link":"https:\/\/medicinasinc.com\/pl\/product\/kup-nembutal-kapsulki\/","title":{"rendered":"Kup kapsu\u0142ki Nembutal"},"content":{"rendered":"<p>Znajd\u017a najlepszych dostawc\u00f3w i dystrybutor\u00f3w kapsu\u0142ek Nembutal w naszej internetowej aptece Nembutal<\/p>\n<p>Czy pr\u00f3bujesz znale\u017a\u0107 renomowan\u0105 aptek\u0119 internetow\u0105, w kt\u00f3rej mo\u017cesz uzyska\u0107 najlepsz\u0105 ofert\u0119 na kapsu\u0142ki Nembutal? TAk? W takim razie to idealne miejsce dla Ciebie. Znana jako apteka internetowa Nembutal, jeste\u015bmy dobrze znan\u0105 aptek\u0105 internetow\u0105. Dzi\u0119ki naszej reputacji jednego z wiod\u0105cych internetowych sprzedawc\u00f3w i dostawc\u00f3w kapsu\u0142ek Nembutal zdobyli\u015bmy wielu oddanych klient\u00f3w.<\/p>\n<p>Nie martw si\u0119, je\u015bli po raz pierwszy kupujesz kapsu\u0142ki Nembutal w naszej internetowej aptece. . Tutaj mo\u017cna oczekiwa\u0107 tylko tego, co najlepsze. Jeste\u015bmy zawsze tutaj, aby pom\u00f3c Ci znale\u017a\u0107 potrzebne kapsu\u0142ki Nembutal i dostarczy\u0107 je tak szybko, jak to mo\u017cliwe. Zgodnie z normami bran\u017cowymi wychodzimy naprzeciw lub przekraczamy oczekiwania naszych klient\u00f3w. Kapsu\u0142ki Nembutal naszej apteki internetowej s\u0105 najwy\u017cszej jako\u015bci, co obejmuje r\u00f3wnie\u017c opakowanie i wysy\u0142k\u0119. Skontaktuj si\u0119 z nami ju\u017c dzi\u015b, je\u015bli jeste\u015b zainteresowany uzyskaniem Nembutal Capsules, a my zaspokoimy Twoje potrzeby w odpowiednim czasie.<\/p>\n<p>Dlaczego kupowanie Nembutal Capsules w internetowej aptece Nembutal jest najlepszym wyborem?<\/p>\n<p> Nasza firma jest najlepsz\u0105 opcj\u0105, je\u015bli chcesz Kapsu\u0142ki Nembutal w precyzyjny spos\u00f3b z sprawdzon\u0105 jako\u015bci\u0105 i szybk\u0105 dostaw\u0105. Najwy\u017cszej jako\u015bci kapsu\u0142ki Nembutal s\u0105 dost\u0119pne w niskich cenach w internetowej aptece Nembutal. Poniewa\u017c nie korzystamy z us\u0142ug po\u015brednik\u00f3w, jeste\u015bmy w stanie utrzyma\u0107 wszystko p\u0142ynnie. Obs\u0142uga klienta jest dla nas priorytetem i zapewniamy, \u017ce zam\u00f3wienia s\u0105 dostarczane na czas.<\/p>\n<p>Otrzymali\u015bmy \u015bwietne opinie i oceny od naszych konsument\u00f3w, poniewa\u017c pracujemy w tej dziedzinie od dawna. Kapsu\u0142ki Nembutal s\u0105 wysy\u0142ane do klient\u00f3w w bezpieczny spos\u00f3b przez nasz zesp\u00f3\u0142. Do ka\u017cdego zakupionego u nas przedmiotu do\u0142\u0105czamy zestaw instrukcji. Te wskaz\u00f3wki poka\u017c\u0105 Ci, jak bezpiecznie przyjmowa\u0107 recept\u0119 Nembutal Capsules.<\/p>\n<p>Zawsze mo\u017cesz polega\u0107 na naszych us\u0142ugach najwy\u017cszej klasy. Nasza apteka internetowa mo\u017ce pom\u00f3c Ci dowiedzie\u0107 si\u0119 wi\u0119cej o leku Nembutal Capsules. Kapsu\u0142ki Nembutal by\u0142y kiedy\u015b trudne do zdobycia. Jednak w miar\u0119 up\u0142ywu czasu nasza apteka internetowa by\u0142a w stanie oferowa\u0107 produkty Nembutal online. Mo\u017cesz je zdoby\u0107, kiedy tylko chcesz.<\/p>\n","protected":false},"excerpt":{"rendered":"<p>Zamawianie kapsu\u0142ek Nembutal online: jakie kroki nale\u017cy podj\u0105\u0107?<\/p>\n<p>Mo\u017cesz z\u0142o\u017cy\u0107 wniosek o zakup kapsu\u0142ek Nembutal online w najlepszej cenie na naszej oficjalnej stronie internetowej i zleci\u0107 jej realizacj\u0119 w kr\u00f3tkim czasie. . Odpowiadamy za realizacj\u0119 Twojego zam\u00f3wienia. Mo\u017cesz kupi\u0107 Nembutal Capsules u nas ju\u017c teraz, je\u015bli skontaktujesz si\u0119 z nami ju\u017c dzi\u015b!<\/p>\n<p>W naszym sklepie internetowym BestGlobalMedicines.com mo\u017cesz kupi\u0107 Nembutal Capsules, pills Europe i Pentobarbital na sprzeda\u017c w Wielkiej Brytanii z szybk\u0105 dostaw\u0105 na ca\u0142y \u015bwiat! Tutaj znajdziesz najlepsze miejsce na zakup Nembutala online!<\/p>\n","protected":false},"featured_media":5786,"comment_status":"open","ping_status":"closed","template":"","meta":[],"product_brand":[],"product_cat":[3818],"product_tag":[3820,3821,3822,3823,3826,3827,3828,3829,3830,3897,3913,3831,3832,3833,3834,3835,3864,3868,3879,3926,3925,3924,3923,3916,3918,3920,3917,3915,3914,3919,3922,3836,3837,3841,3842,3843,3839,3838,3840,3846,3907,3904,3824,3825,3905,3912,3819,3845,3848,3849,3854,3855,3847,3856,3858,3859,3860,3865,3866,3867,3869,3911,3871,3872,3873,3874,3877,3876,3882,3883,3884,3885,3890,3891,3892,3893,3898,3899,3900,3906,3880,3875,3909,3908,3887,3889,3902,3888,3895,3886,3857,3862,3861,3863,3894,3850,3851,3852,3853,3910,3896,3927,3881,3844,3903,3901,3921,3870,3878],"class_list":{"0":"post-5777","1":"product","2":"type-product","3":"status-publish","4":"has-post-thumbnail","6":"product_cat-pentobarbital-na-sprzeda","7":"product_tag-buy-cheap-nembutal-liquid-online","8":"product_tag-buy-cheap-nembutal-online","9":"product_tag-buy-nembutal-here","10":"product_tag-buy-nembutal-liquid-online","11":"product_tag-buy-nembutal-sodium-online","12":"product_tag-buy-pentobarbital-sodium","13":"product_tag-buy-pentobarbital-sodium-2021","14":"product_tag-buy-pentobarbital-sodium-pentobarbital-sodium-salt","15":"product_tag-buy-sodium-pentobarbital-uk","16":"product_tag-pentobarbital-sd-cena","17":"product_tag-chcesz-kupi-nembutal","18":"product_tag-mog-c4-99-kup-c4-87-pentobarbital","19":"product_tag-can-i-order-nembutal-online","20":"product_tag-can-i-order-pentobarbital-online","21":"product_tag-czy-moesz-kupi-pentobarbital-sd-bez-recepty","22":"product_tag-czy-moesz-kupi-pentobarbital-sodu","23":"product_tag-nembutal-piguki-dawka","24":"product_tag-nembutal-tabletki-dostawca","25":"product_tag-pentobarbital-sodowy-kup","26":"product_tag-gdzie-kupi-pentobarbital-sodu-dla-psa","27":"product_tag-gdzie-kupi-pentobarbital-sd","28":"product_tag-gdzie-kupi-tabletki-nembutal-online","29":"product_tag-gdzie-kupi-tanie-nembutal-online","30":"product_tag-gdzie-mog-kupi-nembutal-pentobarbital-sodowy","31":"product_tag-gdzie-mog-kupi-pentobarbital-sd","32":"product_tag-gdzie-mog-kupi-pentobarbital-sodu","33":"product_tag-gdzie-mog-kupi-pentobarbital","34":"product_tag-gdzie-mog-kupi-tabletki-nembutal","35":"product_tag-gdzie-mog-kupi-nembutal-liquid","36":"product_tag-gdzie-mog-kupi-pentobarbital-piguki-nasenne-sodowe","37":"product_tag-gdzie-mona-kupi-pentobarbital-sodowy","38":"product_tag-how-can-i-order-nembutal-liquid","39":"product_tag-how-can-i-order-nembutal-pills","40":"product_tag-how-to-buy-nembutal-online","41":"product_tag-how-to-order-nembutal-by-mail","42":"product_tag-it-is-easy-to-buy-nembutal-online","43":"product_tag-jak-mog-wzi-nembutal","44":"product_tag-jak-mog-zleca-pentobarbital-sodowy","45":"product_tag-jak-naby-c4-87-nembutal","46":"product_tag-nembutal-kapsuka","47":"product_tag-koszt-pentobarbitalu-sodu","48":"product_tag-zakup-nembutal-online","49":"product_tag-kup-nembutal-pentobarbital-sd","50":"product_tag-kup-nembutal-pigu-c5-82ki-online","51":"product_tag-kup-nembutal-piguki-online","52":"product_tag-najlepsze-miejsce-do-kupowania-tabletek-nembutal-online","53":"product_tag-najlepszy-lek-na-samobjstwo-przedawkowanie","54":"product_tag-nembutal","55":"product_tag-nembutal-liquid-buy","56":"product_tag-nembutal-liquid-buy-australia","57":"product_tag-nembutal-liquid-overdose","58":"product_tag-nembutal-liquid-supplier","59":"product_tag-nembutal-na-sprzeda","60":"product_tag-nembutal-pentobarbital-sodowy-kup","61":"product_tag-nembutal-pills-buy","62":"product_tag-nembutal-pills-buy-australia","63":"product_tag-nembutal-pills-buy-austria","64":"product_tag-nembutal-pills-for-sale","65":"product_tag-nembutal-pills-online","66":"product_tag-nembutal-pills-overdose","67":"product_tag-nembutal-suicide-dose","68":"product_tag-okres-trwaoci-pentobarbitalu-sodu","69":"product_tag-order-nembutal-pills","70":"product_tag-order-nembutal-pills-online","71":"product_tag-order-pentobarbital-sodium","72":"product_tag-pentobarbital","73":"product_tag-pentobarbital-blisko-mnie","74":"product_tag-pentobarbital-do-eutanazji","75":"product_tag-pentobarbital-sodium-dosage","76":"product_tag-pentobarbital-sodium-for-dogs","77":"product_tag-pentobarbital-sodium-for-humans","78":"product_tag-pentobarbital-sodium-group","79":"product_tag-pentobarbital-sodium-liquid","80":"product_tag-pentobarbital-sodium-nz","81":"product_tag-pentobarbital-sodium-oral","82":"product_tag-pentobarbital-sodium-over-the-counter","83":"product_tag-pentobarbital-sodium-salt","84":"product_tag-pentobarbital-sodium-sleeping-pills","85":"product_tag-pentobarbital-sodium-sleeping-pills-over-the-counter","86":"product_tag-sodu-pentobarbital-nembutal","87":"product_tag-pentobarbital-soda-china","88":"product_tag-pentobarbital-de-sodu-dawka-letale","89":"product_tag-pentobarbital-sodowy-do-eutanazji","90":"product_tag-pentobarbital-sodu-do-eutanazji-zwierzt","91":"product_tag-pentobarbital-sodowy-zastrzyk-dla-ludzi","92":"product_tag-pentobarbital-sd-wstrzyknicie-usp","93":"product_tag-pentobarbital-sd-gdzie-kupi","94":"product_tag-roztwr-do-wstrzykiwania-pentobarbitalu-sodu","95":"product_tag-pentobarbital-sodowy-w-proszku","96":"product_tag-pentobarbital-zastrzyk-sodu-dla-psw","97":"product_tag-piguki-nembutalne","98":"product_tag-pigu-c5-82ki-nembutal-kup-online","99":"product_tag-nembutal-pigu-c5-82ki-kup-europa","100":"product_tag-nembutal-pigu-c5-82ki-kup-uk","101":"product_tag-piguki-pentobarbitalowo-sodowe","102":"product_tag-nembutal-liquid-kup-austria","103":"product_tag-nembutal-pyn-kup-europa","104":"product_tag-nembutal-liquid-buy-uk","105":"product_tag-nembutal-pyn-dawka","106":"product_tag-producenci-pentobarbitalu-sodu","107":"product_tag-pentobarbital-sodowy-na-recept","108":"product_tag-gdzie-kupi-pentobarbital-sodu","109":"product_tag-pentobarbital-sd-c5mier","110":"product_tag-miertelne-zastrzyki-kup-online","111":"product_tag-zastosowanie-pentobarbitalu","112":"product_tag-pentobarbital-tabletki-sodu","113":"product_tag-where-can-i-purchase-nembutal","114":"product_tag-zamw-nembutal-ciecz","115":"product_tag-znieczulenie-pentobarbitalem-sodowym","117":"first","118":"instock","119":"shipping-taxable","120":"purchasable","121":"product-type-variable"},"yoast_head":"<!-- This site is optimized with the Yoast SEO plugin v27.3 - https:\/\/yoast.com\/product\/yoast-seo-wordpress\/ -->\n<title>Kup kapsu\u0142ki Nembutal - Zam\u00f3w kapsu\u0142ki Nembutal - Najlepsze leki na \u015bwiecie<\/title>\n<meta name=\"description\" content=\"Kup\/zam\u00f3w kapsu\u0142ki Nembutal, tabletki na sprzeda\u017c w Wielkiej Brytanii, Europie, Chinach, Japonii, Izraelu w renomowanej aptece internetowej bez recepty i gwarantowanej dyskretnej wysy\u0142ki.\" \/>\n<meta name=\"robots\" content=\"index, follow, max-snippet:-1, max-image-preview:large, max-video-preview:-1\" \/>\n<link rel=\"canonical\" href=\"https:\/\/medicinasinc.com\/pl\/product\/kup-nembutal-kapsulki\/\" \/>\n<meta property=\"og:locale\" content=\"en_US\" \/>\n<meta property=\"og:type\" content=\"article\" \/>\n<meta property=\"og:title\" content=\"Kup kapsu\u0142ki Nembutal - Zam\u00f3w kapsu\u0142ki Nembutal - Najlepsze leki na \u015bwiecie\" \/>\n<meta property=\"og:description\" content=\"Kup\/zam\u00f3w kapsu\u0142ki Nembutal, tabletki na sprzeda\u017c w Wielkiej Brytanii, Europie, Chinach, Japonii, Izraelu w renomowanej aptece internetowej bez recepty i gwarantowanej dyskretnej wysy\u0142ki.\" \/>\n<meta property=\"og:url\" content=\"https:\/\/medicinasinc.com\/pl\/product\/kup-nembutal-kapsulki\/\" \/>\n<meta property=\"og:site_name\" content=\"Medicinas Inc\" \/>\n<meta property=\"article:modified_time\" content=\"2022-03-22T00:47:15+00:00\" \/>\n<meta property=\"og:image\" content=\"https:\/\/medicinasinc.com\/pl\/wp-content\/uploads\/sites\/13\/2022\/02\/Buy-Nembutal-Capsules.jpg\" \/>\n\t<meta property=\"og:image:width\" content=\"600\" \/>\n\t<meta property=\"og:image:height\" content=\"600\" \/>\n\t<meta property=\"og:image:type\" content=\"image\/jpeg\" \/>\n<meta name=\"twitter:card\" content=\"summary_large_image\" \/>\n<meta name=\"twitter:label1\" content=\"Est. reading time\" \/>\n\t<meta name=\"twitter:data1\" content=\"2 minutes\" \/>\n<script type=\"application\/ld+json\" class=\"yoast-schema-graph\">{\"@context\":\"https:\\\/\\\/schema.org\",\"@graph\":[{\"@type\":\"WebPage\",\"@id\":\"https:\\\/\\\/medicinasinc.com\\\/pl\\\/product\\\/kup-nembutal-kapsulki\\\/\",\"url\":\"https:\\\/\\\/medicinasinc.com\\\/pl\\\/product\\\/kup-nembutal-kapsulki\\\/\",\"name\":\"Kup kapsu\u0142ki Nembutal - Zam\u00f3w kapsu\u0142ki Nembutal - Najlepsze leki na \u015bwiecie\",\"isPartOf\":{\"@id\":\"https:\\\/\\\/medicinasinc.com\\\/pl\\\/#website\"},\"primaryImageOfPage\":{\"@id\":\"https:\\\/\\\/medicinasinc.com\\\/pl\\\/product\\\/kup-nembutal-kapsulki\\\/#primaryimage\"},\"image\":{\"@id\":\"https:\\\/\\\/medicinasinc.com\\\/pl\\\/product\\\/kup-nembutal-kapsulki\\\/#primaryimage\"},\"thumbnailUrl\":\"https:\\\/\\\/medicinasinc.com\\\/pl\\\/wp-content\\\/uploads\\\/sites\\\/13\\\/2022\\\/02\\\/Buy-Nembutal-Capsules.jpg\",\"datePublished\":\"2022-02-22T05:58:59+00:00\",\"dateModified\":\"2022-03-22T00:47:15+00:00\",\"description\":\"Kup\\\/zam\u00f3w kapsu\u0142ki Nembutal, tabletki na sprzeda\u017c w Wielkiej Brytanii, Europie, Chinach, Japonii, Izraelu w renomowanej aptece internetowej bez recepty i gwarantowanej dyskretnej wysy\u0142ki.\",\"breadcrumb\":{\"@id\":\"https:\\\/\\\/medicinasinc.com\\\/pl\\\/product\\\/kup-nembutal-kapsulki\\\/#breadcrumb\"},\"inLanguage\":\"en-US\",\"potentialAction\":[{\"@type\":\"ReadAction\",\"target\":[\"https:\\\/\\\/medicinasinc.com\\\/pl\\\/product\\\/kup-nembutal-kapsulki\\\/\"]}]},{\"@type\":\"ImageObject\",\"inLanguage\":\"en-US\",\"@id\":\"https:\\\/\\\/medicinasinc.com\\\/pl\\\/product\\\/kup-nembutal-kapsulki\\\/#primaryimage\",\"url\":\"https:\\\/\\\/medicinasinc.com\\\/pl\\\/wp-content\\\/uploads\\\/sites\\\/13\\\/2022\\\/02\\\/Buy-Nembutal-Capsules.jpg\",\"contentUrl\":\"https:\\\/\\\/medicinasinc.com\\\/pl\\\/wp-content\\\/uploads\\\/sites\\\/13\\\/2022\\\/02\\\/Buy-Nembutal-Capsules.jpg\",\"width\":600,\"height\":600},{\"@type\":\"BreadcrumbList\",\"@id\":\"https:\\\/\\\/medicinasinc.com\\\/pl\\\/product\\\/kup-nembutal-kapsulki\\\/#breadcrumb\",\"itemListElement\":[{\"@type\":\"ListItem\",\"position\":1,\"name\":\"Sklep\",\"item\":\"https:\\\/\\\/medicinasinc.com\\\/pl\\\/sklep\\\/\"},{\"@type\":\"ListItem\",\"position\":2,\"name\":\"Kup kapsu\u0142ki Nembutal\"}]},{\"@type\":\"WebSite\",\"@id\":\"https:\\\/\\\/medicinasinc.com\\\/pl\\\/#website\",\"url\":\"https:\\\/\\\/medicinasinc.com\\\/pl\\\/\",\"name\":\"Medicinas Inc\",\"description\":\"Health Medical Clinic\",\"potentialAction\":[{\"@type\":\"SearchAction\",\"target\":{\"@type\":\"EntryPoint\",\"urlTemplate\":\"https:\\\/\\\/medicinasinc.com\\\/pl\\\/?s={search_term_string}\"},\"query-input\":{\"@type\":\"PropertyValueSpecification\",\"valueRequired\":true,\"valueName\":\"search_term_string\"}}],\"inLanguage\":\"en-US\"}]}<\/script>\n<!-- \/ Yoast SEO plugin. -->","yoast_head_json":{"title":"Kup kapsu\u0142ki Nembutal - Zam\u00f3w kapsu\u0142ki Nembutal - Najlepsze leki na \u015bwiecie","description":"Kup\/zam\u00f3w kapsu\u0142ki Nembutal, tabletki na sprzeda\u017c w Wielkiej Brytanii, Europie, Chinach, Japonii, Izraelu w renomowanej aptece internetowej bez recepty i gwarantowanej dyskretnej wysy\u0142ki.","robots":{"index":"index","follow":"follow","max-snippet":"max-snippet:-1","max-image-preview":"max-image-preview:large","max-video-preview":"max-video-preview:-1"},"canonical":"https:\/\/medicinasinc.com\/pl\/product\/kup-nembutal-kapsulki\/","og_locale":"en_US","og_type":"article","og_title":"Kup kapsu\u0142ki Nembutal - Zam\u00f3w kapsu\u0142ki Nembutal - Najlepsze leki na \u015bwiecie","og_description":"Kup\/zam\u00f3w kapsu\u0142ki Nembutal, tabletki na sprzeda\u017c w Wielkiej Brytanii, Europie, Chinach, Japonii, Izraelu w renomowanej aptece internetowej bez recepty i gwarantowanej dyskretnej wysy\u0142ki.","og_url":"https:\/\/medicinasinc.com\/pl\/product\/kup-nembutal-kapsulki\/","og_site_name":"Medicinas Inc","article_modified_time":"2022-03-22T00:47:15+00:00","og_image":[{"width":600,"height":600,"url":"https:\/\/medicinasinc.com\/pl\/wp-content\/uploads\/sites\/13\/2022\/02\/Buy-Nembutal-Capsules.jpg","type":"image\/jpeg"}],"twitter_card":"summary_large_image","twitter_misc":{"Est. reading time":"2 minutes"},"schema":{"@context":"https:\/\/schema.org","@graph":[{"@type":"WebPage","@id":"https:\/\/medicinasinc.com\/pl\/product\/kup-nembutal-kapsulki\/","url":"https:\/\/medicinasinc.com\/pl\/product\/kup-nembutal-kapsulki\/","name":"Kup kapsu\u0142ki Nembutal - Zam\u00f3w kapsu\u0142ki Nembutal - Najlepsze leki na \u015bwiecie","isPartOf":{"@id":"https:\/\/medicinasinc.com\/pl\/#website"},"primaryImageOfPage":{"@id":"https:\/\/medicinasinc.com\/pl\/product\/kup-nembutal-kapsulki\/#primaryimage"},"image":{"@id":"https:\/\/medicinasinc.com\/pl\/product\/kup-nembutal-kapsulki\/#primaryimage"},"thumbnailUrl":"https:\/\/medicinasinc.com\/pl\/wp-content\/uploads\/sites\/13\/2022\/02\/Buy-Nembutal-Capsules.jpg","datePublished":"2022-02-22T05:58:59+00:00","dateModified":"2022-03-22T00:47:15+00:00","description":"Kup\/zam\u00f3w kapsu\u0142ki Nembutal, tabletki na sprzeda\u017c w Wielkiej Brytanii, Europie, Chinach, Japonii, Izraelu w renomowanej aptece internetowej bez recepty i gwarantowanej dyskretnej wysy\u0142ki.","breadcrumb":{"@id":"https:\/\/medicinasinc.com\/pl\/product\/kup-nembutal-kapsulki\/#breadcrumb"},"inLanguage":"en-US","potentialAction":[{"@type":"ReadAction","target":["https:\/\/medicinasinc.com\/pl\/product\/kup-nembutal-kapsulki\/"]}]},{"@type":"ImageObject","inLanguage":"en-US","@id":"https:\/\/medicinasinc.com\/pl\/product\/kup-nembutal-kapsulki\/#primaryimage","url":"https:\/\/medicinasinc.com\/pl\/wp-content\/uploads\/sites\/13\/2022\/02\/Buy-Nembutal-Capsules.jpg","contentUrl":"https:\/\/medicinasinc.com\/pl\/wp-content\/uploads\/sites\/13\/2022\/02\/Buy-Nembutal-Capsules.jpg","width":600,"height":600},{"@type":"BreadcrumbList","@id":"https:\/\/medicinasinc.com\/pl\/product\/kup-nembutal-kapsulki\/#breadcrumb","itemListElement":[{"@type":"ListItem","position":1,"name":"Sklep","item":"https:\/\/medicinasinc.com\/pl\/sklep\/"},{"@type":"ListItem","position":2,"name":"Kup kapsu\u0142ki Nembutal"}]},{"@type":"WebSite","@id":"https:\/\/medicinasinc.com\/pl\/#website","url":"https:\/\/medicinasinc.com\/pl\/","name":"Medicinas Inc","description":"Health Medical Clinic","potentialAction":[{"@type":"SearchAction","target":{"@type":"EntryPoint","urlTemplate":"https:\/\/medicinasinc.com\/pl\/?s={search_term_string}"},"query-input":{"@type":"PropertyValueSpecification","valueRequired":true,"valueName":"search_term_string"}}],"inLanguage":"en-US"}]}},"_links":{"self":[{"href":"https:\/\/medicinasinc.com\/pl\/wp-json\/wp\/v2\/product\/5777","targetHints":{"allow":["GET"]}}],"collection":[{"href":"https:\/\/medicinasinc.com\/pl\/wp-json\/wp\/v2\/product"}],"about":[{"href":"https:\/\/medicinasinc.com\/pl\/wp-json\/wp\/v2\/types\/product"}],"replies":[{"embeddable":true,"href":"https:\/\/medicinasinc.com\/pl\/wp-json\/wp\/v2\/comments?post=5777"}],"wp:featuredmedia":[{"embeddable":true,"href":"https:\/\/medicinasinc.com\/pl\/wp-json\/wp\/v2\/media\/5786"}],"wp:attachment":[{"href":"https:\/\/medicinasinc.com\/pl\/wp-json\/wp\/v2\/media?parent=5777"}],"wp:term":[{"taxonomy":"product_brand","embeddable":true,"href":"https:\/\/medicinasinc.com\/pl\/wp-json\/wp\/v2\/product_brand?post=5777"},{"taxonomy":"product_cat","embeddable":true,"href":"https:\/\/medicinasinc.com\/pl\/wp-json\/wp\/v2\/product_cat?post=5777"},{"taxonomy":"product_tag","embeddable":true,"href":"https:\/\/medicinasinc.com\/pl\/wp-json\/wp\/v2\/product_tag?post=5777"}],"curies":[{"name":"wp","href":"https:\/\/api.w.org\/{rel}","templated":true}]}}