{"id":5739,"date":"2022-02-22T05:15:21","date_gmt":"2022-02-22T05:15:21","guid":{"rendered":"https:\/\/medicinasinc.com\/pl\/?post_type=product&#038;p=5739"},"modified":"2022-03-22T00:47:27","modified_gmt":"2022-03-22T00:47:27","slug":"kup-pirazolam-0-5-mg-granulki","status":"publish","type":"product","link":"https:\/\/medicinasinc.com\/pl\/product\/kup-pirazolam-0-5-mg-granulki\/","title":{"rendered":"Kup granulki Pyrazolam 0,5 mg"},"content":{"rendered":"<p>Pyrazolam 0,5 mg granulki do sprzeda\u017cy w Wielkiej Brytanii, Europie, Australii i Unii Europejskiej. Cena Pyrazolamu, dostawa na noc Pyrazolamu i gdzie kupi\u0107 wysokiej jako\u015bci Pyrazolam.<\/p>\n<p>Bitcoin mo\u017cna wykorzysta\u0107 do zakupu 1 mg granulek Pyrazolam online. C16H12BrN5 to struktura molekularna tej prasy. Pyrazolam mo\u017ce by\u0107 trudny do zdobycia.<\/p>\n<p>Klasa lek\u00f3w benzodiazepinowych obejmuje pyrazolam, zupe\u0142nie nowy depresant. Relaks, odhamowanie i euforia to tylko niekt\u00f3re z pozytywnych skutk\u00f3w ubocznych zg\u0142aszanych przez ludzi. Kupuj i zamawiaj tanie granulki Pyrazolam 2022 w Internecie.<\/p>\n<p>Benzodiazepiny, takie jak pyrazolam i diazepam, wywo\u0142uj\u0105 mniej euforii i s\u0105 bardziej uspokajaj\u0105ce, wi\u0119c nie s\u0105 powszechnie u\u017cywane do cel\u00f3w rekreacyjnych.<\/p>\n<p> Farmaceutyki Zam\u00f3w tanie tabletki Pyrazolam 2022 online<\/p>\n<p>Istnieje wiele r\u00f3\u017cnych efekt\u00f3w, kt\u00f3re mo\u017cna wywo\u0142a\u0107, przyjmuj\u0105c benzo, poniewa\u017c wi\u0105\u017c\u0105 si\u0119 one z miejscem receptora benzodiazepiny i zwi\u0119kszaj\u0105 skuteczno\u015b\u0107 kwasu gamma-aminomas\u0142owego i jego wp\u0142yw na jego receptory.<\/p>\n<p>Uspokajaj\u0105ce lub uspokajaj\u0105ce dzia\u0142anie piazolamu na uk\u0142ad nerwowy mo\u017cna przypisa\u0107 jego modulacji tego miejsca, kt\u00f3re jest najbardziej p\u0142odnym m\u00f3zgowym zestawem receptor\u00f3w hamuj\u0105cych.<\/p>\n<p>Zakup Pyrazolamu od renomowanego dostawcy zapewnia, \u017ce \u200b\u200bb\u0119dziesz odbierz zam\u00f3wienie na czas na rok 2021.<\/p>\n<p>Zamiast receptor\u00f3w benzodiazepinowych, przeciwdrgawkowe dzia\u0142anie benzodiazepin mo\u017ce wynika\u0107 z ich wi\u0105zania z zale\u017cnymi od napi\u0119cia kana\u0142ami sodowymi.<\/p>\n<p>Wp\u0142yw na Cia\u0142o<br \/> Zawroty g\u0142owy<br \/> utrata funkcje motoryczne<br \/>Rozlu\u017anienie mi\u0119\u015bni<br \/>Depresja uk\u0142adu oddechowego<br \/>Pyazolam jest mniej uspokajaj\u0105cy ni\u017c inne benzodiazepiny, chyba \u017ce jest przyjmowany w du\u017cych dawkach, dlatego jest cz\u0119sto przepisywany w leczeniu bezsenno\u015bci.<br \/> Wp\u0142yw na umys\u0142<\/p>\n<p>Poznawcze efekty Pyrazolamu mo\u017cna podzieli\u0107 na kilka sk\u0142adnik\u00f3w, kt\u00f3rych intensywno\u015b\u0107 wzrasta wraz ze wzrostem dawki.<\/p>\n<p>Zakup Pyrazolamu od renomowanego dostawcy zapewnia, \u017ce \u200b\u200botrzymasz sw\u00f3j porz\u0105dku na rok 2021.<\/p>\n<p>Wiele os\u00f3b opisuje og\u00f3lny wp\u0142yw pyrazolamu na umys\u0142 jako \u0142agodn\u0105 sedacj\u0119, ale z odpowiednio siln\u0105 redukcj\u0105 l\u0119ku. Ma wiele efekt\u00f3w poznawczych, kt\u00f3re s\u0105 powszechnie kojarzone z depresj\u0105.<\/p>\n<p>Og\u00f3lnie najbardziej zauwa\u017calne efekty poznawcze to:<\/p>\n<p>Amnezja<br \/> T\u0142umienie l\u0119ku<br \/> Spowolnienie umys\u0142u<br \/> T\u0142umienie analizy danych<br \/> Odhamowanie<br \/> Powtarzaj\u0105ce si\u0119 powtarzanie w\u0142asnych b\u0142\u0119d\u00f3w<br \/> Z\u0142udzenie trze\u017awo\u015bci: pomimo oczywistych dowod\u00f3w przeciwnych, takich jak powa\u017cne upo\u015bledzenie funkcji poznawczych i niezdolno\u015b\u0107 do pe\u0142nej komunikacji z innymi, fa\u0142szywe przekonanie, \u017ce jest si\u0119 ca\u0142kowicie trze\u017awym, utrzymuje si\u0119 w jednostce.<br \/>Wzmacnianie sn\u00f3w<br \/> Zdumiewaj\u0105ce kontrasty<br \/> Zam\u00f3w granulki Pyrazolam 2021, Kup Pyrazolam online za tanio 2021<\/p>\n<p>Nierzadko zdarza si\u0119, \u017ce osoby przyjmuj\u0105ce benzodiazepiny do\u015bwiadczaj\u0105 niezwyk\u0142ych skutk\u00f3w ubocznych, takich jak wzrost cz\u0119stotliwo\u015bci napad\u00f3w, agresja, dra\u017cliwo\u015b\u0107 i my\u015bli samob\u00f3jcze.<\/p>\n<p>U\u017cywaj\u0105cy narkotyk\u00f3w w celach rekreacyjnych, osoby z chorobami psychicznymi, dzieci, a pacjenci otrzymuj\u0105cy du\u017ce dawki s\u0105 bardziej nara\u017ceni na do\u015bwiadczanie e te paradoksalne efekty.<\/p>\n<p>Potencja\u0142 uzale\u017cnienia i tolerancji<\/p>\n<p>Pyrazolam charakteryzuje si\u0119 wysokim poziomem uzale\u017cnienia fizycznego i psychicznego.<br \/> Tolerancja na efekty uspokajaj\u0105co-nasenne rozwinie si\u0119 w ci\u0105gu kilku dni regularnego stosowania leku.<\/p>\n<p>Tolerancja wraca do normy w ci\u0105gu 7 do 14 dni od zaprzestania. Mo\u017cliwe jest jednak, \u017ce w zale\u017cno\u015bci od tego, jak d\u0142ugo i jak intensywnie go u\u017cywasz, mo\u017ce to potrwa\u0107 znacznie d\u0142u\u017cej.<\/p>\n<p>Po kilku tygodniach lub d\u0142u\u017cej sta\u0142ego dawkowania mog\u0105 wyst\u0105pi\u0107 objawy odstawienia lub objawy z odbicia, co wymaga stopniowe zmniejszanie dawki.<\/p>\n<p>Interakcje, kt\u00f3re mog\u0105 by\u0107 szkodliwe. Kup Pyrazolam online, zam\u00f3w Pyrazolam Pellets 2022<\/p>\n<p>Wiele lek\u00f3w jest bezpiecznych samodzielnie, ale w po\u0142\u0105czeniu z innymi substancjami mog\u0105 by\u0107 niebezpieczne, a nawet zagra\u017ca\u0107 \u017cyciu. Poni\u017cej wymieniono kilka najniebezpieczniejszych kombinacji, ale jest to nie oznacza to wyczerpuj\u0105cej listy.<\/p>\n<p>Jednak nawet w ma\u0142ych dawkach niekt\u00f3re kombinacje mog\u0105 zwi\u0119ksza\u0107 ryzyko \u015bmierci. Przed spo\u017cyciem mieszaniny dw\u00f3ch lub wi\u0119cej substancji nale\u017cy przeprowadzi\u0107 niezale\u017cne badania, aby upewni\u0107 si\u0119, \u017ce jest ona bezpieczna.<\/p>\n<p>\u0141\u0105czenie depresora z innym depresantem mo\u017ce prowadzi\u0107 do niebezpiecznej, a nawet \u015bmiertelnej depresji oddechowej. Przy du\u017cych dawkach rozlu\u017anienie mi\u0119\u015bni, uspokojenie polekowe i amnezja, kt\u00f3re powoduje ka\u017cdy z tych lek\u00f3w, mog\u0105 zosta\u0107 wzmocnione do punktu nieoczekiwanej utraty przytomno\u015bci.<\/p>\n<p>W wyniku tej kombinacji ryzyko wymiot\u00f3w i \u015bmierci przez uduszenie podczas utraty przytomno\u015bci. Osoby, kt\u00f3re tego do\u015bwiadczaj\u0105, powinny spr\u00f3bowa\u0107 spa\u0107 w pozycji wypocz\u0119tej lub poprosi\u0107 przyjaciela o przeniesienie ich do niej.<\/p>\n<p>Benzodiazepiny i stymulanty nie powinny by\u0107 \u0142\u0105czone ze wzgl\u0119du na ryzyko nadmiernego zatrucia. Uspokajaj\u0105ce dzia\u0142anie benzodiazepin jest \u0142agodzone przez stymulanty, co jest g\u0142\u00f3wnym czynnikiem dla wi\u0119kszo\u015bci ludzi przy ocenie ich poziomu zatrucia.<\/p>\n","protected":false},"excerpt":{"rendered":"<p>W Wielkiej Brytanii, Europie, Australii i UE mo\u017cna kupi\u0107 granulki Pyrazolam 0,5 mg. Kup Pyrazolam Online, Dostaw\u0119 Pyrazolam na noc, Koszt Pyrazolamu.<\/p>\n<p>Kup 1 mg peletek Pyrazolam za Bitcoin w aptece internetowej. C16H12BrN5 to struktura molekularna tej chemicznej pastylki do prasy. Pirazolam mo\u017ce by\u0107 trudny do zdobycia.<\/p>\n<p>Peletki Pirazolamu 0,5 mg s\u0105 dost\u0119pne w sprzeda\u017cy online. Zgodnie z teori\u0105 oczekuje si\u0119, \u017ce Pyrazolam spowoduje mniej ataksji i sedacji ni\u017c inne \u015brodki. Poniewa\u017c nie ma aktywnych metabolit\u00f3w, pirazolam ma d\u0142u\u017cszy okres p\u00f3\u0142trwania (\u015brednio 6 godzin) i bardziej liniowy efekt ni\u017c wi\u0119kszo\u015b\u0107 innych benzodiazepin.<\/p>\n","protected":false},"featured_media":5751,"comment_status":"open","ping_status":"closed","template":"","meta":[],"product_brand":[],"product_cat":[2014],"product_tag":[3797,3801,3802,3803,3810,3817,3816,3815,3799,3800,3807,3798,3806,3812,3809,3811,3814,3808,3813,3804,3805],"class_list":{"0":"post-5739","1":"product","2":"type-product","3":"status-publish","4":"has-post-thumbnail","6":"product_cat-kup-badania-chemikalia","7":"product_tag-best-place-to-order-pyrazolam-0-5-mg-pallets","8":"product_tag-buy-pyrazolam-europe","9":"product_tag-buy-pyrazolam-near-me","10":"product_tag-buy-pyrazolam-online","11":"product_tag-efekt-pirazolamu","12":"product_tag-gdzie-kupi-pirazolam-0-5-mg","13":"product_tag-gdzie-mog-i-dobre-pirazolam-palety","14":"product_tag-pyrazolam-sprzeda-hurtowa","15":"product_tag-kubek-pirazolam-0-5-mg","16":"product_tag-kup-pirazolam-0-5-mg-granulki","17":"product_tag-zakup-pirazolam","18":"product_tag-najwyszej-jakoci-pirazolam","19":"product_tag-order-pyrazolam-uk","20":"product_tag-pirazolam-cena","21":"product_tag-pyrazolam-0-5-mg-review","22":"product_tag-pirazolam-na-sprzeda","23":"product_tag-pyrazolam-supplier","24":"product_tag-pirazolam-0-5-mg-na-sprzeda","25":"product_tag-sprzeda-pirazolamu","26":"product_tag-zam-c3w-pirazolam","27":"product_tag-zamw-pirazolam-0-5-palety","29":"first","30":"instock","31":"shipping-taxable","32":"purchasable","33":"product-type-variable","34":"has-default-attributes"},"yoast_head":"<!-- This site is optimized with the Yoast SEO plugin v27.3 - https:\/\/yoast.com\/product\/yoast-seo-wordpress\/ -->\n<title>Kup granulat Pyrazolam 0,5 mg - Pyrazolam 0,5 mg - Best Global Meds<\/title>\n<meta name=\"description\" content=\"Kup granulki Pyrazolam 0,5 mg na sprzeda\u017c w Wielkiej Brytanii, Europie, Australii, UE, zam\u00f3w tanie granulki Pyrazolam 2022, Gdzie kupi\u0107 wysokiej jako\u015bci Pyrazolam Overnight Delivery, cena Pyrazolam.\" \/>\n<meta name=\"robots\" content=\"index, follow, max-snippet:-1, max-image-preview:large, max-video-preview:-1\" \/>\n<link rel=\"canonical\" href=\"https:\/\/medicinasinc.com\/pl\/product\/kup-pirazolam-0-5-mg-granulki\/\" \/>\n<meta property=\"og:locale\" content=\"en_US\" \/>\n<meta property=\"og:type\" content=\"article\" \/>\n<meta property=\"og:title\" content=\"Kup granulat Pyrazolam 0,5 mg - Pyrazolam 0,5 mg - Best Global Meds\" \/>\n<meta property=\"og:description\" content=\"Kup granulki Pyrazolam 0,5 mg na sprzeda\u017c w Wielkiej Brytanii, Europie, Australii, UE, zam\u00f3w tanie granulki Pyrazolam 2022, Gdzie kupi\u0107 wysokiej jako\u015bci Pyrazolam Overnight Delivery, cena Pyrazolam.\" \/>\n<meta property=\"og:url\" content=\"https:\/\/medicinasinc.com\/pl\/product\/kup-pirazolam-0-5-mg-granulki\/\" \/>\n<meta property=\"og:site_name\" content=\"Medicinas Inc\" \/>\n<meta property=\"article:modified_time\" content=\"2022-03-22T00:47:27+00:00\" \/>\n<meta property=\"og:image\" content=\"https:\/\/medicinasinc.com\/pl\/wp-content\/uploads\/sites\/13\/2022\/02\/buy-pyrazolam-0-5-mg-pellets-online.jpg\" \/>\n\t<meta property=\"og:image:width\" content=\"600\" \/>\n\t<meta property=\"og:image:height\" content=\"600\" \/>\n\t<meta property=\"og:image:type\" content=\"image\/jpeg\" \/>\n<meta name=\"twitter:card\" content=\"summary_large_image\" \/>\n<meta name=\"twitter:label1\" content=\"Est. reading time\" \/>\n\t<meta name=\"twitter:data1\" content=\"4 minutes\" \/>\n<script type=\"application\/ld+json\" class=\"yoast-schema-graph\">{\"@context\":\"https:\\\/\\\/schema.org\",\"@graph\":[{\"@type\":\"WebPage\",\"@id\":\"https:\\\/\\\/medicinasinc.com\\\/pl\\\/product\\\/kup-pirazolam-0-5-mg-granulki\\\/\",\"url\":\"https:\\\/\\\/medicinasinc.com\\\/pl\\\/product\\\/kup-pirazolam-0-5-mg-granulki\\\/\",\"name\":\"Kup granulat Pyrazolam 0,5 mg - Pyrazolam 0,5 mg - Best Global Meds\",\"isPartOf\":{\"@id\":\"https:\\\/\\\/medicinasinc.com\\\/pl\\\/#website\"},\"primaryImageOfPage\":{\"@id\":\"https:\\\/\\\/medicinasinc.com\\\/pl\\\/product\\\/kup-pirazolam-0-5-mg-granulki\\\/#primaryimage\"},\"image\":{\"@id\":\"https:\\\/\\\/medicinasinc.com\\\/pl\\\/product\\\/kup-pirazolam-0-5-mg-granulki\\\/#primaryimage\"},\"thumbnailUrl\":\"https:\\\/\\\/medicinasinc.com\\\/pl\\\/wp-content\\\/uploads\\\/sites\\\/13\\\/2022\\\/02\\\/buy-pyrazolam-0-5-mg-pellets-online.jpg\",\"datePublished\":\"2022-02-22T05:15:21+00:00\",\"dateModified\":\"2022-03-22T00:47:27+00:00\",\"description\":\"Kup granulki Pyrazolam 0,5 mg na sprzeda\u017c w Wielkiej Brytanii, Europie, Australii, UE, zam\u00f3w tanie granulki Pyrazolam 2022, Gdzie kupi\u0107 wysokiej jako\u015bci Pyrazolam Overnight Delivery, cena Pyrazolam.\",\"breadcrumb\":{\"@id\":\"https:\\\/\\\/medicinasinc.com\\\/pl\\\/product\\\/kup-pirazolam-0-5-mg-granulki\\\/#breadcrumb\"},\"inLanguage\":\"en-US\",\"potentialAction\":[{\"@type\":\"ReadAction\",\"target\":[\"https:\\\/\\\/medicinasinc.com\\\/pl\\\/product\\\/kup-pirazolam-0-5-mg-granulki\\\/\"]}]},{\"@type\":\"ImageObject\",\"inLanguage\":\"en-US\",\"@id\":\"https:\\\/\\\/medicinasinc.com\\\/pl\\\/product\\\/kup-pirazolam-0-5-mg-granulki\\\/#primaryimage\",\"url\":\"https:\\\/\\\/medicinasinc.com\\\/pl\\\/wp-content\\\/uploads\\\/sites\\\/13\\\/2022\\\/02\\\/buy-pyrazolam-0-5-mg-pellets-online.jpg\",\"contentUrl\":\"https:\\\/\\\/medicinasinc.com\\\/pl\\\/wp-content\\\/uploads\\\/sites\\\/13\\\/2022\\\/02\\\/buy-pyrazolam-0-5-mg-pellets-online.jpg\",\"width\":600,\"height\":600},{\"@type\":\"BreadcrumbList\",\"@id\":\"https:\\\/\\\/medicinasinc.com\\\/pl\\\/product\\\/kup-pirazolam-0-5-mg-granulki\\\/#breadcrumb\",\"itemListElement\":[{\"@type\":\"ListItem\",\"position\":1,\"name\":\"Sklep\",\"item\":\"https:\\\/\\\/medicinasinc.com\\\/pl\\\/sklep\\\/\"},{\"@type\":\"ListItem\",\"position\":2,\"name\":\"Kup granulki Pyrazolam 0,5 mg\"}]},{\"@type\":\"WebSite\",\"@id\":\"https:\\\/\\\/medicinasinc.com\\\/pl\\\/#website\",\"url\":\"https:\\\/\\\/medicinasinc.com\\\/pl\\\/\",\"name\":\"Medicinas Inc\",\"description\":\"Health Medical Clinic\",\"potentialAction\":[{\"@type\":\"SearchAction\",\"target\":{\"@type\":\"EntryPoint\",\"urlTemplate\":\"https:\\\/\\\/medicinasinc.com\\\/pl\\\/?s={search_term_string}\"},\"query-input\":{\"@type\":\"PropertyValueSpecification\",\"valueRequired\":true,\"valueName\":\"search_term_string\"}}],\"inLanguage\":\"en-US\"}]}<\/script>\n<!-- \/ Yoast SEO plugin. -->","yoast_head_json":{"title":"Kup granulat Pyrazolam 0,5 mg - Pyrazolam 0,5 mg - Best Global Meds","description":"Kup granulki Pyrazolam 0,5 mg na sprzeda\u017c w Wielkiej Brytanii, Europie, Australii, UE, zam\u00f3w tanie granulki Pyrazolam 2022, Gdzie kupi\u0107 wysokiej jako\u015bci Pyrazolam Overnight Delivery, cena Pyrazolam.","robots":{"index":"index","follow":"follow","max-snippet":"max-snippet:-1","max-image-preview":"max-image-preview:large","max-video-preview":"max-video-preview:-1"},"canonical":"https:\/\/medicinasinc.com\/pl\/product\/kup-pirazolam-0-5-mg-granulki\/","og_locale":"en_US","og_type":"article","og_title":"Kup granulat Pyrazolam 0,5 mg - Pyrazolam 0,5 mg - Best Global Meds","og_description":"Kup granulki Pyrazolam 0,5 mg na sprzeda\u017c w Wielkiej Brytanii, Europie, Australii, UE, zam\u00f3w tanie granulki Pyrazolam 2022, Gdzie kupi\u0107 wysokiej jako\u015bci Pyrazolam Overnight Delivery, cena Pyrazolam.","og_url":"https:\/\/medicinasinc.com\/pl\/product\/kup-pirazolam-0-5-mg-granulki\/","og_site_name":"Medicinas Inc","article_modified_time":"2022-03-22T00:47:27+00:00","og_image":[{"width":600,"height":600,"url":"https:\/\/medicinasinc.com\/pl\/wp-content\/uploads\/sites\/13\/2022\/02\/buy-pyrazolam-0-5-mg-pellets-online.jpg","type":"image\/jpeg"}],"twitter_card":"summary_large_image","twitter_misc":{"Est. reading time":"4 minutes"},"schema":{"@context":"https:\/\/schema.org","@graph":[{"@type":"WebPage","@id":"https:\/\/medicinasinc.com\/pl\/product\/kup-pirazolam-0-5-mg-granulki\/","url":"https:\/\/medicinasinc.com\/pl\/product\/kup-pirazolam-0-5-mg-granulki\/","name":"Kup granulat Pyrazolam 0,5 mg - Pyrazolam 0,5 mg - Best Global Meds","isPartOf":{"@id":"https:\/\/medicinasinc.com\/pl\/#website"},"primaryImageOfPage":{"@id":"https:\/\/medicinasinc.com\/pl\/product\/kup-pirazolam-0-5-mg-granulki\/#primaryimage"},"image":{"@id":"https:\/\/medicinasinc.com\/pl\/product\/kup-pirazolam-0-5-mg-granulki\/#primaryimage"},"thumbnailUrl":"https:\/\/medicinasinc.com\/pl\/wp-content\/uploads\/sites\/13\/2022\/02\/buy-pyrazolam-0-5-mg-pellets-online.jpg","datePublished":"2022-02-22T05:15:21+00:00","dateModified":"2022-03-22T00:47:27+00:00","description":"Kup granulki Pyrazolam 0,5 mg na sprzeda\u017c w Wielkiej Brytanii, Europie, Australii, UE, zam\u00f3w tanie granulki Pyrazolam 2022, Gdzie kupi\u0107 wysokiej jako\u015bci Pyrazolam Overnight Delivery, cena Pyrazolam.","breadcrumb":{"@id":"https:\/\/medicinasinc.com\/pl\/product\/kup-pirazolam-0-5-mg-granulki\/#breadcrumb"},"inLanguage":"en-US","potentialAction":[{"@type":"ReadAction","target":["https:\/\/medicinasinc.com\/pl\/product\/kup-pirazolam-0-5-mg-granulki\/"]}]},{"@type":"ImageObject","inLanguage":"en-US","@id":"https:\/\/medicinasinc.com\/pl\/product\/kup-pirazolam-0-5-mg-granulki\/#primaryimage","url":"https:\/\/medicinasinc.com\/pl\/wp-content\/uploads\/sites\/13\/2022\/02\/buy-pyrazolam-0-5-mg-pellets-online.jpg","contentUrl":"https:\/\/medicinasinc.com\/pl\/wp-content\/uploads\/sites\/13\/2022\/02\/buy-pyrazolam-0-5-mg-pellets-online.jpg","width":600,"height":600},{"@type":"BreadcrumbList","@id":"https:\/\/medicinasinc.com\/pl\/product\/kup-pirazolam-0-5-mg-granulki\/#breadcrumb","itemListElement":[{"@type":"ListItem","position":1,"name":"Sklep","item":"https:\/\/medicinasinc.com\/pl\/sklep\/"},{"@type":"ListItem","position":2,"name":"Kup granulki Pyrazolam 0,5 mg"}]},{"@type":"WebSite","@id":"https:\/\/medicinasinc.com\/pl\/#website","url":"https:\/\/medicinasinc.com\/pl\/","name":"Medicinas Inc","description":"Health Medical Clinic","potentialAction":[{"@type":"SearchAction","target":{"@type":"EntryPoint","urlTemplate":"https:\/\/medicinasinc.com\/pl\/?s={search_term_string}"},"query-input":{"@type":"PropertyValueSpecification","valueRequired":true,"valueName":"search_term_string"}}],"inLanguage":"en-US"}]}},"_links":{"self":[{"href":"https:\/\/medicinasinc.com\/pl\/wp-json\/wp\/v2\/product\/5739","targetHints":{"allow":["GET"]}}],"collection":[{"href":"https:\/\/medicinasinc.com\/pl\/wp-json\/wp\/v2\/product"}],"about":[{"href":"https:\/\/medicinasinc.com\/pl\/wp-json\/wp\/v2\/types\/product"}],"replies":[{"embeddable":true,"href":"https:\/\/medicinasinc.com\/pl\/wp-json\/wp\/v2\/comments?post=5739"}],"wp:featuredmedia":[{"embeddable":true,"href":"https:\/\/medicinasinc.com\/pl\/wp-json\/wp\/v2\/media\/5751"}],"wp:attachment":[{"href":"https:\/\/medicinasinc.com\/pl\/wp-json\/wp\/v2\/media?parent=5739"}],"wp:term":[{"taxonomy":"product_brand","embeddable":true,"href":"https:\/\/medicinasinc.com\/pl\/wp-json\/wp\/v2\/product_brand?post=5739"},{"taxonomy":"product_cat","embeddable":true,"href":"https:\/\/medicinasinc.com\/pl\/wp-json\/wp\/v2\/product_cat?post=5739"},{"taxonomy":"product_tag","embeddable":true,"href":"https:\/\/medicinasinc.com\/pl\/wp-json\/wp\/v2\/product_tag?post=5739"}],"curies":[{"name":"wp","href":"https:\/\/api.w.org\/{rel}","templated":true}]}}