{"id":5735,"date":"2022-02-22T05:09:43","date_gmt":"2022-02-22T05:09:43","guid":{"rendered":"https:\/\/medicinasinc.com\/pl\/?post_type=product&#038;p=5735"},"modified":"2022-03-22T00:47:36","modified_gmt":"2022-03-22T00:47:36","slug":"kup-al-lad-proszek","status":"publish","type":"product","link":"https:\/\/medicinasinc.com\/pl\/product\/kup-al-lad-proszek\/","title":{"rendered":"Kup proszek all-lad"},"content":{"rendered":"<p>Kup proszek al-lad w Wielkiej Brytanii, Europie, Australii i UE i zdob\u0105d\u017a go do 2022 r. za nisk\u0105 cen\u0119. Sprzeda\u017c proszku al-lad, gdzie kupi\u0107 proszek al-lad z dostaw\u0105 na noc.<\/p>\n<p>Sproszkowany AL-LAD. Hurtownia i dostawca 99% czystych surowc\u00f3w farmaceutycznych, chemikali\u00f3w badawczych i lek\u00f3w generycznych, w tym proszku AL-LAD. Opakowanie, kt\u00f3re jest zar\u00f3wno bezpieczne, jak i dyskretne, a tak\u017ce \u015bledzona wysy\u0142ka.<\/p>\n<p>Analog dietyloamidu kwasu lizergowego, znany jako AL-LAD lub 6-allilo-6-nor-LSD, jest substancj\u0105 chemiczn\u0105 zwi\u0105zek (LSD). Lek psychoaktywny podobny do LSD z klasy lizergamidu, jest podawany w celu wywo\u0142ania tych samych efekt\u00f3w psychodelicznych.<\/p>\n<p>Informacje, kt\u00f3re s\u0105 szybkie i brudne<\/p>\n<p>AL-LAD to nazwa produktu.<br \/> 6-6-nor-6-allil-6-nor, AL-LAD<br \/> -LSD<br \/> Numer CAS: 65527-61-9<br \/> C22H27N3O to wz\u00f3r cz\u0105steczkowy<br \/> Mi\u0119dzynarodowa Unia Chemii Czystej i Stosowanej (6aR,9R)<br \/> -N,N-dietylo-7-prop<br \/> -2-enylo-6,6a,8,9<br \/> -tetrahydro- 4H-indolo[4,3-fg]<br \/>chinolino-9-karboksyamid<br \/>Masa cz\u0105steczkowa 349,5 g\/mol.<br \/>99,5% wolny od zanieczyszcze\u0144<br \/> Bia\u0142y lub bia\u0142awy wygl\u0105d krystalicznego proszku<\/p>\n<p>Dostawca proszku AL-LAD<\/p>\n<p>Na rynku surowc\u00f3w farmaceutycznych jeste\u015bmy znani z szerokiej gamy oferowanych przez nas produkt\u00f3w i zapewniania niezawodnych kropli. us\u0142ugi wysy\u0142kowe lek\u00f3w generycznych najwy\u017cszego kalibru. Celem hurtownika proszk\u00f3w AL-LAD jest dostarczanie klientom produkt\u00f3w wysokiej jako\u015bci w konkurencyjnych cenach.<\/p>\n","protected":false},"excerpt":{"rendered":"<div class=\"woocommerce-product-details__short-description\">\n<p>Kup proszek al-lad na sprzeda\u017c w Wielkiej Brytanii, Europie, Australii, UE, zam\u00f3w Tani proszek al-lad 2022, Gdzie kupi\u0107 wysokiej jako\u015bci proszek al-lad Powder Overnight Delivery, sprzeda\u017c proszku al-lad.<\/p>\n<p>Kup AL-LAD Powder Europe od zaufanego dostawcy chemikali\u00f3w badawczych. Proszek AL-LAD jest sprzedawany przez hurtownika, kt\u00f3ry wysy\u0142a z UE.<\/p>\n<p>Osoby, kt\u00f3re chc\u0105 kupi\u0107 proszek AL-LAD, mog\u0105 go dosta\u0107 w najlepszych cenach. Posiada wysokiej jako\u015bci lizergamidy i inne zwi\u0105zki. Najni\u017csze ceny. Jest zni\u017cka. Wysy\u0142ka na ca\u0142y \u015bwiat jest szybka.<\/p>\n<p>Kup All-lad Powder Online. Dwuetyloamid kwasu 6-allilo-6-nor-lizergowego, znany r\u00f3wnie\u017c jako Aladdin, jest p\u00f3\u0142syntetycznym lekiem halucynogennym, kt\u00f3ry mo\u017ce doprowadzi\u0107 ludzi do szale\u0144stwa.<\/p>\n<table class=\"table\" style=\"height: 249px\" width=\"455\">\n<tbody>\n<tr>\n<th><\/th>\n<td><\/td>\n<\/tr>\n<tr>\n<th>Minimalna ilo\u015b\u0107 zam\u00f3wienia:<\/th>\n<td>20 g<\/td>\n<\/tr>\n<tr>\n<th>Mo\u017cliwo\u015b\u0107 dostaw:<\/th>\n<td>100 kg\/miesi\u0105c<\/td>\n<\/tr>\n<tr>\n<th>Port:<\/th>\n<td> Warszawa, Holandia<\/td>\n<\/tr>\n<tr>\n<th>Warunki p\u0142atno\u015bci:<\/th>\n<td>Przelew bankowy, Bitcoin, WU\/MG, inne<\/td>\n<\/tr>\n<tr>\n<th>Szczeg\u00f3\u0142y opakowania:<\/th>\n<td>Zgodnie z \u017cyczeniem klienta<\/td>\n<\/tr>\n<tr>\n<th>Szczeg\u00f3\u0142y dostawy:<\/th>\n<td>Wysy\u0142ka ekspresowa, DPD, Pharma Courier UE<\/td>\n<\/tr>\n<\/tbody>\n<\/table><\/div>\n","protected":false},"featured_media":5747,"comment_status":"open","ping_status":"closed","template":"","meta":[],"product_brand":[],"product_cat":[2014],"product_tag":[3763,3764,3765,3766,3771,3772,3773,3774,3770,3768,3769,3778,3760,3761,3782,3757,3784,3785,3786,3787,3776,3758,3767,3762,3794,3795,3796,3777,3781,3783,3792,3788,3789,3793,3779,3790,3780,3775,3759,3791],"class_list":{"0":"post-5735","1":"product","2":"type-product","3":"status-publish","4":"has-post-thumbnail","6":"product_cat-kup-badania-chemikalia","7":"product_tag-al-lad-erowid","8":"product_tag-al-lad-experience","9":"product_tag-al-lad-powder-buy","10":"product_tag-al-lad-powder-china","11":"product_tag-al-lad-powder-prices","12":"product_tag-al-lad-powder-review","13":"product_tag-al-lad-powder-reviews","14":"product_tag-al-lad-powder-sale","15":"product_tag-al-lad-proszek-na-sprzeda-online","16":"product_tag-al-lad-proszek-europa","17":"product_tag-al-lad-proszek-na-sprzeda","18":"product_tag-al-lad-reddit","19":"product_tag-wszystko-chodne-dawkowanie","20":"product_tag-al-lad-drug","21":"product_tag-best-quality-al-lad-powder","22":"product_tag-bezpieczestwo-dla-wszystkich","23":"product_tag-buy-al-lad-powder","24":"product_tag-buy-al-lad-uk","25":"product_tag-buy-al-lad-online","26":"product_tag-buy-al-lad-powder-australia","27":"product_tag-al-lad-dostawca-proszku","28":"product_tag-all-lad-dostawca","29":"product_tag-al-lad-proszek-efekt","30":"product_tag-wszystkie-lady-efekty","31":"product_tag-gdzie-kupi-chopaka","32":"product_tag-gdzie-kupi-al-lad-proszek","33":"product_tag-gdzie-zamwi-al-lad-proszek","34":"product_tag-al-lad-proszek-hurtownia","35":"product_tag-ju-c5-bc-pozw-c3-b3l-legal-c5-9bci","36":"product_tag-kup-al-lad-kanada","37":"product_tag-kup-al-lad-proszek","38":"product_tag-kup-al-lad-proszek-europa","39":"product_tag-easy-chems-recenzja","40":"product_tag-prbka-al-lad-proszek","41":"product_tag-al-lad-trip-raport","42":"product_tag-easychems-recenzja","43":"product_tag-wszystko-dostawca-chopcw","44":"product_tag-al-lad-wyprzeda-proszku","45":"product_tag-kup-wszystko-chopcw","46":"product_tag-zamw-al-lad-proszek","48":"first","49":"instock","50":"shipping-taxable","51":"purchasable","52":"product-type-variable","53":"has-default-attributes"},"yoast_head":"<!-- This site is optimized with the Yoast SEO plugin v27.3 - https:\/\/yoast.com\/product\/yoast-seo-wordpress\/ -->\n<title>Kup proszek all-lad - proszek all-lad na sprzeda\u017c - Best Global Meds<\/title>\n<meta name=\"description\" content=\"Kup proszek al-lad na sprzeda\u017c w Wielkiej Brytanii, Europie, AU, UE, zam\u00f3w tani proszek al-lad 2022, gdzie kupi\u0107 wysokiej jako\u015bci proszek al-lad Dostawa nocna, sprzeda\u017c proszku al-lad.\" \/>\n<meta name=\"robots\" content=\"index, follow, max-snippet:-1, max-image-preview:large, max-video-preview:-1\" \/>\n<link rel=\"canonical\" href=\"https:\/\/medicinasinc.com\/pl\/product\/kup-al-lad-proszek\/\" \/>\n<meta property=\"og:locale\" content=\"en_US\" \/>\n<meta property=\"og:type\" content=\"article\" \/>\n<meta property=\"og:title\" content=\"Kup proszek all-lad - proszek all-lad na sprzeda\u017c - Best Global Meds\" \/>\n<meta property=\"og:description\" content=\"Kup proszek al-lad na sprzeda\u017c w Wielkiej Brytanii, Europie, AU, UE, zam\u00f3w tani proszek al-lad 2022, gdzie kupi\u0107 wysokiej jako\u015bci proszek al-lad Dostawa nocna, sprzeda\u017c proszku al-lad.\" \/>\n<meta property=\"og:url\" content=\"https:\/\/medicinasinc.com\/pl\/product\/kup-al-lad-proszek\/\" \/>\n<meta property=\"og:site_name\" content=\"Medicinas Inc\" \/>\n<meta property=\"article:modified_time\" content=\"2022-03-22T00:47:36+00:00\" \/>\n<meta property=\"og:image\" content=\"https:\/\/medicinasinc.com\/pl\/wp-content\/uploads\/sites\/13\/2022\/02\/Buy-al-lad-powder.jpg\" \/>\n\t<meta property=\"og:image:width\" content=\"931\" \/>\n\t<meta property=\"og:image:height\" content=\"799\" \/>\n\t<meta property=\"og:image:type\" content=\"image\/jpeg\" \/>\n<meta name=\"twitter:card\" content=\"summary_large_image\" \/>\n<meta name=\"twitter:label1\" content=\"Est. reading time\" \/>\n\t<meta name=\"twitter:data1\" content=\"1 minute\" \/>\n<script type=\"application\/ld+json\" class=\"yoast-schema-graph\">{\"@context\":\"https:\\\/\\\/schema.org\",\"@graph\":[{\"@type\":\"WebPage\",\"@id\":\"https:\\\/\\\/medicinasinc.com\\\/pl\\\/product\\\/kup-al-lad-proszek\\\/\",\"url\":\"https:\\\/\\\/medicinasinc.com\\\/pl\\\/product\\\/kup-al-lad-proszek\\\/\",\"name\":\"Kup proszek all-lad - proszek all-lad na sprzeda\u017c - Best Global Meds\",\"isPartOf\":{\"@id\":\"https:\\\/\\\/medicinasinc.com\\\/pl\\\/#website\"},\"primaryImageOfPage\":{\"@id\":\"https:\\\/\\\/medicinasinc.com\\\/pl\\\/product\\\/kup-al-lad-proszek\\\/#primaryimage\"},\"image\":{\"@id\":\"https:\\\/\\\/medicinasinc.com\\\/pl\\\/product\\\/kup-al-lad-proszek\\\/#primaryimage\"},\"thumbnailUrl\":\"https:\\\/\\\/medicinasinc.com\\\/pl\\\/wp-content\\\/uploads\\\/sites\\\/13\\\/2022\\\/02\\\/Buy-al-lad-powder.jpg\",\"datePublished\":\"2022-02-22T05:09:43+00:00\",\"dateModified\":\"2022-03-22T00:47:36+00:00\",\"description\":\"Kup proszek al-lad na sprzeda\u017c w Wielkiej Brytanii, Europie, AU, UE, zam\u00f3w tani proszek al-lad 2022, gdzie kupi\u0107 wysokiej jako\u015bci proszek al-lad Dostawa nocna, sprzeda\u017c proszku al-lad.\",\"breadcrumb\":{\"@id\":\"https:\\\/\\\/medicinasinc.com\\\/pl\\\/product\\\/kup-al-lad-proszek\\\/#breadcrumb\"},\"inLanguage\":\"en-US\",\"potentialAction\":[{\"@type\":\"ReadAction\",\"target\":[\"https:\\\/\\\/medicinasinc.com\\\/pl\\\/product\\\/kup-al-lad-proszek\\\/\"]}]},{\"@type\":\"ImageObject\",\"inLanguage\":\"en-US\",\"@id\":\"https:\\\/\\\/medicinasinc.com\\\/pl\\\/product\\\/kup-al-lad-proszek\\\/#primaryimage\",\"url\":\"https:\\\/\\\/medicinasinc.com\\\/pl\\\/wp-content\\\/uploads\\\/sites\\\/13\\\/2022\\\/02\\\/Buy-al-lad-powder.jpg\",\"contentUrl\":\"https:\\\/\\\/medicinasinc.com\\\/pl\\\/wp-content\\\/uploads\\\/sites\\\/13\\\/2022\\\/02\\\/Buy-al-lad-powder.jpg\",\"width\":931,\"height\":799},{\"@type\":\"BreadcrumbList\",\"@id\":\"https:\\\/\\\/medicinasinc.com\\\/pl\\\/product\\\/kup-al-lad-proszek\\\/#breadcrumb\",\"itemListElement\":[{\"@type\":\"ListItem\",\"position\":1,\"name\":\"Sklep\",\"item\":\"https:\\\/\\\/medicinasinc.com\\\/pl\\\/sklep\\\/\"},{\"@type\":\"ListItem\",\"position\":2,\"name\":\"Kup proszek all-lad\"}]},{\"@type\":\"WebSite\",\"@id\":\"https:\\\/\\\/medicinasinc.com\\\/pl\\\/#website\",\"url\":\"https:\\\/\\\/medicinasinc.com\\\/pl\\\/\",\"name\":\"Medicinas Inc\",\"description\":\"Health Medical Clinic\",\"potentialAction\":[{\"@type\":\"SearchAction\",\"target\":{\"@type\":\"EntryPoint\",\"urlTemplate\":\"https:\\\/\\\/medicinasinc.com\\\/pl\\\/?s={search_term_string}\"},\"query-input\":{\"@type\":\"PropertyValueSpecification\",\"valueRequired\":true,\"valueName\":\"search_term_string\"}}],\"inLanguage\":\"en-US\"}]}<\/script>\n<!-- \/ Yoast SEO plugin. -->","yoast_head_json":{"title":"Kup proszek all-lad - proszek all-lad na sprzeda\u017c - Best Global Meds","description":"Kup proszek al-lad na sprzeda\u017c w Wielkiej Brytanii, Europie, AU, UE, zam\u00f3w tani proszek al-lad 2022, gdzie kupi\u0107 wysokiej jako\u015bci proszek al-lad Dostawa nocna, sprzeda\u017c proszku al-lad.","robots":{"index":"index","follow":"follow","max-snippet":"max-snippet:-1","max-image-preview":"max-image-preview:large","max-video-preview":"max-video-preview:-1"},"canonical":"https:\/\/medicinasinc.com\/pl\/product\/kup-al-lad-proszek\/","og_locale":"en_US","og_type":"article","og_title":"Kup proszek all-lad - proszek all-lad na sprzeda\u017c - Best Global Meds","og_description":"Kup proszek al-lad na sprzeda\u017c w Wielkiej Brytanii, Europie, AU, UE, zam\u00f3w tani proszek al-lad 2022, gdzie kupi\u0107 wysokiej jako\u015bci proszek al-lad Dostawa nocna, sprzeda\u017c proszku al-lad.","og_url":"https:\/\/medicinasinc.com\/pl\/product\/kup-al-lad-proszek\/","og_site_name":"Medicinas Inc","article_modified_time":"2022-03-22T00:47:36+00:00","og_image":[{"width":931,"height":799,"url":"https:\/\/medicinasinc.com\/pl\/wp-content\/uploads\/sites\/13\/2022\/02\/Buy-al-lad-powder.jpg","type":"image\/jpeg"}],"twitter_card":"summary_large_image","twitter_misc":{"Est. reading time":"1 minute"},"schema":{"@context":"https:\/\/schema.org","@graph":[{"@type":"WebPage","@id":"https:\/\/medicinasinc.com\/pl\/product\/kup-al-lad-proszek\/","url":"https:\/\/medicinasinc.com\/pl\/product\/kup-al-lad-proszek\/","name":"Kup proszek all-lad - proszek all-lad na sprzeda\u017c - Best Global Meds","isPartOf":{"@id":"https:\/\/medicinasinc.com\/pl\/#website"},"primaryImageOfPage":{"@id":"https:\/\/medicinasinc.com\/pl\/product\/kup-al-lad-proszek\/#primaryimage"},"image":{"@id":"https:\/\/medicinasinc.com\/pl\/product\/kup-al-lad-proszek\/#primaryimage"},"thumbnailUrl":"https:\/\/medicinasinc.com\/pl\/wp-content\/uploads\/sites\/13\/2022\/02\/Buy-al-lad-powder.jpg","datePublished":"2022-02-22T05:09:43+00:00","dateModified":"2022-03-22T00:47:36+00:00","description":"Kup proszek al-lad na sprzeda\u017c w Wielkiej Brytanii, Europie, AU, UE, zam\u00f3w tani proszek al-lad 2022, gdzie kupi\u0107 wysokiej jako\u015bci proszek al-lad Dostawa nocna, sprzeda\u017c proszku al-lad.","breadcrumb":{"@id":"https:\/\/medicinasinc.com\/pl\/product\/kup-al-lad-proszek\/#breadcrumb"},"inLanguage":"en-US","potentialAction":[{"@type":"ReadAction","target":["https:\/\/medicinasinc.com\/pl\/product\/kup-al-lad-proszek\/"]}]},{"@type":"ImageObject","inLanguage":"en-US","@id":"https:\/\/medicinasinc.com\/pl\/product\/kup-al-lad-proszek\/#primaryimage","url":"https:\/\/medicinasinc.com\/pl\/wp-content\/uploads\/sites\/13\/2022\/02\/Buy-al-lad-powder.jpg","contentUrl":"https:\/\/medicinasinc.com\/pl\/wp-content\/uploads\/sites\/13\/2022\/02\/Buy-al-lad-powder.jpg","width":931,"height":799},{"@type":"BreadcrumbList","@id":"https:\/\/medicinasinc.com\/pl\/product\/kup-al-lad-proszek\/#breadcrumb","itemListElement":[{"@type":"ListItem","position":1,"name":"Sklep","item":"https:\/\/medicinasinc.com\/pl\/sklep\/"},{"@type":"ListItem","position":2,"name":"Kup proszek all-lad"}]},{"@type":"WebSite","@id":"https:\/\/medicinasinc.com\/pl\/#website","url":"https:\/\/medicinasinc.com\/pl\/","name":"Medicinas Inc","description":"Health Medical Clinic","potentialAction":[{"@type":"SearchAction","target":{"@type":"EntryPoint","urlTemplate":"https:\/\/medicinasinc.com\/pl\/?s={search_term_string}"},"query-input":{"@type":"PropertyValueSpecification","valueRequired":true,"valueName":"search_term_string"}}],"inLanguage":"en-US"}]}},"_links":{"self":[{"href":"https:\/\/medicinasinc.com\/pl\/wp-json\/wp\/v2\/product\/5735","targetHints":{"allow":["GET"]}}],"collection":[{"href":"https:\/\/medicinasinc.com\/pl\/wp-json\/wp\/v2\/product"}],"about":[{"href":"https:\/\/medicinasinc.com\/pl\/wp-json\/wp\/v2\/types\/product"}],"replies":[{"embeddable":true,"href":"https:\/\/medicinasinc.com\/pl\/wp-json\/wp\/v2\/comments?post=5735"}],"wp:featuredmedia":[{"embeddable":true,"href":"https:\/\/medicinasinc.com\/pl\/wp-json\/wp\/v2\/media\/5747"}],"wp:attachment":[{"href":"https:\/\/medicinasinc.com\/pl\/wp-json\/wp\/v2\/media?parent=5735"}],"wp:term":[{"taxonomy":"product_brand","embeddable":true,"href":"https:\/\/medicinasinc.com\/pl\/wp-json\/wp\/v2\/product_brand?post=5735"},{"taxonomy":"product_cat","embeddable":true,"href":"https:\/\/medicinasinc.com\/pl\/wp-json\/wp\/v2\/product_cat?post=5735"},{"taxonomy":"product_tag","embeddable":true,"href":"https:\/\/medicinasinc.com\/pl\/wp-json\/wp\/v2\/product_tag?post=5735"}],"curies":[{"name":"wp","href":"https:\/\/api.w.org\/{rel}","templated":true}]}}