{"id":5731,"date":"2022-02-22T05:03:24","date_gmt":"2022-02-22T05:03:24","guid":{"rendered":"https:\/\/medicinasinc.com\/pl\/?post_type=product&#038;p=5731"},"modified":"2022-03-22T00:47:45","modified_gmt":"2022-03-22T00:47:45","slug":"kup-sextacy-proszek","status":"publish","type":"product","link":"https:\/\/medicinasinc.com\/pl\/product\/kup-sextacy-proszek\/","title":{"rendered":"Kup proszek sekstacy"},"content":{"rendered":"<p>Upewnij si\u0119, \u017ce kupujesz Sextacy Powder.<\/p>\n<p>Kupuj Sextacy Powder online luzem i kupuj go w du\u017cych ilo\u015bciach.<\/p>\n<p>Sextacy Powder to nowy i ekscytuj\u0105cy markowy produkt, kt\u00f3ry mo\u017cesz kup.<br \/> Je\u015bli chcesz u\u017cywa\u0107 Sextacy, musisz kupi\u0107 go w postaci proszku. G\u0142\u00f3wnym sk\u0142adnikiem jest a-PVP.<\/p>\n<p>Si\u0142a to 5\/5. Sextacy Najlepszy proszek, kt\u00f3ry jest legalny w u\u017cyciu.<br \/> Nadszed\u0142 czas, aby po\u0107wiczy\u0107 w laboratorium dzi\u0119ki temu nowemu i \u015bwietnemu produktowi.<\/p>\n<p>Mo\u017cesz kupi\u0107 czysty Sextacy Powder online.<\/p>\n<div class=\"product-next-previous\">\n<div class=\"product-prev\"><\/div><\/div>\n","protected":false},"excerpt":{"rendered":"<p>Czystej jako\u015bci proszek sekstacy do sprzeda\u017cy w Europie, Wielkiej Brytanii i Australii mo\u017cna kupi\u0107 w Internecie. Je\u015bli chcesz u\u017cywa\u0107 Sextacy, musisz kupi\u0107 go w postaci proszku. G\u0142\u00f3wnym sk\u0142adnikiem jest a-PVP.<\/p>\n<p>Kup Sextacy Legal High Powder w Internecie. Mo\u017cesz to zrobi\u0107<\/p>\n<p>Kup du\u017co na raz Sextacy to nowy i ekscytuj\u0105cy markowy produkt, kt\u00f3ry mo\u017cesz kupi\u0107. Sextacy to PVP i tak w\u0142a\u015bnie jest.<\/p>\n<p>Istnieje wiele stron internetowych, na kt\u00f3rych mo\u017cna kupi\u0107 du\u017co soli do k\u0105pieli za du\u017ce pieni\u0105dze.<\/p>\n<p>Online, ty mo\u017cna kupi\u0107 sole do k\u0105pieli sekstacy z Global Medicine. S\u00f3l do k\u0105pieli Sextacy w cenach sprzeda\u017cy mo\u017cna znale\u017a\u0107, czytaj\u0105c ten tekst<\/p>\n","protected":false},"featured_media":5742,"comment_status":"open","ping_status":"closed","template":"","meta":[],"product_brand":[],"product_cat":[2014],"product_tag":[3732,3756,3545,3735,3733,3734,3737,3731,3736,3751,3746,3742,3745,3743,3741,3747,3738,3739,3744,3749,3754,3755,3740,3752,3753,3750,3748],"class_list":{"0":"post-5731","1":"product","2":"type-product","3":"status-publish","4":"has-post-thumbnail","6":"product_cat-kup-badania-chemikalia","7":"product_tag-best-sextacy-powder-online","8":"product_tag-gdzie-kupi-sextacy-proszek","9":"product_tag-zakup-metoksetamina","10":"product_tag-kup-sextacy-proszek-online","11":"product_tag-kup-sextacy-proszek","12":"product_tag-kup-sextacy-proszek-europa","13":"product_tag-zakup-sextacy-proszek","14":"product_tag-najwyszej-jakoci-sextacy-proszek","15":"product_tag-order-sextacy-powder","16":"product_tag-sextacy-proszkowe-recenzje","17":"product_tag-sekstacy-proszek-blisko-mnie","18":"product_tag-sextacy-proszek-na-sprzeda-online","19":"product_tag-sextacy-powder-zamwienie-wysykowe","20":"product_tag-sextacy-proszek-google","21":"product_tag-sextacy-proszek-na-sprzeda","22":"product_tag-sextacy-proszek-online","23":"product_tag-sextacy-powder-buy","24":"product_tag-sextacy-powder-effect","25":"product_tag-sextacy-powder-mail","26":"product_tag-sextacy-powder-over-night","27":"product_tag-sextacy-powder-supplier","28":"product_tag-sextacy-powder-wholesale","29":"product_tag-sextacy-proszek-europa","30":"product_tag-sextacy-proszek-wyprzeda","31":"product_tag-sextacy-proszek-wysyka","32":"product_tag-sextacy-zakup-proszek","33":"product_tag-sekstacy-proszek-zamwienie","35":"first","36":"instock","37":"shipping-taxable","38":"purchasable","39":"product-type-variable","40":"has-default-attributes"},"yoast_head":"<!-- This site is optimized with the Yoast SEO plugin v27.3 - https:\/\/yoast.com\/product\/yoast-seo-wordpress\/ -->\n<title>Kup Sextacy Powder - Sprzeda\u017c Sextacy Powder - Best Global Meds<\/title>\n<meta name=\"description\" content=\"Kup Pure Quality Sextacy Powder na sprzeda\u017c w Europie, Wielkiej Brytanii, AU Online. Aktywnym sk\u0142adnikiem Sextacy jest a-PVP, a ten produkt wyst\u0119puje tylko w postaci proszku! Zam\u00f3w proszek sekstacy\" \/>\n<meta name=\"robots\" content=\"index, follow, max-snippet:-1, max-image-preview:large, max-video-preview:-1\" \/>\n<link rel=\"canonical\" href=\"https:\/\/medicinasinc.com\/pl\/product\/kup-sextacy-proszek\/\" \/>\n<meta property=\"og:locale\" content=\"en_US\" \/>\n<meta property=\"og:type\" content=\"article\" \/>\n<meta property=\"og:title\" content=\"Kup Sextacy Powder - Sprzeda\u017c Sextacy Powder - Best Global Meds\" \/>\n<meta property=\"og:description\" content=\"Kup Pure Quality Sextacy Powder na sprzeda\u017c w Europie, Wielkiej Brytanii, AU Online. Aktywnym sk\u0142adnikiem Sextacy jest a-PVP, a ten produkt wyst\u0119puje tylko w postaci proszku! Zam\u00f3w proszek sekstacy\" \/>\n<meta property=\"og:url\" content=\"https:\/\/medicinasinc.com\/pl\/product\/kup-sextacy-proszek\/\" \/>\n<meta property=\"og:site_name\" content=\"Medicinas Inc\" \/>\n<meta property=\"article:modified_time\" content=\"2022-03-22T00:47:45+00:00\" \/>\n<meta property=\"og:image\" content=\"https:\/\/medicinasinc.com\/pl\/wp-content\/uploads\/sites\/13\/2022\/02\/Buy-Sextacy-Powder.jpg\" \/>\n\t<meta property=\"og:image:width\" content=\"300\" \/>\n\t<meta property=\"og:image:height\" content=\"300\" \/>\n\t<meta property=\"og:image:type\" content=\"image\/jpeg\" \/>\n<meta name=\"twitter:card\" content=\"summary_large_image\" \/>\n<meta name=\"twitter:label1\" content=\"Est. reading time\" \/>\n\t<meta name=\"twitter:data1\" content=\"1 minute\" \/>\n<script type=\"application\/ld+json\" class=\"yoast-schema-graph\">{\"@context\":\"https:\\\/\\\/schema.org\",\"@graph\":[{\"@type\":\"WebPage\",\"@id\":\"https:\\\/\\\/medicinasinc.com\\\/pl\\\/product\\\/kup-sextacy-proszek\\\/\",\"url\":\"https:\\\/\\\/medicinasinc.com\\\/pl\\\/product\\\/kup-sextacy-proszek\\\/\",\"name\":\"Kup Sextacy Powder - Sprzeda\u017c Sextacy Powder - Best Global Meds\",\"isPartOf\":{\"@id\":\"https:\\\/\\\/medicinasinc.com\\\/pl\\\/#website\"},\"primaryImageOfPage\":{\"@id\":\"https:\\\/\\\/medicinasinc.com\\\/pl\\\/product\\\/kup-sextacy-proszek\\\/#primaryimage\"},\"image\":{\"@id\":\"https:\\\/\\\/medicinasinc.com\\\/pl\\\/product\\\/kup-sextacy-proszek\\\/#primaryimage\"},\"thumbnailUrl\":\"https:\\\/\\\/medicinasinc.com\\\/pl\\\/wp-content\\\/uploads\\\/sites\\\/13\\\/2022\\\/02\\\/Buy-Sextacy-Powder.jpg\",\"datePublished\":\"2022-02-22T05:03:24+00:00\",\"dateModified\":\"2022-03-22T00:47:45+00:00\",\"description\":\"Kup Pure Quality Sextacy Powder na sprzeda\u017c w Europie, Wielkiej Brytanii, AU Online. Aktywnym sk\u0142adnikiem Sextacy jest a-PVP, a ten produkt wyst\u0119puje tylko w postaci proszku! Zam\u00f3w proszek sekstacy\",\"breadcrumb\":{\"@id\":\"https:\\\/\\\/medicinasinc.com\\\/pl\\\/product\\\/kup-sextacy-proszek\\\/#breadcrumb\"},\"inLanguage\":\"en-US\",\"potentialAction\":[{\"@type\":\"ReadAction\",\"target\":[\"https:\\\/\\\/medicinasinc.com\\\/pl\\\/product\\\/kup-sextacy-proszek\\\/\"]}]},{\"@type\":\"ImageObject\",\"inLanguage\":\"en-US\",\"@id\":\"https:\\\/\\\/medicinasinc.com\\\/pl\\\/product\\\/kup-sextacy-proszek\\\/#primaryimage\",\"url\":\"https:\\\/\\\/medicinasinc.com\\\/pl\\\/wp-content\\\/uploads\\\/sites\\\/13\\\/2022\\\/02\\\/Buy-Sextacy-Powder.jpg\",\"contentUrl\":\"https:\\\/\\\/medicinasinc.com\\\/pl\\\/wp-content\\\/uploads\\\/sites\\\/13\\\/2022\\\/02\\\/Buy-Sextacy-Powder.jpg\",\"width\":300,\"height\":300},{\"@type\":\"BreadcrumbList\",\"@id\":\"https:\\\/\\\/medicinasinc.com\\\/pl\\\/product\\\/kup-sextacy-proszek\\\/#breadcrumb\",\"itemListElement\":[{\"@type\":\"ListItem\",\"position\":1,\"name\":\"Sklep\",\"item\":\"https:\\\/\\\/medicinasinc.com\\\/pl\\\/sklep\\\/\"},{\"@type\":\"ListItem\",\"position\":2,\"name\":\"Kup proszek sekstacy\"}]},{\"@type\":\"WebSite\",\"@id\":\"https:\\\/\\\/medicinasinc.com\\\/pl\\\/#website\",\"url\":\"https:\\\/\\\/medicinasinc.com\\\/pl\\\/\",\"name\":\"Medicinas Inc\",\"description\":\"Health Medical Clinic\",\"potentialAction\":[{\"@type\":\"SearchAction\",\"target\":{\"@type\":\"EntryPoint\",\"urlTemplate\":\"https:\\\/\\\/medicinasinc.com\\\/pl\\\/?s={search_term_string}\"},\"query-input\":{\"@type\":\"PropertyValueSpecification\",\"valueRequired\":true,\"valueName\":\"search_term_string\"}}],\"inLanguage\":\"en-US\"}]}<\/script>\n<!-- \/ Yoast SEO plugin. -->","yoast_head_json":{"title":"Kup Sextacy Powder - Sprzeda\u017c Sextacy Powder - Best Global Meds","description":"Kup Pure Quality Sextacy Powder na sprzeda\u017c w Europie, Wielkiej Brytanii, AU Online. Aktywnym sk\u0142adnikiem Sextacy jest a-PVP, a ten produkt wyst\u0119puje tylko w postaci proszku! Zam\u00f3w proszek sekstacy","robots":{"index":"index","follow":"follow","max-snippet":"max-snippet:-1","max-image-preview":"max-image-preview:large","max-video-preview":"max-video-preview:-1"},"canonical":"https:\/\/medicinasinc.com\/pl\/product\/kup-sextacy-proszek\/","og_locale":"en_US","og_type":"article","og_title":"Kup Sextacy Powder - Sprzeda\u017c Sextacy Powder - Best Global Meds","og_description":"Kup Pure Quality Sextacy Powder na sprzeda\u017c w Europie, Wielkiej Brytanii, AU Online. Aktywnym sk\u0142adnikiem Sextacy jest a-PVP, a ten produkt wyst\u0119puje tylko w postaci proszku! Zam\u00f3w proszek sekstacy","og_url":"https:\/\/medicinasinc.com\/pl\/product\/kup-sextacy-proszek\/","og_site_name":"Medicinas Inc","article_modified_time":"2022-03-22T00:47:45+00:00","og_image":[{"width":300,"height":300,"url":"https:\/\/medicinasinc.com\/pl\/wp-content\/uploads\/sites\/13\/2022\/02\/Buy-Sextacy-Powder.jpg","type":"image\/jpeg"}],"twitter_card":"summary_large_image","twitter_misc":{"Est. reading time":"1 minute"},"schema":{"@context":"https:\/\/schema.org","@graph":[{"@type":"WebPage","@id":"https:\/\/medicinasinc.com\/pl\/product\/kup-sextacy-proszek\/","url":"https:\/\/medicinasinc.com\/pl\/product\/kup-sextacy-proszek\/","name":"Kup Sextacy Powder - Sprzeda\u017c Sextacy Powder - Best Global Meds","isPartOf":{"@id":"https:\/\/medicinasinc.com\/pl\/#website"},"primaryImageOfPage":{"@id":"https:\/\/medicinasinc.com\/pl\/product\/kup-sextacy-proszek\/#primaryimage"},"image":{"@id":"https:\/\/medicinasinc.com\/pl\/product\/kup-sextacy-proszek\/#primaryimage"},"thumbnailUrl":"https:\/\/medicinasinc.com\/pl\/wp-content\/uploads\/sites\/13\/2022\/02\/Buy-Sextacy-Powder.jpg","datePublished":"2022-02-22T05:03:24+00:00","dateModified":"2022-03-22T00:47:45+00:00","description":"Kup Pure Quality Sextacy Powder na sprzeda\u017c w Europie, Wielkiej Brytanii, AU Online. Aktywnym sk\u0142adnikiem Sextacy jest a-PVP, a ten produkt wyst\u0119puje tylko w postaci proszku! Zam\u00f3w proszek sekstacy","breadcrumb":{"@id":"https:\/\/medicinasinc.com\/pl\/product\/kup-sextacy-proszek\/#breadcrumb"},"inLanguage":"en-US","potentialAction":[{"@type":"ReadAction","target":["https:\/\/medicinasinc.com\/pl\/product\/kup-sextacy-proszek\/"]}]},{"@type":"ImageObject","inLanguage":"en-US","@id":"https:\/\/medicinasinc.com\/pl\/product\/kup-sextacy-proszek\/#primaryimage","url":"https:\/\/medicinasinc.com\/pl\/wp-content\/uploads\/sites\/13\/2022\/02\/Buy-Sextacy-Powder.jpg","contentUrl":"https:\/\/medicinasinc.com\/pl\/wp-content\/uploads\/sites\/13\/2022\/02\/Buy-Sextacy-Powder.jpg","width":300,"height":300},{"@type":"BreadcrumbList","@id":"https:\/\/medicinasinc.com\/pl\/product\/kup-sextacy-proszek\/#breadcrumb","itemListElement":[{"@type":"ListItem","position":1,"name":"Sklep","item":"https:\/\/medicinasinc.com\/pl\/sklep\/"},{"@type":"ListItem","position":2,"name":"Kup proszek sekstacy"}]},{"@type":"WebSite","@id":"https:\/\/medicinasinc.com\/pl\/#website","url":"https:\/\/medicinasinc.com\/pl\/","name":"Medicinas Inc","description":"Health Medical Clinic","potentialAction":[{"@type":"SearchAction","target":{"@type":"EntryPoint","urlTemplate":"https:\/\/medicinasinc.com\/pl\/?s={search_term_string}"},"query-input":{"@type":"PropertyValueSpecification","valueRequired":true,"valueName":"search_term_string"}}],"inLanguage":"en-US"}]}},"_links":{"self":[{"href":"https:\/\/medicinasinc.com\/pl\/wp-json\/wp\/v2\/product\/5731","targetHints":{"allow":["GET"]}}],"collection":[{"href":"https:\/\/medicinasinc.com\/pl\/wp-json\/wp\/v2\/product"}],"about":[{"href":"https:\/\/medicinasinc.com\/pl\/wp-json\/wp\/v2\/types\/product"}],"replies":[{"embeddable":true,"href":"https:\/\/medicinasinc.com\/pl\/wp-json\/wp\/v2\/comments?post=5731"}],"wp:featuredmedia":[{"embeddable":true,"href":"https:\/\/medicinasinc.com\/pl\/wp-json\/wp\/v2\/media\/5742"}],"wp:attachment":[{"href":"https:\/\/medicinasinc.com\/pl\/wp-json\/wp\/v2\/media?parent=5731"}],"wp:term":[{"taxonomy":"product_brand","embeddable":true,"href":"https:\/\/medicinasinc.com\/pl\/wp-json\/wp\/v2\/product_brand?post=5731"},{"taxonomy":"product_cat","embeddable":true,"href":"https:\/\/medicinasinc.com\/pl\/wp-json\/wp\/v2\/product_cat?post=5731"},{"taxonomy":"product_tag","embeddable":true,"href":"https:\/\/medicinasinc.com\/pl\/wp-json\/wp\/v2\/product_tag?post=5731"}],"curies":[{"name":"wp","href":"https:\/\/api.w.org\/{rel}","templated":true}]}}