{"id":5730,"date":"2022-02-22T05:01:35","date_gmt":"2022-02-22T05:01:35","guid":{"rendered":"https:\/\/medicinasinc.com\/pl\/?post_type=product&#038;p=5730"},"modified":"2022-03-22T00:47:57","modified_gmt":"2022-03-22T00:47:57","slug":"kup-czysty-mdma-proszek","status":"publish","type":"product","link":"https:\/\/medicinasinc.com\/pl\/product\/kup-czysty-mdma-proszek\/","title":{"rendered":"Kup czysty proszek mdma"},"content":{"rendered":"<p>Kup MDMA w postaci sproszkowanej<\/p>\n<p>Proszek MDMA, kryszta\u0142y MDMA i ekstazy<\/p>\n<p>Dzi\u0119ki w\u0142a\u015bciwo\u015bciom pobudzaj\u0105cym i halucynogennym, MDMA w proszku jest jednym z najpopularniejszych rekreacyjnych substancji dost\u0119pnych obecnie na rynku.<\/p>\n<p>1,2 Zazwyczaj<\/p>\n<p>Proszek MDMA mo\u017cna kupi\u0107 online.<\/p>\n<p>Proszek MDMA jest sprzedawany w najczystszej postaci przez Internet. <\/p>\n<p>Sprzedajemy tylko najwy\u017cszej jako\u015bci proszek MDMA (Ekstaza\/Molly) online pod adresem.<\/p>\n<p>Czysty proszek MDMA mo\u017cna kupi\u0107 online.<\/p>\n<p>Najta\u0144sze miejsce kupi\u0107 Ecstasy\/Molly Powder<\/p>\n<p>Czy proszki MDMA maj\u0105 jakie\u015b zalety lub wady w por\u00f3wnaniu z tabletkami?<\/p>\n<p>Pokruszone kryszta\u0142y lub proszek MDMA to kolejny spos\u00f3b na zdobycie substancji.<\/p>\n<p> &lt; MDMA podawany doustnie (skr\u00f3t od 3,4-metylenodioksymetamfetaminy), kt\u00f3rego nazwa chemiczna to 3,4-metylenodioksymetamfetamina, ma okres p\u00f3\u0142trwania od 3 do 6 godzin. Najcz\u0119\u015bciej zg\u0142aszan\u0105 dawk\u0105 jest jedna do dw\u00f3ch tabletek MDMA, z kt\u00f3rych ka\u017cda zawiera od 60 do 120 miligram\u00f3w MDMA. 1 Gdy efekty pierwszej dawki zaczynaj\u0105 ust\u0119powa\u0107, nie jest niczym niezwyk\u0142ym, \u017ce u\u017cytkownicy przyjmuj\u0105 drug\u0105 dawk\u0119 leku.<\/p>\n","protected":false},"excerpt":{"rendered":"<p>Kup wysokiej jako\u015bci proszek Mdma na sprzeda\u017c w Wielkiej Brytanii, Europie, Australii w naszym sklepie internetowym Bestglobalmeds.com z szybk\u0105 dostaw\u0105 na ca\u0142y \u015bwiat! Najlepszy proszek MDMA do zam\u00f3wienia znajdziesz tutaj!<\/p>\n<ul>\n<li>Kup czysty proszek MDMA online<\/li>\n<li>Czysty proszek MDMA online<\/li>\n<li>Sprzeda\u017c ecstasy\/molly w proszku <\/li>\n<li>\u00a0kup Ecstasy\/Molly Powder online<\/li>\n<\/ul>\n","protected":false},"featured_media":5740,"comment_status":"open","ping_status":"closed","template":"","meta":[],"product_brand":[],"product_cat":[2014],"product_tag":[3701,3702,3647,3703,3704,3705,3710,3729,3728,3730,3708,3726,3707,3725,3706,3659,3709,3712,3713,3718,3609,3719,3720,3711,3727,3723,3715,3717,3662,3716,3721,3722,3724,3714],"class_list":{"0":"post-5730","1":"product","2":"type-product","3":"status-publish","4":"has-post-thumbnail","6":"product_cat-kup-badania-chemikalia","7":"product_tag-best-mdma-powder","8":"product_tag-best-quality-mdma-powder","9":"product_tag-buy-mdma-powder","10":"product_tag-buy-mdma-powder-crystal-online","11":"product_tag-buy-mdma-powder-eu","12":"product_tag-buy-mdma-powder-europe","13":"product_tag-mdma-proszek-efekt","14":"product_tag-gdzie-kupi-mdma-kryszta-w-proszku-online","15":"product_tag-gdzie-kupi-mdma-proszek","16":"product_tag-gdzie-zamwi-mdma-proszek","17":"product_tag-how-to-buy-mdma-powder-crystal-online","18":"product_tag-kup-mdma-proszek-kryszta-online","19":"product_tag-kup-mdma-proszek-online","20":"product_tag-zakup-mdma-proszek","21":"product_tag-kup-mdma-proszek-blisko-mnie","22":"product_tag-mdma-powder","23":"product_tag-mdma-powder-crystal-for-sale","24":"product_tag-mdma-powder-for-sale-online","25":"product_tag-mdma-powder-google","26":"product_tag-mdma-powder-price","27":"product_tag-mdma-powder-purchase","28":"product_tag-mdma-powder-reddit","29":"product_tag-mdma-powder-review","30":"product_tag-mdma-proszek-europa","31":"product_tag-najlepsze-miejsce-do-kupowania-mdma-krysztalow-w-proszku","32":"product_tag-order-mdma-powder","33":"product_tag-mdma-proszek-blisko-mnie","34":"product_tag-mdma-proszek-na-noc","35":"product_tag-mdma-proszek-na-sprzeda","36":"product_tag-mdma-proszek-online","37":"product_tag-mdma-proszek-recenzje","38":"product_tag-mdma-proszek-wysyka","39":"product_tag-zamw-mdma-proszek-kryszta-online","40":"product_tag-mdma-proszek-zamwienie-pocztowe","42":"first","43":"instock","44":"shipping-taxable","45":"purchasable","46":"product-type-variable","47":"has-default-attributes"},"yoast_head":"<!-- This site is optimized with the Yoast SEO plugin v27.3 - https:\/\/yoast.com\/product\/yoast-seo-wordpress\/ -->\n<title>Kup czysty proszek mdma - proszek mdma na sprzeda\u017c - Best Global Meds<\/title>\n<meta name=\"description\" content=\"Kup wysokiej jako\u015bci proszek Mdma na sprzeda\u017c w Wielkiej Brytanii, Europie, Australii w naszym sklepie internetowym Bestglobalmeds.com z szybk\u0105 dostaw\u0105 na ca\u0142y \u015bwiat! Najlepszy proszek Mdma do zam\u00f3wienia znajdziesz tutaj!\" \/>\n<meta name=\"robots\" content=\"index, follow, max-snippet:-1, max-image-preview:large, max-video-preview:-1\" \/>\n<link rel=\"canonical\" href=\"https:\/\/medicinasinc.com\/pl\/product\/kup-czysty-mdma-proszek\/\" \/>\n<meta property=\"og:locale\" content=\"en_US\" \/>\n<meta property=\"og:type\" content=\"article\" \/>\n<meta property=\"og:title\" content=\"Kup czysty proszek mdma - proszek mdma na sprzeda\u017c - Best Global Meds\" \/>\n<meta property=\"og:description\" content=\"Kup wysokiej jako\u015bci proszek Mdma na sprzeda\u017c w Wielkiej Brytanii, Europie, Australii w naszym sklepie internetowym Bestglobalmeds.com z szybk\u0105 dostaw\u0105 na ca\u0142y \u015bwiat! Najlepszy proszek Mdma do zam\u00f3wienia znajdziesz tutaj!\" \/>\n<meta property=\"og:url\" content=\"https:\/\/medicinasinc.com\/pl\/product\/kup-czysty-mdma-proszek\/\" \/>\n<meta property=\"og:site_name\" content=\"Medicinas Inc\" \/>\n<meta property=\"article:modified_time\" content=\"2022-03-22T00:47:57+00:00\" \/>\n<meta property=\"og:image\" content=\"https:\/\/medicinasinc.com\/pl\/wp-content\/uploads\/sites\/13\/2022\/02\/Buy-pure-mdma-powder.jpg\" \/>\n\t<meta property=\"og:image:width\" content=\"1500\" \/>\n\t<meta property=\"og:image:height\" content=\"1496\" \/>\n\t<meta property=\"og:image:type\" content=\"image\/jpeg\" \/>\n<meta name=\"twitter:card\" content=\"summary_large_image\" \/>\n<meta name=\"twitter:label1\" content=\"Est. reading time\" \/>\n\t<meta name=\"twitter:data1\" content=\"1 minute\" \/>\n<script type=\"application\/ld+json\" class=\"yoast-schema-graph\">{\"@context\":\"https:\\\/\\\/schema.org\",\"@graph\":[{\"@type\":\"WebPage\",\"@id\":\"https:\\\/\\\/medicinasinc.com\\\/pl\\\/product\\\/kup-czysty-mdma-proszek\\\/\",\"url\":\"https:\\\/\\\/medicinasinc.com\\\/pl\\\/product\\\/kup-czysty-mdma-proszek\\\/\",\"name\":\"Kup czysty proszek mdma - proszek mdma na sprzeda\u017c - Best Global Meds\",\"isPartOf\":{\"@id\":\"https:\\\/\\\/medicinasinc.com\\\/pl\\\/#website\"},\"primaryImageOfPage\":{\"@id\":\"https:\\\/\\\/medicinasinc.com\\\/pl\\\/product\\\/kup-czysty-mdma-proszek\\\/#primaryimage\"},\"image\":{\"@id\":\"https:\\\/\\\/medicinasinc.com\\\/pl\\\/product\\\/kup-czysty-mdma-proszek\\\/#primaryimage\"},\"thumbnailUrl\":\"https:\\\/\\\/medicinasinc.com\\\/pl\\\/wp-content\\\/uploads\\\/sites\\\/13\\\/2022\\\/02\\\/Buy-pure-mdma-powder.jpg\",\"datePublished\":\"2022-02-22T05:01:35+00:00\",\"dateModified\":\"2022-03-22T00:47:57+00:00\",\"description\":\"Kup wysokiej jako\u015bci proszek Mdma na sprzeda\u017c w Wielkiej Brytanii, Europie, Australii w naszym sklepie internetowym Bestglobalmeds.com z szybk\u0105 dostaw\u0105 na ca\u0142y \u015bwiat! Najlepszy proszek Mdma do zam\u00f3wienia znajdziesz tutaj!\",\"breadcrumb\":{\"@id\":\"https:\\\/\\\/medicinasinc.com\\\/pl\\\/product\\\/kup-czysty-mdma-proszek\\\/#breadcrumb\"},\"inLanguage\":\"en-US\",\"potentialAction\":[{\"@type\":\"ReadAction\",\"target\":[\"https:\\\/\\\/medicinasinc.com\\\/pl\\\/product\\\/kup-czysty-mdma-proszek\\\/\"]}]},{\"@type\":\"ImageObject\",\"inLanguage\":\"en-US\",\"@id\":\"https:\\\/\\\/medicinasinc.com\\\/pl\\\/product\\\/kup-czysty-mdma-proszek\\\/#primaryimage\",\"url\":\"https:\\\/\\\/medicinasinc.com\\\/pl\\\/wp-content\\\/uploads\\\/sites\\\/13\\\/2022\\\/02\\\/Buy-pure-mdma-powder.jpg\",\"contentUrl\":\"https:\\\/\\\/medicinasinc.com\\\/pl\\\/wp-content\\\/uploads\\\/sites\\\/13\\\/2022\\\/02\\\/Buy-pure-mdma-powder.jpg\",\"width\":1500,\"height\":1496},{\"@type\":\"BreadcrumbList\",\"@id\":\"https:\\\/\\\/medicinasinc.com\\\/pl\\\/product\\\/kup-czysty-mdma-proszek\\\/#breadcrumb\",\"itemListElement\":[{\"@type\":\"ListItem\",\"position\":1,\"name\":\"Sklep\",\"item\":\"https:\\\/\\\/medicinasinc.com\\\/pl\\\/sklep\\\/\"},{\"@type\":\"ListItem\",\"position\":2,\"name\":\"Kup czysty proszek mdma\"}]},{\"@type\":\"WebSite\",\"@id\":\"https:\\\/\\\/medicinasinc.com\\\/pl\\\/#website\",\"url\":\"https:\\\/\\\/medicinasinc.com\\\/pl\\\/\",\"name\":\"Medicinas Inc\",\"description\":\"Health Medical Clinic\",\"potentialAction\":[{\"@type\":\"SearchAction\",\"target\":{\"@type\":\"EntryPoint\",\"urlTemplate\":\"https:\\\/\\\/medicinasinc.com\\\/pl\\\/?s={search_term_string}\"},\"query-input\":{\"@type\":\"PropertyValueSpecification\",\"valueRequired\":true,\"valueName\":\"search_term_string\"}}],\"inLanguage\":\"en-US\"}]}<\/script>\n<!-- \/ Yoast SEO plugin. -->","yoast_head_json":{"title":"Kup czysty proszek mdma - proszek mdma na sprzeda\u017c - Best Global Meds","description":"Kup wysokiej jako\u015bci proszek Mdma na sprzeda\u017c w Wielkiej Brytanii, Europie, Australii w naszym sklepie internetowym Bestglobalmeds.com z szybk\u0105 dostaw\u0105 na ca\u0142y \u015bwiat! Najlepszy proszek Mdma do zam\u00f3wienia znajdziesz tutaj!","robots":{"index":"index","follow":"follow","max-snippet":"max-snippet:-1","max-image-preview":"max-image-preview:large","max-video-preview":"max-video-preview:-1"},"canonical":"https:\/\/medicinasinc.com\/pl\/product\/kup-czysty-mdma-proszek\/","og_locale":"en_US","og_type":"article","og_title":"Kup czysty proszek mdma - proszek mdma na sprzeda\u017c - Best Global Meds","og_description":"Kup wysokiej jako\u015bci proszek Mdma na sprzeda\u017c w Wielkiej Brytanii, Europie, Australii w naszym sklepie internetowym Bestglobalmeds.com z szybk\u0105 dostaw\u0105 na ca\u0142y \u015bwiat! Najlepszy proszek Mdma do zam\u00f3wienia znajdziesz tutaj!","og_url":"https:\/\/medicinasinc.com\/pl\/product\/kup-czysty-mdma-proszek\/","og_site_name":"Medicinas Inc","article_modified_time":"2022-03-22T00:47:57+00:00","og_image":[{"width":1500,"height":1496,"url":"https:\/\/medicinasinc.com\/pl\/wp-content\/uploads\/sites\/13\/2022\/02\/Buy-pure-mdma-powder.jpg","type":"image\/jpeg"}],"twitter_card":"summary_large_image","twitter_misc":{"Est. reading time":"1 minute"},"schema":{"@context":"https:\/\/schema.org","@graph":[{"@type":"WebPage","@id":"https:\/\/medicinasinc.com\/pl\/product\/kup-czysty-mdma-proszek\/","url":"https:\/\/medicinasinc.com\/pl\/product\/kup-czysty-mdma-proszek\/","name":"Kup czysty proszek mdma - proszek mdma na sprzeda\u017c - Best Global Meds","isPartOf":{"@id":"https:\/\/medicinasinc.com\/pl\/#website"},"primaryImageOfPage":{"@id":"https:\/\/medicinasinc.com\/pl\/product\/kup-czysty-mdma-proszek\/#primaryimage"},"image":{"@id":"https:\/\/medicinasinc.com\/pl\/product\/kup-czysty-mdma-proszek\/#primaryimage"},"thumbnailUrl":"https:\/\/medicinasinc.com\/pl\/wp-content\/uploads\/sites\/13\/2022\/02\/Buy-pure-mdma-powder.jpg","datePublished":"2022-02-22T05:01:35+00:00","dateModified":"2022-03-22T00:47:57+00:00","description":"Kup wysokiej jako\u015bci proszek Mdma na sprzeda\u017c w Wielkiej Brytanii, Europie, Australii w naszym sklepie internetowym Bestglobalmeds.com z szybk\u0105 dostaw\u0105 na ca\u0142y \u015bwiat! Najlepszy proszek Mdma do zam\u00f3wienia znajdziesz tutaj!","breadcrumb":{"@id":"https:\/\/medicinasinc.com\/pl\/product\/kup-czysty-mdma-proszek\/#breadcrumb"},"inLanguage":"en-US","potentialAction":[{"@type":"ReadAction","target":["https:\/\/medicinasinc.com\/pl\/product\/kup-czysty-mdma-proszek\/"]}]},{"@type":"ImageObject","inLanguage":"en-US","@id":"https:\/\/medicinasinc.com\/pl\/product\/kup-czysty-mdma-proszek\/#primaryimage","url":"https:\/\/medicinasinc.com\/pl\/wp-content\/uploads\/sites\/13\/2022\/02\/Buy-pure-mdma-powder.jpg","contentUrl":"https:\/\/medicinasinc.com\/pl\/wp-content\/uploads\/sites\/13\/2022\/02\/Buy-pure-mdma-powder.jpg","width":1500,"height":1496},{"@type":"BreadcrumbList","@id":"https:\/\/medicinasinc.com\/pl\/product\/kup-czysty-mdma-proszek\/#breadcrumb","itemListElement":[{"@type":"ListItem","position":1,"name":"Sklep","item":"https:\/\/medicinasinc.com\/pl\/sklep\/"},{"@type":"ListItem","position":2,"name":"Kup czysty proszek mdma"}]},{"@type":"WebSite","@id":"https:\/\/medicinasinc.com\/pl\/#website","url":"https:\/\/medicinasinc.com\/pl\/","name":"Medicinas Inc","description":"Health Medical Clinic","potentialAction":[{"@type":"SearchAction","target":{"@type":"EntryPoint","urlTemplate":"https:\/\/medicinasinc.com\/pl\/?s={search_term_string}"},"query-input":{"@type":"PropertyValueSpecification","valueRequired":true,"valueName":"search_term_string"}}],"inLanguage":"en-US"}]}},"_links":{"self":[{"href":"https:\/\/medicinasinc.com\/pl\/wp-json\/wp\/v2\/product\/5730","targetHints":{"allow":["GET"]}}],"collection":[{"href":"https:\/\/medicinasinc.com\/pl\/wp-json\/wp\/v2\/product"}],"about":[{"href":"https:\/\/medicinasinc.com\/pl\/wp-json\/wp\/v2\/types\/product"}],"replies":[{"embeddable":true,"href":"https:\/\/medicinasinc.com\/pl\/wp-json\/wp\/v2\/comments?post=5730"}],"wp:featuredmedia":[{"embeddable":true,"href":"https:\/\/medicinasinc.com\/pl\/wp-json\/wp\/v2\/media\/5740"}],"wp:attachment":[{"href":"https:\/\/medicinasinc.com\/pl\/wp-json\/wp\/v2\/media?parent=5730"}],"wp:term":[{"taxonomy":"product_brand","embeddable":true,"href":"https:\/\/medicinasinc.com\/pl\/wp-json\/wp\/v2\/product_brand?post=5730"},{"taxonomy":"product_cat","embeddable":true,"href":"https:\/\/medicinasinc.com\/pl\/wp-json\/wp\/v2\/product_cat?post=5730"},{"taxonomy":"product_tag","embeddable":true,"href":"https:\/\/medicinasinc.com\/pl\/wp-json\/wp\/v2\/product_tag?post=5730"}],"curies":[{"name":"wp","href":"https:\/\/api.w.org\/{rel}","templated":true}]}}