{"id":5729,"date":"2022-02-22T04:59:37","date_gmt":"2022-02-22T04:59:37","guid":{"rendered":"https:\/\/medicinasinc.com\/pl\/?post_type=product&#038;p=5729"},"modified":"2022-03-22T00:48:07","modified_gmt":"2022-03-22T00:48:07","slug":"kup-hydrokodon-proszek","status":"publish","type":"product","link":"https:\/\/medicinasinc.com\/pl\/product\/kup-hydrokodon-proszek\/","title":{"rendered":"Kup proszek hydrokodonu"},"content":{"rendered":"<p>Aby kupi\u0107 Hydrokodon w Proszku online, kliknij tutaj.<br \/> Online, mo\u017cesz kupi\u0107 Hydrokodon w Proszku luzem w dobrej cenie po cenach hurtowych. Hydrokodon, kt\u00f3ry jest sprzedawany pod mark\u0105 Hysingla i innymi nazwami, jest opioidem, kt\u00f3ry mo\u017cna stosowa\u0107 w leczeniu b\u00f3lu, kt\u00f3ry utrzymuje si\u0119 przez d\u0142ugi czas, je\u015bli inne metody leczenia nie dzia\u0142aj\u0105. Jako \u015brodek przeciwkaszlowy jest r\u00f3wnie\u017c stosowany przez osoby powy\u017cej 18 roku \u017cycia. Ludzie go spo\u017cywaj\u0105. Paracetamol i hydrokodon s\u0105 zwykle sprzedawane razem. Ibuprofen i hydrokodon s\u0105 r\u00f3wnie\u017c zwykle sprzedawane razem. Sam w sobie wyst\u0119puje w postaci d\u0142ugodzia\u0142aj\u0105cej, kt\u00f3r\u0105 mo\u017cna kupi\u0107.<\/p>\n<p>Istniej\u0105 dwa rodzaje soli lub proszku hydrokodonu:<\/p>\n<p>Hydrocodone jest p\u00f3\u0142syntetycznym opioidem pochodz\u0105cym z ro\u015blina kodeiny. Hydrokodon mo\u017cna przyjmowa\u0107 doustnie, aby z\u0142agodzi\u0107 b\u00f3l i zatrzyma\u0107 kaszel, cz\u0119sto z paracetamolem lub ibuprofenem. W Stanach Zjednoczonych istnieje wiele recept na hydrokodon.<\/p>\n","protected":false},"excerpt":{"rendered":"<p>Sproszkowany hydrokodon do sprzeda\u017cy w Europie, Wielkiej Brytanii i Australii. Kodeina jest u\u017cywana do wytwarzania proszku hydrokodonu, p\u00f3\u0142syntetycznego opioidu. Najta\u0144sze ceny na proszek hydrokodonu.<\/p>\n<p>Kup hydrokodon w proszku online z niezawodnego \u017ar\u00f3d\u0142a.<\/p>\n<p>Jest to p\u00f3\u0142syntetyczny opioid pochodz\u0105cy z kodeiny. Proszek hydrokodonu<\/p>\n","protected":false},"featured_media":5738,"comment_status":"open","ping_status":"closed","template":"","meta":[],"product_brand":[],"product_cat":[2014],"product_tag":[3671,3672,3673,3674,3698,3675,3696,3679,3670,3700,3677,3682,3683,3684,3688,3689,3676,3678,3692,3693,3690,3694,3695,3691,3680,3681,3685,3697,3686,3699,3687],"class_list":{"0":"post-5729","1":"product","2":"type-product","3":"status-publish","4":"has-post-thumbnail","6":"product_cat-kup-badania-chemikalia","7":"product_tag-buy-hydrocodone-online-usa","8":"product_tag-buy-hydrocodone-online-without-rx","9":"product_tag-buy-hydrocodone-powder","10":"product_tag-can-hydrocodone-kill-you","11":"product_tag-co-si-dzieje-kiedy-wcigniesz-hydrokodon","12":"product_tag-czy-hydrokodon-powoduje-zaparcia","13":"product_tag-czysty-hydrokodon-proszek-do-sprzeday","14":"product_tag-efekt-hydrokodonu-w-proszku","15":"product_tag-puchar-hydrokodon-acetaminofen","16":"product_tag-gdzie-kupi-piguki-hydrokodon","17":"product_tag-hydrocodone-powder","18":"product_tag-hydrocodone-powder-order","19":"product_tag-hydrocodone-powder-price","20":"product_tag-hydrocodone-powder-reddit","21":"product_tag-hydrocodone-vs-kratom","22":"product_tag-hydrocodone-vs-vicodin","23":"product_tag-hydrokodon-hcl","24":"product_tag-hydrokodon-sproszkowany-kup","25":"product_tag-kratom-bali-w-porwnaniu-do-hydrokodon","26":"product_tag-kratom-compared-to-norco","27":"product_tag-kratom-i-hydrokodon","28":"product_tag-sia-kratom-vs-hydrokodon","29":"product_tag-mieszanie-kratom-i-hydrokodon","30":"product_tag-poczenie-kratomu-i-hydrokodonu","31":"product_tag-hydrokodon-proszek-do-mieszania","32":"product_tag-hydrokodon-proszek-na-sprzeda","33":"product_tag-hydrocodone-proszek-recenzja","34":"product_tag-surowy-hydrokodon-w-proszku","35":"product_tag-wyprzeda-hydrokodonu-w-proszku","36":"product_tag-z-czego-sklada-si-hydrokodon","37":"product_tag-hydrokodon-proszek-zastosowania","39":"first","40":"instock","41":"shipping-taxable","42":"purchasable","43":"product-type-variable","44":"has-default-attributes"},"yoast_head":"<!-- This site is optimized with the Yoast SEO plugin v27.3 - https:\/\/yoast.com\/product\/yoast-seo-wordpress\/ -->\n<title>Kup Hydrocodone Powder - Hydrocodone Powder- Best Global Meds<\/title>\n<meta name=\"description\" content=\"Kup wysokiej jako\u015bci proszek hydrokodonu na sprzeda\u017c w Europie, Wielkiej Brytanii, AU Online. Proszek hydrokodonu jest p\u00f3\u0142syntetycznym opioidem pochodz\u0105cym z kodeiny. Zam\u00f3w Hydrocodone Powder w najlepszych cenach\" \/>\n<meta name=\"robots\" content=\"index, follow, max-snippet:-1, max-image-preview:large, max-video-preview:-1\" \/>\n<link rel=\"canonical\" href=\"https:\/\/medicinasinc.com\/pl\/product\/kup-hydrokodon-proszek\/\" \/>\n<meta property=\"og:locale\" content=\"en_US\" \/>\n<meta property=\"og:type\" content=\"article\" \/>\n<meta property=\"og:title\" content=\"Kup Hydrocodone Powder - Hydrocodone Powder- Best Global Meds\" \/>\n<meta property=\"og:description\" content=\"Kup wysokiej jako\u015bci proszek hydrokodonu na sprzeda\u017c w Europie, Wielkiej Brytanii, AU Online. Proszek hydrokodonu jest p\u00f3\u0142syntetycznym opioidem pochodz\u0105cym z kodeiny. Zam\u00f3w Hydrocodone Powder w najlepszych cenach\" \/>\n<meta property=\"og:url\" content=\"https:\/\/medicinasinc.com\/pl\/product\/kup-hydrokodon-proszek\/\" \/>\n<meta property=\"og:site_name\" content=\"Medicinas Inc\" \/>\n<meta property=\"article:modified_time\" content=\"2022-03-22T00:48:07+00:00\" \/>\n<meta property=\"og:image\" content=\"https:\/\/medicinasinc.com\/pl\/wp-content\/uploads\/sites\/13\/2022\/02\/Buy-Hydrocodone-Powder.jpg\" \/>\n\t<meta property=\"og:image:width\" content=\"650\" \/>\n\t<meta property=\"og:image:height\" content=\"390\" \/>\n\t<meta property=\"og:image:type\" content=\"image\/jpeg\" \/>\n<meta name=\"twitter:card\" content=\"summary_large_image\" \/>\n<meta name=\"twitter:label1\" content=\"Est. reading time\" \/>\n\t<meta name=\"twitter:data1\" content=\"1 minute\" \/>\n<script type=\"application\/ld+json\" class=\"yoast-schema-graph\">{\"@context\":\"https:\\\/\\\/schema.org\",\"@graph\":[{\"@type\":\"WebPage\",\"@id\":\"https:\\\/\\\/medicinasinc.com\\\/pl\\\/product\\\/kup-hydrokodon-proszek\\\/\",\"url\":\"https:\\\/\\\/medicinasinc.com\\\/pl\\\/product\\\/kup-hydrokodon-proszek\\\/\",\"name\":\"Kup Hydrocodone Powder - Hydrocodone Powder- Best Global Meds\",\"isPartOf\":{\"@id\":\"https:\\\/\\\/medicinasinc.com\\\/pl\\\/#website\"},\"primaryImageOfPage\":{\"@id\":\"https:\\\/\\\/medicinasinc.com\\\/pl\\\/product\\\/kup-hydrokodon-proszek\\\/#primaryimage\"},\"image\":{\"@id\":\"https:\\\/\\\/medicinasinc.com\\\/pl\\\/product\\\/kup-hydrokodon-proszek\\\/#primaryimage\"},\"thumbnailUrl\":\"https:\\\/\\\/medicinasinc.com\\\/pl\\\/wp-content\\\/uploads\\\/sites\\\/13\\\/2022\\\/02\\\/Buy-Hydrocodone-Powder.jpg\",\"datePublished\":\"2022-02-22T04:59:37+00:00\",\"dateModified\":\"2022-03-22T00:48:07+00:00\",\"description\":\"Kup wysokiej jako\u015bci proszek hydrokodonu na sprzeda\u017c w Europie, Wielkiej Brytanii, AU Online. Proszek hydrokodonu jest p\u00f3\u0142syntetycznym opioidem pochodz\u0105cym z kodeiny. Zam\u00f3w Hydrocodone Powder w najlepszych cenach\",\"breadcrumb\":{\"@id\":\"https:\\\/\\\/medicinasinc.com\\\/pl\\\/product\\\/kup-hydrokodon-proszek\\\/#breadcrumb\"},\"inLanguage\":\"en-US\",\"potentialAction\":[{\"@type\":\"ReadAction\",\"target\":[\"https:\\\/\\\/medicinasinc.com\\\/pl\\\/product\\\/kup-hydrokodon-proszek\\\/\"]}]},{\"@type\":\"ImageObject\",\"inLanguage\":\"en-US\",\"@id\":\"https:\\\/\\\/medicinasinc.com\\\/pl\\\/product\\\/kup-hydrokodon-proszek\\\/#primaryimage\",\"url\":\"https:\\\/\\\/medicinasinc.com\\\/pl\\\/wp-content\\\/uploads\\\/sites\\\/13\\\/2022\\\/02\\\/Buy-Hydrocodone-Powder.jpg\",\"contentUrl\":\"https:\\\/\\\/medicinasinc.com\\\/pl\\\/wp-content\\\/uploads\\\/sites\\\/13\\\/2022\\\/02\\\/Buy-Hydrocodone-Powder.jpg\",\"width\":650,\"height\":390},{\"@type\":\"BreadcrumbList\",\"@id\":\"https:\\\/\\\/medicinasinc.com\\\/pl\\\/product\\\/kup-hydrokodon-proszek\\\/#breadcrumb\",\"itemListElement\":[{\"@type\":\"ListItem\",\"position\":1,\"name\":\"Sklep\",\"item\":\"https:\\\/\\\/medicinasinc.com\\\/pl\\\/sklep\\\/\"},{\"@type\":\"ListItem\",\"position\":2,\"name\":\"Kup proszek hydrokodonu\"}]},{\"@type\":\"WebSite\",\"@id\":\"https:\\\/\\\/medicinasinc.com\\\/pl\\\/#website\",\"url\":\"https:\\\/\\\/medicinasinc.com\\\/pl\\\/\",\"name\":\"Medicinas Inc\",\"description\":\"Health Medical Clinic\",\"potentialAction\":[{\"@type\":\"SearchAction\",\"target\":{\"@type\":\"EntryPoint\",\"urlTemplate\":\"https:\\\/\\\/medicinasinc.com\\\/pl\\\/?s={search_term_string}\"},\"query-input\":{\"@type\":\"PropertyValueSpecification\",\"valueRequired\":true,\"valueName\":\"search_term_string\"}}],\"inLanguage\":\"en-US\"}]}<\/script>\n<!-- \/ Yoast SEO plugin. -->","yoast_head_json":{"title":"Kup Hydrocodone Powder - Hydrocodone Powder- Best Global Meds","description":"Kup wysokiej jako\u015bci proszek hydrokodonu na sprzeda\u017c w Europie, Wielkiej Brytanii, AU Online. Proszek hydrokodonu jest p\u00f3\u0142syntetycznym opioidem pochodz\u0105cym z kodeiny. Zam\u00f3w Hydrocodone Powder w najlepszych cenach","robots":{"index":"index","follow":"follow","max-snippet":"max-snippet:-1","max-image-preview":"max-image-preview:large","max-video-preview":"max-video-preview:-1"},"canonical":"https:\/\/medicinasinc.com\/pl\/product\/kup-hydrokodon-proszek\/","og_locale":"en_US","og_type":"article","og_title":"Kup Hydrocodone Powder - Hydrocodone Powder- Best Global Meds","og_description":"Kup wysokiej jako\u015bci proszek hydrokodonu na sprzeda\u017c w Europie, Wielkiej Brytanii, AU Online. Proszek hydrokodonu jest p\u00f3\u0142syntetycznym opioidem pochodz\u0105cym z kodeiny. Zam\u00f3w Hydrocodone Powder w najlepszych cenach","og_url":"https:\/\/medicinasinc.com\/pl\/product\/kup-hydrokodon-proszek\/","og_site_name":"Medicinas Inc","article_modified_time":"2022-03-22T00:48:07+00:00","og_image":[{"width":650,"height":390,"url":"https:\/\/medicinasinc.com\/pl\/wp-content\/uploads\/sites\/13\/2022\/02\/Buy-Hydrocodone-Powder.jpg","type":"image\/jpeg"}],"twitter_card":"summary_large_image","twitter_misc":{"Est. reading time":"1 minute"},"schema":{"@context":"https:\/\/schema.org","@graph":[{"@type":"WebPage","@id":"https:\/\/medicinasinc.com\/pl\/product\/kup-hydrokodon-proszek\/","url":"https:\/\/medicinasinc.com\/pl\/product\/kup-hydrokodon-proszek\/","name":"Kup Hydrocodone Powder - Hydrocodone Powder- Best Global Meds","isPartOf":{"@id":"https:\/\/medicinasinc.com\/pl\/#website"},"primaryImageOfPage":{"@id":"https:\/\/medicinasinc.com\/pl\/product\/kup-hydrokodon-proszek\/#primaryimage"},"image":{"@id":"https:\/\/medicinasinc.com\/pl\/product\/kup-hydrokodon-proszek\/#primaryimage"},"thumbnailUrl":"https:\/\/medicinasinc.com\/pl\/wp-content\/uploads\/sites\/13\/2022\/02\/Buy-Hydrocodone-Powder.jpg","datePublished":"2022-02-22T04:59:37+00:00","dateModified":"2022-03-22T00:48:07+00:00","description":"Kup wysokiej jako\u015bci proszek hydrokodonu na sprzeda\u017c w Europie, Wielkiej Brytanii, AU Online. Proszek hydrokodonu jest p\u00f3\u0142syntetycznym opioidem pochodz\u0105cym z kodeiny. Zam\u00f3w Hydrocodone Powder w najlepszych cenach","breadcrumb":{"@id":"https:\/\/medicinasinc.com\/pl\/product\/kup-hydrokodon-proszek\/#breadcrumb"},"inLanguage":"en-US","potentialAction":[{"@type":"ReadAction","target":["https:\/\/medicinasinc.com\/pl\/product\/kup-hydrokodon-proszek\/"]}]},{"@type":"ImageObject","inLanguage":"en-US","@id":"https:\/\/medicinasinc.com\/pl\/product\/kup-hydrokodon-proszek\/#primaryimage","url":"https:\/\/medicinasinc.com\/pl\/wp-content\/uploads\/sites\/13\/2022\/02\/Buy-Hydrocodone-Powder.jpg","contentUrl":"https:\/\/medicinasinc.com\/pl\/wp-content\/uploads\/sites\/13\/2022\/02\/Buy-Hydrocodone-Powder.jpg","width":650,"height":390},{"@type":"BreadcrumbList","@id":"https:\/\/medicinasinc.com\/pl\/product\/kup-hydrokodon-proszek\/#breadcrumb","itemListElement":[{"@type":"ListItem","position":1,"name":"Sklep","item":"https:\/\/medicinasinc.com\/pl\/sklep\/"},{"@type":"ListItem","position":2,"name":"Kup proszek hydrokodonu"}]},{"@type":"WebSite","@id":"https:\/\/medicinasinc.com\/pl\/#website","url":"https:\/\/medicinasinc.com\/pl\/","name":"Medicinas Inc","description":"Health Medical Clinic","potentialAction":[{"@type":"SearchAction","target":{"@type":"EntryPoint","urlTemplate":"https:\/\/medicinasinc.com\/pl\/?s={search_term_string}"},"query-input":{"@type":"PropertyValueSpecification","valueRequired":true,"valueName":"search_term_string"}}],"inLanguage":"en-US"}]}},"_links":{"self":[{"href":"https:\/\/medicinasinc.com\/pl\/wp-json\/wp\/v2\/product\/5729","targetHints":{"allow":["GET"]}}],"collection":[{"href":"https:\/\/medicinasinc.com\/pl\/wp-json\/wp\/v2\/product"}],"about":[{"href":"https:\/\/medicinasinc.com\/pl\/wp-json\/wp\/v2\/types\/product"}],"replies":[{"embeddable":true,"href":"https:\/\/medicinasinc.com\/pl\/wp-json\/wp\/v2\/comments?post=5729"}],"wp:featuredmedia":[{"embeddable":true,"href":"https:\/\/medicinasinc.com\/pl\/wp-json\/wp\/v2\/media\/5738"}],"wp:attachment":[{"href":"https:\/\/medicinasinc.com\/pl\/wp-json\/wp\/v2\/media?parent=5729"}],"wp:term":[{"taxonomy":"product_brand","embeddable":true,"href":"https:\/\/medicinasinc.com\/pl\/wp-json\/wp\/v2\/product_brand?post=5729"},{"taxonomy":"product_cat","embeddable":true,"href":"https:\/\/medicinasinc.com\/pl\/wp-json\/wp\/v2\/product_cat?post=5729"},{"taxonomy":"product_tag","embeddable":true,"href":"https:\/\/medicinasinc.com\/pl\/wp-json\/wp\/v2\/product_tag?post=5729"}],"curies":[{"name":"wp","href":"https:\/\/api.w.org\/{rel}","templated":true}]}}