{"id":5710,"date":"2022-02-22T04:39:11","date_gmt":"2022-02-22T04:39:11","guid":{"rendered":"https:\/\/medicinasinc.com\/pl\/?post_type=product&#038;p=5710"},"modified":"2022-03-22T00:48:17","modified_gmt":"2022-03-22T00:48:17","slug":"kup-mdma-krysztaly","status":"publish","type":"product","link":"https:\/\/medicinasinc.com\/pl\/product\/kup-mdma-krysztaly\/","title":{"rendered":"Kup kryszta\u0142y mdma"},"content":{"rendered":"<p>GDZIE ZAM\u00d3WI\u0106 MDMA W PROSZKU I KRYSZTALE ONLINE<\/p>\n<p>KRYSZTA\u0141 MDMA mo\u017cna kupi\u0107 w Internecie. Kupowanie proszku MDMA przez Internet jest proste i wygodne. 3,4-Metylenodioksymetamfetamina, cz\u0119\u015bciej nazywana ecstasy, jest \u015brodkiem pobudzaj\u0105cym i powszechnie stosowana do zabawy. Aby osi\u0105gn\u0105\u0107 po\u017c\u0105dane rezultaty, wp\u0142ywy obejmuj\u0105 zmienione uczucia oraz zastrzyk energii, empatii i przyjemno\u015bci. MDMA mo\u017cna kupi\u0107 tutaj na naszej stronie. Na pocz\u0105tku MDMA by\u0142o u\u017cywane g\u0142\u00f3wnie przez tych, kt\u00f3rzy bywali w nocnych klubach i ca\u0142onocnych imprezach tanecznych (znanych jako \u201erave\u201d), ale od tego czasu narkotyk ten rozprzestrzeni\u0142 si\u0119 na szersz\u0105 publiczno\u015b\u0107 i obecnie jest okre\u015blany jako Ecstasy lub Molly.<\/p>\n<p>Jest to syntetyczny lek, kt\u00f3ry wp\u0142ywa na nastr\u00f3j i percepcj\u0119, 3,4-metylenodioksy-metamfetamina (MDMA) (\u015bwiadomo\u015b\u0107 otaczaj\u0105cych obiekt\u00f3w i warunk\u00f3w). Jako \u015brodek pobudzaj\u0105cy i halucynogen, wytwarza wra\u017cenia zwi\u0119kszonej energii, przyjemno\u015bci i emocjonalnego ciep\u0142a, a tak\u017ce pomieszane doznania sensoryczne.<\/p>\n<p>Jak to MDMA CYSTAL | Proszek u\u017cywany przez u\u017cytkownik\u00f3w?<\/p>\n<p>MDMA jest powszechnie u\u017cywany w postaci pigu\u0142ki lub kapsu\u0142ki, chocia\u017c mo\u017ce by\u0107 r\u00f3wnie\u017c spo\u017cywany w postaci p\u0142ynu lub wci\u0105gany przez nos w postaci proszku. Powszechnie nazywa si\u0119 to sproszkowanym MDMA (MDMA CRYSTAL) Molly, co jest slangowym okre\u015bleniem rzekomo \u201eczystej\u201d krystalicznej postaci proszku leku. MDMA mo\u017ce by\u0107 \u0142\u0105czony z innymi substancjami, takimi jak alkohol lub marihuana, przez niekt\u00f3rych ludzi.<\/p>\n<p>Jaki jest wp\u0142yw MDMA na m\u00f3zg?<\/p>\n<p>Trzy cz\u0105steczki m\u00f3zgu s\u0105 aktywowane przez MDMA: <\/p>\n<p>Zwi\u0119kszona energia i aktywno\u015b\u0107 to dwa efekty dzia\u0142ania dopaminy, kt\u00f3ra dzia\u0142a jako nagroda w m\u00f3zgowym uk\u0142adzie nagrody.<br \/> Osoby z problemami sercowo-naczyniowymi lub naczyniowymi s\u0105 bardziej podatne na dzia\u0142anie noradrenaliny, kt\u00f3ra podnosi t\u0119tno i ci\u015bnienie krwi.<br \/> Istnieje wiele funkcji, na kt\u00f3re wp\u0142ywa serotonina, takich jak nastr\u00f3j, g\u0142\u00f3d i sen. Wp\u0142ywa r\u00f3wnie\u017c na podniecenie seksualne i zaufanie, powoduj\u0105c uwalnianie hormon\u00f3w. Ludzie, kt\u00f3rzy bior\u0105 MDMA, zg\u0142aszaj\u0105 uczucie zwi\u0105zku emocjonalnego, poprawiony nastr\u00f3j i empati\u0119 w wyniku dzia\u0142ania leku na uwalnianie serotoniny. Kup tabletki Molly w renomowanej aptece internetowej.<\/p>\n<p>&nbsp;<\/p>\n<p>Je\u015bli chodzi o inne negatywne skutki dla zdrowia:<\/p>\n<p>b\u00f3l i skurcze \u017co\u0142\u0105dka<br \/> zaciskanie z\u0119b\u00f3w spowodowa\u0142o zamglenie w mojej wizji<br \/> dreszczespocenie si\u0119<\/p>\n","protected":false},"excerpt":{"rendered":"<p>Kup kryszta\u0142y mdma na sprzeda\u017c w Wielkiej Brytanii i Europie od nas. Osoby, kt\u00f3re kupuj\u0105 u nas maj\u0105 pewno\u015b\u0107, \u017ce dostan\u0105 to, za co zap\u0142ac\u0105. Teraz kup 3,4-metyloenodioksymetamfetamin\u0119.<\/p>\n<p>S\u0105 na sprzeda\u017c Ecstasy\/Molly Crystals (mo\u017cesz kupi\u0107 Ecstasy\/Molly Crystals online). Istnieje wiele miejsc, w kt\u00f3rych mo\u017cna kupi\u0107 kryszta\u0142y MDMA online. Mo\u017cesz tak\u017ce kupi\u0107 kryszta\u0142y metylonu online.<\/p>\n","protected":false},"featured_media":5720,"comment_status":"open","ping_status":"closed","template":"","meta":[],"product_brand":[],"product_cat":[2014],"product_tag":[3644,3645,3647,3655,3653,3668,3667,3648,3652,3654,3656,3661,506,3646,3664,501,3658,3651,3657,3659,3660,3666,3663,539,3662,3669,3665,3650,3649],"class_list":{"0":"post-5710","1":"product","2":"type-product","3":"status-publish","4":"has-post-thumbnail","6":"product_cat-kup-badania-chemikalia","7":"product_tag-buy-mdma-crystal","8":"product_tag-buy-mdma-crystal-online","9":"product_tag-buy-mdma-powder","10":"product_tag-mdma-krysztay-ceny","11":"product_tag-mdma-krysztay-efekt","12":"product_tag-gdzie-kupi-mdma-kryszta-online","13":"product_tag-gdzie-mog-kupi-mdma","14":"product_tag-how-to-buy-mdma-crystal-online","15":"product_tag-mdma-kryszta-na-sprzeda-online","16":"product_tag-mdma-krysztay-na-sprzeda","17":"product_tag-mdma-krysztay-reddit","18":"product_tag-mdma-krysztay-proszkowe-online","19":"product_tag-kup-pure-mdma-online","20":"product_tag-kup-mdma-krysztay","21":"product_tag-kup-mdma-kryszta-online","22":"product_tag-kup-mdma-online","23":"product_tag-mdma-online-buy","24":"product_tag-mdma-kryszta-na-sprzeda","25":"product_tag-mdma-na-sprzeda-usa","26":"product_tag-mdma-powder","27":"product_tag-mdma-powder-crystals","28":"product_tag-najlepsze-miejsce-do-kupowania-mdma-krysztalu-online","29":"product_tag-order-mdma-crystal-online","30":"product_tag-order-mdma-online","31":"product_tag-mdma-proszek-na-sprzeda","32":"product_tag-gdzie-dostac-mdma-usa","33":"product_tag-tagi-kup-ecstasy-usa","34":"product_tag-wysykowy-mdma-kryszta","35":"product_tag-wysykowy-mdma","37":"first","38":"instock","39":"shipping-taxable","40":"purchasable","41":"product-type-variable","42":"has-default-attributes"},"yoast_head":"<!-- This site is optimized with the Yoast SEO plugin v27.3 - https:\/\/yoast.com\/product\/yoast-seo-wordpress\/ -->\n<title>Kup kryszta\u0142y mdma - sprzedam kryszta\u0142y mdma - Best Global Meds<\/title>\n<meta name=\"description\" content=\"Kup kryszta\u0142y mdma na sprzeda\u017c w Wielkiej Brytanii, Europie. oferujemy najbardziej niezawodn\u0105 transakcj\u0119 i sprzedajemy po bardzo przyst\u0119pnych cenach. Zam\u00f3w teraz 3,4-metylonodioksymetamfetamin\u0119\" \/>\n<meta name=\"robots\" content=\"index, follow, max-snippet:-1, max-image-preview:large, max-video-preview:-1\" \/>\n<link rel=\"canonical\" href=\"https:\/\/medicinasinc.com\/pl\/product\/kup-mdma-krysztaly\/\" \/>\n<meta property=\"og:locale\" content=\"en_US\" \/>\n<meta property=\"og:type\" content=\"article\" \/>\n<meta property=\"og:title\" content=\"Kup kryszta\u0142y mdma - sprzedam kryszta\u0142y mdma - Best Global Meds\" \/>\n<meta property=\"og:description\" content=\"Kup kryszta\u0142y mdma na sprzeda\u017c w Wielkiej Brytanii, Europie. oferujemy najbardziej niezawodn\u0105 transakcj\u0119 i sprzedajemy po bardzo przyst\u0119pnych cenach. Zam\u00f3w teraz 3,4-metylonodioksymetamfetamin\u0119\" \/>\n<meta property=\"og:url\" content=\"https:\/\/medicinasinc.com\/pl\/product\/kup-mdma-krysztaly\/\" \/>\n<meta property=\"og:site_name\" content=\"Medicinas Inc\" \/>\n<meta property=\"article:modified_time\" content=\"2022-03-22T00:48:17+00:00\" \/>\n<meta property=\"og:image\" content=\"https:\/\/medicinasinc.com\/pl\/wp-content\/uploads\/sites\/13\/2022\/02\/Buy-mdma-crystals.jpg\" \/>\n\t<meta property=\"og:image:width\" content=\"600\" \/>\n\t<meta property=\"og:image:height\" content=\"600\" \/>\n\t<meta property=\"og:image:type\" content=\"image\/jpeg\" \/>\n<meta name=\"twitter:card\" content=\"summary_large_image\" \/>\n<meta name=\"twitter:label1\" content=\"Est. reading time\" \/>\n\t<meta name=\"twitter:data1\" content=\"2 minutes\" \/>\n<script type=\"application\/ld+json\" class=\"yoast-schema-graph\">{\"@context\":\"https:\\\/\\\/schema.org\",\"@graph\":[{\"@type\":\"WebPage\",\"@id\":\"https:\\\/\\\/medicinasinc.com\\\/pl\\\/product\\\/kup-mdma-krysztaly\\\/\",\"url\":\"https:\\\/\\\/medicinasinc.com\\\/pl\\\/product\\\/kup-mdma-krysztaly\\\/\",\"name\":\"Kup kryszta\u0142y mdma - sprzedam kryszta\u0142y mdma - Best Global Meds\",\"isPartOf\":{\"@id\":\"https:\\\/\\\/medicinasinc.com\\\/pl\\\/#website\"},\"primaryImageOfPage\":{\"@id\":\"https:\\\/\\\/medicinasinc.com\\\/pl\\\/product\\\/kup-mdma-krysztaly\\\/#primaryimage\"},\"image\":{\"@id\":\"https:\\\/\\\/medicinasinc.com\\\/pl\\\/product\\\/kup-mdma-krysztaly\\\/#primaryimage\"},\"thumbnailUrl\":\"https:\\\/\\\/medicinasinc.com\\\/pl\\\/wp-content\\\/uploads\\\/sites\\\/13\\\/2022\\\/02\\\/Buy-mdma-crystals.jpg\",\"datePublished\":\"2022-02-22T04:39:11+00:00\",\"dateModified\":\"2022-03-22T00:48:17+00:00\",\"description\":\"Kup kryszta\u0142y mdma na sprzeda\u017c w Wielkiej Brytanii, Europie. oferujemy najbardziej niezawodn\u0105 transakcj\u0119 i sprzedajemy po bardzo przyst\u0119pnych cenach. Zam\u00f3w teraz 3,4-metylonodioksymetamfetamin\u0119\",\"breadcrumb\":{\"@id\":\"https:\\\/\\\/medicinasinc.com\\\/pl\\\/product\\\/kup-mdma-krysztaly\\\/#breadcrumb\"},\"inLanguage\":\"en-US\",\"potentialAction\":[{\"@type\":\"ReadAction\",\"target\":[\"https:\\\/\\\/medicinasinc.com\\\/pl\\\/product\\\/kup-mdma-krysztaly\\\/\"]}]},{\"@type\":\"ImageObject\",\"inLanguage\":\"en-US\",\"@id\":\"https:\\\/\\\/medicinasinc.com\\\/pl\\\/product\\\/kup-mdma-krysztaly\\\/#primaryimage\",\"url\":\"https:\\\/\\\/medicinasinc.com\\\/pl\\\/wp-content\\\/uploads\\\/sites\\\/13\\\/2022\\\/02\\\/Buy-mdma-crystals.jpg\",\"contentUrl\":\"https:\\\/\\\/medicinasinc.com\\\/pl\\\/wp-content\\\/uploads\\\/sites\\\/13\\\/2022\\\/02\\\/Buy-mdma-crystals.jpg\",\"width\":600,\"height\":600},{\"@type\":\"BreadcrumbList\",\"@id\":\"https:\\\/\\\/medicinasinc.com\\\/pl\\\/product\\\/kup-mdma-krysztaly\\\/#breadcrumb\",\"itemListElement\":[{\"@type\":\"ListItem\",\"position\":1,\"name\":\"Sklep\",\"item\":\"https:\\\/\\\/medicinasinc.com\\\/pl\\\/sklep\\\/\"},{\"@type\":\"ListItem\",\"position\":2,\"name\":\"Kup kryszta\u0142y mdma\"}]},{\"@type\":\"WebSite\",\"@id\":\"https:\\\/\\\/medicinasinc.com\\\/pl\\\/#website\",\"url\":\"https:\\\/\\\/medicinasinc.com\\\/pl\\\/\",\"name\":\"Medicinas Inc\",\"description\":\"Health Medical Clinic\",\"potentialAction\":[{\"@type\":\"SearchAction\",\"target\":{\"@type\":\"EntryPoint\",\"urlTemplate\":\"https:\\\/\\\/medicinasinc.com\\\/pl\\\/?s={search_term_string}\"},\"query-input\":{\"@type\":\"PropertyValueSpecification\",\"valueRequired\":true,\"valueName\":\"search_term_string\"}}],\"inLanguage\":\"en-US\"}]}<\/script>\n<!-- \/ Yoast SEO plugin. -->","yoast_head_json":{"title":"Kup kryszta\u0142y mdma - sprzedam kryszta\u0142y mdma - Best Global Meds","description":"Kup kryszta\u0142y mdma na sprzeda\u017c w Wielkiej Brytanii, Europie. oferujemy najbardziej niezawodn\u0105 transakcj\u0119 i sprzedajemy po bardzo przyst\u0119pnych cenach. Zam\u00f3w teraz 3,4-metylonodioksymetamfetamin\u0119","robots":{"index":"index","follow":"follow","max-snippet":"max-snippet:-1","max-image-preview":"max-image-preview:large","max-video-preview":"max-video-preview:-1"},"canonical":"https:\/\/medicinasinc.com\/pl\/product\/kup-mdma-krysztaly\/","og_locale":"en_US","og_type":"article","og_title":"Kup kryszta\u0142y mdma - sprzedam kryszta\u0142y mdma - Best Global Meds","og_description":"Kup kryszta\u0142y mdma na sprzeda\u017c w Wielkiej Brytanii, Europie. oferujemy najbardziej niezawodn\u0105 transakcj\u0119 i sprzedajemy po bardzo przyst\u0119pnych cenach. Zam\u00f3w teraz 3,4-metylonodioksymetamfetamin\u0119","og_url":"https:\/\/medicinasinc.com\/pl\/product\/kup-mdma-krysztaly\/","og_site_name":"Medicinas Inc","article_modified_time":"2022-03-22T00:48:17+00:00","og_image":[{"width":600,"height":600,"url":"https:\/\/medicinasinc.com\/pl\/wp-content\/uploads\/sites\/13\/2022\/02\/Buy-mdma-crystals.jpg","type":"image\/jpeg"}],"twitter_card":"summary_large_image","twitter_misc":{"Est. reading time":"2 minutes"},"schema":{"@context":"https:\/\/schema.org","@graph":[{"@type":"WebPage","@id":"https:\/\/medicinasinc.com\/pl\/product\/kup-mdma-krysztaly\/","url":"https:\/\/medicinasinc.com\/pl\/product\/kup-mdma-krysztaly\/","name":"Kup kryszta\u0142y mdma - sprzedam kryszta\u0142y mdma - Best Global Meds","isPartOf":{"@id":"https:\/\/medicinasinc.com\/pl\/#website"},"primaryImageOfPage":{"@id":"https:\/\/medicinasinc.com\/pl\/product\/kup-mdma-krysztaly\/#primaryimage"},"image":{"@id":"https:\/\/medicinasinc.com\/pl\/product\/kup-mdma-krysztaly\/#primaryimage"},"thumbnailUrl":"https:\/\/medicinasinc.com\/pl\/wp-content\/uploads\/sites\/13\/2022\/02\/Buy-mdma-crystals.jpg","datePublished":"2022-02-22T04:39:11+00:00","dateModified":"2022-03-22T00:48:17+00:00","description":"Kup kryszta\u0142y mdma na sprzeda\u017c w Wielkiej Brytanii, Europie. oferujemy najbardziej niezawodn\u0105 transakcj\u0119 i sprzedajemy po bardzo przyst\u0119pnych cenach. Zam\u00f3w teraz 3,4-metylonodioksymetamfetamin\u0119","breadcrumb":{"@id":"https:\/\/medicinasinc.com\/pl\/product\/kup-mdma-krysztaly\/#breadcrumb"},"inLanguage":"en-US","potentialAction":[{"@type":"ReadAction","target":["https:\/\/medicinasinc.com\/pl\/product\/kup-mdma-krysztaly\/"]}]},{"@type":"ImageObject","inLanguage":"en-US","@id":"https:\/\/medicinasinc.com\/pl\/product\/kup-mdma-krysztaly\/#primaryimage","url":"https:\/\/medicinasinc.com\/pl\/wp-content\/uploads\/sites\/13\/2022\/02\/Buy-mdma-crystals.jpg","contentUrl":"https:\/\/medicinasinc.com\/pl\/wp-content\/uploads\/sites\/13\/2022\/02\/Buy-mdma-crystals.jpg","width":600,"height":600},{"@type":"BreadcrumbList","@id":"https:\/\/medicinasinc.com\/pl\/product\/kup-mdma-krysztaly\/#breadcrumb","itemListElement":[{"@type":"ListItem","position":1,"name":"Sklep","item":"https:\/\/medicinasinc.com\/pl\/sklep\/"},{"@type":"ListItem","position":2,"name":"Kup kryszta\u0142y mdma"}]},{"@type":"WebSite","@id":"https:\/\/medicinasinc.com\/pl\/#website","url":"https:\/\/medicinasinc.com\/pl\/","name":"Medicinas Inc","description":"Health Medical Clinic","potentialAction":[{"@type":"SearchAction","target":{"@type":"EntryPoint","urlTemplate":"https:\/\/medicinasinc.com\/pl\/?s={search_term_string}"},"query-input":{"@type":"PropertyValueSpecification","valueRequired":true,"valueName":"search_term_string"}}],"inLanguage":"en-US"}]}},"_links":{"self":[{"href":"https:\/\/medicinasinc.com\/pl\/wp-json\/wp\/v2\/product\/5710","targetHints":{"allow":["GET"]}}],"collection":[{"href":"https:\/\/medicinasinc.com\/pl\/wp-json\/wp\/v2\/product"}],"about":[{"href":"https:\/\/medicinasinc.com\/pl\/wp-json\/wp\/v2\/types\/product"}],"replies":[{"embeddable":true,"href":"https:\/\/medicinasinc.com\/pl\/wp-json\/wp\/v2\/comments?post=5710"}],"wp:featuredmedia":[{"embeddable":true,"href":"https:\/\/medicinasinc.com\/pl\/wp-json\/wp\/v2\/media\/5720"}],"wp:attachment":[{"href":"https:\/\/medicinasinc.com\/pl\/wp-json\/wp\/v2\/media?parent=5710"}],"wp:term":[{"taxonomy":"product_brand","embeddable":true,"href":"https:\/\/medicinasinc.com\/pl\/wp-json\/wp\/v2\/product_brand?post=5710"},{"taxonomy":"product_cat","embeddable":true,"href":"https:\/\/medicinasinc.com\/pl\/wp-json\/wp\/v2\/product_cat?post=5710"},{"taxonomy":"product_tag","embeddable":true,"href":"https:\/\/medicinasinc.com\/pl\/wp-json\/wp\/v2\/product_tag?post=5710"}],"curies":[{"name":"wp","href":"https:\/\/api.w.org\/{rel}","templated":true}]}}