{"id":5703,"date":"2022-02-22T04:29:46","date_gmt":"2022-02-22T04:29:46","guid":{"rendered":"https:\/\/medicinasinc.com\/pl\/?post_type=product&#038;p=5703"},"modified":"2022-03-22T00:48:27","modified_gmt":"2022-03-22T00:48:27","slug":"kup-dimetylotryptamine-dmt","status":"publish","type":"product","link":"https:\/\/medicinasinc.com\/pl\/product\/kup-dimetylotryptamine-dmt\/","title":{"rendered":"Kup dimetylotryptamin\u0119 DMT"},"content":{"rendered":"<p>Jest wiele miejsc, w kt\u00f3rych mo\u017cna kupi\u0107 DMT Powder online.<\/p>\n<p>DMT istnieje ju\u017c od d\u0142u\u017cszego czasu. Narkotyk by\u0142 u\u017cywany przez lata w wielu r\u00f3\u017cnych celach, dop\u00f3ki rz\u0105d nie uzna\u0142 go za lek, kt\u00f3ry mo\u017ce by\u0107 niebezpieczny, je\u015bli zostanie zastosowany do skrajno\u015bci. Mo\u017cesz nie by\u0107 w stanie kupi\u0107 proszku DMT przez Internet, je\u015bli nie wiesz, jak to zrobi\u0107. Wreszcie twoja ci\u0119\u017cka praca op\u0142aci\u0142a si\u0119 i masz po\u017c\u0105dane wyniki. Bestglobalmeds to strona internetowa, na kt\u00f3rej mo\u017cesz kupi\u0107 DMT online w doskona\u0142ej cenie. Ma wysokiej jako\u015bci i czysty DMT.<\/p>\n<p>Odpowied\u017a na pytanie \u201eCo to jest DMT w proszku?\u201d<\/p>\n<p>DMT (N,N-dimetylotryptamina) to naturalna psychodeliczna tryptamina, kt\u00f3ra mo\u017ce mo\u017cna znale\u017a\u0107 w ro\u015blinach, zwierz\u0119tach i ludziach. Nale\u017cy do grupy lek\u00f3w psychodelicznych (substancji zwi\u0119kszaj\u0105cych \u015bwiadomo\u015b\u0107). Mieszanki DMT produkowane przez Changa s\u0105 r\u00f3wnie\u017c wytwarzane w ten spos\u00f3b. Mog\u0105 by\u0107 sproszkowane lub sproszkowane.<\/p>\n<p>Jest to naturalnie wyst\u0119puj\u0105ca substancja, kt\u00f3r\u0105 mo\u017cna znale\u017a\u0107 w niewielkich ilo\u015bciach w ludzkim m\u00f3zgu, gdzie jej funkcja jest nieznana. DMT jest znane ze swojej mocy. Je\u015bli go palisz, psychodeliczna podr\u00f3\u017c trwa tylko od 5 do 30 minut, ale jej efekt jest silny i d\u0142ugotrwa\u0142y. Poczucie, \u017ce zosta\u0142 wys\u0142any w zupe\u0142nie inne miejsce, z d\u017awi\u0119kami i obrazami, kt\u00f3re przywodz\u0105 na my\u015bl rzeczy kaledocoryczne,<\/p>\n<p>Napary Ayahuasca, kt\u00f3re s\u0105 wykonane z kory drzewnej zawieraj\u0105cej DMT i innych ro\u015blin, kt\u00f3re zawieraj\u0105 substancja chemiczna zwana MAOI (inhibitor monoaminooksydazy dla naprawd\u0119 chorych). MAOI sprawia, \u017ce \u200b\u200bDMT utrzymuje si\u0119 znacznie d\u0142u\u017cej w naszych cia\u0142ach i przed\u0142u\u017ca do\u015bwiadczenie psychiczne o wiele godzin. DMT jest od dawna stosowany w medycynie tradycyjnej.<\/p>\n<p>W ci\u0105gu ostatnich kilku lat napar ten sta\u0142 si\u0119 bardziej popularny ze wzgl\u0119du na swoje w\u0142a\u015bciwo\u015bci lecznicze, w tym w leczeniu nadu\u017cywania substancji. W por\u00f3wnaniu do \u201esurowego patriarchy\u201d Sbog\u00e1ne, \u201ekochaj\u0105ca matriarcha\u201d uzdrawiania ayahuasc\u0105 zosta\u0142a nazwana \u201ekochaj\u0105c\u0105 matriarch\u0105\u201d. Pomaga ludziom prze\u0142ama\u0107 mechanizmy obronne, kt\u00f3re mogli zbudowa\u0107, kt\u00f3re uniemo\u017cliwiaj\u0105 im \u0142\u0105czenie si\u0119 z innymi.<\/p>\n<p>Czy wiesz, jak wygl\u0105da DMT?<br \/> Opisz, jak wygl\u0105da DMT.<br \/> KIEDY jest czysty, wygl\u0105da jak bia\u0142y skrystalizowany proszek lub co\u015b innego.<br \/> Ponadto, gdy nie jest czysty, wygl\u0105da jak \u017c\u00f3\u0142ty, pomara\u0144czowy lub r\u00f3\u017cowy proszek lub p\u0142yn. Jest to bardziej powszechne, ale nie jest to jedyny spos\u00f3b, aby na to spojrze\u0107.<br \/> Br\u0105zowo-czerwona mieszanka zi\u00f3\u0142, po zmieszaniu z zio\u0142ami, tworzy nap\u00f3j o nazwie ayahuasca Br\u0105zowy\/czerwony likier, gdy jest cz\u0119\u015bci\u0105 ayahuaski pi\u0107.<br \/> DMT smakuje i pachnie jak co.<\/p>\n<p>N,N-dimetylotryptamina ma bardzo silny zapach i smak, kt\u00f3ry wielu ludzi, w tym nasi klienci, por\u00f3wna\u0142o do spalonego plastiku i nowych but\u00f3w.<\/p>\n<p>W jaki spos\u00f3b u\u017cywa si\u0119 DMT?<\/p>\n<p>Kiedy kupuj\u0105c DMT przez Internet, nale\u017cy pami\u0119ta\u0107, \u017ce mo\u017cna go u\u017cywa\u0107 na trzy g\u0142\u00f3wne sposoby: waln\u0105\u0107, zmieni\u0107 i zawin\u0105\u0107.<\/p>\n<p>DMT jest w\u0119dzone.<\/p>\n<p>Ludzie czasami mieszaj\u0105 DMT z zio\u0142ami, takimi jak ayahuasca, aby przygotowa\u0107 nap\u00f3j zwany ch\u00e1ng\u0430. Dzieje si\u0119 tak, poniewa\u017c DMT jest niebezpieczne i mo\u017ce by\u0107 niebezpieczne podczas palenia. Ka\u017cda partia changa r\u00f3\u017cni si\u0119 w zale\u017cno\u015bci od u\u017cytych zi\u00f3\u0142, wi\u0119c moc ka\u017cdej partii jest r\u00f3\u017cna.<\/p>\n<p>Ludzie pij\u0105 DMT<\/p>\n<p>Ch\u00e1cruna to po\u0142udniowoameryka\u0144skie zio\u0142o, kt\u00f3re zawiera DMT to. Czasami miesza si\u0119 go z ro\u015blin\u0105 yahuasca, aby zrobi\u0107 szama\u0144ski napar, ayahuasca.<\/p>\n<p>Dawanie komu\u015b DMT<\/p>\n<p>DMT mo\u017cna przygotowa\u0107 do wstrzykni\u0119cia, a to mo\u017ce by\u0107 bardzo niebezpieczne r\u00f3wnie\u017c.<\/p>\n<p>Wdychanie DMT<\/p>\n<p>Aby uzyska\u0107 DMT, mo\u017cesz zmia\u017cd\u017cy\u0107 je na proszek i wci\u0105gn\u0105\u0107.<\/p>\n<p>D\u017agn\u0105\u0107<\/p>\n<p>DMT: W\u0119dzony 15-60 mg (tylko w szklanej fajce), w\u0105chany 20-50 mg i wypijany 30 do 150 mg.<\/p>\n<p>Changa: Wszystko zale\u017cy od tego, ile DMT znajduje si\u0119 w udziale.<\/p>\n<p> \/p&gt; <\/p>\n<p>Dop\u00f3ki w mieszance b\u0119dzie wystarczaj\u0105ca ilo\u015b\u0107 DMT.<\/p>\n<p>Co si\u0119 stanie, je\u015bli we\u017amiesz DMT?<br \/> Jak si\u0119 z tym czujesz?<\/p>\n<p> DMT jest znane z tego, \u017ce daje ludziom, kt\u00f3rzy je przyjmuj\u0105, bardzo intensywne \u201etrp\u201d, co jest nazw\u0105 nadawan\u0105 do\u015bwiadczeniu za\u017cywania psychodelik\u00f3w.<\/p>\n<p>Kiedy bierzesz DMT, \u015bwiat wygl\u0105da zupe\u0142nie inaczej. Kolory, d\u017awi\u0119ki, przedmioty, a nawet czas mog\u0105 wszystko wydaj\u0105 si\u0119 bardzo r\u00f3\u017cne. Niekt\u00f3rzy ludzie do\u015bwiadczaj\u0105 przebywania poza cia\u0142em podczas przyjmowania DMT.<\/p>\n<p>Mo\u017ce to sprawi\u0107, \u017ce:<\/p>\n<p>zobaczysz i us\u0142yszysz rzeczy, kt\u00f3rych nie ma (halucynacja), co mo\u017ce by\u0107 dobre lub z\u0142e do\u015bwiadczenia. Poczuj, \u017ce czas i ruch przyspieszaj\u0105 lub zwalniaj\u0105. Nazywa si\u0119 to \u201eobrazami\u201d.<br \/> Jak zachowuj\u0105 si\u0119 ludzie?<\/p>\n<p>Ludzie mog\u0105 zachowywa\u0107 si\u0119 w spos\u00f3b, kt\u00f3rego si\u0119 nie spodziewaj\u0105, gdy s\u0105 na haju, tak jak w przypadku ka\u017cdego \u015brodka halucynogennego.<\/p>\n<p>Kilku u\u017cytkownik\u00f3w twierdzi, \u017ce czuje si\u0119, jakby przechodzi\u0142o przez do\u015bwiadczenie bliskie \u015bmierci, w wyniku czego staj\u0105 si\u0119 bardzo cicho i patrz\u0105 do wewn\u0105trz.<\/p>\n<p>Niekt\u00f3rzy twierdz\u0105, \u017ce mog\u0105 nie ruszaj si\u0119, gdy s\u0105 na DMT.<\/p>\n<p>Kiedy DMT zaczyna na ciebie wp\u0142ywa\u0107?<\/p>\n<p>Wszystko zale\u017cy od tego, ile wzi\u0105\u0142e\u015b, jak du\u017cy jeste\u015b , niezale\u017cnie od tego, czy jad\u0142e\u015b i jakie inne narkotyki za\u017cywa\u0142e\u015b.<\/p>\n<p>To s\u0142owo jest r\u00f3wnie\u017c znane jako \u201ekck\u201d.<\/p>\n<p>Podczas palenia DMT pojawia si\u0119 bardzo szybko. Pojawienie si\u0119 efektu mo\u017ce zaj\u0105\u0107 du\u017co czasu, gdy jest to cz\u0119\u015b\u0107 ceremonii ayahuasca.<\/p>\n<p>Jak d\u0142ugo to trwa\u0142o?<\/p>\n<p>Mo\u017cesz by\u0107 bardzo podekscytowany, gdy idziesz na DMT podr\u00f3\u017cy, ale te\u017c trwaj\u0105 bardzo szybko, czasem zaledwie kilka minut. W ramach ceremonii ayahuasca podr\u00f3\u017c DMT mo\u017ce trwa\u0107 kilka godzin, ale mo\u017ce by\u0107 r\u00f3wnie\u017c bardzo kr\u00f3tka.<\/p>\n<p>Z tych powod\u00f3w DMT by\u0142o znane jako \u201epodr\u00f3\u017c bunes\u201d w latach 60. XX wieku. Stany Zjednoczone. U\u017cytkownik m\u00f3g\u0142 uzyska\u0107 pe\u0142n\u0105 g\u0142\u0119bi\u0119 i zakres do\u015bwiadczenia z tym lekiem, kt\u00f3ry by\u0142 szybszy ni\u017c w przypadku innych lek\u00f3w, takich jak LSD lub magiczne grzybki.<\/p>\n<p>DMT ma co?<br \/> Tak wygl\u0105da zdrowie fizyczne dzia\u0142a:<\/p>\n<p>Wielu ludzi w Ameryce Po\u0142udniowej pije lub je napoje lub jedzenie, kt\u00f3re ma w sobie DMT jako element ich stylu \u017cycia. Najbardziej znanym przyk\u0142adem s\u0105 ceremonie ayahuasca.<\/p>\n<p>S\u0105 ludzie, kt\u00f3rzy uwa\u017caj\u0105, \u017ce DMT to duchowy lek, kt\u00f3ry jest r\u00f3wnie\u017c bezpieczny, ale nadal jest chemicznym halucynogenem.<\/p>\n<p>Mo\u017ce:<\/p>\n<p>Czas sprawdzi\u0107 ci\u015bnienie krwi.<br \/> Je\u015bli masz wcze\u015bniej chorob\u0119 serca, podniesienie t\u0119tna mo\u017ce spowodowa\u0107 chorob\u0119 i ch\u0119\u0107 odej\u015bcia. Dzieje si\u0119 tak, poniewa\u017c twoje cia\u0142o dostaje du\u017co trucizny.<\/p>\n<p>Je\u015bli za\u017cywasz DMT, mo\u017ce to mie\u0107 wiele r\u00f3\u017cnych, a czasem bardzo przera\u017caj\u0105cych skutk\u00f3w. Te efekty mog\u0105 nawet nie wyst\u0119powa\u0107 w g\u0142owie osoby.<\/p>\n<p>Je\u015bli kto\u015b wejdzie, mo\u017ce by\u0107 bardzo myl\u0105cy i przera\u017caj\u0105cy.<\/p>\n<p>Mo\u017ce ci pom\u00f3c: je\u015bli za\u017cyjesz lek taki jak DMT .<\/p>\n<p>Retrospekcje zdarzaj\u0105 si\u0119, gdy cz\u0119\u015b\u0107 podr\u00f3\u017cy jest odtwarzana po pierwotnej.<br \/> Uwa\u017cnie obserwuj kogo\u015b, kto mia\u0142 problemy ze zdrowiem psychicznym w przesz\u0142o\u015bci. Mo\u017ce to spowodowa\u0107 problemy dla kogo\u015b, kto nie wiedzia\u0142, \u017ce jest nara\u017cony na problemy ze zdrowiem psychicznym.<br \/> Je\u015bli podr\u00f3\u017c si\u0119 nie uda, u\u017cytkownik mo\u017ce zrobi\u0107 sobie krzywd\u0119. Tak wi\u0119c, je\u015bli jeste\u015b w z\u0142ym lub niespokojnym nastroju, mo\u017cesz nie chcie\u0107 bra\u0107 DMT.<br \/> Prowadzi\u0107 do nieprzyjemnych i emocjonalnych skutk\u00f3w, kt\u00f3re mog\u0105 utrzymywa\u0107 si\u0119 przez kilka dni po za\u017cyciu leku. Te efekty mog\u0105 by\u0107 nieprzyjemne lub emocjonalne.<\/p>\n<div class=\"product-next-previous\">\n<div class=\"product-prev\"><\/div><\/div>\n","protected":false},"excerpt":{"rendered":"<p>Kup dimetylotryptamin\u0119 DMT na sprzeda\u017c w Wielkiej Brytanii, Europie, Australii. oferujemy najbardziej niezawodn\u0105 transakcj\u0119 i sprzedajemy po bardzo przyst\u0119pnych cenach. Zam\u00f3w teraz DMT w najlepszych cenach. Nasza dimetylotryptamina jest jednym z najlepszych od najbardziej niezawodnego dostawcy, skontaktuj si\u0119 teraz, aby zam\u00f3wi\u0107 na sprzeda\u017c czyst\u0105 dimetylotryptamin\u0119 DMT na sprzeda\u017c<\/p>\n<p><em>Dmt<\/em>\u00a0jest silnym halucynogennym lekiem wyst\u0119puj\u0105cym w kilku ro\u015blinach, kt\u00f3re mog\u0105 by\u0107 palone, wci\u0105gane przez nos lub mieszane z ayahuasc\u0105. Zam\u00f3w\u00a0<em>DMT<\/em>\u00a0online.<\/p>\n","protected":false},"featured_media":5713,"comment_status":"open","ping_status":"closed","template":"","meta":[],"product_brand":[],"product_cat":[2014,703],"product_tag":[3615,3616,3617,3618,3621,3622,3623,3643,3642,3626,3627,3628,3629,3624,3635,3295,3636,3639,3634,3625,3619,3620,3633,3632,3637,3631,3638,3630,3640,3641],"class_list":{"0":"post-5703","1":"product","2":"type-product","3":"status-publish","4":"has-post-thumbnail","6":"product_cat-kup-badania-chemikalia","7":"product_cat-kup-psychedeliki-leki","8":"product_tag-best-place-to-buy-dimethyltryptamine","9":"product_tag-buy-dimethyltryptamine","10":"product_tag-buy-dmt","11":"product_tag-buy-pure-dmt","12":"product_tag-bu-pur-dmthltrtmn-dmt-onln","13":"product_tag-bu-hl-drug-nln","14":"product_tag-cheap-psycheclic-drug","15":"product_tag-co-to-dmt-proszek","16":"product_tag-pure-dmt-na-sprzeda","17":"product_tag-dimethyltryptamine-dosage-for-pregnant-women","18":"product_tag-dimethyltryptamine-effect","19":"product_tag-dimethyltryptamine-for-sale","20":"product_tag-dimethyltryptamine-order","21":"product_tag-dimetylotryptamina","22":"product_tag-dmt-na-sprzeda","23":"product_tag-dmt-order","24":"product_tag-dmt-reddit","25":"product_tag-dmt-sales","26":"product_tag-efekt-dmt","27":"product_tag-dimetylotryptamina-kup","28":"product_tag-to-jest--dmt","29":"product_tag-bu-psychelik-przecieku","30":"product_tag-dmt-kup","31":"product_tag-przegld-dimetylotryptaminy","32":"product_tag-dmt-recenzja","33":"product_tag-dimetylotryptamina-reddit","34":"product_tag-dmt-sprzeda","35":"product_tag-zakup-dimetylotryptaminy","36":"product_tag-zamwienie-dimetylotryptamina","37":"product_tag-zamwienie-dmt","39":"first","40":"instock","41":"shipping-taxable","42":"purchasable","43":"product-type-variable","44":"has-default-attributes"},"yoast_head":"<!-- This site is optimized with the Yoast SEO plugin v27.3 - https:\/\/yoast.com\/product\/yoast-seo-wordpress\/ -->\n<title>Kup Dimetylotryptamin\u0119 DMT - Dmt na sprzeda\u017c - Najlepsze globalne leki<\/title>\n<meta name=\"description\" content=\"Kup Dimetylotryptamin\u0119 DMT na sprzeda\u017c w Wielkiej Brytanii, Europie, AU. oferujemy najbardziej niezawodn\u0105 transakcj\u0119 i sprzedajemy po bardzo przyst\u0119pnych cenach. Zam\u00f3w teraz DMT w najlepszych cenach\" \/>\n<meta name=\"robots\" content=\"index, follow, max-snippet:-1, max-image-preview:large, max-video-preview:-1\" \/>\n<link rel=\"canonical\" href=\"https:\/\/medicinasinc.com\/pl\/product\/kup-dimetylotryptamine-dmt\/\" \/>\n<meta property=\"og:locale\" content=\"en_US\" \/>\n<meta property=\"og:type\" content=\"article\" \/>\n<meta property=\"og:title\" content=\"Kup Dimetylotryptamin\u0119 DMT - Dmt na sprzeda\u017c - Najlepsze globalne leki\" \/>\n<meta property=\"og:description\" content=\"Kup Dimetylotryptamin\u0119 DMT na sprzeda\u017c w Wielkiej Brytanii, Europie, AU. oferujemy najbardziej niezawodn\u0105 transakcj\u0119 i sprzedajemy po bardzo przyst\u0119pnych cenach. Zam\u00f3w teraz DMT w najlepszych cenach\" \/>\n<meta property=\"og:url\" content=\"https:\/\/medicinasinc.com\/pl\/product\/kup-dimetylotryptamine-dmt\/\" \/>\n<meta property=\"og:site_name\" content=\"Medicinas Inc\" \/>\n<meta property=\"article:modified_time\" content=\"2022-03-22T00:48:27+00:00\" \/>\n<meta property=\"og:image\" content=\"https:\/\/medicinasinc.com\/pl\/wp-content\/uploads\/sites\/13\/2022\/02\/DMT-for-Sale.jpg\" \/>\n\t<meta property=\"og:image:width\" content=\"500\" \/>\n\t<meta property=\"og:image:height\" content=\"500\" \/>\n\t<meta property=\"og:image:type\" content=\"image\/jpeg\" \/>\n<meta name=\"twitter:card\" content=\"summary_large_image\" \/>\n<meta name=\"twitter:label1\" content=\"Est. reading time\" \/>\n\t<meta name=\"twitter:data1\" content=\"6 minutes\" \/>\n<script type=\"application\/ld+json\" class=\"yoast-schema-graph\">{\"@context\":\"https:\\\/\\\/schema.org\",\"@graph\":[{\"@type\":\"WebPage\",\"@id\":\"https:\\\/\\\/medicinasinc.com\\\/pl\\\/product\\\/kup-dimetylotryptamine-dmt\\\/\",\"url\":\"https:\\\/\\\/medicinasinc.com\\\/pl\\\/product\\\/kup-dimetylotryptamine-dmt\\\/\",\"name\":\"Kup Dimetylotryptamin\u0119 DMT - Dmt na sprzeda\u017c - Najlepsze globalne leki\",\"isPartOf\":{\"@id\":\"https:\\\/\\\/medicinasinc.com\\\/pl\\\/#website\"},\"primaryImageOfPage\":{\"@id\":\"https:\\\/\\\/medicinasinc.com\\\/pl\\\/product\\\/kup-dimetylotryptamine-dmt\\\/#primaryimage\"},\"image\":{\"@id\":\"https:\\\/\\\/medicinasinc.com\\\/pl\\\/product\\\/kup-dimetylotryptamine-dmt\\\/#primaryimage\"},\"thumbnailUrl\":\"https:\\\/\\\/medicinasinc.com\\\/pl\\\/wp-content\\\/uploads\\\/sites\\\/13\\\/2022\\\/02\\\/DMT-for-Sale.jpg\",\"datePublished\":\"2022-02-22T04:29:46+00:00\",\"dateModified\":\"2022-03-22T00:48:27+00:00\",\"description\":\"Kup Dimetylotryptamin\u0119 DMT na sprzeda\u017c w Wielkiej Brytanii, Europie, AU. oferujemy najbardziej niezawodn\u0105 transakcj\u0119 i sprzedajemy po bardzo przyst\u0119pnych cenach. Zam\u00f3w teraz DMT w najlepszych cenach\",\"breadcrumb\":{\"@id\":\"https:\\\/\\\/medicinasinc.com\\\/pl\\\/product\\\/kup-dimetylotryptamine-dmt\\\/#breadcrumb\"},\"inLanguage\":\"en-US\",\"potentialAction\":[{\"@type\":\"ReadAction\",\"target\":[\"https:\\\/\\\/medicinasinc.com\\\/pl\\\/product\\\/kup-dimetylotryptamine-dmt\\\/\"]}]},{\"@type\":\"ImageObject\",\"inLanguage\":\"en-US\",\"@id\":\"https:\\\/\\\/medicinasinc.com\\\/pl\\\/product\\\/kup-dimetylotryptamine-dmt\\\/#primaryimage\",\"url\":\"https:\\\/\\\/medicinasinc.com\\\/pl\\\/wp-content\\\/uploads\\\/sites\\\/13\\\/2022\\\/02\\\/DMT-for-Sale.jpg\",\"contentUrl\":\"https:\\\/\\\/medicinasinc.com\\\/pl\\\/wp-content\\\/uploads\\\/sites\\\/13\\\/2022\\\/02\\\/DMT-for-Sale.jpg\",\"width\":500,\"height\":500},{\"@type\":\"BreadcrumbList\",\"@id\":\"https:\\\/\\\/medicinasinc.com\\\/pl\\\/product\\\/kup-dimetylotryptamine-dmt\\\/#breadcrumb\",\"itemListElement\":[{\"@type\":\"ListItem\",\"position\":1,\"name\":\"Sklep\",\"item\":\"https:\\\/\\\/medicinasinc.com\\\/pl\\\/sklep\\\/\"},{\"@type\":\"ListItem\",\"position\":2,\"name\":\"Kup dimetylotryptamin\u0119 DMT\"}]},{\"@type\":\"WebSite\",\"@id\":\"https:\\\/\\\/medicinasinc.com\\\/pl\\\/#website\",\"url\":\"https:\\\/\\\/medicinasinc.com\\\/pl\\\/\",\"name\":\"Medicinas Inc\",\"description\":\"Health Medical Clinic\",\"potentialAction\":[{\"@type\":\"SearchAction\",\"target\":{\"@type\":\"EntryPoint\",\"urlTemplate\":\"https:\\\/\\\/medicinasinc.com\\\/pl\\\/?s={search_term_string}\"},\"query-input\":{\"@type\":\"PropertyValueSpecification\",\"valueRequired\":true,\"valueName\":\"search_term_string\"}}],\"inLanguage\":\"en-US\"}]}<\/script>\n<!-- \/ Yoast SEO plugin. -->","yoast_head_json":{"title":"Kup Dimetylotryptamin\u0119 DMT - Dmt na sprzeda\u017c - Najlepsze globalne leki","description":"Kup Dimetylotryptamin\u0119 DMT na sprzeda\u017c w Wielkiej Brytanii, Europie, AU. oferujemy najbardziej niezawodn\u0105 transakcj\u0119 i sprzedajemy po bardzo przyst\u0119pnych cenach. Zam\u00f3w teraz DMT w najlepszych cenach","robots":{"index":"index","follow":"follow","max-snippet":"max-snippet:-1","max-image-preview":"max-image-preview:large","max-video-preview":"max-video-preview:-1"},"canonical":"https:\/\/medicinasinc.com\/pl\/product\/kup-dimetylotryptamine-dmt\/","og_locale":"en_US","og_type":"article","og_title":"Kup Dimetylotryptamin\u0119 DMT - Dmt na sprzeda\u017c - Najlepsze globalne leki","og_description":"Kup Dimetylotryptamin\u0119 DMT na sprzeda\u017c w Wielkiej Brytanii, Europie, AU. oferujemy najbardziej niezawodn\u0105 transakcj\u0119 i sprzedajemy po bardzo przyst\u0119pnych cenach. Zam\u00f3w teraz DMT w najlepszych cenach","og_url":"https:\/\/medicinasinc.com\/pl\/product\/kup-dimetylotryptamine-dmt\/","og_site_name":"Medicinas Inc","article_modified_time":"2022-03-22T00:48:27+00:00","og_image":[{"width":500,"height":500,"url":"https:\/\/medicinasinc.com\/pl\/wp-content\/uploads\/sites\/13\/2022\/02\/DMT-for-Sale.jpg","type":"image\/jpeg"}],"twitter_card":"summary_large_image","twitter_misc":{"Est. reading time":"6 minutes"},"schema":{"@context":"https:\/\/schema.org","@graph":[{"@type":"WebPage","@id":"https:\/\/medicinasinc.com\/pl\/product\/kup-dimetylotryptamine-dmt\/","url":"https:\/\/medicinasinc.com\/pl\/product\/kup-dimetylotryptamine-dmt\/","name":"Kup Dimetylotryptamin\u0119 DMT - Dmt na sprzeda\u017c - Najlepsze globalne leki","isPartOf":{"@id":"https:\/\/medicinasinc.com\/pl\/#website"},"primaryImageOfPage":{"@id":"https:\/\/medicinasinc.com\/pl\/product\/kup-dimetylotryptamine-dmt\/#primaryimage"},"image":{"@id":"https:\/\/medicinasinc.com\/pl\/product\/kup-dimetylotryptamine-dmt\/#primaryimage"},"thumbnailUrl":"https:\/\/medicinasinc.com\/pl\/wp-content\/uploads\/sites\/13\/2022\/02\/DMT-for-Sale.jpg","datePublished":"2022-02-22T04:29:46+00:00","dateModified":"2022-03-22T00:48:27+00:00","description":"Kup Dimetylotryptamin\u0119 DMT na sprzeda\u017c w Wielkiej Brytanii, Europie, AU. oferujemy najbardziej niezawodn\u0105 transakcj\u0119 i sprzedajemy po bardzo przyst\u0119pnych cenach. Zam\u00f3w teraz DMT w najlepszych cenach","breadcrumb":{"@id":"https:\/\/medicinasinc.com\/pl\/product\/kup-dimetylotryptamine-dmt\/#breadcrumb"},"inLanguage":"en-US","potentialAction":[{"@type":"ReadAction","target":["https:\/\/medicinasinc.com\/pl\/product\/kup-dimetylotryptamine-dmt\/"]}]},{"@type":"ImageObject","inLanguage":"en-US","@id":"https:\/\/medicinasinc.com\/pl\/product\/kup-dimetylotryptamine-dmt\/#primaryimage","url":"https:\/\/medicinasinc.com\/pl\/wp-content\/uploads\/sites\/13\/2022\/02\/DMT-for-Sale.jpg","contentUrl":"https:\/\/medicinasinc.com\/pl\/wp-content\/uploads\/sites\/13\/2022\/02\/DMT-for-Sale.jpg","width":500,"height":500},{"@type":"BreadcrumbList","@id":"https:\/\/medicinasinc.com\/pl\/product\/kup-dimetylotryptamine-dmt\/#breadcrumb","itemListElement":[{"@type":"ListItem","position":1,"name":"Sklep","item":"https:\/\/medicinasinc.com\/pl\/sklep\/"},{"@type":"ListItem","position":2,"name":"Kup dimetylotryptamin\u0119 DMT"}]},{"@type":"WebSite","@id":"https:\/\/medicinasinc.com\/pl\/#website","url":"https:\/\/medicinasinc.com\/pl\/","name":"Medicinas Inc","description":"Health Medical Clinic","potentialAction":[{"@type":"SearchAction","target":{"@type":"EntryPoint","urlTemplate":"https:\/\/medicinasinc.com\/pl\/?s={search_term_string}"},"query-input":{"@type":"PropertyValueSpecification","valueRequired":true,"valueName":"search_term_string"}}],"inLanguage":"en-US"}]}},"_links":{"self":[{"href":"https:\/\/medicinasinc.com\/pl\/wp-json\/wp\/v2\/product\/5703","targetHints":{"allow":["GET"]}}],"collection":[{"href":"https:\/\/medicinasinc.com\/pl\/wp-json\/wp\/v2\/product"}],"about":[{"href":"https:\/\/medicinasinc.com\/pl\/wp-json\/wp\/v2\/types\/product"}],"replies":[{"embeddable":true,"href":"https:\/\/medicinasinc.com\/pl\/wp-json\/wp\/v2\/comments?post=5703"}],"wp:featuredmedia":[{"embeddable":true,"href":"https:\/\/medicinasinc.com\/pl\/wp-json\/wp\/v2\/media\/5713"}],"wp:attachment":[{"href":"https:\/\/medicinasinc.com\/pl\/wp-json\/wp\/v2\/media?parent=5703"}],"wp:term":[{"taxonomy":"product_brand","embeddable":true,"href":"https:\/\/medicinasinc.com\/pl\/wp-json\/wp\/v2\/product_brand?post=5703"},{"taxonomy":"product_cat","embeddable":true,"href":"https:\/\/medicinasinc.com\/pl\/wp-json\/wp\/v2\/product_cat?post=5703"},{"taxonomy":"product_tag","embeddable":true,"href":"https:\/\/medicinasinc.com\/pl\/wp-json\/wp\/v2\/product_tag?post=5703"}],"curies":[{"name":"wp","href":"https:\/\/api.w.org\/{rel}","templated":true}]}}