{"id":5696,"date":"2022-02-22T04:23:00","date_gmt":"2022-02-22T04:23:00","guid":{"rendered":"https:\/\/medicinasinc.com\/pl\/?post_type=product&#038;p=5696"},"modified":"2022-03-22T00:48:38","modified_gmt":"2022-03-22T00:48:38","slug":"kup-efenidyne-proszek","status":"publish","type":"product","link":"https:\/\/medicinasinc.com\/pl\/product\/kup-efenidyne-proszek\/","title":{"rendered":"Kup proszek efenidyny"},"content":{"rendered":"<p>Efenidyna w proszku: Kup efenidyn\u0119 w Wielkiej Brytanii, Europie, Azji, USA, Australii, Chinach i reszcie \u015bwiata od Efenidyny w proszku.<\/p>\n<p>Europejska sprzeda\u017c efenidyny, dostawca efenidyny, dla wyprzeda\u017c. Hurtownicy efenidyny mog\u0105 wysy\u0142a\u0107 j\u0105 do Europy.<\/p>\n<p>Efenidyna, znana r\u00f3wnie\u017c jako NEDPA i EPE, jest dysocjacyjnym \u015brodkiem znieczulaj\u0105cym nale\u017c\u0105cym do klasy lek\u00f3w diaryloetyloaminowych. Fizycznie efenidyna jest podobna do diaryloetyloamin, takich jak difenidyna i metoksfenidyna, kt\u00f3re s\u0105 r\u00f3wnie\u017c nazywane efenidyn\u0105. Sedacja, halucynacje, znieczulenie i stany poza cia\u0142em, zwane \u201eznieczuleniem dysocjacyjnym\u201d, to tylko niekt\u00f3re ze skutk\u00f3w ubocznych.<\/p>\n<p>Szczeg\u00f3\u0142owe informacje na temat tego przedmiotu:<\/p>\n<p>Holenderski, litewski , a American<br \/> Nazywa si\u0119 Efenidyna w proszku.<br \/> EPE to nazwa IUPAC dla N-etylo-1,2-difenyloetyloaminy.<br \/> Numer CAS: 60951-19-1<br \/> C16H19N to MF.<br \/> Ponad 99,5 procent<br \/> Tak to wygl\u0105da:<br \/> Torba z folii aluminiowej lub torba plastikowa: Jak spakowa\u0107:<\/p>\n<p>Warunki p\u0142atno\u015bci:<\/p>\n<p>Minimalna kwota zam\u00f3wienia: Zapytaj o warunki p\u0142atno\u015bci: Bitcoin, Money Gram, Przelew bankowy itd.<\/p>\n<p>Zasady dostawy i wysy\u0142ki:<\/p>\n<p>1. Wy\u015blemy towar w ci\u0105gu 1 dnia po dokonaniu p\u0142atno\u015bci. <br \/> 2: wy\u015blemy towar przez UPS, DHL, TNT lub FEDEX. Wybierzemy najlepszego kuriera dla ka\u017cdego kraju i znajdziemy najbezpieczniejszy spos\u00f3b dostarczenia towaru do Ciebie.<br \/> Odebranie poczty z EMS zajmuje oko\u0142o trzech do pi\u0119ciu dni. DHL, UPS i FedEx zajmuj\u0105 4-5 dni.<br \/> 4. Zwyczaje w krajach takich jak Rosja, Australia i Kanada s\u0105 bardzo surowe, ale mo\u017cemy upewni\u0107 si\u0119, \u017ce dostarczamy 100% czasu.<br \/> 5. Z regu\u0142y powiniene\u015b otrzyma\u0107 towar w ci\u0105gu 4-5 dni. Je\u015bli towary zagin\u0119\u0142y lub nie dotar\u0142y z innych powod\u00f3w, wy\u015blemy je ponownie.<\/p>\n<p>Cena: Zapytaj.<\/p>\n<p>Uwaga:<\/p>\n<p> Mamy wielu sta\u0142ych klient\u00f3w na ca\u0142ym \u015bwiecie i mamy nadziej\u0119, \u017ce b\u0119dziemy z Tob\u0105 wsp\u00f3\u0142pracowa\u0107 przez d\u0142ugi czas. Aby uzyska\u0107 wi\u0119cej informacji, nie wahaj si\u0119 z nami skontaktowa\u0107. Do\u0142o\u017cymy wszelkich stara\u0144, aby spe\u0142ni\u0107 Twoje potrzeby. Dzi\u0119ki!<\/p>\n","protected":false},"excerpt":{"rendered":"<div class=\"woocommerce-product-details__short-description\">\n<p>Bestglobalmeds.com oferuje wysokiej czysto\u015bci proszek efenidyny do sprzeda\u017cy w Wielkiej Brytanii, Europie i Australii, a my mo\u017cemy go dostarczy\u0107 do dowolnego miejsca na \u015bwiecie. Tutaj mo\u017cesz kupi\u0107 najlepszy proszek efenidyny na zam\u00f3wienie.<\/p>\n<p>Kup efenidyn\u0119 w proszku online i zdob\u0105d\u017a j\u0105 w dobrej cenie. Lek o nazwie Efedryna to dysocjacyjny \u015brodek znieczulaj\u0105cy. Blokuje r\u00f3wnie\u017c receptor NMDA, co zmniejsza prawdopodobie\u0144stwo, \u017ce lek zadzia\u0142a.<\/p>\n<p>Kup czysty, wysokiej jako\u015bci proszek efenidyny online za pomoc\u0105 Bitcoin \u2013 mo\u017cesz to zrobi\u0107.<\/p>\n<p>Kupuj w przypadku legalnych lek\u00f3w online kupuj w sklepie chemikalia badawcze, surowe proszki farmaceutyczne i inne produkty.<\/p>\n<p>Proszek efenidyny, p\u00f3\u0142produkty farmaceutyczne i surowe proszki s\u0105 sprzedawane przez t\u0119 firm\u0119.<\/p>\n<p>Istnieje Sprzedam tabletki efenidyny. Dostawca efenidyny z Chin. Hurtowy eksporter\u00a0efenidyny<\/p>\n<p><em>Kup teraz hurtowo online efenidyn\u0119 w proszku<\/em>. Efenidyna jest \u015brodkiem znieczulaj\u0105cym dysocjacyjnie i dzia\u0142a jako antagonista NMDA.<\/p>\n<p>&nbsp;<\/p>\n<\/p><\/div>\n","protected":false},"featured_media":5707,"comment_status":"open","ping_status":"closed","template":"","meta":[],"product_brand":[],"product_cat":[2014],"product_tag":[3591,3594,3614,3613,3595,3596,3597,3603,3599,3602,3601,3600,3604,3606,3598,3607,3593,3592,3609,3610,3611,3612,3608,3605],"class_list":{"0":"post-5696","1":"product","2":"type-product","3":"status-publish","4":"has-post-thumbnail","6":"product_cat-kup-badania-chemikalia","7":"product_tag-anesthetic","8":"product_tag-buy-ephenidine-powder-online","9":"product_tag-co-to-efenidyna-proszek","10":"product_tag-czysty-efenidyna-proszek","11":"product_tag-diaryloetyloamina","12":"product_tag-dissociative","13":"product_tag-dissociative-anesthetic","14":"product_tag-efenidyna-proszek-efekt","15":"product_tag-efenidyna","16":"product_tag-efenidyna-proszek-china","17":"product_tag-efenidyna-proszek-kup","18":"product_tag-efenidyna-proszek-luzem","19":"product_tag-efenidyna-proszek-na-sprzeda","20":"product_tag-efenidyna-proszek-reddit","21":"product_tag-epe","22":"product_tag-ephenidine-powder-supplier","23":"product_tag-kup-efenidyn-proszek-europa","24":"product_tag-kup-efenidyn-proszek","25":"product_tag-mdma-powder-purchase","26":"product_tag-nedpa","27":"product_tag-order-ephenidine-powder","28":"product_tag-order-ephenidine-powder-online","29":"product_tag-efenidyna-proszek-sprzeda-hurtowa","30":"product_tag-efenidyna-proszek-zamwienie","32":"first","33":"instock","34":"featured","35":"shipping-taxable","36":"purchasable","37":"product-type-variable","38":"has-default-attributes"},"yoast_head":"<!-- This site is optimized with the Yoast SEO plugin v27.3 - https:\/\/yoast.com\/product\/yoast-seo-wordpress\/ -->\n<title>Kup Efenidyna w proszku - Efenidyna w proszku online - Najlepsze globalne leki<\/title>\n<meta name=\"description\" content=\"Kup wysokiej czysto\u015bci proszek efenidyny na sprzeda\u017c w Wielkiej Brytanii, Europie, Australii w naszym sklepie internetowym Bestglobalmeds.com z szybk\u0105 dostaw\u0105 na ca\u0142y \u015bwiat! Najlepszy proszek Efenidyny do zam\u00f3wienia znajdziesz tutaj!\" \/>\n<meta name=\"robots\" content=\"index, follow, max-snippet:-1, max-image-preview:large, max-video-preview:-1\" \/>\n<link rel=\"canonical\" href=\"https:\/\/medicinasinc.com\/pl\/product\/kup-efenidyne-proszek\/\" \/>\n<meta property=\"og:locale\" content=\"en_US\" \/>\n<meta property=\"og:type\" content=\"article\" \/>\n<meta property=\"og:title\" content=\"Kup Efenidyna w proszku - Efenidyna w proszku online - Najlepsze globalne leki\" \/>\n<meta property=\"og:description\" content=\"Kup wysokiej czysto\u015bci proszek efenidyny na sprzeda\u017c w Wielkiej Brytanii, Europie, Australii w naszym sklepie internetowym Bestglobalmeds.com z szybk\u0105 dostaw\u0105 na ca\u0142y \u015bwiat! Najlepszy proszek Efenidyny do zam\u00f3wienia znajdziesz tutaj!\" \/>\n<meta property=\"og:url\" content=\"https:\/\/medicinasinc.com\/pl\/product\/kup-efenidyne-proszek\/\" \/>\n<meta property=\"og:site_name\" content=\"Medicinas Inc\" \/>\n<meta property=\"article:modified_time\" content=\"2022-03-22T00:48:38+00:00\" \/>\n<meta property=\"og:image\" content=\"https:\/\/medicinasinc.com\/pl\/wp-content\/uploads\/sites\/13\/2022\/02\/Buy-Ephenidine-Powder-1.jpg\" \/>\n\t<meta property=\"og:image:width\" content=\"1080\" \/>\n\t<meta property=\"og:image:height\" content=\"1166\" \/>\n\t<meta property=\"og:image:type\" content=\"image\/jpeg\" \/>\n<meta name=\"twitter:card\" content=\"summary_large_image\" \/>\n<meta name=\"twitter:label1\" content=\"Est. reading time\" \/>\n\t<meta name=\"twitter:data1\" content=\"2 minutes\" \/>\n<script type=\"application\/ld+json\" class=\"yoast-schema-graph\">{\"@context\":\"https:\\\/\\\/schema.org\",\"@graph\":[{\"@type\":\"WebPage\",\"@id\":\"https:\\\/\\\/medicinasinc.com\\\/pl\\\/product\\\/kup-efenidyne-proszek\\\/\",\"url\":\"https:\\\/\\\/medicinasinc.com\\\/pl\\\/product\\\/kup-efenidyne-proszek\\\/\",\"name\":\"Kup Efenidyna w proszku - Efenidyna w proszku online - Najlepsze globalne leki\",\"isPartOf\":{\"@id\":\"https:\\\/\\\/medicinasinc.com\\\/pl\\\/#website\"},\"primaryImageOfPage\":{\"@id\":\"https:\\\/\\\/medicinasinc.com\\\/pl\\\/product\\\/kup-efenidyne-proszek\\\/#primaryimage\"},\"image\":{\"@id\":\"https:\\\/\\\/medicinasinc.com\\\/pl\\\/product\\\/kup-efenidyne-proszek\\\/#primaryimage\"},\"thumbnailUrl\":\"https:\\\/\\\/medicinasinc.com\\\/pl\\\/wp-content\\\/uploads\\\/sites\\\/13\\\/2022\\\/02\\\/Buy-Ephenidine-Powder-1.jpg\",\"datePublished\":\"2022-02-22T04:23:00+00:00\",\"dateModified\":\"2022-03-22T00:48:38+00:00\",\"description\":\"Kup wysokiej czysto\u015bci proszek efenidyny na sprzeda\u017c w Wielkiej Brytanii, Europie, Australii w naszym sklepie internetowym Bestglobalmeds.com z szybk\u0105 dostaw\u0105 na ca\u0142y \u015bwiat! Najlepszy proszek Efenidyny do zam\u00f3wienia znajdziesz tutaj!\",\"breadcrumb\":{\"@id\":\"https:\\\/\\\/medicinasinc.com\\\/pl\\\/product\\\/kup-efenidyne-proszek\\\/#breadcrumb\"},\"inLanguage\":\"en-US\",\"potentialAction\":[{\"@type\":\"ReadAction\",\"target\":[\"https:\\\/\\\/medicinasinc.com\\\/pl\\\/product\\\/kup-efenidyne-proszek\\\/\"]}]},{\"@type\":\"ImageObject\",\"inLanguage\":\"en-US\",\"@id\":\"https:\\\/\\\/medicinasinc.com\\\/pl\\\/product\\\/kup-efenidyne-proszek\\\/#primaryimage\",\"url\":\"https:\\\/\\\/medicinasinc.com\\\/pl\\\/wp-content\\\/uploads\\\/sites\\\/13\\\/2022\\\/02\\\/Buy-Ephenidine-Powder-1.jpg\",\"contentUrl\":\"https:\\\/\\\/medicinasinc.com\\\/pl\\\/wp-content\\\/uploads\\\/sites\\\/13\\\/2022\\\/02\\\/Buy-Ephenidine-Powder-1.jpg\",\"width\":1080,\"height\":1166},{\"@type\":\"BreadcrumbList\",\"@id\":\"https:\\\/\\\/medicinasinc.com\\\/pl\\\/product\\\/kup-efenidyne-proszek\\\/#breadcrumb\",\"itemListElement\":[{\"@type\":\"ListItem\",\"position\":1,\"name\":\"Sklep\",\"item\":\"https:\\\/\\\/medicinasinc.com\\\/pl\\\/sklep\\\/\"},{\"@type\":\"ListItem\",\"position\":2,\"name\":\"Kup proszek efenidyny\"}]},{\"@type\":\"WebSite\",\"@id\":\"https:\\\/\\\/medicinasinc.com\\\/pl\\\/#website\",\"url\":\"https:\\\/\\\/medicinasinc.com\\\/pl\\\/\",\"name\":\"Medicinas Inc\",\"description\":\"Health Medical Clinic\",\"potentialAction\":[{\"@type\":\"SearchAction\",\"target\":{\"@type\":\"EntryPoint\",\"urlTemplate\":\"https:\\\/\\\/medicinasinc.com\\\/pl\\\/?s={search_term_string}\"},\"query-input\":{\"@type\":\"PropertyValueSpecification\",\"valueRequired\":true,\"valueName\":\"search_term_string\"}}],\"inLanguage\":\"en-US\"}]}<\/script>\n<!-- \/ Yoast SEO plugin. -->","yoast_head_json":{"title":"Kup Efenidyna w proszku - Efenidyna w proszku online - Najlepsze globalne leki","description":"Kup wysokiej czysto\u015bci proszek efenidyny na sprzeda\u017c w Wielkiej Brytanii, Europie, Australii w naszym sklepie internetowym Bestglobalmeds.com z szybk\u0105 dostaw\u0105 na ca\u0142y \u015bwiat! Najlepszy proszek Efenidyny do zam\u00f3wienia znajdziesz tutaj!","robots":{"index":"index","follow":"follow","max-snippet":"max-snippet:-1","max-image-preview":"max-image-preview:large","max-video-preview":"max-video-preview:-1"},"canonical":"https:\/\/medicinasinc.com\/pl\/product\/kup-efenidyne-proszek\/","og_locale":"en_US","og_type":"article","og_title":"Kup Efenidyna w proszku - Efenidyna w proszku online - Najlepsze globalne leki","og_description":"Kup wysokiej czysto\u015bci proszek efenidyny na sprzeda\u017c w Wielkiej Brytanii, Europie, Australii w naszym sklepie internetowym Bestglobalmeds.com z szybk\u0105 dostaw\u0105 na ca\u0142y \u015bwiat! Najlepszy proszek Efenidyny do zam\u00f3wienia znajdziesz tutaj!","og_url":"https:\/\/medicinasinc.com\/pl\/product\/kup-efenidyne-proszek\/","og_site_name":"Medicinas Inc","article_modified_time":"2022-03-22T00:48:38+00:00","og_image":[{"width":1080,"height":1166,"url":"https:\/\/medicinasinc.com\/pl\/wp-content\/uploads\/sites\/13\/2022\/02\/Buy-Ephenidine-Powder-1.jpg","type":"image\/jpeg"}],"twitter_card":"summary_large_image","twitter_misc":{"Est. reading time":"2 minutes"},"schema":{"@context":"https:\/\/schema.org","@graph":[{"@type":"WebPage","@id":"https:\/\/medicinasinc.com\/pl\/product\/kup-efenidyne-proszek\/","url":"https:\/\/medicinasinc.com\/pl\/product\/kup-efenidyne-proszek\/","name":"Kup Efenidyna w proszku - Efenidyna w proszku online - Najlepsze globalne leki","isPartOf":{"@id":"https:\/\/medicinasinc.com\/pl\/#website"},"primaryImageOfPage":{"@id":"https:\/\/medicinasinc.com\/pl\/product\/kup-efenidyne-proszek\/#primaryimage"},"image":{"@id":"https:\/\/medicinasinc.com\/pl\/product\/kup-efenidyne-proszek\/#primaryimage"},"thumbnailUrl":"https:\/\/medicinasinc.com\/pl\/wp-content\/uploads\/sites\/13\/2022\/02\/Buy-Ephenidine-Powder-1.jpg","datePublished":"2022-02-22T04:23:00+00:00","dateModified":"2022-03-22T00:48:38+00:00","description":"Kup wysokiej czysto\u015bci proszek efenidyny na sprzeda\u017c w Wielkiej Brytanii, Europie, Australii w naszym sklepie internetowym Bestglobalmeds.com z szybk\u0105 dostaw\u0105 na ca\u0142y \u015bwiat! Najlepszy proszek Efenidyny do zam\u00f3wienia znajdziesz tutaj!","breadcrumb":{"@id":"https:\/\/medicinasinc.com\/pl\/product\/kup-efenidyne-proszek\/#breadcrumb"},"inLanguage":"en-US","potentialAction":[{"@type":"ReadAction","target":["https:\/\/medicinasinc.com\/pl\/product\/kup-efenidyne-proszek\/"]}]},{"@type":"ImageObject","inLanguage":"en-US","@id":"https:\/\/medicinasinc.com\/pl\/product\/kup-efenidyne-proszek\/#primaryimage","url":"https:\/\/medicinasinc.com\/pl\/wp-content\/uploads\/sites\/13\/2022\/02\/Buy-Ephenidine-Powder-1.jpg","contentUrl":"https:\/\/medicinasinc.com\/pl\/wp-content\/uploads\/sites\/13\/2022\/02\/Buy-Ephenidine-Powder-1.jpg","width":1080,"height":1166},{"@type":"BreadcrumbList","@id":"https:\/\/medicinasinc.com\/pl\/product\/kup-efenidyne-proszek\/#breadcrumb","itemListElement":[{"@type":"ListItem","position":1,"name":"Sklep","item":"https:\/\/medicinasinc.com\/pl\/sklep\/"},{"@type":"ListItem","position":2,"name":"Kup proszek efenidyny"}]},{"@type":"WebSite","@id":"https:\/\/medicinasinc.com\/pl\/#website","url":"https:\/\/medicinasinc.com\/pl\/","name":"Medicinas Inc","description":"Health Medical Clinic","potentialAction":[{"@type":"SearchAction","target":{"@type":"EntryPoint","urlTemplate":"https:\/\/medicinasinc.com\/pl\/?s={search_term_string}"},"query-input":{"@type":"PropertyValueSpecification","valueRequired":true,"valueName":"search_term_string"}}],"inLanguage":"en-US"}]}},"_links":{"self":[{"href":"https:\/\/medicinasinc.com\/pl\/wp-json\/wp\/v2\/product\/5696","targetHints":{"allow":["GET"]}}],"collection":[{"href":"https:\/\/medicinasinc.com\/pl\/wp-json\/wp\/v2\/product"}],"about":[{"href":"https:\/\/medicinasinc.com\/pl\/wp-json\/wp\/v2\/types\/product"}],"replies":[{"embeddable":true,"href":"https:\/\/medicinasinc.com\/pl\/wp-json\/wp\/v2\/comments?post=5696"}],"wp:featuredmedia":[{"embeddable":true,"href":"https:\/\/medicinasinc.com\/pl\/wp-json\/wp\/v2\/media\/5707"}],"wp:attachment":[{"href":"https:\/\/medicinasinc.com\/pl\/wp-json\/wp\/v2\/media?parent=5696"}],"wp:term":[{"taxonomy":"product_brand","embeddable":true,"href":"https:\/\/medicinasinc.com\/pl\/wp-json\/wp\/v2\/product_brand?post=5696"},{"taxonomy":"product_cat","embeddable":true,"href":"https:\/\/medicinasinc.com\/pl\/wp-json\/wp\/v2\/product_cat?post=5696"},{"taxonomy":"product_tag","embeddable":true,"href":"https:\/\/medicinasinc.com\/pl\/wp-json\/wp\/v2\/product_tag?post=5696"}],"curies":[{"name":"wp","href":"https:\/\/api.w.org\/{rel}","templated":true}]}}