{"id":5686,"date":"2022-02-22T04:12:43","date_gmt":"2022-02-22T04:12:43","guid":{"rendered":"https:\/\/medicinasinc.com\/pl\/?post_type=product&#038;p=5686"},"modified":"2022-03-22T00:48:47","modified_gmt":"2022-03-22T00:48:47","slug":"kup-ald-52-proszek","status":"publish","type":"product","link":"https:\/\/medicinasinc.com\/pl\/product\/kup-ald-52-proszek\/","title":{"rendered":"Kup proszek ALD-52"},"content":{"rendered":"<p><a href=\"https:\/\/www.bestglobalmeds.com\/product\/research-chemicals\/buy-ald-52-powder\/\"><strong>ALD-52 w proszku<\/strong><\/a>. Hurtownia i dostawca czystego <em>ALD-52 Powder<\/em>\u00a0w najni\u017cszej cenie i r\u00f3\u017cnych surowc\u00f3w farmaceutycznych o czysto\u015bci &gt;99%, chemikali\u00f3w badawczych i lek\u00f3w generycznych. Bezpieczne i dyskretne opakowanie ze \u015bledzon\u0105 wysy\u0142k\u0105.<\/p>\n<p>ALD-52, znany r\u00f3wnie\u017c jako 1-acetylo-LSD, to chemiczny analog dietyloamidu kwasu lizergowego (LSD). Jest to substancja psychodeliczna z klasy lizergamid\u00f3w, kt\u00f3ra po podaniu wywo\u0142uje efekty psychedeliczne podobne do LSD.<\/p>\n<p class=\"h2_style\">Szybkie szczeg\u00f3\u0142y<\/p>\n<p>Nazwa produktu: <a href=\"https:\/\/www.bestglobalmeds.com\/product\/research-chemicals\/buy-ald-52-powder\/\">ALD-52<\/a><br \/> Synonimy: ALD-52, 1-acetyl-LSD, 1A-LSD , 1A-LAD<br \/> Nr CAS: 3270-02-8<br \/> Wz\u00f3r cz\u0105steczkowy: C22H27N3O2<br \/> IUPAC: (6aR,9R)-4-acetylo-N,N-dietylo-7-metyl -4,6,6a,7,8,9-heksahydroindolo[4,3-fg]chinolino-9-karboksyamid<br \/> Masa cz\u0105steczkowa: 365,477 g\/mol<br \/> Czysto\u015b\u0107: 99,6%<br \/> Wygl\u0105d : Bia\u0142y krystaliczny proszek \/ bia\u0142awy proszek<\/p>\n<h2>Dostawca proszku ALD-52<\/h2>\n<p>Jeden z wiod\u0105cych europejskich dostawc\u00f3w surowc\u00f3w farmaceutycznych, jeste\u015bmy znani z wyj\u0105tkowego asortymentu produkt\u00f3w i naszych wysokiej jako\u015bci us\u0142ugi drop-shipping lek\u00f3w generycznych. Jako hurtownia proszk\u00f3w ALD-52 staramy si\u0119 dostarcza\u0107 na rynek produkty wysokiej jako\u015bci i op\u0142acalne.<\/p>\n<div class=\"product-next-previous\">\n<div class=\"product-prev\"><\/div><\/div>\n","protected":false},"excerpt":{"rendered":"<p>Najlepszym miejscem do zakupu proszku ALD-52 jest Wielka Brytania. Mo\u017cesz go r\u00f3wnie\u017c kupi\u0107 w Europie, Australii i UE za nisk\u0105 cen\u0119. Kup proszek ALD-52 2022, proszek ALD-52 Overnight Delivery, cena proszku ALD-52.<\/p>\n<p>Jedna z firm, kt\u00f3ra produkuje i sprzedaje ALD-52.<\/p>\n<p>Sklep internetowy: kup ALD-52 online, ALD-52 na sprzeda\u017c, sprzedawca ALD-52, proszek ALD-52, kup teraz<\/p>\n<p>ALD-52\u00a0reddit. Wysy\u0142ka jest bezp\u0142atna.<\/p>\n<p>Mo\u017cesz kupi\u0107 czysty proszek z 10 mg ALD-52 do sprzeda\u017cy online.<\/p>\n<p>&nbsp;<\/p>\n<p><strong>25%<\/strong>\u00a0wy\u0142\u0105czone dla\u00a0<strong>40 mg\u00a0<\/strong> i wi\u0119cej. Kod kuponu: bhobos2018z<\/p>\n<table class=\"table\">\n<tbody>\n<tr>\n<th><span style=\"font-weight: 400\">Min.Ilo\u015b\u0107 zam\u00f3wienia:<\/span><\/th>\n<td>10 g<\/td>\n<\/tr>\n<tr>\n<th><span style=\"font-weight: 400\">Mo\u017cliwo\u015b\u0107 poda\u017cy:<\/span><\/th>\n<td>100 kg\/miesi\u0105c<\/td>\n<\/tr>\n<tr>\n<th><span style=\"font-weight: 400\">Port:<\/span><\/th>\n<td>Warszawa, Holandia<\/td>\n<\/tr>\n<tr>\n<th><span style=\"font-weight: 400\">Warunki p\u0142atno\u015bci:<\/span><\/th>\n<td>Przelew bankowy, Bitcoin, WU\/MG, inne<\/td>\n<\/tr>\n<tr>\n<th><span style=\"font-weight: 400\">Szczeg\u00f3\u0142y opakowania:<\/span><\/th>\n<td>Zgodnie z \u017cyczeniem klienta<\/td>\n<\/tr>\n<tr>\n<th><span style=\"font-weight: 400\">Szczeg\u00f3\u0142y dostawy:<\/span><\/th>\n<td>DPD, ekspresowa wysy\u0142ka, Pharma Courier UE<\/td>\n<\/tr>\n<\/tbody>\n<\/table>\n","protected":false},"featured_media":5699,"comment_status":"open","ping_status":"closed","template":"","meta":[],"product_brand":[],"product_cat":[2014],"product_tag":[3574,3575,3576,3581,3582,3580,3579,3585,3586,3590,3588,3577,3589,3584,3583,3578,3587],"class_list":{"0":"post-5686","1":"product","2":"type-product","3":"status-publish","4":"has-post-thumbnail","6":"product_cat-kup-badania-chemikalia","7":"product_tag-ald-52-dosage","8":"product_tag-ald-52-for-sale","9":"product_tag-ald-52-powder","10":"product_tag-ald-52-powder-supplier","11":"product_tag-ald-52-powder-wholesale","12":"product_tag-ald-52-proszek-reddit","13":"product_tag-ald-52-proszek-zamwienie","14":"product_tag-buy-ald-52-powder","15":"product_tag-buy-ald-52-powder-online","16":"product_tag-co-to-ald-52-proszek","17":"product_tag-czysty-ald-52-proszek","18":"product_tag-ald-52-powder-effect","19":"product_tag-pure-ald-52-proszek-google","20":"product_tag-kup-ald-52","21":"product_tag-najlepsze-miejsce-na-zamwienie-ald-52","22":"product_tag-ald-52-proszek-na-sprzeda","23":"product_tag-zamw-ald-52-proszek","25":"first","26":"instock","27":"shipping-taxable","28":"purchasable","29":"product-type-simple"},"yoast_head":"<!-- This site is optimized with the Yoast SEO plugin v27.3 - https:\/\/yoast.com\/product\/yoast-seo-wordpress\/ -->\n<title>Kup ALD-52 Powder - ALD-52 Powder Online - Best Global Meds<\/title>\n<meta name=\"description\" content=\"Kup Kup proszek ALD-52 na sprzeda\u017c w Wielkiej Brytanii, Europie, Australii, UE, zam\u00f3w tanio Kup proszek ALD-52 2022, Gdzie kupi\u0107 wysokiej jako\u015bci proszek Kup ALD-52 w ci\u0105gu nocy, cena proszku ALD-52.\" \/>\n<meta name=\"robots\" content=\"index, follow, max-snippet:-1, max-image-preview:large, max-video-preview:-1\" \/>\n<link rel=\"canonical\" href=\"https:\/\/medicinasinc.com\/pl\/product\/kup-ald-52-proszek\/\" \/>\n<meta property=\"og:locale\" content=\"en_US\" \/>\n<meta property=\"og:type\" content=\"article\" \/>\n<meta property=\"og:title\" content=\"Kup ALD-52 Powder - ALD-52 Powder Online - Best Global Meds\" \/>\n<meta property=\"og:description\" content=\"Kup Kup proszek ALD-52 na sprzeda\u017c w Wielkiej Brytanii, Europie, Australii, UE, zam\u00f3w tanio Kup proszek ALD-52 2022, Gdzie kupi\u0107 wysokiej jako\u015bci proszek Kup ALD-52 w ci\u0105gu nocy, cena proszku ALD-52.\" \/>\n<meta property=\"og:url\" content=\"https:\/\/medicinasinc.com\/pl\/product\/kup-ald-52-proszek\/\" \/>\n<meta property=\"og:site_name\" content=\"Medicinas Inc\" \/>\n<meta property=\"article:modified_time\" content=\"2022-03-22T00:48:47+00:00\" \/>\n<meta property=\"og:image\" content=\"https:\/\/medicinasinc.com\/pl\/wp-content\/uploads\/sites\/13\/2022\/02\/Buy-ALD-52-Powder.jpg\" \/>\n\t<meta property=\"og:image:width\" content=\"1080\" \/>\n\t<meta property=\"og:image:height\" content=\"995\" \/>\n\t<meta property=\"og:image:type\" content=\"image\/jpeg\" \/>\n<meta name=\"twitter:card\" content=\"summary_large_image\" \/>\n<meta name=\"twitter:label1\" content=\"Est. reading time\" \/>\n\t<meta name=\"twitter:data1\" content=\"1 minute\" \/>\n<script type=\"application\/ld+json\" class=\"yoast-schema-graph\">{\"@context\":\"https:\\\/\\\/schema.org\",\"@graph\":[{\"@type\":\"WebPage\",\"@id\":\"https:\\\/\\\/medicinasinc.com\\\/pl\\\/product\\\/kup-ald-52-proszek\\\/\",\"url\":\"https:\\\/\\\/medicinasinc.com\\\/pl\\\/product\\\/kup-ald-52-proszek\\\/\",\"name\":\"Kup ALD-52 Powder - ALD-52 Powder Online - Best Global Meds\",\"isPartOf\":{\"@id\":\"https:\\\/\\\/medicinasinc.com\\\/pl\\\/#website\"},\"primaryImageOfPage\":{\"@id\":\"https:\\\/\\\/medicinasinc.com\\\/pl\\\/product\\\/kup-ald-52-proszek\\\/#primaryimage\"},\"image\":{\"@id\":\"https:\\\/\\\/medicinasinc.com\\\/pl\\\/product\\\/kup-ald-52-proszek\\\/#primaryimage\"},\"thumbnailUrl\":\"https:\\\/\\\/medicinasinc.com\\\/pl\\\/wp-content\\\/uploads\\\/sites\\\/13\\\/2022\\\/02\\\/Buy-ALD-52-Powder.jpg\",\"datePublished\":\"2022-02-22T04:12:43+00:00\",\"dateModified\":\"2022-03-22T00:48:47+00:00\",\"description\":\"Kup Kup proszek ALD-52 na sprzeda\u017c w Wielkiej Brytanii, Europie, Australii, UE, zam\u00f3w tanio Kup proszek ALD-52 2022, Gdzie kupi\u0107 wysokiej jako\u015bci proszek Kup ALD-52 w ci\u0105gu nocy, cena proszku ALD-52.\",\"breadcrumb\":{\"@id\":\"https:\\\/\\\/medicinasinc.com\\\/pl\\\/product\\\/kup-ald-52-proszek\\\/#breadcrumb\"},\"inLanguage\":\"en-US\",\"potentialAction\":[{\"@type\":\"ReadAction\",\"target\":[\"https:\\\/\\\/medicinasinc.com\\\/pl\\\/product\\\/kup-ald-52-proszek\\\/\"]}]},{\"@type\":\"ImageObject\",\"inLanguage\":\"en-US\",\"@id\":\"https:\\\/\\\/medicinasinc.com\\\/pl\\\/product\\\/kup-ald-52-proszek\\\/#primaryimage\",\"url\":\"https:\\\/\\\/medicinasinc.com\\\/pl\\\/wp-content\\\/uploads\\\/sites\\\/13\\\/2022\\\/02\\\/Buy-ALD-52-Powder.jpg\",\"contentUrl\":\"https:\\\/\\\/medicinasinc.com\\\/pl\\\/wp-content\\\/uploads\\\/sites\\\/13\\\/2022\\\/02\\\/Buy-ALD-52-Powder.jpg\",\"width\":1080,\"height\":995},{\"@type\":\"BreadcrumbList\",\"@id\":\"https:\\\/\\\/medicinasinc.com\\\/pl\\\/product\\\/kup-ald-52-proszek\\\/#breadcrumb\",\"itemListElement\":[{\"@type\":\"ListItem\",\"position\":1,\"name\":\"Sklep\",\"item\":\"https:\\\/\\\/medicinasinc.com\\\/pl\\\/sklep\\\/\"},{\"@type\":\"ListItem\",\"position\":2,\"name\":\"Kup proszek ALD-52\"}]},{\"@type\":\"WebSite\",\"@id\":\"https:\\\/\\\/medicinasinc.com\\\/pl\\\/#website\",\"url\":\"https:\\\/\\\/medicinasinc.com\\\/pl\\\/\",\"name\":\"Medicinas Inc\",\"description\":\"Health Medical Clinic\",\"potentialAction\":[{\"@type\":\"SearchAction\",\"target\":{\"@type\":\"EntryPoint\",\"urlTemplate\":\"https:\\\/\\\/medicinasinc.com\\\/pl\\\/?s={search_term_string}\"},\"query-input\":{\"@type\":\"PropertyValueSpecification\",\"valueRequired\":true,\"valueName\":\"search_term_string\"}}],\"inLanguage\":\"en-US\"}]}<\/script>\n<!-- \/ Yoast SEO plugin. -->","yoast_head_json":{"title":"Kup ALD-52 Powder - ALD-52 Powder Online - Best Global Meds","description":"Kup Kup proszek ALD-52 na sprzeda\u017c w Wielkiej Brytanii, Europie, Australii, UE, zam\u00f3w tanio Kup proszek ALD-52 2022, Gdzie kupi\u0107 wysokiej jako\u015bci proszek Kup ALD-52 w ci\u0105gu nocy, cena proszku ALD-52.","robots":{"index":"index","follow":"follow","max-snippet":"max-snippet:-1","max-image-preview":"max-image-preview:large","max-video-preview":"max-video-preview:-1"},"canonical":"https:\/\/medicinasinc.com\/pl\/product\/kup-ald-52-proszek\/","og_locale":"en_US","og_type":"article","og_title":"Kup ALD-52 Powder - ALD-52 Powder Online - Best Global Meds","og_description":"Kup Kup proszek ALD-52 na sprzeda\u017c w Wielkiej Brytanii, Europie, Australii, UE, zam\u00f3w tanio Kup proszek ALD-52 2022, Gdzie kupi\u0107 wysokiej jako\u015bci proszek Kup ALD-52 w ci\u0105gu nocy, cena proszku ALD-52.","og_url":"https:\/\/medicinasinc.com\/pl\/product\/kup-ald-52-proszek\/","og_site_name":"Medicinas Inc","article_modified_time":"2022-03-22T00:48:47+00:00","og_image":[{"width":1080,"height":995,"url":"https:\/\/medicinasinc.com\/pl\/wp-content\/uploads\/sites\/13\/2022\/02\/Buy-ALD-52-Powder.jpg","type":"image\/jpeg"}],"twitter_card":"summary_large_image","twitter_misc":{"Est. reading time":"1 minute"},"schema":{"@context":"https:\/\/schema.org","@graph":[{"@type":"WebPage","@id":"https:\/\/medicinasinc.com\/pl\/product\/kup-ald-52-proszek\/","url":"https:\/\/medicinasinc.com\/pl\/product\/kup-ald-52-proszek\/","name":"Kup ALD-52 Powder - ALD-52 Powder Online - Best Global Meds","isPartOf":{"@id":"https:\/\/medicinasinc.com\/pl\/#website"},"primaryImageOfPage":{"@id":"https:\/\/medicinasinc.com\/pl\/product\/kup-ald-52-proszek\/#primaryimage"},"image":{"@id":"https:\/\/medicinasinc.com\/pl\/product\/kup-ald-52-proszek\/#primaryimage"},"thumbnailUrl":"https:\/\/medicinasinc.com\/pl\/wp-content\/uploads\/sites\/13\/2022\/02\/Buy-ALD-52-Powder.jpg","datePublished":"2022-02-22T04:12:43+00:00","dateModified":"2022-03-22T00:48:47+00:00","description":"Kup Kup proszek ALD-52 na sprzeda\u017c w Wielkiej Brytanii, Europie, Australii, UE, zam\u00f3w tanio Kup proszek ALD-52 2022, Gdzie kupi\u0107 wysokiej jako\u015bci proszek Kup ALD-52 w ci\u0105gu nocy, cena proszku ALD-52.","breadcrumb":{"@id":"https:\/\/medicinasinc.com\/pl\/product\/kup-ald-52-proszek\/#breadcrumb"},"inLanguage":"en-US","potentialAction":[{"@type":"ReadAction","target":["https:\/\/medicinasinc.com\/pl\/product\/kup-ald-52-proszek\/"]}]},{"@type":"ImageObject","inLanguage":"en-US","@id":"https:\/\/medicinasinc.com\/pl\/product\/kup-ald-52-proszek\/#primaryimage","url":"https:\/\/medicinasinc.com\/pl\/wp-content\/uploads\/sites\/13\/2022\/02\/Buy-ALD-52-Powder.jpg","contentUrl":"https:\/\/medicinasinc.com\/pl\/wp-content\/uploads\/sites\/13\/2022\/02\/Buy-ALD-52-Powder.jpg","width":1080,"height":995},{"@type":"BreadcrumbList","@id":"https:\/\/medicinasinc.com\/pl\/product\/kup-ald-52-proszek\/#breadcrumb","itemListElement":[{"@type":"ListItem","position":1,"name":"Sklep","item":"https:\/\/medicinasinc.com\/pl\/sklep\/"},{"@type":"ListItem","position":2,"name":"Kup proszek ALD-52"}]},{"@type":"WebSite","@id":"https:\/\/medicinasinc.com\/pl\/#website","url":"https:\/\/medicinasinc.com\/pl\/","name":"Medicinas Inc","description":"Health Medical Clinic","potentialAction":[{"@type":"SearchAction","target":{"@type":"EntryPoint","urlTemplate":"https:\/\/medicinasinc.com\/pl\/?s={search_term_string}"},"query-input":{"@type":"PropertyValueSpecification","valueRequired":true,"valueName":"search_term_string"}}],"inLanguage":"en-US"}]}},"_links":{"self":[{"href":"https:\/\/medicinasinc.com\/pl\/wp-json\/wp\/v2\/product\/5686","targetHints":{"allow":["GET"]}}],"collection":[{"href":"https:\/\/medicinasinc.com\/pl\/wp-json\/wp\/v2\/product"}],"about":[{"href":"https:\/\/medicinasinc.com\/pl\/wp-json\/wp\/v2\/types\/product"}],"replies":[{"embeddable":true,"href":"https:\/\/medicinasinc.com\/pl\/wp-json\/wp\/v2\/comments?post=5686"}],"wp:featuredmedia":[{"embeddable":true,"href":"https:\/\/medicinasinc.com\/pl\/wp-json\/wp\/v2\/media\/5699"}],"wp:attachment":[{"href":"https:\/\/medicinasinc.com\/pl\/wp-json\/wp\/v2\/media?parent=5686"}],"wp:term":[{"taxonomy":"product_brand","embeddable":true,"href":"https:\/\/medicinasinc.com\/pl\/wp-json\/wp\/v2\/product_brand?post=5686"},{"taxonomy":"product_cat","embeddable":true,"href":"https:\/\/medicinasinc.com\/pl\/wp-json\/wp\/v2\/product_cat?post=5686"},{"taxonomy":"product_tag","embeddable":true,"href":"https:\/\/medicinasinc.com\/pl\/wp-json\/wp\/v2\/product_tag?post=5686"}],"curies":[{"name":"wp","href":"https:\/\/api.w.org\/{rel}","templated":true}]}}