{"id":5685,"date":"2022-02-22T04:11:15","date_gmt":"2022-02-22T04:11:15","guid":{"rendered":"https:\/\/medicinasinc.com\/pl\/?post_type=product&#038;p=5685"},"modified":"2022-03-22T00:48:56","modified_gmt":"2022-03-22T00:48:56","slug":"kup-pompuj-to-sol-do-kapieli","status":"publish","type":"product","link":"https:\/\/medicinasinc.com\/pl\/product\/kup-pompuj-to-sol-do-kapieli\/","title":{"rendered":"Kup s\u00f3l do k\u0105pieli Pump It"},"content":{"rendered":"<p>Dobrym pomys\u0142em jest kupowanie soli do k\u0105pieli Pump-It w proszku<\/p>\n<p>Kupuj sole do k\u0105pieli Pump-It w proszku z zaufanego \u017ar\u00f3d\u0142a. Sprzedajemy najlepsze produkty do k\u0105pieli, takie jak sole do k\u0105pieli. Sole do k\u0105pieli zapewni\u0105 Ci g\u0142adk\u0105, zmys\u0142ow\u0105 k\u0105piel, kt\u00f3ra po ich u\u017cyciu sprawi, \u017ce poczujesz si\u0119 czysta. Nasi klienci mog\u0105 by\u0107 jednak pewni, \u017ce otrzymaj\u0105 najlepsze produkty na rynku. Jednak sprzedajemy i kupujemy r\u00f3wnie\u017c inne skoncentrowane sole do k\u0105pieli w dobrych cenach.<\/p>\n<p>Nasze sole do k\u0105pieli maj\u0105 silny zapach.<\/p>\n<p>Pump-It Powder Sole do k\u0105pieli ma na celu uatrakcyjnienie k\u0105pieli jeszcze bardziej ekscytuj\u0105cy, energetyczny i euforyczny. Wystarczy niewielka ilo\u015b\u0107, aby zrobi\u0107 du\u017c\u0105 r\u00f3\u017cnic\u0119. Mo\u017cesz jednak doda\u0107 niewielk\u0105 ilo\u015b\u0107 do gor\u0105cej k\u0105pieli, aby naturalnie zmi\u0119kczy\u0107 wod\u0119, co sprawi, \u017ce poczujesz si\u0119 bardzo energetyzowana i szcz\u0119\u015bliwa. Jednak jest u\u017cywany, aby wygl\u0105da\u0107 jak naturalne gor\u0105ce \u017ar\u00f3d\u0142a greckiego morza. U\u017cywaj Pump-It Powder na pocz\u0105tku oszcz\u0119dnie, poniewa\u017c zbyt du\u017ca ilo\u015b\u0107 zabrudzi wod\u0119 w wannie i sprawi, \u017ce b\u0119dziesz nieszcz\u0119\u015bliwy. Je\u015bli jednak u\u017cywasz pudru Pump-It prawid\u0142owo, mo\u017ce on pom\u00f3c w dotarciu do miejsc, o kt\u00f3rych my\u015bla\u0142e\u015b, \u017ce by\u0142y niemo\u017cliwe.<\/p>\n<p>Powi\u0105zane produkty:<br \/> Niekt\u00f3re z naszych oryginalnych soli do k\u0105pieli mo\u017cna zobaczy\u0107 na poni\u017cszej li\u015bcie .<br \/>To 500mg skoncentrowanych soli do k\u0105pieli firmy Rave On.<br \/>Eight Ballz Bath Salts ma ich 500mg.<br \/>Soli do k\u0105pieli premium z Hollywood to 1 gram.<br \/>500mg DIAMENTOWEGO PY\u0141U<br \/> Jedna \u0142y\u017cka sto\u0142owa zawiera 500 mg proszku.<br \/> Nowo\u015b\u0107 w proszku Czarnego Diamentu jest zrobiona z Czarnego Diamentu.<br \/> Jest to 500 mg proszku Pump-it firmy Eight Ballz.<br \/> 500 mg K\u0105pieli White Rush Sole<br \/> S\u00f3l do k\u0105pieli Ivory Wave Ultra zawiera 500mg.<br \/>Ivory Wave 500mg s\u00f3l do k\u0105pieli<br \/> W tym przypadku w opakowaniu znajduje si\u0119 500mg soli do k\u0105pieli Lady Bubbles.<br \/> 9 soli do k\u0105pieli ma ich 500mg.<br \/> W tej butelce znajduje si\u0119 500mg Heavenly Soak Euphoric \u2013 Nowo\u015b\u0107 w proszku.<br \/> To 500mg Heavenly Soak \u2013 Energy \u2013 Fun Powder.<br \/> 500mg Sky \u2013 Fun Proszek<br \/> Jest 500mg nowosci pow der in Molly&#8217;s Blend \u2013<\/p>\n<p>&nbsp;<\/p>\n<p>Soli do k\u0105pieli Vanilla Sky 500 mg, Skoncentrowane sole do k\u0105pieli Fizz 500 mg, Bolivian Ivory Wave Recharge S\u00f3l do k\u0105pieli 500 mg, Skoncentrowane sole do k\u0105pieli White Girl 500 mg, Skoncentrowany Tranquility <br \/>S\u00f3l do k\u0105pieli 500mg, X Oceniona s\u00f3l do k\u0105pieli 500mg<br \/>Ivory Smooth 500mg S\u00f3l do k\u0105pieli<br \/>50mg soli do k\u0105pieli Blue Wave<br \/>Blue Silk to 500mg soli do k\u0105pieli.<br \/>W tym przypadku 500mg U\u017cyto boliwijskich soli do k\u0105pieli.<br \/>Soli do k\u0105pieli od G Pheonix<\/p>\n<p>&nbsp;<\/p>\n<p>W tym przypadku skoncentrowane sole do k\u0105pieli White Girl 500mg s\u0105 tym, czego potrzebujesz.<br \/> 500 mg soli do k\u0105pieli White Lady<br \/> Skoncentrowane sole do k\u0105pieli Bliss zawieraj\u0105 500 mg soli w ka\u017cdej torebce.<br \/> S\u00f3l do k\u0105pieli Snow Leopard zawiera 500 mg w ka\u017cdej torebce.<br \/> 500 mg dodatkowych soli do k\u0105pieli od Lunar Fala. 500mg skoncentrowanej soli do k\u0105pieli od Bia\u0142ego Konia.<br \/>500mg O\u017cywczych S\u00f3l do K\u0105pieli<br \/>500mg S\u00f3l do K\u0105pieli Cloud 10<br \/>Blue Magic: 500mg S\u00f3l do K\u0105pieli<br \/>S\u00f3l do k\u0105pieli o nazwie Scarface ma 500mg z tego.<br \/> O wiele wi\u0119cej os\u00f3b te\u017c.<\/p>\n","protected":false},"excerpt":{"rendered":"<p>W naszym sklepie internetowym Bestglobalmeds.com mo\u017cesz kupi\u0107 s\u00f3l do k\u0105pieli Pump It na sprzeda\u017c w Wielkiej Brytanii, Europie i Australii, a my wy\u015blemy j\u0105 natychmiast. Tutaj mo\u017cesz kupi\u0107 najlepsz\u0105 s\u00f3l do k\u0105pieli Pump It Up!<\/p>\n<p>S\u00f3l do k\u0105pieli Pump It Up od Global medicinas jest bezpieczna. Sprzedajemy skoncentrowane sole do k\u0105pieli K2 po niskich cenach w Internecie.<\/p>\n<p>W najlepszej cenie mo\u017cesz kupi\u0107 s\u00f3l do k\u0105pieli Pump It przez Internet w sklepie. Obiecujemy bezpieczn\u0105 i bezpieczn\u0105 wysy\u0142k\u0119 na ca\u0142y \u015bwiat.<\/p>\n<p>Gdzie chcesz kupi\u0107 &#8220;Pump-It Powder Salt Salts&#8221;? Best Global Meds daje Ci mo\u017cliwo\u015b\u0107 zakupu wzmocnionych soli do k\u0105pieli na sprzeda\u017c online.<\/p>\n","protected":false},"featured_media":5697,"comment_status":"open","ping_status":"closed","template":"","meta":[],"product_brand":[],"product_cat":[2014],"product_tag":[3566,3565,3567,3569,3568,3573,3572,3570,3571],"class_list":{"0":"post-5685","1":"product","2":"type-product","3":"status-publish","4":"has-post-thumbnail","6":"product_cat-kup-badania-chemikalia","7":"product_tag-buy-pump-it-powder-bath-salts","8":"product_tag-kup-pompuj-to-sl-do-kpieli","9":"product_tag-order-pump-it-bath-salt","10":"product_tag-pump-it-bath-salt-effect","11":"product_tag-pompa-to-kpiel-sl-kup","12":"product_tag-pompa-to-kpiel-sl-reddit","13":"product_tag-pompa-to-wanna-sl-proszek","14":"product_tag-pompa-to-sl-do-sal-do-sprzedaz","15":"product_tag-pompa-to-kpiel-zamwienie-sl","17":"first","18":"instock","19":"featured","20":"shipping-taxable","21":"purchasable","22":"product-type-variable","23":"has-default-attributes"},"yoast_head":"<!-- This site is optimized with the Yoast SEO plugin v27.3 - https:\/\/yoast.com\/product\/yoast-seo-wordpress\/ -->\n<title>Kup s\u00f3l do k\u0105pieli Pump It - S\u00f3l do k\u0105pieli Pump It - Best Global Meds<\/title>\n<meta name=\"description\" content=\"Kup s\u00f3l do k\u0105pieli Pump It na sprzeda\u017c w Wielkiej Brytanii, Europie, Australii w naszym sklepie internetowym Bestglobalmeds z szybk\u0105 dostaw\u0105 na ca\u0142y \u015bwiat! Najlepsza s\u00f3l do k\u0105pieli Pump It na zam\u00f3wienie, kt\u00f3r\u0105 znajdziesz tutaj!\" \/>\n<meta name=\"robots\" content=\"index, follow, max-snippet:-1, max-image-preview:large, max-video-preview:-1\" \/>\n<link rel=\"canonical\" href=\"https:\/\/medicinasinc.com\/pl\/product\/kup-pompuj-to-sol-do-kapieli\/\" \/>\n<meta property=\"og:locale\" content=\"en_US\" \/>\n<meta property=\"og:type\" content=\"article\" \/>\n<meta property=\"og:title\" content=\"Kup s\u00f3l do k\u0105pieli Pump It - S\u00f3l do k\u0105pieli Pump It - Best Global Meds\" \/>\n<meta property=\"og:description\" content=\"Kup s\u00f3l do k\u0105pieli Pump It na sprzeda\u017c w Wielkiej Brytanii, Europie, Australii w naszym sklepie internetowym Bestglobalmeds z szybk\u0105 dostaw\u0105 na ca\u0142y \u015bwiat! Najlepsza s\u00f3l do k\u0105pieli Pump It na zam\u00f3wienie, kt\u00f3r\u0105 znajdziesz tutaj!\" \/>\n<meta property=\"og:url\" content=\"https:\/\/medicinasinc.com\/pl\/product\/kup-pompuj-to-sol-do-kapieli\/\" \/>\n<meta property=\"og:site_name\" content=\"Medicinas Inc\" \/>\n<meta property=\"article:modified_time\" content=\"2022-03-22T00:48:56+00:00\" \/>\n<meta property=\"og:image\" content=\"https:\/\/medicinasinc.com\/pl\/wp-content\/uploads\/sites\/13\/2022\/02\/Buy-Pump-It-Bath-Salt.jpg\" \/>\n\t<meta property=\"og:image:width\" content=\"600\" \/>\n\t<meta property=\"og:image:height\" content=\"600\" \/>\n\t<meta property=\"og:image:type\" content=\"image\/jpeg\" \/>\n<meta name=\"twitter:card\" content=\"summary_large_image\" \/>\n<meta name=\"twitter:label1\" content=\"Est. reading time\" \/>\n\t<meta name=\"twitter:data1\" content=\"3 minutes\" \/>\n<script type=\"application\/ld+json\" class=\"yoast-schema-graph\">{\"@context\":\"https:\\\/\\\/schema.org\",\"@graph\":[{\"@type\":\"WebPage\",\"@id\":\"https:\\\/\\\/medicinasinc.com\\\/pl\\\/product\\\/kup-pompuj-to-sol-do-kapieli\\\/\",\"url\":\"https:\\\/\\\/medicinasinc.com\\\/pl\\\/product\\\/kup-pompuj-to-sol-do-kapieli\\\/\",\"name\":\"Kup s\u00f3l do k\u0105pieli Pump It - S\u00f3l do k\u0105pieli Pump It - Best Global Meds\",\"isPartOf\":{\"@id\":\"https:\\\/\\\/medicinasinc.com\\\/pl\\\/#website\"},\"primaryImageOfPage\":{\"@id\":\"https:\\\/\\\/medicinasinc.com\\\/pl\\\/product\\\/kup-pompuj-to-sol-do-kapieli\\\/#primaryimage\"},\"image\":{\"@id\":\"https:\\\/\\\/medicinasinc.com\\\/pl\\\/product\\\/kup-pompuj-to-sol-do-kapieli\\\/#primaryimage\"},\"thumbnailUrl\":\"https:\\\/\\\/medicinasinc.com\\\/pl\\\/wp-content\\\/uploads\\\/sites\\\/13\\\/2022\\\/02\\\/Buy-Pump-It-Bath-Salt.jpg\",\"datePublished\":\"2022-02-22T04:11:15+00:00\",\"dateModified\":\"2022-03-22T00:48:56+00:00\",\"description\":\"Kup s\u00f3l do k\u0105pieli Pump It na sprzeda\u017c w Wielkiej Brytanii, Europie, Australii w naszym sklepie internetowym Bestglobalmeds z szybk\u0105 dostaw\u0105 na ca\u0142y \u015bwiat! Najlepsza s\u00f3l do k\u0105pieli Pump It na zam\u00f3wienie, kt\u00f3r\u0105 znajdziesz tutaj!\",\"breadcrumb\":{\"@id\":\"https:\\\/\\\/medicinasinc.com\\\/pl\\\/product\\\/kup-pompuj-to-sol-do-kapieli\\\/#breadcrumb\"},\"inLanguage\":\"en-US\",\"potentialAction\":[{\"@type\":\"ReadAction\",\"target\":[\"https:\\\/\\\/medicinasinc.com\\\/pl\\\/product\\\/kup-pompuj-to-sol-do-kapieli\\\/\"]}]},{\"@type\":\"ImageObject\",\"inLanguage\":\"en-US\",\"@id\":\"https:\\\/\\\/medicinasinc.com\\\/pl\\\/product\\\/kup-pompuj-to-sol-do-kapieli\\\/#primaryimage\",\"url\":\"https:\\\/\\\/medicinasinc.com\\\/pl\\\/wp-content\\\/uploads\\\/sites\\\/13\\\/2022\\\/02\\\/Buy-Pump-It-Bath-Salt.jpg\",\"contentUrl\":\"https:\\\/\\\/medicinasinc.com\\\/pl\\\/wp-content\\\/uploads\\\/sites\\\/13\\\/2022\\\/02\\\/Buy-Pump-It-Bath-Salt.jpg\",\"width\":600,\"height\":600},{\"@type\":\"BreadcrumbList\",\"@id\":\"https:\\\/\\\/medicinasinc.com\\\/pl\\\/product\\\/kup-pompuj-to-sol-do-kapieli\\\/#breadcrumb\",\"itemListElement\":[{\"@type\":\"ListItem\",\"position\":1,\"name\":\"Sklep\",\"item\":\"https:\\\/\\\/medicinasinc.com\\\/pl\\\/sklep\\\/\"},{\"@type\":\"ListItem\",\"position\":2,\"name\":\"Kup s\u00f3l do k\u0105pieli Pump It\"}]},{\"@type\":\"WebSite\",\"@id\":\"https:\\\/\\\/medicinasinc.com\\\/pl\\\/#website\",\"url\":\"https:\\\/\\\/medicinasinc.com\\\/pl\\\/\",\"name\":\"Medicinas Inc\",\"description\":\"Health Medical Clinic\",\"potentialAction\":[{\"@type\":\"SearchAction\",\"target\":{\"@type\":\"EntryPoint\",\"urlTemplate\":\"https:\\\/\\\/medicinasinc.com\\\/pl\\\/?s={search_term_string}\"},\"query-input\":{\"@type\":\"PropertyValueSpecification\",\"valueRequired\":true,\"valueName\":\"search_term_string\"}}],\"inLanguage\":\"en-US\"}]}<\/script>\n<!-- \/ Yoast SEO plugin. -->","yoast_head_json":{"title":"Kup s\u00f3l do k\u0105pieli Pump It - S\u00f3l do k\u0105pieli Pump It - Best Global Meds","description":"Kup s\u00f3l do k\u0105pieli Pump It na sprzeda\u017c w Wielkiej Brytanii, Europie, Australii w naszym sklepie internetowym Bestglobalmeds z szybk\u0105 dostaw\u0105 na ca\u0142y \u015bwiat! Najlepsza s\u00f3l do k\u0105pieli Pump It na zam\u00f3wienie, kt\u00f3r\u0105 znajdziesz tutaj!","robots":{"index":"index","follow":"follow","max-snippet":"max-snippet:-1","max-image-preview":"max-image-preview:large","max-video-preview":"max-video-preview:-1"},"canonical":"https:\/\/medicinasinc.com\/pl\/product\/kup-pompuj-to-sol-do-kapieli\/","og_locale":"en_US","og_type":"article","og_title":"Kup s\u00f3l do k\u0105pieli Pump It - S\u00f3l do k\u0105pieli Pump It - Best Global Meds","og_description":"Kup s\u00f3l do k\u0105pieli Pump It na sprzeda\u017c w Wielkiej Brytanii, Europie, Australii w naszym sklepie internetowym Bestglobalmeds z szybk\u0105 dostaw\u0105 na ca\u0142y \u015bwiat! Najlepsza s\u00f3l do k\u0105pieli Pump It na zam\u00f3wienie, kt\u00f3r\u0105 znajdziesz tutaj!","og_url":"https:\/\/medicinasinc.com\/pl\/product\/kup-pompuj-to-sol-do-kapieli\/","og_site_name":"Medicinas Inc","article_modified_time":"2022-03-22T00:48:56+00:00","og_image":[{"width":600,"height":600,"url":"https:\/\/medicinasinc.com\/pl\/wp-content\/uploads\/sites\/13\/2022\/02\/Buy-Pump-It-Bath-Salt.jpg","type":"image\/jpeg"}],"twitter_card":"summary_large_image","twitter_misc":{"Est. reading time":"3 minutes"},"schema":{"@context":"https:\/\/schema.org","@graph":[{"@type":"WebPage","@id":"https:\/\/medicinasinc.com\/pl\/product\/kup-pompuj-to-sol-do-kapieli\/","url":"https:\/\/medicinasinc.com\/pl\/product\/kup-pompuj-to-sol-do-kapieli\/","name":"Kup s\u00f3l do k\u0105pieli Pump It - S\u00f3l do k\u0105pieli Pump It - Best Global Meds","isPartOf":{"@id":"https:\/\/medicinasinc.com\/pl\/#website"},"primaryImageOfPage":{"@id":"https:\/\/medicinasinc.com\/pl\/product\/kup-pompuj-to-sol-do-kapieli\/#primaryimage"},"image":{"@id":"https:\/\/medicinasinc.com\/pl\/product\/kup-pompuj-to-sol-do-kapieli\/#primaryimage"},"thumbnailUrl":"https:\/\/medicinasinc.com\/pl\/wp-content\/uploads\/sites\/13\/2022\/02\/Buy-Pump-It-Bath-Salt.jpg","datePublished":"2022-02-22T04:11:15+00:00","dateModified":"2022-03-22T00:48:56+00:00","description":"Kup s\u00f3l do k\u0105pieli Pump It na sprzeda\u017c w Wielkiej Brytanii, Europie, Australii w naszym sklepie internetowym Bestglobalmeds z szybk\u0105 dostaw\u0105 na ca\u0142y \u015bwiat! Najlepsza s\u00f3l do k\u0105pieli Pump It na zam\u00f3wienie, kt\u00f3r\u0105 znajdziesz tutaj!","breadcrumb":{"@id":"https:\/\/medicinasinc.com\/pl\/product\/kup-pompuj-to-sol-do-kapieli\/#breadcrumb"},"inLanguage":"en-US","potentialAction":[{"@type":"ReadAction","target":["https:\/\/medicinasinc.com\/pl\/product\/kup-pompuj-to-sol-do-kapieli\/"]}]},{"@type":"ImageObject","inLanguage":"en-US","@id":"https:\/\/medicinasinc.com\/pl\/product\/kup-pompuj-to-sol-do-kapieli\/#primaryimage","url":"https:\/\/medicinasinc.com\/pl\/wp-content\/uploads\/sites\/13\/2022\/02\/Buy-Pump-It-Bath-Salt.jpg","contentUrl":"https:\/\/medicinasinc.com\/pl\/wp-content\/uploads\/sites\/13\/2022\/02\/Buy-Pump-It-Bath-Salt.jpg","width":600,"height":600},{"@type":"BreadcrumbList","@id":"https:\/\/medicinasinc.com\/pl\/product\/kup-pompuj-to-sol-do-kapieli\/#breadcrumb","itemListElement":[{"@type":"ListItem","position":1,"name":"Sklep","item":"https:\/\/medicinasinc.com\/pl\/sklep\/"},{"@type":"ListItem","position":2,"name":"Kup s\u00f3l do k\u0105pieli Pump It"}]},{"@type":"WebSite","@id":"https:\/\/medicinasinc.com\/pl\/#website","url":"https:\/\/medicinasinc.com\/pl\/","name":"Medicinas Inc","description":"Health Medical Clinic","potentialAction":[{"@type":"SearchAction","target":{"@type":"EntryPoint","urlTemplate":"https:\/\/medicinasinc.com\/pl\/?s={search_term_string}"},"query-input":{"@type":"PropertyValueSpecification","valueRequired":true,"valueName":"search_term_string"}}],"inLanguage":"en-US"}]}},"_links":{"self":[{"href":"https:\/\/medicinasinc.com\/pl\/wp-json\/wp\/v2\/product\/5685","targetHints":{"allow":["GET"]}}],"collection":[{"href":"https:\/\/medicinasinc.com\/pl\/wp-json\/wp\/v2\/product"}],"about":[{"href":"https:\/\/medicinasinc.com\/pl\/wp-json\/wp\/v2\/types\/product"}],"replies":[{"embeddable":true,"href":"https:\/\/medicinasinc.com\/pl\/wp-json\/wp\/v2\/comments?post=5685"}],"wp:featuredmedia":[{"embeddable":true,"href":"https:\/\/medicinasinc.com\/pl\/wp-json\/wp\/v2\/media\/5697"}],"wp:attachment":[{"href":"https:\/\/medicinasinc.com\/pl\/wp-json\/wp\/v2\/media?parent=5685"}],"wp:term":[{"taxonomy":"product_brand","embeddable":true,"href":"https:\/\/medicinasinc.com\/pl\/wp-json\/wp\/v2\/product_brand?post=5685"},{"taxonomy":"product_cat","embeddable":true,"href":"https:\/\/medicinasinc.com\/pl\/wp-json\/wp\/v2\/product_cat?post=5685"},{"taxonomy":"product_tag","embeddable":true,"href":"https:\/\/medicinasinc.com\/pl\/wp-json\/wp\/v2\/product_tag?post=5685"}],"curies":[{"name":"wp","href":"https:\/\/api.w.org\/{rel}","templated":true}]}}