{"id":5684,"date":"2022-02-22T04:10:18","date_gmt":"2022-02-22T04:10:18","guid":{"rendered":"https:\/\/medicinasinc.com\/pl\/?post_type=product&#038;p=5684"},"modified":"2022-03-22T00:49:06","modified_gmt":"2022-03-22T00:49:06","slug":"kup-mmb-2201-proszek","status":"publish","type":"product","link":"https:\/\/medicinasinc.com\/pl\/product\/kup-mmb-2201-proszek\/","title":{"rendered":"Kup proszek MMB-2201"},"content":{"rendered":"<p>MDMB-2201 Lek jest najwy\u017cszej klasy substancj\u0105 badawcz\u0105, kt\u00f3r\u0105 mo\u017cna kupi\u0107 online za rozs\u0105dn\u0105 cen\u0119. Zaufany dostawca bestglobalmed.com oferuje 5F-MDMB-2201 po obni\u017conej cenie. Jako designerski lek i jako sk\u0142adnik aktywny w zsyntetyzowanych mieszankach konopi, MMB-2201 jest silnym syntetycznym kannabinoidem na bazie indolo-3-karboksamidu.<\/p>\n<p>Syntetyczny kannabinoid na bazie indolo-3-karboksyamidu MMB-2201 ( znany r\u00f3wnie\u017c jako 5F-MMB-PICA, 5F-AMB-PICA i I-AMB) by\u0142 reklamowany jako designerski lek i sk\u0142adnik syntetycznych mieszanek konopi. Po raz pierwszy zg\u0142oszony w Rosji i na Bia\u0142orusi w styczniu 2014 roku, od tego czasu zosta\u0142 sprzedany w wielu dodatkowych krajach. Rdze\u0144 indolowy odpowiednikiem 5F-AMB jest tym zwi\u0105zkiem. syntetyczne zwi\u0105zki konopi z grup\u0105 N-1-metoksykarbonylow\u0105 zawieraj\u0105ce rdze\u0144 indolo-3-karboksyamidowy lub indazolo-3-karboksyamidowy, a tak\u017ce podstawnik izopropylowy lub t-butylowy, okaza\u0142y si\u0119 znacznie bardziej szkodliwe ni\u017c starsze syntetyczne kannabinoidy zwi\u0105zki<\/p>\n<p>Syntetyczny kannabinoid 5F-MDMB-2201 jest niezwykle podobny do MMB-2201 (rodzina indazoli). Na receptory CB1 i CB2 5F-MDMB-2201 wywiera znacz\u0105cy wp\u0142yw (agonizm).<\/p>\n<p>Nazwa metaboliczna: 2-metylo-1H-indolo-3-karboksyamido-dimetylobutanian metylu<\/p>\n<p>Jako designerski lek i aktywny sk\u0142adnik syntetycznych mieszanek konopi, MMB-2201 jest syntetycznym kannabinoidem na bazie indolo-3-karboksyamidu.<\/p>\n<p>889493-21-2 Numer CAS<\/p>\n<p>C21H29FN2O3 to wz\u00f3r chemiczny.<\/p>\n<p>Minimalna czysto\u015b\u0107 99,7 procent<\/p>\n<p>376,49 to masa cz\u0105steczkowa<\/p>\n<p>Wygl\u0105d kryszta\u0142\u00f3w\/proszku<\/p>\n<p> Syntetyczny kannabinoid MMB-2201 na bazie indolo-3-karboksamidu (znany r\u00f3wnie\u017c jako 5F-MMB-PICA, 5F-AMB-PICA i I-AMB) to designerski lek i aktywny sk\u0142adnik syntetycznych mieszanek konopi. Chocia\u017c pierwotnie zg\u0142oszono go w Rosji i na Bia\u0142orusi w styczniu tego roku, nast\u0119pnie trafi\u0142 do sprzeda\u017cy w wielu innych krajach. W tym zwi\u0105zku znajduje si\u0119 g\u0142\u00f3wny odpowiednik 5F-indolu AMB. Stwierdzono, \u017ce nowsze syntetyczne zwi\u0105zki konopi z rdzeniem indolo-3-karboksyamidowym lub indazolo-3-karboksyamidowym i grup\u0105 N-1-metoksykarbonylow\u0105 po\u0142\u0105czon\u0105 z podstawnikiem izopropylowym lub t-butylowym s\u0105 znacznie bardziej szkodliwe ni\u017c starsze syntetyczne zwi\u0105zki kannabinoidowe. &#8211;<\/p>\n<p>Syntetyczny kannabinoid 5F-MDMB-2201 jest niezwykle podobny do MMB-2201 (rodzina indazoli). Receptory CB1 i CB2 s\u0105 silnie antagonistyczne wobec 5F-MDMB-2201.<\/p>\n<p>Nazwa metaboliczna: 2-metylo-1H-indolo-3-karboksyamido-dimetylobutanian metylu.<\/p>\n<p>Jako designerski lek i aktywny sk\u0142adnik syntetycznych mieszanek konopi, MMB-2201 to syntetyczny kannabinoid na bazie indolo-3-karboksyamidu.<\/p>\n<p>889493-21-2 Numer CAS<\/p>\n<p>C21H29FN2O3 to wz\u00f3r chemiczny .<\/p>\n<p>Minimalna czysto\u015b\u0107 99,7 procent<\/p>\n<p>376,49 to masa cz\u0105steczkowa<\/p>\n<p>Kryszta\u0142y i proszek<\/p>\n","protected":false},"excerpt":{"rendered":"<p>Kup proszek MMB-2201 na sprzeda\u017c w Wielkiej Brytanii, Europie, Australii. oferujemy najbardziej niezawodn\u0105 transakcj\u0119 i sprzedajemy po bardzo przyst\u0119pnych cenach. Zam\u00f3w MMB-2201 Powder teraz w najlepszych cenach<\/p>\n<p>Kup online MMB-2201 Powder Pure Online. MMB-2201 Proszek to tak\u017ce: 5F-MMB-PICA, 5F-AMB-PICA lub I-AMB.<\/p>\n<p>5CAKB48 MMB022,\u00a0<em>MPHP2201<\/em>\u00a0wysoka czysto\u015b\u0107 i \u017c\u00f3\u0142ty\u00a0<em>proszek<\/em>\u00a0online &#8230; <em>Mmbfub<\/em>,\u00a0<em>Mphp2201<\/em>, 5f-mdmb-<em>2201<\/em>, 5feapb\/5feapb, Mmb022, 4-cdc, Fub144,\u00a0<em>Fub2201<\/em>.<\/p>\n<p><em>Kup<\/em>\u00a05F MDMB online &#8211; Mo\u017cesz zam\u00f3wi\u0107 proszek 5F-MDMB-<em>2201<\/em>\u00a0po niskiej cenie od &#8230; 5F MDMB\u00a0<em>2201<\/em>\u00a0Crystals jest r\u00f3wnie\u017c znany jako 5F-<em>MMB<\/em>-PICA, 5F-AMB-PICA i I-AMB.<\/p>\n<p>&nbsp;<\/p>\n","protected":false},"featured_media":5695,"comment_status":"open","ping_status":"closed","template":"","meta":[],"product_brand":[],"product_cat":[2596],"product_tag":[2600,2608,2603,2604,2601,2606,2611,2612,2613,2605,2607,2615,2616,2619,2620,2621,2629,2631,2622,2626,2625,2610,2602,2609,2614,3564,3563,2627,2628],"class_list":{"0":"post-5684","1":"product","2":"type-product","3":"status-publish","4":"has-post-thumbnail","6":"product_cat-kanabinoidy-na-sprzeda","7":"product_tag-5f-mdmb-2201","8":"product_tag-5f-mdmb-2201-dawkowanie-proszku","9":"product_tag-5f-mdmb-2201-for-sale","10":"product_tag-5f-mdmb-2201-for-sale-online","11":"product_tag-5f-mdmb-2201-kannabinoidy","12":"product_tag-5f-mdmb-2201-powder-australia","13":"product_tag-5f-mdmb-2201-powder-supplier","14":"product_tag-5f-mdmb-2201-powder-uk","15":"product_tag-5f-mdmb-2201-powder-usa","16":"product_tag-5f-mdmb-2201-proszek","17":"product_tag-5f-mdmb-2201-proszek-kanada","18":"product_tag-5f-mdmb-2201-reddit","19":"product_tag-5f-mdmb-2201-review","20":"product_tag-buy-5f-mdmb-2201","21":"product_tag-buy-5f-mdmb-2201-cannabinoids","22":"product_tag-buy-5f-mdmb-2201-online","23":"product_tag-pure-5f-mdmb-2201-proszek","24":"product_tag-gdzie-kupi-5f-mdmb-2201","25":"product_tag-kup-5f-mdmb-2201-proszek-online","26":"product_tag-order-5f-mdmb-2201","27":"product_tag-poczta-5f-mdmb-2201","28":"product_tag-5f-mdmb-2201-proszek-recenzja","29":"product_tag-5f-mdmb-2201-kannabinoidy-na-sprzeda","30":"product_tag-5f-mdmb-2201-proszek-na-sprzeda","31":"product_tag-5f-mdmb-2201-dostawca-proszku","32":"product_tag-usu-term-5f-mdmb-2201-5f-mdmb-2201-proszek-na-sprzeda","33":"product_tag-usu-term-5f-mdmb-2201-5f-mdmb-2201-efekt","34":"product_tag-zamwienie-5f-mdmb-2201-online","35":"product_tag-zamwienie-5f-mdmb-2201-proszek","37":"first","38":"instock","39":"shipping-taxable","40":"purchasable","41":"product-type-variable","42":"has-default-attributes"},"yoast_head":"<!-- This site is optimized with the Yoast SEO plugin v27.3 - https:\/\/yoast.com\/product\/yoast-seo-wordpress\/ -->\n<title>Kup proszek MMB-2201 - MMB-2201 na sprzeda\u017c - Best Global Meds<\/title>\n<meta name=\"description\" content=\"Kup proszek MMB-2201 na sprzeda\u017c w Wielkiej Brytanii, Europie, AU. oferujemy najbardziej niezawodn\u0105 transakcj\u0119 i sprzedajemy po bardzo przyst\u0119pnych cenach. Zam\u00f3w teraz proszek MMB-2201 w najlepszych cenach\" \/>\n<meta name=\"robots\" content=\"index, follow, max-snippet:-1, max-image-preview:large, max-video-preview:-1\" \/>\n<link rel=\"canonical\" href=\"https:\/\/medicinasinc.com\/pl\/product\/kup-mmb-2201-proszek\/\" \/>\n<meta property=\"og:locale\" content=\"en_US\" \/>\n<meta property=\"og:type\" content=\"article\" \/>\n<meta property=\"og:title\" content=\"Kup proszek MMB-2201 - MMB-2201 na sprzeda\u017c - Best Global Meds\" \/>\n<meta property=\"og:description\" content=\"Kup proszek MMB-2201 na sprzeda\u017c w Wielkiej Brytanii, Europie, AU. oferujemy najbardziej niezawodn\u0105 transakcj\u0119 i sprzedajemy po bardzo przyst\u0119pnych cenach. Zam\u00f3w teraz proszek MMB-2201 w najlepszych cenach\" \/>\n<meta property=\"og:url\" content=\"https:\/\/medicinasinc.com\/pl\/product\/kup-mmb-2201-proszek\/\" \/>\n<meta property=\"og:site_name\" content=\"Medicinas Inc\" \/>\n<meta property=\"article:modified_time\" content=\"2022-03-22T00:49:06+00:00\" \/>\n<meta property=\"og:image\" content=\"https:\/\/medicinasinc.com\/pl\/wp-content\/uploads\/sites\/13\/2022\/02\/Buy-MMB-2201-Powder.jpg\" \/>\n\t<meta property=\"og:image:width\" content=\"600\" \/>\n\t<meta property=\"og:image:height\" content=\"600\" \/>\n\t<meta property=\"og:image:type\" content=\"image\/jpeg\" \/>\n<meta name=\"twitter:card\" content=\"summary_large_image\" \/>\n<meta name=\"twitter:label1\" content=\"Est. reading time\" \/>\n\t<meta name=\"twitter:data1\" content=\"2 minutes\" \/>\n<script type=\"application\/ld+json\" class=\"yoast-schema-graph\">{\"@context\":\"https:\\\/\\\/schema.org\",\"@graph\":[{\"@type\":\"WebPage\",\"@id\":\"https:\\\/\\\/medicinasinc.com\\\/pl\\\/product\\\/kup-mmb-2201-proszek\\\/\",\"url\":\"https:\\\/\\\/medicinasinc.com\\\/pl\\\/product\\\/kup-mmb-2201-proszek\\\/\",\"name\":\"Kup proszek MMB-2201 - MMB-2201 na sprzeda\u017c - Best Global Meds\",\"isPartOf\":{\"@id\":\"https:\\\/\\\/medicinasinc.com\\\/pl\\\/#website\"},\"primaryImageOfPage\":{\"@id\":\"https:\\\/\\\/medicinasinc.com\\\/pl\\\/product\\\/kup-mmb-2201-proszek\\\/#primaryimage\"},\"image\":{\"@id\":\"https:\\\/\\\/medicinasinc.com\\\/pl\\\/product\\\/kup-mmb-2201-proszek\\\/#primaryimage\"},\"thumbnailUrl\":\"https:\\\/\\\/medicinasinc.com\\\/pl\\\/wp-content\\\/uploads\\\/sites\\\/13\\\/2022\\\/02\\\/Buy-MMB-2201-Powder.jpg\",\"datePublished\":\"2022-02-22T04:10:18+00:00\",\"dateModified\":\"2022-03-22T00:49:06+00:00\",\"description\":\"Kup proszek MMB-2201 na sprzeda\u017c w Wielkiej Brytanii, Europie, AU. oferujemy najbardziej niezawodn\u0105 transakcj\u0119 i sprzedajemy po bardzo przyst\u0119pnych cenach. Zam\u00f3w teraz proszek MMB-2201 w najlepszych cenach\",\"breadcrumb\":{\"@id\":\"https:\\\/\\\/medicinasinc.com\\\/pl\\\/product\\\/kup-mmb-2201-proszek\\\/#breadcrumb\"},\"inLanguage\":\"en-US\",\"potentialAction\":[{\"@type\":\"ReadAction\",\"target\":[\"https:\\\/\\\/medicinasinc.com\\\/pl\\\/product\\\/kup-mmb-2201-proszek\\\/\"]}]},{\"@type\":\"ImageObject\",\"inLanguage\":\"en-US\",\"@id\":\"https:\\\/\\\/medicinasinc.com\\\/pl\\\/product\\\/kup-mmb-2201-proszek\\\/#primaryimage\",\"url\":\"https:\\\/\\\/medicinasinc.com\\\/pl\\\/wp-content\\\/uploads\\\/sites\\\/13\\\/2022\\\/02\\\/Buy-MMB-2201-Powder.jpg\",\"contentUrl\":\"https:\\\/\\\/medicinasinc.com\\\/pl\\\/wp-content\\\/uploads\\\/sites\\\/13\\\/2022\\\/02\\\/Buy-MMB-2201-Powder.jpg\",\"width\":600,\"height\":600},{\"@type\":\"BreadcrumbList\",\"@id\":\"https:\\\/\\\/medicinasinc.com\\\/pl\\\/product\\\/kup-mmb-2201-proszek\\\/#breadcrumb\",\"itemListElement\":[{\"@type\":\"ListItem\",\"position\":1,\"name\":\"Sklep\",\"item\":\"https:\\\/\\\/medicinasinc.com\\\/pl\\\/sklep\\\/\"},{\"@type\":\"ListItem\",\"position\":2,\"name\":\"Kup proszek MMB-2201\"}]},{\"@type\":\"WebSite\",\"@id\":\"https:\\\/\\\/medicinasinc.com\\\/pl\\\/#website\",\"url\":\"https:\\\/\\\/medicinasinc.com\\\/pl\\\/\",\"name\":\"Medicinas Inc\",\"description\":\"Health Medical Clinic\",\"potentialAction\":[{\"@type\":\"SearchAction\",\"target\":{\"@type\":\"EntryPoint\",\"urlTemplate\":\"https:\\\/\\\/medicinasinc.com\\\/pl\\\/?s={search_term_string}\"},\"query-input\":{\"@type\":\"PropertyValueSpecification\",\"valueRequired\":true,\"valueName\":\"search_term_string\"}}],\"inLanguage\":\"en-US\"}]}<\/script>\n<!-- \/ Yoast SEO plugin. -->","yoast_head_json":{"title":"Kup proszek MMB-2201 - MMB-2201 na sprzeda\u017c - Best Global Meds","description":"Kup proszek MMB-2201 na sprzeda\u017c w Wielkiej Brytanii, Europie, AU. oferujemy najbardziej niezawodn\u0105 transakcj\u0119 i sprzedajemy po bardzo przyst\u0119pnych cenach. Zam\u00f3w teraz proszek MMB-2201 w najlepszych cenach","robots":{"index":"index","follow":"follow","max-snippet":"max-snippet:-1","max-image-preview":"max-image-preview:large","max-video-preview":"max-video-preview:-1"},"canonical":"https:\/\/medicinasinc.com\/pl\/product\/kup-mmb-2201-proszek\/","og_locale":"en_US","og_type":"article","og_title":"Kup proszek MMB-2201 - MMB-2201 na sprzeda\u017c - Best Global Meds","og_description":"Kup proszek MMB-2201 na sprzeda\u017c w Wielkiej Brytanii, Europie, AU. oferujemy najbardziej niezawodn\u0105 transakcj\u0119 i sprzedajemy po bardzo przyst\u0119pnych cenach. Zam\u00f3w teraz proszek MMB-2201 w najlepszych cenach","og_url":"https:\/\/medicinasinc.com\/pl\/product\/kup-mmb-2201-proszek\/","og_site_name":"Medicinas Inc","article_modified_time":"2022-03-22T00:49:06+00:00","og_image":[{"width":600,"height":600,"url":"https:\/\/medicinasinc.com\/pl\/wp-content\/uploads\/sites\/13\/2022\/02\/Buy-MMB-2201-Powder.jpg","type":"image\/jpeg"}],"twitter_card":"summary_large_image","twitter_misc":{"Est. reading time":"2 minutes"},"schema":{"@context":"https:\/\/schema.org","@graph":[{"@type":"WebPage","@id":"https:\/\/medicinasinc.com\/pl\/product\/kup-mmb-2201-proszek\/","url":"https:\/\/medicinasinc.com\/pl\/product\/kup-mmb-2201-proszek\/","name":"Kup proszek MMB-2201 - MMB-2201 na sprzeda\u017c - Best Global Meds","isPartOf":{"@id":"https:\/\/medicinasinc.com\/pl\/#website"},"primaryImageOfPage":{"@id":"https:\/\/medicinasinc.com\/pl\/product\/kup-mmb-2201-proszek\/#primaryimage"},"image":{"@id":"https:\/\/medicinasinc.com\/pl\/product\/kup-mmb-2201-proszek\/#primaryimage"},"thumbnailUrl":"https:\/\/medicinasinc.com\/pl\/wp-content\/uploads\/sites\/13\/2022\/02\/Buy-MMB-2201-Powder.jpg","datePublished":"2022-02-22T04:10:18+00:00","dateModified":"2022-03-22T00:49:06+00:00","description":"Kup proszek MMB-2201 na sprzeda\u017c w Wielkiej Brytanii, Europie, AU. oferujemy najbardziej niezawodn\u0105 transakcj\u0119 i sprzedajemy po bardzo przyst\u0119pnych cenach. Zam\u00f3w teraz proszek MMB-2201 w najlepszych cenach","breadcrumb":{"@id":"https:\/\/medicinasinc.com\/pl\/product\/kup-mmb-2201-proszek\/#breadcrumb"},"inLanguage":"en-US","potentialAction":[{"@type":"ReadAction","target":["https:\/\/medicinasinc.com\/pl\/product\/kup-mmb-2201-proszek\/"]}]},{"@type":"ImageObject","inLanguage":"en-US","@id":"https:\/\/medicinasinc.com\/pl\/product\/kup-mmb-2201-proszek\/#primaryimage","url":"https:\/\/medicinasinc.com\/pl\/wp-content\/uploads\/sites\/13\/2022\/02\/Buy-MMB-2201-Powder.jpg","contentUrl":"https:\/\/medicinasinc.com\/pl\/wp-content\/uploads\/sites\/13\/2022\/02\/Buy-MMB-2201-Powder.jpg","width":600,"height":600},{"@type":"BreadcrumbList","@id":"https:\/\/medicinasinc.com\/pl\/product\/kup-mmb-2201-proszek\/#breadcrumb","itemListElement":[{"@type":"ListItem","position":1,"name":"Sklep","item":"https:\/\/medicinasinc.com\/pl\/sklep\/"},{"@type":"ListItem","position":2,"name":"Kup proszek MMB-2201"}]},{"@type":"WebSite","@id":"https:\/\/medicinasinc.com\/pl\/#website","url":"https:\/\/medicinasinc.com\/pl\/","name":"Medicinas Inc","description":"Health Medical Clinic","potentialAction":[{"@type":"SearchAction","target":{"@type":"EntryPoint","urlTemplate":"https:\/\/medicinasinc.com\/pl\/?s={search_term_string}"},"query-input":{"@type":"PropertyValueSpecification","valueRequired":true,"valueName":"search_term_string"}}],"inLanguage":"en-US"}]}},"_links":{"self":[{"href":"https:\/\/medicinasinc.com\/pl\/wp-json\/wp\/v2\/product\/5684","targetHints":{"allow":["GET"]}}],"collection":[{"href":"https:\/\/medicinasinc.com\/pl\/wp-json\/wp\/v2\/product"}],"about":[{"href":"https:\/\/medicinasinc.com\/pl\/wp-json\/wp\/v2\/types\/product"}],"replies":[{"embeddable":true,"href":"https:\/\/medicinasinc.com\/pl\/wp-json\/wp\/v2\/comments?post=5684"}],"wp:featuredmedia":[{"embeddable":true,"href":"https:\/\/medicinasinc.com\/pl\/wp-json\/wp\/v2\/media\/5695"}],"wp:attachment":[{"href":"https:\/\/medicinasinc.com\/pl\/wp-json\/wp\/v2\/media?parent=5684"}],"wp:term":[{"taxonomy":"product_brand","embeddable":true,"href":"https:\/\/medicinasinc.com\/pl\/wp-json\/wp\/v2\/product_brand?post=5684"},{"taxonomy":"product_cat","embeddable":true,"href":"https:\/\/medicinasinc.com\/pl\/wp-json\/wp\/v2\/product_cat?post=5684"},{"taxonomy":"product_tag","embeddable":true,"href":"https:\/\/medicinasinc.com\/pl\/wp-json\/wp\/v2\/product_tag?post=5684"}],"curies":[{"name":"wp","href":"https:\/\/api.w.org\/{rel}","templated":true}]}}