{"id":5682,"date":"2022-02-22T04:07:27","date_gmt":"2022-02-22T04:07:27","guid":{"rendered":"https:\/\/medicinasinc.com\/pl\/?post_type=product&#038;p=5682"},"modified":"2022-03-22T00:49:18","modified_gmt":"2022-03-22T00:49:18","slug":"nie-kupuj-soli-do-kapieli","status":"publish","type":"product","link":"https:\/\/medicinasinc.com\/pl\/product\/nie-kupuj-soli-do-kapieli\/","title":{"rendered":"Kup s\u00f3l do k\u0105pieli bez byka"},"content":{"rendered":"<p>Zaopatrz si\u0119 w \u0142agodz\u0105ce stres sole do k\u0105pieli<\/p>\n<p>Sole do k\u0105pieli nie zawieraj\u0105ce byka s\u0105 w sprzeda\u017cy. Aby zapewni\u0107 Ci relaksuj\u0105c\u0105, zmys\u0142ow\u0105 k\u0105piel, dostarczamy wysokiej jako\u015bci produkty do k\u0105pieli, takie jak sole do k\u0105pieli. Kupuj\u0105c u nas sole do k\u0105pieli online, mo\u017cesz mie\u0107 pewno\u015b\u0107, \u017ce otrzymujesz najlepszy mo\u017cliwy produkt. Inne koncentraty soli do k\u0105pieli s\u0105 dost\u0119pne w sprzeda\u017cy po rozs\u0105dnych kosztach za po\u015brednictwem naszej sprzeda\u017cy hurtowej i detalicznej.<\/p>\n<p>Wszystko dotyczy naszych produkt\u00f3w<\/p>\n<p>Namoczenie w solach do k\u0105pieli bez byk\u00f3w sprawi, \u017ce poczujesz si\u0119 orze\u017awiony , energiczny i euforyczny. Skromny bit to wszystko, czego potrzeba, aby wywrze\u0107 znacz\u0105cy wp\u0142yw. Alternatywnie, wlej niewielk\u0105 ilo\u015b\u0107 do gor\u0105cej k\u0105pieli, a poczujesz si\u0119 odm\u0142odzony i zachwycony. Mimo to wiele os\u00f3b u\u017cywa go do na\u015bladowania prawdziwych gor\u0105cych \u017ar\u00f3de\u0142 znajduj\u0105cych si\u0119 na greckim wybrze\u017cu. Uwaga: nasz produkt to silna s\u00f3l do k\u0105pieli do medytacji. Na pocz\u0105tku u\u017cywaj tylko niewielkiej ilo\u015bci, aby woda w wannie nie by\u0142a zbyt m\u0119tna. Jednak\u017ce, je\u015bli s\u0105 u\u017cywane prawid\u0142owo, sole do k\u0105pieli No Bull mog\u0105 pom\u00f3c Ci pokona\u0107 wy\u017cyny, kt\u00f3rych wcze\u015bniej nie pokona\u0142e\u015b.<\/p>\n<p>INNE RZECZY DO WYPR\u00d3BOWANIA<br \/> Ivory Wave Recharge S\u00f3l do k\u0105pieli 500 mg, White Girl 500 mg Skoncentrowane sole do k\u0105pieli, Skoncentrowana k\u0105piel Tranquility Sole 500mg i X Rated Bath Salts 500mg to tylko niekt\u00f3re z naszych soli do k\u0105pieli.<br \/>Soli do k\u0105pieli Skoncentrowana Ivory Smooth 500mg<br \/>Sole do k\u0105pieli 50mg Niebieska fala<br \/> Czysta s\u00f3l do k\u0105pieli &#8211; Niebieski jedwab, 500mg <br \/>500mg boliwijskich soli do k\u0105pieli<br \/>S\u00f3l do k\u0105pieli Rave On Tranquility 500mg Skoncentrowane sole do k\u0105pieli od G Pheonix.<br \/>500 miligram\u00f3w soli do k\u0105pieli Eight Ballz.<br \/>SOLE TOALETOWE, 1G, HOLLYWOOD<br \/> Diamentowy py\u0142 \u2013 500 miligram\u00f3w<br \/> 500 miligram\u00f3w Drone V Fun Powder<br \/> Nowo\u015b\u0107 w proszku Black Diamond by Black Diamond<br \/> Nowo\u015b\u0107 w proszku pump-it 500mg Eight Ballz<br \/> 500mg Bia\u0142ego Sole do k\u0105pieli Rush.<br \/>400g Czyste sole do k\u0105pieli Ivory Wave Ultra<br \/>Sole fali 500mg Ivory<br \/>500mg S\u00f3l do k\u0105pieli Lady Bubbles.<br \/>50 0mg Cloud 9 Sole do K\u0105pieli<br \/>Proszek 500mg Heavenly Soak &#8211; Euphoric &#8211; Nowo\u015b\u0107<br \/>Energy &#8211; Novelty Powder 500mg from Heavenly Soak<br \/>The Sky &#8211; Novelty Powder &#8211; 500mg<br \/>Novelty Powder 500mg, Mieszanka Molly<\/p>\n","protected":false},"excerpt":{"rendered":"<p>Najwy\u017cszej jako\u015bci skoncentrowana s\u00f3l do k\u0105pieli.<\/p>\n<p>100% prawna na ca\u0142ym \u015bwiecie<\/p>\n<p><em>Kup<\/em>\u00a0White Girl\u00a0<em>S\u00f3l do k\u0105pieli<\/em>\u00a0od zatwierdzonego dostawcy . Najwy\u017cszej klasy czysto\u015b\u0107, uczciwe ceny, szybka gwarantowana dostawa, polityka zwrot\u00f3w\/zwrot\u00f3w, \u015bwietna obs\u0142uga klienta.<\/p>\n<p>Czy przep\u0142acasz za\u00a0<em>nie<\/em>&#8211;<em>s\u00f3l do k\u0105pieli dla byk\u00f3w<\/em>\u00a0online? <em>Nie kupuj<\/em>&#8211;<em>bulli do k\u0105pieli<\/em> online w Best Global Meds. Dowiedz si\u0119 <em>poznaj<\/em>\u00a0o\u00a0<em>nie<\/em>&#8211;<em>bulliach<\/em>\u00a0o cenach sprzeda\u017cy.<\/p>\n<p><em>Kup bez byka S\u00f3l do k\u0105pieli<\/em>\u00a0Online w najlepszej cenie. Gwarantujemy bezpieczn\u0105 i bezpieczn\u0105 wysy\u0142k\u0119 na ca\u0142y \u015bwiat.<\/p>\n","protected":false},"featured_media":5693,"comment_status":"open","ping_status":"closed","template":"","meta":[],"product_brand":[],"product_cat":[2014],"product_tag":[3551,3552,3556,3554,3550,3562,3549,3548,3553,3557,3558,3559,3560,3555,3561],"class_list":{"0":"post-5682","1":"product","2":"type-product","3":"status-publish","4":"has-post-thumbnail","6":"product_cat-kup-badania-chemikalia","7":"product_tag-nie-byk-kapiel-sl-kup","8":"product_tag-bez-efektu-kpieli-byka-w-soli","9":"product_tag-bez-bull-do-soli-sprzeday","10":"product_tag-bez-bykw-kpiel-zamwienie-sol","11":"product_tag-buy-no-bull-bath-salts-online","12":"product_tag-gdzie-kupi-nie-bykw-sole-do-kpieli","13":"product_tag-kup-no-bull-proszek-czyszczcy-1000mg-sl-do-kpieli-online","14":"product_tag-nie-kupuj-soli-do-kpieli","15":"product_tag-bez-byczy-wanny-sl-google","16":"product_tag-no-bull-proszek-cleaner-1000mg-sl-do-kpieli","17":"product_tag-no-bull-powder-cleaner-1000mg-bath-salt-online","18":"product_tag-bez-bykw-sole-do-kpieli","19":"product_tag-bez-bykw-sole-do-sale-na-sprzedaz","20":"product_tag-bez-byczej-wanny-sl-reddit","21":"product_tag-zamw-bez-bykw-sole-do-kpieli-online","23":"first","24":"instock","25":"shipping-taxable","26":"purchasable","27":"product-type-variable","28":"has-default-attributes"},"yoast_head":"<!-- This site is optimized with the Yoast SEO plugin v27.3 - https:\/\/yoast.com\/product\/yoast-seo-wordpress\/ -->\n<title>Kup s\u00f3l do k\u0105pieli No Bull - S\u00f3l do k\u0105pieli No Bull Online - Najlepsze leki na \u015bwiecie<\/title>\n<meta name=\"description\" content=\"Kup s\u00f3l do k\u0105pieli No Bull na sprzeda\u017c w Wielkiej Brytanii, Europie, AU. oferujemy najbardziej niezawodn\u0105 transakcj\u0119 i sprzedajemy po bardzo przyst\u0119pnych cenach. Zam\u00f3w teraz s\u00f3l do k\u0105pieli No Bull w najlepszych cenach\" \/>\n<meta name=\"robots\" content=\"index, follow, max-snippet:-1, max-image-preview:large, max-video-preview:-1\" \/>\n<link rel=\"canonical\" href=\"https:\/\/medicinasinc.com\/pl\/product\/nie-kupuj-soli-do-kapieli\/\" \/>\n<meta property=\"og:locale\" content=\"en_US\" \/>\n<meta property=\"og:type\" content=\"article\" \/>\n<meta property=\"og:title\" content=\"Kup s\u00f3l do k\u0105pieli No Bull - S\u00f3l do k\u0105pieli No Bull Online - Najlepsze leki na \u015bwiecie\" \/>\n<meta property=\"og:description\" content=\"Kup s\u00f3l do k\u0105pieli No Bull na sprzeda\u017c w Wielkiej Brytanii, Europie, AU. oferujemy najbardziej niezawodn\u0105 transakcj\u0119 i sprzedajemy po bardzo przyst\u0119pnych cenach. Zam\u00f3w teraz s\u00f3l do k\u0105pieli No Bull w najlepszych cenach\" \/>\n<meta property=\"og:url\" content=\"https:\/\/medicinasinc.com\/pl\/product\/nie-kupuj-soli-do-kapieli\/\" \/>\n<meta property=\"og:site_name\" content=\"Medicinas Inc\" \/>\n<meta property=\"article:modified_time\" content=\"2022-03-22T00:49:18+00:00\" \/>\n<meta property=\"og:image\" content=\"https:\/\/medicinasinc.com\/pl\/wp-content\/uploads\/sites\/13\/2022\/02\/Buy-No-Bull-Bath-Salt.jpg\" \/>\n\t<meta property=\"og:image:width\" content=\"600\" \/>\n\t<meta property=\"og:image:height\" content=\"600\" \/>\n\t<meta property=\"og:image:type\" content=\"image\/jpeg\" \/>\n<meta name=\"twitter:card\" content=\"summary_large_image\" \/>\n<meta name=\"twitter:label1\" content=\"Est. reading time\" \/>\n\t<meta name=\"twitter:data1\" content=\"2 minutes\" \/>\n<script type=\"application\/ld+json\" class=\"yoast-schema-graph\">{\"@context\":\"https:\\\/\\\/schema.org\",\"@graph\":[{\"@type\":\"WebPage\",\"@id\":\"https:\\\/\\\/medicinasinc.com\\\/pl\\\/product\\\/nie-kupuj-soli-do-kapieli\\\/\",\"url\":\"https:\\\/\\\/medicinasinc.com\\\/pl\\\/product\\\/nie-kupuj-soli-do-kapieli\\\/\",\"name\":\"Kup s\u00f3l do k\u0105pieli No Bull - S\u00f3l do k\u0105pieli No Bull Online - Najlepsze leki na \u015bwiecie\",\"isPartOf\":{\"@id\":\"https:\\\/\\\/medicinasinc.com\\\/pl\\\/#website\"},\"primaryImageOfPage\":{\"@id\":\"https:\\\/\\\/medicinasinc.com\\\/pl\\\/product\\\/nie-kupuj-soli-do-kapieli\\\/#primaryimage\"},\"image\":{\"@id\":\"https:\\\/\\\/medicinasinc.com\\\/pl\\\/product\\\/nie-kupuj-soli-do-kapieli\\\/#primaryimage\"},\"thumbnailUrl\":\"https:\\\/\\\/medicinasinc.com\\\/pl\\\/wp-content\\\/uploads\\\/sites\\\/13\\\/2022\\\/02\\\/Buy-No-Bull-Bath-Salt.jpg\",\"datePublished\":\"2022-02-22T04:07:27+00:00\",\"dateModified\":\"2022-03-22T00:49:18+00:00\",\"description\":\"Kup s\u00f3l do k\u0105pieli No Bull na sprzeda\u017c w Wielkiej Brytanii, Europie, AU. oferujemy najbardziej niezawodn\u0105 transakcj\u0119 i sprzedajemy po bardzo przyst\u0119pnych cenach. Zam\u00f3w teraz s\u00f3l do k\u0105pieli No Bull w najlepszych cenach\",\"breadcrumb\":{\"@id\":\"https:\\\/\\\/medicinasinc.com\\\/pl\\\/product\\\/nie-kupuj-soli-do-kapieli\\\/#breadcrumb\"},\"inLanguage\":\"en-US\",\"potentialAction\":[{\"@type\":\"ReadAction\",\"target\":[\"https:\\\/\\\/medicinasinc.com\\\/pl\\\/product\\\/nie-kupuj-soli-do-kapieli\\\/\"]}]},{\"@type\":\"ImageObject\",\"inLanguage\":\"en-US\",\"@id\":\"https:\\\/\\\/medicinasinc.com\\\/pl\\\/product\\\/nie-kupuj-soli-do-kapieli\\\/#primaryimage\",\"url\":\"https:\\\/\\\/medicinasinc.com\\\/pl\\\/wp-content\\\/uploads\\\/sites\\\/13\\\/2022\\\/02\\\/Buy-No-Bull-Bath-Salt.jpg\",\"contentUrl\":\"https:\\\/\\\/medicinasinc.com\\\/pl\\\/wp-content\\\/uploads\\\/sites\\\/13\\\/2022\\\/02\\\/Buy-No-Bull-Bath-Salt.jpg\",\"width\":600,\"height\":600},{\"@type\":\"BreadcrumbList\",\"@id\":\"https:\\\/\\\/medicinasinc.com\\\/pl\\\/product\\\/nie-kupuj-soli-do-kapieli\\\/#breadcrumb\",\"itemListElement\":[{\"@type\":\"ListItem\",\"position\":1,\"name\":\"Sklep\",\"item\":\"https:\\\/\\\/medicinasinc.com\\\/pl\\\/sklep\\\/\"},{\"@type\":\"ListItem\",\"position\":2,\"name\":\"Kup s\u00f3l do k\u0105pieli bez byka\"}]},{\"@type\":\"WebSite\",\"@id\":\"https:\\\/\\\/medicinasinc.com\\\/pl\\\/#website\",\"url\":\"https:\\\/\\\/medicinasinc.com\\\/pl\\\/\",\"name\":\"Medicinas Inc\",\"description\":\"Health Medical Clinic\",\"potentialAction\":[{\"@type\":\"SearchAction\",\"target\":{\"@type\":\"EntryPoint\",\"urlTemplate\":\"https:\\\/\\\/medicinasinc.com\\\/pl\\\/?s={search_term_string}\"},\"query-input\":{\"@type\":\"PropertyValueSpecification\",\"valueRequired\":true,\"valueName\":\"search_term_string\"}}],\"inLanguage\":\"en-US\"}]}<\/script>\n<!-- \/ Yoast SEO plugin. -->","yoast_head_json":{"title":"Kup s\u00f3l do k\u0105pieli No Bull - S\u00f3l do k\u0105pieli No Bull Online - Najlepsze leki na \u015bwiecie","description":"Kup s\u00f3l do k\u0105pieli No Bull na sprzeda\u017c w Wielkiej Brytanii, Europie, AU. oferujemy najbardziej niezawodn\u0105 transakcj\u0119 i sprzedajemy po bardzo przyst\u0119pnych cenach. Zam\u00f3w teraz s\u00f3l do k\u0105pieli No Bull w najlepszych cenach","robots":{"index":"index","follow":"follow","max-snippet":"max-snippet:-1","max-image-preview":"max-image-preview:large","max-video-preview":"max-video-preview:-1"},"canonical":"https:\/\/medicinasinc.com\/pl\/product\/nie-kupuj-soli-do-kapieli\/","og_locale":"en_US","og_type":"article","og_title":"Kup s\u00f3l do k\u0105pieli No Bull - S\u00f3l do k\u0105pieli No Bull Online - Najlepsze leki na \u015bwiecie","og_description":"Kup s\u00f3l do k\u0105pieli No Bull na sprzeda\u017c w Wielkiej Brytanii, Europie, AU. oferujemy najbardziej niezawodn\u0105 transakcj\u0119 i sprzedajemy po bardzo przyst\u0119pnych cenach. Zam\u00f3w teraz s\u00f3l do k\u0105pieli No Bull w najlepszych cenach","og_url":"https:\/\/medicinasinc.com\/pl\/product\/nie-kupuj-soli-do-kapieli\/","og_site_name":"Medicinas Inc","article_modified_time":"2022-03-22T00:49:18+00:00","og_image":[{"width":600,"height":600,"url":"https:\/\/medicinasinc.com\/pl\/wp-content\/uploads\/sites\/13\/2022\/02\/Buy-No-Bull-Bath-Salt.jpg","type":"image\/jpeg"}],"twitter_card":"summary_large_image","twitter_misc":{"Est. reading time":"2 minutes"},"schema":{"@context":"https:\/\/schema.org","@graph":[{"@type":"WebPage","@id":"https:\/\/medicinasinc.com\/pl\/product\/nie-kupuj-soli-do-kapieli\/","url":"https:\/\/medicinasinc.com\/pl\/product\/nie-kupuj-soli-do-kapieli\/","name":"Kup s\u00f3l do k\u0105pieli No Bull - S\u00f3l do k\u0105pieli No Bull Online - Najlepsze leki na \u015bwiecie","isPartOf":{"@id":"https:\/\/medicinasinc.com\/pl\/#website"},"primaryImageOfPage":{"@id":"https:\/\/medicinasinc.com\/pl\/product\/nie-kupuj-soli-do-kapieli\/#primaryimage"},"image":{"@id":"https:\/\/medicinasinc.com\/pl\/product\/nie-kupuj-soli-do-kapieli\/#primaryimage"},"thumbnailUrl":"https:\/\/medicinasinc.com\/pl\/wp-content\/uploads\/sites\/13\/2022\/02\/Buy-No-Bull-Bath-Salt.jpg","datePublished":"2022-02-22T04:07:27+00:00","dateModified":"2022-03-22T00:49:18+00:00","description":"Kup s\u00f3l do k\u0105pieli No Bull na sprzeda\u017c w Wielkiej Brytanii, Europie, AU. oferujemy najbardziej niezawodn\u0105 transakcj\u0119 i sprzedajemy po bardzo przyst\u0119pnych cenach. Zam\u00f3w teraz s\u00f3l do k\u0105pieli No Bull w najlepszych cenach","breadcrumb":{"@id":"https:\/\/medicinasinc.com\/pl\/product\/nie-kupuj-soli-do-kapieli\/#breadcrumb"},"inLanguage":"en-US","potentialAction":[{"@type":"ReadAction","target":["https:\/\/medicinasinc.com\/pl\/product\/nie-kupuj-soli-do-kapieli\/"]}]},{"@type":"ImageObject","inLanguage":"en-US","@id":"https:\/\/medicinasinc.com\/pl\/product\/nie-kupuj-soli-do-kapieli\/#primaryimage","url":"https:\/\/medicinasinc.com\/pl\/wp-content\/uploads\/sites\/13\/2022\/02\/Buy-No-Bull-Bath-Salt.jpg","contentUrl":"https:\/\/medicinasinc.com\/pl\/wp-content\/uploads\/sites\/13\/2022\/02\/Buy-No-Bull-Bath-Salt.jpg","width":600,"height":600},{"@type":"BreadcrumbList","@id":"https:\/\/medicinasinc.com\/pl\/product\/nie-kupuj-soli-do-kapieli\/#breadcrumb","itemListElement":[{"@type":"ListItem","position":1,"name":"Sklep","item":"https:\/\/medicinasinc.com\/pl\/sklep\/"},{"@type":"ListItem","position":2,"name":"Kup s\u00f3l do k\u0105pieli bez byka"}]},{"@type":"WebSite","@id":"https:\/\/medicinasinc.com\/pl\/#website","url":"https:\/\/medicinasinc.com\/pl\/","name":"Medicinas Inc","description":"Health Medical Clinic","potentialAction":[{"@type":"SearchAction","target":{"@type":"EntryPoint","urlTemplate":"https:\/\/medicinasinc.com\/pl\/?s={search_term_string}"},"query-input":{"@type":"PropertyValueSpecification","valueRequired":true,"valueName":"search_term_string"}}],"inLanguage":"en-US"}]}},"_links":{"self":[{"href":"https:\/\/medicinasinc.com\/pl\/wp-json\/wp\/v2\/product\/5682","targetHints":{"allow":["GET"]}}],"collection":[{"href":"https:\/\/medicinasinc.com\/pl\/wp-json\/wp\/v2\/product"}],"about":[{"href":"https:\/\/medicinasinc.com\/pl\/wp-json\/wp\/v2\/types\/product"}],"replies":[{"embeddable":true,"href":"https:\/\/medicinasinc.com\/pl\/wp-json\/wp\/v2\/comments?post=5682"}],"wp:featuredmedia":[{"embeddable":true,"href":"https:\/\/medicinasinc.com\/pl\/wp-json\/wp\/v2\/media\/5693"}],"wp:attachment":[{"href":"https:\/\/medicinasinc.com\/pl\/wp-json\/wp\/v2\/media?parent=5682"}],"wp:term":[{"taxonomy":"product_brand","embeddable":true,"href":"https:\/\/medicinasinc.com\/pl\/wp-json\/wp\/v2\/product_brand?post=5682"},{"taxonomy":"product_cat","embeddable":true,"href":"https:\/\/medicinasinc.com\/pl\/wp-json\/wp\/v2\/product_cat?post=5682"},{"taxonomy":"product_tag","embeddable":true,"href":"https:\/\/medicinasinc.com\/pl\/wp-json\/wp\/v2\/product_tag?post=5682"}],"curies":[{"name":"wp","href":"https:\/\/api.w.org\/{rel}","templated":true}]}}