{"id":5677,"date":"2022-02-22T04:00:21","date_gmt":"2022-02-22T04:00:21","guid":{"rendered":"https:\/\/medicinasinc.com\/pl\/?post_type=product&#038;p=5677"},"modified":"2022-03-22T00:49:26","modified_gmt":"2022-03-22T00:49:26","slug":"kup-metoksetamine","status":"publish","type":"product","link":"https:\/\/medicinasinc.com\/pl\/product\/kup-metoksetamine\/","title":{"rendered":"Kup Metoksetamin\u0119"},"content":{"rendered":"<p>Metoksetamina MXE na sprzeda\u017c w Internecie<\/p>\n<p>Czy wiesz, co to jest?<\/p>\n<p>Halucynogen dysocjacyjny. Metoksetamina MXE Online, w skr\u00f3cie MXE, by\u0142a sprzedawana jako designerski lek. Na rynek farmaceutyczny stworzono dysocjacje, takie jak ketamina i fencyklidyna (PCP), kt\u00f3re mia\u0142y by\u0107 stosowane w medycynie jako \u015brodki znieczulaj\u0105ce. Metoksetamin\u0119 mo\u017cna kupi\u0107 online lub u lokalnych dostawc\u00f3w. Na sprzeda\u017c jest proszek Metoksetaminy MXE, kt\u00f3ry mo\u017cna kupi\u0107 za nisk\u0105 cen\u0119 lub kupi\u0107 luzem za wy\u017csz\u0105 cen\u0119.<\/p>\n<p>Metoksetamina (MXE), halucynogen i \u015brodek znieczulaj\u0105cy, kt\u00f3ry dzia\u0142a jako antagonista receptora NMDA , jest powi\u0105zany z lekiem weterynaryjnym ketamin\u0105. Uwa\u017ca si\u0119, \u017ce dzia\u0142anie metoksetaminy jest silniejsze i trwalsze ni\u017c dzia\u0142anie ketaminy, co czyni j\u0105 idealn\u0105 opcj\u0105 dla student\u00f3w podejmuj\u0105cych badania nad t\u0105 substancj\u0105. Metoksetamina jest dost\u0119pna w BAC wy\u0142\u0105cznie do cel\u00f3w badawczych. MXE Metoksetamina w Internecie bez recepty<\/p>\n<p>Metoksetamina jest popularnym narkotykiem i wiele os\u00f3b szuka sposob\u00f3w na zdobycie jej bez wychodzenia z domu. W rezultacie wymagaj\u0105 mo\u017cliwie najprostszych opcji p\u0142atno\u015bci i dostawy. Martwi\u0105 si\u0119 jednak g\u0142\u00f3wnie o pozostanie niewykrytym. Mo\u017cesz jednak kupi\u0107 metoksetamin\u0119 anonimowo i bezpiecznie tutaj, wysy\u0142aj\u0105c pieni\u0105dze kart\u0105 kredytow\u0105. Wysy\u0142anie pieni\u0119dzy za pomoc\u0105 Western Union lub Money Gram to prosty spos\u00f3b na osi\u0105gni\u0119cie tego celu. Mo\u017cemy jednak chcie\u0107 spojrze\u0107 na dyskrecj\u0119. W rezultacie wierzymy, \u017ce Bitcoin jest idealnym \u015brodkiem p\u0142atniczym. \u015amia\u0142o i z\u0142\u00f3\u017c zam\u00f3wienie teraz, a po zako\u0144czeniu wy\u015blij nam potwierdzenie.<\/p>\n<p>Metoksetamina MXE na sprzeda\u017c w Internecie<\/p>\n<p>Jako renomowany dostawca chemikali\u00f3w badawczych i farmaceutyk\u00f3w, nasz sklep chemiczny jest wysy\u0142any do prawie ka\u017cdego kraju na \u015bwiecie. Dla wygody naszych klient\u00f3w zabieramy r\u00f3wnie\u017c bitcoiny i karty podarunkowe. Poni\u017cej wymieniono kilka z naszych najpopularniejszych produkt\u00f3w.<\/p>\n<p>Proszek MXE na rynku na sprzeda\u017c<br \/> Kup 25 I-NBOMe online.<br \/> Kryszta\u0142y A-PVP mo\u017cna kupi\u0107<br \/> Actavis prometazyna z kodein\u0105 32 uncje jest dost\u0119pna w sprzeda\u017cy.<br \/> AB-PINACA mo\u017cna kupi\u0107 online.<br \/> Adderall online bez recepty<br \/> Kup AK-B48<br \/> Kup amfetamin\u0119 w proszku.<br \/> Wyprzeda\u017c kryszta\u0142\u00f3w butylonu<\/p>\n","protected":false},"excerpt":{"rendered":"<p>Kup Metoksetamin\u0119 MXE na sprzeda\u017c w Wielkiej Brytanii, Europie, Australii. oferujemy najbardziej niezawodn\u0105 transakcj\u0119 i sprzedajemy po bardzo przyst\u0119pnych cenach. Zam\u00f3w teraz Metoksetamin\u0119 MXE w najlepszych cenach<\/p>\n<p>Ludzie mog\u0105 kupi\u0107 Metoksetamin\u0119 MXE na sprzeda\u017c w Wielkiej Brytanii. Osoby, kt\u00f3re kupuj\u0105 u nas maj\u0105 pewno\u015b\u0107, \u017ce dostan\u0105 to, za co zap\u0142ac\u0105. Metoksetamin\u0119 MXE mo\u017cna teraz kupi\u0107 w najlepszych cenach.<\/p>\n<p>Kup Metoksetamin\u0119 online, zam\u00f3w najlepsz\u0105 dostaw\u0119 w 99 procentach czystego MXE przez noc i dowiedz si\u0119, gdzie mo\u017cna kupi\u0107 metoksetamin\u0119 za pomoc\u0105 karty kredytowej. Cena MXE.<\/p>\n<p>Metoksetamina jest lekiem stosowanym w leczeniu b\u00f3lu. Halucynogen zwany Metoksetamin\u0105 MXE, lub w skr\u00f3cie MXE, zosta\u0142 sprzedany jako \u201elek do projektowania\u201d.<\/p>\n","protected":false},"featured_media":5687,"comment_status":"open","ping_status":"closed","template":"","meta":[],"product_brand":[],"product_cat":[2014],"product_tag":[3283,3527,3528,3532,3547,3546,3530,3545,3525,3526,3529,3531,3538,3533,3534,3535,3537,3539,3540,3536,3541,3542,3524,3544,3543],"class_list":{"0":"post-5677","1":"product","2":"type-product","3":"status-publish","4":"has-post-thumbnail","6":"product_cat-kup-badania-chemikalia","7":"product_tag-best-place-to-buy-mxe","8":"product_tag-buy-methoxetamine-online","9":"product_tag-buy-mxe-1g","10":"product_tag-buy-research-chemicals-methoxetamine","11":"product_tag-gdzie-kupi-mxe-online","12":"product_tag-gdzie-mog-kupi-mxe","13":"product_tag-kup-mxe-badania-chemiczne","14":"product_tag-zakup-metoksetamina","15":"product_tag-kup-metoksetamin","16":"product_tag-kup-metoksetamin-mxe-online","17":"product_tag-kup-mxe-online","18":"product_tag-kup-mxe-stany-stanowe","19":"product_tag-mxe-drug-na-sprzeda","20":"product_tag-methoxetamine-for-sale","21":"product_tag-metoksetamina-online","22":"product_tag-mxe","23":"product_tag-mxe-buy-online","24":"product_tag-mxe-drug-info","25":"product_tag-mxe-for-sale","26":"product_tag-mxe-kup","27":"product_tag-mxe-metoksetamina","28":"product_tag-mxe-metoksetamina-eroid","29":"product_tag-najlepszy-mxe-dostawca","30":"product_tag-order-methoxetamine-online","31":"product_tag-mxe-dostawca","33":"first","34":"instock","35":"shipping-taxable","36":"purchasable","37":"product-type-variable","38":"has-default-attributes"},"yoast_head":"<!-- This site is optimized with the Yoast SEO plugin v27.3 - https:\/\/yoast.com\/product\/yoast-seo-wordpress\/ -->\n<title>Kup Metoksetamin\u0119 - Metoksetamin\u0119 - Najlepsze globalne leki<\/title>\n<meta name=\"description\" content=\"Kup Metoksetamin\u0119 MXE na sprzeda\u017c w Wielkiej Brytanii, Europie, AU. oferujemy najbardziej niezawodn\u0105 transakcj\u0119 i sprzedajemy po bardzo przyst\u0119pnych cenach. Zam\u00f3w teraz Metoksetamin\u0119 MXE w najlepszych cenach\" \/>\n<meta name=\"robots\" content=\"index, follow, max-snippet:-1, max-image-preview:large, max-video-preview:-1\" \/>\n<link rel=\"canonical\" href=\"https:\/\/medicinasinc.com\/pl\/product\/kup-metoksetamine\/\" \/>\n<meta property=\"og:locale\" content=\"en_US\" \/>\n<meta property=\"og:type\" content=\"article\" \/>\n<meta property=\"og:title\" content=\"Kup Metoksetamin\u0119 - Metoksetamin\u0119 - Najlepsze globalne leki\" \/>\n<meta property=\"og:description\" content=\"Kup Metoksetamin\u0119 MXE na sprzeda\u017c w Wielkiej Brytanii, Europie, AU. oferujemy najbardziej niezawodn\u0105 transakcj\u0119 i sprzedajemy po bardzo przyst\u0119pnych cenach. Zam\u00f3w teraz Metoksetamin\u0119 MXE w najlepszych cenach\" \/>\n<meta property=\"og:url\" content=\"https:\/\/medicinasinc.com\/pl\/product\/kup-metoksetamine\/\" \/>\n<meta property=\"og:site_name\" content=\"Medicinas Inc\" \/>\n<meta property=\"article:modified_time\" content=\"2022-03-22T00:49:26+00:00\" \/>\n<meta property=\"og:image\" content=\"https:\/\/medicinasinc.com\/pl\/wp-content\/uploads\/sites\/13\/2022\/02\/Buy-Methoxetamine.webp\" \/>\n\t<meta property=\"og:image:width\" content=\"750\" \/>\n\t<meta property=\"og:image:height\" content=\"461\" \/>\n\t<meta property=\"og:image:type\" content=\"image\/webp\" \/>\n<meta name=\"twitter:card\" content=\"summary_large_image\" \/>\n<meta name=\"twitter:label1\" content=\"Est. reading time\" \/>\n\t<meta name=\"twitter:data1\" content=\"2 minutes\" \/>\n<script type=\"application\/ld+json\" class=\"yoast-schema-graph\">{\"@context\":\"https:\\\/\\\/schema.org\",\"@graph\":[{\"@type\":\"WebPage\",\"@id\":\"https:\\\/\\\/medicinasinc.com\\\/pl\\\/product\\\/kup-metoksetamine\\\/\",\"url\":\"https:\\\/\\\/medicinasinc.com\\\/pl\\\/product\\\/kup-metoksetamine\\\/\",\"name\":\"Kup Metoksetamin\u0119 - Metoksetamin\u0119 - Najlepsze globalne leki\",\"isPartOf\":{\"@id\":\"https:\\\/\\\/medicinasinc.com\\\/pl\\\/#website\"},\"primaryImageOfPage\":{\"@id\":\"https:\\\/\\\/medicinasinc.com\\\/pl\\\/product\\\/kup-metoksetamine\\\/#primaryimage\"},\"image\":{\"@id\":\"https:\\\/\\\/medicinasinc.com\\\/pl\\\/product\\\/kup-metoksetamine\\\/#primaryimage\"},\"thumbnailUrl\":\"https:\\\/\\\/medicinasinc.com\\\/pl\\\/wp-content\\\/uploads\\\/sites\\\/13\\\/2022\\\/02\\\/Buy-Methoxetamine.webp\",\"datePublished\":\"2022-02-22T04:00:21+00:00\",\"dateModified\":\"2022-03-22T00:49:26+00:00\",\"description\":\"Kup Metoksetamin\u0119 MXE na sprzeda\u017c w Wielkiej Brytanii, Europie, AU. oferujemy najbardziej niezawodn\u0105 transakcj\u0119 i sprzedajemy po bardzo przyst\u0119pnych cenach. Zam\u00f3w teraz Metoksetamin\u0119 MXE w najlepszych cenach\",\"breadcrumb\":{\"@id\":\"https:\\\/\\\/medicinasinc.com\\\/pl\\\/product\\\/kup-metoksetamine\\\/#breadcrumb\"},\"inLanguage\":\"en-US\",\"potentialAction\":[{\"@type\":\"ReadAction\",\"target\":[\"https:\\\/\\\/medicinasinc.com\\\/pl\\\/product\\\/kup-metoksetamine\\\/\"]}]},{\"@type\":\"ImageObject\",\"inLanguage\":\"en-US\",\"@id\":\"https:\\\/\\\/medicinasinc.com\\\/pl\\\/product\\\/kup-metoksetamine\\\/#primaryimage\",\"url\":\"https:\\\/\\\/medicinasinc.com\\\/pl\\\/wp-content\\\/uploads\\\/sites\\\/13\\\/2022\\\/02\\\/Buy-Methoxetamine.webp\",\"contentUrl\":\"https:\\\/\\\/medicinasinc.com\\\/pl\\\/wp-content\\\/uploads\\\/sites\\\/13\\\/2022\\\/02\\\/Buy-Methoxetamine.webp\",\"width\":750,\"height\":461},{\"@type\":\"BreadcrumbList\",\"@id\":\"https:\\\/\\\/medicinasinc.com\\\/pl\\\/product\\\/kup-metoksetamine\\\/#breadcrumb\",\"itemListElement\":[{\"@type\":\"ListItem\",\"position\":1,\"name\":\"Sklep\",\"item\":\"https:\\\/\\\/medicinasinc.com\\\/pl\\\/sklep\\\/\"},{\"@type\":\"ListItem\",\"position\":2,\"name\":\"Kup Metoksetamin\u0119\"}]},{\"@type\":\"WebSite\",\"@id\":\"https:\\\/\\\/medicinasinc.com\\\/pl\\\/#website\",\"url\":\"https:\\\/\\\/medicinasinc.com\\\/pl\\\/\",\"name\":\"Medicinas Inc\",\"description\":\"Health Medical Clinic\",\"potentialAction\":[{\"@type\":\"SearchAction\",\"target\":{\"@type\":\"EntryPoint\",\"urlTemplate\":\"https:\\\/\\\/medicinasinc.com\\\/pl\\\/?s={search_term_string}\"},\"query-input\":{\"@type\":\"PropertyValueSpecification\",\"valueRequired\":true,\"valueName\":\"search_term_string\"}}],\"inLanguage\":\"en-US\"}]}<\/script>\n<!-- \/ Yoast SEO plugin. -->","yoast_head_json":{"title":"Kup Metoksetamin\u0119 - Metoksetamin\u0119 - Najlepsze globalne leki","description":"Kup Metoksetamin\u0119 MXE na sprzeda\u017c w Wielkiej Brytanii, Europie, AU. oferujemy najbardziej niezawodn\u0105 transakcj\u0119 i sprzedajemy po bardzo przyst\u0119pnych cenach. Zam\u00f3w teraz Metoksetamin\u0119 MXE w najlepszych cenach","robots":{"index":"index","follow":"follow","max-snippet":"max-snippet:-1","max-image-preview":"max-image-preview:large","max-video-preview":"max-video-preview:-1"},"canonical":"https:\/\/medicinasinc.com\/pl\/product\/kup-metoksetamine\/","og_locale":"en_US","og_type":"article","og_title":"Kup Metoksetamin\u0119 - Metoksetamin\u0119 - Najlepsze globalne leki","og_description":"Kup Metoksetamin\u0119 MXE na sprzeda\u017c w Wielkiej Brytanii, Europie, AU. oferujemy najbardziej niezawodn\u0105 transakcj\u0119 i sprzedajemy po bardzo przyst\u0119pnych cenach. Zam\u00f3w teraz Metoksetamin\u0119 MXE w najlepszych cenach","og_url":"https:\/\/medicinasinc.com\/pl\/product\/kup-metoksetamine\/","og_site_name":"Medicinas Inc","article_modified_time":"2022-03-22T00:49:26+00:00","og_image":[{"width":750,"height":461,"url":"https:\/\/medicinasinc.com\/pl\/wp-content\/uploads\/sites\/13\/2022\/02\/Buy-Methoxetamine.webp","type":"image\/webp"}],"twitter_card":"summary_large_image","twitter_misc":{"Est. reading time":"2 minutes"},"schema":{"@context":"https:\/\/schema.org","@graph":[{"@type":"WebPage","@id":"https:\/\/medicinasinc.com\/pl\/product\/kup-metoksetamine\/","url":"https:\/\/medicinasinc.com\/pl\/product\/kup-metoksetamine\/","name":"Kup Metoksetamin\u0119 - Metoksetamin\u0119 - Najlepsze globalne leki","isPartOf":{"@id":"https:\/\/medicinasinc.com\/pl\/#website"},"primaryImageOfPage":{"@id":"https:\/\/medicinasinc.com\/pl\/product\/kup-metoksetamine\/#primaryimage"},"image":{"@id":"https:\/\/medicinasinc.com\/pl\/product\/kup-metoksetamine\/#primaryimage"},"thumbnailUrl":"https:\/\/medicinasinc.com\/pl\/wp-content\/uploads\/sites\/13\/2022\/02\/Buy-Methoxetamine.webp","datePublished":"2022-02-22T04:00:21+00:00","dateModified":"2022-03-22T00:49:26+00:00","description":"Kup Metoksetamin\u0119 MXE na sprzeda\u017c w Wielkiej Brytanii, Europie, AU. oferujemy najbardziej niezawodn\u0105 transakcj\u0119 i sprzedajemy po bardzo przyst\u0119pnych cenach. Zam\u00f3w teraz Metoksetamin\u0119 MXE w najlepszych cenach","breadcrumb":{"@id":"https:\/\/medicinasinc.com\/pl\/product\/kup-metoksetamine\/#breadcrumb"},"inLanguage":"en-US","potentialAction":[{"@type":"ReadAction","target":["https:\/\/medicinasinc.com\/pl\/product\/kup-metoksetamine\/"]}]},{"@type":"ImageObject","inLanguage":"en-US","@id":"https:\/\/medicinasinc.com\/pl\/product\/kup-metoksetamine\/#primaryimage","url":"https:\/\/medicinasinc.com\/pl\/wp-content\/uploads\/sites\/13\/2022\/02\/Buy-Methoxetamine.webp","contentUrl":"https:\/\/medicinasinc.com\/pl\/wp-content\/uploads\/sites\/13\/2022\/02\/Buy-Methoxetamine.webp","width":750,"height":461},{"@type":"BreadcrumbList","@id":"https:\/\/medicinasinc.com\/pl\/product\/kup-metoksetamine\/#breadcrumb","itemListElement":[{"@type":"ListItem","position":1,"name":"Sklep","item":"https:\/\/medicinasinc.com\/pl\/sklep\/"},{"@type":"ListItem","position":2,"name":"Kup Metoksetamin\u0119"}]},{"@type":"WebSite","@id":"https:\/\/medicinasinc.com\/pl\/#website","url":"https:\/\/medicinasinc.com\/pl\/","name":"Medicinas Inc","description":"Health Medical Clinic","potentialAction":[{"@type":"SearchAction","target":{"@type":"EntryPoint","urlTemplate":"https:\/\/medicinasinc.com\/pl\/?s={search_term_string}"},"query-input":{"@type":"PropertyValueSpecification","valueRequired":true,"valueName":"search_term_string"}}],"inLanguage":"en-US"}]}},"_links":{"self":[{"href":"https:\/\/medicinasinc.com\/pl\/wp-json\/wp\/v2\/product\/5677","targetHints":{"allow":["GET"]}}],"collection":[{"href":"https:\/\/medicinasinc.com\/pl\/wp-json\/wp\/v2\/product"}],"about":[{"href":"https:\/\/medicinasinc.com\/pl\/wp-json\/wp\/v2\/types\/product"}],"replies":[{"embeddable":true,"href":"https:\/\/medicinasinc.com\/pl\/wp-json\/wp\/v2\/comments?post=5677"}],"wp:featuredmedia":[{"embeddable":true,"href":"https:\/\/medicinasinc.com\/pl\/wp-json\/wp\/v2\/media\/5687"}],"wp:attachment":[{"href":"https:\/\/medicinasinc.com\/pl\/wp-json\/wp\/v2\/media?parent=5677"}],"wp:term":[{"taxonomy":"product_brand","embeddable":true,"href":"https:\/\/medicinasinc.com\/pl\/wp-json\/wp\/v2\/product_brand?post=5677"},{"taxonomy":"product_cat","embeddable":true,"href":"https:\/\/medicinasinc.com\/pl\/wp-json\/wp\/v2\/product_cat?post=5677"},{"taxonomy":"product_tag","embeddable":true,"href":"https:\/\/medicinasinc.com\/pl\/wp-json\/wp\/v2\/product_tag?post=5677"}],"curies":[{"name":"wp","href":"https:\/\/api.w.org\/{rel}","templated":true}]}}