{"id":5673,"date":"2022-02-22T03:54:58","date_gmt":"2022-02-22T03:54:58","guid":{"rendered":"https:\/\/medicinasinc.com\/pl\/?post_type=product&#038;p=5673"},"modified":"2022-03-22T00:49:37","modified_gmt":"2022-03-22T00:49:37","slug":"kup-alprox-2mg-pigulki-xanax","status":"publish","type":"product","link":"https:\/\/medicinasinc.com\/pl\/product\/kup-alprox-2mg-pigulki-xanax\/","title":{"rendered":"Kup tabletki Alprox 2 mg (Xanax)"},"content":{"rendered":"<p>Osoby, kt\u00f3re chc\u0105 kupi\u0107 tani 2mg XANAX online, powinny ich szuka\u0107. Zam\u00f3w 2 mg XANAX od Global Home Med za nisk\u0105 cen\u0119 i dostarcz go prosto do domu!<\/p>\n<p>Alprazolam mo\u017cna kupi\u0107 w Wielkiej Brytanii, wi\u0119c mo\u017cesz to zrobi\u0107 Marka Xanax o nazwie Alprazolam ma 2 mg narkotyk w nim. W Wielkiej Brytanii skuteczniejsze jest przyjmowanie tabletki 2 mg tego dobrego leku przeciwl\u0119kowego.<\/p>\n<p>Osoby, kt\u00f3re chc\u0105 kupi\u0107 Xanax, mog\u0105 kupi\u0107 go online. Sprzedam batony Xanax \u2013 Kup xanax 2mg online \u2013 kup xanax 1mg online \u2013<\/p>\n<p>Xanax mo\u017ce sprawi\u0107, \u017ce poczujesz si\u0119 senny i spokojny, dzi\u0119ki czemu poczujesz si\u0119 zrelaksowany i swobodny.<\/p>\n<p>Kup Xanax 2mg w Wielka Brytania. Zam\u00f3w Xanax Overnight w spos\u00f3b, kt\u00f3ry ma sens. Wybredny Wilburn detonuje swoj\u0105 ofert\u0119 sublimacji Buying Xanax Online Reddit.<\/p>\n<p>Ludzie mog\u0105 kupi\u0107 tanio Xanax bez za\u015bwiadczenia lekarskiego. Kupuj\u0105c zoloft przez Internet, mo\u017cesz go znale\u017a\u0107 w najlepszych aptekach internetowych. Mo\u017cesz tak\u017ce kupi\u0107 tanie xanax i phentermine online. Na tym zdj\u0119ciu wida\u0107 generyczne batony Xanax 2 mg, kt\u00f3re wygl\u0105daj\u0105 jak prawdziwe.<\/p>\n<p>W leczeniu zaburze\u0144 paniki i l\u0119ku nale\u017cy kupi\u0107 Xanax 2 mg Alprazolam 0,5 mg, 1 mg lub 2 mg Tablet. Ludzie, kt\u00f3rzy boj\u0105 si\u0119 i s\u0105 zestresowani, mog\u0105 by\u0107 bardzo przestraszeni i zestresowani. Najlepiej zacz\u0105\u0107 od ma\u0142ej ilo\u015bci, a nast\u0119pnie stopniowo j\u0105 zwi\u0119ksza\u0107. Nie nale\u017cy od razu przerywa\u0107 przyjmowania tego leku, poniewa\u017c mo\u017ce on powodowa\u0107 objawy odstawienia, takie jak drgawki, agresywne zachowanie, niewyra\u017ane widzenie i inne, na przyk\u0142ad po zaprzestaniu jego przyjmowania.<\/p>\n<p>Przyjmuj tabletk\u0119 Alprazolam 0,5 MG z lub bez jedzenie, ale nie jedz niczego przed jego spo\u017cyciem. Nie nale\u017cy przyjmowa\u0107 wi\u0119cej ni\u017c zaleci\u0142 lekarz. Je\u015bli masz jakiekolwiek z\u0142e skutki uboczne, skontaktuj si\u0119 z lekarzem. Przed przerwaniem przyjmowania leku nale\u017cy porozmawia\u0107 z lekarzem, poniewa\u017c mo\u017ce to spowodowa\u0107 z\u0142e samopoczucie.<\/p>\n<p>Spos\u00f3b dzia\u0142ania<br \/> Ten lek wi\u0105\u017ce si\u0119 z kana\u0142ami chlorkowymi i umo\u017cliwia przep\u0142yw jon\u00f3w chlorkowych w. Powoduje to, \u017ce b\u0142ona neuronu staje si\u0119 bardziej stabilna i hiperpolaryzowana, co powstrzymuje kom\u00f3rk\u0119 przed wi\u0119kszym podnieceniem.<\/p>\n","protected":false},"excerpt":{"rendered":"<p>Kup tabletki Alprox xanax 2 mg na sprzeda\u017c w Wielkiej Brytanii, Europie. kup Alprox online, kup xanax online, kup online alprox, kup xanax, Alprox 2mg, gdzie mog\u0119 kupi\u0107 alprox online.<\/p>\n<p>W Internecie mo\u017cesz kupi\u0107 tabletki Alprox 2mg na sprzeda\u017c w niskiej cenie (Xanax). W takim przypadku mo\u017cesz pobra\u0107 Alprox online. Mo\u017cesz r\u00f3wnie\u017c pobra\u0107 go online, kupi\u0107 Alprox online, kupi\u0107 xanax online i dowiedzie\u0107 si\u0119, sk\u0105d mo\u017cesz go uzyska\u0107.<\/p>\n<p>Mo\u017cesz kupi\u0107 tabletki Alprazolam Xanax 2 mg w naszym globalnym sklepie z lekami i szybko je dostarczy\u0107. do dowolnego kraju na \u015bwiecie! Tutaj znajdziesz najlepszy Alprazolam 2 MG Tablet, jaki mo\u017cesz kupi\u0107.<\/p>\n<p>Kup Xanax 2 MG Tablet jest stosowany w leczeniu zaburze\u0144 paniki i l\u0119ku, takich jak nag\u0142y skrajny strach i stres wywo\u0142any stresem. Najlepiej zacz\u0105\u0107 od ma\u0142ej ilo\u015bci, a nast\u0119pnie stopniowo j\u0105 zwi\u0119ksza\u0107. Nie nale\u017cy od razu przerywa\u0107 przyjmowania tego leku, poniewa\u017c mo\u017ce on powodowa\u0107 objawy odstawienia, takie jak drgawki, agresywne zachowanie, niewyra\u017ane widzenie i inne, je\u015bli przestaniesz go bra\u0107 zbyt szybko.<\/p>\n","protected":false},"featured_media":5683,"comment_status":"open","ping_status":"closed","template":"","meta":[],"product_brand":[],"product_cat":[1117],"product_tag":[1143,3519,1194,3508,1182,1189,1168,3503,3504,3505,3506,1192,3502,3507,3523,3509,3510,3512,3513,3515,3511,3514,3516,3517,3520,3518,3522,3521,1188],"class_list":{"0":"post-5673","1":"product","2":"type-product","3":"status-publish","4":"has-post-thumbnail","6":"product_cat-kup-tabletki-na-bol-spanie-seks","7":"product_tag-alprazolam-na-sprzeda","8":"product_tag-xanax-2mg-efekt","9":"product_tag-gdzie-kupi-alprazolam-online","10":"product_tag-gdzie-kupi-xanax-2-mg-uk","11":"product_tag-how-to-buy-alprazolam-online","12":"product_tag-zakup-alprazolam-online","13":"product_tag-kup-alprazolam-online","14":"product_tag-kup-xanax-2-mg","15":"product_tag-kup-xanax-2-mg-uk","16":"product_tag-kup-xanax-2mg","17":"product_tag-kup-xanax-online","18":"product_tag-najlepsze-miejsce-do-kupowania-alprazolamu-online","19":"product_tag-najlepszy-sklep-xanax-2-mg-uk","20":"product_tag-order-xanax-2-mg-uk","21":"product_tag-xanax-bar-na-sprzeda","22":"product_tag-xanax-2-mg-efekt","23":"product_tag-xanax-2-mg-europa","24":"product_tag-xanax-2-mg-for-sale-uk","25":"product_tag-xanax-2-mg-google","26":"product_tag-xanax-2-mg-kobieta-w-ciy","27":"product_tag-xanax-2-mg-na-sprzeda","28":"product_tag-xanax-2-mg-online-uk","29":"product_tag-xanax-2-mg-reddit","30":"product_tag-xanax-2-mg-uk","31":"product_tag-xanax-2mg-for-sale","32":"product_tag-xanax-2mg-kup","33":"product_tag-xanax-2mg-reddit","34":"product_tag-xanax-2mg-zamwienie","35":"product_tag-zamw-alprazolam-online","37":"first","38":"instock","39":"shipping-taxable","40":"purchasable","41":"product-type-variable","42":"has-default-attributes"},"yoast_head":"<!-- This site is optimized with the Yoast SEO plugin v27.3 - https:\/\/yoast.com\/product\/yoast-seo-wordpress\/ -->\n<title>Kup tabletki Alprox 2 mg (Xanax) - Xanax 2 mg - Best Global Meds<\/title>\n<meta name=\"description\" content=\"Kup tabletki Alprox xanax 2mg na sprzeda\u017c w Wielkiej Brytanii, Europie. kup Alprox online, kup xanax online, kup online alprox, kup xanax, zam\u00f3w Alprox 2mg, gdzie mog\u0119 kupi\u0107 alprox online.\" \/>\n<meta name=\"robots\" content=\"index, follow, max-snippet:-1, max-image-preview:large, max-video-preview:-1\" \/>\n<link rel=\"canonical\" href=\"https:\/\/medicinasinc.com\/pl\/product\/kup-alprox-2mg-pigulki-xanax\/\" \/>\n<meta property=\"og:locale\" content=\"en_US\" \/>\n<meta property=\"og:type\" content=\"article\" \/>\n<meta property=\"og:title\" content=\"Kup tabletki Alprox 2 mg (Xanax) - Xanax 2 mg - Best Global Meds\" \/>\n<meta property=\"og:description\" content=\"Kup tabletki Alprox xanax 2mg na sprzeda\u017c w Wielkiej Brytanii, Europie. kup Alprox online, kup xanax online, kup online alprox, kup xanax, zam\u00f3w Alprox 2mg, gdzie mog\u0119 kupi\u0107 alprox online.\" \/>\n<meta property=\"og:url\" content=\"https:\/\/medicinasinc.com\/pl\/product\/kup-alprox-2mg-pigulki-xanax\/\" \/>\n<meta property=\"og:site_name\" content=\"Medicinas Inc\" \/>\n<meta property=\"article:modified_time\" content=\"2022-03-22T00:49:37+00:00\" \/>\n<meta property=\"og:image\" content=\"https:\/\/medicinasinc.com\/pl\/wp-content\/uploads\/sites\/13\/2022\/02\/Buy-xanax-2-mg.jpg\" \/>\n\t<meta property=\"og:image:width\" content=\"400\" \/>\n\t<meta property=\"og:image:height\" content=\"350\" \/>\n\t<meta property=\"og:image:type\" content=\"image\/jpeg\" \/>\n<meta name=\"twitter:card\" content=\"summary_large_image\" \/>\n<meta name=\"twitter:label1\" content=\"Est. reading time\" \/>\n\t<meta name=\"twitter:data1\" content=\"2 minutes\" \/>\n<script type=\"application\/ld+json\" class=\"yoast-schema-graph\">{\"@context\":\"https:\\\/\\\/schema.org\",\"@graph\":[{\"@type\":\"WebPage\",\"@id\":\"https:\\\/\\\/medicinasinc.com\\\/pl\\\/product\\\/kup-alprox-2mg-pigulki-xanax\\\/\",\"url\":\"https:\\\/\\\/medicinasinc.com\\\/pl\\\/product\\\/kup-alprox-2mg-pigulki-xanax\\\/\",\"name\":\"Kup tabletki Alprox 2 mg (Xanax) - Xanax 2 mg - Best Global Meds\",\"isPartOf\":{\"@id\":\"https:\\\/\\\/medicinasinc.com\\\/pl\\\/#website\"},\"primaryImageOfPage\":{\"@id\":\"https:\\\/\\\/medicinasinc.com\\\/pl\\\/product\\\/kup-alprox-2mg-pigulki-xanax\\\/#primaryimage\"},\"image\":{\"@id\":\"https:\\\/\\\/medicinasinc.com\\\/pl\\\/product\\\/kup-alprox-2mg-pigulki-xanax\\\/#primaryimage\"},\"thumbnailUrl\":\"https:\\\/\\\/medicinasinc.com\\\/pl\\\/wp-content\\\/uploads\\\/sites\\\/13\\\/2022\\\/02\\\/Buy-xanax-2-mg.jpg\",\"datePublished\":\"2022-02-22T03:54:58+00:00\",\"dateModified\":\"2022-03-22T00:49:37+00:00\",\"description\":\"Kup tabletki Alprox xanax 2mg na sprzeda\u017c w Wielkiej Brytanii, Europie. kup Alprox online, kup xanax online, kup online alprox, kup xanax, zam\u00f3w Alprox 2mg, gdzie mog\u0119 kupi\u0107 alprox online.\",\"breadcrumb\":{\"@id\":\"https:\\\/\\\/medicinasinc.com\\\/pl\\\/product\\\/kup-alprox-2mg-pigulki-xanax\\\/#breadcrumb\"},\"inLanguage\":\"en-US\",\"potentialAction\":[{\"@type\":\"ReadAction\",\"target\":[\"https:\\\/\\\/medicinasinc.com\\\/pl\\\/product\\\/kup-alprox-2mg-pigulki-xanax\\\/\"]}]},{\"@type\":\"ImageObject\",\"inLanguage\":\"en-US\",\"@id\":\"https:\\\/\\\/medicinasinc.com\\\/pl\\\/product\\\/kup-alprox-2mg-pigulki-xanax\\\/#primaryimage\",\"url\":\"https:\\\/\\\/medicinasinc.com\\\/pl\\\/wp-content\\\/uploads\\\/sites\\\/13\\\/2022\\\/02\\\/Buy-xanax-2-mg.jpg\",\"contentUrl\":\"https:\\\/\\\/medicinasinc.com\\\/pl\\\/wp-content\\\/uploads\\\/sites\\\/13\\\/2022\\\/02\\\/Buy-xanax-2-mg.jpg\",\"width\":400,\"height\":350},{\"@type\":\"BreadcrumbList\",\"@id\":\"https:\\\/\\\/medicinasinc.com\\\/pl\\\/product\\\/kup-alprox-2mg-pigulki-xanax\\\/#breadcrumb\",\"itemListElement\":[{\"@type\":\"ListItem\",\"position\":1,\"name\":\"Sklep\",\"item\":\"https:\\\/\\\/medicinasinc.com\\\/pl\\\/sklep\\\/\"},{\"@type\":\"ListItem\",\"position\":2,\"name\":\"Kup tabletki Alprox 2 mg (Xanax)\"}]},{\"@type\":\"WebSite\",\"@id\":\"https:\\\/\\\/medicinasinc.com\\\/pl\\\/#website\",\"url\":\"https:\\\/\\\/medicinasinc.com\\\/pl\\\/\",\"name\":\"Medicinas Inc\",\"description\":\"Health Medical Clinic\",\"potentialAction\":[{\"@type\":\"SearchAction\",\"target\":{\"@type\":\"EntryPoint\",\"urlTemplate\":\"https:\\\/\\\/medicinasinc.com\\\/pl\\\/?s={search_term_string}\"},\"query-input\":{\"@type\":\"PropertyValueSpecification\",\"valueRequired\":true,\"valueName\":\"search_term_string\"}}],\"inLanguage\":\"en-US\"}]}<\/script>\n<!-- \/ Yoast SEO plugin. -->","yoast_head_json":{"title":"Kup tabletki Alprox 2 mg (Xanax) - Xanax 2 mg - Best Global Meds","description":"Kup tabletki Alprox xanax 2mg na sprzeda\u017c w Wielkiej Brytanii, Europie. kup Alprox online, kup xanax online, kup online alprox, kup xanax, zam\u00f3w Alprox 2mg, gdzie mog\u0119 kupi\u0107 alprox online.","robots":{"index":"index","follow":"follow","max-snippet":"max-snippet:-1","max-image-preview":"max-image-preview:large","max-video-preview":"max-video-preview:-1"},"canonical":"https:\/\/medicinasinc.com\/pl\/product\/kup-alprox-2mg-pigulki-xanax\/","og_locale":"en_US","og_type":"article","og_title":"Kup tabletki Alprox 2 mg (Xanax) - Xanax 2 mg - Best Global Meds","og_description":"Kup tabletki Alprox xanax 2mg na sprzeda\u017c w Wielkiej Brytanii, Europie. kup Alprox online, kup xanax online, kup online alprox, kup xanax, zam\u00f3w Alprox 2mg, gdzie mog\u0119 kupi\u0107 alprox online.","og_url":"https:\/\/medicinasinc.com\/pl\/product\/kup-alprox-2mg-pigulki-xanax\/","og_site_name":"Medicinas Inc","article_modified_time":"2022-03-22T00:49:37+00:00","og_image":[{"width":400,"height":350,"url":"https:\/\/medicinasinc.com\/pl\/wp-content\/uploads\/sites\/13\/2022\/02\/Buy-xanax-2-mg.jpg","type":"image\/jpeg"}],"twitter_card":"summary_large_image","twitter_misc":{"Est. reading time":"2 minutes"},"schema":{"@context":"https:\/\/schema.org","@graph":[{"@type":"WebPage","@id":"https:\/\/medicinasinc.com\/pl\/product\/kup-alprox-2mg-pigulki-xanax\/","url":"https:\/\/medicinasinc.com\/pl\/product\/kup-alprox-2mg-pigulki-xanax\/","name":"Kup tabletki Alprox 2 mg (Xanax) - Xanax 2 mg - Best Global Meds","isPartOf":{"@id":"https:\/\/medicinasinc.com\/pl\/#website"},"primaryImageOfPage":{"@id":"https:\/\/medicinasinc.com\/pl\/product\/kup-alprox-2mg-pigulki-xanax\/#primaryimage"},"image":{"@id":"https:\/\/medicinasinc.com\/pl\/product\/kup-alprox-2mg-pigulki-xanax\/#primaryimage"},"thumbnailUrl":"https:\/\/medicinasinc.com\/pl\/wp-content\/uploads\/sites\/13\/2022\/02\/Buy-xanax-2-mg.jpg","datePublished":"2022-02-22T03:54:58+00:00","dateModified":"2022-03-22T00:49:37+00:00","description":"Kup tabletki Alprox xanax 2mg na sprzeda\u017c w Wielkiej Brytanii, Europie. kup Alprox online, kup xanax online, kup online alprox, kup xanax, zam\u00f3w Alprox 2mg, gdzie mog\u0119 kupi\u0107 alprox online.","breadcrumb":{"@id":"https:\/\/medicinasinc.com\/pl\/product\/kup-alprox-2mg-pigulki-xanax\/#breadcrumb"},"inLanguage":"en-US","potentialAction":[{"@type":"ReadAction","target":["https:\/\/medicinasinc.com\/pl\/product\/kup-alprox-2mg-pigulki-xanax\/"]}]},{"@type":"ImageObject","inLanguage":"en-US","@id":"https:\/\/medicinasinc.com\/pl\/product\/kup-alprox-2mg-pigulki-xanax\/#primaryimage","url":"https:\/\/medicinasinc.com\/pl\/wp-content\/uploads\/sites\/13\/2022\/02\/Buy-xanax-2-mg.jpg","contentUrl":"https:\/\/medicinasinc.com\/pl\/wp-content\/uploads\/sites\/13\/2022\/02\/Buy-xanax-2-mg.jpg","width":400,"height":350},{"@type":"BreadcrumbList","@id":"https:\/\/medicinasinc.com\/pl\/product\/kup-alprox-2mg-pigulki-xanax\/#breadcrumb","itemListElement":[{"@type":"ListItem","position":1,"name":"Sklep","item":"https:\/\/medicinasinc.com\/pl\/sklep\/"},{"@type":"ListItem","position":2,"name":"Kup tabletki Alprox 2 mg (Xanax)"}]},{"@type":"WebSite","@id":"https:\/\/medicinasinc.com\/pl\/#website","url":"https:\/\/medicinasinc.com\/pl\/","name":"Medicinas Inc","description":"Health Medical Clinic","potentialAction":[{"@type":"SearchAction","target":{"@type":"EntryPoint","urlTemplate":"https:\/\/medicinasinc.com\/pl\/?s={search_term_string}"},"query-input":{"@type":"PropertyValueSpecification","valueRequired":true,"valueName":"search_term_string"}}],"inLanguage":"en-US"}]}},"_links":{"self":[{"href":"https:\/\/medicinasinc.com\/pl\/wp-json\/wp\/v2\/product\/5673","targetHints":{"allow":["GET"]}}],"collection":[{"href":"https:\/\/medicinasinc.com\/pl\/wp-json\/wp\/v2\/product"}],"about":[{"href":"https:\/\/medicinasinc.com\/pl\/wp-json\/wp\/v2\/types\/product"}],"replies":[{"embeddable":true,"href":"https:\/\/medicinasinc.com\/pl\/wp-json\/wp\/v2\/comments?post=5673"}],"wp:featuredmedia":[{"embeddable":true,"href":"https:\/\/medicinasinc.com\/pl\/wp-json\/wp\/v2\/media\/5683"}],"wp:attachment":[{"href":"https:\/\/medicinasinc.com\/pl\/wp-json\/wp\/v2\/media?parent=5673"}],"wp:term":[{"taxonomy":"product_brand","embeddable":true,"href":"https:\/\/medicinasinc.com\/pl\/wp-json\/wp\/v2\/product_brand?post=5673"},{"taxonomy":"product_cat","embeddable":true,"href":"https:\/\/medicinasinc.com\/pl\/wp-json\/wp\/v2\/product_cat?post=5673"},{"taxonomy":"product_tag","embeddable":true,"href":"https:\/\/medicinasinc.com\/pl\/wp-json\/wp\/v2\/product_tag?post=5673"}],"curies":[{"name":"wp","href":"https:\/\/api.w.org\/{rel}","templated":true}]}}