{"id":5652,"date":"2022-02-22T03:24:25","date_gmt":"2022-02-22T03:24:25","guid":{"rendered":"https:\/\/medicinasinc.com\/pl\/?post_type=product&#038;p=5652"},"modified":"2022-03-22T00:50:08","modified_gmt":"2022-03-22T00:50:08","slug":"kup-quicksilver-sol-do-kapieli","status":"publish","type":"product","link":"https:\/\/medicinasinc.com\/pl\/product\/kup-quicksilver-sol-do-kapieli\/","title":{"rendered":"Kup s\u00f3l do k\u0105pieli Quicksilver"},"content":{"rendered":"<p><strong>Soli do k\u0105pieli Quick Silver mo\u017cna kupi\u0107 w Internecie.<\/strong><\/p>\n<p>W Wielkiej Brytanii, Europie i Australii mo\u017cna kupi\u0107 s\u00f3l do k\u0105pieli Quicksilver za du\u017co pieni\u0119dzy. Osoby, kt\u00f3re kupuj\u0105 u nas maj\u0105 pewno\u015b\u0107, \u017ce dostan\u0105 to, za co zap\u0142ac\u0105. Teraz jest najlepszy czas, aby kupi\u0107 s\u00f3l do k\u0105pieli Quicksilver w najlepszych cenach.<\/p>\n<div class=\"product-next-previous\">\n<div class=\"product-prev\"><\/div><\/div>\n","protected":false},"excerpt":{"rendered":"<div class=\"woocommerce-product-details__short-description\">\n<p>Skoncentrowana s\u00f3l do k\u0105pieli od najlepszych marek. metyloaminopropan: Metiopropamina to 1-tiofen-2-ylo-2-metyloaminopropan.<\/p>\n<p>W najlepszej cenie mo\u017cesz kupi\u0107 s\u00f3l do k\u0105pieli QuickSilver przez Internet. Obiecujemy bezpieczn\u0105 i bezpieczn\u0105 wysy\u0142k\u0119 na ca\u0142y \u015bwiat.<\/p>\n<p>Kup 1000 mg soli do k\u0105pieli QuickSilver online. Skoncentrowana s\u00f3l do k\u0105pieli najlepszych marek. 1-(tiofen-2-ylo)-2-metyloaminopropan nazywa si\u0119 metiopropamin\u0105.<\/p>\n<\/p><\/div>\n","protected":false},"featured_media":5662,"comment_status":"open","ping_status":"closed","template":"","meta":[],"product_brand":[],"product_cat":[2014],"product_tag":[3432,3433,3437,3438,3439,3440,3441,3443,3444,3445,3446,3447,3456,3463,3464,3466,3467,3468,3479,3496,3469,3473,3474,3476,3498,3497,3499,3455,3457,3453,3454,3458,3462,3097,3488,3448,3450,3449,3451,3461,3460,3459,3452,3465,3477,3478,3482,3494,3442,3483,3484,3485,3492,3493,3472,3471,3434,3481,3436,3435,3083,3480,3095,3165,3491,3495,3490,3470,3489,3486,3487,3475],"class_list":{"0":"post-5652","1":"product","2":"type-product","3":"status-publish","4":"has-post-thumbnail","6":"product_cat-kup-badania-chemikalia","7":"product_tag-bath-salts","8":"product_tag-bath-salts-drug","9":"product_tag-bath-salts-for-sale-online-with-credit-card","10":"product_tag-bath-salts-online-store","11":"product_tag-bath-salts-sales-online","12":"product_tag-bathsalts","13":"product_tag-best-bath-salts","14":"product_tag-buy-amped-novelty-powder-500mg","15":"product_tag-buy-bath-salts-cod","16":"product_tag-buy-bath-salts-drug-online","17":"product_tag-buy-bath-salts-online","18":"product_tag-buy-bath-salts-online-legal","19":"product_tag-buy-k2-bath-salts-online","20":"product_tag-buy-quick-silver-bath-salts-online","21":"product_tag-buy-quick-silver-bath-salts-usa","22":"product_tag-buy-sextacy-bath-salts-online","23":"product_tag-buy-synthetic-bath-salts-online","24":"product_tag-can-you-buy-bath-salts-in-stores","25":"product_tag-chce-kupi-sl-do-wanny-sonline","26":"product_tag-co-zrobi-sole-do-wanny","27":"product_tag-czy-jeszcze-moesz-kupi-sole-do-wanny","28":"product_tag-discreet-bath-salts-dealers-online","29":"product_tag-8-ballz-sl-do-sal-do-sprzedaz-online","30":"product_tag-fala-koci-soniowej","31":"product_tag-gdzie-mog-dosta-sole-do-kpieli","32":"product_tag-gdzie-mog-kupi-sl-do-wanny-online","33":"product_tag-gdzie-mog-zamwi-mdpv-sole-do-wanny-online","34":"product_tag-kup-ko-koci-soniowej-fala-na-sprzeda-online","35":"product_tag-kup-mefedron-sole-do-wanny-online-za-karta-kredytowa","36":"product_tag-kup-osiem-ballz-sole-do-wanny-online","37":"product_tag-kup-koci-soniowej-fala-sl-do-kpieli-1000mg","38":"product_tag-kup-pompuj-to-sl-do-kpieli-1000mg","39":"product_tag-kup-szybkie-srebrne-sole-do-kanady","40":"product_tag-kup-sole-do-wanny","41":"product_tag-kup-sl-do-wanny-online","42":"product_tag-kup-sl-do-do-wanny-on-line-gdzie-mog-kupi-sl-do-do-wanny-online","43":"product_tag-kup-sole-do-wanny-on-line-kartami-kredytowymi","44":"product_tag-kup-sole-do-wanny-on-line-karta-kredytowa","45":"product_tag-kup-sole-do-wanny-z-paypal-online","46":"product_tag-kup-szybkie-srebrne-sole-do-wanny-australia","47":"product_tag-kup-szybk-srebrn-sl-do-kpieli-online","48":"product_tag-kup-szybkie-srebro","49":"product_tag-kup-tanie-sole-do-wanny-zamw-do-wanny-leki-online","50":"product_tag-kup-badania-chemii-zamwienie","51":"product_tag-legalne-sole-do-wanny-sprzedaz-online","52":"product_tag-legalne-sole-do-wanny-online","53":"product_tag-mefedron","54":"product_tag-najbezpieczniejsze-sklep-online-kupi-sole-do-wanny","55":"product_tag-najwyszej-jakoci-sole-do-kpieli-on-line","56":"product_tag-order-bath-salts-drug-online","57":"product_tag-order-bath-salts-online","58":"product_tag-order-bath-salts-online-bath-salts-wholesale","59":"product_tag-quick-silver-bath-salts-online","60":"product_tag-quick-silver-bath-salts-vendor-research-chemicals","61":"product_tag-skoncentrowane-sole-do-wanny","62":"product_tag-chmura-9-sl-do-kpieli","63":"product_tag-sole-do-leku-do-sprzeday-online","64":"product_tag-mefedron-sole-do-kpieli-gdzie-kupi","65":"product_tag-sole-do-wanny-sprzedaz-online","66":"product_tag-sole-do-leku-wyprzedaz-online","67":"product_tag-sole-do-kpieli-z-falami-koci-soniowej","68":"product_tag-mefedron-do-sal-do-sal-do-sprzedaz","69":"product_tag-sprzedam-sole-do-wanny","70":"product_tag-mdpv-sole-do-wanny-do-sprzeday","71":"product_tag-sprzedam-szybkie-srebrne-sole-do-sale","72":"product_tag-waniliowe-niebo-sole-do-wanny-na-sprzeda","73":"product_tag-szybkie-srebrne-sole-do-wanny","74":"product_tag-tanie-sole-do-wanny","75":"product_tag-wysokiej-jakoci-sole-do-leku-do-sprzeday-online","76":"product_tag-zamw-do-do-do-do-wanny-online","77":"product_tag-zamw-sl-do-wanny-online-z-kart-kredytow","78":"product_tag-znajd-legalne-sole-do-wanny-online","80":"first","81":"instock","82":"shipping-taxable","83":"purchasable","84":"product-type-variable","85":"has-default-attributes"},"yoast_head":"<!-- This site is optimized with the Yoast SEO plugin v27.3 - https:\/\/yoast.com\/product\/yoast-seo-wordpress\/ -->\n<title>Kup s\u00f3l do k\u0105pieli Quick Silver - S\u00f3l do k\u0105pieli Quick Silver - Best Global Meds<\/title>\n<meta name=\"description\" content=\"Kup s\u00f3l do k\u0105pieli Quicksilver na sprzeda\u017c w Wielkiej Brytanii, Europie, AU. oferujemy najbardziej niezawodn\u0105 transakcj\u0119 i sprzedajemy po bardzo przyst\u0119pnych cenach. Zam\u00f3w teraz s\u00f3l do k\u0105pieli Quicksilver w najlepszych cenach\" \/>\n<meta name=\"robots\" content=\"index, follow, max-snippet:-1, max-image-preview:large, max-video-preview:-1\" \/>\n<link rel=\"canonical\" href=\"https:\/\/medicinasinc.com\/pl\/product\/kup-quicksilver-sol-do-kapieli\/\" \/>\n<meta property=\"og:locale\" content=\"en_US\" \/>\n<meta property=\"og:type\" content=\"article\" \/>\n<meta property=\"og:title\" content=\"Kup s\u00f3l do k\u0105pieli Quick Silver - S\u00f3l do k\u0105pieli Quick Silver - Best Global Meds\" \/>\n<meta property=\"og:description\" content=\"Kup s\u00f3l do k\u0105pieli Quicksilver na sprzeda\u017c w Wielkiej Brytanii, Europie, AU. oferujemy najbardziej niezawodn\u0105 transakcj\u0119 i sprzedajemy po bardzo przyst\u0119pnych cenach. Zam\u00f3w teraz s\u00f3l do k\u0105pieli Quicksilver w najlepszych cenach\" \/>\n<meta property=\"og:url\" content=\"https:\/\/medicinasinc.com\/pl\/product\/kup-quicksilver-sol-do-kapieli\/\" \/>\n<meta property=\"og:site_name\" content=\"Medicinas Inc\" \/>\n<meta property=\"article:modified_time\" content=\"2022-03-22T00:50:08+00:00\" \/>\n<meta property=\"og:image\" content=\"https:\/\/medicinasinc.com\/pl\/wp-content\/uploads\/sites\/13\/2022\/02\/Buy-Quicksilver-Bath-Salt.jpg\" \/>\n\t<meta property=\"og:image:width\" content=\"600\" \/>\n\t<meta property=\"og:image:height\" content=\"599\" \/>\n\t<meta property=\"og:image:type\" content=\"image\/jpeg\" \/>\n<meta name=\"twitter:card\" content=\"summary_large_image\" \/>\n<meta name=\"twitter:label1\" content=\"Est. reading time\" \/>\n\t<meta name=\"twitter:data1\" content=\"1 minute\" \/>\n<script type=\"application\/ld+json\" class=\"yoast-schema-graph\">{\"@context\":\"https:\\\/\\\/schema.org\",\"@graph\":[{\"@type\":\"WebPage\",\"@id\":\"https:\\\/\\\/medicinasinc.com\\\/pl\\\/product\\\/kup-quicksilver-sol-do-kapieli\\\/\",\"url\":\"https:\\\/\\\/medicinasinc.com\\\/pl\\\/product\\\/kup-quicksilver-sol-do-kapieli\\\/\",\"name\":\"Kup s\u00f3l do k\u0105pieli Quick Silver - S\u00f3l do k\u0105pieli Quick Silver - Best Global Meds\",\"isPartOf\":{\"@id\":\"https:\\\/\\\/medicinasinc.com\\\/pl\\\/#website\"},\"primaryImageOfPage\":{\"@id\":\"https:\\\/\\\/medicinasinc.com\\\/pl\\\/product\\\/kup-quicksilver-sol-do-kapieli\\\/#primaryimage\"},\"image\":{\"@id\":\"https:\\\/\\\/medicinasinc.com\\\/pl\\\/product\\\/kup-quicksilver-sol-do-kapieli\\\/#primaryimage\"},\"thumbnailUrl\":\"https:\\\/\\\/medicinasinc.com\\\/pl\\\/wp-content\\\/uploads\\\/sites\\\/13\\\/2022\\\/02\\\/Buy-Quicksilver-Bath-Salt.jpg\",\"datePublished\":\"2022-02-22T03:24:25+00:00\",\"dateModified\":\"2022-03-22T00:50:08+00:00\",\"description\":\"Kup s\u00f3l do k\u0105pieli Quicksilver na sprzeda\u017c w Wielkiej Brytanii, Europie, AU. oferujemy najbardziej niezawodn\u0105 transakcj\u0119 i sprzedajemy po bardzo przyst\u0119pnych cenach. Zam\u00f3w teraz s\u00f3l do k\u0105pieli Quicksilver w najlepszych cenach\",\"breadcrumb\":{\"@id\":\"https:\\\/\\\/medicinasinc.com\\\/pl\\\/product\\\/kup-quicksilver-sol-do-kapieli\\\/#breadcrumb\"},\"inLanguage\":\"en-US\",\"potentialAction\":[{\"@type\":\"ReadAction\",\"target\":[\"https:\\\/\\\/medicinasinc.com\\\/pl\\\/product\\\/kup-quicksilver-sol-do-kapieli\\\/\"]}]},{\"@type\":\"ImageObject\",\"inLanguage\":\"en-US\",\"@id\":\"https:\\\/\\\/medicinasinc.com\\\/pl\\\/product\\\/kup-quicksilver-sol-do-kapieli\\\/#primaryimage\",\"url\":\"https:\\\/\\\/medicinasinc.com\\\/pl\\\/wp-content\\\/uploads\\\/sites\\\/13\\\/2022\\\/02\\\/Buy-Quicksilver-Bath-Salt.jpg\",\"contentUrl\":\"https:\\\/\\\/medicinasinc.com\\\/pl\\\/wp-content\\\/uploads\\\/sites\\\/13\\\/2022\\\/02\\\/Buy-Quicksilver-Bath-Salt.jpg\",\"width\":600,\"height\":599},{\"@type\":\"BreadcrumbList\",\"@id\":\"https:\\\/\\\/medicinasinc.com\\\/pl\\\/product\\\/kup-quicksilver-sol-do-kapieli\\\/#breadcrumb\",\"itemListElement\":[{\"@type\":\"ListItem\",\"position\":1,\"name\":\"Sklep\",\"item\":\"https:\\\/\\\/medicinasinc.com\\\/pl\\\/sklep\\\/\"},{\"@type\":\"ListItem\",\"position\":2,\"name\":\"Kup s\u00f3l do k\u0105pieli Quicksilver\"}]},{\"@type\":\"WebSite\",\"@id\":\"https:\\\/\\\/medicinasinc.com\\\/pl\\\/#website\",\"url\":\"https:\\\/\\\/medicinasinc.com\\\/pl\\\/\",\"name\":\"Medicinas Inc\",\"description\":\"Health Medical Clinic\",\"potentialAction\":[{\"@type\":\"SearchAction\",\"target\":{\"@type\":\"EntryPoint\",\"urlTemplate\":\"https:\\\/\\\/medicinasinc.com\\\/pl\\\/?s={search_term_string}\"},\"query-input\":{\"@type\":\"PropertyValueSpecification\",\"valueRequired\":true,\"valueName\":\"search_term_string\"}}],\"inLanguage\":\"en-US\"}]}<\/script>\n<!-- \/ Yoast SEO plugin. -->","yoast_head_json":{"title":"Kup s\u00f3l do k\u0105pieli Quick Silver - S\u00f3l do k\u0105pieli Quick Silver - Best Global Meds","description":"Kup s\u00f3l do k\u0105pieli Quicksilver na sprzeda\u017c w Wielkiej Brytanii, Europie, AU. oferujemy najbardziej niezawodn\u0105 transakcj\u0119 i sprzedajemy po bardzo przyst\u0119pnych cenach. Zam\u00f3w teraz s\u00f3l do k\u0105pieli Quicksilver w najlepszych cenach","robots":{"index":"index","follow":"follow","max-snippet":"max-snippet:-1","max-image-preview":"max-image-preview:large","max-video-preview":"max-video-preview:-1"},"canonical":"https:\/\/medicinasinc.com\/pl\/product\/kup-quicksilver-sol-do-kapieli\/","og_locale":"en_US","og_type":"article","og_title":"Kup s\u00f3l do k\u0105pieli Quick Silver - S\u00f3l do k\u0105pieli Quick Silver - Best Global Meds","og_description":"Kup s\u00f3l do k\u0105pieli Quicksilver na sprzeda\u017c w Wielkiej Brytanii, Europie, AU. oferujemy najbardziej niezawodn\u0105 transakcj\u0119 i sprzedajemy po bardzo przyst\u0119pnych cenach. Zam\u00f3w teraz s\u00f3l do k\u0105pieli Quicksilver w najlepszych cenach","og_url":"https:\/\/medicinasinc.com\/pl\/product\/kup-quicksilver-sol-do-kapieli\/","og_site_name":"Medicinas Inc","article_modified_time":"2022-03-22T00:50:08+00:00","og_image":[{"width":600,"height":599,"url":"https:\/\/medicinasinc.com\/pl\/wp-content\/uploads\/sites\/13\/2022\/02\/Buy-Quicksilver-Bath-Salt.jpg","type":"image\/jpeg"}],"twitter_card":"summary_large_image","twitter_misc":{"Est. reading time":"1 minute"},"schema":{"@context":"https:\/\/schema.org","@graph":[{"@type":"WebPage","@id":"https:\/\/medicinasinc.com\/pl\/product\/kup-quicksilver-sol-do-kapieli\/","url":"https:\/\/medicinasinc.com\/pl\/product\/kup-quicksilver-sol-do-kapieli\/","name":"Kup s\u00f3l do k\u0105pieli Quick Silver - S\u00f3l do k\u0105pieli Quick Silver - Best Global Meds","isPartOf":{"@id":"https:\/\/medicinasinc.com\/pl\/#website"},"primaryImageOfPage":{"@id":"https:\/\/medicinasinc.com\/pl\/product\/kup-quicksilver-sol-do-kapieli\/#primaryimage"},"image":{"@id":"https:\/\/medicinasinc.com\/pl\/product\/kup-quicksilver-sol-do-kapieli\/#primaryimage"},"thumbnailUrl":"https:\/\/medicinasinc.com\/pl\/wp-content\/uploads\/sites\/13\/2022\/02\/Buy-Quicksilver-Bath-Salt.jpg","datePublished":"2022-02-22T03:24:25+00:00","dateModified":"2022-03-22T00:50:08+00:00","description":"Kup s\u00f3l do k\u0105pieli Quicksilver na sprzeda\u017c w Wielkiej Brytanii, Europie, AU. oferujemy najbardziej niezawodn\u0105 transakcj\u0119 i sprzedajemy po bardzo przyst\u0119pnych cenach. Zam\u00f3w teraz s\u00f3l do k\u0105pieli Quicksilver w najlepszych cenach","breadcrumb":{"@id":"https:\/\/medicinasinc.com\/pl\/product\/kup-quicksilver-sol-do-kapieli\/#breadcrumb"},"inLanguage":"en-US","potentialAction":[{"@type":"ReadAction","target":["https:\/\/medicinasinc.com\/pl\/product\/kup-quicksilver-sol-do-kapieli\/"]}]},{"@type":"ImageObject","inLanguage":"en-US","@id":"https:\/\/medicinasinc.com\/pl\/product\/kup-quicksilver-sol-do-kapieli\/#primaryimage","url":"https:\/\/medicinasinc.com\/pl\/wp-content\/uploads\/sites\/13\/2022\/02\/Buy-Quicksilver-Bath-Salt.jpg","contentUrl":"https:\/\/medicinasinc.com\/pl\/wp-content\/uploads\/sites\/13\/2022\/02\/Buy-Quicksilver-Bath-Salt.jpg","width":600,"height":599},{"@type":"BreadcrumbList","@id":"https:\/\/medicinasinc.com\/pl\/product\/kup-quicksilver-sol-do-kapieli\/#breadcrumb","itemListElement":[{"@type":"ListItem","position":1,"name":"Sklep","item":"https:\/\/medicinasinc.com\/pl\/sklep\/"},{"@type":"ListItem","position":2,"name":"Kup s\u00f3l do k\u0105pieli Quicksilver"}]},{"@type":"WebSite","@id":"https:\/\/medicinasinc.com\/pl\/#website","url":"https:\/\/medicinasinc.com\/pl\/","name":"Medicinas Inc","description":"Health Medical Clinic","potentialAction":[{"@type":"SearchAction","target":{"@type":"EntryPoint","urlTemplate":"https:\/\/medicinasinc.com\/pl\/?s={search_term_string}"},"query-input":{"@type":"PropertyValueSpecification","valueRequired":true,"valueName":"search_term_string"}}],"inLanguage":"en-US"}]}},"_links":{"self":[{"href":"https:\/\/medicinasinc.com\/pl\/wp-json\/wp\/v2\/product\/5652","targetHints":{"allow":["GET"]}}],"collection":[{"href":"https:\/\/medicinasinc.com\/pl\/wp-json\/wp\/v2\/product"}],"about":[{"href":"https:\/\/medicinasinc.com\/pl\/wp-json\/wp\/v2\/types\/product"}],"replies":[{"embeddable":true,"href":"https:\/\/medicinasinc.com\/pl\/wp-json\/wp\/v2\/comments?post=5652"}],"wp:featuredmedia":[{"embeddable":true,"href":"https:\/\/medicinasinc.com\/pl\/wp-json\/wp\/v2\/media\/5662"}],"wp:attachment":[{"href":"https:\/\/medicinasinc.com\/pl\/wp-json\/wp\/v2\/media?parent=5652"}],"wp:term":[{"taxonomy":"product_brand","embeddable":true,"href":"https:\/\/medicinasinc.com\/pl\/wp-json\/wp\/v2\/product_brand?post=5652"},{"taxonomy":"product_cat","embeddable":true,"href":"https:\/\/medicinasinc.com\/pl\/wp-json\/wp\/v2\/product_cat?post=5652"},{"taxonomy":"product_tag","embeddable":true,"href":"https:\/\/medicinasinc.com\/pl\/wp-json\/wp\/v2\/product_tag?post=5652"}],"curies":[{"name":"wp","href":"https:\/\/api.w.org\/{rel}","templated":true}]}}