{"id":5651,"date":"2022-02-22T03:22:57","date_gmt":"2022-02-22T03:22:57","guid":{"rendered":"https:\/\/medicinasinc.com\/pl\/?post_type=product&#038;p=5651"},"modified":"2022-03-22T00:50:16","modified_gmt":"2022-03-22T00:50:16","slug":"kup-oksykodon-proszek","status":"publish","type":"product","link":"https:\/\/medicinasinc.com\/pl\/product\/kup-oksykodon-proszek\/","title":{"rendered":"Kup proszek oksykodonu"},"content":{"rendered":"<p>Mo\u017cesz kupi\u0107 wysokiej jako\u015bci proszek oksykodonu na stronie takiej jak ta:<br \/> Proszek oksykodonu na sprzeda\u017c mo\u017ce pom\u00f3c Ci zako\u0144czy\u0107 b\u00f3l i wyzdrowie\u0107.<\/p>\n<p>Oksykodon nale\u017cy do grupy lek\u00f3w o nazwie narkotyczne \u015brodki przeciwb\u00f3lowe. Jest stosowany w leczeniu przewlek\u0142ego b\u00f3lu, kt\u00f3ry jest bardzo silny, gdy inne metody leczenia nie dzia\u0142aj\u0105 wystarczaj\u0105co dobrze. Formy na recept\u0119 tego leku maj\u0105 na celu pom\u00f3c osobom cierpi\u0105cym na zapalenie staw\u00f3w, raka lub inne problemy fizyczne przez ca\u0142y dzie\u0144. Spos\u00f3b dzia\u0142ania jest podobny do dzia\u0142ania innych opiat\u00f3w. Wi\u0105\u017ce si\u0119 z receptorami w m\u00f3zgu i zmienia spos\u00f3b, w jaki m\u00f3zg reaguje na b\u00f3l.<\/p>\n<p>Oksykodon w proszku do sprzeda\u017cy jest pot\u0119\u017cnym sk\u0142adnikiem r\u00f3\u017cnych \u015brodk\u00f3w przeciwb\u00f3lowych o r\u00f3\u017cnych kszta\u0142tach i rozmiarach. Zwykle podaje si\u0119 go z ibuprofenem i aspiryn\u0105, ale mo\u017cna go r\u00f3wnie\u017c podawa\u0107 samodzielnie.<\/p>\n<p>Proszek oksykodonu mo\u017cna kupi\u0107 online w najbardziej znanym sklepie w Stanach Zjednoczonych.<\/p>\n<p>Bestgoalmeds. com\u00a0Shop to firma nastawiona na warto\u015b\u0107, kt\u00f3ra od ponad 15 lat sprzedaje najlepsze leki. W naszym sklepie mo\u017cesz kupi\u0107 proszek oksykodonu, kt\u00f3ry zosta\u0142 sprawdzony pod k\u0105tem jako\u015bci w licencjonowanym laboratorium. Od USA po Azj\u0119 obs\u0142ugujemy klient\u00f3w z ca\u0142ego \u015bwiata. \u0141atwo jest kupi\u0107 nasze produkty, poniewa\u017c s\u0105 legalne i nie musisz si\u0119 o nic martwi\u0107. Je\u015bli chodzi o nas, zachowujemy prywatno\u015b\u0107, poniewa\u017c cenimy Twoj\u0105 prywatno\u015b\u0107. Skontaktuj si\u0119 z nami, je\u015bli masz jakiekolwiek pytania lub w\u0105tpliwo\u015bci!<\/p>\n","protected":false},"excerpt":{"rendered":"<div class=\"woocommerce-product-details__short-description\">\n<p>Kup oksykodon w proszku w Wielkiej Brytanii i Europie na Bestglobalmeds.com, gdzie mo\u017cesz go szybko dosta\u0107 z ca\u0142ego \u015bwiata. To tutaj mo\u017cesz kupi\u0107 najlepszy proszek oksykodonu, jaki mo\u017cesz znale\u017a\u0107.<\/p>\n<p>Mo\u017cesz kupi\u0107 wysokiej jako\u015bci proszek oksykodonu przez Internet, aby uzyska\u0107 umiarkowany lub silny b\u00f3l, gdy musisz by\u0107 bezbolesny przez ca\u0142y dzie\u0144 i noc przez d\u0142ugi czas czas.<\/p>\n<p>Proszek oksykodonu mo\u017cna kupi\u0107 w Internecie w najlepszej cenie. USpharma Shop to znana apteka internetowa, kt\u00f3ra sprzedaje legalne leki. Zam\u00f3w online i zaoszcz\u0119d\u017a czas i pieni\u0105dze.<\/p>\n<p>Oksykodon (luzem) to 100% proszek. Oksykodon to nazwa rodzajowa (luzem). Zobacz darmowy kupon. W tej sekcji dowiesz si\u0119, jak u\u017cywa\u0107, co robi, co mo\u017ce zrobi\u0107 i jak tego unika\u0107.<\/p>\n<p>Jednym z wielu alkaloid\u00f3w w maku perskim jest tebaina, a oksykodon w proszku to wykonane z tego alkaloidu. Proszek oksykodonu jest bia\u0142ym, bezwonnym, krystalicznym proszkiem wytworzonym z tego alkaloidu. Chlorowodorek oksykodonu rozpuszcza si\u0119 w wodzie (1 g w 6 do 7 ml) i jest troch\u0119 rozpuszczalny w alkoholu, ale nie bardzo (wsp\u00f3\u0142czynnik podzia\u0142u oktanol-woda wynosi 0,7).<\/p>\n<p>Chlorowodorek oksykodonu sk\u0142ada si\u0119 z 4 , chlorowodorek 5a-epoksy-14-hydroksy-3-metoksy-17-metylomorfinan-6-onu, kt\u00f3ry jest nazw\u0105 chemiczn\u0105.<\/p>\n<p>P\u00f3\u0142syntetyczny opioidowy lek przeciwb\u00f3lowy o nazwie proszek oksykodon jest stosowany w leczeniu umiarkowanego do silny b\u00f3l. Proszek oksykodonu jest zwykle stosowany w leczeniu b\u00f3lu o nasileniu od umiarkowanego do silnego. Kiedy oksykodon zosta\u0142 wyprodukowany w Niemczech w 1917 roku, by\u0142 jednym z grupy p\u00f3\u0142syntetycznych opioid\u00f3w, kt\u00f3re zosta\u0142y stworzone w celu poprawy istniej\u0105cych opioid\u00f3w.<\/p>\n<\/p><\/div>\n","protected":false},"featured_media":5660,"comment_status":"open","ping_status":"closed","template":"","meta":[],"product_brand":[],"product_cat":[2014],"product_tag":[3419,3431,3416,3415,3418,3423,3429,3417,3420,3421,3426,3427,3428,3424,3422,3430,3425],"class_list":{"0":"post-5651","1":"product","2":"type-product","3":"status-publish","4":"has-post-thumbnail","6":"product_cat-kup-badania-chemikalia","7":"product_tag-efekt-oksykodonu-w-proszku","8":"product_tag-gdzie-kupi-oksykodon-proszek","9":"product_tag-kup-oksykodon-proszek","10":"product_tag-najlepszy-miejsce-do-kupowania-oksykodonu-proszek","11":"product_tag-kup-oksykodon-w-proszku","12":"product_tag-oksykodon-proszek-niemcy","13":"product_tag-oksykodon-proszek-reddit","14":"product_tag-order-oxycodone-powder","15":"product_tag-oxycodone-powder-europe","16":"product_tag-oxycodone-powder-for-sale","17":"product_tag-oxycodone-powder-online","18":"product_tag-oxycodone-powder-order","19":"product_tag-oxycodone-powder-order-uk","20":"product_tag-oksykodon-proszek-poczta","21":"product_tag-oksykodon-proszek-na-sprzeda-uk","22":"product_tag-oksykodon-proszek-wyprzeda","23":"product_tag-zamwienie-wysykowe-oksykodonu-w-proszku","25":"first","26":"instock","27":"shipping-taxable","28":"purchasable","29":"product-type-variable","30":"has-default-attributes"},"yoast_head":"<!-- This site is optimized with the Yoast SEO plugin v27.3 - https:\/\/yoast.com\/product\/yoast-seo-wordpress\/ -->\n<title>Kup proszek oksykodonu - proszek oksykodonu - Best Global Meds<\/title>\n<meta name=\"description\" content=\"Kup proszek oksykodonu w Polsce, Europie w naszym sklepie internetowym Bestglobalmeds.com z szybk\u0105 dostaw\u0105 na ca\u0142y \u015bwiat! Najlepszy proszek oksykodonu do zam\u00f3wienia znajdziesz tutaj!\" \/>\n<meta name=\"robots\" content=\"index, follow, max-snippet:-1, max-image-preview:large, max-video-preview:-1\" \/>\n<link rel=\"canonical\" href=\"https:\/\/medicinasinc.com\/pl\/product\/kup-oksykodon-proszek\/\" \/>\n<meta property=\"og:locale\" content=\"en_US\" \/>\n<meta property=\"og:type\" content=\"article\" \/>\n<meta property=\"og:title\" content=\"Kup proszek oksykodonu - proszek oksykodonu - Best Global Meds\" \/>\n<meta property=\"og:description\" content=\"Kup proszek oksykodonu w Polsce, Europie w naszym sklepie internetowym Bestglobalmeds.com z szybk\u0105 dostaw\u0105 na ca\u0142y \u015bwiat! Najlepszy proszek oksykodonu do zam\u00f3wienia znajdziesz tutaj!\" \/>\n<meta property=\"og:url\" content=\"https:\/\/medicinasinc.com\/pl\/product\/kup-oksykodon-proszek\/\" \/>\n<meta property=\"og:site_name\" content=\"Medicinas Inc\" \/>\n<meta property=\"article:modified_time\" content=\"2022-03-22T00:50:16+00:00\" \/>\n<meta property=\"og:image\" content=\"https:\/\/medicinasinc.com\/pl\/wp-content\/uploads\/sites\/13\/2022\/02\/Buy-oxycodone-powder.jpeg\" \/>\n\t<meta property=\"og:image:width\" content=\"510\" \/>\n\t<meta property=\"og:image:height\" content=\"389\" \/>\n\t<meta property=\"og:image:type\" content=\"image\/jpeg\" \/>\n<meta name=\"twitter:card\" content=\"summary_large_image\" \/>\n<meta name=\"twitter:label1\" content=\"Est. reading time\" \/>\n\t<meta name=\"twitter:data1\" content=\"2 minutes\" \/>\n<script type=\"application\/ld+json\" class=\"yoast-schema-graph\">{\"@context\":\"https:\\\/\\\/schema.org\",\"@graph\":[{\"@type\":\"WebPage\",\"@id\":\"https:\\\/\\\/medicinasinc.com\\\/pl\\\/product\\\/kup-oksykodon-proszek\\\/\",\"url\":\"https:\\\/\\\/medicinasinc.com\\\/pl\\\/product\\\/kup-oksykodon-proszek\\\/\",\"name\":\"Kup proszek oksykodonu - proszek oksykodonu - Best Global Meds\",\"isPartOf\":{\"@id\":\"https:\\\/\\\/medicinasinc.com\\\/pl\\\/#website\"},\"primaryImageOfPage\":{\"@id\":\"https:\\\/\\\/medicinasinc.com\\\/pl\\\/product\\\/kup-oksykodon-proszek\\\/#primaryimage\"},\"image\":{\"@id\":\"https:\\\/\\\/medicinasinc.com\\\/pl\\\/product\\\/kup-oksykodon-proszek\\\/#primaryimage\"},\"thumbnailUrl\":\"https:\\\/\\\/medicinasinc.com\\\/pl\\\/wp-content\\\/uploads\\\/sites\\\/13\\\/2022\\\/02\\\/Buy-oxycodone-powder.jpeg\",\"datePublished\":\"2022-02-22T03:22:57+00:00\",\"dateModified\":\"2022-03-22T00:50:16+00:00\",\"description\":\"Kup proszek oksykodonu w Polsce, Europie w naszym sklepie internetowym Bestglobalmeds.com z szybk\u0105 dostaw\u0105 na ca\u0142y \u015bwiat! Najlepszy proszek oksykodonu do zam\u00f3wienia znajdziesz tutaj!\",\"breadcrumb\":{\"@id\":\"https:\\\/\\\/medicinasinc.com\\\/pl\\\/product\\\/kup-oksykodon-proszek\\\/#breadcrumb\"},\"inLanguage\":\"en-US\",\"potentialAction\":[{\"@type\":\"ReadAction\",\"target\":[\"https:\\\/\\\/medicinasinc.com\\\/pl\\\/product\\\/kup-oksykodon-proszek\\\/\"]}]},{\"@type\":\"ImageObject\",\"inLanguage\":\"en-US\",\"@id\":\"https:\\\/\\\/medicinasinc.com\\\/pl\\\/product\\\/kup-oksykodon-proszek\\\/#primaryimage\",\"url\":\"https:\\\/\\\/medicinasinc.com\\\/pl\\\/wp-content\\\/uploads\\\/sites\\\/13\\\/2022\\\/02\\\/Buy-oxycodone-powder.jpeg\",\"contentUrl\":\"https:\\\/\\\/medicinasinc.com\\\/pl\\\/wp-content\\\/uploads\\\/sites\\\/13\\\/2022\\\/02\\\/Buy-oxycodone-powder.jpeg\",\"width\":510,\"height\":389},{\"@type\":\"BreadcrumbList\",\"@id\":\"https:\\\/\\\/medicinasinc.com\\\/pl\\\/product\\\/kup-oksykodon-proszek\\\/#breadcrumb\",\"itemListElement\":[{\"@type\":\"ListItem\",\"position\":1,\"name\":\"Sklep\",\"item\":\"https:\\\/\\\/medicinasinc.com\\\/pl\\\/sklep\\\/\"},{\"@type\":\"ListItem\",\"position\":2,\"name\":\"Kup proszek oksykodonu\"}]},{\"@type\":\"WebSite\",\"@id\":\"https:\\\/\\\/medicinasinc.com\\\/pl\\\/#website\",\"url\":\"https:\\\/\\\/medicinasinc.com\\\/pl\\\/\",\"name\":\"Medicinas Inc\",\"description\":\"Health Medical Clinic\",\"potentialAction\":[{\"@type\":\"SearchAction\",\"target\":{\"@type\":\"EntryPoint\",\"urlTemplate\":\"https:\\\/\\\/medicinasinc.com\\\/pl\\\/?s={search_term_string}\"},\"query-input\":{\"@type\":\"PropertyValueSpecification\",\"valueRequired\":true,\"valueName\":\"search_term_string\"}}],\"inLanguage\":\"en-US\"}]}<\/script>\n<!-- \/ Yoast SEO plugin. -->","yoast_head_json":{"title":"Kup proszek oksykodonu - proszek oksykodonu - Best Global Meds","description":"Kup proszek oksykodonu w Polsce, Europie w naszym sklepie internetowym Bestglobalmeds.com z szybk\u0105 dostaw\u0105 na ca\u0142y \u015bwiat! Najlepszy proszek oksykodonu do zam\u00f3wienia znajdziesz tutaj!","robots":{"index":"index","follow":"follow","max-snippet":"max-snippet:-1","max-image-preview":"max-image-preview:large","max-video-preview":"max-video-preview:-1"},"canonical":"https:\/\/medicinasinc.com\/pl\/product\/kup-oksykodon-proszek\/","og_locale":"en_US","og_type":"article","og_title":"Kup proszek oksykodonu - proszek oksykodonu - Best Global Meds","og_description":"Kup proszek oksykodonu w Polsce, Europie w naszym sklepie internetowym Bestglobalmeds.com z szybk\u0105 dostaw\u0105 na ca\u0142y \u015bwiat! Najlepszy proszek oksykodonu do zam\u00f3wienia znajdziesz tutaj!","og_url":"https:\/\/medicinasinc.com\/pl\/product\/kup-oksykodon-proszek\/","og_site_name":"Medicinas Inc","article_modified_time":"2022-03-22T00:50:16+00:00","og_image":[{"width":510,"height":389,"url":"https:\/\/medicinasinc.com\/pl\/wp-content\/uploads\/sites\/13\/2022\/02\/Buy-oxycodone-powder.jpeg","type":"image\/jpeg"}],"twitter_card":"summary_large_image","twitter_misc":{"Est. reading time":"2 minutes"},"schema":{"@context":"https:\/\/schema.org","@graph":[{"@type":"WebPage","@id":"https:\/\/medicinasinc.com\/pl\/product\/kup-oksykodon-proszek\/","url":"https:\/\/medicinasinc.com\/pl\/product\/kup-oksykodon-proszek\/","name":"Kup proszek oksykodonu - proszek oksykodonu - Best Global Meds","isPartOf":{"@id":"https:\/\/medicinasinc.com\/pl\/#website"},"primaryImageOfPage":{"@id":"https:\/\/medicinasinc.com\/pl\/product\/kup-oksykodon-proszek\/#primaryimage"},"image":{"@id":"https:\/\/medicinasinc.com\/pl\/product\/kup-oksykodon-proszek\/#primaryimage"},"thumbnailUrl":"https:\/\/medicinasinc.com\/pl\/wp-content\/uploads\/sites\/13\/2022\/02\/Buy-oxycodone-powder.jpeg","datePublished":"2022-02-22T03:22:57+00:00","dateModified":"2022-03-22T00:50:16+00:00","description":"Kup proszek oksykodonu w Polsce, Europie w naszym sklepie internetowym Bestglobalmeds.com z szybk\u0105 dostaw\u0105 na ca\u0142y \u015bwiat! Najlepszy proszek oksykodonu do zam\u00f3wienia znajdziesz tutaj!","breadcrumb":{"@id":"https:\/\/medicinasinc.com\/pl\/product\/kup-oksykodon-proszek\/#breadcrumb"},"inLanguage":"en-US","potentialAction":[{"@type":"ReadAction","target":["https:\/\/medicinasinc.com\/pl\/product\/kup-oksykodon-proszek\/"]}]},{"@type":"ImageObject","inLanguage":"en-US","@id":"https:\/\/medicinasinc.com\/pl\/product\/kup-oksykodon-proszek\/#primaryimage","url":"https:\/\/medicinasinc.com\/pl\/wp-content\/uploads\/sites\/13\/2022\/02\/Buy-oxycodone-powder.jpeg","contentUrl":"https:\/\/medicinasinc.com\/pl\/wp-content\/uploads\/sites\/13\/2022\/02\/Buy-oxycodone-powder.jpeg","width":510,"height":389},{"@type":"BreadcrumbList","@id":"https:\/\/medicinasinc.com\/pl\/product\/kup-oksykodon-proszek\/#breadcrumb","itemListElement":[{"@type":"ListItem","position":1,"name":"Sklep","item":"https:\/\/medicinasinc.com\/pl\/sklep\/"},{"@type":"ListItem","position":2,"name":"Kup proszek oksykodonu"}]},{"@type":"WebSite","@id":"https:\/\/medicinasinc.com\/pl\/#website","url":"https:\/\/medicinasinc.com\/pl\/","name":"Medicinas Inc","description":"Health Medical Clinic","potentialAction":[{"@type":"SearchAction","target":{"@type":"EntryPoint","urlTemplate":"https:\/\/medicinasinc.com\/pl\/?s={search_term_string}"},"query-input":{"@type":"PropertyValueSpecification","valueRequired":true,"valueName":"search_term_string"}}],"inLanguage":"en-US"}]}},"_links":{"self":[{"href":"https:\/\/medicinasinc.com\/pl\/wp-json\/wp\/v2\/product\/5651","targetHints":{"allow":["GET"]}}],"collection":[{"href":"https:\/\/medicinasinc.com\/pl\/wp-json\/wp\/v2\/product"}],"about":[{"href":"https:\/\/medicinasinc.com\/pl\/wp-json\/wp\/v2\/types\/product"}],"replies":[{"embeddable":true,"href":"https:\/\/medicinasinc.com\/pl\/wp-json\/wp\/v2\/comments?post=5651"}],"wp:featuredmedia":[{"embeddable":true,"href":"https:\/\/medicinasinc.com\/pl\/wp-json\/wp\/v2\/media\/5660"}],"wp:attachment":[{"href":"https:\/\/medicinasinc.com\/pl\/wp-json\/wp\/v2\/media?parent=5651"}],"wp:term":[{"taxonomy":"product_brand","embeddable":true,"href":"https:\/\/medicinasinc.com\/pl\/wp-json\/wp\/v2\/product_brand?post=5651"},{"taxonomy":"product_cat","embeddable":true,"href":"https:\/\/medicinasinc.com\/pl\/wp-json\/wp\/v2\/product_cat?post=5651"},{"taxonomy":"product_tag","embeddable":true,"href":"https:\/\/medicinasinc.com\/pl\/wp-json\/wp\/v2\/product_tag?post=5651"}],"curies":[{"name":"wp","href":"https:\/\/api.w.org\/{rel}","templated":true}]}}