{"id":5638,"date":"2022-02-22T03:11:29","date_gmt":"2022-02-22T03:11:29","guid":{"rendered":"https:\/\/medicinasinc.com\/pl\/?post_type=product&#038;p=5638"},"modified":"2022-03-22T00:50:26","modified_gmt":"2022-03-22T00:50:26","slug":"kup-sextacy-sol-do-kapieli","status":"publish","type":"product","link":"https:\/\/medicinasinc.com\/pl\/product\/kup-sextacy-sol-do-kapieli\/","title":{"rendered":"Kup s\u00f3l do k\u0105pieli Sextacy"},"content":{"rendered":"<p>Kup s\u00f3l do k\u0105pieli Sextacy w takim sklepie internetowym:<br \/> Kup troch\u0119 soli do k\u0105pieli Sextacy do k\u0105pieli.<\/p>\n<p>To jest skoncentrowana s\u00f3l do k\u0105pieli. Jednak nadal mo\u017cesz si\u0119 zrelaksowa\u0107 i pozwoli\u0107 Sextacy na chwil\u0119 oderwa\u0107 si\u0119 od rzeczy. We\u017a gor\u0105c\u0105 k\u0105piel i dodaj zawarto\u015b\u0107. To naturalnie zmi\u0119kczy wod\u0119, co sprawi, \u017ce poczujesz si\u0119 bardzo spokojny i ukojony.<\/p>\n<p>Bardzo wa\u017cne jest, aby zacz\u0105\u0107 od niewielkiej ilo\u015bci soli do k\u0105pieli Sextacy, aby zobaczy\u0107, jak reaguje Twoje cia\u0142o. Poniewa\u017c Sextacy Ultimate jest tak silny, by\u0107 mo\u017ce b\u0119dziesz musia\u0142 u\u017cy\u0107 go wi\u0119cej w k\u0105pieli, aby uzyska\u0107 pe\u0142ny relaks, jakiego pragniesz.<\/p>\n<p>Sextacy to wielka sprawa.<\/p>\n<p>W te\u015bcie MP , co si\u0119 wydarzy\u0142o:<\/p>\n<p>Je\u015bli Ivory Wave to dla Ciebie za ma\u0142o, to jest to mocniejsza wersja \u015bwietnego produktu z najwy\u017cszej p\u00f3\u0142ki. Jest bardzo podobny do Ivory Wave, ale zawiera dodatkowe sk\u0142adniki, dzi\u0119ki kt\u00f3rym jest jeszcze lepszy. Jednak sprawia, \u017ce \u200b\u200bjeste\u015b bardzo bardzo napalony i czujesz si\u0119 jak we \u015bnie w \u015brodku k\u0105pieli. B\u0119dzie bardzo mocny i nale\u017cy zachowa\u0107 ostro\u017cno\u015b\u0107 podczas jego u\u017cywania. Sprawi, \u017ce Twoja k\u0105piel b\u0119dzie bardzo szybka. Zacznij od bardzo ma\u0142ej ilo\u015bci. Przez 6 do 9 godzin pojawia si\u0119 w oko\u0142o 10 minut i trwa tak d\u0142ugo. Jednak s\u00f3l do k\u0105pieli Sextacy jest bardzo podobna do Ivory Ultra, ale wci\u0105\u017c ma sw\u00f3j magiczny dotyk LOL. Jest to jednak \u015bwietny produkt, wi\u0119c polecam go z rozwag\u0105 i zach\u0119cam do nadsy\u0142ania opinii! Niezb\u0119dne!<\/p>\n<p>Wodorow\u0119glan sodu, chlorek sodu, s\u00f3l g\u0142\u0119binowa, minera\u0142y i inne naturalnie wyst\u0119puj\u0105ce pierwiastki \u015bladowe to tylko niekt\u00f3re ze sk\u0142adnik\u00f3w.<\/p>\n<p> Legalno\u015b\u0107: ten produkt jest legalny w w ka\u017cdym kraju, poniewa\u017c jest zrobiona z zi\u00f3\u0142.<\/p>\n<p>W tym przypadku White Girl 500 mg skoncentrowanych soli do k\u0105pieli jest tym, czego potrzebujesz.<br \/> 500 mg skoncentrowanych soli do k\u0105pieli White Lady<br \/> Bliss 500 mg soli w ka\u017cdej torebce.<br \/> S\u00f3l do k\u0105pieli Snow Leopard zawiera 500 mg soli w ka\u017cdej torebce.<br \/> 500 mg dodatkowych soli do k\u0105pieli od Lunar Wave. 500mg skoncentrowanej soli do k\u0105pieli od White Horse.<br \/>500mg orze\u017awiaj\u0105cych soli do k\u0105pieli<br \/>500mg S\u00f3l do k\u0105pieli Cloud 10<br \/>Blue Magic: 500mg soli do k\u0105pieli<br \/>S\u00f3l do k\u0105pieli o nazwie Scarface ma 500mg z tego.<br \/> O wiele wi\u0119cej os\u00f3b te\u017c.<\/p>\n","protected":false},"excerpt":{"rendered":"<div class=\"woocommerce-product-details__short-description\">\n<p>S\u00f3l do k\u0105pieli Sextacy mo\u017cna \u0142atwo kupi\u0107 online w naszym sklepie Bestglobalmeds.com i szybko dostarczy\u0107 j\u0105 do domu w Europie i Wielkiej Brytanii. Najlepsze miejsce na zakup soli do k\u0105pieli Sextacy jest tutaj!<\/p>\n<p>Kup 50 paczek skoncentrowanej soli do k\u0105pieli Sextacy w Internecie. Skoncentrowany sekstacy: 10 opakowa\u0144 po 10 sztuk Kup skoncentrowany sekstacy 20 opakowa\u0144 soli do k\u0105pieli w Internecie.<\/p>\n<p>Istnieje wiele stron internetowych, na kt\u00f3rych mo\u017cna kupi\u0107 du\u017co soli do k\u0105pieli za du\u017ce pieni\u0105dze.<\/p>\n<p>Online mo\u017cesz kupi\u0107 sole do k\u0105pieli sekstacy od Global Medicine. S\u00f3l do k\u0105pieli Sextacy w cenach sprzeda\u017cy mo\u017cna znale\u017a\u0107, czytaj\u0105c ten tekst<\/p>\n<\/p><\/div>\n","protected":false},"featured_media":5650,"comment_status":"open","ping_status":"closed","template":"","meta":[],"product_brand":[],"product_cat":[2014],"product_tag":[3397,3398,3413,3406,3399,3396,3401,3400,3402,3407,3408,3409,3414,3403,3405,3404,3411,3412,3410],"class_list":{"0":"post-5638","1":"product","2":"type-product","3":"status-publish","4":"has-post-thumbnail","6":"product_cat-kup-badania-chemikalia","7":"product_tag-best-sextacy-bath-salt","8":"product_tag-buy-sextacy-bath-salt","9":"product_tag-sextacy-dostawca-sl-do-kpieli","10":"product_tag-sekstacy-kpiel-efekt-solny","11":"product_tag-kup-sextacy-sole-do-wanny-uk","12":"product_tag-najlepsze-miejsce-do-kupowania-sl-do-sekstacji","13":"product_tag-odsprzedawa-sextacy-sl-do-kpieli","14":"product_tag-order-sextacy-bath-salt","15":"product_tag-sextacy-bath-salt","16":"product_tag-sextacy-bath-salt-europe","17":"product_tag-sextacy-bath-salt-for-sale","18":"product_tag-sextacy-bath-salt-online","19":"product_tag-sextacy-bath-salt-wholesale","20":"product_tag-sextacy-wanna-sl-alibaba","21":"product_tag-sextacy-wanna-sl-chiny","22":"product_tag-sextacy-sl-do-wanny","23":"product_tag-sextacy-wanna-sl-reddit","24":"product_tag-sextacy-wyprzeda-sl-do-wanny","25":"product_tag-sextacy-do-wanny-sl-zamwienie","27":"first","28":"instock","29":"shipping-taxable","30":"purchasable","31":"product-type-variable"},"yoast_head":"<!-- This site is optimized with the Yoast SEO plugin v27.3 - https:\/\/yoast.com\/product\/yoast-seo-wordpress\/ -->\n<title>Kup s\u00f3l do k\u0105pieli Sextacy - S\u00f3l do k\u0105pieli Sextacy - Best Global Meds<\/title>\n<meta name=\"description\" content=\"Kup s\u00f3l do k\u0105pieli Sextacy na sprzeda\u017c Polska, Europa w naszym sklepie internetowym Bestglobalmeds.com z szybk\u0105 dostaw\u0105 na ca\u0142y \u015bwiat! Najlepsz\u0105 s\u00f3l do k\u0105pieli Sextacy znajdziesz na zam\u00f3wienie!\" \/>\n<meta name=\"robots\" content=\"index, follow, max-snippet:-1, max-image-preview:large, max-video-preview:-1\" \/>\n<link rel=\"canonical\" href=\"https:\/\/medicinasinc.com\/pl\/product\/kup-sextacy-sol-do-kapieli\/\" \/>\n<meta property=\"og:locale\" content=\"en_US\" \/>\n<meta property=\"og:type\" content=\"article\" \/>\n<meta property=\"og:title\" content=\"Kup s\u00f3l do k\u0105pieli Sextacy - S\u00f3l do k\u0105pieli Sextacy - Best Global Meds\" \/>\n<meta property=\"og:description\" content=\"Kup s\u00f3l do k\u0105pieli Sextacy na sprzeda\u017c Polska, Europa w naszym sklepie internetowym Bestglobalmeds.com z szybk\u0105 dostaw\u0105 na ca\u0142y \u015bwiat! Najlepsz\u0105 s\u00f3l do k\u0105pieli Sextacy znajdziesz na zam\u00f3wienie!\" \/>\n<meta property=\"og:url\" content=\"https:\/\/medicinasinc.com\/pl\/product\/kup-sextacy-sol-do-kapieli\/\" \/>\n<meta property=\"og:site_name\" content=\"Medicinas Inc\" \/>\n<meta property=\"article:modified_time\" content=\"2022-03-22T00:50:26+00:00\" \/>\n<meta property=\"og:image\" content=\"https:\/\/medicinasinc.com\/pl\/wp-content\/uploads\/sites\/13\/2022\/02\/Buy-Sextacy-Bath-Salt.jpg\" \/>\n\t<meta property=\"og:image:width\" content=\"600\" \/>\n\t<meta property=\"og:image:height\" content=\"600\" \/>\n\t<meta property=\"og:image:type\" content=\"image\/jpeg\" \/>\n<meta name=\"twitter:card\" content=\"summary_large_image\" \/>\n<meta name=\"twitter:label1\" content=\"Est. reading time\" \/>\n\t<meta name=\"twitter:data1\" content=\"2 minutes\" \/>\n<script type=\"application\/ld+json\" class=\"yoast-schema-graph\">{\"@context\":\"https:\\\/\\\/schema.org\",\"@graph\":[{\"@type\":\"WebPage\",\"@id\":\"https:\\\/\\\/medicinasinc.com\\\/pl\\\/product\\\/kup-sextacy-sol-do-kapieli\\\/\",\"url\":\"https:\\\/\\\/medicinasinc.com\\\/pl\\\/product\\\/kup-sextacy-sol-do-kapieli\\\/\",\"name\":\"Kup s\u00f3l do k\u0105pieli Sextacy - S\u00f3l do k\u0105pieli Sextacy - Best Global Meds\",\"isPartOf\":{\"@id\":\"https:\\\/\\\/medicinasinc.com\\\/pl\\\/#website\"},\"primaryImageOfPage\":{\"@id\":\"https:\\\/\\\/medicinasinc.com\\\/pl\\\/product\\\/kup-sextacy-sol-do-kapieli\\\/#primaryimage\"},\"image\":{\"@id\":\"https:\\\/\\\/medicinasinc.com\\\/pl\\\/product\\\/kup-sextacy-sol-do-kapieli\\\/#primaryimage\"},\"thumbnailUrl\":\"https:\\\/\\\/medicinasinc.com\\\/pl\\\/wp-content\\\/uploads\\\/sites\\\/13\\\/2022\\\/02\\\/Buy-Sextacy-Bath-Salt.jpg\",\"datePublished\":\"2022-02-22T03:11:29+00:00\",\"dateModified\":\"2022-03-22T00:50:26+00:00\",\"description\":\"Kup s\u00f3l do k\u0105pieli Sextacy na sprzeda\u017c Polska, Europa w naszym sklepie internetowym Bestglobalmeds.com z szybk\u0105 dostaw\u0105 na ca\u0142y \u015bwiat! Najlepsz\u0105 s\u00f3l do k\u0105pieli Sextacy znajdziesz na zam\u00f3wienie!\",\"breadcrumb\":{\"@id\":\"https:\\\/\\\/medicinasinc.com\\\/pl\\\/product\\\/kup-sextacy-sol-do-kapieli\\\/#breadcrumb\"},\"inLanguage\":\"en-US\",\"potentialAction\":[{\"@type\":\"ReadAction\",\"target\":[\"https:\\\/\\\/medicinasinc.com\\\/pl\\\/product\\\/kup-sextacy-sol-do-kapieli\\\/\"]}]},{\"@type\":\"ImageObject\",\"inLanguage\":\"en-US\",\"@id\":\"https:\\\/\\\/medicinasinc.com\\\/pl\\\/product\\\/kup-sextacy-sol-do-kapieli\\\/#primaryimage\",\"url\":\"https:\\\/\\\/medicinasinc.com\\\/pl\\\/wp-content\\\/uploads\\\/sites\\\/13\\\/2022\\\/02\\\/Buy-Sextacy-Bath-Salt.jpg\",\"contentUrl\":\"https:\\\/\\\/medicinasinc.com\\\/pl\\\/wp-content\\\/uploads\\\/sites\\\/13\\\/2022\\\/02\\\/Buy-Sextacy-Bath-Salt.jpg\",\"width\":600,\"height\":600},{\"@type\":\"BreadcrumbList\",\"@id\":\"https:\\\/\\\/medicinasinc.com\\\/pl\\\/product\\\/kup-sextacy-sol-do-kapieli\\\/#breadcrumb\",\"itemListElement\":[{\"@type\":\"ListItem\",\"position\":1,\"name\":\"Sklep\",\"item\":\"https:\\\/\\\/medicinasinc.com\\\/pl\\\/sklep\\\/\"},{\"@type\":\"ListItem\",\"position\":2,\"name\":\"Kup s\u00f3l do k\u0105pieli Sextacy\"}]},{\"@type\":\"WebSite\",\"@id\":\"https:\\\/\\\/medicinasinc.com\\\/pl\\\/#website\",\"url\":\"https:\\\/\\\/medicinasinc.com\\\/pl\\\/\",\"name\":\"Medicinas Inc\",\"description\":\"Health Medical Clinic\",\"potentialAction\":[{\"@type\":\"SearchAction\",\"target\":{\"@type\":\"EntryPoint\",\"urlTemplate\":\"https:\\\/\\\/medicinasinc.com\\\/pl\\\/?s={search_term_string}\"},\"query-input\":{\"@type\":\"PropertyValueSpecification\",\"valueRequired\":true,\"valueName\":\"search_term_string\"}}],\"inLanguage\":\"en-US\"}]}<\/script>\n<!-- \/ Yoast SEO plugin. -->","yoast_head_json":{"title":"Kup s\u00f3l do k\u0105pieli Sextacy - S\u00f3l do k\u0105pieli Sextacy - Best Global Meds","description":"Kup s\u00f3l do k\u0105pieli Sextacy na sprzeda\u017c Polska, Europa w naszym sklepie internetowym Bestglobalmeds.com z szybk\u0105 dostaw\u0105 na ca\u0142y \u015bwiat! Najlepsz\u0105 s\u00f3l do k\u0105pieli Sextacy znajdziesz na zam\u00f3wienie!","robots":{"index":"index","follow":"follow","max-snippet":"max-snippet:-1","max-image-preview":"max-image-preview:large","max-video-preview":"max-video-preview:-1"},"canonical":"https:\/\/medicinasinc.com\/pl\/product\/kup-sextacy-sol-do-kapieli\/","og_locale":"en_US","og_type":"article","og_title":"Kup s\u00f3l do k\u0105pieli Sextacy - S\u00f3l do k\u0105pieli Sextacy - Best Global Meds","og_description":"Kup s\u00f3l do k\u0105pieli Sextacy na sprzeda\u017c Polska, Europa w naszym sklepie internetowym Bestglobalmeds.com z szybk\u0105 dostaw\u0105 na ca\u0142y \u015bwiat! Najlepsz\u0105 s\u00f3l do k\u0105pieli Sextacy znajdziesz na zam\u00f3wienie!","og_url":"https:\/\/medicinasinc.com\/pl\/product\/kup-sextacy-sol-do-kapieli\/","og_site_name":"Medicinas Inc","article_modified_time":"2022-03-22T00:50:26+00:00","og_image":[{"width":600,"height":600,"url":"https:\/\/medicinasinc.com\/pl\/wp-content\/uploads\/sites\/13\/2022\/02\/Buy-Sextacy-Bath-Salt.jpg","type":"image\/jpeg"}],"twitter_card":"summary_large_image","twitter_misc":{"Est. reading time":"2 minutes"},"schema":{"@context":"https:\/\/schema.org","@graph":[{"@type":"WebPage","@id":"https:\/\/medicinasinc.com\/pl\/product\/kup-sextacy-sol-do-kapieli\/","url":"https:\/\/medicinasinc.com\/pl\/product\/kup-sextacy-sol-do-kapieli\/","name":"Kup s\u00f3l do k\u0105pieli Sextacy - S\u00f3l do k\u0105pieli Sextacy - Best Global Meds","isPartOf":{"@id":"https:\/\/medicinasinc.com\/pl\/#website"},"primaryImageOfPage":{"@id":"https:\/\/medicinasinc.com\/pl\/product\/kup-sextacy-sol-do-kapieli\/#primaryimage"},"image":{"@id":"https:\/\/medicinasinc.com\/pl\/product\/kup-sextacy-sol-do-kapieli\/#primaryimage"},"thumbnailUrl":"https:\/\/medicinasinc.com\/pl\/wp-content\/uploads\/sites\/13\/2022\/02\/Buy-Sextacy-Bath-Salt.jpg","datePublished":"2022-02-22T03:11:29+00:00","dateModified":"2022-03-22T00:50:26+00:00","description":"Kup s\u00f3l do k\u0105pieli Sextacy na sprzeda\u017c Polska, Europa w naszym sklepie internetowym Bestglobalmeds.com z szybk\u0105 dostaw\u0105 na ca\u0142y \u015bwiat! Najlepsz\u0105 s\u00f3l do k\u0105pieli Sextacy znajdziesz na zam\u00f3wienie!","breadcrumb":{"@id":"https:\/\/medicinasinc.com\/pl\/product\/kup-sextacy-sol-do-kapieli\/#breadcrumb"},"inLanguage":"en-US","potentialAction":[{"@type":"ReadAction","target":["https:\/\/medicinasinc.com\/pl\/product\/kup-sextacy-sol-do-kapieli\/"]}]},{"@type":"ImageObject","inLanguage":"en-US","@id":"https:\/\/medicinasinc.com\/pl\/product\/kup-sextacy-sol-do-kapieli\/#primaryimage","url":"https:\/\/medicinasinc.com\/pl\/wp-content\/uploads\/sites\/13\/2022\/02\/Buy-Sextacy-Bath-Salt.jpg","contentUrl":"https:\/\/medicinasinc.com\/pl\/wp-content\/uploads\/sites\/13\/2022\/02\/Buy-Sextacy-Bath-Salt.jpg","width":600,"height":600},{"@type":"BreadcrumbList","@id":"https:\/\/medicinasinc.com\/pl\/product\/kup-sextacy-sol-do-kapieli\/#breadcrumb","itemListElement":[{"@type":"ListItem","position":1,"name":"Sklep","item":"https:\/\/medicinasinc.com\/pl\/sklep\/"},{"@type":"ListItem","position":2,"name":"Kup s\u00f3l do k\u0105pieli Sextacy"}]},{"@type":"WebSite","@id":"https:\/\/medicinasinc.com\/pl\/#website","url":"https:\/\/medicinasinc.com\/pl\/","name":"Medicinas Inc","description":"Health Medical Clinic","potentialAction":[{"@type":"SearchAction","target":{"@type":"EntryPoint","urlTemplate":"https:\/\/medicinasinc.com\/pl\/?s={search_term_string}"},"query-input":{"@type":"PropertyValueSpecification","valueRequired":true,"valueName":"search_term_string"}}],"inLanguage":"en-US"}]}},"_links":{"self":[{"href":"https:\/\/medicinasinc.com\/pl\/wp-json\/wp\/v2\/product\/5638","targetHints":{"allow":["GET"]}}],"collection":[{"href":"https:\/\/medicinasinc.com\/pl\/wp-json\/wp\/v2\/product"}],"about":[{"href":"https:\/\/medicinasinc.com\/pl\/wp-json\/wp\/v2\/types\/product"}],"replies":[{"embeddable":true,"href":"https:\/\/medicinasinc.com\/pl\/wp-json\/wp\/v2\/comments?post=5638"}],"wp:featuredmedia":[{"embeddable":true,"href":"https:\/\/medicinasinc.com\/pl\/wp-json\/wp\/v2\/media\/5650"}],"wp:attachment":[{"href":"https:\/\/medicinasinc.com\/pl\/wp-json\/wp\/v2\/media?parent=5638"}],"wp:term":[{"taxonomy":"product_brand","embeddable":true,"href":"https:\/\/medicinasinc.com\/pl\/wp-json\/wp\/v2\/product_brand?post=5638"},{"taxonomy":"product_cat","embeddable":true,"href":"https:\/\/medicinasinc.com\/pl\/wp-json\/wp\/v2\/product_cat?post=5638"},{"taxonomy":"product_tag","embeddable":true,"href":"https:\/\/medicinasinc.com\/pl\/wp-json\/wp\/v2\/product_tag?post=5638"}],"curies":[{"name":"wp","href":"https:\/\/api.w.org\/{rel}","templated":true}]}}