{"id":5637,"date":"2022-02-22T03:10:06","date_gmt":"2022-02-22T03:10:06","guid":{"rendered":"https:\/\/medicinasinc.com\/pl\/?post_type=product&#038;p=5637"},"modified":"2022-03-22T00:50:39","modified_gmt":"2022-03-22T00:50:39","slug":"kup-sol-do-kapieli","status":"publish","type":"product","link":"https:\/\/medicinasinc.com\/pl\/product\/kup-sol-do-kapieli\/","title":{"rendered":"Kup b\u0142yszcz\u0105c\u0105 s\u00f3l do k\u0105pieli"},"content":{"rendered":"<p>Szczeg\u00f3\u0142y o produkcie<\/p>\n<p>Korzystaj\u0105c z naszych MUSUJ\u0104CYCH SOLI DO K\u0104PIELI, mo\u017cesz uprzyjemni\u0107 czas sp\u0119dzony w wannie. Ten wysokiej jako\u015bci dodatek do k\u0105pieli zawiera sole z morza martwego i epsom, kt\u00f3re pomagaj\u0105 organizmowi pozby\u0107 si\u0119 toksyn. Mleko kokosowe w proszku, bia\u0142ko owsiane i glinka kaolinowa zmi\u0119kczaj\u0105 i od\u017cywiaj\u0105 sk\u00f3r\u0119. Olejki eukaliptusowe, ja\u0142owcowe i lawendowe pomagaj\u0105 ludziom si\u0119 zrelaksowa\u0107, lepiej spa\u0107 i maj\u0105 w\u0142a\u015bciwo\u015bci aromaterapeutyczne.<\/p>\n<p>GAZOWANE SOLE DO K\u0104PIELI s\u0105 dostarczane w wykonanej na zam\u00f3wienie szklanej karafce o pojemno\u015bci 10 uncji, kt\u00f3ra jest owini\u0119ta traw\u0105 morsk\u0105. Wewn\u0119trzna cz\u0119\u015b\u0107 wieczka s\u0142u\u017cy do odmierzania soli.<\/p>\n<p>ZERO WASTE REFILL POUCH jest wykonany z papieru, kt\u00f3ry mo\u017cna kompostowa\u0107 w domu. To nasza odpowied\u017a na jednorazowe plastikowe torebki na s\u00f3l do k\u0105pieli, kt\u00f3re robili\u015bmy wcze\u015bniej. Je\u015bli woreczek ma austriack\u0105 certyfikacj\u0119 OK HOME, oznacza to, \u017ce ulegnie ca\u0142kowitemu rozk\u0142adowi w ha\u0142dzie kompostu w ogrodzie. Worek ZERO WASTE REFILL zawiera 10 uncji soli.<\/p>\n<p>Jak z niego korzysta\u0107<\/p>\n<p>Wlej 2-3 do trzech nakr\u0119tek do kubka ciep\u0142ej wody z pokrywk\u0105 po wewn\u0119trznej stronie szufelka. Delikatne b\u0105belki i odrobina iskierek pozwalaj\u0105 stwierdzi\u0107, kiedy nadszed\u0142 czas, aby wci\u0105gn\u0105\u0107 cia\u0142o.<\/p>\n<p>Po k\u0105pieli nie ma potrzeby sp\u0142ukiwania. Mo\u017cesz poklepa\u0107 swoje cia\u0142o r\u0119cznikiem. Kontynuuj nat\u0142uszczanie cia\u0142a, aby utrzyma\u0107 wilgo\u0107.<\/p>\n<p>Sk\u0142adniki<\/p>\n<p>Siarczan magnezu, ekstrakt Cocos Nucifera, glinka kaolinowa, proszek miki i s\u00f3d sodu to tylko niekt\u00f3re ze sk\u0142adnik\u00f3w Maris Sal , kt\u00f3ry jest r\u00f3wnie\u017c znany jako s\u00f3l z Morza Martwego lub s\u00f3l morska.<\/p>\n<p>Uwodnione bia\u0142ko owsiane (bia\u0142ko owsiane) i wodorow\u0119glan<\/p>\n<p>PROSZEK: Srebro koloidalne, ekstrakt z owoc\u00f3w Vaccinium angustifolium (wyci\u0105g z jag\u00f3d), Glukozyd kokosowy, olejek z li\u015bci Eucalyptus globulus, olejek z kwiat\u00f3w Lavandula angustifolia, olejek z drewna Juniperus communis i olejek z kwiat\u00f3w Lavandula angustifolia (olejek z ja\u0142owca)<\/p>\n<div class=\"product-next-previous\">\n<div class=\" produkt-poprzedni\"><\/div><\/div>\n","protected":false},"excerpt":{"rendered":"<p>Mo\u017cesz kupi\u0107 gazowan\u0105 s\u00f3l do k\u0105pieli na sprzeda\u017c w Wielkiej Brytanii, UE i Australii. Osoby, kt\u00f3re kupuj\u0105 u nas maj\u0105 pewno\u015b\u0107, \u017ce dostan\u0105 to, za co zap\u0142ac\u0105. Kup teraz w najlepszych cenach Sparkle Bath Salt!<\/p>\n<p>Upewnij si\u0119, \u017ce kupujesz JENAM LIVE LOVE SPARKLE BATH SALT CUP w najlepszej cenie online w Holandii i USA. Kup teraz co\u015b od Best Global Meds. Maj\u0105 \u015bwietne ceny!<\/p>\n<p>Skoncentrowana s\u00f3l do k\u0105pieli od najlepszych marek. Pozycja obowi\u0105zkowa dla ka\u017cdego obserwatora gwiazd. Poczujesz si\u0119 jasny jak gwiazdy.<\/p>\n","protected":false},"featured_media":5648,"comment_status":"open","ping_status":"closed","template":"","meta":[],"product_brand":[],"product_cat":[2014,610],"product_tag":[3387,3391,3380,3385,3394,3395,3381,3382,3384,3389,3390,3393,3386,3392,3383,3388],"class_list":{"0":"post-5637","1":"product","2":"type-product","3":"status-publish","4":"has-post-thumbnail","6":"product_cat-kup-badania-chemikalia","7":"product_cat-kup-hasz-haszysz","8":"product_tag-byszczca-sl-do-kpieli-online","9":"product_tag-byszczca-kpiel-sl-reddit","10":"product_tag-buy-sparkle-bath-salt","11":"product_tag-musujce-kpiel-efekt-solny","12":"product_tag-gdzie-kupi-gazowan-sl-do-kpieli","13":"product_tag-gdzie-zamowic-sl-do-wanny","14":"product_tag-kup-sl-do-kpieli-soli-europa","15":"product_tag-kup-sl-do-wanny-uk","16":"product_tag-sparkle-bath-salt-buy","17":"product_tag-sparkle-bath-salt-poland","18":"product_tag-sparkle-bath-salt-purchase","19":"product_tag-byszczca-kpiel-solna-szwecja","20":"product_tag-byszczca-kpiel-solna-niemcy","21":"product_tag-byszczca-sl-do-wyprzeday","22":"product_tag-zamw-gazowan-sl-do-kpieli","23":"product_tag-lnica-kpiel-sl-zamwienie","25":"first","26":"instock","27":"shipping-taxable","28":"purchasable","29":"product-type-variable","30":"has-default-attributes"},"yoast_head":"<!-- This site is optimized with the Yoast SEO plugin v27.3 - https:\/\/yoast.com\/product\/yoast-seo-wordpress\/ -->\n<title>Kup Sparkle S\u00f3l do K\u0105pieli - Sparkle S\u00f3l do K\u0105pieli - Best Global Meds<\/title>\n<meta name=\"description\" content=\"Kup s\u00f3l do k\u0105pieli Sparkle na sprzeda\u017c w Wielkiej Brytanii, Europie, AU. oferujemy najbardziej niezawodn\u0105 transakcj\u0119 i sprzedajemy po bardzo przyst\u0119pnych cenach. Zam\u00f3w teraz Sparkle s\u00f3l do k\u0105pieli w najlepszych cenach\" \/>\n<meta name=\"robots\" content=\"index, follow, max-snippet:-1, max-image-preview:large, max-video-preview:-1\" \/>\n<link rel=\"canonical\" href=\"https:\/\/medicinasinc.com\/pl\/product\/kup-sol-do-kapieli\/\" \/>\n<meta property=\"og:locale\" content=\"en_US\" \/>\n<meta property=\"og:type\" content=\"article\" \/>\n<meta property=\"og:title\" content=\"Kup Sparkle S\u00f3l do K\u0105pieli - Sparkle S\u00f3l do K\u0105pieli - Best Global Meds\" \/>\n<meta property=\"og:description\" content=\"Kup s\u00f3l do k\u0105pieli Sparkle na sprzeda\u017c w Wielkiej Brytanii, Europie, AU. oferujemy najbardziej niezawodn\u0105 transakcj\u0119 i sprzedajemy po bardzo przyst\u0119pnych cenach. Zam\u00f3w teraz Sparkle s\u00f3l do k\u0105pieli w najlepszych cenach\" \/>\n<meta property=\"og:url\" content=\"https:\/\/medicinasinc.com\/pl\/product\/kup-sol-do-kapieli\/\" \/>\n<meta property=\"og:site_name\" content=\"Medicinas Inc\" \/>\n<meta property=\"article:modified_time\" content=\"2022-03-22T00:50:39+00:00\" \/>\n<meta property=\"og:image\" content=\"https:\/\/medicinasinc.com\/pl\/wp-content\/uploads\/sites\/13\/2022\/02\/Buy-Sparkle-Bath-Salt.jpg\" \/>\n\t<meta property=\"og:image:width\" content=\"750\" \/>\n\t<meta property=\"og:image:height\" content=\"750\" \/>\n\t<meta property=\"og:image:type\" content=\"image\/jpeg\" \/>\n<meta name=\"twitter:card\" content=\"summary_large_image\" \/>\n<meta name=\"twitter:label1\" content=\"Est. reading time\" \/>\n\t<meta name=\"twitter:data1\" content=\"2 minutes\" \/>\n<script type=\"application\/ld+json\" class=\"yoast-schema-graph\">{\"@context\":\"https:\\\/\\\/schema.org\",\"@graph\":[{\"@type\":\"WebPage\",\"@id\":\"https:\\\/\\\/medicinasinc.com\\\/pl\\\/product\\\/kup-sol-do-kapieli\\\/\",\"url\":\"https:\\\/\\\/medicinasinc.com\\\/pl\\\/product\\\/kup-sol-do-kapieli\\\/\",\"name\":\"Kup Sparkle S\u00f3l do K\u0105pieli - Sparkle S\u00f3l do K\u0105pieli - Best Global Meds\",\"isPartOf\":{\"@id\":\"https:\\\/\\\/medicinasinc.com\\\/pl\\\/#website\"},\"primaryImageOfPage\":{\"@id\":\"https:\\\/\\\/medicinasinc.com\\\/pl\\\/product\\\/kup-sol-do-kapieli\\\/#primaryimage\"},\"image\":{\"@id\":\"https:\\\/\\\/medicinasinc.com\\\/pl\\\/product\\\/kup-sol-do-kapieli\\\/#primaryimage\"},\"thumbnailUrl\":\"https:\\\/\\\/medicinasinc.com\\\/pl\\\/wp-content\\\/uploads\\\/sites\\\/13\\\/2022\\\/02\\\/Buy-Sparkle-Bath-Salt.jpg\",\"datePublished\":\"2022-02-22T03:10:06+00:00\",\"dateModified\":\"2022-03-22T00:50:39+00:00\",\"description\":\"Kup s\u00f3l do k\u0105pieli Sparkle na sprzeda\u017c w Wielkiej Brytanii, Europie, AU. oferujemy najbardziej niezawodn\u0105 transakcj\u0119 i sprzedajemy po bardzo przyst\u0119pnych cenach. Zam\u00f3w teraz Sparkle s\u00f3l do k\u0105pieli w najlepszych cenach\",\"breadcrumb\":{\"@id\":\"https:\\\/\\\/medicinasinc.com\\\/pl\\\/product\\\/kup-sol-do-kapieli\\\/#breadcrumb\"},\"inLanguage\":\"en-US\",\"potentialAction\":[{\"@type\":\"ReadAction\",\"target\":[\"https:\\\/\\\/medicinasinc.com\\\/pl\\\/product\\\/kup-sol-do-kapieli\\\/\"]}]},{\"@type\":\"ImageObject\",\"inLanguage\":\"en-US\",\"@id\":\"https:\\\/\\\/medicinasinc.com\\\/pl\\\/product\\\/kup-sol-do-kapieli\\\/#primaryimage\",\"url\":\"https:\\\/\\\/medicinasinc.com\\\/pl\\\/wp-content\\\/uploads\\\/sites\\\/13\\\/2022\\\/02\\\/Buy-Sparkle-Bath-Salt.jpg\",\"contentUrl\":\"https:\\\/\\\/medicinasinc.com\\\/pl\\\/wp-content\\\/uploads\\\/sites\\\/13\\\/2022\\\/02\\\/Buy-Sparkle-Bath-Salt.jpg\",\"width\":750,\"height\":750},{\"@type\":\"BreadcrumbList\",\"@id\":\"https:\\\/\\\/medicinasinc.com\\\/pl\\\/product\\\/kup-sol-do-kapieli\\\/#breadcrumb\",\"itemListElement\":[{\"@type\":\"ListItem\",\"position\":1,\"name\":\"Sklep\",\"item\":\"https:\\\/\\\/medicinasinc.com\\\/pl\\\/sklep\\\/\"},{\"@type\":\"ListItem\",\"position\":2,\"name\":\"Kup b\u0142yszcz\u0105c\u0105 s\u00f3l do k\u0105pieli\"}]},{\"@type\":\"WebSite\",\"@id\":\"https:\\\/\\\/medicinasinc.com\\\/pl\\\/#website\",\"url\":\"https:\\\/\\\/medicinasinc.com\\\/pl\\\/\",\"name\":\"Medicinas Inc\",\"description\":\"Health Medical Clinic\",\"potentialAction\":[{\"@type\":\"SearchAction\",\"target\":{\"@type\":\"EntryPoint\",\"urlTemplate\":\"https:\\\/\\\/medicinasinc.com\\\/pl\\\/?s={search_term_string}\"},\"query-input\":{\"@type\":\"PropertyValueSpecification\",\"valueRequired\":true,\"valueName\":\"search_term_string\"}}],\"inLanguage\":\"en-US\"}]}<\/script>\n<!-- \/ Yoast SEO plugin. -->","yoast_head_json":{"title":"Kup Sparkle S\u00f3l do K\u0105pieli - Sparkle S\u00f3l do K\u0105pieli - Best Global Meds","description":"Kup s\u00f3l do k\u0105pieli Sparkle na sprzeda\u017c w Wielkiej Brytanii, Europie, AU. oferujemy najbardziej niezawodn\u0105 transakcj\u0119 i sprzedajemy po bardzo przyst\u0119pnych cenach. Zam\u00f3w teraz Sparkle s\u00f3l do k\u0105pieli w najlepszych cenach","robots":{"index":"index","follow":"follow","max-snippet":"max-snippet:-1","max-image-preview":"max-image-preview:large","max-video-preview":"max-video-preview:-1"},"canonical":"https:\/\/medicinasinc.com\/pl\/product\/kup-sol-do-kapieli\/","og_locale":"en_US","og_type":"article","og_title":"Kup Sparkle S\u00f3l do K\u0105pieli - Sparkle S\u00f3l do K\u0105pieli - Best Global Meds","og_description":"Kup s\u00f3l do k\u0105pieli Sparkle na sprzeda\u017c w Wielkiej Brytanii, Europie, AU. oferujemy najbardziej niezawodn\u0105 transakcj\u0119 i sprzedajemy po bardzo przyst\u0119pnych cenach. Zam\u00f3w teraz Sparkle s\u00f3l do k\u0105pieli w najlepszych cenach","og_url":"https:\/\/medicinasinc.com\/pl\/product\/kup-sol-do-kapieli\/","og_site_name":"Medicinas Inc","article_modified_time":"2022-03-22T00:50:39+00:00","og_image":[{"width":750,"height":750,"url":"https:\/\/medicinasinc.com\/pl\/wp-content\/uploads\/sites\/13\/2022\/02\/Buy-Sparkle-Bath-Salt.jpg","type":"image\/jpeg"}],"twitter_card":"summary_large_image","twitter_misc":{"Est. reading time":"2 minutes"},"schema":{"@context":"https:\/\/schema.org","@graph":[{"@type":"WebPage","@id":"https:\/\/medicinasinc.com\/pl\/product\/kup-sol-do-kapieli\/","url":"https:\/\/medicinasinc.com\/pl\/product\/kup-sol-do-kapieli\/","name":"Kup Sparkle S\u00f3l do K\u0105pieli - Sparkle S\u00f3l do K\u0105pieli - Best Global Meds","isPartOf":{"@id":"https:\/\/medicinasinc.com\/pl\/#website"},"primaryImageOfPage":{"@id":"https:\/\/medicinasinc.com\/pl\/product\/kup-sol-do-kapieli\/#primaryimage"},"image":{"@id":"https:\/\/medicinasinc.com\/pl\/product\/kup-sol-do-kapieli\/#primaryimage"},"thumbnailUrl":"https:\/\/medicinasinc.com\/pl\/wp-content\/uploads\/sites\/13\/2022\/02\/Buy-Sparkle-Bath-Salt.jpg","datePublished":"2022-02-22T03:10:06+00:00","dateModified":"2022-03-22T00:50:39+00:00","description":"Kup s\u00f3l do k\u0105pieli Sparkle na sprzeda\u017c w Wielkiej Brytanii, Europie, AU. oferujemy najbardziej niezawodn\u0105 transakcj\u0119 i sprzedajemy po bardzo przyst\u0119pnych cenach. Zam\u00f3w teraz Sparkle s\u00f3l do k\u0105pieli w najlepszych cenach","breadcrumb":{"@id":"https:\/\/medicinasinc.com\/pl\/product\/kup-sol-do-kapieli\/#breadcrumb"},"inLanguage":"en-US","potentialAction":[{"@type":"ReadAction","target":["https:\/\/medicinasinc.com\/pl\/product\/kup-sol-do-kapieli\/"]}]},{"@type":"ImageObject","inLanguage":"en-US","@id":"https:\/\/medicinasinc.com\/pl\/product\/kup-sol-do-kapieli\/#primaryimage","url":"https:\/\/medicinasinc.com\/pl\/wp-content\/uploads\/sites\/13\/2022\/02\/Buy-Sparkle-Bath-Salt.jpg","contentUrl":"https:\/\/medicinasinc.com\/pl\/wp-content\/uploads\/sites\/13\/2022\/02\/Buy-Sparkle-Bath-Salt.jpg","width":750,"height":750},{"@type":"BreadcrumbList","@id":"https:\/\/medicinasinc.com\/pl\/product\/kup-sol-do-kapieli\/#breadcrumb","itemListElement":[{"@type":"ListItem","position":1,"name":"Sklep","item":"https:\/\/medicinasinc.com\/pl\/sklep\/"},{"@type":"ListItem","position":2,"name":"Kup b\u0142yszcz\u0105c\u0105 s\u00f3l do k\u0105pieli"}]},{"@type":"WebSite","@id":"https:\/\/medicinasinc.com\/pl\/#website","url":"https:\/\/medicinasinc.com\/pl\/","name":"Medicinas Inc","description":"Health Medical Clinic","potentialAction":[{"@type":"SearchAction","target":{"@type":"EntryPoint","urlTemplate":"https:\/\/medicinasinc.com\/pl\/?s={search_term_string}"},"query-input":{"@type":"PropertyValueSpecification","valueRequired":true,"valueName":"search_term_string"}}],"inLanguage":"en-US"}]}},"_links":{"self":[{"href":"https:\/\/medicinasinc.com\/pl\/wp-json\/wp\/v2\/product\/5637","targetHints":{"allow":["GET"]}}],"collection":[{"href":"https:\/\/medicinasinc.com\/pl\/wp-json\/wp\/v2\/product"}],"about":[{"href":"https:\/\/medicinasinc.com\/pl\/wp-json\/wp\/v2\/types\/product"}],"replies":[{"embeddable":true,"href":"https:\/\/medicinasinc.com\/pl\/wp-json\/wp\/v2\/comments?post=5637"}],"wp:featuredmedia":[{"embeddable":true,"href":"https:\/\/medicinasinc.com\/pl\/wp-json\/wp\/v2\/media\/5648"}],"wp:attachment":[{"href":"https:\/\/medicinasinc.com\/pl\/wp-json\/wp\/v2\/media?parent=5637"}],"wp:term":[{"taxonomy":"product_brand","embeddable":true,"href":"https:\/\/medicinasinc.com\/pl\/wp-json\/wp\/v2\/product_brand?post=5637"},{"taxonomy":"product_cat","embeddable":true,"href":"https:\/\/medicinasinc.com\/pl\/wp-json\/wp\/v2\/product_cat?post=5637"},{"taxonomy":"product_tag","embeddable":true,"href":"https:\/\/medicinasinc.com\/pl\/wp-json\/wp\/v2\/product_tag?post=5637"}],"curies":[{"name":"wp","href":"https:\/\/api.w.org\/{rel}","templated":true}]}}