{"id":5636,"date":"2022-02-22T03:08:33","date_gmt":"2022-02-22T03:08:33","guid":{"rendered":"https:\/\/medicinasinc.com\/pl\/?post_type=product&#038;p=5636"},"modified":"2022-03-22T00:50:47","modified_gmt":"2022-03-22T00:50:47","slug":"kup-syntakaine-w-proszku","status":"publish","type":"product","link":"https:\/\/medicinasinc.com\/pl\/product\/kup-syntakaine-w-proszku\/","title":{"rendered":"Kup proszek syntakainowy"},"content":{"rendered":"<p>KUP SYNTAKAIN\u0118 W PROSZKU DO U\u017bYCIA<br \/> Synthacaine Powder to chemia badawcza sprzedawana przez hurtownika.<br \/> Kiedy p\u0142acisz, mo\u017cesz wybra\u0107 p\u0142atno\u015b\u0107 przelewem bankowym lub bitcoinami.<br \/> Pami\u0119taj, \u017ce jeste\u015b obj\u0119ty ubezpieczeniem tylko w przypadku zagubienia paczki. Je\u015bli korzystasz z us\u0142ugi Tracked Insured, a Twoja paczka zostanie utracona, ode\u015blemy Ci j\u0105 bezp\u0142atnie.<br \/> Zapoznaj si\u0119 z przepisami obowi\u0105zuj\u0105cymi w Twoim kraju dotycz\u0105cymi importowania chemikali\u00f3w.<br \/> Zam\u00f3wienia na bitcoiny z\u0142o\u017cone od poniedzia\u0142ku do pi\u0105tku do 15:30 zostan\u0105 wys\u0142ane tego samego dnia, w kt\u00f3rym zosta\u0142y umieszczone.<\/p>\n<p>Kiedy Synthacaine zosta\u0142a po raz pierwszy u\u017cyta w badaniach, mia\u0142a z\u0142\u0105 reputacj\u0119. Dzieje si\u0119 tak g\u0142\u00f3wnie dlatego, \u017ce wiele firm sprzedawa\u0142o pr\u00f3bki o niskiej jako\u015bci. Ale nie na Highstore.net!<\/p>\n<p>Wsp\u00f3\u0142pracujemy z dobrym laboratorium, aby upewni\u0107 si\u0119, \u017ce ca\u0142a wytwarzana przez nas syntakaina jest co najmniej w 98% czysta. Nie podajemy dok\u0142adnego przepisu na ten produkt, poniewa\u017c jest to tajna mieszanka.<\/p>\n<p>Syntakaina Gr8 Research Chems cieszy si\u0119 dobr\u0105 opini\u0105. Z przyjemno\u015bci\u0105 informujemy, \u017ce nasze zapasy pochodz\u0105 z tego samego \u017ar\u00f3d\u0142a.<\/p>\n<p>Wci\u0105\u017c wiele nie wiemy o tej substancji chemicznej, ale jak dot\u0105d testy pokazuj\u0105, \u017ce mo\u017ce ona bardzo szybko uszcz\u0119\u015bliwi\u0107 ludzi .<\/p>\n<p>Mo\u017ce by\u0107 r\u00f3wnie\u017c \u015brodkiem pobudzaj\u0105cym, dlatego wa\u017cne jest, aby naukowcy podj\u0119li kroki, aby trzyma\u0107 si\u0119 od niego z daleka i testowa\u0107 tylko dwie partie na raz.<\/p>\n<p>Sk\u0142adniki chemiczne kt\u00f3re sprzedajemy, nie s\u0105 zatwierdzone do \u017cadnych bada\u0144 in vivo (tj. nie na ludziach lub zwierz\u0119tach) ani bada\u0144 klinicznych, wi\u0119c je\u015bli zostan\u0105 przypadkowo po\u0142kni\u0119te, nale\u017cy natychmiast uzyska\u0107 pomoc medyczn\u0105. Dotyczy to wszystkich sprzedawanych przez nas chemikali\u00f3w. Prosimy o przestrzeganie standardowych laboratoryjnych zasad bezpiecze\u0144stwa, takich jak noszenie odpowiedniej ochrony sk\u00f3ry, oczu i odzie\u017cy.<\/p>\n<p>Je\u015bli je zjesz, powiniene\u015b natychmiast uzyska\u0107 pomoc medyczn\u0105.<\/p>\n<p>Ludzie mog\u0105 kupowa\u0107 ten produkt w ilo\u015bciach 500 mg i 1 gram. Mo\u017cna go r\u00f3wnie\u017c kupi\u0107 w ilo\u015bciach 500 mg i 2 gramy.<\/p>\n<p>Musi mie\u0107 uko\u0144czone 18 lat i nie mo\u017ce by\u0107 spo\u017cywany przez ludzi.<\/p>\n","protected":false},"excerpt":{"rendered":"<div class=\"woocommerce-product-details__short-description\">\n<p>Mo\u017cesz kupi\u0107 proszek Synthacaine w naszym sklepie internetowym Best Global Meds w Wielkiej Brytanii, Europie, Azji, Chinach i szybko dostarczy\u0107 go na ca\u0142y \u015bwiat! To tutaj znajdziesz najlepsz\u0105 Synthacaine do kupienia.<\/p>\n<p>Synthacaine Powder: Kup Synthacaine Powder, Synthacaine Powder Research Chemical Wholesale. Przy kasie mo\u017cesz wybra\u0107 p\u0142atno\u015b\u0107 przelewem bankowym lub bitcoinami.<\/p>\n<p>Synthacaine do zakupu online Synthacaine mo\u017cna kupi\u0107 w internetowych sklepach chemicznych. Mo\u017cesz je znale\u017a\u0107. Internetowe sklepy z chemikaliami s\u0105 najlepszym miejscem do kupowania chemikali\u00f3w badawczych, poniewa\u017c mo\u017cna je tam kupi\u0107.<\/p>\n<p>Co to jest Synthacaine? Gdzie mog\u0119 to kupi\u0107? Best Global Meds to jedno z najlepszych miejsc, w kt\u00f3rych mo\u017cna kupi\u0107 Synthacaine online. Na sprzeda\u017c: Mamy na sprzeda\u017c wysokiej jako\u015bci Synthacaine.<\/p>\n<p>Kup Synthacaine Powder w niskiej cenie przez Internet.<\/p>\n<p>Synthacaine jest czysta w 99,8%. W badaniach wykorzystywana jest syntakaina. Przy 100 mg jest bardzo silny.<\/p>\n<\/p><\/div>\n","protected":false},"featured_media":5646,"comment_status":"open","ping_status":"closed","template":"","meta":[],"product_brand":[],"product_cat":[2014],"product_tag":[3365,3366,3367,3362,3371,3379,3374,3359,3360,3361,3368,3372,3373,3364,3377,3376,3370,3375,3369,3378,3363],"class_list":{"0":"post-5636","1":"product","2":"type-product","3":"status-publish","4":"has-post-thumbnail","6":"product_cat-kup-badania-chemikalia","7":"product_tag-badania-chemiczne-nowe-wydanie-syntakaina-proszek","8":"product_tag-badania-chemiczne-syntakaina-proszek","9":"product_tag-badania-chemiczne-online","10":"product_tag-buy-synthacaine-powder-uk","11":"product_tag-efekt-syntakainy-w-proszku","12":"product_tag-gdzie-kupi-syntakain-w-proszku","13":"product_tag-syntakaina-proszek-zamwienie","14":"product_tag-kup-badania-chemiczne-syntakaina-proszek","15":"product_tag-kup-badania-chemiczne-syntakaina-proszek-online","16":"product_tag-kup-syntakain-w-proszku","17":"product_tag-proszek-syntakainowy","18":"product_tag-syntakaina-proszek-na-sprzeda","19":"product_tag-syntakaina-proszek-online","20":"product_tag-research-chem-synthacaine-powder","21":"product_tag-syntakaina-proszek-wyprzeda","22":"product_tag-syntakaina-proszek-badawczy-chemiczny","23":"product_tag-syntakaina-proszek-china","24":"product_tag-syntakaina-proszek-reddit","25":"product_tag-synthacaine-powder-buy","26":"product_tag-syntakaina-proszek-hurt","27":"product_tag-zamw-syntakain-proszek-europa","29":"first","30":"instock","31":"shipping-taxable","32":"purchasable","33":"product-type-variable","34":"has-default-attributes"},"yoast_head":"<!-- This site is optimized with the Yoast SEO plugin v27.3 - https:\/\/yoast.com\/product\/yoast-seo-wordpress\/ -->\n<title>Kup Synthacaine Powder - Synthacaine Powder - Best Global Meds<\/title>\n<meta name=\"description\" content=\"Kup Synthacaine Powder w Wielkiej Brytanii, Europie, Azji, Chinach w naszym najlepszym sklepie internetowym Global Meds z szybk\u0105 dostaw\u0105 na ca\u0142y \u015bwiat! Najlepsz\u0105 Syntakain\u0119 do zam\u00f3wienia znajdziesz tutaj!\" \/>\n<meta name=\"robots\" content=\"index, follow, max-snippet:-1, max-image-preview:large, max-video-preview:-1\" \/>\n<link rel=\"canonical\" href=\"https:\/\/medicinasinc.com\/pl\/product\/kup-syntakaine-w-proszku\/\" \/>\n<meta property=\"og:locale\" content=\"en_US\" \/>\n<meta property=\"og:type\" content=\"article\" \/>\n<meta property=\"og:title\" content=\"Kup Synthacaine Powder - Synthacaine Powder - Best Global Meds\" \/>\n<meta property=\"og:description\" content=\"Kup Synthacaine Powder w Wielkiej Brytanii, Europie, Azji, Chinach w naszym najlepszym sklepie internetowym Global Meds z szybk\u0105 dostaw\u0105 na ca\u0142y \u015bwiat! Najlepsz\u0105 Syntakain\u0119 do zam\u00f3wienia znajdziesz tutaj!\" \/>\n<meta property=\"og:url\" content=\"https:\/\/medicinasinc.com\/pl\/product\/kup-syntakaine-w-proszku\/\" \/>\n<meta property=\"og:site_name\" content=\"Medicinas Inc\" \/>\n<meta property=\"article:modified_time\" content=\"2022-03-22T00:50:47+00:00\" \/>\n<meta property=\"og:image\" content=\"https:\/\/medicinasinc.com\/pl\/wp-content\/uploads\/sites\/13\/2022\/02\/Buy-Synthacaine-Powder.jpg\" \/>\n\t<meta property=\"og:image:width\" content=\"600\" \/>\n\t<meta property=\"og:image:height\" content=\"600\" \/>\n\t<meta property=\"og:image:type\" content=\"image\/jpeg\" \/>\n<meta name=\"twitter:card\" content=\"summary_large_image\" \/>\n<meta name=\"twitter:label1\" content=\"Est. reading time\" \/>\n\t<meta name=\"twitter:data1\" content=\"2 minutes\" \/>\n<script type=\"application\/ld+json\" class=\"yoast-schema-graph\">{\"@context\":\"https:\\\/\\\/schema.org\",\"@graph\":[{\"@type\":\"WebPage\",\"@id\":\"https:\\\/\\\/medicinasinc.com\\\/pl\\\/product\\\/kup-syntakaine-w-proszku\\\/\",\"url\":\"https:\\\/\\\/medicinasinc.com\\\/pl\\\/product\\\/kup-syntakaine-w-proszku\\\/\",\"name\":\"Kup Synthacaine Powder - Synthacaine Powder - Best Global Meds\",\"isPartOf\":{\"@id\":\"https:\\\/\\\/medicinasinc.com\\\/pl\\\/#website\"},\"primaryImageOfPage\":{\"@id\":\"https:\\\/\\\/medicinasinc.com\\\/pl\\\/product\\\/kup-syntakaine-w-proszku\\\/#primaryimage\"},\"image\":{\"@id\":\"https:\\\/\\\/medicinasinc.com\\\/pl\\\/product\\\/kup-syntakaine-w-proszku\\\/#primaryimage\"},\"thumbnailUrl\":\"https:\\\/\\\/medicinasinc.com\\\/pl\\\/wp-content\\\/uploads\\\/sites\\\/13\\\/2022\\\/02\\\/Buy-Synthacaine-Powder.jpg\",\"datePublished\":\"2022-02-22T03:08:33+00:00\",\"dateModified\":\"2022-03-22T00:50:47+00:00\",\"description\":\"Kup Synthacaine Powder w Wielkiej Brytanii, Europie, Azji, Chinach w naszym najlepszym sklepie internetowym Global Meds z szybk\u0105 dostaw\u0105 na ca\u0142y \u015bwiat! Najlepsz\u0105 Syntakain\u0119 do zam\u00f3wienia znajdziesz tutaj!\",\"breadcrumb\":{\"@id\":\"https:\\\/\\\/medicinasinc.com\\\/pl\\\/product\\\/kup-syntakaine-w-proszku\\\/#breadcrumb\"},\"inLanguage\":\"en-US\",\"potentialAction\":[{\"@type\":\"ReadAction\",\"target\":[\"https:\\\/\\\/medicinasinc.com\\\/pl\\\/product\\\/kup-syntakaine-w-proszku\\\/\"]}]},{\"@type\":\"ImageObject\",\"inLanguage\":\"en-US\",\"@id\":\"https:\\\/\\\/medicinasinc.com\\\/pl\\\/product\\\/kup-syntakaine-w-proszku\\\/#primaryimage\",\"url\":\"https:\\\/\\\/medicinasinc.com\\\/pl\\\/wp-content\\\/uploads\\\/sites\\\/13\\\/2022\\\/02\\\/Buy-Synthacaine-Powder.jpg\",\"contentUrl\":\"https:\\\/\\\/medicinasinc.com\\\/pl\\\/wp-content\\\/uploads\\\/sites\\\/13\\\/2022\\\/02\\\/Buy-Synthacaine-Powder.jpg\",\"width\":600,\"height\":600},{\"@type\":\"BreadcrumbList\",\"@id\":\"https:\\\/\\\/medicinasinc.com\\\/pl\\\/product\\\/kup-syntakaine-w-proszku\\\/#breadcrumb\",\"itemListElement\":[{\"@type\":\"ListItem\",\"position\":1,\"name\":\"Sklep\",\"item\":\"https:\\\/\\\/medicinasinc.com\\\/pl\\\/sklep\\\/\"},{\"@type\":\"ListItem\",\"position\":2,\"name\":\"Kup proszek syntakainowy\"}]},{\"@type\":\"WebSite\",\"@id\":\"https:\\\/\\\/medicinasinc.com\\\/pl\\\/#website\",\"url\":\"https:\\\/\\\/medicinasinc.com\\\/pl\\\/\",\"name\":\"Medicinas Inc\",\"description\":\"Health Medical Clinic\",\"potentialAction\":[{\"@type\":\"SearchAction\",\"target\":{\"@type\":\"EntryPoint\",\"urlTemplate\":\"https:\\\/\\\/medicinasinc.com\\\/pl\\\/?s={search_term_string}\"},\"query-input\":{\"@type\":\"PropertyValueSpecification\",\"valueRequired\":true,\"valueName\":\"search_term_string\"}}],\"inLanguage\":\"en-US\"}]}<\/script>\n<!-- \/ Yoast SEO plugin. -->","yoast_head_json":{"title":"Kup Synthacaine Powder - Synthacaine Powder - Best Global Meds","description":"Kup Synthacaine Powder w Wielkiej Brytanii, Europie, Azji, Chinach w naszym najlepszym sklepie internetowym Global Meds z szybk\u0105 dostaw\u0105 na ca\u0142y \u015bwiat! Najlepsz\u0105 Syntakain\u0119 do zam\u00f3wienia znajdziesz tutaj!","robots":{"index":"index","follow":"follow","max-snippet":"max-snippet:-1","max-image-preview":"max-image-preview:large","max-video-preview":"max-video-preview:-1"},"canonical":"https:\/\/medicinasinc.com\/pl\/product\/kup-syntakaine-w-proszku\/","og_locale":"en_US","og_type":"article","og_title":"Kup Synthacaine Powder - Synthacaine Powder - Best Global Meds","og_description":"Kup Synthacaine Powder w Wielkiej Brytanii, Europie, Azji, Chinach w naszym najlepszym sklepie internetowym Global Meds z szybk\u0105 dostaw\u0105 na ca\u0142y \u015bwiat! Najlepsz\u0105 Syntakain\u0119 do zam\u00f3wienia znajdziesz tutaj!","og_url":"https:\/\/medicinasinc.com\/pl\/product\/kup-syntakaine-w-proszku\/","og_site_name":"Medicinas Inc","article_modified_time":"2022-03-22T00:50:47+00:00","og_image":[{"width":600,"height":600,"url":"https:\/\/medicinasinc.com\/pl\/wp-content\/uploads\/sites\/13\/2022\/02\/Buy-Synthacaine-Powder.jpg","type":"image\/jpeg"}],"twitter_card":"summary_large_image","twitter_misc":{"Est. reading time":"2 minutes"},"schema":{"@context":"https:\/\/schema.org","@graph":[{"@type":"WebPage","@id":"https:\/\/medicinasinc.com\/pl\/product\/kup-syntakaine-w-proszku\/","url":"https:\/\/medicinasinc.com\/pl\/product\/kup-syntakaine-w-proszku\/","name":"Kup Synthacaine Powder - Synthacaine Powder - Best Global Meds","isPartOf":{"@id":"https:\/\/medicinasinc.com\/pl\/#website"},"primaryImageOfPage":{"@id":"https:\/\/medicinasinc.com\/pl\/product\/kup-syntakaine-w-proszku\/#primaryimage"},"image":{"@id":"https:\/\/medicinasinc.com\/pl\/product\/kup-syntakaine-w-proszku\/#primaryimage"},"thumbnailUrl":"https:\/\/medicinasinc.com\/pl\/wp-content\/uploads\/sites\/13\/2022\/02\/Buy-Synthacaine-Powder.jpg","datePublished":"2022-02-22T03:08:33+00:00","dateModified":"2022-03-22T00:50:47+00:00","description":"Kup Synthacaine Powder w Wielkiej Brytanii, Europie, Azji, Chinach w naszym najlepszym sklepie internetowym Global Meds z szybk\u0105 dostaw\u0105 na ca\u0142y \u015bwiat! Najlepsz\u0105 Syntakain\u0119 do zam\u00f3wienia znajdziesz tutaj!","breadcrumb":{"@id":"https:\/\/medicinasinc.com\/pl\/product\/kup-syntakaine-w-proszku\/#breadcrumb"},"inLanguage":"en-US","potentialAction":[{"@type":"ReadAction","target":["https:\/\/medicinasinc.com\/pl\/product\/kup-syntakaine-w-proszku\/"]}]},{"@type":"ImageObject","inLanguage":"en-US","@id":"https:\/\/medicinasinc.com\/pl\/product\/kup-syntakaine-w-proszku\/#primaryimage","url":"https:\/\/medicinasinc.com\/pl\/wp-content\/uploads\/sites\/13\/2022\/02\/Buy-Synthacaine-Powder.jpg","contentUrl":"https:\/\/medicinasinc.com\/pl\/wp-content\/uploads\/sites\/13\/2022\/02\/Buy-Synthacaine-Powder.jpg","width":600,"height":600},{"@type":"BreadcrumbList","@id":"https:\/\/medicinasinc.com\/pl\/product\/kup-syntakaine-w-proszku\/#breadcrumb","itemListElement":[{"@type":"ListItem","position":1,"name":"Sklep","item":"https:\/\/medicinasinc.com\/pl\/sklep\/"},{"@type":"ListItem","position":2,"name":"Kup proszek syntakainowy"}]},{"@type":"WebSite","@id":"https:\/\/medicinasinc.com\/pl\/#website","url":"https:\/\/medicinasinc.com\/pl\/","name":"Medicinas Inc","description":"Health Medical Clinic","potentialAction":[{"@type":"SearchAction","target":{"@type":"EntryPoint","urlTemplate":"https:\/\/medicinasinc.com\/pl\/?s={search_term_string}"},"query-input":{"@type":"PropertyValueSpecification","valueRequired":true,"valueName":"search_term_string"}}],"inLanguage":"en-US"}]}},"_links":{"self":[{"href":"https:\/\/medicinasinc.com\/pl\/wp-json\/wp\/v2\/product\/5636","targetHints":{"allow":["GET"]}}],"collection":[{"href":"https:\/\/medicinasinc.com\/pl\/wp-json\/wp\/v2\/product"}],"about":[{"href":"https:\/\/medicinasinc.com\/pl\/wp-json\/wp\/v2\/types\/product"}],"replies":[{"embeddable":true,"href":"https:\/\/medicinasinc.com\/pl\/wp-json\/wp\/v2\/comments?post=5636"}],"wp:featuredmedia":[{"embeddable":true,"href":"https:\/\/medicinasinc.com\/pl\/wp-json\/wp\/v2\/media\/5646"}],"wp:attachment":[{"href":"https:\/\/medicinasinc.com\/pl\/wp-json\/wp\/v2\/media?parent=5636"}],"wp:term":[{"taxonomy":"product_brand","embeddable":true,"href":"https:\/\/medicinasinc.com\/pl\/wp-json\/wp\/v2\/product_brand?post=5636"},{"taxonomy":"product_cat","embeddable":true,"href":"https:\/\/medicinasinc.com\/pl\/wp-json\/wp\/v2\/product_cat?post=5636"},{"taxonomy":"product_tag","embeddable":true,"href":"https:\/\/medicinasinc.com\/pl\/wp-json\/wp\/v2\/product_tag?post=5636"}],"curies":[{"name":"wp","href":"https:\/\/api.w.org\/{rel}","templated":true}]}}