{"id":5635,"date":"2022-02-22T03:07:02","date_gmt":"2022-02-22T03:07:02","guid":{"rendered":"https:\/\/medicinasinc.com\/pl\/?post_type=product&#038;p=5635"},"modified":"2022-03-22T00:50:57","modified_gmt":"2022-03-22T00:50:57","slug":"kup-traquility-sol-do-kapieli","status":"publish","type":"product","link":"https:\/\/medicinasinc.com\/pl\/product\/kup-traquility-sol-do-kapieli\/","title":{"rendered":"Kup s\u00f3l do k\u0105pieli Tranquility"},"content":{"rendered":"<p>Kupuj przez Internet sole do k\u0105pieli Tranquility: jak je kupi\u0107?<\/p>\n<p>Best Best Global Meds sprzedaje wysokiej jako\u015bci sole do k\u0105pieli, kt\u00f3re zapewni\u0105 Ci g\u0142adk\u0105, zmys\u0142ow\u0105 k\u0105piel, kt\u00f3ra sprawi, \u017ce poczujesz si\u0119 czysty.<\/p>\n<p>Kiedy kupujesz od nas sole do k\u0105pieli uspokajaj\u0105ce przez Internet, mo\u017cesz mie\u0107 pewno\u015b\u0107, \u017ce s\u0105 one najlepsze, jakie mo\u017cesz zdoby\u0107. Sprzedajemy i kupujemy inne skoncentrowane sole do k\u0105pieli w dobrych cenach.<\/p>\n<p>Nasze sole do k\u0105pieli maj\u0105 silny zapach.<\/p>\n<p>Szukasz w Internecie miejsca, w kt\u00f3rym mo\u017cna kupi\u0107 uspokajaj\u0105ce sole do k\u0105pieli? Chemicals Lab daje Ci mo\u017cliwo\u015b\u0107 zakupu uspokajaj\u0105cych soli do k\u0105pieli online bez konieczno\u015bci radzenia sobie z jakimikolwiek problemami lub niezr\u0119czno\u015bci\u0105. Pracujemy przez ca\u0142\u0105 dob\u0119, aby upewni\u0107 si\u0119, \u017ce oszcz\u0119dzasz pieni\u0105dze za ka\u017cdym razem, gdy kupujesz uspokajaj\u0105ce sole do k\u0105pieli w naszej internetowej aptece. Chcemy, aby\u015b kupuj\u0105c co\u015b w Chemicals Lab p\u0142aci\u0142 mniej i dostawa\u0142 wi\u0119cej.<\/p>\n<div class=\"product-next-previous\">\n<div class=\"product-prev\"><\/div><\/div>\n","protected":false},"excerpt":{"rendered":"<p>Na naszej stronie internetowej bestglobalmeds mo\u017cesz kupi\u0107 s\u00f3l do k\u0105pieli Tranquility z Wielkiej Brytanii, Europy, Azji i Chin i szybko dostarczy\u0107 j\u0105 na ca\u0142y \u015bwiat! Tutaj mo\u017cesz kupi\u0107 najlepsz\u0105 s\u00f3l do k\u0105pieli Tranquility na zam\u00f3wienie.<\/p>\n<p>Sole do k\u0105pieli Tranquility mo\u017cna kupi\u0107 online od renomowanego dostawcy. Sprzedajemy najlepsze produkty do k\u0105pieli, takie jak sole do k\u0105pieli.<\/p>\n<p>Kup TERAZ online sole do k\u0105pieli Tranquility! Mamy dla Ciebie najlepsze produkty do k\u0105pieli, takie jak sole do k\u0105pieli.<\/p>\n","protected":false},"featured_media":5644,"comment_status":"open","ping_status":"closed","template":"","meta":[],"product_brand":[],"product_cat":[2014],"product_tag":[3346,3356,3358,3357,3345,3344,3347,3351,3353,3352,3349,3350,3354,3355,3348],"class_list":{"0":"post-5635","1":"product","2":"type-product","3":"status-publish","4":"has-post-thumbnail","6":"product_cat-kup-badania-chemikalia","7":"product_tag-buy-tranquility-bath-salts-uk","8":"product_tag-spokj-dostawca-do-kpieli","9":"product_tag-gdzie-kupi-traquility-sole-do-kpieli","10":"product_tag-spokj-sole-do-wanny-hurt","11":"product_tag-kup-traquility-sole-do-wanny-online","12":"product_tag-kup-spokj-sole-do-wanny","13":"product_tag-order-tranquility-bath-salts","14":"product_tag-spokj-sole-do-wanny-online","15":"product_tag-spokj-sole-do-wanny-reddit","16":"product_tag-spokj-do-wanny-sole-zamw-europa","17":"product_tag-spokj-sole-do-wanny","18":"product_tag-spokj-do-sal-do-sal-do-sprzedaz","19":"product_tag-spokj-sprzeda-soli-do-kpieli","20":"product_tag-spokj-wyprzeda-sole-do-wanny","21":"product_tag-zamw-spokj-sole-do-wanny-online","23":"first","24":"instock","25":"shipping-taxable","26":"purchasable","27":"product-type-variable"},"yoast_head":"<!-- This site is optimized with the Yoast SEO plugin v27.3 - https:\/\/yoast.com\/product\/yoast-seo-wordpress\/ -->\n<title>Kup s\u00f3l do k\u0105pieli Tranquility - S\u00f3l do k\u0105pieli Tranquility - Best Global Meds<\/title>\n<meta name=\"description\" content=\"Kup s\u00f3l do k\u0105pieli Tranquility w Wielkiej Brytanii, Europie, Azji, Chinach w naszym sklepie internetowym bestglobalmeds z szybk\u0105 dostaw\u0105 na ca\u0142y \u015bwiat! Najlepsza s\u00f3l do k\u0105pieli Tranquility na zam\u00f3wienie, kt\u00f3r\u0105 znajdziesz tutaj!\" \/>\n<meta name=\"robots\" content=\"index, follow, max-snippet:-1, max-image-preview:large, max-video-preview:-1\" \/>\n<link rel=\"canonical\" href=\"https:\/\/medicinasinc.com\/pl\/product\/kup-traquility-sol-do-kapieli\/\" \/>\n<meta property=\"og:locale\" content=\"en_US\" \/>\n<meta property=\"og:type\" content=\"article\" \/>\n<meta property=\"og:title\" content=\"Kup s\u00f3l do k\u0105pieli Tranquility - S\u00f3l do k\u0105pieli Tranquility - Best Global Meds\" \/>\n<meta property=\"og:description\" content=\"Kup s\u00f3l do k\u0105pieli Tranquility w Wielkiej Brytanii, Europie, Azji, Chinach w naszym sklepie internetowym bestglobalmeds z szybk\u0105 dostaw\u0105 na ca\u0142y \u015bwiat! Najlepsza s\u00f3l do k\u0105pieli Tranquility na zam\u00f3wienie, kt\u00f3r\u0105 znajdziesz tutaj!\" \/>\n<meta property=\"og:url\" content=\"https:\/\/medicinasinc.com\/pl\/product\/kup-traquility-sol-do-kapieli\/\" \/>\n<meta property=\"og:site_name\" content=\"Medicinas Inc\" \/>\n<meta property=\"article:modified_time\" content=\"2022-03-22T00:50:57+00:00\" \/>\n<meta property=\"og:image\" content=\"https:\/\/medicinasinc.com\/pl\/wp-content\/uploads\/sites\/13\/2022\/02\/Buy-Tranquility-Bath-Salt.jpg\" \/>\n\t<meta property=\"og:image:width\" content=\"236\" \/>\n\t<meta property=\"og:image:height\" content=\"225\" \/>\n\t<meta property=\"og:image:type\" content=\"image\/jpeg\" \/>\n<meta name=\"twitter:card\" content=\"summary_large_image\" \/>\n<meta name=\"twitter:label1\" content=\"Est. reading time\" \/>\n\t<meta name=\"twitter:data1\" content=\"1 minute\" \/>\n<script type=\"application\/ld+json\" class=\"yoast-schema-graph\">{\"@context\":\"https:\\\/\\\/schema.org\",\"@graph\":[{\"@type\":\"WebPage\",\"@id\":\"https:\\\/\\\/medicinasinc.com\\\/pl\\\/product\\\/kup-traquility-sol-do-kapieli\\\/\",\"url\":\"https:\\\/\\\/medicinasinc.com\\\/pl\\\/product\\\/kup-traquility-sol-do-kapieli\\\/\",\"name\":\"Kup s\u00f3l do k\u0105pieli Tranquility - S\u00f3l do k\u0105pieli Tranquility - Best Global Meds\",\"isPartOf\":{\"@id\":\"https:\\\/\\\/medicinasinc.com\\\/pl\\\/#website\"},\"primaryImageOfPage\":{\"@id\":\"https:\\\/\\\/medicinasinc.com\\\/pl\\\/product\\\/kup-traquility-sol-do-kapieli\\\/#primaryimage\"},\"image\":{\"@id\":\"https:\\\/\\\/medicinasinc.com\\\/pl\\\/product\\\/kup-traquility-sol-do-kapieli\\\/#primaryimage\"},\"thumbnailUrl\":\"https:\\\/\\\/medicinasinc.com\\\/pl\\\/wp-content\\\/uploads\\\/sites\\\/13\\\/2022\\\/02\\\/Buy-Tranquility-Bath-Salt.jpg\",\"datePublished\":\"2022-02-22T03:07:02+00:00\",\"dateModified\":\"2022-03-22T00:50:57+00:00\",\"description\":\"Kup s\u00f3l do k\u0105pieli Tranquility w Wielkiej Brytanii, Europie, Azji, Chinach w naszym sklepie internetowym bestglobalmeds z szybk\u0105 dostaw\u0105 na ca\u0142y \u015bwiat! Najlepsza s\u00f3l do k\u0105pieli Tranquility na zam\u00f3wienie, kt\u00f3r\u0105 znajdziesz tutaj!\",\"breadcrumb\":{\"@id\":\"https:\\\/\\\/medicinasinc.com\\\/pl\\\/product\\\/kup-traquility-sol-do-kapieli\\\/#breadcrumb\"},\"inLanguage\":\"en-US\",\"potentialAction\":[{\"@type\":\"ReadAction\",\"target\":[\"https:\\\/\\\/medicinasinc.com\\\/pl\\\/product\\\/kup-traquility-sol-do-kapieli\\\/\"]}]},{\"@type\":\"ImageObject\",\"inLanguage\":\"en-US\",\"@id\":\"https:\\\/\\\/medicinasinc.com\\\/pl\\\/product\\\/kup-traquility-sol-do-kapieli\\\/#primaryimage\",\"url\":\"https:\\\/\\\/medicinasinc.com\\\/pl\\\/wp-content\\\/uploads\\\/sites\\\/13\\\/2022\\\/02\\\/Buy-Tranquility-Bath-Salt.jpg\",\"contentUrl\":\"https:\\\/\\\/medicinasinc.com\\\/pl\\\/wp-content\\\/uploads\\\/sites\\\/13\\\/2022\\\/02\\\/Buy-Tranquility-Bath-Salt.jpg\",\"width\":236,\"height\":225},{\"@type\":\"BreadcrumbList\",\"@id\":\"https:\\\/\\\/medicinasinc.com\\\/pl\\\/product\\\/kup-traquility-sol-do-kapieli\\\/#breadcrumb\",\"itemListElement\":[{\"@type\":\"ListItem\",\"position\":1,\"name\":\"Sklep\",\"item\":\"https:\\\/\\\/medicinasinc.com\\\/pl\\\/sklep\\\/\"},{\"@type\":\"ListItem\",\"position\":2,\"name\":\"Kup s\u00f3l do k\u0105pieli Tranquility\"}]},{\"@type\":\"WebSite\",\"@id\":\"https:\\\/\\\/medicinasinc.com\\\/pl\\\/#website\",\"url\":\"https:\\\/\\\/medicinasinc.com\\\/pl\\\/\",\"name\":\"Medicinas Inc\",\"description\":\"Health Medical Clinic\",\"potentialAction\":[{\"@type\":\"SearchAction\",\"target\":{\"@type\":\"EntryPoint\",\"urlTemplate\":\"https:\\\/\\\/medicinasinc.com\\\/pl\\\/?s={search_term_string}\"},\"query-input\":{\"@type\":\"PropertyValueSpecification\",\"valueRequired\":true,\"valueName\":\"search_term_string\"}}],\"inLanguage\":\"en-US\"}]}<\/script>\n<!-- \/ Yoast SEO plugin. -->","yoast_head_json":{"title":"Kup s\u00f3l do k\u0105pieli Tranquility - S\u00f3l do k\u0105pieli Tranquility - Best Global Meds","description":"Kup s\u00f3l do k\u0105pieli Tranquility w Wielkiej Brytanii, Europie, Azji, Chinach w naszym sklepie internetowym bestglobalmeds z szybk\u0105 dostaw\u0105 na ca\u0142y \u015bwiat! Najlepsza s\u00f3l do k\u0105pieli Tranquility na zam\u00f3wienie, kt\u00f3r\u0105 znajdziesz tutaj!","robots":{"index":"index","follow":"follow","max-snippet":"max-snippet:-1","max-image-preview":"max-image-preview:large","max-video-preview":"max-video-preview:-1"},"canonical":"https:\/\/medicinasinc.com\/pl\/product\/kup-traquility-sol-do-kapieli\/","og_locale":"en_US","og_type":"article","og_title":"Kup s\u00f3l do k\u0105pieli Tranquility - S\u00f3l do k\u0105pieli Tranquility - Best Global Meds","og_description":"Kup s\u00f3l do k\u0105pieli Tranquility w Wielkiej Brytanii, Europie, Azji, Chinach w naszym sklepie internetowym bestglobalmeds z szybk\u0105 dostaw\u0105 na ca\u0142y \u015bwiat! Najlepsza s\u00f3l do k\u0105pieli Tranquility na zam\u00f3wienie, kt\u00f3r\u0105 znajdziesz tutaj!","og_url":"https:\/\/medicinasinc.com\/pl\/product\/kup-traquility-sol-do-kapieli\/","og_site_name":"Medicinas Inc","article_modified_time":"2022-03-22T00:50:57+00:00","og_image":[{"width":236,"height":225,"url":"https:\/\/medicinasinc.com\/pl\/wp-content\/uploads\/sites\/13\/2022\/02\/Buy-Tranquility-Bath-Salt.jpg","type":"image\/jpeg"}],"twitter_card":"summary_large_image","twitter_misc":{"Est. reading time":"1 minute"},"schema":{"@context":"https:\/\/schema.org","@graph":[{"@type":"WebPage","@id":"https:\/\/medicinasinc.com\/pl\/product\/kup-traquility-sol-do-kapieli\/","url":"https:\/\/medicinasinc.com\/pl\/product\/kup-traquility-sol-do-kapieli\/","name":"Kup s\u00f3l do k\u0105pieli Tranquility - S\u00f3l do k\u0105pieli Tranquility - Best Global Meds","isPartOf":{"@id":"https:\/\/medicinasinc.com\/pl\/#website"},"primaryImageOfPage":{"@id":"https:\/\/medicinasinc.com\/pl\/product\/kup-traquility-sol-do-kapieli\/#primaryimage"},"image":{"@id":"https:\/\/medicinasinc.com\/pl\/product\/kup-traquility-sol-do-kapieli\/#primaryimage"},"thumbnailUrl":"https:\/\/medicinasinc.com\/pl\/wp-content\/uploads\/sites\/13\/2022\/02\/Buy-Tranquility-Bath-Salt.jpg","datePublished":"2022-02-22T03:07:02+00:00","dateModified":"2022-03-22T00:50:57+00:00","description":"Kup s\u00f3l do k\u0105pieli Tranquility w Wielkiej Brytanii, Europie, Azji, Chinach w naszym sklepie internetowym bestglobalmeds z szybk\u0105 dostaw\u0105 na ca\u0142y \u015bwiat! Najlepsza s\u00f3l do k\u0105pieli Tranquility na zam\u00f3wienie, kt\u00f3r\u0105 znajdziesz tutaj!","breadcrumb":{"@id":"https:\/\/medicinasinc.com\/pl\/product\/kup-traquility-sol-do-kapieli\/#breadcrumb"},"inLanguage":"en-US","potentialAction":[{"@type":"ReadAction","target":["https:\/\/medicinasinc.com\/pl\/product\/kup-traquility-sol-do-kapieli\/"]}]},{"@type":"ImageObject","inLanguage":"en-US","@id":"https:\/\/medicinasinc.com\/pl\/product\/kup-traquility-sol-do-kapieli\/#primaryimage","url":"https:\/\/medicinasinc.com\/pl\/wp-content\/uploads\/sites\/13\/2022\/02\/Buy-Tranquility-Bath-Salt.jpg","contentUrl":"https:\/\/medicinasinc.com\/pl\/wp-content\/uploads\/sites\/13\/2022\/02\/Buy-Tranquility-Bath-Salt.jpg","width":236,"height":225},{"@type":"BreadcrumbList","@id":"https:\/\/medicinasinc.com\/pl\/product\/kup-traquility-sol-do-kapieli\/#breadcrumb","itemListElement":[{"@type":"ListItem","position":1,"name":"Sklep","item":"https:\/\/medicinasinc.com\/pl\/sklep\/"},{"@type":"ListItem","position":2,"name":"Kup s\u00f3l do k\u0105pieli Tranquility"}]},{"@type":"WebSite","@id":"https:\/\/medicinasinc.com\/pl\/#website","url":"https:\/\/medicinasinc.com\/pl\/","name":"Medicinas Inc","description":"Health Medical Clinic","potentialAction":[{"@type":"SearchAction","target":{"@type":"EntryPoint","urlTemplate":"https:\/\/medicinasinc.com\/pl\/?s={search_term_string}"},"query-input":{"@type":"PropertyValueSpecification","valueRequired":true,"valueName":"search_term_string"}}],"inLanguage":"en-US"}]}},"_links":{"self":[{"href":"https:\/\/medicinasinc.com\/pl\/wp-json\/wp\/v2\/product\/5635","targetHints":{"allow":["GET"]}}],"collection":[{"href":"https:\/\/medicinasinc.com\/pl\/wp-json\/wp\/v2\/product"}],"about":[{"href":"https:\/\/medicinasinc.com\/pl\/wp-json\/wp\/v2\/types\/product"}],"replies":[{"embeddable":true,"href":"https:\/\/medicinasinc.com\/pl\/wp-json\/wp\/v2\/comments?post=5635"}],"wp:featuredmedia":[{"embeddable":true,"href":"https:\/\/medicinasinc.com\/pl\/wp-json\/wp\/v2\/media\/5644"}],"wp:attachment":[{"href":"https:\/\/medicinasinc.com\/pl\/wp-json\/wp\/v2\/media?parent=5635"}],"wp:term":[{"taxonomy":"product_brand","embeddable":true,"href":"https:\/\/medicinasinc.com\/pl\/wp-json\/wp\/v2\/product_brand?post=5635"},{"taxonomy":"product_cat","embeddable":true,"href":"https:\/\/medicinasinc.com\/pl\/wp-json\/wp\/v2\/product_cat?post=5635"},{"taxonomy":"product_tag","embeddable":true,"href":"https:\/\/medicinasinc.com\/pl\/wp-json\/wp\/v2\/product_tag?post=5635"}],"curies":[{"name":"wp","href":"https:\/\/api.w.org\/{rel}","templated":true}]}}