{"id":5617,"date":"2022-02-22T02:48:56","date_gmt":"2022-02-22T02:48:56","guid":{"rendered":"https:\/\/medicinasinc.com\/pl\/?post_type=product&#038;p=5617"},"modified":"2022-03-22T00:51:06","modified_gmt":"2022-03-22T00:51:06","slug":"kup-u-47700-proszek","status":"publish","type":"product","link":"https:\/\/medicinasinc.com\/pl\/product\/kup-u-47700-proszek\/","title":{"rendered":"Kup proszek U-47700"},"content":{"rendered":"<p>Online, mo\u017cesz kupi\u0107 proszek U-47700 za bardzo nisk\u0105 cen\u0119.<\/p>\n<p>Kup U-47700 z bestglobalmeds.com.<br \/> Lek przeciwb\u00f3lowy o nazwie U-47700 jest cz\u0119\u015bci\u0105 opioidu rodzina. Po raz pierwszy zosta\u0142a wykonana przez Upjohna oko\u0142o 40 lat temu. Zosta\u0142 wykonany z AH-7921, kt\u00f3ry jest podobnym opioidem. U-47700 by\u0142 wa\u017cny w rozwoju tej klasy opioid\u00f3w, ale nie by\u0142 testowany na ludziach ani zwierz\u0119tach.<\/p>\n<p>Farmakologia: U-47700 jest bardzo dobry w celowaniu w receptor opioidowy \u03b2. Uwa\u017ca si\u0119, \u017ce jest 7 do 8 razy silniejszy ni\u017c dawka morfiny na dawk\u0119. Uwa\u017ca si\u0119, \u017ce jest silnym agonist\u0105 kappa, co oznacza, \u017ce \u200b\u200bnie powinien powodowa\u0107 wielu dysforii ani innych problem\u00f3w.<\/p>\n<p>Ludzie, kt\u00f3rzy wytwarzaj\u0105 te same rodzaje chemikali\u00f3w<\/p>\n<p>U-50488<br \/> AH-7921<br \/> U-69,593<br \/> Szwecja zakaza\u0142a U-47700 od stycznia 2016 r., ale \u017cadne inne du\u017ce kraje nie zrobi\u0142y tego samego.<\/p>\n<p>U-47700, jak wi\u0119kszo\u015b\u0107 opioidy i ich pochodne nie s\u0105 bezpieczne dla ludzi. Jest sprzedawany tylko chemikom badawczym i osobom pracuj\u0105cym w laboratoriach.<\/p>\n","protected":false},"excerpt":{"rendered":"<div class=\"woocommerce-product-details__short-description\">\n<p>Proszek U-47700 mo\u017cna \u0142atwo kupi\u0107 online w naszym sklepie bestglobalmeds.com i szybko dostarczy\u0107 go do dowolnego kraju na \u015bwiecie! Najlepszy proszek U-47700, jaki mo\u017cesz kupi\u0107, jest tutaj!<\/p>\n<p>Kup u-47700 proszek online. Ten br\u0105zowy proszek jest bardzo czysty. W 99,8% przypadk\u00f3w jest to naturalne.<\/p>\n<p>W Internecie mo\u017cna tanio kupi\u0107 1 uncj\u0119 proszku U-47700. Typowa dawka to kilka miligram\u00f3w. Sprawd\u017a, w co si\u0119 pakujesz.<\/p>\n<div class=\"char\">SPECYFIKACJA<\/div>\n<div class=\"specyfikacja\">\n<div class=\"sprow\"><span class=\"spname \">Nazwa produktu:<\/span><span class=\"sptext\">U-47700<\/span><\/div>\n<div class=\"sprow\"><span class=\"spname\">Nazwa IUPAC:<\/span><span class=\"sptext\">trans-3,4-dichloro-N-(2-(dimetyloamino)cykloheksylo)-N-metylobenzamid<\/span><\/div>\n<div class=\"sprow\"><span class=\"spname\">Inne nazwy:<\/span><span class=\"sptext\">R\u00f3\u017cowy, Pinky, U-47700<\/span><\/div>\n<div class=\"sprow\"><span class=\"spname\">Numer sprawy:<\/span><span class=\"sptext\">121348-98-9<\/span><\/div>\n<div class=\"sprow\"><span class=\"spname\">Wz\u00f3r cz\u0105steczkowy:<\/span><span class=\"sptext\">C16H22Cl2N2O<\/span><\/div>\n<div class=\"sprow\"><span class=\"spname\">Masa molowa:<\/span><span class=\"sptext\"> 329,265 g\/mol<\/span><\/div>\n<div class=\"sprow\"><span class=\"spname\">Dzia\u0142anie:<\/span><span class=\"sptext\">uspokajaj\u0105cy<\/span><\/div>\n<div class=\"sprow\"><span class=\"spname\">Czysto\u015b\u0107 substancji:<\/span><span class=\"sptext\"> 99,9%<\/span><\/div>\n<div class=\"sprow\"><span class=\"spname\">W\u0142a\u015bciwo\u015bci fizyczne:<\/span><span class=\"sptext\">Krystaliczny proszek<\/span><\/div>\n<\/p><\/div>\n<\/p><\/div>\n","protected":false},"featured_media":5629,"comment_status":"open","ping_status":"closed","template":"","meta":[],"product_brand":[],"product_cat":[2014],"product_tag":[3323,3324,3327,3342,3325,3322,3330,3335,3331,3332,3337,3338,3339,3333,3328,3329,3336,3334,3340,3343,3341,3326],"class_list":{"0":"post-5617","1":"product","2":"type-product","3":"status-publish","4":"has-post-thumbnail","6":"product_cat-kup-badania-chemikalia","7":"product_tag-buy-u-47700-powder","8":"product_tag-buy-u-47700-powder-europe","9":"product_tag-retail-u-47700-proszek","10":"product_tag-gdzie-kupi-u-47700-proszek","11":"product_tag-kup-u-47700-proszek-uk","12":"product_tag-najlepsze-miejsce-do-kupu-u-47700-proszek","13":"product_tag-u-47700-proszek-efekt","14":"product_tag-u-47700-proszek-google","15":"product_tag-u-47700-powder-europe","16":"product_tag-u-47700-powder-for-sale","17":"product_tag-u-47700-powder-near-me","18":"product_tag-u-47700-powder-online","19":"product_tag-u-47700-powder-order","20":"product_tag-u-47700-proszek-do-sprzeday-online","21":"product_tag-u-47700-proszek-kup","22":"product_tag-u-47700-proszek-kup-uk","23":"product_tag-u-47700-proszek-litwa","24":"product_tag-u-47700-proszek-niemcy","25":"product_tag-u-47700-proszek-reddit","26":"product_tag-wholesale-u-47700-powder","27":"product_tag-u-47700-wyprzeda-proszku","28":"product_tag-zamw-u-47700-proszek","30":"first","31":"instock","32":"shipping-taxable","33":"purchasable","34":"product-type-variable","35":"has-default-attributes"},"yoast_head":"<!-- This site is optimized with the Yoast SEO plugin v27.3 - https:\/\/yoast.com\/product\/yoast-seo-wordpress\/ -->\n<title>Kup proszek U-47700 - Proszek U-47700 Online - Best Global Meds<\/title>\n<meta name=\"description\" content=\"Kup U-47700 Powder UK, Europa, Azja, Chiny w naszym sklepie internetowym bestglobalmeds.com z szybk\u0105 dostaw\u0105 na ca\u0142y \u015bwiat! Najlepszy proszek U-47700 do zam\u00f3wienia znajdziesz tutaj!\" \/>\n<meta name=\"robots\" content=\"index, follow, max-snippet:-1, max-image-preview:large, max-video-preview:-1\" \/>\n<link rel=\"canonical\" href=\"https:\/\/medicinasinc.com\/pl\/product\/kup-u-47700-proszek\/\" \/>\n<meta property=\"og:locale\" content=\"en_US\" \/>\n<meta property=\"og:type\" content=\"article\" \/>\n<meta property=\"og:title\" content=\"Kup proszek U-47700 - Proszek U-47700 Online - Best Global Meds\" \/>\n<meta property=\"og:description\" content=\"Kup U-47700 Powder UK, Europa, Azja, Chiny w naszym sklepie internetowym bestglobalmeds.com z szybk\u0105 dostaw\u0105 na ca\u0142y \u015bwiat! Najlepszy proszek U-47700 do zam\u00f3wienia znajdziesz tutaj!\" \/>\n<meta property=\"og:url\" content=\"https:\/\/medicinasinc.com\/pl\/product\/kup-u-47700-proszek\/\" \/>\n<meta property=\"og:site_name\" content=\"Medicinas Inc\" \/>\n<meta property=\"article:modified_time\" content=\"2022-03-22T00:51:06+00:00\" \/>\n<meta property=\"og:image\" content=\"https:\/\/medicinasinc.com\/pl\/wp-content\/uploads\/sites\/13\/2022\/02\/Buy-U-47700-POWDER.jpg\" \/>\n\t<meta property=\"og:image:width\" content=\"600\" \/>\n\t<meta property=\"og:image:height\" content=\"600\" \/>\n\t<meta property=\"og:image:type\" content=\"image\/jpeg\" \/>\n<meta name=\"twitter:card\" content=\"summary_large_image\" \/>\n<meta name=\"twitter:label1\" content=\"Est. reading time\" \/>\n\t<meta name=\"twitter:data1\" content=\"1 minute\" \/>\n<script type=\"application\/ld+json\" class=\"yoast-schema-graph\">{\"@context\":\"https:\\\/\\\/schema.org\",\"@graph\":[{\"@type\":\"WebPage\",\"@id\":\"https:\\\/\\\/medicinasinc.com\\\/pl\\\/product\\\/kup-u-47700-proszek\\\/\",\"url\":\"https:\\\/\\\/medicinasinc.com\\\/pl\\\/product\\\/kup-u-47700-proszek\\\/\",\"name\":\"Kup proszek U-47700 - Proszek U-47700 Online - Best Global Meds\",\"isPartOf\":{\"@id\":\"https:\\\/\\\/medicinasinc.com\\\/pl\\\/#website\"},\"primaryImageOfPage\":{\"@id\":\"https:\\\/\\\/medicinasinc.com\\\/pl\\\/product\\\/kup-u-47700-proszek\\\/#primaryimage\"},\"image\":{\"@id\":\"https:\\\/\\\/medicinasinc.com\\\/pl\\\/product\\\/kup-u-47700-proszek\\\/#primaryimage\"},\"thumbnailUrl\":\"https:\\\/\\\/medicinasinc.com\\\/pl\\\/wp-content\\\/uploads\\\/sites\\\/13\\\/2022\\\/02\\\/Buy-U-47700-POWDER.jpg\",\"datePublished\":\"2022-02-22T02:48:56+00:00\",\"dateModified\":\"2022-03-22T00:51:06+00:00\",\"description\":\"Kup U-47700 Powder UK, Europa, Azja, Chiny w naszym sklepie internetowym bestglobalmeds.com z szybk\u0105 dostaw\u0105 na ca\u0142y \u015bwiat! Najlepszy proszek U-47700 do zam\u00f3wienia znajdziesz tutaj!\",\"breadcrumb\":{\"@id\":\"https:\\\/\\\/medicinasinc.com\\\/pl\\\/product\\\/kup-u-47700-proszek\\\/#breadcrumb\"},\"inLanguage\":\"en-US\",\"potentialAction\":[{\"@type\":\"ReadAction\",\"target\":[\"https:\\\/\\\/medicinasinc.com\\\/pl\\\/product\\\/kup-u-47700-proszek\\\/\"]}]},{\"@type\":\"ImageObject\",\"inLanguage\":\"en-US\",\"@id\":\"https:\\\/\\\/medicinasinc.com\\\/pl\\\/product\\\/kup-u-47700-proszek\\\/#primaryimage\",\"url\":\"https:\\\/\\\/medicinasinc.com\\\/pl\\\/wp-content\\\/uploads\\\/sites\\\/13\\\/2022\\\/02\\\/Buy-U-47700-POWDER.jpg\",\"contentUrl\":\"https:\\\/\\\/medicinasinc.com\\\/pl\\\/wp-content\\\/uploads\\\/sites\\\/13\\\/2022\\\/02\\\/Buy-U-47700-POWDER.jpg\",\"width\":600,\"height\":600},{\"@type\":\"BreadcrumbList\",\"@id\":\"https:\\\/\\\/medicinasinc.com\\\/pl\\\/product\\\/kup-u-47700-proszek\\\/#breadcrumb\",\"itemListElement\":[{\"@type\":\"ListItem\",\"position\":1,\"name\":\"Sklep\",\"item\":\"https:\\\/\\\/medicinasinc.com\\\/pl\\\/sklep\\\/\"},{\"@type\":\"ListItem\",\"position\":2,\"name\":\"Kup proszek U-47700\"}]},{\"@type\":\"WebSite\",\"@id\":\"https:\\\/\\\/medicinasinc.com\\\/pl\\\/#website\",\"url\":\"https:\\\/\\\/medicinasinc.com\\\/pl\\\/\",\"name\":\"Medicinas Inc\",\"description\":\"Health Medical Clinic\",\"potentialAction\":[{\"@type\":\"SearchAction\",\"target\":{\"@type\":\"EntryPoint\",\"urlTemplate\":\"https:\\\/\\\/medicinasinc.com\\\/pl\\\/?s={search_term_string}\"},\"query-input\":{\"@type\":\"PropertyValueSpecification\",\"valueRequired\":true,\"valueName\":\"search_term_string\"}}],\"inLanguage\":\"en-US\"}]}<\/script>\n<!-- \/ Yoast SEO plugin. -->","yoast_head_json":{"title":"Kup proszek U-47700 - Proszek U-47700 Online - Best Global Meds","description":"Kup U-47700 Powder UK, Europa, Azja, Chiny w naszym sklepie internetowym bestglobalmeds.com z szybk\u0105 dostaw\u0105 na ca\u0142y \u015bwiat! Najlepszy proszek U-47700 do zam\u00f3wienia znajdziesz tutaj!","robots":{"index":"index","follow":"follow","max-snippet":"max-snippet:-1","max-image-preview":"max-image-preview:large","max-video-preview":"max-video-preview:-1"},"canonical":"https:\/\/medicinasinc.com\/pl\/product\/kup-u-47700-proszek\/","og_locale":"en_US","og_type":"article","og_title":"Kup proszek U-47700 - Proszek U-47700 Online - Best Global Meds","og_description":"Kup U-47700 Powder UK, Europa, Azja, Chiny w naszym sklepie internetowym bestglobalmeds.com z szybk\u0105 dostaw\u0105 na ca\u0142y \u015bwiat! Najlepszy proszek U-47700 do zam\u00f3wienia znajdziesz tutaj!","og_url":"https:\/\/medicinasinc.com\/pl\/product\/kup-u-47700-proszek\/","og_site_name":"Medicinas Inc","article_modified_time":"2022-03-22T00:51:06+00:00","og_image":[{"width":600,"height":600,"url":"https:\/\/medicinasinc.com\/pl\/wp-content\/uploads\/sites\/13\/2022\/02\/Buy-U-47700-POWDER.jpg","type":"image\/jpeg"}],"twitter_card":"summary_large_image","twitter_misc":{"Est. reading time":"1 minute"},"schema":{"@context":"https:\/\/schema.org","@graph":[{"@type":"WebPage","@id":"https:\/\/medicinasinc.com\/pl\/product\/kup-u-47700-proszek\/","url":"https:\/\/medicinasinc.com\/pl\/product\/kup-u-47700-proszek\/","name":"Kup proszek U-47700 - Proszek U-47700 Online - Best Global Meds","isPartOf":{"@id":"https:\/\/medicinasinc.com\/pl\/#website"},"primaryImageOfPage":{"@id":"https:\/\/medicinasinc.com\/pl\/product\/kup-u-47700-proszek\/#primaryimage"},"image":{"@id":"https:\/\/medicinasinc.com\/pl\/product\/kup-u-47700-proszek\/#primaryimage"},"thumbnailUrl":"https:\/\/medicinasinc.com\/pl\/wp-content\/uploads\/sites\/13\/2022\/02\/Buy-U-47700-POWDER.jpg","datePublished":"2022-02-22T02:48:56+00:00","dateModified":"2022-03-22T00:51:06+00:00","description":"Kup U-47700 Powder UK, Europa, Azja, Chiny w naszym sklepie internetowym bestglobalmeds.com z szybk\u0105 dostaw\u0105 na ca\u0142y \u015bwiat! Najlepszy proszek U-47700 do zam\u00f3wienia znajdziesz tutaj!","breadcrumb":{"@id":"https:\/\/medicinasinc.com\/pl\/product\/kup-u-47700-proszek\/#breadcrumb"},"inLanguage":"en-US","potentialAction":[{"@type":"ReadAction","target":["https:\/\/medicinasinc.com\/pl\/product\/kup-u-47700-proszek\/"]}]},{"@type":"ImageObject","inLanguage":"en-US","@id":"https:\/\/medicinasinc.com\/pl\/product\/kup-u-47700-proszek\/#primaryimage","url":"https:\/\/medicinasinc.com\/pl\/wp-content\/uploads\/sites\/13\/2022\/02\/Buy-U-47700-POWDER.jpg","contentUrl":"https:\/\/medicinasinc.com\/pl\/wp-content\/uploads\/sites\/13\/2022\/02\/Buy-U-47700-POWDER.jpg","width":600,"height":600},{"@type":"BreadcrumbList","@id":"https:\/\/medicinasinc.com\/pl\/product\/kup-u-47700-proszek\/#breadcrumb","itemListElement":[{"@type":"ListItem","position":1,"name":"Sklep","item":"https:\/\/medicinasinc.com\/pl\/sklep\/"},{"@type":"ListItem","position":2,"name":"Kup proszek U-47700"}]},{"@type":"WebSite","@id":"https:\/\/medicinasinc.com\/pl\/#website","url":"https:\/\/medicinasinc.com\/pl\/","name":"Medicinas Inc","description":"Health Medical Clinic","potentialAction":[{"@type":"SearchAction","target":{"@type":"EntryPoint","urlTemplate":"https:\/\/medicinasinc.com\/pl\/?s={search_term_string}"},"query-input":{"@type":"PropertyValueSpecification","valueRequired":true,"valueName":"search_term_string"}}],"inLanguage":"en-US"}]}},"_links":{"self":[{"href":"https:\/\/medicinasinc.com\/pl\/wp-json\/wp\/v2\/product\/5617","targetHints":{"allow":["GET"]}}],"collection":[{"href":"https:\/\/medicinasinc.com\/pl\/wp-json\/wp\/v2\/product"}],"about":[{"href":"https:\/\/medicinasinc.com\/pl\/wp-json\/wp\/v2\/types\/product"}],"replies":[{"embeddable":true,"href":"https:\/\/medicinasinc.com\/pl\/wp-json\/wp\/v2\/comments?post=5617"}],"wp:featuredmedia":[{"embeddable":true,"href":"https:\/\/medicinasinc.com\/pl\/wp-json\/wp\/v2\/media\/5629"}],"wp:attachment":[{"href":"https:\/\/medicinasinc.com\/pl\/wp-json\/wp\/v2\/media?parent=5617"}],"wp:term":[{"taxonomy":"product_brand","embeddable":true,"href":"https:\/\/medicinasinc.com\/pl\/wp-json\/wp\/v2\/product_brand?post=5617"},{"taxonomy":"product_cat","embeddable":true,"href":"https:\/\/medicinasinc.com\/pl\/wp-json\/wp\/v2\/product_cat?post=5617"},{"taxonomy":"product_tag","embeddable":true,"href":"https:\/\/medicinasinc.com\/pl\/wp-json\/wp\/v2\/product_tag?post=5617"}],"curies":[{"name":"wp","href":"https:\/\/api.w.org\/{rel}","templated":true}]}}