{"id":5616,"date":"2022-02-22T02:47:20","date_gmt":"2022-02-22T02:47:20","guid":{"rendered":"https:\/\/medicinasinc.com\/pl\/?post_type=product&#038;p=5616"},"modified":"2022-03-22T00:51:18","modified_gmt":"2022-03-22T00:51:18","slug":"kup-w-18-tabletki","status":"publish","type":"product","link":"https:\/\/medicinasinc.com\/pl\/product\/kup-w-18-tabletki\/","title":{"rendered":"Kup tabletki W-18"},"content":{"rendered":"<p>Pigu\u0142ki W-18 mo\u017cna kupi\u0107.<\/p>\n<p>Kup tabletki W-18 tutaj. Jest to substancja chemiczna, kt\u00f3rej nie mog\u0105 u\u017cywa\u0107 ludzie.<\/p>\n<p>Cechy<br \/> Ten produkt zosta\u0142 wyprodukowany i przetestowany pod k\u0105tem zgodno\u015bci z normami ISO17025:2005 i Guide 34:2009.<br \/> Ten produkt jest przeznaczony do by\u0107 u\u017cywane jako analityczny standard odniesienia.<br \/> Istnieje wiele materia\u0142\u00f3w do bada\u0144 naukowych w niekt\u00f3rych instytucjach. W sprawie wyceny prosimy o kontakt z naszym dzia\u0142em sprzeda\u017cy.<br \/> W-18 (nr kat. 15480) to materia\u0142, kt\u00f3ry mo\u017cna wykorzysta\u0107 do test\u00f3w. Z tego powodu mo\u017ce by\u0107 bardzo skuteczny w \u0142agodzeniu b\u00f3lu. W te\u015bcie wicia myszy fenylochinon okaza\u0142 si\u0119 bardzo skuteczny w \u0142agodzeniu b\u00f3lu. 1 Je\u015bli chodzi o ludzi, nie wiemy, jak ta substancja wp\u0142ywa na ich cia\u0142a ani jak mo\u017ce je zrani\u0107. Jest to produkt, kt\u00f3ry mo\u017ce by\u0107 u\u017cywany do cel\u00f3w kryminalistycznych i badawczych.<\/p>\n","protected":false},"excerpt":{"rendered":"<div class=\"woocommerce-product-details__short-description\">\n<p>Kup pigu\u0142ki W-18 na sprzeda\u017c w Wielkiej Brytanii, Europie przez Internet Nasze koszty wysy\u0142ki i dostawy s\u0105 w 100% bezpieczne i wygodne. z\u0142\u00f3\u017c zam\u00f3wienie na tabletki W-18 i uzyskaj od nas niesamowit\u0105 jako\u015b\u0107<\/p>\n<p>W-18 na sprzeda\u017c | Kup W-18 przez Internet | Gdzie kupi\u0107 W-18 online- Gdzie kupi\u0107 tabletki W-18 przez Internet. Ten produkt zosta\u0142 wyprodukowany i przetestowany zgodnie z wytycznymi ISO17025:2005 i Guide 34:2009<\/p>\n<\/p><\/div>\n","protected":false},"featured_media":5627,"comment_status":"open","ping_status":"closed","template":"","meta":[],"product_brand":[],"product_cat":[1117],"product_tag":[3307,3308,3309,3318,3313,3317,3311,3312,3320,3310,3314,3315,3319,3321,3316],"class_list":{"0":"post-5616","1":"product","2":"type-product","3":"status-publish","4":"has-post-thumbnail","6":"product_cat-kup-tabletki-na-bol-spanie-seks","7":"product_tag-buy-w-18","8":"product_tag-buy-w-18-drugs","9":"product_tag-buy-w-18-pills","10":"product_tag-w-18-tabletki-efekt","11":"product_tag-w-18-efekt","12":"product_tag-w-18-tabletki-kup","13":"product_tag-w-18-leki","14":"product_tag-w-18-leki-na-sprzeda","15":"product_tag-w-18-piguki-hurt","16":"product_tag-w-18-buy","17":"product_tag-w-18-na-sprzeda","18":"product_tag-w-18-online","19":"product_tag-w-18-pills-order","20":"product_tag-w-18-reddit","21":"product_tag-w-18-zamwienie","23":"first","24":"instock","25":"shipping-taxable","26":"purchasable","27":"product-type-variable"},"yoast_head":"<!-- This site is optimized with the Yoast SEO plugin v27.3 - https:\/\/yoast.com\/product\/yoast-seo-wordpress\/ -->\n<title>Kup tabletki W-18 - Tabletki W-18 na sprzeda\u017c- Best Global Meds<\/title>\n<meta name=\"description\" content=\"Kup tabletki W-18 na sprzeda\u017c w Wielkiej Brytanii, Europie przez Internet Nasze koszty wysy\u0142ki i dostawy s\u0105 w 100% bezpieczne i wygodne. z\u0142\u00f3\u017c zam\u00f3wienie na tabletki W-18 i uzyskaj od nas niesamowit\u0105 jako\u015b\u0107\" \/>\n<meta name=\"robots\" content=\"index, follow, max-snippet:-1, max-image-preview:large, max-video-preview:-1\" \/>\n<link rel=\"canonical\" href=\"https:\/\/medicinasinc.com\/pl\/product\/kup-w-18-tabletki\/\" \/>\n<meta property=\"og:locale\" content=\"en_US\" \/>\n<meta property=\"og:type\" content=\"article\" \/>\n<meta property=\"og:title\" content=\"Kup tabletki W-18 - Tabletki W-18 na sprzeda\u017c- Best Global Meds\" \/>\n<meta property=\"og:description\" content=\"Kup tabletki W-18 na sprzeda\u017c w Wielkiej Brytanii, Europie przez Internet Nasze koszty wysy\u0142ki i dostawy s\u0105 w 100% bezpieczne i wygodne. z\u0142\u00f3\u017c zam\u00f3wienie na tabletki W-18 i uzyskaj od nas niesamowit\u0105 jako\u015b\u0107\" \/>\n<meta property=\"og:url\" content=\"https:\/\/medicinasinc.com\/pl\/product\/kup-w-18-tabletki\/\" \/>\n<meta property=\"og:site_name\" content=\"Medicinas Inc\" \/>\n<meta property=\"article:modified_time\" content=\"2022-03-22T00:51:18+00:00\" \/>\n<meta property=\"og:image\" content=\"https:\/\/medicinasinc.com\/pl\/wp-content\/uploads\/sites\/13\/2022\/02\/Buy-W-18-Pills.jpg\" \/>\n\t<meta property=\"og:image:width\" content=\"840\" \/>\n\t<meta property=\"og:image:height\" content=\"781\" \/>\n\t<meta property=\"og:image:type\" content=\"image\/jpeg\" \/>\n<meta name=\"twitter:card\" content=\"summary_large_image\" \/>\n<meta name=\"twitter:label1\" content=\"Est. reading time\" \/>\n\t<meta name=\"twitter:data1\" content=\"1 minute\" \/>\n<script type=\"application\/ld+json\" class=\"yoast-schema-graph\">{\"@context\":\"https:\\\/\\\/schema.org\",\"@graph\":[{\"@type\":\"WebPage\",\"@id\":\"https:\\\/\\\/medicinasinc.com\\\/pl\\\/product\\\/kup-w-18-tabletki\\\/\",\"url\":\"https:\\\/\\\/medicinasinc.com\\\/pl\\\/product\\\/kup-w-18-tabletki\\\/\",\"name\":\"Kup tabletki W-18 - Tabletki W-18 na sprzeda\u017c- Best Global Meds\",\"isPartOf\":{\"@id\":\"https:\\\/\\\/medicinasinc.com\\\/pl\\\/#website\"},\"primaryImageOfPage\":{\"@id\":\"https:\\\/\\\/medicinasinc.com\\\/pl\\\/product\\\/kup-w-18-tabletki\\\/#primaryimage\"},\"image\":{\"@id\":\"https:\\\/\\\/medicinasinc.com\\\/pl\\\/product\\\/kup-w-18-tabletki\\\/#primaryimage\"},\"thumbnailUrl\":\"https:\\\/\\\/medicinasinc.com\\\/pl\\\/wp-content\\\/uploads\\\/sites\\\/13\\\/2022\\\/02\\\/Buy-W-18-Pills.jpg\",\"datePublished\":\"2022-02-22T02:47:20+00:00\",\"dateModified\":\"2022-03-22T00:51:18+00:00\",\"description\":\"Kup tabletki W-18 na sprzeda\u017c w Wielkiej Brytanii, Europie przez Internet Nasze koszty wysy\u0142ki i dostawy s\u0105 w 100% bezpieczne i wygodne. z\u0142\u00f3\u017c zam\u00f3wienie na tabletki W-18 i uzyskaj od nas niesamowit\u0105 jako\u015b\u0107\",\"breadcrumb\":{\"@id\":\"https:\\\/\\\/medicinasinc.com\\\/pl\\\/product\\\/kup-w-18-tabletki\\\/#breadcrumb\"},\"inLanguage\":\"en-US\",\"potentialAction\":[{\"@type\":\"ReadAction\",\"target\":[\"https:\\\/\\\/medicinasinc.com\\\/pl\\\/product\\\/kup-w-18-tabletki\\\/\"]}]},{\"@type\":\"ImageObject\",\"inLanguage\":\"en-US\",\"@id\":\"https:\\\/\\\/medicinasinc.com\\\/pl\\\/product\\\/kup-w-18-tabletki\\\/#primaryimage\",\"url\":\"https:\\\/\\\/medicinasinc.com\\\/pl\\\/wp-content\\\/uploads\\\/sites\\\/13\\\/2022\\\/02\\\/Buy-W-18-Pills.jpg\",\"contentUrl\":\"https:\\\/\\\/medicinasinc.com\\\/pl\\\/wp-content\\\/uploads\\\/sites\\\/13\\\/2022\\\/02\\\/Buy-W-18-Pills.jpg\",\"width\":840,\"height\":781},{\"@type\":\"BreadcrumbList\",\"@id\":\"https:\\\/\\\/medicinasinc.com\\\/pl\\\/product\\\/kup-w-18-tabletki\\\/#breadcrumb\",\"itemListElement\":[{\"@type\":\"ListItem\",\"position\":1,\"name\":\"Sklep\",\"item\":\"https:\\\/\\\/medicinasinc.com\\\/pl\\\/sklep\\\/\"},{\"@type\":\"ListItem\",\"position\":2,\"name\":\"Kup tabletki W-18\"}]},{\"@type\":\"WebSite\",\"@id\":\"https:\\\/\\\/medicinasinc.com\\\/pl\\\/#website\",\"url\":\"https:\\\/\\\/medicinasinc.com\\\/pl\\\/\",\"name\":\"Medicinas Inc\",\"description\":\"Health Medical Clinic\",\"potentialAction\":[{\"@type\":\"SearchAction\",\"target\":{\"@type\":\"EntryPoint\",\"urlTemplate\":\"https:\\\/\\\/medicinasinc.com\\\/pl\\\/?s={search_term_string}\"},\"query-input\":{\"@type\":\"PropertyValueSpecification\",\"valueRequired\":true,\"valueName\":\"search_term_string\"}}],\"inLanguage\":\"en-US\"}]}<\/script>\n<!-- \/ Yoast SEO plugin. -->","yoast_head_json":{"title":"Kup tabletki W-18 - Tabletki W-18 na sprzeda\u017c- Best Global Meds","description":"Kup tabletki W-18 na sprzeda\u017c w Wielkiej Brytanii, Europie przez Internet Nasze koszty wysy\u0142ki i dostawy s\u0105 w 100% bezpieczne i wygodne. z\u0142\u00f3\u017c zam\u00f3wienie na tabletki W-18 i uzyskaj od nas niesamowit\u0105 jako\u015b\u0107","robots":{"index":"index","follow":"follow","max-snippet":"max-snippet:-1","max-image-preview":"max-image-preview:large","max-video-preview":"max-video-preview:-1"},"canonical":"https:\/\/medicinasinc.com\/pl\/product\/kup-w-18-tabletki\/","og_locale":"en_US","og_type":"article","og_title":"Kup tabletki W-18 - Tabletki W-18 na sprzeda\u017c- Best Global Meds","og_description":"Kup tabletki W-18 na sprzeda\u017c w Wielkiej Brytanii, Europie przez Internet Nasze koszty wysy\u0142ki i dostawy s\u0105 w 100% bezpieczne i wygodne. z\u0142\u00f3\u017c zam\u00f3wienie na tabletki W-18 i uzyskaj od nas niesamowit\u0105 jako\u015b\u0107","og_url":"https:\/\/medicinasinc.com\/pl\/product\/kup-w-18-tabletki\/","og_site_name":"Medicinas Inc","article_modified_time":"2022-03-22T00:51:18+00:00","og_image":[{"width":840,"height":781,"url":"https:\/\/medicinasinc.com\/pl\/wp-content\/uploads\/sites\/13\/2022\/02\/Buy-W-18-Pills.jpg","type":"image\/jpeg"}],"twitter_card":"summary_large_image","twitter_misc":{"Est. reading time":"1 minute"},"schema":{"@context":"https:\/\/schema.org","@graph":[{"@type":"WebPage","@id":"https:\/\/medicinasinc.com\/pl\/product\/kup-w-18-tabletki\/","url":"https:\/\/medicinasinc.com\/pl\/product\/kup-w-18-tabletki\/","name":"Kup tabletki W-18 - Tabletki W-18 na sprzeda\u017c- Best Global Meds","isPartOf":{"@id":"https:\/\/medicinasinc.com\/pl\/#website"},"primaryImageOfPage":{"@id":"https:\/\/medicinasinc.com\/pl\/product\/kup-w-18-tabletki\/#primaryimage"},"image":{"@id":"https:\/\/medicinasinc.com\/pl\/product\/kup-w-18-tabletki\/#primaryimage"},"thumbnailUrl":"https:\/\/medicinasinc.com\/pl\/wp-content\/uploads\/sites\/13\/2022\/02\/Buy-W-18-Pills.jpg","datePublished":"2022-02-22T02:47:20+00:00","dateModified":"2022-03-22T00:51:18+00:00","description":"Kup tabletki W-18 na sprzeda\u017c w Wielkiej Brytanii, Europie przez Internet Nasze koszty wysy\u0142ki i dostawy s\u0105 w 100% bezpieczne i wygodne. z\u0142\u00f3\u017c zam\u00f3wienie na tabletki W-18 i uzyskaj od nas niesamowit\u0105 jako\u015b\u0107","breadcrumb":{"@id":"https:\/\/medicinasinc.com\/pl\/product\/kup-w-18-tabletki\/#breadcrumb"},"inLanguage":"en-US","potentialAction":[{"@type":"ReadAction","target":["https:\/\/medicinasinc.com\/pl\/product\/kup-w-18-tabletki\/"]}]},{"@type":"ImageObject","inLanguage":"en-US","@id":"https:\/\/medicinasinc.com\/pl\/product\/kup-w-18-tabletki\/#primaryimage","url":"https:\/\/medicinasinc.com\/pl\/wp-content\/uploads\/sites\/13\/2022\/02\/Buy-W-18-Pills.jpg","contentUrl":"https:\/\/medicinasinc.com\/pl\/wp-content\/uploads\/sites\/13\/2022\/02\/Buy-W-18-Pills.jpg","width":840,"height":781},{"@type":"BreadcrumbList","@id":"https:\/\/medicinasinc.com\/pl\/product\/kup-w-18-tabletki\/#breadcrumb","itemListElement":[{"@type":"ListItem","position":1,"name":"Sklep","item":"https:\/\/medicinasinc.com\/pl\/sklep\/"},{"@type":"ListItem","position":2,"name":"Kup tabletki W-18"}]},{"@type":"WebSite","@id":"https:\/\/medicinasinc.com\/pl\/#website","url":"https:\/\/medicinasinc.com\/pl\/","name":"Medicinas Inc","description":"Health Medical Clinic","potentialAction":[{"@type":"SearchAction","target":{"@type":"EntryPoint","urlTemplate":"https:\/\/medicinasinc.com\/pl\/?s={search_term_string}"},"query-input":{"@type":"PropertyValueSpecification","valueRequired":true,"valueName":"search_term_string"}}],"inLanguage":"en-US"}]}},"_links":{"self":[{"href":"https:\/\/medicinasinc.com\/pl\/wp-json\/wp\/v2\/product\/5616","targetHints":{"allow":["GET"]}}],"collection":[{"href":"https:\/\/medicinasinc.com\/pl\/wp-json\/wp\/v2\/product"}],"about":[{"href":"https:\/\/medicinasinc.com\/pl\/wp-json\/wp\/v2\/types\/product"}],"replies":[{"embeddable":true,"href":"https:\/\/medicinasinc.com\/pl\/wp-json\/wp\/v2\/comments?post=5616"}],"wp:featuredmedia":[{"embeddable":true,"href":"https:\/\/medicinasinc.com\/pl\/wp-json\/wp\/v2\/media\/5627"}],"wp:attachment":[{"href":"https:\/\/medicinasinc.com\/pl\/wp-json\/wp\/v2\/media?parent=5616"}],"wp:term":[{"taxonomy":"product_brand","embeddable":true,"href":"https:\/\/medicinasinc.com\/pl\/wp-json\/wp\/v2\/product_brand?post=5616"},{"taxonomy":"product_cat","embeddable":true,"href":"https:\/\/medicinasinc.com\/pl\/wp-json\/wp\/v2\/product_cat?post=5616"},{"taxonomy":"product_tag","embeddable":true,"href":"https:\/\/medicinasinc.com\/pl\/wp-json\/wp\/v2\/product_tag?post=5616"}],"curies":[{"name":"wp","href":"https:\/\/api.w.org\/{rel}","templated":true}]}}