{"id":5615,"date":"2022-02-22T02:46:09","date_gmt":"2022-02-22T02:46:09","guid":{"rendered":"https:\/\/medicinasinc.com\/pl\/?post_type=product&#038;p=5615"},"modified":"2022-03-22T00:51:26","modified_gmt":"2022-03-22T00:51:26","slug":"kup-biala-dziewczyne-sol-do-kapieli","status":"publish","type":"product","link":"https:\/\/medicinasinc.com\/pl\/product\/kup-biala-dziewczyne-sol-do-kapieli\/","title":{"rendered":"Kup s\u00f3l do k\u0105pieli White Girl"},"content":{"rendered":"<p>S\u00f3l do k\u0105pieli White Girl mo\u017cna kupi\u0107 w Internecie.<br \/> Sole do k\u0105pieli White Girl mo\u017cna kupi\u0107 online. Jak je kupi\u0107?<\/p>\n<p>Gdzie chcesz kupi\u0107 bia\u0142e sole do k\u0105pieli dla dziewczynek? Nie ma k\u0142opot\u00f3w ani niezr\u0119czno\u015bci, gdy kupujesz bia\u0142e sole do k\u0105pieli dla dziewczynek od Best Global Meds. Ci\u0119\u017cko pracujemy, aby mie\u0107 pewno\u015b\u0107, \u017ce zaoszcz\u0119dzisz pieni\u0105dze, kupuj\u0105c bia\u0142e sole do k\u0105pieli dla dziewczynek w naszej internetowej aptece. Kupuj\u0105c co\u015b w Chemicals Lab, chcemy, aby\u015b zap\u0142aci\u0142 mniej i dosta\u0142 wi\u0119cej.<\/p>\n<p>Kup troch\u0119 soli do k\u0105pieli White Girl.<\/p>\n<p>Z legalnego \u017ar\u00f3d\u0142a mo\u017cesz kupi\u0107 White Girl Bath Salts. Sole w Internecie. Sprzedajemy najlepsze produkty do k\u0105pieli, takie jak sole do k\u0105pieli. Sole do k\u0105pieli zapewni\u0105 Ci g\u0142adk\u0105, zmys\u0142ow\u0105 k\u0105piel, kt\u00f3ra po ich u\u017cyciu sprawi, \u017ce poczujesz si\u0119 czysta. Nasi klienci mog\u0105 by\u0107 jednak pewni, \u017ce otrzymaj\u0105 najlepsze produkty na rynku. Jednak sprzedajemy i kupujemy r\u00f3wnie\u017c inne skoncentrowane sole do k\u0105pieli w dobrych cenach.<\/p>\n<p>Nasze sole do k\u0105pieli maj\u0105 silny zapach.<\/p>\n<p>Istnieje wiele r\u00f3\u017cnych rodzaj\u00f3w soli do k\u0105pieli White Girl, i maj\u0105 sprawi\u0107, \u017ce Twoje wra\u017cenia z k\u0105pieli b\u0119d\u0105 jeszcze lepsze. Wystarczy niewielka ilo\u015b\u0107, aby zrobi\u0107 du\u017c\u0105 r\u00f3\u017cnic\u0119. Mo\u017cesz jednak doda\u0107 niewielk\u0105 ilo\u015b\u0107 do gor\u0105cej k\u0105pieli, aby naturalnie zmi\u0119kczy\u0107 wod\u0119, co sprawi, \u017ce poczujesz si\u0119 bardzo energetyzowana i szcz\u0119\u015bliwa. Jednak jest u\u017cywany, aby wygl\u0105da\u0107 jak naturalne gor\u0105ce \u017ar\u00f3d\u0142a greckiego morza. Na pocz\u0105tku u\u017cywaj bardzo ma\u0142o soli do k\u0105pieli White Girl, poniewa\u017c zbyt du\u017co zabrudzi wod\u0119 w wannie i sprawi, \u017ce b\u0119dziesz nieszcz\u0119\u015bliwy. Z drugiej strony sole do k\u0105pieli White Girl mog\u0105 pom\u00f3c Ci dosta\u0107 si\u0119 do miejsc, o kt\u00f3rych my\u015bla\u0142e\u015b, \u017ce s\u0105 niemo\u017cliwe.<\/p>\n","protected":false},"excerpt":{"rendered":"<p>Nasz sklep Bestglobalmeds.com sprzedaje s\u00f3l do k\u0105pieli White Girl na sprzeda\u017c w Wielkiej Brytanii, Europie i na ca\u0142ym \u015bwiecie! Mo\u017cesz kupi\u0107 najlepsz\u0105 s\u00f3l do k\u0105pieli dla bia\u0142ych dziewczyn tutaj!<\/p>\n<p>Cena soli do k\u0105pieli dla bia\u0142ych dziewczyn w Internecie mo\u017ce by\u0107 zbyt wysoka.<\/p>\n<p>W Best global meds mo\u017cesz kupi\u0107 bia\u0142\u0105 dziewczyn\u0119 sole do k\u0105pieli w zaciszu w\u0142asnego domu. Sole do k\u0105pieli White Girl s\u0105 na sprzeda\u017c.<\/p>\n<p>W takim przypadku mo\u017cesz kupi\u0107 sole do k\u0105pieli przez Internet S\u00f3l do k\u0105pieli White Girl 500 mg<\/p>\n<p>Best Global Meds sprzedaje wysokiej jako\u015bci sole do k\u0105pieli, kt\u00f3re zapewni Ci g\u0142adk\u0105, zmys\u0142ow\u0105 k\u0105piel, kt\u00f3ra sprawi, \u017ce poczujesz si\u0119 czysta.<\/p>\n<p>Kupuj\u0105c u nas bia\u0142e sole do k\u0105pieli dla dziewczynek online, mo\u017cesz mie\u0107 pewno\u015b\u0107, \u017ce b\u0119d\u0105 one najlepsze, jakie mo\u017cesz dosta\u0107. Sprzedajemy i kupujemy inne skoncentrowane sole do k\u0105pieli w dobrych cenach.<\/p>\n<p>Nasze sole do k\u0105pieli maj\u0105 silny zapach.<\/p>\n<div class=\"product-next-previous\">\n<div class=\"product- poprzedni\"><\/div>\n<\/p><\/div>\n","protected":false},"featured_media":5625,"comment_status":"open","ping_status":"closed","template":"","meta":[],"product_brand":[],"product_cat":[2014],"product_tag":[3305,3306,3299,3300,3301,3303,3302,3304],"class_list":{"0":"post-5615","1":"product","2":"type-product","3":"status-publish","4":"has-post-thumbnail","6":"product_cat-kup-badania-chemikalia","7":"product_tag-biae-dziewczyny-sole-do-kpieli","8":"product_tag-biae-dziewczynki-sale-do-sprzeday","9":"product_tag-buy-concentrated-white-girl-500mg-bath-salt-online","10":"product_tag-buy-white-girl-bath-salts-online","11":"product_tag-concentrated-white-girl-500mg-bath-salts","12":"product_tag-gdzie-kupi-biae-dziewczynki-sole-do-kpieli","13":"product_tag-order-white-girl-bath-salts-online","14":"product_tag-biaa-dziewczyna-500mg-sl-do-kpieli-online","16":"first","17":"instock","18":"shipping-taxable","19":"purchasable","20":"product-type-variable","21":"has-default-attributes"},"yoast_head":"<!-- This site is optimized with the Yoast SEO plugin v27.3 - https:\/\/yoast.com\/product\/yoast-seo-wordpress\/ -->\n<title>Kup s\u00f3l do k\u0105pieli White Girl - S\u00f3l do k\u0105pieli na sprzeda\u017c - Best Global Meds<\/title>\n<meta name=\"description\" content=\"chce kupi\u0107 White Girl Bath Salt na sprzeda\u017c w Wielkiej Brytanii, Europie w naszym sklepie Bestglobalmeds.com z szybk\u0105 wysy\u0142k\u0105 na ca\u0142y \u015bwiat! Najlepsza s\u00f3l do k\u0105pieli White Girl do zam\u00f3wienia, kt\u00f3r\u0105 znajdziesz tutaj!\" \/>\n<meta name=\"robots\" content=\"index, follow, max-snippet:-1, max-image-preview:large, max-video-preview:-1\" \/>\n<link rel=\"canonical\" href=\"https:\/\/medicinasinc.com\/pl\/product\/kup-biala-dziewczyne-sol-do-kapieli\/\" \/>\n<meta property=\"og:locale\" content=\"en_US\" \/>\n<meta property=\"og:type\" content=\"article\" \/>\n<meta property=\"og:title\" content=\"Kup s\u00f3l do k\u0105pieli White Girl - S\u00f3l do k\u0105pieli na sprzeda\u017c - Best Global Meds\" \/>\n<meta property=\"og:description\" content=\"chce kupi\u0107 White Girl Bath Salt na sprzeda\u017c w Wielkiej Brytanii, Europie w naszym sklepie Bestglobalmeds.com z szybk\u0105 wysy\u0142k\u0105 na ca\u0142y \u015bwiat! Najlepsza s\u00f3l do k\u0105pieli White Girl do zam\u00f3wienia, kt\u00f3r\u0105 znajdziesz tutaj!\" \/>\n<meta property=\"og:url\" content=\"https:\/\/medicinasinc.com\/pl\/product\/kup-biala-dziewczyne-sol-do-kapieli\/\" \/>\n<meta property=\"og:site_name\" content=\"Medicinas Inc\" \/>\n<meta property=\"article:modified_time\" content=\"2022-03-22T00:51:26+00:00\" \/>\n<meta property=\"og:image\" content=\"https:\/\/medicinasinc.com\/pl\/wp-content\/uploads\/sites\/13\/2022\/02\/Buy-White-Girl-Bath-Salt.jpg\" \/>\n\t<meta property=\"og:image:width\" content=\"600\" \/>\n\t<meta property=\"og:image:height\" content=\"600\" \/>\n\t<meta property=\"og:image:type\" content=\"image\/jpeg\" \/>\n<meta name=\"twitter:card\" content=\"summary_large_image\" \/>\n<meta name=\"twitter:label1\" content=\"Est. reading time\" \/>\n\t<meta name=\"twitter:data1\" content=\"2 minutes\" \/>\n<script type=\"application\/ld+json\" class=\"yoast-schema-graph\">{\"@context\":\"https:\\\/\\\/schema.org\",\"@graph\":[{\"@type\":\"WebPage\",\"@id\":\"https:\\\/\\\/medicinasinc.com\\\/pl\\\/product\\\/kup-biala-dziewczyne-sol-do-kapieli\\\/\",\"url\":\"https:\\\/\\\/medicinasinc.com\\\/pl\\\/product\\\/kup-biala-dziewczyne-sol-do-kapieli\\\/\",\"name\":\"Kup s\u00f3l do k\u0105pieli White Girl - S\u00f3l do k\u0105pieli na sprzeda\u017c - Best Global Meds\",\"isPartOf\":{\"@id\":\"https:\\\/\\\/medicinasinc.com\\\/pl\\\/#website\"},\"primaryImageOfPage\":{\"@id\":\"https:\\\/\\\/medicinasinc.com\\\/pl\\\/product\\\/kup-biala-dziewczyne-sol-do-kapieli\\\/#primaryimage\"},\"image\":{\"@id\":\"https:\\\/\\\/medicinasinc.com\\\/pl\\\/product\\\/kup-biala-dziewczyne-sol-do-kapieli\\\/#primaryimage\"},\"thumbnailUrl\":\"https:\\\/\\\/medicinasinc.com\\\/pl\\\/wp-content\\\/uploads\\\/sites\\\/13\\\/2022\\\/02\\\/Buy-White-Girl-Bath-Salt.jpg\",\"datePublished\":\"2022-02-22T02:46:09+00:00\",\"dateModified\":\"2022-03-22T00:51:26+00:00\",\"description\":\"chce kupi\u0107 White Girl Bath Salt na sprzeda\u017c w Wielkiej Brytanii, Europie w naszym sklepie Bestglobalmeds.com z szybk\u0105 wysy\u0142k\u0105 na ca\u0142y \u015bwiat! Najlepsza s\u00f3l do k\u0105pieli White Girl do zam\u00f3wienia, kt\u00f3r\u0105 znajdziesz tutaj!\",\"breadcrumb\":{\"@id\":\"https:\\\/\\\/medicinasinc.com\\\/pl\\\/product\\\/kup-biala-dziewczyne-sol-do-kapieli\\\/#breadcrumb\"},\"inLanguage\":\"en-US\",\"potentialAction\":[{\"@type\":\"ReadAction\",\"target\":[\"https:\\\/\\\/medicinasinc.com\\\/pl\\\/product\\\/kup-biala-dziewczyne-sol-do-kapieli\\\/\"]}]},{\"@type\":\"ImageObject\",\"inLanguage\":\"en-US\",\"@id\":\"https:\\\/\\\/medicinasinc.com\\\/pl\\\/product\\\/kup-biala-dziewczyne-sol-do-kapieli\\\/#primaryimage\",\"url\":\"https:\\\/\\\/medicinasinc.com\\\/pl\\\/wp-content\\\/uploads\\\/sites\\\/13\\\/2022\\\/02\\\/Buy-White-Girl-Bath-Salt.jpg\",\"contentUrl\":\"https:\\\/\\\/medicinasinc.com\\\/pl\\\/wp-content\\\/uploads\\\/sites\\\/13\\\/2022\\\/02\\\/Buy-White-Girl-Bath-Salt.jpg\",\"width\":600,\"height\":600},{\"@type\":\"BreadcrumbList\",\"@id\":\"https:\\\/\\\/medicinasinc.com\\\/pl\\\/product\\\/kup-biala-dziewczyne-sol-do-kapieli\\\/#breadcrumb\",\"itemListElement\":[{\"@type\":\"ListItem\",\"position\":1,\"name\":\"Sklep\",\"item\":\"https:\\\/\\\/medicinasinc.com\\\/pl\\\/sklep\\\/\"},{\"@type\":\"ListItem\",\"position\":2,\"name\":\"Kup s\u00f3l do k\u0105pieli White Girl\"}]},{\"@type\":\"WebSite\",\"@id\":\"https:\\\/\\\/medicinasinc.com\\\/pl\\\/#website\",\"url\":\"https:\\\/\\\/medicinasinc.com\\\/pl\\\/\",\"name\":\"Medicinas Inc\",\"description\":\"Health Medical Clinic\",\"potentialAction\":[{\"@type\":\"SearchAction\",\"target\":{\"@type\":\"EntryPoint\",\"urlTemplate\":\"https:\\\/\\\/medicinasinc.com\\\/pl\\\/?s={search_term_string}\"},\"query-input\":{\"@type\":\"PropertyValueSpecification\",\"valueRequired\":true,\"valueName\":\"search_term_string\"}}],\"inLanguage\":\"en-US\"}]}<\/script>\n<!-- \/ Yoast SEO plugin. -->","yoast_head_json":{"title":"Kup s\u00f3l do k\u0105pieli White Girl - S\u00f3l do k\u0105pieli na sprzeda\u017c - Best Global Meds","description":"chce kupi\u0107 White Girl Bath Salt na sprzeda\u017c w Wielkiej Brytanii, Europie w naszym sklepie Bestglobalmeds.com z szybk\u0105 wysy\u0142k\u0105 na ca\u0142y \u015bwiat! Najlepsza s\u00f3l do k\u0105pieli White Girl do zam\u00f3wienia, kt\u00f3r\u0105 znajdziesz tutaj!","robots":{"index":"index","follow":"follow","max-snippet":"max-snippet:-1","max-image-preview":"max-image-preview:large","max-video-preview":"max-video-preview:-1"},"canonical":"https:\/\/medicinasinc.com\/pl\/product\/kup-biala-dziewczyne-sol-do-kapieli\/","og_locale":"en_US","og_type":"article","og_title":"Kup s\u00f3l do k\u0105pieli White Girl - S\u00f3l do k\u0105pieli na sprzeda\u017c - Best Global Meds","og_description":"chce kupi\u0107 White Girl Bath Salt na sprzeda\u017c w Wielkiej Brytanii, Europie w naszym sklepie Bestglobalmeds.com z szybk\u0105 wysy\u0142k\u0105 na ca\u0142y \u015bwiat! Najlepsza s\u00f3l do k\u0105pieli White Girl do zam\u00f3wienia, kt\u00f3r\u0105 znajdziesz tutaj!","og_url":"https:\/\/medicinasinc.com\/pl\/product\/kup-biala-dziewczyne-sol-do-kapieli\/","og_site_name":"Medicinas Inc","article_modified_time":"2022-03-22T00:51:26+00:00","og_image":[{"width":600,"height":600,"url":"https:\/\/medicinasinc.com\/pl\/wp-content\/uploads\/sites\/13\/2022\/02\/Buy-White-Girl-Bath-Salt.jpg","type":"image\/jpeg"}],"twitter_card":"summary_large_image","twitter_misc":{"Est. reading time":"2 minutes"},"schema":{"@context":"https:\/\/schema.org","@graph":[{"@type":"WebPage","@id":"https:\/\/medicinasinc.com\/pl\/product\/kup-biala-dziewczyne-sol-do-kapieli\/","url":"https:\/\/medicinasinc.com\/pl\/product\/kup-biala-dziewczyne-sol-do-kapieli\/","name":"Kup s\u00f3l do k\u0105pieli White Girl - S\u00f3l do k\u0105pieli na sprzeda\u017c - Best Global Meds","isPartOf":{"@id":"https:\/\/medicinasinc.com\/pl\/#website"},"primaryImageOfPage":{"@id":"https:\/\/medicinasinc.com\/pl\/product\/kup-biala-dziewczyne-sol-do-kapieli\/#primaryimage"},"image":{"@id":"https:\/\/medicinasinc.com\/pl\/product\/kup-biala-dziewczyne-sol-do-kapieli\/#primaryimage"},"thumbnailUrl":"https:\/\/medicinasinc.com\/pl\/wp-content\/uploads\/sites\/13\/2022\/02\/Buy-White-Girl-Bath-Salt.jpg","datePublished":"2022-02-22T02:46:09+00:00","dateModified":"2022-03-22T00:51:26+00:00","description":"chce kupi\u0107 White Girl Bath Salt na sprzeda\u017c w Wielkiej Brytanii, Europie w naszym sklepie Bestglobalmeds.com z szybk\u0105 wysy\u0142k\u0105 na ca\u0142y \u015bwiat! Najlepsza s\u00f3l do k\u0105pieli White Girl do zam\u00f3wienia, kt\u00f3r\u0105 znajdziesz tutaj!","breadcrumb":{"@id":"https:\/\/medicinasinc.com\/pl\/product\/kup-biala-dziewczyne-sol-do-kapieli\/#breadcrumb"},"inLanguage":"en-US","potentialAction":[{"@type":"ReadAction","target":["https:\/\/medicinasinc.com\/pl\/product\/kup-biala-dziewczyne-sol-do-kapieli\/"]}]},{"@type":"ImageObject","inLanguage":"en-US","@id":"https:\/\/medicinasinc.com\/pl\/product\/kup-biala-dziewczyne-sol-do-kapieli\/#primaryimage","url":"https:\/\/medicinasinc.com\/pl\/wp-content\/uploads\/sites\/13\/2022\/02\/Buy-White-Girl-Bath-Salt.jpg","contentUrl":"https:\/\/medicinasinc.com\/pl\/wp-content\/uploads\/sites\/13\/2022\/02\/Buy-White-Girl-Bath-Salt.jpg","width":600,"height":600},{"@type":"BreadcrumbList","@id":"https:\/\/medicinasinc.com\/pl\/product\/kup-biala-dziewczyne-sol-do-kapieli\/#breadcrumb","itemListElement":[{"@type":"ListItem","position":1,"name":"Sklep","item":"https:\/\/medicinasinc.com\/pl\/sklep\/"},{"@type":"ListItem","position":2,"name":"Kup s\u00f3l do k\u0105pieli White Girl"}]},{"@type":"WebSite","@id":"https:\/\/medicinasinc.com\/pl\/#website","url":"https:\/\/medicinasinc.com\/pl\/","name":"Medicinas Inc","description":"Health Medical Clinic","potentialAction":[{"@type":"SearchAction","target":{"@type":"EntryPoint","urlTemplate":"https:\/\/medicinasinc.com\/pl\/?s={search_term_string}"},"query-input":{"@type":"PropertyValueSpecification","valueRequired":true,"valueName":"search_term_string"}}],"inLanguage":"en-US"}]}},"_links":{"self":[{"href":"https:\/\/medicinasinc.com\/pl\/wp-json\/wp\/v2\/product\/5615","targetHints":{"allow":["GET"]}}],"collection":[{"href":"https:\/\/medicinasinc.com\/pl\/wp-json\/wp\/v2\/product"}],"about":[{"href":"https:\/\/medicinasinc.com\/pl\/wp-json\/wp\/v2\/types\/product"}],"replies":[{"embeddable":true,"href":"https:\/\/medicinasinc.com\/pl\/wp-json\/wp\/v2\/comments?post=5615"}],"wp:featuredmedia":[{"embeddable":true,"href":"https:\/\/medicinasinc.com\/pl\/wp-json\/wp\/v2\/media\/5625"}],"wp:attachment":[{"href":"https:\/\/medicinasinc.com\/pl\/wp-json\/wp\/v2\/media?parent=5615"}],"wp:term":[{"taxonomy":"product_brand","embeddable":true,"href":"https:\/\/medicinasinc.com\/pl\/wp-json\/wp\/v2\/product_brand?post=5615"},{"taxonomy":"product_cat","embeddable":true,"href":"https:\/\/medicinasinc.com\/pl\/wp-json\/wp\/v2\/product_cat?post=5615"},{"taxonomy":"product_tag","embeddable":true,"href":"https:\/\/medicinasinc.com\/pl\/wp-json\/wp\/v2\/product_tag?post=5615"}],"curies":[{"name":"wp","href":"https:\/\/api.w.org\/{rel}","templated":true}]}}