{"id":5614,"date":"2022-02-22T02:44:39","date_gmt":"2022-02-22T02:44:39","guid":{"rendered":"https:\/\/medicinasinc.com\/pl\/?post_type=product&#038;p=5614"},"modified":"2022-03-22T00:51:36","modified_gmt":"2022-03-22T00:51:36","slug":"kup-bk-etylo-k-krysztaly","status":"publish","type":"product","link":"https:\/\/medicinasinc.com\/pl\/product\/kup-bk-etylo-k-krysztaly\/","title":{"rendered":"Kup kryszta\u0142y bk-etylo-K"},"content":{"rendered":"<p>Kup bk-Ethyl-K Chemical Online od hurtownika.<\/p>\n<p>Bk-Ethyl-K Chemical mo\u017cna kupi\u0107 luzem.<\/p>\n<p>BKK-ethyl-k<\/p>\n<p>Jest r\u00f3wnie\u017c znany jako Ethylone, kt\u00f3ry jest energetyzatorem entaktogenu. Cz\u0119sto nazywa si\u0119 go 3,4-metylenodioksy-N-etylokatynonem, ale nie zawsze jest to prawid\u0142owa nazwa. Etylon jest nazywany 1-(1,3-Benzodioksol-5-ilo)-2-(metyloamino)-1-propanonem, poniewa\u017c ma u\u017cyteczn\u0105 nazw\u0119. Formu\u0142a: C12H15NO3 ma mas\u0119 normaln\u0105 221,251999 Da i mas\u0119 monoizotopow\u0105 221,104996 Da. To jest formu\u0142a subj\u0105drowa. Najlepszym miejscem do zakupu etylenu s\u0105 Chiny. Etylon to cenny kamie\u0144, kt\u00f3ry mo\u017cna kupi\u0107. Kup kamienie etylowe, kt\u00f3re s\u0105 cenne. Dostawca etylenu. Kup etylen ze zni\u017ck\u0105. rabat Ethylone<\/p>\n<p>Nowy stymulant bk-Ethyl-K to lek stworzony przez projektanta. Jest to analog amfetaminy. Dzi\u0119ki nowej formule nie ma problem\u00f3w w urz\u0119dzie celnym.<\/p>\n<table class=\"t1\" cellspacing=\"0\" cellpadding=\"0\">\n<tbody>\n<tr>\n<td class=\"td1\" valign=\"top \">\n<p class=\"p3\"><span class=\"s1\"><b>Synonimy<\/b><\/span><\/p>\n<\/td>\n<td class=\"td2\" valign=\"top\">\n<p class=\"p3\"><a href=\"https:\/\/www.bestglobalmeds.com\/product\/research-chemicals\/buy-bk-ethyl-k-crystals\/\"><span class=\"s1\"> bk-Ethyl-K<\/span><\/a><\/p>\n<\/td>\n<\/tr>\n<tr>\n<td class=\"td3\" valign=\"top\">\n<p class=\"p3\"><span class=\"s1\"><b>IUPAC<\/b><\/span><\/p>\n<\/td>\n<td class=\"td4\" valign=\"top\">\n<p class=\"p3\"><span class=\"s1\">1-(benzo[d][1,3]dioksol-5-ilo)-2-(etyloamino)pentan-1-on<\/span><\/p>\n<\/td>\n<\/tr>\n<tr>\n<td class=\"td1\" valign=\"top\">\n<p class=\"p3\"><span class=\"s1\"><b>Formu\u0142a<\/b><\/span><\/p>\n<\/td>\n<td class=\"td2\" valign=\"top\">\n<p class=\"p3\"><span class=\"s1\">Nie<\/span><\/p>\n<\/td>\n<\/tr>\n<tr>\n<td class=\"td3\" valign=\"top\">\n<p class=\"p3\"><span class=\"s1\"><b>Masa cz\u0105steczkowa<\/b><\/span><\/p>\n<\/td>\n<td class=\"td4\" valign=\"top\">\n<p class=\"p3\"><span class=\"s1\">Nie <\/span><\/p>\n<\/td>\n<\/tr>\n<tr>\n<td class=\"td1\" valign=\"top\">\n<p class=\"p3\"><span class=\"s1\"><b>CAS<\/b><\/span><\/p>\n<\/td>\n<td class=\"td2\" valign=\"top\">\n<p class=\"p3\"><span class=\"s1\">Nie<\/span><\/p>\n<\/td>\n<\/tr>\n<tr>\n<td class=\"td3\" valign=\"top\">\n<p class=\"p3\"><span class=\"s1\"><b>Wygl\u0105d <\/b><\/span><\/p>\n<\/td>\n<td class=\"td4\" valign=\"top\">\n<p class=\"p3\"><span class=\"s1\">Nie<\/span> <\/p>\n<\/td>\n<\/tr>\n<tr>\n<td class=\"td1\" valign=\"top\">\n<p class=\"p3\"><span class=\"s1\"><b>Czysto\u015b\u0107<\/b><\/span><\/p>\n<\/td>\n<td class=\"td2\" valign=\"top\">\n<p class=\"p3\"><span class=\"s1\">\u2265 99%<\/span> <\/p>\n<\/td>\n<\/tr>\n<\/tbody>\n<\/table>\n<p><img loading=\"lazy\" decoding=\"async\" class=\"alignnone wp-image-923 size-full lazyloaded\" style=\"border: 0px;vertical-align: \u015brodek\" src=\"https:\/\/i2.wp.com\/chemspro.com\/wp-content\/uploads\/sites\/13\/2017\/04\/bk-ethyl-k- e1570866136196.jpg?resize=260%2C185&amp;ssl=1\" alt=\"bk-Ethyl-K\" width=\"260\" height=\"185\" data-attachment-id=\"923\" data-permalink=\"https:\/ \/chemspro.com\/stymulanty\/bk-etylo-k-kryszta\u0142y.htm l\/attachment\/bk-ethyl-k\" data-orig-file=\"https:\/\/i2.wp.com\/chemspro.com\/wp-content\/uploads\/sites\/13\/2017\/04\/bk-ethyl-k -e1570866136196.jpg?fit=260%2C185&amp;ssl=1\" data-orig-size=\"260,185\" data-comments-opened=\"1\" data-image-title=\"bk-etylo-k\" data-image-description=\"&lt;p&gt;bk-Etyl-K&lt;\/p&gt; \" data-image-caption=\"\" data-medium-file=\"https:\/\/i2.wp.com\/chemspro.com\/wp-content\/uploads\/sites\/13\/2017\/04\/bk-ethyl-k- e1570866136196.jpg?fit=300%2C213&amp;ssl=1\" data-large-file=\"https:\/\/i2.wp.com\/chemspro.com\/wp-content\/uploads\/sites\/13\/2017\/04\/bk -ethyl-k-e1570866136196.jpg?fit=260%2C185&amp;ssl=1\" data-recalc-dims=\"1\" data-src=\"https:\/\/i2.wp.com\/chemspro.com\/wp-content \/uploads\/sites\/13\/2017\/04\/bk-ethyl-k-e1570866136196.jpg?resize=260%2C185&amp;ssl=1\" \/><\/p>\n<p>Osoby, kt\u00f3re kupuj\u0105 Bk-Ethyl-K od tego witryna powinna u\u017cywa\u0107 go do bada\u0144 i kryminalistyki. Bk-Ethyl-K jest cz\u0119\u015bci\u0105 rodziny chemicznej katynonu i amfetaminy. Taka jest waga wzoru: 285,8 g-mol<\/p>\n<p>Nikt nie wie, co stanie si\u0119 z tob\u0105 po za\u017cyciu bk-Ethyl-K, ale mo\u017ce by\u0107 ich troch\u0119.<\/p>\n<p>Pe\u0142na nazwa chemiczna to bk-Etylo-K: 1-(benzo[d][l,3]dioksol-5-ilo)-2-(etyloamino)pentan-1-on jest pierwszym.<\/p>\n<p> Przechowywanie: w ch\u0142odnym i suchym miejscu. Terminy bk-Ethyl-K mog\u0105 trwa\u0107 do dw\u00f3ch lat, je\u015bli s\u0105 przechowywane we w\u0142a\u015bciwy spos\u00f3b.<\/p>\n","protected":false},"excerpt":{"rendered":"<div class=\"woocommerce-product-details__short-description\">\n<p>W naszym sklepie Bestglobalmeds.com mo\u017cesz kupi\u0107 tanie kryszta\u0142y bk-Ethyl-K na sprzeda\u017c w Wielkiej Brytanii, Europie i na ca\u0142ym \u015bwiecie! Tutaj mo\u017cesz kupi\u0107 najlepsze kryszta\u0142y bk-Ethyl-K na zam\u00f3wienie.<\/p>\n<p>Kup bk-Ethyl-K Chemical Online od hurtownika. tanie chemikalia badawcze, kt\u00f3re maj\u0105 najlepsz\u0105 czysto\u015b\u0107 do bada\u0144<\/p>\n<p>.<\/p>\n<\/p><\/div>\n","protected":false},"featured_media":5623,"comment_status":"open","ping_status":"closed","template":"","meta":[],"product_brand":[],"product_cat":[2014],"product_tag":[3281,3282,3283,3287,3288,3289,3290,3291,3292,3293,3294,3295,3284,3285,3286,3297,3298,3296],"class_list":{"0":"post-5614","1":"product","2":"type-product","3":"status-publish","4":"has-post-thumbnail","6":"product_cat-kup-badania-chemikalia","7":"product_tag-best-bk-ethyl-k-crystals-wholesale","8":"product_tag-best-place-to-buy-bk-ethyl-k-crystals","9":"product_tag-best-place-to-buy-mxe","10":"product_tag-bk-ethyl-k-crystals-effect","11":"product_tag-bk-ethyl-k-crystals-for-sale","12":"product_tag-bk-ethyl-k-crystals-kufen","13":"product_tag-bk-ethyl-k-crystals-order","14":"product_tag-bk-etylo-k-krysztay-reddit","15":"product_tag-buy-bk-ethyl-k-crystals","16":"product_tag-buy-bk-ethyl-k-crystals-europe","17":"product_tag-buy-bk-ethyl-k-crystals-uk","18":"product_tag-dmt-order","19":"product_tag-bk-etylo-k-krysztay","20":"product_tag-bk-etylo-k-krysztay-kup","21":"product_tag-bk-etylo-k-krysztay-kup-europa","22":"product_tag-detaliczna-bk-etylo-k-krysztay","23":"product_tag-hurtownia-bk-etylo-k-krysztay","24":"product_tag-zamw-bk-etylo-k-krysztaly-uk","26":"first","27":"instock","28":"shipping-taxable","29":"purchasable","30":"product-type-variable","31":"has-default-attributes"},"yoast_head":"<!-- This site is optimized with the Yoast SEO plugin v27.3 - https:\/\/yoast.com\/product\/yoast-seo-wordpress\/ -->\n<title>Kup kryszta\u0142y bk-Ethyl-K - bk-Ethyl-K Online- Best Global Meds<\/title>\n<meta name=\"description\" content=\"chce kupi\u0107 tanie kryszta\u0142y bk-etylo-K na sprzeda\u017c w Wielkiej Brytanii, Europie w naszym sklepie Bestglobalmeds z szybk\u0105 wysy\u0142k\u0105 na ca\u0142y \u015bwiat! Najlepsze kryszta\u0142y bk-Ethyl-K do zam\u00f3wienia znajdziesz tutaj!\" \/>\n<meta name=\"robots\" content=\"index, follow, max-snippet:-1, max-image-preview:large, max-video-preview:-1\" \/>\n<link rel=\"canonical\" href=\"https:\/\/medicinasinc.com\/pl\/product\/kup-bk-etylo-k-krysztaly\/\" \/>\n<meta property=\"og:locale\" content=\"en_US\" \/>\n<meta property=\"og:type\" content=\"article\" \/>\n<meta property=\"og:title\" content=\"Kup kryszta\u0142y bk-Ethyl-K - bk-Ethyl-K Online- Best Global Meds\" \/>\n<meta property=\"og:description\" content=\"chce kupi\u0107 tanie kryszta\u0142y bk-etylo-K na sprzeda\u017c w Wielkiej Brytanii, Europie w naszym sklepie Bestglobalmeds z szybk\u0105 wysy\u0142k\u0105 na ca\u0142y \u015bwiat! Najlepsze kryszta\u0142y bk-Ethyl-K do zam\u00f3wienia znajdziesz tutaj!\" \/>\n<meta property=\"og:url\" content=\"https:\/\/medicinasinc.com\/pl\/product\/kup-bk-etylo-k-krysztaly\/\" \/>\n<meta property=\"og:site_name\" content=\"Medicinas Inc\" \/>\n<meta property=\"article:modified_time\" content=\"2022-03-22T00:51:36+00:00\" \/>\n<meta property=\"og:image\" content=\"https:\/\/medicinasinc.com\/pl\/wp-content\/uploads\/sites\/13\/2022\/02\/Buy-bk-Ethyl-K-Crystals.jpg\" \/>\n\t<meta property=\"og:image:width\" content=\"600\" \/>\n\t<meta property=\"og:image:height\" content=\"600\" \/>\n\t<meta property=\"og:image:type\" content=\"image\/jpeg\" \/>\n<meta name=\"twitter:card\" content=\"summary_large_image\" \/>\n<meta name=\"twitter:label1\" content=\"Est. reading time\" \/>\n\t<meta name=\"twitter:data1\" content=\"2 minutes\" \/>\n<script type=\"application\/ld+json\" class=\"yoast-schema-graph\">{\"@context\":\"https:\\\/\\\/schema.org\",\"@graph\":[{\"@type\":\"WebPage\",\"@id\":\"https:\\\/\\\/medicinasinc.com\\\/pl\\\/product\\\/kup-bk-etylo-k-krysztaly\\\/\",\"url\":\"https:\\\/\\\/medicinasinc.com\\\/pl\\\/product\\\/kup-bk-etylo-k-krysztaly\\\/\",\"name\":\"Kup kryszta\u0142y bk-Ethyl-K - bk-Ethyl-K Online- Best Global Meds\",\"isPartOf\":{\"@id\":\"https:\\\/\\\/medicinasinc.com\\\/pl\\\/#website\"},\"primaryImageOfPage\":{\"@id\":\"https:\\\/\\\/medicinasinc.com\\\/pl\\\/product\\\/kup-bk-etylo-k-krysztaly\\\/#primaryimage\"},\"image\":{\"@id\":\"https:\\\/\\\/medicinasinc.com\\\/pl\\\/product\\\/kup-bk-etylo-k-krysztaly\\\/#primaryimage\"},\"thumbnailUrl\":\"https:\\\/\\\/medicinasinc.com\\\/pl\\\/wp-content\\\/uploads\\\/sites\\\/13\\\/2022\\\/02\\\/Buy-bk-Ethyl-K-Crystals.jpg\",\"datePublished\":\"2022-02-22T02:44:39+00:00\",\"dateModified\":\"2022-03-22T00:51:36+00:00\",\"description\":\"chce kupi\u0107 tanie kryszta\u0142y bk-etylo-K na sprzeda\u017c w Wielkiej Brytanii, Europie w naszym sklepie Bestglobalmeds z szybk\u0105 wysy\u0142k\u0105 na ca\u0142y \u015bwiat! Najlepsze kryszta\u0142y bk-Ethyl-K do zam\u00f3wienia znajdziesz tutaj!\",\"breadcrumb\":{\"@id\":\"https:\\\/\\\/medicinasinc.com\\\/pl\\\/product\\\/kup-bk-etylo-k-krysztaly\\\/#breadcrumb\"},\"inLanguage\":\"en-US\",\"potentialAction\":[{\"@type\":\"ReadAction\",\"target\":[\"https:\\\/\\\/medicinasinc.com\\\/pl\\\/product\\\/kup-bk-etylo-k-krysztaly\\\/\"]}]},{\"@type\":\"ImageObject\",\"inLanguage\":\"en-US\",\"@id\":\"https:\\\/\\\/medicinasinc.com\\\/pl\\\/product\\\/kup-bk-etylo-k-krysztaly\\\/#primaryimage\",\"url\":\"https:\\\/\\\/medicinasinc.com\\\/pl\\\/wp-content\\\/uploads\\\/sites\\\/13\\\/2022\\\/02\\\/Buy-bk-Ethyl-K-Crystals.jpg\",\"contentUrl\":\"https:\\\/\\\/medicinasinc.com\\\/pl\\\/wp-content\\\/uploads\\\/sites\\\/13\\\/2022\\\/02\\\/Buy-bk-Ethyl-K-Crystals.jpg\",\"width\":600,\"height\":600},{\"@type\":\"BreadcrumbList\",\"@id\":\"https:\\\/\\\/medicinasinc.com\\\/pl\\\/product\\\/kup-bk-etylo-k-krysztaly\\\/#breadcrumb\",\"itemListElement\":[{\"@type\":\"ListItem\",\"position\":1,\"name\":\"Sklep\",\"item\":\"https:\\\/\\\/medicinasinc.com\\\/pl\\\/sklep\\\/\"},{\"@type\":\"ListItem\",\"position\":2,\"name\":\"Kup kryszta\u0142y bk-etylo-K\"}]},{\"@type\":\"WebSite\",\"@id\":\"https:\\\/\\\/medicinasinc.com\\\/pl\\\/#website\",\"url\":\"https:\\\/\\\/medicinasinc.com\\\/pl\\\/\",\"name\":\"Medicinas Inc\",\"description\":\"Health Medical Clinic\",\"potentialAction\":[{\"@type\":\"SearchAction\",\"target\":{\"@type\":\"EntryPoint\",\"urlTemplate\":\"https:\\\/\\\/medicinasinc.com\\\/pl\\\/?s={search_term_string}\"},\"query-input\":{\"@type\":\"PropertyValueSpecification\",\"valueRequired\":true,\"valueName\":\"search_term_string\"}}],\"inLanguage\":\"en-US\"}]}<\/script>\n<!-- \/ Yoast SEO plugin. -->","yoast_head_json":{"title":"Kup kryszta\u0142y bk-Ethyl-K - bk-Ethyl-K Online- Best Global Meds","description":"chce kupi\u0107 tanie kryszta\u0142y bk-etylo-K na sprzeda\u017c w Wielkiej Brytanii, Europie w naszym sklepie Bestglobalmeds z szybk\u0105 wysy\u0142k\u0105 na ca\u0142y \u015bwiat! Najlepsze kryszta\u0142y bk-Ethyl-K do zam\u00f3wienia znajdziesz tutaj!","robots":{"index":"index","follow":"follow","max-snippet":"max-snippet:-1","max-image-preview":"max-image-preview:large","max-video-preview":"max-video-preview:-1"},"canonical":"https:\/\/medicinasinc.com\/pl\/product\/kup-bk-etylo-k-krysztaly\/","og_locale":"en_US","og_type":"article","og_title":"Kup kryszta\u0142y bk-Ethyl-K - bk-Ethyl-K Online- Best Global Meds","og_description":"chce kupi\u0107 tanie kryszta\u0142y bk-etylo-K na sprzeda\u017c w Wielkiej Brytanii, Europie w naszym sklepie Bestglobalmeds z szybk\u0105 wysy\u0142k\u0105 na ca\u0142y \u015bwiat! Najlepsze kryszta\u0142y bk-Ethyl-K do zam\u00f3wienia znajdziesz tutaj!","og_url":"https:\/\/medicinasinc.com\/pl\/product\/kup-bk-etylo-k-krysztaly\/","og_site_name":"Medicinas Inc","article_modified_time":"2022-03-22T00:51:36+00:00","og_image":[{"width":600,"height":600,"url":"https:\/\/medicinasinc.com\/pl\/wp-content\/uploads\/sites\/13\/2022\/02\/Buy-bk-Ethyl-K-Crystals.jpg","type":"image\/jpeg"}],"twitter_card":"summary_large_image","twitter_misc":{"Est. reading time":"2 minutes"},"schema":{"@context":"https:\/\/schema.org","@graph":[{"@type":"WebPage","@id":"https:\/\/medicinasinc.com\/pl\/product\/kup-bk-etylo-k-krysztaly\/","url":"https:\/\/medicinasinc.com\/pl\/product\/kup-bk-etylo-k-krysztaly\/","name":"Kup kryszta\u0142y bk-Ethyl-K - bk-Ethyl-K Online- Best Global Meds","isPartOf":{"@id":"https:\/\/medicinasinc.com\/pl\/#website"},"primaryImageOfPage":{"@id":"https:\/\/medicinasinc.com\/pl\/product\/kup-bk-etylo-k-krysztaly\/#primaryimage"},"image":{"@id":"https:\/\/medicinasinc.com\/pl\/product\/kup-bk-etylo-k-krysztaly\/#primaryimage"},"thumbnailUrl":"https:\/\/medicinasinc.com\/pl\/wp-content\/uploads\/sites\/13\/2022\/02\/Buy-bk-Ethyl-K-Crystals.jpg","datePublished":"2022-02-22T02:44:39+00:00","dateModified":"2022-03-22T00:51:36+00:00","description":"chce kupi\u0107 tanie kryszta\u0142y bk-etylo-K na sprzeda\u017c w Wielkiej Brytanii, Europie w naszym sklepie Bestglobalmeds z szybk\u0105 wysy\u0142k\u0105 na ca\u0142y \u015bwiat! Najlepsze kryszta\u0142y bk-Ethyl-K do zam\u00f3wienia znajdziesz tutaj!","breadcrumb":{"@id":"https:\/\/medicinasinc.com\/pl\/product\/kup-bk-etylo-k-krysztaly\/#breadcrumb"},"inLanguage":"en-US","potentialAction":[{"@type":"ReadAction","target":["https:\/\/medicinasinc.com\/pl\/product\/kup-bk-etylo-k-krysztaly\/"]}]},{"@type":"ImageObject","inLanguage":"en-US","@id":"https:\/\/medicinasinc.com\/pl\/product\/kup-bk-etylo-k-krysztaly\/#primaryimage","url":"https:\/\/medicinasinc.com\/pl\/wp-content\/uploads\/sites\/13\/2022\/02\/Buy-bk-Ethyl-K-Crystals.jpg","contentUrl":"https:\/\/medicinasinc.com\/pl\/wp-content\/uploads\/sites\/13\/2022\/02\/Buy-bk-Ethyl-K-Crystals.jpg","width":600,"height":600},{"@type":"BreadcrumbList","@id":"https:\/\/medicinasinc.com\/pl\/product\/kup-bk-etylo-k-krysztaly\/#breadcrumb","itemListElement":[{"@type":"ListItem","position":1,"name":"Sklep","item":"https:\/\/medicinasinc.com\/pl\/sklep\/"},{"@type":"ListItem","position":2,"name":"Kup kryszta\u0142y bk-etylo-K"}]},{"@type":"WebSite","@id":"https:\/\/medicinasinc.com\/pl\/#website","url":"https:\/\/medicinasinc.com\/pl\/","name":"Medicinas Inc","description":"Health Medical Clinic","potentialAction":[{"@type":"SearchAction","target":{"@type":"EntryPoint","urlTemplate":"https:\/\/medicinasinc.com\/pl\/?s={search_term_string}"},"query-input":{"@type":"PropertyValueSpecification","valueRequired":true,"valueName":"search_term_string"}}],"inLanguage":"en-US"}]}},"_links":{"self":[{"href":"https:\/\/medicinasinc.com\/pl\/wp-json\/wp\/v2\/product\/5614","targetHints":{"allow":["GET"]}}],"collection":[{"href":"https:\/\/medicinasinc.com\/pl\/wp-json\/wp\/v2\/product"}],"about":[{"href":"https:\/\/medicinasinc.com\/pl\/wp-json\/wp\/v2\/types\/product"}],"replies":[{"embeddable":true,"href":"https:\/\/medicinasinc.com\/pl\/wp-json\/wp\/v2\/comments?post=5614"}],"wp:featuredmedia":[{"embeddable":true,"href":"https:\/\/medicinasinc.com\/pl\/wp-json\/wp\/v2\/media\/5623"}],"wp:attachment":[{"href":"https:\/\/medicinasinc.com\/pl\/wp-json\/wp\/v2\/media?parent=5614"}],"wp:term":[{"taxonomy":"product_brand","embeddable":true,"href":"https:\/\/medicinasinc.com\/pl\/wp-json\/wp\/v2\/product_brand?post=5614"},{"taxonomy":"product_cat","embeddable":true,"href":"https:\/\/medicinasinc.com\/pl\/wp-json\/wp\/v2\/product_cat?post=5614"},{"taxonomy":"product_tag","embeddable":true,"href":"https:\/\/medicinasinc.com\/pl\/wp-json\/wp\/v2\/product_tag?post=5614"}],"curies":[{"name":"wp","href":"https:\/\/api.w.org\/{rel}","templated":true}]}}