{"id":5592,"date":"2022-02-22T02:23:26","date_gmt":"2022-02-22T02:23:26","guid":{"rendered":"https:\/\/medicinasinc.com\/pl\/?post_type=product&#038;p=5592"},"modified":"2022-03-22T00:51:45","modified_gmt":"2022-03-22T00:51:45","slug":"kup-eth-lad-proszek","status":"publish","type":"product","link":"https:\/\/medicinasinc.com\/pl\/product\/kup-eth-lad-proszek\/","title":{"rendered":"Kup proszek ETH-LAD"},"content":{"rendered":"<p>\u0179r\u00f3d\u0142o do uzyskania proszku ETH-LAD, ETH-LAD na sprzeda\u017c<\/p>\n<p>Producent proszku ETH-LAD w Chinach. Dostawcy i hurtownicy proszku ETH-LAD. Sprzeda\u017c chemikali\u00f3w badawczych w Chinach: proszek ETH-LAD<\/p>\n<p>Ladd, znany r\u00f3wnie\u017c jako ETH-LAD, to cykliczny tetrahydroindol (znany r\u00f3wnie\u017c jako ETH-LAD lub ETH-LAD).<\/p>\n<p> Cz\u0142onek rodziny lizergamid\u00f3w, chinolino-9-karboksyamid. ETH-LAD to analog LSD, kt\u00f3ry dopiero niedawno by\u0142 dost\u0119pny dla spo\u0142eczno\u015bci naukowej, otwieraj\u0105c mn\u00f3stwo mo\u017cliwo\u015bci badania jego efekt\u00f3w. Jak szczeg\u00f3\u0142owo opisano w ksi\u0105\u017cce TiHKAL Alexandra Shulgina w latach 70., ETH-LAD zosta\u0142 zsyntetyzowany przez japo\u0144sk\u0105 grup\u0119 badawcz\u0105 w latach 70.<\/p>\n<p>Opis produktu:<\/p>\n<p>Kraje pochodzenia: Chiny; Holandia; Litwa; Stany Zjednoczone Ameryki<br \/> Proszek ETH-LAD to jego oficjalna nazwa.<br \/> MF: Obecnie brak.<br \/> Czysto\u015b\u0107: wi\u0119ksza lub r\u00f3wna 99,5%<br \/> Wygl\u0105d blotter\u00f3w<br \/> Plastikowa lub aluminiowa torba do pakowania<\/p>\n<p>Warunki p\u0142atno\u015bci:<\/p>\n<p>Minimalna ilo\u015b\u0107 zam\u00f3wienia to dziesi\u0119\u0107 sztuk. P\u0142a\u0107 Bitcoinem, Money Gram, przelewem bankowym lub inn\u0105 metod\u0105.<\/p>\n<p>Pr\u00f3bki s\u0105 dost\u0119pne za darmo.<\/p>\n<p>Darmowe pr\u00f3bki bonusowe s\u0105 zawsze do\u0142\u0105czone do ka\u017cdego zam\u00f3wienia. Pi\u0119\u0107 r\u00f3\u017cnych przedmiot\u00f3w, ka\u017cdy wa\u017c\u0105cy dwa gramy.<br \/> Pr\u00f3bny zestaw sk\u0142adaj\u0105cy si\u0119 z 10 lub wi\u0119cej towar\u00f3w, wa\u017c\u0105cy 5-10 gram\u00f3w ka\u017cdy, kosztuje 400 USD i obejmuje dostaw\u0119. Skontaktuj si\u0119 z nami, aby z\u0142o\u017cy\u0107 zam\u00f3wienie.<\/p>\n<p>Warunki dostawy i wysy\u0142ki:<\/p>\n<p>Po otrzymaniu p\u0142atno\u015bci produkty zostan\u0105 wys\u0142ane w ci\u0105gu jednego dnia roboczego.<br \/> UPS, EMS, Przesy\u0142ki zostan\u0105 wys\u0142ane przez DHL, TNT lub FEDEX. Dla ka\u017cdego kraju wybierzemy dla Ciebie najlepszego kuriera i najbezpieczniejsz\u0105 metod\u0119 wysy\u0142ki.<br \/> 5.-14 dni na czas dostawy EMS. 4-7 dni dla DHL, UPS i FedEx.<br \/> W Rosji, Australii i Kanadzie obowi\u0105zuj\u0105 surowe przepisy celne, w kt\u00f3rych mo\u017cemy Ci pom\u00f3c.<br \/> W wi\u0119kszo\u015bci przypadk\u00f3w zam\u00f3wienie otrzymasz w ci\u0105gu czterech do siedmiu dni. Przedmioty zostan\u0105 wys\u0142ane ponownie, je\u015bli zostan\u0105 zgubione lub nieotrzymane z jakiegokolwiek powodu.<\/p>\n<p>Je\u015bli potrzebujesz innych informacji, skontaktuj si\u0119 z nami.<\/p>\n<p>Uwaga:<\/p>\n<p>My posiadamy du\u017c\u0105 globaln\u0105 baz\u0119 klient\u00f3w i czekamy na d\u0142ugoterminow\u0105 wsp\u00f3\u0142prac\u0119 z Pa\u0144stwem. W celu uzyskania dalszych informacji prosimy o kontakt. Zrobimy wszystko, co w naszej mocy, aby Ci pom\u00f3c. Dzi\u0119kuj\u0119 bardzo!<\/p>\n","protected":false},"excerpt":{"rendered":"<div class=\"g\">\n<div data-hveid=\"CAUQAA\" data-ved=\"2ahUKEwiXmcfFl6nzAhVLQEEAHXkQAPMQFSgAegQIBRAA\">\n<div class=\"tF2Cxc\">\n<div class=\"IsZvec\">\n<div>\n<p>Nasz BestGlobalMed online Sklep oferuje szybk\u0105 dostaw\u0119 na ca\u0142y \u015bwiat proszku ETH-LAD, kt\u00f3ry jest produkowany w Europie i Wielkiej Brytanii. Znajd\u017a najlepszy proszek ETH-LAD na rynku tutaj.<br \/> Dystrybutor p\u00f3\u0142produkt\u00f3w farmaceutycznych i chemikali\u00f3w badawczych od chi\u0144skiego dostawcy proszku ETH-LAD<br \/> Mo\u017cesz kupi\u0107 proszek ETH-LAD na tej stronie. <br \/> Europejski dostawca proszku ETH-LAD.<br \/> Analog LSD o nazwie Proszek ETH-LAD mo\u017cna kupi\u0107 online.<br \/> Podobnie jak LSD, ETH-LAD jest substancj\u0105 halucynogenn\u0105.<\/p>\n<p>Analog LSD ETH-LAD w proszku. Aktywna dawka ETH-LAD, leku psychedelicznego o mocy od 20 do 150 mikrogram\u00f3w, jest por\u00f3wnywalna z LSD.<\/p>\n<p>Proszek ETH-LAD jest dost\u0119pny w sprzeda\u017cy.<\/p>\n<p>Dietylamid kwasu 6-etylo-6-nor-lizergowego IUPAC to proszek ETH-LAD<\/p>\n<p>Zam\u00f3wienia b\u0119d\u0105 wysy\u0142ane z nast\u0119puj\u0105cych kraj\u00f3w: Francja, Niemcy, Wielka Brytania i Szwecja.<\/p>\n<\/p><\/div>\n<\/p><\/div>\n<\/p><\/div>\n<\/p><\/div>\n<\/p><\/div>\n","protected":false},"featured_media":5604,"comment_status":"open","ping_status":"closed","template":"","meta":[],"product_brand":[],"product_cat":[2014],"product_tag":[3263,3264,3266,3269,3267,3268,3273,3274,3272,3270,3275,3278,3280,3279,3265,3277,3276,3271],"class_list":{"0":"post-5592","1":"product","2":"type-product","3":"status-publish","4":"has-post-thumbnail","6":"product_cat-kup-badania-chemikalia","7":"product_tag-buy-eth-lad-powder","8":"product_tag-buy-eth-lad-powder-uk","9":"product_tag-efekt-eth-lad","10":"product_tag-eth-lad-proszek-efekt","11":"product_tag-eth-lad-order","12":"product_tag-eth-lad-powder","13":"product_tag-eth-lad-powder-uk","14":"product_tag-eth-lad-powder-wholesale","15":"product_tag-eth-lad-detal-proszek","16":"product_tag-eth-lad-proszek-europa","17":"product_tag-eth-lad-reddit","18":"product_tag-eth-lad-wholesale","19":"product_tag-gdzie-kupi-eth-lad-proszek","20":"product_tag-order-eth-lad-powder","21":"product_tag-eth-lad-kup","22":"product_tag-eth-lad-recenzja","23":"product_tag-eth-lad-details","24":"product_tag-eth-lad-proszek-na-sprzeda","26":"first","27":"instock","28":"shipping-taxable","29":"purchasable","30":"product-type-variable","31":"has-default-attributes"},"yoast_head":"<!-- This site is optimized with the Yoast SEO plugin v27.3 - https:\/\/yoast.com\/product\/yoast-seo-wordpress\/ -->\n<title>Kup proszek ETH-LAD - ETH-LAD Powder Online - Best Global Meds<\/title>\n<meta name=\"description\" content=\"Kup proszek ETH-LAD Europe, UK Online w naszym sklepie internetowym Bestglobalmeds z szybk\u0105 dostaw\u0105 na ca\u0142y \u015bwiat! Najlepszy proszek ETH-LAD na zam\u00f3wienie znajdziesz tutaj!\" \/>\n<meta name=\"robots\" content=\"index, follow, max-snippet:-1, max-image-preview:large, max-video-preview:-1\" \/>\n<link rel=\"canonical\" href=\"https:\/\/medicinasinc.com\/pl\/product\/kup-eth-lad-proszek\/\" \/>\n<meta property=\"og:locale\" content=\"en_US\" \/>\n<meta property=\"og:type\" content=\"article\" \/>\n<meta property=\"og:title\" content=\"Kup proszek ETH-LAD - ETH-LAD Powder Online - Best Global Meds\" \/>\n<meta property=\"og:description\" content=\"Kup proszek ETH-LAD Europe, UK Online w naszym sklepie internetowym Bestglobalmeds z szybk\u0105 dostaw\u0105 na ca\u0142y \u015bwiat! Najlepszy proszek ETH-LAD na zam\u00f3wienie znajdziesz tutaj!\" \/>\n<meta property=\"og:url\" content=\"https:\/\/medicinasinc.com\/pl\/product\/kup-eth-lad-proszek\/\" \/>\n<meta property=\"og:site_name\" content=\"Medicinas Inc\" \/>\n<meta property=\"article:modified_time\" content=\"2022-03-22T00:51:45+00:00\" \/>\n<meta property=\"og:image\" content=\"https:\/\/medicinasinc.com\/pl\/wp-content\/uploads\/sites\/13\/2022\/02\/Buy-ETH-LAD-Powder.jpg\" \/>\n\t<meta property=\"og:image:width\" content=\"600\" \/>\n\t<meta property=\"og:image:height\" content=\"600\" \/>\n\t<meta property=\"og:image:type\" content=\"image\/jpeg\" \/>\n<meta name=\"twitter:card\" content=\"summary_large_image\" \/>\n<meta name=\"twitter:label1\" content=\"Est. reading time\" \/>\n\t<meta name=\"twitter:data1\" content=\"2 minutes\" \/>\n<script type=\"application\/ld+json\" class=\"yoast-schema-graph\">{\"@context\":\"https:\\\/\\\/schema.org\",\"@graph\":[{\"@type\":\"WebPage\",\"@id\":\"https:\\\/\\\/medicinasinc.com\\\/pl\\\/product\\\/kup-eth-lad-proszek\\\/\",\"url\":\"https:\\\/\\\/medicinasinc.com\\\/pl\\\/product\\\/kup-eth-lad-proszek\\\/\",\"name\":\"Kup proszek ETH-LAD - ETH-LAD Powder Online - Best Global Meds\",\"isPartOf\":{\"@id\":\"https:\\\/\\\/medicinasinc.com\\\/pl\\\/#website\"},\"primaryImageOfPage\":{\"@id\":\"https:\\\/\\\/medicinasinc.com\\\/pl\\\/product\\\/kup-eth-lad-proszek\\\/#primaryimage\"},\"image\":{\"@id\":\"https:\\\/\\\/medicinasinc.com\\\/pl\\\/product\\\/kup-eth-lad-proszek\\\/#primaryimage\"},\"thumbnailUrl\":\"https:\\\/\\\/medicinasinc.com\\\/pl\\\/wp-content\\\/uploads\\\/sites\\\/13\\\/2022\\\/02\\\/Buy-ETH-LAD-Powder.jpg\",\"datePublished\":\"2022-02-22T02:23:26+00:00\",\"dateModified\":\"2022-03-22T00:51:45+00:00\",\"description\":\"Kup proszek ETH-LAD Europe, UK Online w naszym sklepie internetowym Bestglobalmeds z szybk\u0105 dostaw\u0105 na ca\u0142y \u015bwiat! Najlepszy proszek ETH-LAD na zam\u00f3wienie znajdziesz tutaj!\",\"breadcrumb\":{\"@id\":\"https:\\\/\\\/medicinasinc.com\\\/pl\\\/product\\\/kup-eth-lad-proszek\\\/#breadcrumb\"},\"inLanguage\":\"en-US\",\"potentialAction\":[{\"@type\":\"ReadAction\",\"target\":[\"https:\\\/\\\/medicinasinc.com\\\/pl\\\/product\\\/kup-eth-lad-proszek\\\/\"]}]},{\"@type\":\"ImageObject\",\"inLanguage\":\"en-US\",\"@id\":\"https:\\\/\\\/medicinasinc.com\\\/pl\\\/product\\\/kup-eth-lad-proszek\\\/#primaryimage\",\"url\":\"https:\\\/\\\/medicinasinc.com\\\/pl\\\/wp-content\\\/uploads\\\/sites\\\/13\\\/2022\\\/02\\\/Buy-ETH-LAD-Powder.jpg\",\"contentUrl\":\"https:\\\/\\\/medicinasinc.com\\\/pl\\\/wp-content\\\/uploads\\\/sites\\\/13\\\/2022\\\/02\\\/Buy-ETH-LAD-Powder.jpg\",\"width\":600,\"height\":600},{\"@type\":\"BreadcrumbList\",\"@id\":\"https:\\\/\\\/medicinasinc.com\\\/pl\\\/product\\\/kup-eth-lad-proszek\\\/#breadcrumb\",\"itemListElement\":[{\"@type\":\"ListItem\",\"position\":1,\"name\":\"Sklep\",\"item\":\"https:\\\/\\\/medicinasinc.com\\\/pl\\\/sklep\\\/\"},{\"@type\":\"ListItem\",\"position\":2,\"name\":\"Kup proszek ETH-LAD\"}]},{\"@type\":\"WebSite\",\"@id\":\"https:\\\/\\\/medicinasinc.com\\\/pl\\\/#website\",\"url\":\"https:\\\/\\\/medicinasinc.com\\\/pl\\\/\",\"name\":\"Medicinas Inc\",\"description\":\"Health Medical Clinic\",\"potentialAction\":[{\"@type\":\"SearchAction\",\"target\":{\"@type\":\"EntryPoint\",\"urlTemplate\":\"https:\\\/\\\/medicinasinc.com\\\/pl\\\/?s={search_term_string}\"},\"query-input\":{\"@type\":\"PropertyValueSpecification\",\"valueRequired\":true,\"valueName\":\"search_term_string\"}}],\"inLanguage\":\"en-US\"}]}<\/script>\n<!-- \/ Yoast SEO plugin. -->","yoast_head_json":{"title":"Kup proszek ETH-LAD - ETH-LAD Powder Online - Best Global Meds","description":"Kup proszek ETH-LAD Europe, UK Online w naszym sklepie internetowym Bestglobalmeds z szybk\u0105 dostaw\u0105 na ca\u0142y \u015bwiat! Najlepszy proszek ETH-LAD na zam\u00f3wienie znajdziesz tutaj!","robots":{"index":"index","follow":"follow","max-snippet":"max-snippet:-1","max-image-preview":"max-image-preview:large","max-video-preview":"max-video-preview:-1"},"canonical":"https:\/\/medicinasinc.com\/pl\/product\/kup-eth-lad-proszek\/","og_locale":"en_US","og_type":"article","og_title":"Kup proszek ETH-LAD - ETH-LAD Powder Online - Best Global Meds","og_description":"Kup proszek ETH-LAD Europe, UK Online w naszym sklepie internetowym Bestglobalmeds z szybk\u0105 dostaw\u0105 na ca\u0142y \u015bwiat! Najlepszy proszek ETH-LAD na zam\u00f3wienie znajdziesz tutaj!","og_url":"https:\/\/medicinasinc.com\/pl\/product\/kup-eth-lad-proszek\/","og_site_name":"Medicinas Inc","article_modified_time":"2022-03-22T00:51:45+00:00","og_image":[{"width":600,"height":600,"url":"https:\/\/medicinasinc.com\/pl\/wp-content\/uploads\/sites\/13\/2022\/02\/Buy-ETH-LAD-Powder.jpg","type":"image\/jpeg"}],"twitter_card":"summary_large_image","twitter_misc":{"Est. reading time":"2 minutes"},"schema":{"@context":"https:\/\/schema.org","@graph":[{"@type":"WebPage","@id":"https:\/\/medicinasinc.com\/pl\/product\/kup-eth-lad-proszek\/","url":"https:\/\/medicinasinc.com\/pl\/product\/kup-eth-lad-proszek\/","name":"Kup proszek ETH-LAD - ETH-LAD Powder Online - Best Global Meds","isPartOf":{"@id":"https:\/\/medicinasinc.com\/pl\/#website"},"primaryImageOfPage":{"@id":"https:\/\/medicinasinc.com\/pl\/product\/kup-eth-lad-proszek\/#primaryimage"},"image":{"@id":"https:\/\/medicinasinc.com\/pl\/product\/kup-eth-lad-proszek\/#primaryimage"},"thumbnailUrl":"https:\/\/medicinasinc.com\/pl\/wp-content\/uploads\/sites\/13\/2022\/02\/Buy-ETH-LAD-Powder.jpg","datePublished":"2022-02-22T02:23:26+00:00","dateModified":"2022-03-22T00:51:45+00:00","description":"Kup proszek ETH-LAD Europe, UK Online w naszym sklepie internetowym Bestglobalmeds z szybk\u0105 dostaw\u0105 na ca\u0142y \u015bwiat! Najlepszy proszek ETH-LAD na zam\u00f3wienie znajdziesz tutaj!","breadcrumb":{"@id":"https:\/\/medicinasinc.com\/pl\/product\/kup-eth-lad-proszek\/#breadcrumb"},"inLanguage":"en-US","potentialAction":[{"@type":"ReadAction","target":["https:\/\/medicinasinc.com\/pl\/product\/kup-eth-lad-proszek\/"]}]},{"@type":"ImageObject","inLanguage":"en-US","@id":"https:\/\/medicinasinc.com\/pl\/product\/kup-eth-lad-proszek\/#primaryimage","url":"https:\/\/medicinasinc.com\/pl\/wp-content\/uploads\/sites\/13\/2022\/02\/Buy-ETH-LAD-Powder.jpg","contentUrl":"https:\/\/medicinasinc.com\/pl\/wp-content\/uploads\/sites\/13\/2022\/02\/Buy-ETH-LAD-Powder.jpg","width":600,"height":600},{"@type":"BreadcrumbList","@id":"https:\/\/medicinasinc.com\/pl\/product\/kup-eth-lad-proszek\/#breadcrumb","itemListElement":[{"@type":"ListItem","position":1,"name":"Sklep","item":"https:\/\/medicinasinc.com\/pl\/sklep\/"},{"@type":"ListItem","position":2,"name":"Kup proszek ETH-LAD"}]},{"@type":"WebSite","@id":"https:\/\/medicinasinc.com\/pl\/#website","url":"https:\/\/medicinasinc.com\/pl\/","name":"Medicinas Inc","description":"Health Medical Clinic","potentialAction":[{"@type":"SearchAction","target":{"@type":"EntryPoint","urlTemplate":"https:\/\/medicinasinc.com\/pl\/?s={search_term_string}"},"query-input":{"@type":"PropertyValueSpecification","valueRequired":true,"valueName":"search_term_string"}}],"inLanguage":"en-US"}]}},"_links":{"self":[{"href":"https:\/\/medicinasinc.com\/pl\/wp-json\/wp\/v2\/product\/5592","targetHints":{"allow":["GET"]}}],"collection":[{"href":"https:\/\/medicinasinc.com\/pl\/wp-json\/wp\/v2\/product"}],"about":[{"href":"https:\/\/medicinasinc.com\/pl\/wp-json\/wp\/v2\/types\/product"}],"replies":[{"embeddable":true,"href":"https:\/\/medicinasinc.com\/pl\/wp-json\/wp\/v2\/comments?post=5592"}],"wp:featuredmedia":[{"embeddable":true,"href":"https:\/\/medicinasinc.com\/pl\/wp-json\/wp\/v2\/media\/5604"}],"wp:attachment":[{"href":"https:\/\/medicinasinc.com\/pl\/wp-json\/wp\/v2\/media?parent=5592"}],"wp:term":[{"taxonomy":"product_brand","embeddable":true,"href":"https:\/\/medicinasinc.com\/pl\/wp-json\/wp\/v2\/product_brand?post=5592"},{"taxonomy":"product_cat","embeddable":true,"href":"https:\/\/medicinasinc.com\/pl\/wp-json\/wp\/v2\/product_cat?post=5592"},{"taxonomy":"product_tag","embeddable":true,"href":"https:\/\/medicinasinc.com\/pl\/wp-json\/wp\/v2\/product_tag?post=5592"}],"curies":[{"name":"wp","href":"https:\/\/api.w.org\/{rel}","templated":true}]}}