{"id":5591,"date":"2022-02-22T02:21:39","date_gmt":"2022-02-22T02:21:39","guid":{"rendered":"https:\/\/medicinasinc.com\/pl\/?post_type=product&#038;p=5591"},"modified":"2022-03-22T00:51:57","modified_gmt":"2022-03-22T00:51:57","slug":"kup-mexedron-krysztal","status":"publish","type":"product","link":"https:\/\/medicinasinc.com\/pl\/product\/kup-mexedron-krysztal\/","title":{"rendered":"Kup kryszta\u0142 Mexedrone"},"content":{"rendered":"<p>Kup Mexedrone MXE Crystal przez Internet.<\/p>\n<p>Istnieje substancja chemiczna o nazwie Mexedrone, kt\u00f3ra jest uwa\u017cana za \u015brodek pobudzaj\u0105cy i potencjalnie euforyczny. Nazywa si\u0119 3-metoksy-2-(metyloamino)-1-(p-tolilo)propan-1-onem. Mexedrone to nowy rodzaj mmc.<\/p>\n<p>Nr sprawy: Formu\u0142a to C12H17NO2. IUPAC to: 3-metoksy-2-(metyloamino)-1-(p-tolilo)propan-1-on<\/p>\n<div class=\"ProductDescriptionContainer\">\n<p>&nbsp;<\/p>\n<\/p><\/div>\n","protected":false},"excerpt":{"rendered":"<p>Mo\u017cesz kupi\u0107 Mexedrone Crystal online w Wielkiej Brytanii i Europie. Mexedrone MXE Power, czasami znany jako MEX lub 4-MMC-Ome, to skr\u00f3t od Mexedrone MXE. Z\u0142\u00f3\u017c zam\u00f3wienie w Best Global Meds od razu!<\/p>\n<p>Kup Mexedrone Crystal online za pomoc\u0105 Bitcoin &#8211; jest bezpieczny i bezpieczny.<\/p>\n<p>Mo\u017cesz kupi\u0107 legalne leki online, a tak\u017ce zwi\u0105zki badawcze, surowe kryszta\u0142y farmaceutyczne i nie tylko.<\/p>\n<p>Gdzie kupi\u0107 Mexedrone MXE Crystal? Kryszta\u0142 MXE dla Mexedrone. Znany r\u00f3wnie\u017c jako MEX, 4-MMC-Ome i Mexedrone.<\/p>\n","protected":false},"featured_media":5602,"comment_status":"open","ping_status":"closed","template":"","meta":[],"product_brand":[],"product_cat":[2014],"product_tag":[3249,3250,3252,3258,3251,3260,3254,3256,3259,3253,3261,3257,3255,3262],"class_list":{"0":"post-5591","1":"product","2":"type-product","3":"status-publish","4":"has-post-thumbnail","6":"product_cat-kup-badania-chemikalia","7":"product_tag-buy-mexedrone-crystal","8":"product_tag-buy-mxe-crystal","9":"product_tag-efekt-krysztau-mexedronu","10":"product_tag-mexedron-kryszta-sprzeda-hurtowa","11":"product_tag-mexedron-kryszta-kup","12":"product_tag-mxe-kryszta-kup","13":"product_tag-mexedrone-crystal-online","14":"product_tag-mexedron-kryszta-reddit","15":"product_tag-mxe-crystal","16":"product_tag-mexedron-kryszta-na-sprzeda","17":"product_tag-mxe-kryszta-na-sprzeda","18":"product_tag-mexedron-kryszta-sprzeda-detaliczna","19":"product_tag-mexedron-kryszta-porzdek","20":"product_tag-mxe-kryszta-porzdek","22":"first","23":"instock","24":"shipping-taxable","25":"purchasable","26":"product-type-variable","27":"has-default-attributes"},"yoast_head":"<!-- This site is optimized with the Yoast SEO plugin v27.3 - https:\/\/yoast.com\/product\/yoast-seo-wordpress\/ -->\n<title>Kup Mexedrone MXE Crystal - najlepsze globalne leki<\/title>\n<meta name=\"description\" content=\"Kup Mexedrone Crystal na sprzeda\u017c w Wielkiej Brytanii, Europie online. Mexedrone MXE Power, Mexedrone, okre\u015blany r\u00f3wnie\u017c jako MEX lub 4-MMC-Ome. Zam\u00f3w teraz w Best Global Meds\" \/>\n<meta name=\"robots\" content=\"index, follow, max-snippet:-1, max-image-preview:large, max-video-preview:-1\" \/>\n<link rel=\"canonical\" href=\"https:\/\/medicinasinc.com\/pl\/product\/kup-mexedron-krysztal\/\" \/>\n<meta property=\"og:locale\" content=\"en_US\" \/>\n<meta property=\"og:type\" content=\"article\" \/>\n<meta property=\"og:title\" content=\"Kup Mexedrone MXE Crystal - najlepsze globalne leki\" \/>\n<meta property=\"og:description\" content=\"Kup Mexedrone Crystal na sprzeda\u017c w Wielkiej Brytanii, Europie online. Mexedrone MXE Power, Mexedrone, okre\u015blany r\u00f3wnie\u017c jako MEX lub 4-MMC-Ome. Zam\u00f3w teraz w Best Global Meds\" \/>\n<meta property=\"og:url\" content=\"https:\/\/medicinasinc.com\/pl\/product\/kup-mexedron-krysztal\/\" \/>\n<meta property=\"og:site_name\" content=\"Medicinas Inc\" \/>\n<meta property=\"article:modified_time\" content=\"2022-03-22T00:51:57+00:00\" \/>\n<meta property=\"og:image\" content=\"https:\/\/medicinasinc.com\/pl\/wp-content\/uploads\/sites\/13\/2022\/02\/Buy-Mexedrone-Crystal.jpg\" \/>\n\t<meta property=\"og:image:width\" content=\"600\" \/>\n\t<meta property=\"og:image:height\" content=\"600\" \/>\n\t<meta property=\"og:image:type\" content=\"image\/jpeg\" \/>\n<meta name=\"twitter:card\" content=\"summary_large_image\" \/>\n<meta name=\"twitter:label1\" content=\"Est. reading time\" \/>\n\t<meta name=\"twitter:data1\" content=\"1 minute\" \/>\n<script type=\"application\/ld+json\" class=\"yoast-schema-graph\">{\"@context\":\"https:\\\/\\\/schema.org\",\"@graph\":[{\"@type\":\"WebPage\",\"@id\":\"https:\\\/\\\/medicinasinc.com\\\/pl\\\/product\\\/kup-mexedron-krysztal\\\/\",\"url\":\"https:\\\/\\\/medicinasinc.com\\\/pl\\\/product\\\/kup-mexedron-krysztal\\\/\",\"name\":\"Kup Mexedrone MXE Crystal - najlepsze globalne leki\",\"isPartOf\":{\"@id\":\"https:\\\/\\\/medicinasinc.com\\\/pl\\\/#website\"},\"primaryImageOfPage\":{\"@id\":\"https:\\\/\\\/medicinasinc.com\\\/pl\\\/product\\\/kup-mexedron-krysztal\\\/#primaryimage\"},\"image\":{\"@id\":\"https:\\\/\\\/medicinasinc.com\\\/pl\\\/product\\\/kup-mexedron-krysztal\\\/#primaryimage\"},\"thumbnailUrl\":\"https:\\\/\\\/medicinasinc.com\\\/pl\\\/wp-content\\\/uploads\\\/sites\\\/13\\\/2022\\\/02\\\/Buy-Mexedrone-Crystal.jpg\",\"datePublished\":\"2022-02-22T02:21:39+00:00\",\"dateModified\":\"2022-03-22T00:51:57+00:00\",\"description\":\"Kup Mexedrone Crystal na sprzeda\u017c w Wielkiej Brytanii, Europie online. Mexedrone MXE Power, Mexedrone, okre\u015blany r\u00f3wnie\u017c jako MEX lub 4-MMC-Ome. Zam\u00f3w teraz w Best Global Meds\",\"breadcrumb\":{\"@id\":\"https:\\\/\\\/medicinasinc.com\\\/pl\\\/product\\\/kup-mexedron-krysztal\\\/#breadcrumb\"},\"inLanguage\":\"en-US\",\"potentialAction\":[{\"@type\":\"ReadAction\",\"target\":[\"https:\\\/\\\/medicinasinc.com\\\/pl\\\/product\\\/kup-mexedron-krysztal\\\/\"]}]},{\"@type\":\"ImageObject\",\"inLanguage\":\"en-US\",\"@id\":\"https:\\\/\\\/medicinasinc.com\\\/pl\\\/product\\\/kup-mexedron-krysztal\\\/#primaryimage\",\"url\":\"https:\\\/\\\/medicinasinc.com\\\/pl\\\/wp-content\\\/uploads\\\/sites\\\/13\\\/2022\\\/02\\\/Buy-Mexedrone-Crystal.jpg\",\"contentUrl\":\"https:\\\/\\\/medicinasinc.com\\\/pl\\\/wp-content\\\/uploads\\\/sites\\\/13\\\/2022\\\/02\\\/Buy-Mexedrone-Crystal.jpg\",\"width\":600,\"height\":600},{\"@type\":\"BreadcrumbList\",\"@id\":\"https:\\\/\\\/medicinasinc.com\\\/pl\\\/product\\\/kup-mexedron-krysztal\\\/#breadcrumb\",\"itemListElement\":[{\"@type\":\"ListItem\",\"position\":1,\"name\":\"Sklep\",\"item\":\"https:\\\/\\\/medicinasinc.com\\\/pl\\\/sklep\\\/\"},{\"@type\":\"ListItem\",\"position\":2,\"name\":\"Kup kryszta\u0142 Mexedrone\"}]},{\"@type\":\"WebSite\",\"@id\":\"https:\\\/\\\/medicinasinc.com\\\/pl\\\/#website\",\"url\":\"https:\\\/\\\/medicinasinc.com\\\/pl\\\/\",\"name\":\"Medicinas Inc\",\"description\":\"Health Medical Clinic\",\"potentialAction\":[{\"@type\":\"SearchAction\",\"target\":{\"@type\":\"EntryPoint\",\"urlTemplate\":\"https:\\\/\\\/medicinasinc.com\\\/pl\\\/?s={search_term_string}\"},\"query-input\":{\"@type\":\"PropertyValueSpecification\",\"valueRequired\":true,\"valueName\":\"search_term_string\"}}],\"inLanguage\":\"en-US\"}]}<\/script>\n<!-- \/ Yoast SEO plugin. -->","yoast_head_json":{"title":"Kup Mexedrone MXE Crystal - najlepsze globalne leki","description":"Kup Mexedrone Crystal na sprzeda\u017c w Wielkiej Brytanii, Europie online. Mexedrone MXE Power, Mexedrone, okre\u015blany r\u00f3wnie\u017c jako MEX lub 4-MMC-Ome. Zam\u00f3w teraz w Best Global Meds","robots":{"index":"index","follow":"follow","max-snippet":"max-snippet:-1","max-image-preview":"max-image-preview:large","max-video-preview":"max-video-preview:-1"},"canonical":"https:\/\/medicinasinc.com\/pl\/product\/kup-mexedron-krysztal\/","og_locale":"en_US","og_type":"article","og_title":"Kup Mexedrone MXE Crystal - najlepsze globalne leki","og_description":"Kup Mexedrone Crystal na sprzeda\u017c w Wielkiej Brytanii, Europie online. Mexedrone MXE Power, Mexedrone, okre\u015blany r\u00f3wnie\u017c jako MEX lub 4-MMC-Ome. Zam\u00f3w teraz w Best Global Meds","og_url":"https:\/\/medicinasinc.com\/pl\/product\/kup-mexedron-krysztal\/","og_site_name":"Medicinas Inc","article_modified_time":"2022-03-22T00:51:57+00:00","og_image":[{"width":600,"height":600,"url":"https:\/\/medicinasinc.com\/pl\/wp-content\/uploads\/sites\/13\/2022\/02\/Buy-Mexedrone-Crystal.jpg","type":"image\/jpeg"}],"twitter_card":"summary_large_image","twitter_misc":{"Est. reading time":"1 minute"},"schema":{"@context":"https:\/\/schema.org","@graph":[{"@type":"WebPage","@id":"https:\/\/medicinasinc.com\/pl\/product\/kup-mexedron-krysztal\/","url":"https:\/\/medicinasinc.com\/pl\/product\/kup-mexedron-krysztal\/","name":"Kup Mexedrone MXE Crystal - najlepsze globalne leki","isPartOf":{"@id":"https:\/\/medicinasinc.com\/pl\/#website"},"primaryImageOfPage":{"@id":"https:\/\/medicinasinc.com\/pl\/product\/kup-mexedron-krysztal\/#primaryimage"},"image":{"@id":"https:\/\/medicinasinc.com\/pl\/product\/kup-mexedron-krysztal\/#primaryimage"},"thumbnailUrl":"https:\/\/medicinasinc.com\/pl\/wp-content\/uploads\/sites\/13\/2022\/02\/Buy-Mexedrone-Crystal.jpg","datePublished":"2022-02-22T02:21:39+00:00","dateModified":"2022-03-22T00:51:57+00:00","description":"Kup Mexedrone Crystal na sprzeda\u017c w Wielkiej Brytanii, Europie online. Mexedrone MXE Power, Mexedrone, okre\u015blany r\u00f3wnie\u017c jako MEX lub 4-MMC-Ome. Zam\u00f3w teraz w Best Global Meds","breadcrumb":{"@id":"https:\/\/medicinasinc.com\/pl\/product\/kup-mexedron-krysztal\/#breadcrumb"},"inLanguage":"en-US","potentialAction":[{"@type":"ReadAction","target":["https:\/\/medicinasinc.com\/pl\/product\/kup-mexedron-krysztal\/"]}]},{"@type":"ImageObject","inLanguage":"en-US","@id":"https:\/\/medicinasinc.com\/pl\/product\/kup-mexedron-krysztal\/#primaryimage","url":"https:\/\/medicinasinc.com\/pl\/wp-content\/uploads\/sites\/13\/2022\/02\/Buy-Mexedrone-Crystal.jpg","contentUrl":"https:\/\/medicinasinc.com\/pl\/wp-content\/uploads\/sites\/13\/2022\/02\/Buy-Mexedrone-Crystal.jpg","width":600,"height":600},{"@type":"BreadcrumbList","@id":"https:\/\/medicinasinc.com\/pl\/product\/kup-mexedron-krysztal\/#breadcrumb","itemListElement":[{"@type":"ListItem","position":1,"name":"Sklep","item":"https:\/\/medicinasinc.com\/pl\/sklep\/"},{"@type":"ListItem","position":2,"name":"Kup kryszta\u0142 Mexedrone"}]},{"@type":"WebSite","@id":"https:\/\/medicinasinc.com\/pl\/#website","url":"https:\/\/medicinasinc.com\/pl\/","name":"Medicinas Inc","description":"Health Medical Clinic","potentialAction":[{"@type":"SearchAction","target":{"@type":"EntryPoint","urlTemplate":"https:\/\/medicinasinc.com\/pl\/?s={search_term_string}"},"query-input":{"@type":"PropertyValueSpecification","valueRequired":true,"valueName":"search_term_string"}}],"inLanguage":"en-US"}]}},"_links":{"self":[{"href":"https:\/\/medicinasinc.com\/pl\/wp-json\/wp\/v2\/product\/5591","targetHints":{"allow":["GET"]}}],"collection":[{"href":"https:\/\/medicinasinc.com\/pl\/wp-json\/wp\/v2\/product"}],"about":[{"href":"https:\/\/medicinasinc.com\/pl\/wp-json\/wp\/v2\/types\/product"}],"replies":[{"embeddable":true,"href":"https:\/\/medicinasinc.com\/pl\/wp-json\/wp\/v2\/comments?post=5591"}],"wp:featuredmedia":[{"embeddable":true,"href":"https:\/\/medicinasinc.com\/pl\/wp-json\/wp\/v2\/media\/5602"}],"wp:attachment":[{"href":"https:\/\/medicinasinc.com\/pl\/wp-json\/wp\/v2\/media?parent=5591"}],"wp:term":[{"taxonomy":"product_brand","embeddable":true,"href":"https:\/\/medicinasinc.com\/pl\/wp-json\/wp\/v2\/product_brand?post=5591"},{"taxonomy":"product_cat","embeddable":true,"href":"https:\/\/medicinasinc.com\/pl\/wp-json\/wp\/v2\/product_cat?post=5591"},{"taxonomy":"product_tag","embeddable":true,"href":"https:\/\/medicinasinc.com\/pl\/wp-json\/wp\/v2\/product_tag?post=5591"}],"curies":[{"name":"wp","href":"https:\/\/api.w.org\/{rel}","templated":true}]}}