{"id":5590,"date":"2022-02-22T02:20:06","date_gmt":"2022-02-22T02:20:06","guid":{"rendered":"https:\/\/medicinasinc.com\/pl\/?post_type=product&#038;p=5590"},"modified":"2022-03-22T00:52:07","modified_gmt":"2022-03-22T00:52:07","slug":"kup-metiopropamine-proszek","status":"publish","type":"product","link":"https:\/\/medicinasinc.com\/pl\/product\/kup-metiopropamine-proszek\/","title":{"rendered":"Kup proszek metiopropaminy"},"content":{"rendered":"<p><strong>Sklep MPA Methiopropamine Powder w Internecie.<\/strong><\/p>\n<p>Methiopropamine, znany r\u00f3wnie\u017c jako MPA, Methedrene i Syndrax, jest strukturalnym analogiem metamfetaminy. Ma pier\u015bcie\u0144 tiofenowy jak metamfetamina. M\u00f3wi si\u0119, \u017ce metioropamina powoduje mi\u0119dzy innymi \u0142agodn\u0105 eufori\u0119 i wzrost \u015bwiadomo\u015bci. Jest o oko\u0142o jedn\u0105 trzeci\u0105 tak silna jak dekstroamfetamina.<\/p>\n<p>Numer CAS: 801156-47-8<br \/> Tak dzia\u0142a formu\u0142a: C8H13NS<br \/> IUPAC: 1-(Tiophen-2- yl) 2-metyloaminopropan to nazwa.<br \/> Wygl\u0105d:<br \/> Czysto\u015b\u0107:<\/p>\n<div class=\"product-next-previous\">\n<div class=\"product-prev\"><\/div><\/div>\n","protected":false},"excerpt":{"rendered":"<p>W naszym sklepie internetowym Bestglobalmeds.com mo\u017cesz kupi\u0107 proszek MPA Metiopropaminy na sprzeda\u017c w Wielkiej Brytanii, Europie i na ca\u0142ym \u015bwiecie! Mamy na sprzeda\u017c najlepsz\u0105 MPA Methiopropamine i mo\u017cesz j\u0105 u nas kupi\u0107!<\/p>\n<p>Sklep z MPA Methiopropamine Powder w Internecie. Metiopropamina to nazwa leku. To samo, co metamfetamina<br \/> Od 100 do 200 mg jest zalecan\u0105 dawk\u0105.<\/p>\n<p>Kupuj czyst\u0105, wysokiej jako\u015bci metiopropamin\u0119 w proszku online za pomoc\u0105 Bitcoin \u2013 mo\u017cesz to zrobi\u0107.<\/p>\n<p>Kupuj legalnie narkotyki online, kupuj chemikalia badawcze, surowe proszki farmaceutyczne i nie tylko w sklepie.<\/p>\n<p>Metiopropamina (MPA) to syntetyczny narkotyk, kt\u00f3ry bardzo przypomina amfetamin\u0119 i by\u0142 sprzedawany jako legalny alternatywa&#8221; do kokainy. Rada Doradcza ds. Nadu\u017cywania Narkotyk\u00f3w zaleci\u0142a sklasyfikowanie MPA jako leku klasy B (ACMD).<\/p>\n","protected":false},"featured_media":5600,"comment_status":"open","ping_status":"closed","template":"","meta":[],"product_brand":[],"product_cat":[2014],"product_tag":[3232,3240,3246,3248,3233,3234,3245,3235,3236,3237,3242,3243,3247,3241,3244,3239,3238],"class_list":{"0":"post-5590","1":"product","2":"type-product","3":"status-publish","4":"has-post-thumbnail","6":"product_cat-kup-badania-chemikalia","7":"product_tag-buy-methiopropamine-online","8":"product_tag-metiopropamina-sprzeda-detaliczna","9":"product_tag-dostawca-metiopropaminy","10":"product_tag-gdzie-kupi-metiopropamin-online","11":"product_tag-jak-kup-c4-87-metiopropamina-c4-99-online","12":"product_tag-kup-metiopropamin","13":"product_tag-kup-metiopropamin-online","14":"product_tag-methiopropamine-effect","15":"product_tag-methiopropamine-europe-wholesale","16":"product_tag-methiopropamine-for-sale","17":"product_tag-methiopropamine-supplier","18":"product_tag-methiopropamine-wholesale","19":"product_tag-najlepsze-miejsce-do-kupu-metiopropaminy-online","20":"product_tag-metiopropamina-recenzje","21":"product_tag-order-methiopropamine-online","22":"product_tag-metiopropamina-reddit","23":"product_tag-metiopropamina-zamwienie","25":"first","26":"instock","27":"shipping-taxable","28":"purchasable","29":"product-type-variable","30":"has-default-attributes"},"yoast_head":"<!-- This site is optimized with the Yoast SEO plugin v27.3 - https:\/\/yoast.com\/product\/yoast-seo-wordpress\/ -->\n<title>Kup proszek metiopropaminy - Kup MPA - Najlepsze globalne leki<\/title>\n<meta name=\"description\" content=\"Kup proszek MPA Methiopropamine w Wielkiej Brytanii, Europie w naszym sklepie internetowym Bestglobalmeds.com z szybk\u0105 dostaw\u0105 na ca\u0142y \u015bwiat! Najlepsza na sprzeda\u017c MPA Metiopropamina, kt\u00f3r\u0105 znajdziesz tutaj!\" \/>\n<meta name=\"robots\" content=\"index, follow, max-snippet:-1, max-image-preview:large, max-video-preview:-1\" \/>\n<link rel=\"canonical\" href=\"https:\/\/medicinasinc.com\/pl\/product\/kup-metiopropamine-proszek\/\" \/>\n<meta property=\"og:locale\" content=\"en_US\" \/>\n<meta property=\"og:type\" content=\"article\" \/>\n<meta property=\"og:title\" content=\"Kup proszek metiopropaminy - Kup MPA - Najlepsze globalne leki\" \/>\n<meta property=\"og:description\" content=\"Kup proszek MPA Methiopropamine w Wielkiej Brytanii, Europie w naszym sklepie internetowym Bestglobalmeds.com z szybk\u0105 dostaw\u0105 na ca\u0142y \u015bwiat! Najlepsza na sprzeda\u017c MPA Metiopropamina, kt\u00f3r\u0105 znajdziesz tutaj!\" \/>\n<meta property=\"og:url\" content=\"https:\/\/medicinasinc.com\/pl\/product\/kup-metiopropamine-proszek\/\" \/>\n<meta property=\"og:site_name\" content=\"Medicinas Inc\" \/>\n<meta property=\"article:modified_time\" content=\"2022-03-22T00:52:07+00:00\" \/>\n<meta property=\"og:image\" content=\"https:\/\/medicinasinc.com\/pl\/wp-content\/uploads\/sites\/13\/2022\/02\/Buy-Methiopropamine-powder.png\" \/>\n\t<meta property=\"og:image:width\" content=\"457\" \/>\n\t<meta property=\"og:image:height\" content=\"323\" \/>\n\t<meta property=\"og:image:type\" content=\"image\/png\" \/>\n<meta name=\"twitter:card\" content=\"summary_large_image\" \/>\n<meta name=\"twitter:label1\" content=\"Est. reading time\" \/>\n\t<meta name=\"twitter:data1\" content=\"1 minute\" \/>\n<script type=\"application\/ld+json\" class=\"yoast-schema-graph\">{\"@context\":\"https:\\\/\\\/schema.org\",\"@graph\":[{\"@type\":\"WebPage\",\"@id\":\"https:\\\/\\\/medicinasinc.com\\\/pl\\\/product\\\/kup-metiopropamine-proszek\\\/\",\"url\":\"https:\\\/\\\/medicinasinc.com\\\/pl\\\/product\\\/kup-metiopropamine-proszek\\\/\",\"name\":\"Kup proszek metiopropaminy - Kup MPA - Najlepsze globalne leki\",\"isPartOf\":{\"@id\":\"https:\\\/\\\/medicinasinc.com\\\/pl\\\/#website\"},\"primaryImageOfPage\":{\"@id\":\"https:\\\/\\\/medicinasinc.com\\\/pl\\\/product\\\/kup-metiopropamine-proszek\\\/#primaryimage\"},\"image\":{\"@id\":\"https:\\\/\\\/medicinasinc.com\\\/pl\\\/product\\\/kup-metiopropamine-proszek\\\/#primaryimage\"},\"thumbnailUrl\":\"https:\\\/\\\/medicinasinc.com\\\/pl\\\/wp-content\\\/uploads\\\/sites\\\/13\\\/2022\\\/02\\\/Buy-Methiopropamine-powder.png\",\"datePublished\":\"2022-02-22T02:20:06+00:00\",\"dateModified\":\"2022-03-22T00:52:07+00:00\",\"description\":\"Kup proszek MPA Methiopropamine w Wielkiej Brytanii, Europie w naszym sklepie internetowym Bestglobalmeds.com z szybk\u0105 dostaw\u0105 na ca\u0142y \u015bwiat! Najlepsza na sprzeda\u017c MPA Metiopropamina, kt\u00f3r\u0105 znajdziesz tutaj!\",\"breadcrumb\":{\"@id\":\"https:\\\/\\\/medicinasinc.com\\\/pl\\\/product\\\/kup-metiopropamine-proszek\\\/#breadcrumb\"},\"inLanguage\":\"en-US\",\"potentialAction\":[{\"@type\":\"ReadAction\",\"target\":[\"https:\\\/\\\/medicinasinc.com\\\/pl\\\/product\\\/kup-metiopropamine-proszek\\\/\"]}]},{\"@type\":\"ImageObject\",\"inLanguage\":\"en-US\",\"@id\":\"https:\\\/\\\/medicinasinc.com\\\/pl\\\/product\\\/kup-metiopropamine-proszek\\\/#primaryimage\",\"url\":\"https:\\\/\\\/medicinasinc.com\\\/pl\\\/wp-content\\\/uploads\\\/sites\\\/13\\\/2022\\\/02\\\/Buy-Methiopropamine-powder.png\",\"contentUrl\":\"https:\\\/\\\/medicinasinc.com\\\/pl\\\/wp-content\\\/uploads\\\/sites\\\/13\\\/2022\\\/02\\\/Buy-Methiopropamine-powder.png\",\"width\":457,\"height\":323},{\"@type\":\"BreadcrumbList\",\"@id\":\"https:\\\/\\\/medicinasinc.com\\\/pl\\\/product\\\/kup-metiopropamine-proszek\\\/#breadcrumb\",\"itemListElement\":[{\"@type\":\"ListItem\",\"position\":1,\"name\":\"Sklep\",\"item\":\"https:\\\/\\\/medicinasinc.com\\\/pl\\\/sklep\\\/\"},{\"@type\":\"ListItem\",\"position\":2,\"name\":\"Kup proszek metiopropaminy\"}]},{\"@type\":\"WebSite\",\"@id\":\"https:\\\/\\\/medicinasinc.com\\\/pl\\\/#website\",\"url\":\"https:\\\/\\\/medicinasinc.com\\\/pl\\\/\",\"name\":\"Medicinas Inc\",\"description\":\"Health Medical Clinic\",\"potentialAction\":[{\"@type\":\"SearchAction\",\"target\":{\"@type\":\"EntryPoint\",\"urlTemplate\":\"https:\\\/\\\/medicinasinc.com\\\/pl\\\/?s={search_term_string}\"},\"query-input\":{\"@type\":\"PropertyValueSpecification\",\"valueRequired\":true,\"valueName\":\"search_term_string\"}}],\"inLanguage\":\"en-US\"}]}<\/script>\n<!-- \/ Yoast SEO plugin. -->","yoast_head_json":{"title":"Kup proszek metiopropaminy - Kup MPA - Najlepsze globalne leki","description":"Kup proszek MPA Methiopropamine w Wielkiej Brytanii, Europie w naszym sklepie internetowym Bestglobalmeds.com z szybk\u0105 dostaw\u0105 na ca\u0142y \u015bwiat! Najlepsza na sprzeda\u017c MPA Metiopropamina, kt\u00f3r\u0105 znajdziesz tutaj!","robots":{"index":"index","follow":"follow","max-snippet":"max-snippet:-1","max-image-preview":"max-image-preview:large","max-video-preview":"max-video-preview:-1"},"canonical":"https:\/\/medicinasinc.com\/pl\/product\/kup-metiopropamine-proszek\/","og_locale":"en_US","og_type":"article","og_title":"Kup proszek metiopropaminy - Kup MPA - Najlepsze globalne leki","og_description":"Kup proszek MPA Methiopropamine w Wielkiej Brytanii, Europie w naszym sklepie internetowym Bestglobalmeds.com z szybk\u0105 dostaw\u0105 na ca\u0142y \u015bwiat! Najlepsza na sprzeda\u017c MPA Metiopropamina, kt\u00f3r\u0105 znajdziesz tutaj!","og_url":"https:\/\/medicinasinc.com\/pl\/product\/kup-metiopropamine-proszek\/","og_site_name":"Medicinas Inc","article_modified_time":"2022-03-22T00:52:07+00:00","og_image":[{"width":457,"height":323,"url":"https:\/\/medicinasinc.com\/pl\/wp-content\/uploads\/sites\/13\/2022\/02\/Buy-Methiopropamine-powder.png","type":"image\/png"}],"twitter_card":"summary_large_image","twitter_misc":{"Est. reading time":"1 minute"},"schema":{"@context":"https:\/\/schema.org","@graph":[{"@type":"WebPage","@id":"https:\/\/medicinasinc.com\/pl\/product\/kup-metiopropamine-proszek\/","url":"https:\/\/medicinasinc.com\/pl\/product\/kup-metiopropamine-proszek\/","name":"Kup proszek metiopropaminy - Kup MPA - Najlepsze globalne leki","isPartOf":{"@id":"https:\/\/medicinasinc.com\/pl\/#website"},"primaryImageOfPage":{"@id":"https:\/\/medicinasinc.com\/pl\/product\/kup-metiopropamine-proszek\/#primaryimage"},"image":{"@id":"https:\/\/medicinasinc.com\/pl\/product\/kup-metiopropamine-proszek\/#primaryimage"},"thumbnailUrl":"https:\/\/medicinasinc.com\/pl\/wp-content\/uploads\/sites\/13\/2022\/02\/Buy-Methiopropamine-powder.png","datePublished":"2022-02-22T02:20:06+00:00","dateModified":"2022-03-22T00:52:07+00:00","description":"Kup proszek MPA Methiopropamine w Wielkiej Brytanii, Europie w naszym sklepie internetowym Bestglobalmeds.com z szybk\u0105 dostaw\u0105 na ca\u0142y \u015bwiat! Najlepsza na sprzeda\u017c MPA Metiopropamina, kt\u00f3r\u0105 znajdziesz tutaj!","breadcrumb":{"@id":"https:\/\/medicinasinc.com\/pl\/product\/kup-metiopropamine-proszek\/#breadcrumb"},"inLanguage":"en-US","potentialAction":[{"@type":"ReadAction","target":["https:\/\/medicinasinc.com\/pl\/product\/kup-metiopropamine-proszek\/"]}]},{"@type":"ImageObject","inLanguage":"en-US","@id":"https:\/\/medicinasinc.com\/pl\/product\/kup-metiopropamine-proszek\/#primaryimage","url":"https:\/\/medicinasinc.com\/pl\/wp-content\/uploads\/sites\/13\/2022\/02\/Buy-Methiopropamine-powder.png","contentUrl":"https:\/\/medicinasinc.com\/pl\/wp-content\/uploads\/sites\/13\/2022\/02\/Buy-Methiopropamine-powder.png","width":457,"height":323},{"@type":"BreadcrumbList","@id":"https:\/\/medicinasinc.com\/pl\/product\/kup-metiopropamine-proszek\/#breadcrumb","itemListElement":[{"@type":"ListItem","position":1,"name":"Sklep","item":"https:\/\/medicinasinc.com\/pl\/sklep\/"},{"@type":"ListItem","position":2,"name":"Kup proszek metiopropaminy"}]},{"@type":"WebSite","@id":"https:\/\/medicinasinc.com\/pl\/#website","url":"https:\/\/medicinasinc.com\/pl\/","name":"Medicinas Inc","description":"Health Medical Clinic","potentialAction":[{"@type":"SearchAction","target":{"@type":"EntryPoint","urlTemplate":"https:\/\/medicinasinc.com\/pl\/?s={search_term_string}"},"query-input":{"@type":"PropertyValueSpecification","valueRequired":true,"valueName":"search_term_string"}}],"inLanguage":"en-US"}]}},"_links":{"self":[{"href":"https:\/\/medicinasinc.com\/pl\/wp-json\/wp\/v2\/product\/5590","targetHints":{"allow":["GET"]}}],"collection":[{"href":"https:\/\/medicinasinc.com\/pl\/wp-json\/wp\/v2\/product"}],"about":[{"href":"https:\/\/medicinasinc.com\/pl\/wp-json\/wp\/v2\/types\/product"}],"replies":[{"embeddable":true,"href":"https:\/\/medicinasinc.com\/pl\/wp-json\/wp\/v2\/comments?post=5590"}],"wp:featuredmedia":[{"embeddable":true,"href":"https:\/\/medicinasinc.com\/pl\/wp-json\/wp\/v2\/media\/5600"}],"wp:attachment":[{"href":"https:\/\/medicinasinc.com\/pl\/wp-json\/wp\/v2\/media?parent=5590"}],"wp:term":[{"taxonomy":"product_brand","embeddable":true,"href":"https:\/\/medicinasinc.com\/pl\/wp-json\/wp\/v2\/product_brand?post=5590"},{"taxonomy":"product_cat","embeddable":true,"href":"https:\/\/medicinasinc.com\/pl\/wp-json\/wp\/v2\/product_cat?post=5590"},{"taxonomy":"product_tag","embeddable":true,"href":"https:\/\/medicinasinc.com\/pl\/wp-json\/wp\/v2\/product_tag?post=5590"}],"curies":[{"name":"wp","href":"https:\/\/api.w.org\/{rel}","templated":true}]}}