{"id":5589,"date":"2022-02-22T02:18:17","date_gmt":"2022-02-22T02:18:17","guid":{"rendered":"https:\/\/medicinasinc.com\/pl\/?post_type=product&#038;p=5589"},"modified":"2022-03-22T00:52:15","modified_gmt":"2022-03-22T00:52:15","slug":"kup-metizolam-2mg-granulki-online","status":"publish","type":"product","link":"https:\/\/medicinasinc.com\/pl\/product\/kup-metizolam-2mg-granulki-online\/","title":{"rendered":"Kup Metizolam 2mg Pellets online"},"content":{"rendered":"<p>Najlepsze miejsce do zakupu Metizolamu 2mg Pellets jest online.<\/p>\n<p>Kup 2mg Pellets Metizolamu. Skr\u00f3t od 4-(2-chlorofenylo)-2-etylo-6H-tieno. [3,2-f][1,2,4]triazolo[4,3-a][1,4] Diazepina, zwana r\u00f3wnie\u017c etizolamem, jest jej N-desmetylow\u0105 wersj\u0105. w zwi\u0105zku z tym Kup 2 mg pelet Metizolamu. Metizolam jest modulatorem allosterycznym receptor\u00f3w Gaba w laboratorium. Proszek metizolamu jest dost\u0119pny w sprzeda\u017cy w Internecie.<\/p>\n<p>Mamy r\u00f3wnie\u017c chemikalia, kt\u00f3re nie s\u0105 zatwierdzone do bada\u0144 in-vivo Kup Metizolam 2mg Pellets, wi\u0119c je\u015bli kto\u015b przypadkowo je po\u0142knie, powinien natychmiast uda\u0107 si\u0119 do lekarza i uzyskaj pomoc. Prosimy o przestrzeganie standardowych laboratoryjnych zasad bezpiecze\u0144stwa, takich jak noszenie odpowiedniej ochrony sk\u00f3ry, oczu i odzie\u017cy.<\/p>\n<p>Kup 2 mg metizolamu. Granulki metizolamu mo\u017cna kupi\u0107 w sklepie.<br \/> Kup 2mg Metizolamu Granulki klonazolamu mo\u017cna kupi\u0107 online.<br \/> proszek pirazolamu mo\u017cna kupi\u0107 online.<br \/> online, mo\u017cna kupi\u0107 diklazepam do bada\u0144. <br \/>sklep z etizolamem online<br \/> Fluclotizolam mo\u017cna kupi\u0107.<br \/>Proszek metizolamu jest na sprzeda\u017c w sieci.<br \/>Proszek metizolamu jest do sprzeda\u017cy w sieci. Metizolam, kt\u00f3ry jest r\u00f3wnie\u017c nazywany Desmetyloetizolamem, jest tienodiazepin\u0105 bardzo podobn\u0105 do Etizolamu. Dost\u0119pne s\u0105 tylko 2 mg granulki Metizolamu. Dla bardziej zaawansowanych badaczy, kt\u00f3rzy chc\u0105 stworzy\u0107 w\u0142asny proszek, mamy go r\u00f3wnie\u017c w postaci czystego proszku. Metizolam, podobnie jak wszystkie nasze inne produkty, powinien by\u0107 stosowany przez naukowc\u00f3w w bezpieczny spos\u00f3b. Ten produkt jest sprzedawany tylko do o\u015brodk\u00f3w badawczych, kt\u00f3re ju\u017c zosta\u0142y utworzone. Proszek metizolamu jest dost\u0119pny w sprzeda\u017cy w Internecie.<\/p>\n<p>Etizolam jest rodzicem metizolamu, kt\u00f3ry jest r\u00f3wnie\u017c nazywany Desmetyloetizolamem.<\/p>\n<p>S\u0105 sprzedawane w postaci granulek. Tylko do bada\u0144! Bestglobalmeds nie chce, aby ludzie u\u017cywali chemikali\u00f3w badawczych do czegokolwiek innego ni\u017c badania. Sprzedaj\u0105 Metizolam tylko do cel\u00f3w badawczych.<\/p>\n","protected":false},"excerpt":{"rendered":"<p>Najlepszym miejscem do zakupu Metizolamu 2mg Pellets na sprzeda\u017c w Wielkiej Brytanii i Europie jest Bestglobalmeds.com. Mamy szybk\u0105 dostaw\u0119 na ca\u0142ym \u015bwiecie. Tutaj mo\u017cesz kupi\u0107 najlepsze peletki Metizolamu 2mg na sprzeda\u017c.<\/p>\n<p>Peletki 2mg metizolamu w proszku do sprzeda\u017cy online. Granulki Clonazolamu s\u0105 dost\u0119pne w magazynie i mo\u017cna je wys\u0142a\u0107 do dowolnego miejsca na \u015bwiecie. Dzisiaj mo\u017cesz kupi\u0107 w sklepie granulki Clonazolamu 0,5 mg.<\/p>\n<p>Kup 2 mg granulki metizolamu przez Internet. Jest bardzo tani z bezp\u0142atn\u0105 wysy\u0142k\u0105 przy zam\u00f3wieniach hurtowych. Zapewniona jest najwy\u017csza jako\u015b\u0107.<\/p>\n<p>Metizolam, znany r\u00f3wnie\u017c jako Desmetyloetizolam, to syntetyczny depresant klasy chemicznej tienodiazepiny. M\u00f3wi si\u0119, \u017ce po za\u017cyciu ma dzia\u0142anie podobne do etizolamu, takie jak t\u0142umienie l\u0119ku, odhamowanie, uspokojenie polekowe, rozlu\u017anienie mi\u0119\u015bni i t\u0142umienie pami\u0119ci.<\/p>\n","protected":false},"featured_media":5598,"comment_status":"open","ping_status":"closed","template":"","meta":[],"product_brand":[],"product_cat":[2014],"product_tag":[3211,3212,3213,3218,3231,3220,3219,3215,3214,3217,3216,3222,3226,3228,3223,3224,3225,3227,3221,3229,3230,3210],"class_list":{"0":"post-5589","1":"product","2":"type-product","3":"status-publish","4":"has-post-thumbnail","6":"product_cat-kup-badania-chemikalia","7":"product_tag-buy-fluclotizolam","8":"product_tag-buy-metizolam-2mg-pellets","9":"product_tag-buy-metizolam-powder-online","10":"product_tag-buy-pyrazolam-powder-online","11":"product_tag-badania-chemii-na-sprzeda","12":"product_tag-etizolam-sklep-online","13":"product_tag-klonazolam-na-sprzeda-online","14":"product_tag-kup-metizolam-proszek-online-kanada","15":"product_tag-kup-metizolam-proszek-online-australia","16":"product_tag-kup-metizolam-proszek-online-usa","17":"product_tag-kup-metizolam-proszek-online-uk","18":"product_tag-metizolam-2mg-pellets-efekt","19":"product_tag-metizolam-2mg-granulki-reddit","20":"product_tag-metizolam-2mg-granulki-sprzeda-hurtowa","21":"product_tag-metizolam-2mg-pellets-europe","22":"product_tag-metizolam-2mg-pellets-for-sale","23":"product_tag-metizolam-2mg-pellets-order","24":"product_tag-metizolam-2mg-granulki-sprzeda-detaliczna","25":"product_tag-metizolam-2mg-granulki-kup","26":"product_tag-metizolam-kup","27":"product_tag-metizolam-proszek-do-sprzeday-online","28":"product_tag-zamach-stanu-diklazepam-online","30":"first","31":"instock","32":"shipping-taxable","33":"purchasable","34":"product-type-variable"},"yoast_head":"<!-- This site is optimized with the Yoast SEO plugin v27.3 - https:\/\/yoast.com\/product\/yoast-seo-wordpress\/ -->\n<title>Kup Metizolam 2mg Pellets online - Best Global Meds<\/title>\n<meta name=\"description\" content=\"chce kupi\u0107 Metizolam 2mg Pellets na sprzeda\u017c w Wielkiej Brytanii, Europie w naszym sklepie Bestglobalmeds z szybk\u0105 wysy\u0142k\u0105 na ca\u0142y \u015bwiat! Najlepsze granulki Metizolamu 2mg na zam\u00f3wienie znajdziesz tutaj!\" \/>\n<meta name=\"robots\" content=\"index, follow, max-snippet:-1, max-image-preview:large, max-video-preview:-1\" \/>\n<link rel=\"canonical\" href=\"https:\/\/medicinasinc.com\/pl\/product\/kup-metizolam-2mg-granulki-online\/\" \/>\n<meta property=\"og:locale\" content=\"en_US\" \/>\n<meta property=\"og:type\" content=\"article\" \/>\n<meta property=\"og:title\" content=\"Kup Metizolam 2mg Pellets online - Best Global Meds\" \/>\n<meta property=\"og:description\" content=\"chce kupi\u0107 Metizolam 2mg Pellets na sprzeda\u017c w Wielkiej Brytanii, Europie w naszym sklepie Bestglobalmeds z szybk\u0105 wysy\u0142k\u0105 na ca\u0142y \u015bwiat! Najlepsze granulki Metizolamu 2mg na zam\u00f3wienie znajdziesz tutaj!\" \/>\n<meta property=\"og:url\" content=\"https:\/\/medicinasinc.com\/pl\/product\/kup-metizolam-2mg-granulki-online\/\" \/>\n<meta property=\"og:site_name\" content=\"Medicinas Inc\" \/>\n<meta property=\"article:modified_time\" content=\"2022-03-22T00:52:15+00:00\" \/>\n<meta property=\"og:image\" content=\"https:\/\/medicinasinc.com\/pl\/wp-content\/uploads\/sites\/13\/2022\/02\/Buy-Metizolam-2mg-Pellets.jpg\" \/>\n\t<meta property=\"og:image:width\" content=\"600\" \/>\n\t<meta property=\"og:image:height\" content=\"600\" \/>\n\t<meta property=\"og:image:type\" content=\"image\/jpeg\" \/>\n<meta name=\"twitter:card\" content=\"summary_large_image\" \/>\n<meta name=\"twitter:label1\" content=\"Est. reading time\" \/>\n\t<meta name=\"twitter:data1\" content=\"2 minutes\" \/>\n<script type=\"application\/ld+json\" class=\"yoast-schema-graph\">{\"@context\":\"https:\\\/\\\/schema.org\",\"@graph\":[{\"@type\":\"WebPage\",\"@id\":\"https:\\\/\\\/medicinasinc.com\\\/pl\\\/product\\\/kup-metizolam-2mg-granulki-online\\\/\",\"url\":\"https:\\\/\\\/medicinasinc.com\\\/pl\\\/product\\\/kup-metizolam-2mg-granulki-online\\\/\",\"name\":\"Kup Metizolam 2mg Pellets online - Best Global Meds\",\"isPartOf\":{\"@id\":\"https:\\\/\\\/medicinasinc.com\\\/pl\\\/#website\"},\"primaryImageOfPage\":{\"@id\":\"https:\\\/\\\/medicinasinc.com\\\/pl\\\/product\\\/kup-metizolam-2mg-granulki-online\\\/#primaryimage\"},\"image\":{\"@id\":\"https:\\\/\\\/medicinasinc.com\\\/pl\\\/product\\\/kup-metizolam-2mg-granulki-online\\\/#primaryimage\"},\"thumbnailUrl\":\"https:\\\/\\\/medicinasinc.com\\\/pl\\\/wp-content\\\/uploads\\\/sites\\\/13\\\/2022\\\/02\\\/Buy-Metizolam-2mg-Pellets.jpg\",\"datePublished\":\"2022-02-22T02:18:17+00:00\",\"dateModified\":\"2022-03-22T00:52:15+00:00\",\"description\":\"chce kupi\u0107 Metizolam 2mg Pellets na sprzeda\u017c w Wielkiej Brytanii, Europie w naszym sklepie Bestglobalmeds z szybk\u0105 wysy\u0142k\u0105 na ca\u0142y \u015bwiat! Najlepsze granulki Metizolamu 2mg na zam\u00f3wienie znajdziesz tutaj!\",\"breadcrumb\":{\"@id\":\"https:\\\/\\\/medicinasinc.com\\\/pl\\\/product\\\/kup-metizolam-2mg-granulki-online\\\/#breadcrumb\"},\"inLanguage\":\"en-US\",\"potentialAction\":[{\"@type\":\"ReadAction\",\"target\":[\"https:\\\/\\\/medicinasinc.com\\\/pl\\\/product\\\/kup-metizolam-2mg-granulki-online\\\/\"]}]},{\"@type\":\"ImageObject\",\"inLanguage\":\"en-US\",\"@id\":\"https:\\\/\\\/medicinasinc.com\\\/pl\\\/product\\\/kup-metizolam-2mg-granulki-online\\\/#primaryimage\",\"url\":\"https:\\\/\\\/medicinasinc.com\\\/pl\\\/wp-content\\\/uploads\\\/sites\\\/13\\\/2022\\\/02\\\/Buy-Metizolam-2mg-Pellets.jpg\",\"contentUrl\":\"https:\\\/\\\/medicinasinc.com\\\/pl\\\/wp-content\\\/uploads\\\/sites\\\/13\\\/2022\\\/02\\\/Buy-Metizolam-2mg-Pellets.jpg\",\"width\":600,\"height\":600},{\"@type\":\"BreadcrumbList\",\"@id\":\"https:\\\/\\\/medicinasinc.com\\\/pl\\\/product\\\/kup-metizolam-2mg-granulki-online\\\/#breadcrumb\",\"itemListElement\":[{\"@type\":\"ListItem\",\"position\":1,\"name\":\"Sklep\",\"item\":\"https:\\\/\\\/medicinasinc.com\\\/pl\\\/sklep\\\/\"},{\"@type\":\"ListItem\",\"position\":2,\"name\":\"Kup Metizolam 2mg Pellets online\"}]},{\"@type\":\"WebSite\",\"@id\":\"https:\\\/\\\/medicinasinc.com\\\/pl\\\/#website\",\"url\":\"https:\\\/\\\/medicinasinc.com\\\/pl\\\/\",\"name\":\"Medicinas Inc\",\"description\":\"Health Medical Clinic\",\"potentialAction\":[{\"@type\":\"SearchAction\",\"target\":{\"@type\":\"EntryPoint\",\"urlTemplate\":\"https:\\\/\\\/medicinasinc.com\\\/pl\\\/?s={search_term_string}\"},\"query-input\":{\"@type\":\"PropertyValueSpecification\",\"valueRequired\":true,\"valueName\":\"search_term_string\"}}],\"inLanguage\":\"en-US\"}]}<\/script>\n<!-- \/ Yoast SEO plugin. -->","yoast_head_json":{"title":"Kup Metizolam 2mg Pellets online - Best Global Meds","description":"chce kupi\u0107 Metizolam 2mg Pellets na sprzeda\u017c w Wielkiej Brytanii, Europie w naszym sklepie Bestglobalmeds z szybk\u0105 wysy\u0142k\u0105 na ca\u0142y \u015bwiat! Najlepsze granulki Metizolamu 2mg na zam\u00f3wienie znajdziesz tutaj!","robots":{"index":"index","follow":"follow","max-snippet":"max-snippet:-1","max-image-preview":"max-image-preview:large","max-video-preview":"max-video-preview:-1"},"canonical":"https:\/\/medicinasinc.com\/pl\/product\/kup-metizolam-2mg-granulki-online\/","og_locale":"en_US","og_type":"article","og_title":"Kup Metizolam 2mg Pellets online - Best Global Meds","og_description":"chce kupi\u0107 Metizolam 2mg Pellets na sprzeda\u017c w Wielkiej Brytanii, Europie w naszym sklepie Bestglobalmeds z szybk\u0105 wysy\u0142k\u0105 na ca\u0142y \u015bwiat! Najlepsze granulki Metizolamu 2mg na zam\u00f3wienie znajdziesz tutaj!","og_url":"https:\/\/medicinasinc.com\/pl\/product\/kup-metizolam-2mg-granulki-online\/","og_site_name":"Medicinas Inc","article_modified_time":"2022-03-22T00:52:15+00:00","og_image":[{"width":600,"height":600,"url":"https:\/\/medicinasinc.com\/pl\/wp-content\/uploads\/sites\/13\/2022\/02\/Buy-Metizolam-2mg-Pellets.jpg","type":"image\/jpeg"}],"twitter_card":"summary_large_image","twitter_misc":{"Est. reading time":"2 minutes"},"schema":{"@context":"https:\/\/schema.org","@graph":[{"@type":"WebPage","@id":"https:\/\/medicinasinc.com\/pl\/product\/kup-metizolam-2mg-granulki-online\/","url":"https:\/\/medicinasinc.com\/pl\/product\/kup-metizolam-2mg-granulki-online\/","name":"Kup Metizolam 2mg Pellets online - Best Global Meds","isPartOf":{"@id":"https:\/\/medicinasinc.com\/pl\/#website"},"primaryImageOfPage":{"@id":"https:\/\/medicinasinc.com\/pl\/product\/kup-metizolam-2mg-granulki-online\/#primaryimage"},"image":{"@id":"https:\/\/medicinasinc.com\/pl\/product\/kup-metizolam-2mg-granulki-online\/#primaryimage"},"thumbnailUrl":"https:\/\/medicinasinc.com\/pl\/wp-content\/uploads\/sites\/13\/2022\/02\/Buy-Metizolam-2mg-Pellets.jpg","datePublished":"2022-02-22T02:18:17+00:00","dateModified":"2022-03-22T00:52:15+00:00","description":"chce kupi\u0107 Metizolam 2mg Pellets na sprzeda\u017c w Wielkiej Brytanii, Europie w naszym sklepie Bestglobalmeds z szybk\u0105 wysy\u0142k\u0105 na ca\u0142y \u015bwiat! Najlepsze granulki Metizolamu 2mg na zam\u00f3wienie znajdziesz tutaj!","breadcrumb":{"@id":"https:\/\/medicinasinc.com\/pl\/product\/kup-metizolam-2mg-granulki-online\/#breadcrumb"},"inLanguage":"en-US","potentialAction":[{"@type":"ReadAction","target":["https:\/\/medicinasinc.com\/pl\/product\/kup-metizolam-2mg-granulki-online\/"]}]},{"@type":"ImageObject","inLanguage":"en-US","@id":"https:\/\/medicinasinc.com\/pl\/product\/kup-metizolam-2mg-granulki-online\/#primaryimage","url":"https:\/\/medicinasinc.com\/pl\/wp-content\/uploads\/sites\/13\/2022\/02\/Buy-Metizolam-2mg-Pellets.jpg","contentUrl":"https:\/\/medicinasinc.com\/pl\/wp-content\/uploads\/sites\/13\/2022\/02\/Buy-Metizolam-2mg-Pellets.jpg","width":600,"height":600},{"@type":"BreadcrumbList","@id":"https:\/\/medicinasinc.com\/pl\/product\/kup-metizolam-2mg-granulki-online\/#breadcrumb","itemListElement":[{"@type":"ListItem","position":1,"name":"Sklep","item":"https:\/\/medicinasinc.com\/pl\/sklep\/"},{"@type":"ListItem","position":2,"name":"Kup Metizolam 2mg Pellets online"}]},{"@type":"WebSite","@id":"https:\/\/medicinasinc.com\/pl\/#website","url":"https:\/\/medicinasinc.com\/pl\/","name":"Medicinas Inc","description":"Health Medical Clinic","potentialAction":[{"@type":"SearchAction","target":{"@type":"EntryPoint","urlTemplate":"https:\/\/medicinasinc.com\/pl\/?s={search_term_string}"},"query-input":{"@type":"PropertyValueSpecification","valueRequired":true,"valueName":"search_term_string"}}],"inLanguage":"en-US"}]}},"_links":{"self":[{"href":"https:\/\/medicinasinc.com\/pl\/wp-json\/wp\/v2\/product\/5589","targetHints":{"allow":["GET"]}}],"collection":[{"href":"https:\/\/medicinasinc.com\/pl\/wp-json\/wp\/v2\/product"}],"about":[{"href":"https:\/\/medicinasinc.com\/pl\/wp-json\/wp\/v2\/types\/product"}],"replies":[{"embeddable":true,"href":"https:\/\/medicinasinc.com\/pl\/wp-json\/wp\/v2\/comments?post=5589"}],"wp:featuredmedia":[{"embeddable":true,"href":"https:\/\/medicinasinc.com\/pl\/wp-json\/wp\/v2\/media\/5598"}],"wp:attachment":[{"href":"https:\/\/medicinasinc.com\/pl\/wp-json\/wp\/v2\/media?parent=5589"}],"wp:term":[{"taxonomy":"product_brand","embeddable":true,"href":"https:\/\/medicinasinc.com\/pl\/wp-json\/wp\/v2\/product_brand?post=5589"},{"taxonomy":"product_cat","embeddable":true,"href":"https:\/\/medicinasinc.com\/pl\/wp-json\/wp\/v2\/product_cat?post=5589"},{"taxonomy":"product_tag","embeddable":true,"href":"https:\/\/medicinasinc.com\/pl\/wp-json\/wp\/v2\/product_tag?post=5589"}],"curies":[{"name":"wp","href":"https:\/\/api.w.org\/{rel}","templated":true}]}}