{"id":5566,"date":"2022-02-22T01:53:35","date_gmt":"2022-02-22T01:53:35","guid":{"rendered":"https:\/\/medicinasinc.com\/pl\/?post_type=product&#038;p=5566"},"modified":"2022-03-22T00:52:24","modified_gmt":"2022-03-22T00:52:24","slug":"metadon-chlorowodorek-usp-proszek-do-ustnego-uzycia","status":"publish","type":"product","link":"https:\/\/medicinasinc.com\/pl\/product\/metadon-chlorowodorek-usp-proszek-do-ustnego-uzycia\/","title":{"rendered":"Chlorowodorek metadonu USP PROSZEK DO STOSOWANIA DOUSTNEGO"},"content":{"rendered":"<p>Zakup chlorowodorku metadonu w proszku<\/p>\n<p>Metadon to lek opioidowy stosowany w leczeniu uzale\u017cnienia od opioid\u00f3w i silnego b\u00f3lu.<\/p>\n<p>Metadon mo\u017cna przyjmowa\u0107 w postaci pigu\u0142ki lub roztworu doustnego \u0142agodz\u0105 silny b\u00f3l.<\/p>\n<p>Napoje o smaku owocowym s\u0105 najcz\u0119stsz\u0105 form\u0105 metadonu stosowanego w leczeniu uzale\u017cnienia od opiat\u00f3w. Raz dziennie proszek jest rozpuszczany i po\u0142ykany w ca\u0142o\u015bci.<\/p>\n<p>Metadon jest lekiem stosowanym w leczeniu uzale\u017cnie\u0144.<\/p>\n<p>Heroin\u0119, oksykodon, fentanyl i hydromorfon mo\u017cna zast\u0105pi\u0107 metadonem w leczeniu uzale\u017cnienia od opioid\u00f3w. Termin \u201ed\u0142ugo dzia\u0142aj\u0105cy\u201d odnosi si\u0119 do leku, kt\u00f3ry ma wolniejszy pocz\u0105tek dzia\u0142ania i d\u0142u\u017cej utrzymuje si\u0119 w organizmie. Efekty metadonu mog\u0105 trwa\u0107 od 24 do 36 godzin, w zale\u017cno\u015bci od dawki. Z drugiej strony, kr\u00f3tko dzia\u0142aj\u0105ce opioidy musz\u0105 by\u0107 przyjmowane trzy do czterech razy dziennie przez kogo\u015b, kto pr\u00f3buje unikn\u0105\u0107 odstawienia.<\/p>\n<p>Dop\u00f3ki stosowana jest prawid\u0142owa dawka metadonu, mo\u017ce z\u0142agodzi\u0107 g\u0142\u00f3d narkotykowy i zapobiega\u0107 objawom odstawienia. Ryzyko nadu\u017cywania opioid\u00f3w jest mniejsze, a osoby uzale\u017cnione od opioid\u00f3w maj\u0105 wi\u0119ksz\u0105 szans\u0119 na powr\u00f3t do normalnego \u017cycia. Podtrzymanie metadonem jest rodzajem terapii agonist\u0105 opioid\u00f3w, stosowanej w leczeniu uzale\u017cnienia od opioid\u00f3w. Buprenorfina, inny agonista opioid\u00f3w, jest stosowana w leczeniu uzale\u017cnienia od opioid\u00f3w, podobnie jak metadon.<\/p>\n<p> Zar\u00f3wno metadon, jak i buprenorfina s\u0105 skutecznymi terapiami uzale\u017cnienia od opioid\u00f3w, gdy s\u0105 stosowane w po\u0142\u0105czeniu z opiek\u0105 medyczn\u0105 i podtrzymuj\u0105c\u0105, jednak mo\u017cna bardziej skuteczne ni\u017c inne dla niekt\u00f3rych os\u00f3b.<\/p>\n<p>Wymagane jest d\u0142ugotrwa\u0142e leczenie metadonem. Czas trwania leczenia waha si\u0119 od kilku miesi\u0119cy do ponad dw\u00f3ch dekad. Kiedy u\u017cytkownik metadonu postanawia przesta\u0107 bra\u0107 lek, jego lekarz stopniowo zmniejsza ilo\u015b\u0107 przyjmowanego metadonu w ci\u0105gu kilku tygodni lub miesi\u0119cy.<\/p>\n<p>Dzia\u0142ania niepo\u017c\u0105dane metadonu<\/p>\n<p>W\u015br\u00f3d mo\u017cliwych skutki uboczne:<\/p>\n<p>Zawroty g\u0142owy s\u0105 spowodowane zaparciami, poceniem, sucho\u015bci\u0105 w ustach i zmianami p\u0142ciowymi.<\/p>\n<p>&nbsp;<\/p>\n","protected":false},"excerpt":{"rendered":"<p>Kup Metho Metadon HCL w proszku online. Proszek Metho Metadon HCL hurtowy 99,8% Pure @ ceny hurtowe. Metho (Metadon HCL) leczy b\u00f3l o nasileniu od umiarkowanego do silnego.<\/p>\n","protected":false},"featured_media":5578,"comment_status":"open","ping_status":"closed","template":"","meta":[],"product_brand":[],"product_cat":[2014],"product_tag":[3190,3191,3194,3198,3207,3208,3195,3209,3192,3193,3201,3197,3202,3203,3196,3200,3206,3199,3204,3205],"class_list":{"0":"post-5566","1":"product","2":"type-product","3":"status-publish","4":"has-post-thumbnail","6":"product_cat-kup-badania-chemikalia","7":"product_tag-buy-methadone-hydrochloride","8":"product_tag-buy-methadone-powder","9":"product_tag-efekt-metadonu-chlorowodorku","10":"product_tag-efekt-metadonu-w-proszku","11":"product_tag-gdzie-kupi-metadon-proszek","12":"product_tag-gdzie-zamwi-metadon-proszek","13":"product_tag-sprzeda-hurtowa-metadonu-chlorowodorku","14":"product_tag-hurtownia-metadon-proszek","15":"product_tag-kup-metoda-hcl","16":"product_tag-kup-meto-proszek","17":"product_tag-metadon-proszek-online","18":"product_tag-methadone-powder-buy","19":"product_tag-methadone-powder-order","20":"product_tag-methadone-powder-reddit","21":"product_tag-metadon-w-proszku","22":"product_tag-metadon-proszek-do-sprzeday-online","23":"product_tag-metadon-proszek-sprzedaj","24":"product_tag-sprzedam-metadon-proszek","25":"product_tag-sprzeda-detaliczna-metadonu-w-proszku","26":"product_tag-sprzeda-proszku-metadonu","28":"first","29":"instock","30":"shipping-taxable","31":"purchasable","32":"product-type-variable","33":"has-default-attributes"},"yoast_head":"<!-- This site is optimized with the Yoast SEO plugin v27.3 - https:\/\/yoast.com\/product\/yoast-seo-wordpress\/ -->\n<title>Chlorowodorek metadonu USP PROSZEK DO STOSOWANIA DOUSTNEGO<\/title>\n<meta name=\"description\" content=\"Kup proszek Metho Metadon HCL Online. Proszek Metho Metadon HCL hurtowo 99,8% Pure @ ceny hurtowe. Metho (Metadon HCL) leczy b\u00f3l o nasileniu od umiarkowanego do silnego.\" \/>\n<meta name=\"robots\" content=\"index, follow, max-snippet:-1, max-image-preview:large, max-video-preview:-1\" \/>\n<link rel=\"canonical\" href=\"https:\/\/medicinasinc.com\/pl\/product\/metadon-chlorowodorek-usp-proszek-do-ustnego-uzycia\/\" \/>\n<meta property=\"og:locale\" content=\"en_US\" \/>\n<meta property=\"og:type\" content=\"article\" \/>\n<meta property=\"og:title\" content=\"Chlorowodorek metadonu USP PROSZEK DO STOSOWANIA DOUSTNEGO\" \/>\n<meta property=\"og:description\" content=\"Kup proszek Metho Metadon HCL Online. Proszek Metho Metadon HCL hurtowo 99,8% Pure @ ceny hurtowe. Metho (Metadon HCL) leczy b\u00f3l o nasileniu od umiarkowanego do silnego.\" \/>\n<meta property=\"og:url\" content=\"https:\/\/medicinasinc.com\/pl\/product\/metadon-chlorowodorek-usp-proszek-do-ustnego-uzycia\/\" \/>\n<meta property=\"og:site_name\" content=\"Medicinas Inc\" \/>\n<meta property=\"article:modified_time\" content=\"2022-03-22T00:52:24+00:00\" \/>\n<meta property=\"og:image\" content=\"https:\/\/medicinasinc.com\/pl\/wp-content\/uploads\/sites\/13\/2022\/02\/Buy-Methadone.jpg\" \/>\n\t<meta property=\"og:image:width\" content=\"600\" \/>\n\t<meta property=\"og:image:height\" content=\"600\" \/>\n\t<meta property=\"og:image:type\" content=\"image\/jpeg\" \/>\n<meta name=\"twitter:card\" content=\"summary_large_image\" \/>\n<meta name=\"twitter:label1\" content=\"Est. reading time\" \/>\n\t<meta name=\"twitter:data1\" content=\"2 minutes\" \/>\n<script type=\"application\/ld+json\" class=\"yoast-schema-graph\">{\"@context\":\"https:\\\/\\\/schema.org\",\"@graph\":[{\"@type\":\"WebPage\",\"@id\":\"https:\\\/\\\/medicinasinc.com\\\/pl\\\/product\\\/metadon-chlorowodorek-usp-proszek-do-ustnego-uzycia\\\/\",\"url\":\"https:\\\/\\\/medicinasinc.com\\\/pl\\\/product\\\/metadon-chlorowodorek-usp-proszek-do-ustnego-uzycia\\\/\",\"name\":\"Chlorowodorek metadonu USP PROSZEK DO STOSOWANIA DOUSTNEGO\",\"isPartOf\":{\"@id\":\"https:\\\/\\\/medicinasinc.com\\\/pl\\\/#website\"},\"primaryImageOfPage\":{\"@id\":\"https:\\\/\\\/medicinasinc.com\\\/pl\\\/product\\\/metadon-chlorowodorek-usp-proszek-do-ustnego-uzycia\\\/#primaryimage\"},\"image\":{\"@id\":\"https:\\\/\\\/medicinasinc.com\\\/pl\\\/product\\\/metadon-chlorowodorek-usp-proszek-do-ustnego-uzycia\\\/#primaryimage\"},\"thumbnailUrl\":\"https:\\\/\\\/medicinasinc.com\\\/pl\\\/wp-content\\\/uploads\\\/sites\\\/13\\\/2022\\\/02\\\/Buy-Methadone.jpg\",\"datePublished\":\"2022-02-22T01:53:35+00:00\",\"dateModified\":\"2022-03-22T00:52:24+00:00\",\"description\":\"Kup proszek Metho Metadon HCL Online. Proszek Metho Metadon HCL hurtowo 99,8% Pure @ ceny hurtowe. Metho (Metadon HCL) leczy b\u00f3l o nasileniu od umiarkowanego do silnego.\",\"breadcrumb\":{\"@id\":\"https:\\\/\\\/medicinasinc.com\\\/pl\\\/product\\\/metadon-chlorowodorek-usp-proszek-do-ustnego-uzycia\\\/#breadcrumb\"},\"inLanguage\":\"en-US\",\"potentialAction\":[{\"@type\":\"ReadAction\",\"target\":[\"https:\\\/\\\/medicinasinc.com\\\/pl\\\/product\\\/metadon-chlorowodorek-usp-proszek-do-ustnego-uzycia\\\/\"]}]},{\"@type\":\"ImageObject\",\"inLanguage\":\"en-US\",\"@id\":\"https:\\\/\\\/medicinasinc.com\\\/pl\\\/product\\\/metadon-chlorowodorek-usp-proszek-do-ustnego-uzycia\\\/#primaryimage\",\"url\":\"https:\\\/\\\/medicinasinc.com\\\/pl\\\/wp-content\\\/uploads\\\/sites\\\/13\\\/2022\\\/02\\\/Buy-Methadone.jpg\",\"contentUrl\":\"https:\\\/\\\/medicinasinc.com\\\/pl\\\/wp-content\\\/uploads\\\/sites\\\/13\\\/2022\\\/02\\\/Buy-Methadone.jpg\",\"width\":600,\"height\":600},{\"@type\":\"BreadcrumbList\",\"@id\":\"https:\\\/\\\/medicinasinc.com\\\/pl\\\/product\\\/metadon-chlorowodorek-usp-proszek-do-ustnego-uzycia\\\/#breadcrumb\",\"itemListElement\":[{\"@type\":\"ListItem\",\"position\":1,\"name\":\"Sklep\",\"item\":\"https:\\\/\\\/medicinasinc.com\\\/pl\\\/sklep\\\/\"},{\"@type\":\"ListItem\",\"position\":2,\"name\":\"Chlorowodorek metadonu USP PROSZEK DO STOSOWANIA DOUSTNEGO\"}]},{\"@type\":\"WebSite\",\"@id\":\"https:\\\/\\\/medicinasinc.com\\\/pl\\\/#website\",\"url\":\"https:\\\/\\\/medicinasinc.com\\\/pl\\\/\",\"name\":\"Medicinas Inc\",\"description\":\"Health Medical Clinic\",\"potentialAction\":[{\"@type\":\"SearchAction\",\"target\":{\"@type\":\"EntryPoint\",\"urlTemplate\":\"https:\\\/\\\/medicinasinc.com\\\/pl\\\/?s={search_term_string}\"},\"query-input\":{\"@type\":\"PropertyValueSpecification\",\"valueRequired\":true,\"valueName\":\"search_term_string\"}}],\"inLanguage\":\"en-US\"}]}<\/script>\n<!-- \/ Yoast SEO plugin. -->","yoast_head_json":{"title":"Chlorowodorek metadonu USP PROSZEK DO STOSOWANIA DOUSTNEGO","description":"Kup proszek Metho Metadon HCL Online. Proszek Metho Metadon HCL hurtowo 99,8% Pure @ ceny hurtowe. Metho (Metadon HCL) leczy b\u00f3l o nasileniu od umiarkowanego do silnego.","robots":{"index":"index","follow":"follow","max-snippet":"max-snippet:-1","max-image-preview":"max-image-preview:large","max-video-preview":"max-video-preview:-1"},"canonical":"https:\/\/medicinasinc.com\/pl\/product\/metadon-chlorowodorek-usp-proszek-do-ustnego-uzycia\/","og_locale":"en_US","og_type":"article","og_title":"Chlorowodorek metadonu USP PROSZEK DO STOSOWANIA DOUSTNEGO","og_description":"Kup proszek Metho Metadon HCL Online. Proszek Metho Metadon HCL hurtowo 99,8% Pure @ ceny hurtowe. Metho (Metadon HCL) leczy b\u00f3l o nasileniu od umiarkowanego do silnego.","og_url":"https:\/\/medicinasinc.com\/pl\/product\/metadon-chlorowodorek-usp-proszek-do-ustnego-uzycia\/","og_site_name":"Medicinas Inc","article_modified_time":"2022-03-22T00:52:24+00:00","og_image":[{"width":600,"height":600,"url":"https:\/\/medicinasinc.com\/pl\/wp-content\/uploads\/sites\/13\/2022\/02\/Buy-Methadone.jpg","type":"image\/jpeg"}],"twitter_card":"summary_large_image","twitter_misc":{"Est. reading time":"2 minutes"},"schema":{"@context":"https:\/\/schema.org","@graph":[{"@type":"WebPage","@id":"https:\/\/medicinasinc.com\/pl\/product\/metadon-chlorowodorek-usp-proszek-do-ustnego-uzycia\/","url":"https:\/\/medicinasinc.com\/pl\/product\/metadon-chlorowodorek-usp-proszek-do-ustnego-uzycia\/","name":"Chlorowodorek metadonu USP PROSZEK DO STOSOWANIA DOUSTNEGO","isPartOf":{"@id":"https:\/\/medicinasinc.com\/pl\/#website"},"primaryImageOfPage":{"@id":"https:\/\/medicinasinc.com\/pl\/product\/metadon-chlorowodorek-usp-proszek-do-ustnego-uzycia\/#primaryimage"},"image":{"@id":"https:\/\/medicinasinc.com\/pl\/product\/metadon-chlorowodorek-usp-proszek-do-ustnego-uzycia\/#primaryimage"},"thumbnailUrl":"https:\/\/medicinasinc.com\/pl\/wp-content\/uploads\/sites\/13\/2022\/02\/Buy-Methadone.jpg","datePublished":"2022-02-22T01:53:35+00:00","dateModified":"2022-03-22T00:52:24+00:00","description":"Kup proszek Metho Metadon HCL Online. Proszek Metho Metadon HCL hurtowo 99,8% Pure @ ceny hurtowe. Metho (Metadon HCL) leczy b\u00f3l o nasileniu od umiarkowanego do silnego.","breadcrumb":{"@id":"https:\/\/medicinasinc.com\/pl\/product\/metadon-chlorowodorek-usp-proszek-do-ustnego-uzycia\/#breadcrumb"},"inLanguage":"en-US","potentialAction":[{"@type":"ReadAction","target":["https:\/\/medicinasinc.com\/pl\/product\/metadon-chlorowodorek-usp-proszek-do-ustnego-uzycia\/"]}]},{"@type":"ImageObject","inLanguage":"en-US","@id":"https:\/\/medicinasinc.com\/pl\/product\/metadon-chlorowodorek-usp-proszek-do-ustnego-uzycia\/#primaryimage","url":"https:\/\/medicinasinc.com\/pl\/wp-content\/uploads\/sites\/13\/2022\/02\/Buy-Methadone.jpg","contentUrl":"https:\/\/medicinasinc.com\/pl\/wp-content\/uploads\/sites\/13\/2022\/02\/Buy-Methadone.jpg","width":600,"height":600},{"@type":"BreadcrumbList","@id":"https:\/\/medicinasinc.com\/pl\/product\/metadon-chlorowodorek-usp-proszek-do-ustnego-uzycia\/#breadcrumb","itemListElement":[{"@type":"ListItem","position":1,"name":"Sklep","item":"https:\/\/medicinasinc.com\/pl\/sklep\/"},{"@type":"ListItem","position":2,"name":"Chlorowodorek metadonu USP PROSZEK DO STOSOWANIA DOUSTNEGO"}]},{"@type":"WebSite","@id":"https:\/\/medicinasinc.com\/pl\/#website","url":"https:\/\/medicinasinc.com\/pl\/","name":"Medicinas Inc","description":"Health Medical Clinic","potentialAction":[{"@type":"SearchAction","target":{"@type":"EntryPoint","urlTemplate":"https:\/\/medicinasinc.com\/pl\/?s={search_term_string}"},"query-input":{"@type":"PropertyValueSpecification","valueRequired":true,"valueName":"search_term_string"}}],"inLanguage":"en-US"}]}},"_links":{"self":[{"href":"https:\/\/medicinasinc.com\/pl\/wp-json\/wp\/v2\/product\/5566","targetHints":{"allow":["GET"]}}],"collection":[{"href":"https:\/\/medicinasinc.com\/pl\/wp-json\/wp\/v2\/product"}],"about":[{"href":"https:\/\/medicinasinc.com\/pl\/wp-json\/wp\/v2\/types\/product"}],"replies":[{"embeddable":true,"href":"https:\/\/medicinasinc.com\/pl\/wp-json\/wp\/v2\/comments?post=5566"}],"wp:featuredmedia":[{"embeddable":true,"href":"https:\/\/medicinasinc.com\/pl\/wp-json\/wp\/v2\/media\/5578"}],"wp:attachment":[{"href":"https:\/\/medicinasinc.com\/pl\/wp-json\/wp\/v2\/media?parent=5566"}],"wp:term":[{"taxonomy":"product_brand","embeddable":true,"href":"https:\/\/medicinasinc.com\/pl\/wp-json\/wp\/v2\/product_brand?post=5566"},{"taxonomy":"product_cat","embeddable":true,"href":"https:\/\/medicinasinc.com\/pl\/wp-json\/wp\/v2\/product_cat?post=5566"},{"taxonomy":"product_tag","embeddable":true,"href":"https:\/\/medicinasinc.com\/pl\/wp-json\/wp\/v2\/product_tag?post=5566"}],"curies":[{"name":"wp","href":"https:\/\/api.w.org\/{rel}","templated":true}]}}