{"id":5565,"date":"2022-02-22T01:51:04","date_gmt":"2022-02-22T01:51:04","guid":{"rendered":"https:\/\/medicinasinc.com\/pl\/?post_type=product&#038;p=5565"},"modified":"2022-03-22T00:52:37","modified_gmt":"2022-03-22T00:52:37","slug":"kup-mdpv-metylenodioksypirowaleron-proszek","status":"publish","type":"product","link":"https:\/\/medicinasinc.com\/pl\/product\/kup-mdpv-metylenodioksypirowaleron-proszek\/","title":{"rendered":"Kup proszek MDPV (metylenodioksypirowaleron)"},"content":{"rendered":"<p>MDPV mo\u017cna kupi\u0107 tutaj.<\/p>\n<p>Kup MDPV online na w\u0142asny u\u017cytek lub w celu odsprzeda\u017cy. Gwarantujemy, \u017ce sprzedawany przez nas proszek MDPV jest najwy\u017cszej jako\u015bci dost\u0119pnej obecnie na rynku. Western Union, MoneyGram i bitcoiny nale\u017c\u0105 do akceptowanych przez nas metod p\u0142atno\u015bci. Posiadamy r\u00f3wnie\u017c na sprzeda\u017c szerok\u0105 gam\u0119 r\u00f3\u017cnych chemikali\u00f3w badawczych, w tym JWH-018. Nale\u017cy pami\u0119ta\u0107, \u017ce nie ponosimy odpowiedzialno\u015bci za to, w jaki spos\u00f3b nasi klienci wykorzystuj\u0105 nasz MDPV na sprzeda\u017c w Stanach Zjednoczonych.<\/p>\n<p>Symulator klasy katinonu, proszek MDPV (metylenodioksypirowaleron) mo\u017cna kupi\u0107 online. Jest inhibitorem wychwytu zwrotnego noradrenaliny i dopaminy oraz psychotropowym lekiem stymuluj\u0105cym. W latach sze\u015b\u0107dziesi\u0105tych zesp\u00f3\u0142 Boehringer Ingelheim stworzy\u0142 go.<br \/> PROSZEK MDPV (METYLENODIOKSPYROWALERON):<br \/> Ze wzgl\u0119du na delikatn\u0105 konsystencj\u0119 i tendencj\u0119 do sklejania si\u0119 pod wp\u0142ywem wilgoci, chlorowodorek jest cz\u0119sto mylony z cukier puder.<br \/> W\u0142a\u015bciwo\u015bci pobudzaj\u0105ce MDPV zosta\u0142y por\u00f3wnane z w\u0142a\u015bciwo\u015bciami kokainy, metylofenidatu i amfetaminy.<\/p>\n<div class=\"entry-content gbtr_product_description\">\n<h3 class=\"obliczona typografia reaguj\u0105ca na fuzj\u0119 \" data-fontsize=\"16\" data-lineheight=\"24px\"><\/h3>\n<\/p><\/div>\n","protected":false},"excerpt":{"rendered":"<div class=\"woocommerce-product-details__short-description\">\n<p>Kup MDPV do sprzeda\u017cy online w Wielkiej Brytanii, Europie tutaj na Bestglobalmeds.com. Kupowanie chemikali\u00f3w badawczych Metylenodioksypirowaleronu przez Internet jest bardzo trudne. Ale mo\u017cemy dostarczy\u0107 najwy\u017cszej jako\u015bci MDPV na sprzeda\u017c po bardzo niskich cenach. Nic dobrego nie przychodzi \u0142atwo i wymaga du\u017co pracy, aby mie\u0107 na sprzeda\u017c najwy\u017cszej jako\u015bci MDPV.<\/p>\n<p><b>Metylenodioksypirowaleron<\/b>\u00a0(MDPV) jest stymulantem klasy katinonu, kt\u00f3ry dzia\u0142a jak inhibitor wychwytu zwrotnego noradrenaliny i dopaminy (NDRI). Po raz pierwszy zosta\u0142 opracowany w latach 60. XX wieku przez zesp\u00f3\u0142 firmy Boehringer Ingelheim.<\/p>\n<h3 class=\"fusion-responsive-typography-calculated\" data-fontsize=\"16\" data-lineheight=\"24px\">MDPV (metylenodioksypirowaleron) proszek jest stymulantem klasy katinonu.<\/h3>\n<\/p><\/div>\n","protected":false},"featured_media":5576,"comment_status":"open","ping_status":"closed","template":"","meta":[],"product_brand":[],"product_cat":[2014],"product_tag":[3140,3141,3142,3143,3148,3149,3150,3151,3154,3155,3156,3161,3189,3162,3138,3139,3152,3153,3137,3145,3146,3147,3159,3157,3158,3160,3144,3163,3168,3166,3167,3169,3174,3175,3176,3177,3182,3183,3187,3188,3184,3185,3170,3171,3172,3173,3179,3178,3180,3181,3186,3136,3164,3165],"class_list":{"0":"post-5565","1":"product","2":"type-product","3":"status-publish","4":"has-post-thumbnail","6":"product_cat-kup-badania-chemikalia","7":"product_tag-buy-mdpv-cheap","8":"product_tag-buy-mdpv-europe","9":"product_tag-buy-mdpv-online","10":"product_tag-buy-mdpv-online-usa","11":"product_tag-buy-mdpv-powdera-online-casino","12":"product_tag-buy-mdpv-powdera-online-ecouter","13":"product_tag-buy-mdpv-powdera-online-fr","14":"product_tag-buy-mdpv-power-online","15":"product_tag-buy-methylenedioxypyrovalerone-powder-online-indonesia","16":"product_tag-buy-methylenedioxypyrovalerone-powder-online-review","17":"product_tag-buy-methylenedioxypyrovalerone-powder-online-reviews","18":"product_tag-buy-methylenedioxypyrovalerone-power-online","19":"product_tag-gdzie-kupi-mdpv","20":"product_tag-jak-kupi-mdpv","21":"product_tag-kup-mdpv","22":"product_tag-kup-mdpv-1g","23":"product_tag-kup-mdpv-uk","24":"product_tag-kup-mdpv-usa","25":"product_tag-kup-dekstrometorfan-proszek-online","26":"product_tag-kup-mdpv-proszek-online-2019","27":"product_tag-kup-mdpv-proszek-online-bezpatnie","28":"product_tag-kup-mdpv-powdera-online","29":"product_tag-kup-metylenodioksypirowaleron-powdera-online-com","30":"product_tag-kup-metylenodioksypirowaleron-powdera-online","31":"product_tag-kup-metylenodioksypirowaleron-powdera-online-ecouter","32":"product_tag-kup-metylenodioksypirowaleron-powdera-online-fr","33":"product_tag-kup-mdpv-pokarm-rolinny","34":"product_tag-mdpv-bath-salts-buy","35":"product_tag-mdpv-drug","36":"product_tag-mdpv-buy-uk","37":"product_tag-mdpv-buy-us","38":"product_tag-mdpv-online-buy","39":"product_tag-mdpv-powder-for-sale-ebay","40":"product_tag-mdpv-powder-for-sale-florida","41":"product_tag-mdpv-powder-for-sale-michigan","42":"product_tag-mdpv-powder-for-sale-near-me","43":"product_tag-mdpv-powder-for-sale-without","44":"product_tag-mdpv-powders","45":"product_tag-methylenedioxypyrovalerone-powder-foundation","46":"product_tag-methylenedioxypyrovalerone-powder-review","47":"product_tag-metylenodioksypirowaleron-kup","48":"product_tag-metylenodioksypirowaleron-kup-online","49":"product_tag-mdpv-proszek-na-sprzeda","50":"product_tag-mdpv-proszek-sprzedam-2019","51":"product_tag-mdpv-proszek-do-sprzeday-amazon","52":"product_tag-mdpv-proszek-na-sprzedaz-craigslist","53":"product_tag-mdpv-proszek-na-sprzeda-stany-stany-mdpv","54":"product_tag-mdpv-proszek-na-sprzeda-uk","55":"product_tag-mdpv-proszek-do-sprzeday-usa","56":"product_tag-mdpv-proszek-do-sprzeday-walmart","57":"product_tag-proszek-metylenodioksypirowaleronu","58":"product_tag-sprzedam-sl-do-wanny","59":"product_tag-mdpv-sole-do-wanny-kup-online","60":"product_tag-mdpv-sole-do-wanny-do-sprzeday","62":"first","63":"instock","64":"shipping-taxable","65":"purchasable","66":"product-type-variable","67":"has-default-attributes"},"yoast_head":"<!-- This site is optimized with the Yoast SEO plugin v27.3 - https:\/\/yoast.com\/product\/yoast-seo-wordpress\/ -->\n<title>Kup proszek MDPV (metylenodioksypirowaleron) - najlepsze globalne leki<\/title>\n<meta name=\"description\" content=\"Kup MDPV na sprzeda\u017c online w Wielkiej Brytanii, Europie tutaj w Bestglobalmeds. Kupowanie chemikali\u00f3w badawczych Metylenodioksypirowaleronu przez Internet jest bardzo trudne. Ale mo\u017cemy dostarczy\u0107 najwy\u017cszej jako\u015bci MDPV na sprzeda\u017c po bardzo niskich cenach.\" \/>\n<meta name=\"robots\" content=\"index, follow, max-snippet:-1, max-image-preview:large, max-video-preview:-1\" \/>\n<link rel=\"canonical\" href=\"https:\/\/medicinasinc.com\/pl\/product\/kup-mdpv-metylenodioksypirowaleron-proszek\/\" \/>\n<meta property=\"og:locale\" content=\"en_US\" \/>\n<meta property=\"og:type\" content=\"article\" \/>\n<meta property=\"og:title\" content=\"Kup proszek MDPV (metylenodioksypirowaleron) - najlepsze globalne leki\" \/>\n<meta property=\"og:description\" content=\"Kup MDPV na sprzeda\u017c online w Wielkiej Brytanii, Europie tutaj w Bestglobalmeds. Kupowanie chemikali\u00f3w badawczych Metylenodioksypirowaleronu przez Internet jest bardzo trudne. Ale mo\u017cemy dostarczy\u0107 najwy\u017cszej jako\u015bci MDPV na sprzeda\u017c po bardzo niskich cenach.\" \/>\n<meta property=\"og:url\" content=\"https:\/\/medicinasinc.com\/pl\/product\/kup-mdpv-metylenodioksypirowaleron-proszek\/\" \/>\n<meta property=\"og:site_name\" content=\"Medicinas Inc\" \/>\n<meta property=\"article:modified_time\" content=\"2022-03-22T00:52:37+00:00\" \/>\n<meta property=\"og:image\" content=\"https:\/\/medicinasinc.com\/pl\/wp-content\/uploads\/sites\/13\/2022\/02\/buy-methylenedioxypyrovalerone.jpg\" \/>\n\t<meta property=\"og:image:width\" content=\"1400\" \/>\n\t<meta property=\"og:image:height\" content=\"700\" \/>\n\t<meta property=\"og:image:type\" content=\"image\/jpeg\" \/>\n<meta name=\"twitter:card\" content=\"summary_large_image\" \/>\n<meta name=\"twitter:label1\" content=\"Est. reading time\" \/>\n\t<meta name=\"twitter:data1\" content=\"1 minute\" \/>\n<script type=\"application\/ld+json\" class=\"yoast-schema-graph\">{\"@context\":\"https:\\\/\\\/schema.org\",\"@graph\":[{\"@type\":\"WebPage\",\"@id\":\"https:\\\/\\\/medicinasinc.com\\\/pl\\\/product\\\/kup-mdpv-metylenodioksypirowaleron-proszek\\\/\",\"url\":\"https:\\\/\\\/medicinasinc.com\\\/pl\\\/product\\\/kup-mdpv-metylenodioksypirowaleron-proszek\\\/\",\"name\":\"Kup proszek MDPV (metylenodioksypirowaleron) - najlepsze globalne leki\",\"isPartOf\":{\"@id\":\"https:\\\/\\\/medicinasinc.com\\\/pl\\\/#website\"},\"primaryImageOfPage\":{\"@id\":\"https:\\\/\\\/medicinasinc.com\\\/pl\\\/product\\\/kup-mdpv-metylenodioksypirowaleron-proszek\\\/#primaryimage\"},\"image\":{\"@id\":\"https:\\\/\\\/medicinasinc.com\\\/pl\\\/product\\\/kup-mdpv-metylenodioksypirowaleron-proszek\\\/#primaryimage\"},\"thumbnailUrl\":\"https:\\\/\\\/medicinasinc.com\\\/pl\\\/wp-content\\\/uploads\\\/sites\\\/13\\\/2022\\\/02\\\/buy-methylenedioxypyrovalerone.jpg\",\"datePublished\":\"2022-02-22T01:51:04+00:00\",\"dateModified\":\"2022-03-22T00:52:37+00:00\",\"description\":\"Kup MDPV na sprzeda\u017c online w Wielkiej Brytanii, Europie tutaj w Bestglobalmeds. Kupowanie chemikali\u00f3w badawczych Metylenodioksypirowaleronu przez Internet jest bardzo trudne. Ale mo\u017cemy dostarczy\u0107 najwy\u017cszej jako\u015bci MDPV na sprzeda\u017c po bardzo niskich cenach.\",\"breadcrumb\":{\"@id\":\"https:\\\/\\\/medicinasinc.com\\\/pl\\\/product\\\/kup-mdpv-metylenodioksypirowaleron-proszek\\\/#breadcrumb\"},\"inLanguage\":\"en-US\",\"potentialAction\":[{\"@type\":\"ReadAction\",\"target\":[\"https:\\\/\\\/medicinasinc.com\\\/pl\\\/product\\\/kup-mdpv-metylenodioksypirowaleron-proszek\\\/\"]}]},{\"@type\":\"ImageObject\",\"inLanguage\":\"en-US\",\"@id\":\"https:\\\/\\\/medicinasinc.com\\\/pl\\\/product\\\/kup-mdpv-metylenodioksypirowaleron-proszek\\\/#primaryimage\",\"url\":\"https:\\\/\\\/medicinasinc.com\\\/pl\\\/wp-content\\\/uploads\\\/sites\\\/13\\\/2022\\\/02\\\/buy-methylenedioxypyrovalerone.jpg\",\"contentUrl\":\"https:\\\/\\\/medicinasinc.com\\\/pl\\\/wp-content\\\/uploads\\\/sites\\\/13\\\/2022\\\/02\\\/buy-methylenedioxypyrovalerone.jpg\",\"width\":1400,\"height\":700},{\"@type\":\"BreadcrumbList\",\"@id\":\"https:\\\/\\\/medicinasinc.com\\\/pl\\\/product\\\/kup-mdpv-metylenodioksypirowaleron-proszek\\\/#breadcrumb\",\"itemListElement\":[{\"@type\":\"ListItem\",\"position\":1,\"name\":\"Sklep\",\"item\":\"https:\\\/\\\/medicinasinc.com\\\/pl\\\/sklep\\\/\"},{\"@type\":\"ListItem\",\"position\":2,\"name\":\"Kup proszek MDPV (metylenodioksypirowaleron)\"}]},{\"@type\":\"WebSite\",\"@id\":\"https:\\\/\\\/medicinasinc.com\\\/pl\\\/#website\",\"url\":\"https:\\\/\\\/medicinasinc.com\\\/pl\\\/\",\"name\":\"Medicinas Inc\",\"description\":\"Health Medical Clinic\",\"potentialAction\":[{\"@type\":\"SearchAction\",\"target\":{\"@type\":\"EntryPoint\",\"urlTemplate\":\"https:\\\/\\\/medicinasinc.com\\\/pl\\\/?s={search_term_string}\"},\"query-input\":{\"@type\":\"PropertyValueSpecification\",\"valueRequired\":true,\"valueName\":\"search_term_string\"}}],\"inLanguage\":\"en-US\"}]}<\/script>\n<!-- \/ Yoast SEO plugin. -->","yoast_head_json":{"title":"Kup proszek MDPV (metylenodioksypirowaleron) - najlepsze globalne leki","description":"Kup MDPV na sprzeda\u017c online w Wielkiej Brytanii, Europie tutaj w Bestglobalmeds. Kupowanie chemikali\u00f3w badawczych Metylenodioksypirowaleronu przez Internet jest bardzo trudne. Ale mo\u017cemy dostarczy\u0107 najwy\u017cszej jako\u015bci MDPV na sprzeda\u017c po bardzo niskich cenach.","robots":{"index":"index","follow":"follow","max-snippet":"max-snippet:-1","max-image-preview":"max-image-preview:large","max-video-preview":"max-video-preview:-1"},"canonical":"https:\/\/medicinasinc.com\/pl\/product\/kup-mdpv-metylenodioksypirowaleron-proszek\/","og_locale":"en_US","og_type":"article","og_title":"Kup proszek MDPV (metylenodioksypirowaleron) - najlepsze globalne leki","og_description":"Kup MDPV na sprzeda\u017c online w Wielkiej Brytanii, Europie tutaj w Bestglobalmeds. Kupowanie chemikali\u00f3w badawczych Metylenodioksypirowaleronu przez Internet jest bardzo trudne. Ale mo\u017cemy dostarczy\u0107 najwy\u017cszej jako\u015bci MDPV na sprzeda\u017c po bardzo niskich cenach.","og_url":"https:\/\/medicinasinc.com\/pl\/product\/kup-mdpv-metylenodioksypirowaleron-proszek\/","og_site_name":"Medicinas Inc","article_modified_time":"2022-03-22T00:52:37+00:00","og_image":[{"width":1400,"height":700,"url":"https:\/\/medicinasinc.com\/pl\/wp-content\/uploads\/sites\/13\/2022\/02\/buy-methylenedioxypyrovalerone.jpg","type":"image\/jpeg"}],"twitter_card":"summary_large_image","twitter_misc":{"Est. reading time":"1 minute"},"schema":{"@context":"https:\/\/schema.org","@graph":[{"@type":"WebPage","@id":"https:\/\/medicinasinc.com\/pl\/product\/kup-mdpv-metylenodioksypirowaleron-proszek\/","url":"https:\/\/medicinasinc.com\/pl\/product\/kup-mdpv-metylenodioksypirowaleron-proszek\/","name":"Kup proszek MDPV (metylenodioksypirowaleron) - najlepsze globalne leki","isPartOf":{"@id":"https:\/\/medicinasinc.com\/pl\/#website"},"primaryImageOfPage":{"@id":"https:\/\/medicinasinc.com\/pl\/product\/kup-mdpv-metylenodioksypirowaleron-proszek\/#primaryimage"},"image":{"@id":"https:\/\/medicinasinc.com\/pl\/product\/kup-mdpv-metylenodioksypirowaleron-proszek\/#primaryimage"},"thumbnailUrl":"https:\/\/medicinasinc.com\/pl\/wp-content\/uploads\/sites\/13\/2022\/02\/buy-methylenedioxypyrovalerone.jpg","datePublished":"2022-02-22T01:51:04+00:00","dateModified":"2022-03-22T00:52:37+00:00","description":"Kup MDPV na sprzeda\u017c online w Wielkiej Brytanii, Europie tutaj w Bestglobalmeds. Kupowanie chemikali\u00f3w badawczych Metylenodioksypirowaleronu przez Internet jest bardzo trudne. Ale mo\u017cemy dostarczy\u0107 najwy\u017cszej jako\u015bci MDPV na sprzeda\u017c po bardzo niskich cenach.","breadcrumb":{"@id":"https:\/\/medicinasinc.com\/pl\/product\/kup-mdpv-metylenodioksypirowaleron-proszek\/#breadcrumb"},"inLanguage":"en-US","potentialAction":[{"@type":"ReadAction","target":["https:\/\/medicinasinc.com\/pl\/product\/kup-mdpv-metylenodioksypirowaleron-proszek\/"]}]},{"@type":"ImageObject","inLanguage":"en-US","@id":"https:\/\/medicinasinc.com\/pl\/product\/kup-mdpv-metylenodioksypirowaleron-proszek\/#primaryimage","url":"https:\/\/medicinasinc.com\/pl\/wp-content\/uploads\/sites\/13\/2022\/02\/buy-methylenedioxypyrovalerone.jpg","contentUrl":"https:\/\/medicinasinc.com\/pl\/wp-content\/uploads\/sites\/13\/2022\/02\/buy-methylenedioxypyrovalerone.jpg","width":1400,"height":700},{"@type":"BreadcrumbList","@id":"https:\/\/medicinasinc.com\/pl\/product\/kup-mdpv-metylenodioksypirowaleron-proszek\/#breadcrumb","itemListElement":[{"@type":"ListItem","position":1,"name":"Sklep","item":"https:\/\/medicinasinc.com\/pl\/sklep\/"},{"@type":"ListItem","position":2,"name":"Kup proszek MDPV (metylenodioksypirowaleron)"}]},{"@type":"WebSite","@id":"https:\/\/medicinasinc.com\/pl\/#website","url":"https:\/\/medicinasinc.com\/pl\/","name":"Medicinas Inc","description":"Health Medical Clinic","potentialAction":[{"@type":"SearchAction","target":{"@type":"EntryPoint","urlTemplate":"https:\/\/medicinasinc.com\/pl\/?s={search_term_string}"},"query-input":{"@type":"PropertyValueSpecification","valueRequired":true,"valueName":"search_term_string"}}],"inLanguage":"en-US"}]}},"_links":{"self":[{"href":"https:\/\/medicinasinc.com\/pl\/wp-json\/wp\/v2\/product\/5565","targetHints":{"allow":["GET"]}}],"collection":[{"href":"https:\/\/medicinasinc.com\/pl\/wp-json\/wp\/v2\/product"}],"about":[{"href":"https:\/\/medicinasinc.com\/pl\/wp-json\/wp\/v2\/types\/product"}],"replies":[{"embeddable":true,"href":"https:\/\/medicinasinc.com\/pl\/wp-json\/wp\/v2\/comments?post=5565"}],"wp:featuredmedia":[{"embeddable":true,"href":"https:\/\/medicinasinc.com\/pl\/wp-json\/wp\/v2\/media\/5576"}],"wp:attachment":[{"href":"https:\/\/medicinasinc.com\/pl\/wp-json\/wp\/v2\/media?parent=5565"}],"wp:term":[{"taxonomy":"product_brand","embeddable":true,"href":"https:\/\/medicinasinc.com\/pl\/wp-json\/wp\/v2\/product_brand?post=5565"},{"taxonomy":"product_cat","embeddable":true,"href":"https:\/\/medicinasinc.com\/pl\/wp-json\/wp\/v2\/product_cat?post=5565"},{"taxonomy":"product_tag","embeddable":true,"href":"https:\/\/medicinasinc.com\/pl\/wp-json\/wp\/v2\/product_tag?post=5565"}],"curies":[{"name":"wp","href":"https:\/\/api.w.org\/{rel}","templated":true}]}}