{"id":5564,"date":"2022-02-22T01:48:50","date_gmt":"2022-02-22T01:48:50","guid":{"rendered":"https:\/\/medicinasinc.com\/pl\/?post_type=product&#038;p=5564"},"modified":"2022-03-22T00:52:45","modified_gmt":"2022-03-22T00:52:45","slug":"kup-mdai-krysztal-proszek","status":"publish","type":"product","link":"https:\/\/medicinasinc.com\/pl\/product\/kup-mdai-krysztal-proszek\/","title":{"rendered":"Kup MDAI Crystal &amp; amp; Proszek"},"content":{"rendered":"<p>Kupuj online kryszta\u0142 i proszek MDAI.<\/p>\n<p>Kryszta\u0142y i proszki MDAI na sprzeda\u017c po obni\u017conych cenach.<\/p>\n<p>Kup MDAI u nas.<\/p>\n<p>Nasz g\u0142\u00f3wny cel jest dostarczanie klientom najnowocze\u015bniejszych informacji i najwy\u017cszej jako\u015bci us\u0142ug. Grupy eksploracyjne i zak\u0142ady produkcyjne na pe\u0142n\u0105 skal\u0119 mog\u0105 znale\u017a\u0107 RC w ilo\u015bciach i jako\u015bci, kt\u00f3rych potrzebuj\u0105. Przegl\u0105d RC, kt\u00f3ry zaspokaja wszystkie Twoje zainteresowania i cele, mo\u017cna znale\u017a\u0107 tutaj. Nasza firma proponuje \u015bwiatowe \u015brodki chemiczne do jazdy w oparciu o najnowsze osi\u0105gni\u0119cia technologiczne. Wszystkie pozycje z tej listy nie maj\u0105 praktycznego zastosowania dla ludzi.<\/p>\n<p>Nale\u017cy zach\u0119ca\u0107 do stosowania lek\u00f3w w laboratorium, do cel\u00f3w naukowych i do bada\u0144. Zarejestrowane prochy mog\u0105 by\u0107 u\u017cywane tylko do eksploracji, pr\u00f3b i test\u00f3w. Pakiety wyprodukowane niedawno przez wiod\u0105ce chi\u0144skie o\u015brodki badawcze na rynku RC s\u0105 ju\u017c dost\u0119pne.<\/p>\n<p>Je\u015bli zawrzesz umow\u0119 teraz, dostarczymy Twoj\u0105 paczk\u0119 w dowolne miejsce w Stanach Zjednoczonych, Europie lub na \u015bwiecie. Aby sprosta\u0107 Twoim potrzebom, wsp\u00f3\u0142pracujemy z wieloma wiod\u0105cymi \u015bwiatowymi laboratoriami, kt\u00f3re planuj\u0105 budow\u0119 RC, a Twoja pro\u015bba ma ogromne znaczenie dla naszej firmy.<\/p>\n<p>Nasz dostawca ma siedzib\u0119 w Stanach Zjednoczonych i dzia\u0142a na ca\u0142ym \u015bwiecie. Na stronie konsumenci mog\u0105 \u0142atwo sprawdzi\u0107 oszacowanie i dost\u0119pno\u015b\u0107 RC na w\u0142asne potrzeby. Klienci. Skontaktuj si\u0119 z nasz\u0105 przyjazn\u0105 i wieloj\u0119zyczn\u0105 obs\u0142ug\u0105 klienta, aby dowiedzie\u0107 si\u0119, jak z\u0142o\u017cy\u0107 wniosek. Je\u015bli jeste\u015b zainteresowany poszukiwaniem substancji mieszanych lub przecenionych, skontaktuj si\u0119 z nami, aby uzyska\u0107 wi\u0119cej informacji. Je\u015bli nie mo\u017cesz znale\u017a\u0107 tego, czego szukasz na naszej stronie, nie wahaj si\u0119 skontaktowa\u0107 z nami w celu uzyskania pomocy. Jako\u015b\u0107 jest najwa\u017cniejszym czynnikiem przy pozyskiwaniu chemikali\u00f3w do bada\u0144.<\/p>\n","protected":false},"excerpt":{"rendered":"<p>Kup MDAI Crystal &amp; Proszek Na sprzeda\u017c w Wielkiej Brytanii, Europie Tanio przez Internet. MDAI lub 5,6-metylenodioksy-2-aminoindanKup MDAI lub 5,6-metylenodioksy-2-aminoindan.<\/p>\n","protected":false},"featured_media":5574,"comment_status":"open","ping_status":"closed","template":"","meta":[],"product_brand":[],"product_cat":[2014],"product_tag":[3093,3094,3096,3102,3103,2525,2530,2532,3104,3105,3107,3108,3111,3135,3116,2522,3106,3110,3101,3098,3099,3100,3118,3097,3109,3114,3115,3117,3120,517,2549,3123,3122,3126,3130,3131,3133,3112,3124,3119,3095,3134,3125,3128,3127,3132,3129,3113,3121],"class_list":{"0":"post-5564","1":"product","2":"type-product","3":"status-publish","4":"has-post-thumbnail","6":"product_cat-kup-badania-chemikalia","7":"product_tag-4mmc-na-sprzeda","8":"product_tag-amphetamine-for-sale","9":"product_tag-buy-amphetamine-speed","10":"product_tag-buy-mdai-powder","11":"product_tag-buy-meow-meow","12":"product_tag-buy-mephedrone","13":"product_tag-buy-mephedrone-online","14":"product_tag-buy-mephedrone-plant-food","15":"product_tag-buy-methylone","16":"product_tag-buy-mkat","17":"product_tag-buy-tryptamine","18":"product_tag-crystal-meth-for-sale","19":"product_tag-mdai-kryszta-efekt","20":"product_tag-gdzie-kupi-mdai-proszek","21":"product_tag-mdai-kryszta-sprzeda-hurtowa","22":"product_tag-kup-4mmc","23":"product_tag-kup-fenetyloamina","24":"product_tag-mdai-kryszta-kup","25":"product_tag-kup-mdai-kryszta","26":"product_tag-kup-kryszta-met","27":"product_tag-kup-lsd","28":"product_tag-kup-powd","29":"product_tag-mdai-proszek-kup","30":"product_tag-kup-sole-do-wanny","31":"product_tag-lsd-na-sprzeda","32":"product_tag-mdai-crystal-reddit","33":"product_tag-mdai-crystal-retail","34":"product_tag-mdai-na-sprzeda","35":"product_tag-mdai-powder-online","36":"product_tag-mdma-na-sprzeda","37":"product_tag-mephedrone-for-sale","38":"product_tag-methylone-for-sale","39":"product_tag-miau-miau-wyprzeda","40":"product_tag-order-mdma","41":"product_tag-order-meth-online","42":"product_tag-order-methylone","43":"product_tag-fenetylamina-na-sprzeda","44":"product_tag-mdai-kryszta-na-sprzeda","45":"product_tag-mkat-na-sprzeda","46":"product_tag-mdai-proszek-na-sprzeda","47":"product_tag-sprzedam-sole-do-wanny","48":"product_tag-tryptamina-na-sprzeda","49":"product_tag-zamw-mdai-kryszta","50":"product_tag-podnie-c3w-mefedron","51":"product_tag-zam-c3-b3w-miau-miau","52":"product_tag-zamw-mkat","53":"product_tag-zamw-mefedron-pokarm-rolinny","54":"product_tag-mdai-kryszta-zamwienie","55":"product_tag-mdai-proszek-zamwienie","57":"first","58":"instock","59":"shipping-taxable","60":"purchasable","61":"product-type-variable","62":"has-default-attributes"},"yoast_head":"<!-- This site is optimized with the Yoast SEO plugin v27.3 - https:\/\/yoast.com\/product\/yoast-seo-wordpress\/ -->\n<title>Kup MDAI Crystal &amp; amp; Proszek Tani Online - Najlepsze Globalne Meds<\/title>\n<meta name=\"description\" content=\"Kup MDAI Crystal &amp; amp; Proszek Na sprzeda\u017c w Wielkiej Brytanii, Europie Tanio przez Internet. MDAI lub 5,6-metylenodioksy-2-aminoindanKup MDAI lub 5,6-metylenodioksy-2-aminoindan.\" \/>\n<meta name=\"robots\" content=\"index, follow, max-snippet:-1, max-image-preview:large, max-video-preview:-1\" \/>\n<link rel=\"canonical\" href=\"https:\/\/medicinasinc.com\/pl\/product\/kup-mdai-krysztal-proszek\/\" \/>\n<meta property=\"og:locale\" content=\"en_US\" \/>\n<meta property=\"og:type\" content=\"article\" \/>\n<meta property=\"og:title\" content=\"Kup MDAI Crystal &amp; amp; Proszek Tani Online - Najlepsze Globalne Meds\" \/>\n<meta property=\"og:description\" content=\"Kup MDAI Crystal &amp; amp; Proszek Na sprzeda\u017c w Wielkiej Brytanii, Europie Tanio przez Internet. MDAI lub 5,6-metylenodioksy-2-aminoindanKup MDAI lub 5,6-metylenodioksy-2-aminoindan.\" \/>\n<meta property=\"og:url\" content=\"https:\/\/medicinasinc.com\/pl\/product\/kup-mdai-krysztal-proszek\/\" \/>\n<meta property=\"og:site_name\" content=\"Medicinas Inc\" \/>\n<meta property=\"article:modified_time\" content=\"2022-03-22T00:52:45+00:00\" \/>\n<meta property=\"og:image\" content=\"https:\/\/medicinasinc.com\/pl\/wp-content\/uploads\/sites\/13\/2022\/02\/buy-mdai-crystal-powder-cheap-online.jpg\" \/>\n\t<meta property=\"og:image:width\" content=\"600\" \/>\n\t<meta property=\"og:image:height\" content=\"600\" \/>\n\t<meta property=\"og:image:type\" content=\"image\/jpeg\" \/>\n<meta name=\"twitter:card\" content=\"summary_large_image\" \/>\n<meta name=\"twitter:label1\" content=\"Est. reading time\" \/>\n\t<meta name=\"twitter:data1\" content=\"2 minutes\" \/>\n<script type=\"application\/ld+json\" class=\"yoast-schema-graph\">{\"@context\":\"https:\\\/\\\/schema.org\",\"@graph\":[{\"@type\":\"WebPage\",\"@id\":\"https:\\\/\\\/medicinasinc.com\\\/pl\\\/product\\\/kup-mdai-krysztal-proszek\\\/\",\"url\":\"https:\\\/\\\/medicinasinc.com\\\/pl\\\/product\\\/kup-mdai-krysztal-proszek\\\/\",\"name\":\"Kup MDAI Crystal & amp; Proszek Tani Online - Najlepsze Globalne Meds\",\"isPartOf\":{\"@id\":\"https:\\\/\\\/medicinasinc.com\\\/pl\\\/#website\"},\"primaryImageOfPage\":{\"@id\":\"https:\\\/\\\/medicinasinc.com\\\/pl\\\/product\\\/kup-mdai-krysztal-proszek\\\/#primaryimage\"},\"image\":{\"@id\":\"https:\\\/\\\/medicinasinc.com\\\/pl\\\/product\\\/kup-mdai-krysztal-proszek\\\/#primaryimage\"},\"thumbnailUrl\":\"https:\\\/\\\/medicinasinc.com\\\/pl\\\/wp-content\\\/uploads\\\/sites\\\/13\\\/2022\\\/02\\\/buy-mdai-crystal-powder-cheap-online.jpg\",\"datePublished\":\"2022-02-22T01:48:50+00:00\",\"dateModified\":\"2022-03-22T00:52:45+00:00\",\"description\":\"Kup MDAI Crystal & amp; Proszek Na sprzeda\u017c w Wielkiej Brytanii, Europie Tanio przez Internet. MDAI lub 5,6-metylenodioksy-2-aminoindanKup MDAI lub 5,6-metylenodioksy-2-aminoindan.\",\"breadcrumb\":{\"@id\":\"https:\\\/\\\/medicinasinc.com\\\/pl\\\/product\\\/kup-mdai-krysztal-proszek\\\/#breadcrumb\"},\"inLanguage\":\"en-US\",\"potentialAction\":[{\"@type\":\"ReadAction\",\"target\":[\"https:\\\/\\\/medicinasinc.com\\\/pl\\\/product\\\/kup-mdai-krysztal-proszek\\\/\"]}]},{\"@type\":\"ImageObject\",\"inLanguage\":\"en-US\",\"@id\":\"https:\\\/\\\/medicinasinc.com\\\/pl\\\/product\\\/kup-mdai-krysztal-proszek\\\/#primaryimage\",\"url\":\"https:\\\/\\\/medicinasinc.com\\\/pl\\\/wp-content\\\/uploads\\\/sites\\\/13\\\/2022\\\/02\\\/buy-mdai-crystal-powder-cheap-online.jpg\",\"contentUrl\":\"https:\\\/\\\/medicinasinc.com\\\/pl\\\/wp-content\\\/uploads\\\/sites\\\/13\\\/2022\\\/02\\\/buy-mdai-crystal-powder-cheap-online.jpg\",\"width\":600,\"height\":600},{\"@type\":\"BreadcrumbList\",\"@id\":\"https:\\\/\\\/medicinasinc.com\\\/pl\\\/product\\\/kup-mdai-krysztal-proszek\\\/#breadcrumb\",\"itemListElement\":[{\"@type\":\"ListItem\",\"position\":1,\"name\":\"Sklep\",\"item\":\"https:\\\/\\\/medicinasinc.com\\\/pl\\\/sklep\\\/\"},{\"@type\":\"ListItem\",\"position\":2,\"name\":\"Kup MDAI Crystal &amp; amp; Proszek\"}]},{\"@type\":\"WebSite\",\"@id\":\"https:\\\/\\\/medicinasinc.com\\\/pl\\\/#website\",\"url\":\"https:\\\/\\\/medicinasinc.com\\\/pl\\\/\",\"name\":\"Medicinas Inc\",\"description\":\"Health Medical Clinic\",\"potentialAction\":[{\"@type\":\"SearchAction\",\"target\":{\"@type\":\"EntryPoint\",\"urlTemplate\":\"https:\\\/\\\/medicinasinc.com\\\/pl\\\/?s={search_term_string}\"},\"query-input\":{\"@type\":\"PropertyValueSpecification\",\"valueRequired\":true,\"valueName\":\"search_term_string\"}}],\"inLanguage\":\"en-US\"}]}<\/script>\n<!-- \/ Yoast SEO plugin. -->","yoast_head_json":{"title":"Kup MDAI Crystal & amp; Proszek Tani Online - Najlepsze Globalne Meds","description":"Kup MDAI Crystal & amp; Proszek Na sprzeda\u017c w Wielkiej Brytanii, Europie Tanio przez Internet. MDAI lub 5,6-metylenodioksy-2-aminoindanKup MDAI lub 5,6-metylenodioksy-2-aminoindan.","robots":{"index":"index","follow":"follow","max-snippet":"max-snippet:-1","max-image-preview":"max-image-preview:large","max-video-preview":"max-video-preview:-1"},"canonical":"https:\/\/medicinasinc.com\/pl\/product\/kup-mdai-krysztal-proszek\/","og_locale":"en_US","og_type":"article","og_title":"Kup MDAI Crystal & amp; Proszek Tani Online - Najlepsze Globalne Meds","og_description":"Kup MDAI Crystal & amp; Proszek Na sprzeda\u017c w Wielkiej Brytanii, Europie Tanio przez Internet. MDAI lub 5,6-metylenodioksy-2-aminoindanKup MDAI lub 5,6-metylenodioksy-2-aminoindan.","og_url":"https:\/\/medicinasinc.com\/pl\/product\/kup-mdai-krysztal-proszek\/","og_site_name":"Medicinas Inc","article_modified_time":"2022-03-22T00:52:45+00:00","og_image":[{"width":600,"height":600,"url":"https:\/\/medicinasinc.com\/pl\/wp-content\/uploads\/sites\/13\/2022\/02\/buy-mdai-crystal-powder-cheap-online.jpg","type":"image\/jpeg"}],"twitter_card":"summary_large_image","twitter_misc":{"Est. reading time":"2 minutes"},"schema":{"@context":"https:\/\/schema.org","@graph":[{"@type":"WebPage","@id":"https:\/\/medicinasinc.com\/pl\/product\/kup-mdai-krysztal-proszek\/","url":"https:\/\/medicinasinc.com\/pl\/product\/kup-mdai-krysztal-proszek\/","name":"Kup MDAI Crystal & amp; Proszek Tani Online - Najlepsze Globalne Meds","isPartOf":{"@id":"https:\/\/medicinasinc.com\/pl\/#website"},"primaryImageOfPage":{"@id":"https:\/\/medicinasinc.com\/pl\/product\/kup-mdai-krysztal-proszek\/#primaryimage"},"image":{"@id":"https:\/\/medicinasinc.com\/pl\/product\/kup-mdai-krysztal-proszek\/#primaryimage"},"thumbnailUrl":"https:\/\/medicinasinc.com\/pl\/wp-content\/uploads\/sites\/13\/2022\/02\/buy-mdai-crystal-powder-cheap-online.jpg","datePublished":"2022-02-22T01:48:50+00:00","dateModified":"2022-03-22T00:52:45+00:00","description":"Kup MDAI Crystal & amp; Proszek Na sprzeda\u017c w Wielkiej Brytanii, Europie Tanio przez Internet. MDAI lub 5,6-metylenodioksy-2-aminoindanKup MDAI lub 5,6-metylenodioksy-2-aminoindan.","breadcrumb":{"@id":"https:\/\/medicinasinc.com\/pl\/product\/kup-mdai-krysztal-proszek\/#breadcrumb"},"inLanguage":"en-US","potentialAction":[{"@type":"ReadAction","target":["https:\/\/medicinasinc.com\/pl\/product\/kup-mdai-krysztal-proszek\/"]}]},{"@type":"ImageObject","inLanguage":"en-US","@id":"https:\/\/medicinasinc.com\/pl\/product\/kup-mdai-krysztal-proszek\/#primaryimage","url":"https:\/\/medicinasinc.com\/pl\/wp-content\/uploads\/sites\/13\/2022\/02\/buy-mdai-crystal-powder-cheap-online.jpg","contentUrl":"https:\/\/medicinasinc.com\/pl\/wp-content\/uploads\/sites\/13\/2022\/02\/buy-mdai-crystal-powder-cheap-online.jpg","width":600,"height":600},{"@type":"BreadcrumbList","@id":"https:\/\/medicinasinc.com\/pl\/product\/kup-mdai-krysztal-proszek\/#breadcrumb","itemListElement":[{"@type":"ListItem","position":1,"name":"Sklep","item":"https:\/\/medicinasinc.com\/pl\/sklep\/"},{"@type":"ListItem","position":2,"name":"Kup MDAI Crystal &amp; amp; Proszek"}]},{"@type":"WebSite","@id":"https:\/\/medicinasinc.com\/pl\/#website","url":"https:\/\/medicinasinc.com\/pl\/","name":"Medicinas Inc","description":"Health Medical Clinic","potentialAction":[{"@type":"SearchAction","target":{"@type":"EntryPoint","urlTemplate":"https:\/\/medicinasinc.com\/pl\/?s={search_term_string}"},"query-input":{"@type":"PropertyValueSpecification","valueRequired":true,"valueName":"search_term_string"}}],"inLanguage":"en-US"}]}},"_links":{"self":[{"href":"https:\/\/medicinasinc.com\/pl\/wp-json\/wp\/v2\/product\/5564","targetHints":{"allow":["GET"]}}],"collection":[{"href":"https:\/\/medicinasinc.com\/pl\/wp-json\/wp\/v2\/product"}],"about":[{"href":"https:\/\/medicinasinc.com\/pl\/wp-json\/wp\/v2\/types\/product"}],"replies":[{"embeddable":true,"href":"https:\/\/medicinasinc.com\/pl\/wp-json\/wp\/v2\/comments?post=5564"}],"wp:featuredmedia":[{"embeddable":true,"href":"https:\/\/medicinasinc.com\/pl\/wp-json\/wp\/v2\/media\/5574"}],"wp:attachment":[{"href":"https:\/\/medicinasinc.com\/pl\/wp-json\/wp\/v2\/media?parent=5564"}],"wp:term":[{"taxonomy":"product_brand","embeddable":true,"href":"https:\/\/medicinasinc.com\/pl\/wp-json\/wp\/v2\/product_brand?post=5564"},{"taxonomy":"product_cat","embeddable":true,"href":"https:\/\/medicinasinc.com\/pl\/wp-json\/wp\/v2\/product_cat?post=5564"},{"taxonomy":"product_tag","embeddable":true,"href":"https:\/\/medicinasinc.com\/pl\/wp-json\/wp\/v2\/product_tag?post=5564"}],"curies":[{"name":"wp","href":"https:\/\/api.w.org\/{rel}","templated":true}]}}