{"id":5563,"date":"2022-02-22T01:47:13","date_gmt":"2022-02-22T01:47:13","guid":{"rendered":"https:\/\/medicinasinc.com\/pl\/?post_type=product&#038;p=5563"},"modified":"2022-03-22T00:52:53","modified_gmt":"2022-03-22T00:52:53","slug":"kup-kosc-kosci-sloniowej-fala-sol-do-kapieli","status":"publish","type":"product","link":"https:\/\/medicinasinc.com\/pl\/product\/kup-kosc-kosci-sloniowej-fala-sol-do-kapieli\/","title":{"rendered":"Kup s\u00f3l do k\u0105pieli Wave w kolorze ko\u015bci s\u0142oniowej"},"content":{"rendered":"<p>Sole do k\u0105pieli od Best Global Meds s\u0105 najwy\u017cszej jako\u015bci i sprawi\u0105, \u017ce poczujesz si\u0119 czysty i od\u015bwie\u017cony po relaksuj\u0105cej k\u0105pieli. Poniewa\u017c sprzedajemy wy\u0142\u0105cznie produkty najwy\u017cszej jako\u015bci, mo\u017cesz mie\u0107 pewno\u015b\u0107, \u017ce Tw\u00f3j zakup \u201ekup soli do k\u0105pieli w kolorze ko\u015bci s\u0142oniowej przez Internet\u201d dotrze w idealnym stanie. W rozs\u0105dnych cenach dost\u0119pne s\u0105 r\u00f3wnie\u017c r\u00f3\u017cne rodzaje skoncentrowanych soli do k\u0105pieli w rozs\u0105dnych cenach.<\/p>\n<p>Zapach naszych soli do k\u0105pieli wype\u0142nia pomieszczenie!<\/p>\n<p>Soli do k\u0105pieli Ivory Wave mo\u017cna kupi\u0107 online.<\/p>\n<p>Gdzie mo\u017cna kupi\u0107 sole do k\u0105pieli Ivory Wave przez Internet? Sole do k\u0105pieli Ivory wave mo\u017cna kupi\u0107 online w Chemicals Lab bez \u017cadnego wysi\u0142ku i niezr\u0119czno\u015bci. Za ka\u017cdym razem, gdy kupujesz sole do k\u0105pieli Ivory Wave w naszej aptece internetowej, robimy wszystko, aby zapewni\u0107 najlepsz\u0105 mo\u017cliw\u0105 cen\u0119. Nasz\u0105 misj\u0105 w Best Global Meds jest obni\u017cenie koszt\u00f3w naszych klient\u00f3w przy jednoczesnym zwi\u0119kszeniu otrzymywanej przez nich warto\u015bci.<\/p>\n","protected":false},"excerpt":{"rendered":"<div class=\"woocommerce-product-details__short-description\">\n<p>Czy przep\u0142acasz za sole do k\u0105pieli z fal\u0105 ko\u015bci s\u0142oniowej online? Kup sole do k\u0105pieli ivory wave na sprzeda\u017c w Wielkiej Brytanii, Europie online w Best Global Meds. Poznaj sprzeda\u017c soli do k\u0105pieli z fal\u0105 ko\u015bci s\u0142oniowej<\/p>\n<p>&nbsp;<\/p>\n<\/p><\/div>\n","protected":false},"featured_media":5572,"comment_status":"open","ping_status":"closed","template":"","meta":[],"product_brand":[],"product_cat":[2014],"product_tag":[3082,3086,3092,3090,3081,3088,3089,3091,3087,3085,3083,3084],"class_list":{"0":"post-5563","1":"product","2":"type-product","3":"status-publish","4":"has-post-thumbnail","6":"product_cat-kup-badania-chemikalia","7":"product_tag-buy-lvory-wave-bath-salt","8":"product_tag-lvory-fala-kpiel-efekt-solny","9":"product_tag-gdzie-kupi-sl-do-wanny-koci-soniowej","10":"product_tag-lvory-wave-wanna-solna-sprzeda-hurtowa","11":"product_tag-kup-fala-koci-soniowej-sole-do-kpieli-online","12":"product_tag-lvory-wave-bath-salt-online","13":"product_tag-lvory-wave-bath-salt-order","14":"product_tag-order-ivory-wave-bath-salts-online","15":"product_tag-lvory-fala-wanna-solna-europa","16":"product_tag-lvory-fala-kpiel-sl-kup","17":"product_tag-sole-do-kpieli-z-falami-koci-soniowej","18":"product_tag-ivory-wave-sole-do-sale-do-sprzeday","20":"first","21":"instock","22":"shipping-taxable","23":"purchasable","24":"product-type-variable"},"yoast_head":"<!-- This site is optimized with the Yoast SEO plugin v27.3 - https:\/\/yoast.com\/product\/yoast-seo-wordpress\/ -->\n<title>Kup s\u00f3l do k\u0105pieli Ivory Wave - S\u00f3l do k\u0105pieli Lvory Wave - Best Global Meds<\/title>\n<meta name=\"description\" content=\"Czy przep\u0142acasz za sole do k\u0105pieli z fal\u0105 ko\u015bci s\u0142oniowej online? Kup sole do k\u0105pieli ivory wave na sprzeda\u017c w Wielkiej Brytanii, Europie online w Best Global Meds. Poznaj sprzeda\u017c soli do k\u0105pieli z fal\u0105 ko\u015bci s\u0142oniowej\" \/>\n<meta name=\"robots\" content=\"index, follow, max-snippet:-1, max-image-preview:large, max-video-preview:-1\" \/>\n<link rel=\"canonical\" href=\"https:\/\/medicinasinc.com\/pl\/product\/kup-kosc-kosci-sloniowej-fala-sol-do-kapieli\/\" \/>\n<meta property=\"og:locale\" content=\"en_US\" \/>\n<meta property=\"og:type\" content=\"article\" \/>\n<meta property=\"og:title\" content=\"Kup s\u00f3l do k\u0105pieli Ivory Wave - S\u00f3l do k\u0105pieli Lvory Wave - Best Global Meds\" \/>\n<meta property=\"og:description\" content=\"Czy przep\u0142acasz za sole do k\u0105pieli z fal\u0105 ko\u015bci s\u0142oniowej online? Kup sole do k\u0105pieli ivory wave na sprzeda\u017c w Wielkiej Brytanii, Europie online w Best Global Meds. Poznaj sprzeda\u017c soli do k\u0105pieli z fal\u0105 ko\u015bci s\u0142oniowej\" \/>\n<meta property=\"og:url\" content=\"https:\/\/medicinasinc.com\/pl\/product\/kup-kosc-kosci-sloniowej-fala-sol-do-kapieli\/\" \/>\n<meta property=\"og:site_name\" content=\"Medicinas Inc\" \/>\n<meta property=\"article:modified_time\" content=\"2022-03-22T00:52:53+00:00\" \/>\n<meta property=\"og:image\" content=\"https:\/\/medicinasinc.com\/pl\/wp-content\/uploads\/sites\/13\/2022\/02\/Buy-Lvory-Wave-Bath-Salt.jpg\" \/>\n\t<meta property=\"og:image:width\" content=\"450\" \/>\n\t<meta property=\"og:image:height\" content=\"316\" \/>\n\t<meta property=\"og:image:type\" content=\"image\/jpeg\" \/>\n<meta name=\"twitter:card\" content=\"summary_large_image\" \/>\n<meta name=\"twitter:label1\" content=\"Est. reading time\" \/>\n\t<meta name=\"twitter:data1\" content=\"1 minute\" \/>\n<script type=\"application\/ld+json\" class=\"yoast-schema-graph\">{\"@context\":\"https:\\\/\\\/schema.org\",\"@graph\":[{\"@type\":\"WebPage\",\"@id\":\"https:\\\/\\\/medicinasinc.com\\\/pl\\\/product\\\/kup-kosc-kosci-sloniowej-fala-sol-do-kapieli\\\/\",\"url\":\"https:\\\/\\\/medicinasinc.com\\\/pl\\\/product\\\/kup-kosc-kosci-sloniowej-fala-sol-do-kapieli\\\/\",\"name\":\"Kup s\u00f3l do k\u0105pieli Ivory Wave - S\u00f3l do k\u0105pieli Lvory Wave - Best Global Meds\",\"isPartOf\":{\"@id\":\"https:\\\/\\\/medicinasinc.com\\\/pl\\\/#website\"},\"primaryImageOfPage\":{\"@id\":\"https:\\\/\\\/medicinasinc.com\\\/pl\\\/product\\\/kup-kosc-kosci-sloniowej-fala-sol-do-kapieli\\\/#primaryimage\"},\"image\":{\"@id\":\"https:\\\/\\\/medicinasinc.com\\\/pl\\\/product\\\/kup-kosc-kosci-sloniowej-fala-sol-do-kapieli\\\/#primaryimage\"},\"thumbnailUrl\":\"https:\\\/\\\/medicinasinc.com\\\/pl\\\/wp-content\\\/uploads\\\/sites\\\/13\\\/2022\\\/02\\\/Buy-Lvory-Wave-Bath-Salt.jpg\",\"datePublished\":\"2022-02-22T01:47:13+00:00\",\"dateModified\":\"2022-03-22T00:52:53+00:00\",\"description\":\"Czy przep\u0142acasz za sole do k\u0105pieli z fal\u0105 ko\u015bci s\u0142oniowej online? Kup sole do k\u0105pieli ivory wave na sprzeda\u017c w Wielkiej Brytanii, Europie online w Best Global Meds. Poznaj sprzeda\u017c soli do k\u0105pieli z fal\u0105 ko\u015bci s\u0142oniowej\",\"breadcrumb\":{\"@id\":\"https:\\\/\\\/medicinasinc.com\\\/pl\\\/product\\\/kup-kosc-kosci-sloniowej-fala-sol-do-kapieli\\\/#breadcrumb\"},\"inLanguage\":\"en-US\",\"potentialAction\":[{\"@type\":\"ReadAction\",\"target\":[\"https:\\\/\\\/medicinasinc.com\\\/pl\\\/product\\\/kup-kosc-kosci-sloniowej-fala-sol-do-kapieli\\\/\"]}]},{\"@type\":\"ImageObject\",\"inLanguage\":\"en-US\",\"@id\":\"https:\\\/\\\/medicinasinc.com\\\/pl\\\/product\\\/kup-kosc-kosci-sloniowej-fala-sol-do-kapieli\\\/#primaryimage\",\"url\":\"https:\\\/\\\/medicinasinc.com\\\/pl\\\/wp-content\\\/uploads\\\/sites\\\/13\\\/2022\\\/02\\\/Buy-Lvory-Wave-Bath-Salt.jpg\",\"contentUrl\":\"https:\\\/\\\/medicinasinc.com\\\/pl\\\/wp-content\\\/uploads\\\/sites\\\/13\\\/2022\\\/02\\\/Buy-Lvory-Wave-Bath-Salt.jpg\",\"width\":450,\"height\":316},{\"@type\":\"BreadcrumbList\",\"@id\":\"https:\\\/\\\/medicinasinc.com\\\/pl\\\/product\\\/kup-kosc-kosci-sloniowej-fala-sol-do-kapieli\\\/#breadcrumb\",\"itemListElement\":[{\"@type\":\"ListItem\",\"position\":1,\"name\":\"Sklep\",\"item\":\"https:\\\/\\\/medicinasinc.com\\\/pl\\\/sklep\\\/\"},{\"@type\":\"ListItem\",\"position\":2,\"name\":\"Kup s\u00f3l do k\u0105pieli Wave w kolorze ko\u015bci s\u0142oniowej\"}]},{\"@type\":\"WebSite\",\"@id\":\"https:\\\/\\\/medicinasinc.com\\\/pl\\\/#website\",\"url\":\"https:\\\/\\\/medicinasinc.com\\\/pl\\\/\",\"name\":\"Medicinas Inc\",\"description\":\"Health Medical Clinic\",\"potentialAction\":[{\"@type\":\"SearchAction\",\"target\":{\"@type\":\"EntryPoint\",\"urlTemplate\":\"https:\\\/\\\/medicinasinc.com\\\/pl\\\/?s={search_term_string}\"},\"query-input\":{\"@type\":\"PropertyValueSpecification\",\"valueRequired\":true,\"valueName\":\"search_term_string\"}}],\"inLanguage\":\"en-US\"}]}<\/script>\n<!-- \/ Yoast SEO plugin. -->","yoast_head_json":{"title":"Kup s\u00f3l do k\u0105pieli Ivory Wave - S\u00f3l do k\u0105pieli Lvory Wave - Best Global Meds","description":"Czy przep\u0142acasz za sole do k\u0105pieli z fal\u0105 ko\u015bci s\u0142oniowej online? Kup sole do k\u0105pieli ivory wave na sprzeda\u017c w Wielkiej Brytanii, Europie online w Best Global Meds. Poznaj sprzeda\u017c soli do k\u0105pieli z fal\u0105 ko\u015bci s\u0142oniowej","robots":{"index":"index","follow":"follow","max-snippet":"max-snippet:-1","max-image-preview":"max-image-preview:large","max-video-preview":"max-video-preview:-1"},"canonical":"https:\/\/medicinasinc.com\/pl\/product\/kup-kosc-kosci-sloniowej-fala-sol-do-kapieli\/","og_locale":"en_US","og_type":"article","og_title":"Kup s\u00f3l do k\u0105pieli Ivory Wave - S\u00f3l do k\u0105pieli Lvory Wave - Best Global Meds","og_description":"Czy przep\u0142acasz za sole do k\u0105pieli z fal\u0105 ko\u015bci s\u0142oniowej online? Kup sole do k\u0105pieli ivory wave na sprzeda\u017c w Wielkiej Brytanii, Europie online w Best Global Meds. Poznaj sprzeda\u017c soli do k\u0105pieli z fal\u0105 ko\u015bci s\u0142oniowej","og_url":"https:\/\/medicinasinc.com\/pl\/product\/kup-kosc-kosci-sloniowej-fala-sol-do-kapieli\/","og_site_name":"Medicinas Inc","article_modified_time":"2022-03-22T00:52:53+00:00","og_image":[{"width":450,"height":316,"url":"https:\/\/medicinasinc.com\/pl\/wp-content\/uploads\/sites\/13\/2022\/02\/Buy-Lvory-Wave-Bath-Salt.jpg","type":"image\/jpeg"}],"twitter_card":"summary_large_image","twitter_misc":{"Est. reading time":"1 minute"},"schema":{"@context":"https:\/\/schema.org","@graph":[{"@type":"WebPage","@id":"https:\/\/medicinasinc.com\/pl\/product\/kup-kosc-kosci-sloniowej-fala-sol-do-kapieli\/","url":"https:\/\/medicinasinc.com\/pl\/product\/kup-kosc-kosci-sloniowej-fala-sol-do-kapieli\/","name":"Kup s\u00f3l do k\u0105pieli Ivory Wave - S\u00f3l do k\u0105pieli Lvory Wave - Best Global Meds","isPartOf":{"@id":"https:\/\/medicinasinc.com\/pl\/#website"},"primaryImageOfPage":{"@id":"https:\/\/medicinasinc.com\/pl\/product\/kup-kosc-kosci-sloniowej-fala-sol-do-kapieli\/#primaryimage"},"image":{"@id":"https:\/\/medicinasinc.com\/pl\/product\/kup-kosc-kosci-sloniowej-fala-sol-do-kapieli\/#primaryimage"},"thumbnailUrl":"https:\/\/medicinasinc.com\/pl\/wp-content\/uploads\/sites\/13\/2022\/02\/Buy-Lvory-Wave-Bath-Salt.jpg","datePublished":"2022-02-22T01:47:13+00:00","dateModified":"2022-03-22T00:52:53+00:00","description":"Czy przep\u0142acasz za sole do k\u0105pieli z fal\u0105 ko\u015bci s\u0142oniowej online? Kup sole do k\u0105pieli ivory wave na sprzeda\u017c w Wielkiej Brytanii, Europie online w Best Global Meds. Poznaj sprzeda\u017c soli do k\u0105pieli z fal\u0105 ko\u015bci s\u0142oniowej","breadcrumb":{"@id":"https:\/\/medicinasinc.com\/pl\/product\/kup-kosc-kosci-sloniowej-fala-sol-do-kapieli\/#breadcrumb"},"inLanguage":"en-US","potentialAction":[{"@type":"ReadAction","target":["https:\/\/medicinasinc.com\/pl\/product\/kup-kosc-kosci-sloniowej-fala-sol-do-kapieli\/"]}]},{"@type":"ImageObject","inLanguage":"en-US","@id":"https:\/\/medicinasinc.com\/pl\/product\/kup-kosc-kosci-sloniowej-fala-sol-do-kapieli\/#primaryimage","url":"https:\/\/medicinasinc.com\/pl\/wp-content\/uploads\/sites\/13\/2022\/02\/Buy-Lvory-Wave-Bath-Salt.jpg","contentUrl":"https:\/\/medicinasinc.com\/pl\/wp-content\/uploads\/sites\/13\/2022\/02\/Buy-Lvory-Wave-Bath-Salt.jpg","width":450,"height":316},{"@type":"BreadcrumbList","@id":"https:\/\/medicinasinc.com\/pl\/product\/kup-kosc-kosci-sloniowej-fala-sol-do-kapieli\/#breadcrumb","itemListElement":[{"@type":"ListItem","position":1,"name":"Sklep","item":"https:\/\/medicinasinc.com\/pl\/sklep\/"},{"@type":"ListItem","position":2,"name":"Kup s\u00f3l do k\u0105pieli Wave w kolorze ko\u015bci s\u0142oniowej"}]},{"@type":"WebSite","@id":"https:\/\/medicinasinc.com\/pl\/#website","url":"https:\/\/medicinasinc.com\/pl\/","name":"Medicinas Inc","description":"Health Medical Clinic","potentialAction":[{"@type":"SearchAction","target":{"@type":"EntryPoint","urlTemplate":"https:\/\/medicinasinc.com\/pl\/?s={search_term_string}"},"query-input":{"@type":"PropertyValueSpecification","valueRequired":true,"valueName":"search_term_string"}}],"inLanguage":"en-US"}]}},"_links":{"self":[{"href":"https:\/\/medicinasinc.com\/pl\/wp-json\/wp\/v2\/product\/5563","targetHints":{"allow":["GET"]}}],"collection":[{"href":"https:\/\/medicinasinc.com\/pl\/wp-json\/wp\/v2\/product"}],"about":[{"href":"https:\/\/medicinasinc.com\/pl\/wp-json\/wp\/v2\/types\/product"}],"replies":[{"embeddable":true,"href":"https:\/\/medicinasinc.com\/pl\/wp-json\/wp\/v2\/comments?post=5563"}],"wp:featuredmedia":[{"embeddable":true,"href":"https:\/\/medicinasinc.com\/pl\/wp-json\/wp\/v2\/media\/5572"}],"wp:attachment":[{"href":"https:\/\/medicinasinc.com\/pl\/wp-json\/wp\/v2\/media?parent=5563"}],"wp:term":[{"taxonomy":"product_brand","embeddable":true,"href":"https:\/\/medicinasinc.com\/pl\/wp-json\/wp\/v2\/product_brand?post=5563"},{"taxonomy":"product_cat","embeddable":true,"href":"https:\/\/medicinasinc.com\/pl\/wp-json\/wp\/v2\/product_cat?post=5563"},{"taxonomy":"product_tag","embeddable":true,"href":"https:\/\/medicinasinc.com\/pl\/wp-json\/wp\/v2\/product_tag?post=5563"}],"curies":[{"name":"wp","href":"https:\/\/api.w.org\/{rel}","templated":true}]}}