{"id":5549,"date":"2022-02-22T01:34:03","date_gmt":"2022-02-22T01:34:03","guid":{"rendered":"https:\/\/medicinasinc.com\/pl\/?post_type=product&#038;p=5549"},"modified":"2022-03-22T00:53:02","modified_gmt":"2022-03-22T00:53:02","slug":"kup-jwh-210-chemiczny-proszek","status":"publish","type":"product","link":"https:\/\/medicinasinc.com\/pl\/product\/kup-jwh-210-chemiczny-proszek\/","title":{"rendered":"Kup proszek chemiczny JWH-210"},"content":{"rendered":"<p>Proszek chemiczny JWH-210 mo\u017cna kupi\u0107 online.<\/p>\n<p>Kupuj proszek chemiczny JWH-210 w Internecie. Jednym z najcz\u0119\u015bciej stosowanych lek\u00f3w przeciwdepresyjnych w Stanach Zjednoczonych jest JWH-210. Kannabinoid ma silne dzia\u0142anie.<\/p>\n<p>Online WH-210 w proszku<\/p>\n<p>W celu z\u0142agodzenia b\u00f3lu, JWH-210 w proszku z rodziny naftoilindol dzia\u0142a jako agonista kannabinoid\u00f3w zar\u00f3wno na receptorach CB1, jak i CB2. , z warto\u015bci\u0105 Ki 0,46 nM dla CB1 i 0,69 nM dla CB2. Jako 4-podstawiona pochodna naftoilu ma silniejsze powinowactwo wi\u0105zania (tj. ni\u017csze Ki) przy CB1 ni\u017c zar\u00f3wno jej homologi 4-metylowe, jak i 4-N-propylowe, JWH-122 (CB1 Ki 0,69 nM), a tak\u017ce JWH-182 (CB1 Ki 0,65 nM) oraz 4-metoksy cz\u0105steczka JWH-081 (CB1 Ki 1,2 nM). John W. Huffman, kt\u00f3ry dokona\u0142 odkrycia, zosta\u0142 uhonorowany zaszczytem nazwania jego znaleziska jego imieniem.<\/p>\n<p>W organizmie wyst\u0119puj\u0105 dwa typy receptor\u00f3w kannabinoidowych: CB1 i CB2. JWH-210 dzia\u0142a przeciwb\u00f3lowo i dzia\u0142a jako agonista w obu przypadkach. Ki CB1 wynosi 0,46 nM, a Ki CB2 0,69 nM. Silna 4-podstawiona pochodna naftoilu z serii naftoiloindolu, ma wy\u017csze powinowactwo do wi\u0105zania CB1 ni\u017c JWH-122, JWH-182 i JWH-081 syntetycznych kannabinoid\u00f3w pierwszej generacji (1).<\/p>\n<p> Szlaki metaboliczne: JWH-210 ma kilka znanych metabolit\u00f3w, w tym metabolit kwasu N-pentanowego (wykrywalny w moczu), metabolit N-(4-hydroksypentylowy) (wykrywalny w moczu i surowicy), metabolit N-(5-hydroksypentylowy) (wykrywalny w moczu i surowicy) oraz metabolit 5-hydroksyindolowy (wykrywalny w moczu i surowicy) (wykrywalny w moczu i surowicy). Stwierdzono r\u00f3wnie\u017c, \u017ce pier\u015bcie\u0144 naftoilowy zosta\u0142 hydroksylowany (2).<\/p>\n<p>Po rozpyleniu na ro\u015bliny JWH-210 ma takie same efekty i toksyczno\u015b\u0107 jak marihuana, wed\u0142ug u\u017cytkownik\u00f3w. W ci\u0105gu 2-5 minut od wstrzykni\u0119cia efekty zaczynaj\u0105 by\u0107 odczuwalne. Niewiele wiadomo o skutkach samego JWH-210, jednak syntetyczne kannabinoidy cz\u0119sto powoduj\u0105 zmiany nastroju i percepcji, ataki paniki i pobudzenie, haj podobny do marihuany oraz niewielkie efekty halucynogenne (wzrokowe i s\u0142uchowe).<\/p>\n","protected":false},"excerpt":{"rendered":"<p>Kup proszek chemiczny JWH-210 na sprzeda\u017c online w Wielkiej Brytanii, Europie, UE. JWH-210 Chemical Powder to \u015brodek przeciwb\u00f3lowy z rodziny naftoilindol\u00f3w. <\/p>\n<h3 class=\"product_title\"> Proszek JWH-210 online kup oryginalny JWH-210 99% czysto\u015bci <\/h3>\n","protected":false},"featured_media":5560,"comment_status":"open","ping_status":"closed","template":"","meta":[],"product_brand":[],"product_cat":[2014],"product_tag":[3072,3073,3034,3074,3075,3079,3080,3076,3047,3070,3078,3071,3077],"class_list":{"0":"post-5549","1":"product","2":"type-product","3":"status-publish","4":"has-post-thumbnail","6":"product_cat-kup-badania-chemikalia","7":"product_tag-buy-jwh-210-uk","8":"product_tag-buy-jwh-210-usa","9":"product_tag-jwh-018","10":"product_tag-jwh-210-buy","11":"product_tag-jwh-210-dawkowanie","12":"product_tag-jwh-210-reddit","13":"product_tag-jwh-210-review","14":"product_tag-jwh-210-legal-status-us","15":"product_tag-jwh-250","16":"product_tag-kup-jwh-210","17":"product_tag-jwh-210-psychonaut","18":"product_tag-kup-jwh-210-europe","19":"product_tag-jwh-210-zam-c3-b3wienie","21":"first","22":"instock","23":"shipping-taxable","24":"purchasable","25":"product-type-variable","26":"has-default-attributes"},"yoast_head":"<!-- This site is optimized with the Yoast SEO plugin v27.3 - https:\/\/yoast.com\/product\/yoast-seo-wordpress\/ -->\n<title>Kup proszek chemiczny JWH-210 - najlepsze globalne leki<\/title>\n<meta name=\"description\" content=\"Kup proszek chemiczny JWH-210 na sprzeda\u017c online w Wielkiej Brytanii, Europie. JWH-210 Chemical Powder to \u015brodek przeciwb\u00f3lowy z rodziny naftoilindol\u00f3w.\" \/>\n<meta name=\"robots\" content=\"index, follow, max-snippet:-1, max-image-preview:large, max-video-preview:-1\" \/>\n<link rel=\"canonical\" href=\"https:\/\/medicinasinc.com\/pl\/product\/kup-jwh-210-chemiczny-proszek\/\" \/>\n<meta property=\"og:locale\" content=\"en_US\" \/>\n<meta property=\"og:type\" content=\"article\" \/>\n<meta property=\"og:title\" content=\"Kup proszek chemiczny JWH-210 - najlepsze globalne leki\" \/>\n<meta property=\"og:description\" content=\"Kup proszek chemiczny JWH-210 na sprzeda\u017c online w Wielkiej Brytanii, Europie. JWH-210 Chemical Powder to \u015brodek przeciwb\u00f3lowy z rodziny naftoilindol\u00f3w.\" \/>\n<meta property=\"og:url\" content=\"https:\/\/medicinasinc.com\/pl\/product\/kup-jwh-210-chemiczny-proszek\/\" \/>\n<meta property=\"og:site_name\" content=\"Medicinas Inc\" \/>\n<meta property=\"article:modified_time\" content=\"2022-03-22T00:53:02+00:00\" \/>\n<meta property=\"og:image\" content=\"https:\/\/medicinasinc.com\/pl\/wp-content\/uploads\/sites\/13\/2022\/02\/Buy-JWH-210-Chemical-Powder-Online.jpg\" \/>\n\t<meta property=\"og:image:width\" content=\"600\" \/>\n\t<meta property=\"og:image:height\" content=\"600\" \/>\n\t<meta property=\"og:image:type\" content=\"image\/jpeg\" \/>\n<meta name=\"twitter:card\" content=\"summary_large_image\" \/>\n<meta name=\"twitter:label1\" content=\"Est. reading time\" \/>\n\t<meta name=\"twitter:data1\" content=\"2 minutes\" \/>\n<script type=\"application\/ld+json\" class=\"yoast-schema-graph\">{\"@context\":\"https:\\\/\\\/schema.org\",\"@graph\":[{\"@type\":\"WebPage\",\"@id\":\"https:\\\/\\\/medicinasinc.com\\\/pl\\\/product\\\/kup-jwh-210-chemiczny-proszek\\\/\",\"url\":\"https:\\\/\\\/medicinasinc.com\\\/pl\\\/product\\\/kup-jwh-210-chemiczny-proszek\\\/\",\"name\":\"Kup proszek chemiczny JWH-210 - najlepsze globalne leki\",\"isPartOf\":{\"@id\":\"https:\\\/\\\/medicinasinc.com\\\/pl\\\/#website\"},\"primaryImageOfPage\":{\"@id\":\"https:\\\/\\\/medicinasinc.com\\\/pl\\\/product\\\/kup-jwh-210-chemiczny-proszek\\\/#primaryimage\"},\"image\":{\"@id\":\"https:\\\/\\\/medicinasinc.com\\\/pl\\\/product\\\/kup-jwh-210-chemiczny-proszek\\\/#primaryimage\"},\"thumbnailUrl\":\"https:\\\/\\\/medicinasinc.com\\\/pl\\\/wp-content\\\/uploads\\\/sites\\\/13\\\/2022\\\/02\\\/Buy-JWH-210-Chemical-Powder-Online.jpg\",\"datePublished\":\"2022-02-22T01:34:03+00:00\",\"dateModified\":\"2022-03-22T00:53:02+00:00\",\"description\":\"Kup proszek chemiczny JWH-210 na sprzeda\u017c online w Wielkiej Brytanii, Europie. JWH-210 Chemical Powder to \u015brodek przeciwb\u00f3lowy z rodziny naftoilindol\u00f3w.\",\"breadcrumb\":{\"@id\":\"https:\\\/\\\/medicinasinc.com\\\/pl\\\/product\\\/kup-jwh-210-chemiczny-proszek\\\/#breadcrumb\"},\"inLanguage\":\"en-US\",\"potentialAction\":[{\"@type\":\"ReadAction\",\"target\":[\"https:\\\/\\\/medicinasinc.com\\\/pl\\\/product\\\/kup-jwh-210-chemiczny-proszek\\\/\"]}]},{\"@type\":\"ImageObject\",\"inLanguage\":\"en-US\",\"@id\":\"https:\\\/\\\/medicinasinc.com\\\/pl\\\/product\\\/kup-jwh-210-chemiczny-proszek\\\/#primaryimage\",\"url\":\"https:\\\/\\\/medicinasinc.com\\\/pl\\\/wp-content\\\/uploads\\\/sites\\\/13\\\/2022\\\/02\\\/Buy-JWH-210-Chemical-Powder-Online.jpg\",\"contentUrl\":\"https:\\\/\\\/medicinasinc.com\\\/pl\\\/wp-content\\\/uploads\\\/sites\\\/13\\\/2022\\\/02\\\/Buy-JWH-210-Chemical-Powder-Online.jpg\",\"width\":600,\"height\":600},{\"@type\":\"BreadcrumbList\",\"@id\":\"https:\\\/\\\/medicinasinc.com\\\/pl\\\/product\\\/kup-jwh-210-chemiczny-proszek\\\/#breadcrumb\",\"itemListElement\":[{\"@type\":\"ListItem\",\"position\":1,\"name\":\"Sklep\",\"item\":\"https:\\\/\\\/medicinasinc.com\\\/pl\\\/sklep\\\/\"},{\"@type\":\"ListItem\",\"position\":2,\"name\":\"Kup proszek chemiczny JWH-210\"}]},{\"@type\":\"WebSite\",\"@id\":\"https:\\\/\\\/medicinasinc.com\\\/pl\\\/#website\",\"url\":\"https:\\\/\\\/medicinasinc.com\\\/pl\\\/\",\"name\":\"Medicinas Inc\",\"description\":\"Health Medical Clinic\",\"potentialAction\":[{\"@type\":\"SearchAction\",\"target\":{\"@type\":\"EntryPoint\",\"urlTemplate\":\"https:\\\/\\\/medicinasinc.com\\\/pl\\\/?s={search_term_string}\"},\"query-input\":{\"@type\":\"PropertyValueSpecification\",\"valueRequired\":true,\"valueName\":\"search_term_string\"}}],\"inLanguage\":\"en-US\"}]}<\/script>\n<!-- \/ Yoast SEO plugin. -->","yoast_head_json":{"title":"Kup proszek chemiczny JWH-210 - najlepsze globalne leki","description":"Kup proszek chemiczny JWH-210 na sprzeda\u017c online w Wielkiej Brytanii, Europie. JWH-210 Chemical Powder to \u015brodek przeciwb\u00f3lowy z rodziny naftoilindol\u00f3w.","robots":{"index":"index","follow":"follow","max-snippet":"max-snippet:-1","max-image-preview":"max-image-preview:large","max-video-preview":"max-video-preview:-1"},"canonical":"https:\/\/medicinasinc.com\/pl\/product\/kup-jwh-210-chemiczny-proszek\/","og_locale":"en_US","og_type":"article","og_title":"Kup proszek chemiczny JWH-210 - najlepsze globalne leki","og_description":"Kup proszek chemiczny JWH-210 na sprzeda\u017c online w Wielkiej Brytanii, Europie. JWH-210 Chemical Powder to \u015brodek przeciwb\u00f3lowy z rodziny naftoilindol\u00f3w.","og_url":"https:\/\/medicinasinc.com\/pl\/product\/kup-jwh-210-chemiczny-proszek\/","og_site_name":"Medicinas Inc","article_modified_time":"2022-03-22T00:53:02+00:00","og_image":[{"width":600,"height":600,"url":"https:\/\/medicinasinc.com\/pl\/wp-content\/uploads\/sites\/13\/2022\/02\/Buy-JWH-210-Chemical-Powder-Online.jpg","type":"image\/jpeg"}],"twitter_card":"summary_large_image","twitter_misc":{"Est. reading time":"2 minutes"},"schema":{"@context":"https:\/\/schema.org","@graph":[{"@type":"WebPage","@id":"https:\/\/medicinasinc.com\/pl\/product\/kup-jwh-210-chemiczny-proszek\/","url":"https:\/\/medicinasinc.com\/pl\/product\/kup-jwh-210-chemiczny-proszek\/","name":"Kup proszek chemiczny JWH-210 - najlepsze globalne leki","isPartOf":{"@id":"https:\/\/medicinasinc.com\/pl\/#website"},"primaryImageOfPage":{"@id":"https:\/\/medicinasinc.com\/pl\/product\/kup-jwh-210-chemiczny-proszek\/#primaryimage"},"image":{"@id":"https:\/\/medicinasinc.com\/pl\/product\/kup-jwh-210-chemiczny-proszek\/#primaryimage"},"thumbnailUrl":"https:\/\/medicinasinc.com\/pl\/wp-content\/uploads\/sites\/13\/2022\/02\/Buy-JWH-210-Chemical-Powder-Online.jpg","datePublished":"2022-02-22T01:34:03+00:00","dateModified":"2022-03-22T00:53:02+00:00","description":"Kup proszek chemiczny JWH-210 na sprzeda\u017c online w Wielkiej Brytanii, Europie. JWH-210 Chemical Powder to \u015brodek przeciwb\u00f3lowy z rodziny naftoilindol\u00f3w.","breadcrumb":{"@id":"https:\/\/medicinasinc.com\/pl\/product\/kup-jwh-210-chemiczny-proszek\/#breadcrumb"},"inLanguage":"en-US","potentialAction":[{"@type":"ReadAction","target":["https:\/\/medicinasinc.com\/pl\/product\/kup-jwh-210-chemiczny-proszek\/"]}]},{"@type":"ImageObject","inLanguage":"en-US","@id":"https:\/\/medicinasinc.com\/pl\/product\/kup-jwh-210-chemiczny-proszek\/#primaryimage","url":"https:\/\/medicinasinc.com\/pl\/wp-content\/uploads\/sites\/13\/2022\/02\/Buy-JWH-210-Chemical-Powder-Online.jpg","contentUrl":"https:\/\/medicinasinc.com\/pl\/wp-content\/uploads\/sites\/13\/2022\/02\/Buy-JWH-210-Chemical-Powder-Online.jpg","width":600,"height":600},{"@type":"BreadcrumbList","@id":"https:\/\/medicinasinc.com\/pl\/product\/kup-jwh-210-chemiczny-proszek\/#breadcrumb","itemListElement":[{"@type":"ListItem","position":1,"name":"Sklep","item":"https:\/\/medicinasinc.com\/pl\/sklep\/"},{"@type":"ListItem","position":2,"name":"Kup proszek chemiczny JWH-210"}]},{"@type":"WebSite","@id":"https:\/\/medicinasinc.com\/pl\/#website","url":"https:\/\/medicinasinc.com\/pl\/","name":"Medicinas Inc","description":"Health Medical Clinic","potentialAction":[{"@type":"SearchAction","target":{"@type":"EntryPoint","urlTemplate":"https:\/\/medicinasinc.com\/pl\/?s={search_term_string}"},"query-input":{"@type":"PropertyValueSpecification","valueRequired":true,"valueName":"search_term_string"}}],"inLanguage":"en-US"}]}},"_links":{"self":[{"href":"https:\/\/medicinasinc.com\/pl\/wp-json\/wp\/v2\/product\/5549","targetHints":{"allow":["GET"]}}],"collection":[{"href":"https:\/\/medicinasinc.com\/pl\/wp-json\/wp\/v2\/product"}],"about":[{"href":"https:\/\/medicinasinc.com\/pl\/wp-json\/wp\/v2\/types\/product"}],"replies":[{"embeddable":true,"href":"https:\/\/medicinasinc.com\/pl\/wp-json\/wp\/v2\/comments?post=5549"}],"wp:featuredmedia":[{"embeddable":true,"href":"https:\/\/medicinasinc.com\/pl\/wp-json\/wp\/v2\/media\/5560"}],"wp:attachment":[{"href":"https:\/\/medicinasinc.com\/pl\/wp-json\/wp\/v2\/media?parent=5549"}],"wp:term":[{"taxonomy":"product_brand","embeddable":true,"href":"https:\/\/medicinasinc.com\/pl\/wp-json\/wp\/v2\/product_brand?post=5549"},{"taxonomy":"product_cat","embeddable":true,"href":"https:\/\/medicinasinc.com\/pl\/wp-json\/wp\/v2\/product_cat?post=5549"},{"taxonomy":"product_tag","embeddable":true,"href":"https:\/\/medicinasinc.com\/pl\/wp-json\/wp\/v2\/product_tag?post=5549"}],"curies":[{"name":"wp","href":"https:\/\/api.w.org\/{rel}","templated":true}]}}