{"id":5548,"date":"2022-02-22T01:32:32","date_gmt":"2022-02-22T01:32:32","guid":{"rendered":"https:\/\/medicinasinc.com\/pl\/?post_type=product&#038;p=5548"},"modified":"2022-03-22T00:53:14","modified_gmt":"2022-03-22T00:53:14","slug":"kup-jwh-018-chemiczny","status":"publish","type":"product","link":"https:\/\/medicinasinc.com\/pl\/product\/kup-jwh-018-chemiczny\/","title":{"rendered":"Kup JWH-018 Chemical"},"content":{"rendered":"<p>Proszek JWH-018 mo\u017cna kupi\u0107 za pomoc\u0105 western union\/MoneyGram lub bitcoin\u00f3w tutaj, na naszej stronie. Gwarantuje czysto\u015b\u0107 co najmniej 99,8 procent. Ka\u017cda partia naszych chemicznych substancji badawczych mo\u017ce by\u0107 dostarczona z certyfikatem analizy (COA).<\/p>\n<p>Jeden gram JWH-018 w ka\u017cdej jednostce zam\u00f3wienia zawiera co najmniej 99,8% czystego JWH-018.<\/p>\n<p>W sprzeda\u017cy jest spray JWH 018.<\/p>\n<p>Zanim przejdziemy do JWH-018, chcieliby\u015bmy przedstawi\u0107 kr\u00f3tkie wprowadzenie do CBD.<br \/> Wed\u0142ug US Public Library of Medicine, CBD, skr\u00f3t od cannabidiol, to syntetyczna substancja chemiczna pochodz\u0105ca z ro\u015bliny Cannabis sativa, czasami znana jako konopie indyjskie lub pomoc.<br \/> W produktach takich jak oleje i artyku\u0142y spo\u017cywcze s\u0142u\u017cy do wywo\u0142ania poczucia spokoju i relaksu. Podobnie jak jego kuzyn, THC (delta-9-tetrahydrokannabinoidy), CBD nie ma psychotropowego wp\u0142ywu na organizm.<br \/> Domowa mieszanka Zest \u201eZest\u201d zawiera zmodyfikowany kannabinoid znany jako JWH-018. Ze wzgl\u0119du na podobne dzia\u0142anie odurzaj\u0105ce jak 9-THC, ten kannabinoid Zest jest u\u017cywany nielegalnie. Chocia\u017c JWH-018 jest zauwa\u017calnie silniejszy ni\u017c r\u00f3wnowa\u017cne pomiary konopi indyjskich, stanowi r\u00f3wnie\u017c ogromne wyzwanie dla wykrywania przez standardowe badania testowe 9-THC. JWH-018<br \/> JWH-018 zosta\u0142 dodany do listy lek\u00f3w i syntetyk\u00f3w troski DEA w lipcu 2009 roku. Niekt\u00f3re jurysdykcje podj\u0119\u0142y dzia\u0142ania w celu zakazania sprzeda\u017cy lub posiadania Flavour (JWH-018), w tym Alabama, Arkansas , Georgia, Kansas, Kentucky, P\u00f3\u0142nocna Dakota i Tennessee, pomimo doniesie\u0144 o po\u0142owach Flavour w Ohio i na Florydzie.<br \/> Je\u015bli chodzi o spray jwh-018, trafi\u0142e\u015b na w\u0142a\u015bciwe miejsce, je\u015bli chcesz tego, co najlepsze. Towary wysokiej jako\u015bci wysy\u0142amy w du\u017cych ilo\u015bciach na ca\u0142y \u015bwiat. Spray jwh-018 mo\u017ce by\u0107 Tw\u00f3j w ci\u0105gu najbli\u017cszych pi\u0119ciu dni roboczych, je\u015bli zam\u00f3wisz teraz. Zakup online jwh-018.<\/p>\n","protected":false},"excerpt":{"rendered":"<div class=\"woocommerce-product-details__short-description\">\n<p>Mamy na sprzeda\u017c JWH-018 na naszej stronie internetowej. Nigdy wcze\u015bniej nie widziane wydatki. Wersja Best JWH-018 Essence w sprayu i proszku jest ju\u017c dost\u0119pna w sprzeda\u017cy. Bestglobalmeds.com to miejsce, w kt\u00f3rym mo\u017cna kupi\u0107 JWH-018 online.<\/p>\n<p>Kup JWH-018 od renomowanego sprzedawcy online. Chcesz kupi\u0107 wysokiej jako\u015bci jwh-018 za nisk\u0105 cen\u0119. Zam\u00f3w u nas i do\u0142\u0105cz do grona zadowolonych klient\u00f3w.<\/p>\n<p>JWH-018<\/p>\n<p>Produkt jest fabrycznie nowy.<\/p>\n<p>Kup JWH-018<\/p>\n<p>Substancja czynna:<br \/> Aktywna po:<br \/> Czas aktywno\u015bci:<br \/> Jedna jednostka zam\u00f3wienia:<\/p>\n<p>JWH-018<br \/> 20-30 min. po u\u017cyciu<br \/> 4-5 godzin<br \/> 1g min 99<\/p>\n<\/p><\/div>\n","protected":false},"featured_media":5558,"comment_status":"open","ping_status":"closed","template":"","meta":[],"product_brand":[],"product_cat":[2014],"product_tag":[3050,3051,3052,3061,3064,3053,3054,3055,3060,3056,3058,3057,3062,3063,3065,3066,3068,3069,3067,3059],"class_list":{"0":"post-5548","1":"product","2":"type-product","3":"status-publish","4":"has-post-thumbnail","6":"product_cat-kup-badania-chemikalia","7":"product_tag-buy-jwh-018","8":"product_tag-buy-jwh-018-chemical","9":"product_tag-buy-jwh-018-powder","10":"product_tag-jwh-018-cena","11":"product_tag-jwh-018-sprzeda-c5-bc","12":"product_tag-how-to-make-jwh-018-spray","13":"product_tag-jwh-proszek","14":"product_tag-jwh-018-alternatywa","15":"product_tag-jwh-018-proszek-cena","16":"product_tag-jwh-018-kup","17":"product_tag-jwh-018-online-buy","18":"product_tag-jwh-018-na-sprzeda","19":"product_tag-jwh-018-reddit","20":"product_tag-jwh-018-review","21":"product_tag-jwh-018-spray-na-sprzeda-uk","22":"product_tag-jwh-018-walmart","23":"product_tag-jwh-250-spray","24":"product_tag-produkty-zawierajce-jwh-018","25":"product_tag-jwh-018-sprzeda-hurtowa","26":"product_tag-jwh-018-zam-c3-b3wienie","28":"first","29":"instock","30":"shipping-taxable","31":"purchasable","32":"product-type-variable","33":"has-default-attributes"},"yoast_head":"<!-- This site is optimized with the Yoast SEO plugin v27.3 - https:\/\/yoast.com\/product\/yoast-seo-wordpress\/ -->\n<title>Kup JWH-018 Chemical - JWH-018 Chemical Online - Najlepsze globalne leki<\/title>\n<meta name=\"description\" content=\"Kup JWH-018 Chemical Powder UK, Zjednoczone Emiraty Arabskie, Europa, Chiny w naszym sklepie internetowym Bestglobalmeds.com z szybk\u0105 dostaw\u0105 na ca\u0142y \u015bwiat! Najlepszy JWH-018 do zam\u00f3wienia znajdziesz tutaj!\" \/>\n<meta name=\"robots\" content=\"index, follow, max-snippet:-1, max-image-preview:large, max-video-preview:-1\" \/>\n<link rel=\"canonical\" href=\"https:\/\/medicinasinc.com\/pl\/product\/kup-jwh-018-chemiczny\/\" \/>\n<meta property=\"og:locale\" content=\"en_US\" \/>\n<meta property=\"og:type\" content=\"article\" \/>\n<meta property=\"og:title\" content=\"Kup JWH-018 Chemical - JWH-018 Chemical Online - Najlepsze globalne leki\" \/>\n<meta property=\"og:description\" content=\"Kup JWH-018 Chemical Powder UK, Zjednoczone Emiraty Arabskie, Europa, Chiny w naszym sklepie internetowym Bestglobalmeds.com z szybk\u0105 dostaw\u0105 na ca\u0142y \u015bwiat! Najlepszy JWH-018 do zam\u00f3wienia znajdziesz tutaj!\" \/>\n<meta property=\"og:url\" content=\"https:\/\/medicinasinc.com\/pl\/product\/kup-jwh-018-chemiczny\/\" \/>\n<meta property=\"og:site_name\" content=\"Medicinas Inc\" \/>\n<meta property=\"article:modified_time\" content=\"2022-03-22T00:53:14+00:00\" \/>\n<meta property=\"og:image\" content=\"https:\/\/medicinasinc.com\/pl\/wp-content\/uploads\/sites\/13\/2022\/02\/Buy-JWH-018-Chemical.jpg\" \/>\n\t<meta property=\"og:image:width\" content=\"593\" \/>\n\t<meta property=\"og:image:height\" content=\"400\" \/>\n\t<meta property=\"og:image:type\" content=\"image\/jpeg\" \/>\n<meta name=\"twitter:card\" content=\"summary_large_image\" \/>\n<meta name=\"twitter:label1\" content=\"Est. reading time\" \/>\n\t<meta name=\"twitter:data1\" content=\"2 minutes\" \/>\n<script type=\"application\/ld+json\" class=\"yoast-schema-graph\">{\"@context\":\"https:\\\/\\\/schema.org\",\"@graph\":[{\"@type\":\"WebPage\",\"@id\":\"https:\\\/\\\/medicinasinc.com\\\/pl\\\/product\\\/kup-jwh-018-chemiczny\\\/\",\"url\":\"https:\\\/\\\/medicinasinc.com\\\/pl\\\/product\\\/kup-jwh-018-chemiczny\\\/\",\"name\":\"Kup JWH-018 Chemical - JWH-018 Chemical Online - Najlepsze globalne leki\",\"isPartOf\":{\"@id\":\"https:\\\/\\\/medicinasinc.com\\\/pl\\\/#website\"},\"primaryImageOfPage\":{\"@id\":\"https:\\\/\\\/medicinasinc.com\\\/pl\\\/product\\\/kup-jwh-018-chemiczny\\\/#primaryimage\"},\"image\":{\"@id\":\"https:\\\/\\\/medicinasinc.com\\\/pl\\\/product\\\/kup-jwh-018-chemiczny\\\/#primaryimage\"},\"thumbnailUrl\":\"https:\\\/\\\/medicinasinc.com\\\/pl\\\/wp-content\\\/uploads\\\/sites\\\/13\\\/2022\\\/02\\\/Buy-JWH-018-Chemical.jpg\",\"datePublished\":\"2022-02-22T01:32:32+00:00\",\"dateModified\":\"2022-03-22T00:53:14+00:00\",\"description\":\"Kup JWH-018 Chemical Powder UK, Zjednoczone Emiraty Arabskie, Europa, Chiny w naszym sklepie internetowym Bestglobalmeds.com z szybk\u0105 dostaw\u0105 na ca\u0142y \u015bwiat! Najlepszy JWH-018 do zam\u00f3wienia znajdziesz tutaj!\",\"breadcrumb\":{\"@id\":\"https:\\\/\\\/medicinasinc.com\\\/pl\\\/product\\\/kup-jwh-018-chemiczny\\\/#breadcrumb\"},\"inLanguage\":\"en-US\",\"potentialAction\":[{\"@type\":\"ReadAction\",\"target\":[\"https:\\\/\\\/medicinasinc.com\\\/pl\\\/product\\\/kup-jwh-018-chemiczny\\\/\"]}]},{\"@type\":\"ImageObject\",\"inLanguage\":\"en-US\",\"@id\":\"https:\\\/\\\/medicinasinc.com\\\/pl\\\/product\\\/kup-jwh-018-chemiczny\\\/#primaryimage\",\"url\":\"https:\\\/\\\/medicinasinc.com\\\/pl\\\/wp-content\\\/uploads\\\/sites\\\/13\\\/2022\\\/02\\\/Buy-JWH-018-Chemical.jpg\",\"contentUrl\":\"https:\\\/\\\/medicinasinc.com\\\/pl\\\/wp-content\\\/uploads\\\/sites\\\/13\\\/2022\\\/02\\\/Buy-JWH-018-Chemical.jpg\",\"width\":593,\"height\":400},{\"@type\":\"BreadcrumbList\",\"@id\":\"https:\\\/\\\/medicinasinc.com\\\/pl\\\/product\\\/kup-jwh-018-chemiczny\\\/#breadcrumb\",\"itemListElement\":[{\"@type\":\"ListItem\",\"position\":1,\"name\":\"Sklep\",\"item\":\"https:\\\/\\\/medicinasinc.com\\\/pl\\\/sklep\\\/\"},{\"@type\":\"ListItem\",\"position\":2,\"name\":\"Kup JWH-018 Chemical\"}]},{\"@type\":\"WebSite\",\"@id\":\"https:\\\/\\\/medicinasinc.com\\\/pl\\\/#website\",\"url\":\"https:\\\/\\\/medicinasinc.com\\\/pl\\\/\",\"name\":\"Medicinas Inc\",\"description\":\"Health Medical Clinic\",\"potentialAction\":[{\"@type\":\"SearchAction\",\"target\":{\"@type\":\"EntryPoint\",\"urlTemplate\":\"https:\\\/\\\/medicinasinc.com\\\/pl\\\/?s={search_term_string}\"},\"query-input\":{\"@type\":\"PropertyValueSpecification\",\"valueRequired\":true,\"valueName\":\"search_term_string\"}}],\"inLanguage\":\"en-US\"}]}<\/script>\n<!-- \/ Yoast SEO plugin. -->","yoast_head_json":{"title":"Kup JWH-018 Chemical - JWH-018 Chemical Online - Najlepsze globalne leki","description":"Kup JWH-018 Chemical Powder UK, Zjednoczone Emiraty Arabskie, Europa, Chiny w naszym sklepie internetowym Bestglobalmeds.com z szybk\u0105 dostaw\u0105 na ca\u0142y \u015bwiat! Najlepszy JWH-018 do zam\u00f3wienia znajdziesz tutaj!","robots":{"index":"index","follow":"follow","max-snippet":"max-snippet:-1","max-image-preview":"max-image-preview:large","max-video-preview":"max-video-preview:-1"},"canonical":"https:\/\/medicinasinc.com\/pl\/product\/kup-jwh-018-chemiczny\/","og_locale":"en_US","og_type":"article","og_title":"Kup JWH-018 Chemical - JWH-018 Chemical Online - Najlepsze globalne leki","og_description":"Kup JWH-018 Chemical Powder UK, Zjednoczone Emiraty Arabskie, Europa, Chiny w naszym sklepie internetowym Bestglobalmeds.com z szybk\u0105 dostaw\u0105 na ca\u0142y \u015bwiat! Najlepszy JWH-018 do zam\u00f3wienia znajdziesz tutaj!","og_url":"https:\/\/medicinasinc.com\/pl\/product\/kup-jwh-018-chemiczny\/","og_site_name":"Medicinas Inc","article_modified_time":"2022-03-22T00:53:14+00:00","og_image":[{"width":593,"height":400,"url":"https:\/\/medicinasinc.com\/pl\/wp-content\/uploads\/sites\/13\/2022\/02\/Buy-JWH-018-Chemical.jpg","type":"image\/jpeg"}],"twitter_card":"summary_large_image","twitter_misc":{"Est. reading time":"2 minutes"},"schema":{"@context":"https:\/\/schema.org","@graph":[{"@type":"WebPage","@id":"https:\/\/medicinasinc.com\/pl\/product\/kup-jwh-018-chemiczny\/","url":"https:\/\/medicinasinc.com\/pl\/product\/kup-jwh-018-chemiczny\/","name":"Kup JWH-018 Chemical - JWH-018 Chemical Online - Najlepsze globalne leki","isPartOf":{"@id":"https:\/\/medicinasinc.com\/pl\/#website"},"primaryImageOfPage":{"@id":"https:\/\/medicinasinc.com\/pl\/product\/kup-jwh-018-chemiczny\/#primaryimage"},"image":{"@id":"https:\/\/medicinasinc.com\/pl\/product\/kup-jwh-018-chemiczny\/#primaryimage"},"thumbnailUrl":"https:\/\/medicinasinc.com\/pl\/wp-content\/uploads\/sites\/13\/2022\/02\/Buy-JWH-018-Chemical.jpg","datePublished":"2022-02-22T01:32:32+00:00","dateModified":"2022-03-22T00:53:14+00:00","description":"Kup JWH-018 Chemical Powder UK, Zjednoczone Emiraty Arabskie, Europa, Chiny w naszym sklepie internetowym Bestglobalmeds.com z szybk\u0105 dostaw\u0105 na ca\u0142y \u015bwiat! Najlepszy JWH-018 do zam\u00f3wienia znajdziesz tutaj!","breadcrumb":{"@id":"https:\/\/medicinasinc.com\/pl\/product\/kup-jwh-018-chemiczny\/#breadcrumb"},"inLanguage":"en-US","potentialAction":[{"@type":"ReadAction","target":["https:\/\/medicinasinc.com\/pl\/product\/kup-jwh-018-chemiczny\/"]}]},{"@type":"ImageObject","inLanguage":"en-US","@id":"https:\/\/medicinasinc.com\/pl\/product\/kup-jwh-018-chemiczny\/#primaryimage","url":"https:\/\/medicinasinc.com\/pl\/wp-content\/uploads\/sites\/13\/2022\/02\/Buy-JWH-018-Chemical.jpg","contentUrl":"https:\/\/medicinasinc.com\/pl\/wp-content\/uploads\/sites\/13\/2022\/02\/Buy-JWH-018-Chemical.jpg","width":593,"height":400},{"@type":"BreadcrumbList","@id":"https:\/\/medicinasinc.com\/pl\/product\/kup-jwh-018-chemiczny\/#breadcrumb","itemListElement":[{"@type":"ListItem","position":1,"name":"Sklep","item":"https:\/\/medicinasinc.com\/pl\/sklep\/"},{"@type":"ListItem","position":2,"name":"Kup JWH-018 Chemical"}]},{"@type":"WebSite","@id":"https:\/\/medicinasinc.com\/pl\/#website","url":"https:\/\/medicinasinc.com\/pl\/","name":"Medicinas Inc","description":"Health Medical Clinic","potentialAction":[{"@type":"SearchAction","target":{"@type":"EntryPoint","urlTemplate":"https:\/\/medicinasinc.com\/pl\/?s={search_term_string}"},"query-input":{"@type":"PropertyValueSpecification","valueRequired":true,"valueName":"search_term_string"}}],"inLanguage":"en-US"}]}},"_links":{"self":[{"href":"https:\/\/medicinasinc.com\/pl\/wp-json\/wp\/v2\/product\/5548","targetHints":{"allow":["GET"]}}],"collection":[{"href":"https:\/\/medicinasinc.com\/pl\/wp-json\/wp\/v2\/product"}],"about":[{"href":"https:\/\/medicinasinc.com\/pl\/wp-json\/wp\/v2\/types\/product"}],"replies":[{"embeddable":true,"href":"https:\/\/medicinasinc.com\/pl\/wp-json\/wp\/v2\/comments?post=5548"}],"wp:featuredmedia":[{"embeddable":true,"href":"https:\/\/medicinasinc.com\/pl\/wp-json\/wp\/v2\/media\/5558"}],"wp:attachment":[{"href":"https:\/\/medicinasinc.com\/pl\/wp-json\/wp\/v2\/media?parent=5548"}],"wp:term":[{"taxonomy":"product_brand","embeddable":true,"href":"https:\/\/medicinasinc.com\/pl\/wp-json\/wp\/v2\/product_brand?post=5548"},{"taxonomy":"product_cat","embeddable":true,"href":"https:\/\/medicinasinc.com\/pl\/wp-json\/wp\/v2\/product_cat?post=5548"},{"taxonomy":"product_tag","embeddable":true,"href":"https:\/\/medicinasinc.com\/pl\/wp-json\/wp\/v2\/product_tag?post=5548"}],"curies":[{"name":"wp","href":"https:\/\/api.w.org\/{rel}","templated":true}]}}