{"id":5547,"date":"2022-02-22T01:30:48","date_gmt":"2022-02-22T01:30:48","guid":{"rendered":"https:\/\/medicinasinc.com\/pl\/?post_type=product&#038;p=5547"},"modified":"2022-03-22T00:53:24","modified_gmt":"2022-03-22T00:53:24","slug":"kup-jwh-200-chemiczny","status":"publish","type":"product","link":"https:\/\/medicinasinc.com\/pl\/product\/kup-jwh-200-chemiczny\/","title":{"rendered":"Kup JWH-200 Chemical"},"content":{"rendered":"<p>Zapytaj o zakup chemicznego JWH-200<\/p>\n<p>W rodzinie naftoiloindol\u00f3w AM-678 (1-pentylo-3-(1-naftoilo)indol) jest \u015brodkiem przeciwb\u00f3lowym, kt\u00f3ry jest ca\u0142kowitym agonist\u0105 zar\u00f3wno receptory kannabinoidowe CB1, jak i CB2, z niewielk\u0105 preferencj\u0105 dla receptora CB2. Jest stosowany w syntetycznych produktach konopnych sprzedawanych legalnie jako \u201emieszanki kadzide\u0142\u201d w niekt\u00f3rych krajach, poniewa\u017c ma dzia\u0142anie na zwierz\u0119ta por\u00f3wnywalne z dzia\u0142aniem tetrahydrokannabinolu (THC), kannabinoidu naturalnie wyst\u0119puj\u0105cego w konopiach indyjskich. Chemikalia badawcze JWH-200<\/p>\n<p>U\u017cywaj\u0105c szczur\u00f3w rasy Wistar, kt\u00f3rym podano ekstrakt etanolowy zawieraj\u0105cy JWH-200, zbadano aktywno\u015b\u0107 metaboliczn\u0105 leku. Nast\u0119pnie przeprowadzono ekstrakcj\u0119 metabolit\u00f3w JWH-200 z 24-godzinnych pr\u00f3bek moczu z wykorzystaniem zar\u00f3wno ciek\u0142ej, jak i sta\u0142ej fazy separacji. Wyekstrahowane chemikalia oddzielono i zidentyfikowano za pomoc\u0105 GC-MS. G\u0142\u00f3wnym sygna\u0142em by\u0142y hydroksylowane N-dealkilowane metabolity, a nie JWH-200 lub jego N-dealkilowany metabolit. Obserwowane przesuni\u0119cie masy sugeruje, \u017ce grupy hydroksylowe naftalenu i indolu w cz\u0105steczce prawdopodobnie ulegn\u0105 hydroksylacji. Hydroksylowane metabolity by\u0142y powszechnie skoniugowane z glukuronidem u ludzi, chocia\u017c pier\u015bcie\u0144 indolowy i pentylowy \u0142a\u0144cuch boczny by\u0142y g\u0142\u00f3wnymi miejscami metabolizmu.<\/p>\n<p>Badania chemicznego wykorzystania JWH-200<\/p>\n<p>Po\u017cywki zg\u0142osi\u0142 co najmniej jeden przypadek uzale\u017cnienia od JWH-200. Przez osiem miesi\u0119cy u\u017cytkownik codziennie pi\u0142 JWH-018. W por\u00f3wnaniu ze skutkami uzale\u017cnienia od konopi, objawy odstawienia by\u0142y tutaj bardziej nasilone. Po leczeniu wykazano, \u017ce JWH-200 generuje znacz\u0105ce zmiany w g\u0119sto\u015bci receptora CB1. Mniej szybko ni\u017c por\u00f3wnywalne kannabinoidy powoduje tolerancj\u0119 na swoje dzia\u0142anie.<\/p>\n","protected":false},"excerpt":{"rendered":"<div class=\"woocommerce-product-details__short-description\">\n<p>Kup przez Internet proszek chemiczny JWH-200 na sprzeda\u017c w Wielkiej Brytanii i Europie. (1-(2-morfolin-4-yloetylo)indol-3-ilo)-naftalen-1-ylometanon to inna nazwa. Przyjd\u017a i kup teraz!. Mamy najlepsz\u0105 dyskretn\u0105 metod\u0119 pakowania i wysy\u0142ki.<\/p>\n<\/p><\/div>\n","protected":false},"featured_media":5556,"comment_status":"open","ping_status":"closed","template":"","meta":[],"product_brand":[],"product_cat":[2014],"product_tag":[3030,3044,3037,3049,3033,3034,3035,3036,3038,3039,3041,3045,3042,3046,3047,3032,3048,3031,3029,3043,3040],"class_list":{"0":"post-5547","1":"product","2":"type-product","3":"status-publish","4":"has-post-thumbnail","6":"product_cat-kup-badania-chemikalia","7":"product_tag-buy-jwh-200-chemical","8":"product_tag-jwh-200-sprzeda-c5-bc","9":"product_tag-jwh-200-efekt","10":"product_tag-gdzie-zamowic-jwh-200-badania-chemiczne","11":"product_tag-how-to-order-jwh-200-online","12":"product_tag-jwh-018","13":"product_tag-jwh-073","14":"product_tag-jwh-200-buy","15":"product_tag-jwh-200-efekty","16":"product_tag-jwh-200-na-sprzeda","17":"product_tag-jwh-200-reddit","18":"product_tag-jwh-200-sprzedaj","19":"product_tag-jwh-200-detaliczny","20":"product_tag-jwh-200-wholesale","21":"product_tag-jwh-250","22":"product_tag-kup-jwh-200-badania-chemikalia","23":"product_tag-zakup-jwh-200-badania-chemikalia","24":"product_tag-kup-jwh-200-online","25":"product_tag-przed-poudniem-2233","26":"product_tag-jwh-200-recenzja","27":"product_tag-jwh-200-zam-c3-b3wienie","29":"first","30":"instock","31":"shipping-taxable","32":"purchasable","33":"product-type-variable","34":"has-default-attributes"},"yoast_head":"<!-- This site is optimized with the Yoast SEO plugin v27.3 - https:\/\/yoast.com\/product\/yoast-seo-wordpress\/ -->\n<title>Kup JWH-200 Chemical - JWH-200 Chemical - Najlepsze globalne leki<\/title>\n<meta name=\"description\" content=\"Kup proszek chemiczny JWH-200 na sprzeda\u017c w Wielkiej Brytanii, Europie przez Internet. (1-(2-morfolin-4-yloetylo)indol-3-ilo)-naftalen-1-ylometanon to inna nazwa. Przyjd\u017a i kup teraz!. Mamy najlepsz\u0105 dyskretn\u0105 metod\u0119 pakowania i wysy\u0142ki.\" \/>\n<meta name=\"robots\" content=\"index, follow, max-snippet:-1, max-image-preview:large, max-video-preview:-1\" \/>\n<link rel=\"canonical\" href=\"https:\/\/medicinasinc.com\/pl\/product\/kup-jwh-200-chemiczny\/\" \/>\n<meta property=\"og:locale\" content=\"en_US\" \/>\n<meta property=\"og:type\" content=\"article\" \/>\n<meta property=\"og:title\" content=\"Kup JWH-200 Chemical - JWH-200 Chemical - Najlepsze globalne leki\" \/>\n<meta property=\"og:description\" content=\"Kup proszek chemiczny JWH-200 na sprzeda\u017c w Wielkiej Brytanii, Europie przez Internet. (1-(2-morfolin-4-yloetylo)indol-3-ilo)-naftalen-1-ylometanon to inna nazwa. Przyjd\u017a i kup teraz!. Mamy najlepsz\u0105 dyskretn\u0105 metod\u0119 pakowania i wysy\u0142ki.\" \/>\n<meta property=\"og:url\" content=\"https:\/\/medicinasinc.com\/pl\/product\/kup-jwh-200-chemiczny\/\" \/>\n<meta property=\"og:site_name\" content=\"Medicinas Inc\" \/>\n<meta property=\"article:modified_time\" content=\"2022-03-22T00:53:24+00:00\" \/>\n<meta property=\"og:image\" content=\"https:\/\/medicinasinc.com\/pl\/wp-content\/uploads\/sites\/13\/2022\/02\/Buy-JWH-200-Chemical.jpg\" \/>\n\t<meta property=\"og:image:width\" content=\"458\" \/>\n\t<meta property=\"og:image:height\" content=\"458\" \/>\n\t<meta property=\"og:image:type\" content=\"image\/jpeg\" \/>\n<meta name=\"twitter:card\" content=\"summary_large_image\" \/>\n<meta name=\"twitter:label1\" content=\"Est. reading time\" \/>\n\t<meta name=\"twitter:data1\" content=\"2 minutes\" \/>\n<script type=\"application\/ld+json\" class=\"yoast-schema-graph\">{\"@context\":\"https:\\\/\\\/schema.org\",\"@graph\":[{\"@type\":\"WebPage\",\"@id\":\"https:\\\/\\\/medicinasinc.com\\\/pl\\\/product\\\/kup-jwh-200-chemiczny\\\/\",\"url\":\"https:\\\/\\\/medicinasinc.com\\\/pl\\\/product\\\/kup-jwh-200-chemiczny\\\/\",\"name\":\"Kup JWH-200 Chemical - JWH-200 Chemical - Najlepsze globalne leki\",\"isPartOf\":{\"@id\":\"https:\\\/\\\/medicinasinc.com\\\/pl\\\/#website\"},\"primaryImageOfPage\":{\"@id\":\"https:\\\/\\\/medicinasinc.com\\\/pl\\\/product\\\/kup-jwh-200-chemiczny\\\/#primaryimage\"},\"image\":{\"@id\":\"https:\\\/\\\/medicinasinc.com\\\/pl\\\/product\\\/kup-jwh-200-chemiczny\\\/#primaryimage\"},\"thumbnailUrl\":\"https:\\\/\\\/medicinasinc.com\\\/pl\\\/wp-content\\\/uploads\\\/sites\\\/13\\\/2022\\\/02\\\/Buy-JWH-200-Chemical.jpg\",\"datePublished\":\"2022-02-22T01:30:48+00:00\",\"dateModified\":\"2022-03-22T00:53:24+00:00\",\"description\":\"Kup proszek chemiczny JWH-200 na sprzeda\u017c w Wielkiej Brytanii, Europie przez Internet. (1-(2-morfolin-4-yloetylo)indol-3-ilo)-naftalen-1-ylometanon to inna nazwa. Przyjd\u017a i kup teraz!. Mamy najlepsz\u0105 dyskretn\u0105 metod\u0119 pakowania i wysy\u0142ki.\",\"breadcrumb\":{\"@id\":\"https:\\\/\\\/medicinasinc.com\\\/pl\\\/product\\\/kup-jwh-200-chemiczny\\\/#breadcrumb\"},\"inLanguage\":\"en-US\",\"potentialAction\":[{\"@type\":\"ReadAction\",\"target\":[\"https:\\\/\\\/medicinasinc.com\\\/pl\\\/product\\\/kup-jwh-200-chemiczny\\\/\"]}]},{\"@type\":\"ImageObject\",\"inLanguage\":\"en-US\",\"@id\":\"https:\\\/\\\/medicinasinc.com\\\/pl\\\/product\\\/kup-jwh-200-chemiczny\\\/#primaryimage\",\"url\":\"https:\\\/\\\/medicinasinc.com\\\/pl\\\/wp-content\\\/uploads\\\/sites\\\/13\\\/2022\\\/02\\\/Buy-JWH-200-Chemical.jpg\",\"contentUrl\":\"https:\\\/\\\/medicinasinc.com\\\/pl\\\/wp-content\\\/uploads\\\/sites\\\/13\\\/2022\\\/02\\\/Buy-JWH-200-Chemical.jpg\",\"width\":458,\"height\":458},{\"@type\":\"BreadcrumbList\",\"@id\":\"https:\\\/\\\/medicinasinc.com\\\/pl\\\/product\\\/kup-jwh-200-chemiczny\\\/#breadcrumb\",\"itemListElement\":[{\"@type\":\"ListItem\",\"position\":1,\"name\":\"Sklep\",\"item\":\"https:\\\/\\\/medicinasinc.com\\\/pl\\\/sklep\\\/\"},{\"@type\":\"ListItem\",\"position\":2,\"name\":\"Kup JWH-200 Chemical\"}]},{\"@type\":\"WebSite\",\"@id\":\"https:\\\/\\\/medicinasinc.com\\\/pl\\\/#website\",\"url\":\"https:\\\/\\\/medicinasinc.com\\\/pl\\\/\",\"name\":\"Medicinas Inc\",\"description\":\"Health Medical Clinic\",\"potentialAction\":[{\"@type\":\"SearchAction\",\"target\":{\"@type\":\"EntryPoint\",\"urlTemplate\":\"https:\\\/\\\/medicinasinc.com\\\/pl\\\/?s={search_term_string}\"},\"query-input\":{\"@type\":\"PropertyValueSpecification\",\"valueRequired\":true,\"valueName\":\"search_term_string\"}}],\"inLanguage\":\"en-US\"}]}<\/script>\n<!-- \/ Yoast SEO plugin. -->","yoast_head_json":{"title":"Kup JWH-200 Chemical - JWH-200 Chemical - Najlepsze globalne leki","description":"Kup proszek chemiczny JWH-200 na sprzeda\u017c w Wielkiej Brytanii, Europie przez Internet. (1-(2-morfolin-4-yloetylo)indol-3-ilo)-naftalen-1-ylometanon to inna nazwa. Przyjd\u017a i kup teraz!. Mamy najlepsz\u0105 dyskretn\u0105 metod\u0119 pakowania i wysy\u0142ki.","robots":{"index":"index","follow":"follow","max-snippet":"max-snippet:-1","max-image-preview":"max-image-preview:large","max-video-preview":"max-video-preview:-1"},"canonical":"https:\/\/medicinasinc.com\/pl\/product\/kup-jwh-200-chemiczny\/","og_locale":"en_US","og_type":"article","og_title":"Kup JWH-200 Chemical - JWH-200 Chemical - Najlepsze globalne leki","og_description":"Kup proszek chemiczny JWH-200 na sprzeda\u017c w Wielkiej Brytanii, Europie przez Internet. (1-(2-morfolin-4-yloetylo)indol-3-ilo)-naftalen-1-ylometanon to inna nazwa. Przyjd\u017a i kup teraz!. Mamy najlepsz\u0105 dyskretn\u0105 metod\u0119 pakowania i wysy\u0142ki.","og_url":"https:\/\/medicinasinc.com\/pl\/product\/kup-jwh-200-chemiczny\/","og_site_name":"Medicinas Inc","article_modified_time":"2022-03-22T00:53:24+00:00","og_image":[{"width":458,"height":458,"url":"https:\/\/medicinasinc.com\/pl\/wp-content\/uploads\/sites\/13\/2022\/02\/Buy-JWH-200-Chemical.jpg","type":"image\/jpeg"}],"twitter_card":"summary_large_image","twitter_misc":{"Est. reading time":"2 minutes"},"schema":{"@context":"https:\/\/schema.org","@graph":[{"@type":"WebPage","@id":"https:\/\/medicinasinc.com\/pl\/product\/kup-jwh-200-chemiczny\/","url":"https:\/\/medicinasinc.com\/pl\/product\/kup-jwh-200-chemiczny\/","name":"Kup JWH-200 Chemical - JWH-200 Chemical - Najlepsze globalne leki","isPartOf":{"@id":"https:\/\/medicinasinc.com\/pl\/#website"},"primaryImageOfPage":{"@id":"https:\/\/medicinasinc.com\/pl\/product\/kup-jwh-200-chemiczny\/#primaryimage"},"image":{"@id":"https:\/\/medicinasinc.com\/pl\/product\/kup-jwh-200-chemiczny\/#primaryimage"},"thumbnailUrl":"https:\/\/medicinasinc.com\/pl\/wp-content\/uploads\/sites\/13\/2022\/02\/Buy-JWH-200-Chemical.jpg","datePublished":"2022-02-22T01:30:48+00:00","dateModified":"2022-03-22T00:53:24+00:00","description":"Kup proszek chemiczny JWH-200 na sprzeda\u017c w Wielkiej Brytanii, Europie przez Internet. (1-(2-morfolin-4-yloetylo)indol-3-ilo)-naftalen-1-ylometanon to inna nazwa. Przyjd\u017a i kup teraz!. Mamy najlepsz\u0105 dyskretn\u0105 metod\u0119 pakowania i wysy\u0142ki.","breadcrumb":{"@id":"https:\/\/medicinasinc.com\/pl\/product\/kup-jwh-200-chemiczny\/#breadcrumb"},"inLanguage":"en-US","potentialAction":[{"@type":"ReadAction","target":["https:\/\/medicinasinc.com\/pl\/product\/kup-jwh-200-chemiczny\/"]}]},{"@type":"ImageObject","inLanguage":"en-US","@id":"https:\/\/medicinasinc.com\/pl\/product\/kup-jwh-200-chemiczny\/#primaryimage","url":"https:\/\/medicinasinc.com\/pl\/wp-content\/uploads\/sites\/13\/2022\/02\/Buy-JWH-200-Chemical.jpg","contentUrl":"https:\/\/medicinasinc.com\/pl\/wp-content\/uploads\/sites\/13\/2022\/02\/Buy-JWH-200-Chemical.jpg","width":458,"height":458},{"@type":"BreadcrumbList","@id":"https:\/\/medicinasinc.com\/pl\/product\/kup-jwh-200-chemiczny\/#breadcrumb","itemListElement":[{"@type":"ListItem","position":1,"name":"Sklep","item":"https:\/\/medicinasinc.com\/pl\/sklep\/"},{"@type":"ListItem","position":2,"name":"Kup JWH-200 Chemical"}]},{"@type":"WebSite","@id":"https:\/\/medicinasinc.com\/pl\/#website","url":"https:\/\/medicinasinc.com\/pl\/","name":"Medicinas Inc","description":"Health Medical Clinic","potentialAction":[{"@type":"SearchAction","target":{"@type":"EntryPoint","urlTemplate":"https:\/\/medicinasinc.com\/pl\/?s={search_term_string}"},"query-input":{"@type":"PropertyValueSpecification","valueRequired":true,"valueName":"search_term_string"}}],"inLanguage":"en-US"}]}},"_links":{"self":[{"href":"https:\/\/medicinasinc.com\/pl\/wp-json\/wp\/v2\/product\/5547","targetHints":{"allow":["GET"]}}],"collection":[{"href":"https:\/\/medicinasinc.com\/pl\/wp-json\/wp\/v2\/product"}],"about":[{"href":"https:\/\/medicinasinc.com\/pl\/wp-json\/wp\/v2\/types\/product"}],"replies":[{"embeddable":true,"href":"https:\/\/medicinasinc.com\/pl\/wp-json\/wp\/v2\/comments?post=5547"}],"wp:featuredmedia":[{"embeddable":true,"href":"https:\/\/medicinasinc.com\/pl\/wp-json\/wp\/v2\/media\/5556"}],"wp:attachment":[{"href":"https:\/\/medicinasinc.com\/pl\/wp-json\/wp\/v2\/media?parent=5547"}],"wp:term":[{"taxonomy":"product_brand","embeddable":true,"href":"https:\/\/medicinasinc.com\/pl\/wp-json\/wp\/v2\/product_brand?post=5547"},{"taxonomy":"product_cat","embeddable":true,"href":"https:\/\/medicinasinc.com\/pl\/wp-json\/wp\/v2\/product_cat?post=5547"},{"taxonomy":"product_tag","embeddable":true,"href":"https:\/\/medicinasinc.com\/pl\/wp-json\/wp\/v2\/product_tag?post=5547"}],"curies":[{"name":"wp","href":"https:\/\/api.w.org\/{rel}","templated":true}]}}